{"id":2638,"date":"2017-12-30T21:04:05","date_gmt":"2017-12-30T21:04:05","guid":{"rendered":"http:\/\/biblian.is\/biblian\/postulasagan-3-kafli\/"},"modified":"2019-08-26T23:22:27","modified_gmt":"2019-08-26T23:22:27","slug":"postulasagan-3-kafli","status":"publish","type":"page","link":"https:\/\/biblian.is\/biblian\/postulasagan-3-kafli\/","title":{"rendered":"Postulasagan 3. kafli"},"content":{"rendered":"<h3 class=\"millifyrirsogn_2007\"> Vi\u00f0 F\u00f6grudyr<\/h3>\n<p><a name=\"1\"><span class=\"versanumer_2007\">1<\/span><\/a> P\u00e9tur og J\u00f3hannes gengu upp \u00ed helgid\u00f3minn til s\u00ed\u00f0degisb\u00e6na. <a name=\"2\"><span class=\"versanumer_2007\">2<\/span><\/a> \u00de\u00e1 var \u00feanga\u00f0 borinn ma\u00f0ur, lami fr\u00e1 m\u00f3\u00f0url\u00edfi, er dag hvern var settur vi\u00f0 \u00fe\u00e6r dyr helgid\u00f3msins sem nefndar eru F\u00f6grudyr til a\u00f0 bei\u00f0ast \u00f6lmusu af \u00feeim er inn gengu \u00ed helgid\u00f3minn. <a name=\"3\"><span class=\"versanumer_2007\">3<\/span><\/a> Er hann s\u00e1 \u00fe\u00e1 P\u00e9tur og J\u00f3hannes \u00e1 lei\u00f0 inn \u00ed helgid\u00f3minn ba\u00f0st hann \u00f6lmusu. <a name=\"4\"><span class=\"versanumer_2007\">4<\/span><\/a> \u00deeir horf\u00f0u fast \u00e1 hann og P\u00e9tur sag\u00f0i: \u201eL\u00edt \u00fe\u00fa \u00e1 okkur.\u201c <a name=\"5\"><span class=\"versanumer_2007\">5<\/span><\/a> Hann star\u00f0i \u00e1 \u00fe\u00e1 \u00ed von um a\u00f0 f\u00e1 eitthva\u00f0 hj\u00e1 \u00feeim. <a name=\"6\"><span class=\"versanumer_2007\">6<\/span><\/a> P\u00e9tur sag\u00f0i: \u201eSilfur og gull \u00e1 \u00e9g ekki en \u00fea\u00f0 sem \u00e9g hef, \u00fea\u00f0 gef \u00e9g \u00fe\u00e9r: \u00cd nafni Jes\u00fa Krists fr\u00e1 Nasaret, statt upp og gakk!\u201c <a name=\"7\"><span class=\"versanumer_2007\">7<\/span><\/a> Og hann t\u00f3k \u00ed h\u00e6gri h\u00f6nd honum og reisti hann upp. Jafnskj\u00f3tt ur\u00f0u f\u00e6tur hans og \u00f6kklar styrkir, <a name=\"8\"><span class=\"versanumer_2007\">8<\/span><\/a> hann spratt upp, st\u00f3\u00f0 \u00ed f\u00e6tur og t\u00f3k a\u00f0 ganga. Hann f\u00f3r inn me\u00f0 \u00feeim \u00ed helgid\u00f3minn, gekk um og st\u00f6kk og lofa\u00f0i Gu\u00f0. <a name=\"9\"><span class=\"versanumer_2007\">9<\/span><\/a> Allt f\u00f3lki\u00f0 s\u00e1 hann ganga um og lofa Gu\u00f0. <a name=\"10\"><span class=\"versanumer_2007\">10<\/span><\/a> Menn k\u00f6nnu\u00f0ust vi\u00f0 a\u00f0 hann var s\u00e1 er haf\u00f0i seti\u00f0 fyrir F\u00f6grudyrum helgid\u00f3msins til a\u00f0 bei\u00f0ast \u00f6lmusu. Ur\u00f0u \u00feeir fur\u00f0u lostnir og fr\u00e1 s\u00e9r numdir af \u00fev\u00ed sem fram vi\u00f0 hann haf\u00f0i komi\u00f0. <\/p>\n<h3 class=\"millifyrirsogn_2007\">P\u00e9tur talar<\/h3>\n<p><a name=\"11\"><span class=\"versanumer_2007\">11<\/span><\/a> Ma\u00f0urinn h\u00e9lt s\u00e9r a\u00f0 P\u00e9tri og J\u00f3hannesi og \u00fe\u00e1 flykktist allt f\u00f3lki\u00f0 fur\u00f0u losti\u00f0 til \u00feeirra \u00ed s\u00falnag\u00f6ngin sem kennd eru vi\u00f0 Sal\u00f3mon. <a name=\"12\"><span class=\"versanumer_2007\">12<\/span><\/a> \u00deegar P\u00e9tur s\u00e1 \u00fea\u00f0 \u00e1varpa\u00f0i hann f\u00f3lki\u00f0: \u201e\u00cdsraelsmenn, hv\u00ed fur\u00f0ar ykkur \u00e1 \u00feessu e\u00f0a hv\u00ed stari\u00f0 \u00fei\u00f0 \u00e1 okkur eins og vi\u00f0 hef\u00f0um af eigin m\u00e6tti e\u00f0a gu\u00f0r\u00e6kni komi\u00f0 \u00fev\u00ed til lei\u00f0ar a\u00f0 \u00feessi ma\u00f0ur gengur? <a name=\"13\"><span class=\"versanumer_2007\">13<\/span><\/a> Gu\u00f0 forfe\u00f0ra vorra, Gu\u00f0 Abrahams, \u00cdsaks og Jakobs, hefur gert \u00fej\u00f3n sinn, Jes\u00fa, d\u00fdrlegan, sama Jes\u00fa sem \u00fei\u00f0 framseldu\u00f0 og afneitu\u00f0u\u00f0 frammi fyrir P\u00edlatusi er hann haf\u00f0i \u00e1lykta\u00f0 a\u00f0 l\u00e1ta hann lausan. <a name=\"14\"><span class=\"versanumer_2007\">14<\/span><\/a> \u00dei\u00f0 afneitu\u00f0u\u00f0 hinum heilaga og r\u00e9ttl\u00e1ta en beiddust a\u00f0 manndr\u00e1pari yr\u00f0i ykkur gefinn. <a name=\"15\"><span class=\"versanumer_2007\">15<\/span><\/a> \u00dei\u00f0 l\u00edfl\u00e9tu\u00f0 h\u00f6f\u00f0ingja l\u00edfsins en Gu\u00f0 uppvakti hann fr\u00e1 dau\u00f0um og a\u00f0 \u00fev\u00ed erum vi\u00f0 vottar. <a name=\"16\"><span class=\"versanumer_2007\">16<\/span><\/a> Tr\u00fain \u00e1 nafn Jes\u00fa ger\u00f0i \u00feennan mann, sem \u00fei\u00f0 sj\u00e1i\u00f0 og \u00feekki\u00f0, styrkan. Nafn hans og tr\u00fain, sem hann gefur, veitti manninum \u00feennan albata fyrir augum ykkar allra. <br \/> <a name=\"17\"><span class=\"versanumer_2007\">17<\/span><\/a> N\u00fa veit \u00e9g, systkin,<span class=\"nedan_mal\" title=\" Or\u00f0r\u00e9tt: br\u00e6\u00f0ur.\">[<\/span> a\u00f0 \u00fei\u00f0 ger\u00f0u\u00f0 \u00fea\u00f0 af van\u00feekkingu, sem og h\u00f6f\u00f0ingjar ykkar. <a name=\"18\"><span class=\"versanumer_2007\">18<\/span><\/a> En Gu\u00f0 l\u00e9t \u00feannig r\u00e6tast \u00fea\u00f0 sem hann haf\u00f0i l\u00e1ti\u00f0 alla sp\u00e1mennina bo\u00f0a, a\u00f0 Kristur hans skyldi l\u00ed\u00f0a. <a name=\"19\"><span class=\"versanumer_2007\">19<\/span><\/a> Taki\u00f0 \u00fev\u00ed sinnaskiptum og sn\u00fai\u00f0 ykkur til Gu\u00f0s svo a\u00f0 hann afm\u00e1i syndir ykkar. <a name=\"20\"><span class=\"versanumer_2007\">20<\/span><\/a> \u00de\u00e1 mun Drottinn l\u00e1ta upp renna endurl\u00edfgunart\u00edma og hann mun senda Krist sem ykkur er fyrirhuga\u00f0ur sem er Jes\u00fas. <a name=\"21\"><span class=\"versanumer_2007\">21<\/span><\/a> Hann \u00e1 a\u00f0 vera \u00ed himninum allt til \u00feess t\u00edma \u00feegar Gu\u00f0 endurreisir alla hluti eins og hann hefur fr\u00e1 alda \u00f6\u00f0li l\u00e1ti\u00f0 heilaga sp\u00e1menn s\u00edna bo\u00f0a. <a name=\"22\"><span class=\"versanumer_2007\">22<\/span><\/a> M\u00f3se sag\u00f0i: Sp\u00e1mann l\u00edkan m\u00e9r mun Drottinn, Gu\u00f0 ykkar, kalla fram \u00far h\u00f3pi br\u00e6\u00f0ra ykkar. \u00c1 hann skulu\u00f0 \u00fei\u00f0 hl\u00fd\u00f0a \u00ed \u00f6llu er hann talar til ykkar. <a name=\"23\"><span class=\"versanumer_2007\">23<\/span><\/a> Og s\u00e9rhver s\u00e1 sem hl\u00fd\u00f0ir ekki \u00e1 \u00feennan sp\u00e1mann skal uppr\u00e6ttur ver\u00f0a \u00far samf\u00e9lagi Gu\u00f0s. <a name=\"24\"><span class=\"versanumer_2007\">24<\/span><\/a> Allir sp\u00e1mennirnir, Sam\u00fael og \u00feeir sem \u00e1 eftir komu, allir \u00feeir sem tala\u00f0 hafa, bo\u00f0u\u00f0u og \u00feessa daga. <a name=\"25\"><span class=\"versanumer_2007\">25<\/span><\/a> \u00dei\u00f0 eru\u00f0 b\u00f6rn sp\u00e1mannanna og eigi\u00f0 hlut \u00ed s\u00e1ttm\u00e1lanum sem Gu\u00f0 ger\u00f0i vi\u00f0 forfe\u00f0ur ykkar er hann sag\u00f0i vi\u00f0 Abraham: Af \u00fe\u00ednu afkv\u00e6mi skulu allar \u00e6ttkv\u00edslir jar\u00f0arinnar blessun hlj\u00f3ta. <a name=\"26\"><span class=\"versanumer_2007\">26<\/span><\/a> Gu\u00f0 hefur reist upp \u00fej\u00f3n sinn og sent hann fyrst til ykkar til a\u00f0 blessa ykkur og sn\u00faa hverju ykkar fr\u00e1 vondri breytni sinni.\u201c <\/p>\n","protected":false},"excerpt":{"rendered":"<p>Vi\u00f0 F\u00f6grudyr 1 P\u00e9tur og J\u00f3hannes gengu upp \u00ed helgid\u00f3minn til s\u00ed\u00f0degisb\u00e6na. 2 \u00de\u00e1 var \u00feanga\u00f0 borinn ma\u00f0ur, lami fr\u00e1 m\u00f3\u00f0url\u00edfi, er dag hvern var settur vi\u00f0 \u00fe\u00e6r dyr helgid\u00f3msins sem nefndar eru F\u00f6grudyr til a\u00f0 bei\u00f0ast \u00f6lmusu af \u00feeim er inn gengu \u00ed helgid\u00f3minn. 3 Er hann s\u00e1 \u00fe\u00e1 P\u00e9tur og J\u00f3hannes \u00e1 lei\u00f0 inn \u00ed helgid\u00f3minn ba\u00f0st hann \u00f6lmusu. 4 \u00deeir horf\u00f0u fast \u00e1 hann og P\u00e9tur sag\u00f0i: \u201eL\u00edt \u00fe\u00fa \u00e1 okkur.\u201c 5 Hann star\u00f0i \u00e1 \u00fe\u00e1 \u00ed von um a\u00f0 f\u00e1 eitthva\u00f0 hj\u00e1 \u00feeim. 6 P\u00e9tur sag\u00f0i: \u201eSilfur og gull \u00e1 \u00e9g ekki en \u00fea\u00f0 sem \u00e9g <a href=\"https:\/\/biblian.is\/biblian\/postulasagan-3-kafli\/\"> [&#8230;]<\/a><\/p>\n","protected":false},"author":1,"featured_media":0,"parent":0,"menu_order":0,"comment_status":"open","ping_status":"open","template":"bibliukaflar_NT.php","meta":{"footnotes":""},"class_list":["post-2638","page","type-page","status-publish","hentry"],"_links":{"self":[{"href":"https:\/\/biblian.is\/biblian\/wp-json\/wp\/v2\/pages\/2638","targetHints":{"allow":["GET"]}}],"collection":[{"href":"https:\/\/biblian.is\/biblian\/wp-json\/wp\/v2\/pages"}],"about":[{"href":"https:\/\/biblian.is\/biblian\/wp-json\/wp\/v2\/types\/page"}],"author":[{"embeddable":true,"href":"https:\/\/biblian.is\/biblian\/wp-json\/wp\/v2\/users\/1"}],"replies":[{"embeddable":true,"href":"https:\/\/biblian.is\/biblian\/wp-json\/wp\/v2\/comments?post=2638"}],"version-history":[{"count":0,"href":"https:\/\/biblian.is\/biblian\/wp-json\/wp\/v2\/pages\/2638\/revisions"}],"wp:attachment":[{"href":"https:\/\/biblian.is\/biblian\/wp-json\/wp\/v2\/media?parent=2638"}],"curies":[{"name":"wp","href":"https:\/\/api.w.org\/{rel}","templated":true}]}}