{"id":2637,"date":"2017-12-30T21:04:01","date_gmt":"2017-12-30T21:04:01","guid":{"rendered":"http:\/\/biblian.is\/biblian\/postulasagan-2-kafli\/"},"modified":"2019-08-26T23:22:25","modified_gmt":"2019-08-26T23:22:25","slug":"postulasagan-2-kafli","status":"publish","type":"page","link":"https:\/\/biblian.is\/biblian\/postulasagan-2-kafli\/","title":{"rendered":"Postulasagan 2. kafli"},"content":{"rendered":"<h3 class=\"millifyrirsogn_2007\"> Gj\u00f6f heilags anda<\/h3>\n<p><a name=\"1\"><span class=\"versanumer_2007\">1<\/span><\/a> \u00de\u00e1 er upp var runninn hv\u00edtasunnudagur voru allir saman komnir \u00e1 einum sta\u00f0. <a name=\"2\"><span class=\"versanumer_2007\">2<\/span><\/a> Var\u00f0 \u00fe\u00e1 skyndilega gn\u00fdr af himni, eins og \u00f3ve\u00f0ur v\u00e6ri a\u00f0 skella \u00e1, og fyllti allt h\u00fasi\u00f0 \u00fear sem \u00feeir voru. <a name=\"3\"><span class=\"versanumer_2007\">3<\/span><\/a> \u00deeim birtust tungur, eins og af eldi v\u00e6ru, er kv\u00edslu\u00f0ust og settust \u00e1 hvert og eitt \u00feeirra. <a name=\"4\"><span class=\"versanumer_2007\">4<\/span><\/a> Allir fylltust heil\u00f6gum anda og t\u00f3ku a\u00f0 tala \u00f6\u00f0rum tungum, eins og andinn gaf \u00feeim a\u00f0 m\u00e6la. <br \/> <a name=\"5\"><span class=\"versanumer_2007\">5<\/span><\/a> \u00cd Jer\u00fasalem dv\u00f6ldust Gy\u00f0ingar, gu\u00f0r\u00e6knir menn, fr\u00e1 \u00f6llum l\u00f6ndum undir himninum. <a name=\"6\"><span class=\"versanumer_2007\">6<\/span><\/a> Er \u00feetta hlj\u00f3\u00f0 heyr\u00f0ist kom allur h\u00f3purinn saman. \u00deeim br\u00e1 mj\u00f6g vi\u00f0 \u00fev\u00ed a\u00f0 hver og einn heyr\u00f0i \u00fe\u00e1 m\u00e6la \u00e1 s\u00edna tungu. <a name=\"7\"><span class=\"versanumer_2007\">7<\/span><\/a> Menn voru fr\u00e1 s\u00e9r af undrun og s\u00f6g\u00f0u: \u201eEru \u00feetta ekki allt Gal\u00edleumenn sem h\u00e9r eru a\u00f0 tala? <a name=\"8\"><span class=\"versanumer_2007\">8<\/span><\/a> Hvernig m\u00e1 \u00fea\u00f0 vera a\u00f0 vi\u00f0, hvert og eitt, heyrum \u00fe\u00e1 tala okkar eigi\u00f0 m\u00f3\u00f0urm\u00e1l? <a name=\"9\"><span class=\"versanumer_2007\">9<\/span><\/a> Vi\u00f0 erum Partar, Medar og Elam\u00edtar, vi\u00f0 erum fr\u00e1 Mes\u00f3p\u00f3tam\u00edu, J\u00fadeu, Kappad\u00f3k\u00edu, Pontus og As\u00edu, <a name=\"10\"><span class=\"versanumer_2007\">10<\/span><\/a> fr\u00e1 Fr\u00fdg\u00edu og Pamf\u00fdl\u00edu, Egyptalandi og L\u00edb\u00fdubygg\u00f0um vi\u00f0 K\u00fdrene og vi\u00f0 sem hinga\u00f0 erum flutt fr\u00e1 R\u00f3m. <a name=\"11\"><span class=\"versanumer_2007\">11<\/span><\/a> H\u00e9r eru b\u00e6\u00f0i Gy\u00f0ingar og \u00feeir sem teki\u00f0 hafa tr\u00fa Gy\u00f0inga, Kr\u00edteyingar og Arabar. Vi\u00f0 heyrum \u00fe\u00e1 tala \u00e1 tungum okkar um st\u00f3rmerki Gu\u00f0s.\u201c <a name=\"12\"><span class=\"versanumer_2007\">12<\/span><\/a> Allir voru fur\u00f0u lostnir og r\u00e1\u00f0alausir og s\u00f6g\u00f0u hver vi\u00f0 annan: \u201eHva\u00f0 getur \u00feetta veri\u00f0?\u201c <br \/> <a name=\"13\"><span class=\"versanumer_2007\">13<\/span><\/a> En a\u00f0rir h\u00f6f\u00f0u a\u00f0 spotti og s\u00f6g\u00f0u: \u201eF\u00f3lki\u00f0 er drukki\u00f0 af s\u00e6tu v\u00edni.\u201c <\/p>\n<h3 class=\"millifyrirsogn_2007\">R\u00e6\u00f0a P\u00e9turs<\/h3>\n<p><a name=\"14\"><span class=\"versanumer_2007\">14<\/span><\/a> \u00de\u00e1 steig P\u00e9tur fram og \u00feeir ellefu og hann h\u00f3f upp raust s\u00edna og m\u00e6lti til \u00feeirra: \u201eGy\u00f0ingar og allir Jer\u00fasalemb\u00faar! \u00deetta skulu\u00f0 \u00fei\u00f0 vita. Lj\u00e1i\u00f0 eyru or\u00f0um m\u00ednum. <a name=\"15\"><span class=\"versanumer_2007\">15<\/span><\/a> Eigi eru \u00feessir menn drukknir eins og \u00fei\u00f0 \u00e6tli\u00f0 enda a\u00f0eins komin dagm\u00e1l.<span class=\"nedan_mal\" title=\" \u00deri\u00f0ja stund dags, \u00fe.e. kl. n\u00edu fyrir h\u00e1degi. \">[<\/span> <a name=\"16\"><span class=\"versanumer_2007\">16<\/span><\/a> H\u00e9r er a\u00f0 r\u00e6tast \u00fea\u00f0 sem sp\u00e1ma\u00f0urinn J\u00f3el segir: <br \/> <span class=\"ljodatexti\"> <a name=\"17\"><span class=\"versanumer_ljod\">17<\/span><\/a>\u00dea\u00f0 mun ver\u00f0a \u00e1 efstu d\u00f6gum, segir Gu\u00f0, <br \/>a\u00f0 \u00e9g mun \u00fathella anda m\u00ednum yfir alla menn. <br \/>Synir y\u00f0ar og d\u00e6tur munu sp\u00e1, <br \/>ungmenni y\u00f0ar munu sj\u00e1 s\u00fdnir <br \/>og aldra\u00f0a y\u00f0ar \u00e1 me\u00f0al mun drauma dreyma. <br \/> <\/span> <span class=\"ljodatexti\"> <a name=\"18\"><span class=\"versanumer_ljod\">18<\/span><\/a>Jafnvel yfir \u00fer\u00e6la m\u00edna og amb\u00e1ttir m\u00ednar <br \/>mun \u00e9g \u00e1 \u00feeim d\u00f6gum \u00fathella anda m\u00ednum, <br \/>og \u00feau munu sp\u00e1. <br \/> <\/span> <span class=\"ljodatexti\"> <a name=\"19\"><span class=\"versanumer_ljod\">19<\/span><\/a>Og \u00e9g mun l\u00e1ta undur ver\u00f0a \u00e1 himnum uppi <br \/>og t\u00e1kn \u00e1 j\u00f6r\u00f0u ni\u00f0ri, <br \/>bl\u00f3\u00f0, eld og reykjarm\u00f6kk. <br \/> <\/span> <span class=\"ljodatexti\"> <a name=\"20\"><span class=\"versanumer_ljod\">20<\/span><\/a>S\u00f3lin mun sn\u00faast \u00ed myrkur <br \/>og tungli\u00f0 \u00ed bl\u00f3\u00f0 <br \/>\u00e1\u00f0ur en dagur Drottins kemur, hinn mikli og d\u00fdrlegi.<br \/> <\/span> <span class=\"ljodatexti\"> <a name=\"21\"><span class=\"versanumer_ljod\">21<\/span><\/a>En hver s\u00e1 sem \u00e1kallar nafn Drottins mun frelsast. <\/span> <br \/> <a name=\"22\"><span class=\"versanumer_2007\">22<\/span><\/a> \u00cdsraelsmenn, heyri\u00f0 \u00feessi or\u00f0: Jes\u00fas fr\u00e1 Nasaret var ma\u00f0ur sem kom til ykkar fr\u00e1 Gu\u00f0i. Gu\u00f0 sanna\u00f0i ykkur \u00fea\u00f0 me\u00f0 \u00fev\u00ed a\u00f0 l\u00e1ta hann gera kraftaverk, undur og t\u00e1kn me\u00f0al ykkar eins og \u00fei\u00f0 viti\u00f0 sj\u00e1lfir. <a name=\"23\"><span class=\"versanumer_2007\">23<\/span><\/a> Hann fengu\u00f0 \u00fei\u00f0 framseldan eins og Gu\u00f0 vissi fyrir og felldi a\u00f0 \u00e1\u00e6tlun sinni og \u00fei\u00f0 l\u00e9tu\u00f0 l\u00f6gleysingja negla hann \u00e1 kross og taka af l\u00edfi. <a name=\"24\"><span class=\"versanumer_2007\">24<\/span><\/a> En Gu\u00f0 leysti hann \u00far dau\u00f0ans b\u00f6ndum og reisti hann upp, enda gat \u00fea\u00f0 aldrei or\u00f0i\u00f0 a\u00f0 dau\u00f0inn fengi haldi\u00f0 honum <a name=\"25\"><span class=\"versanumer_2007\">25<\/span><\/a> \u00fev\u00ed a\u00f0 Dav\u00ed\u00f0 segir um hann: <br \/> <span class=\"ljodatexti\"> \u00c1vallt haf\u00f0i \u00e9g Drottin fyrir augum m\u00e9r. <br \/>Hann er m\u00e9r til h\u00e6gri handar svo a\u00f0 m\u00e9r s\u00e9 borgi\u00f0. <br \/> <\/span> <span class=\"ljodatexti\"> <a name=\"26\"><span class=\"versanumer_ljod\">26<\/span><\/a> Fyrir \u00fev\u00ed gladdist hjarta mitt og tunga m\u00edn fagna\u00f0i. <br \/>Meira a\u00f0 segja mun l\u00edkami minn hv\u00edlast \u00ed von. <br \/> <\/span> <span class=\"ljodatexti\"> <a name=\"27\"><span class=\"versanumer_ljod\">27<\/span><\/a> \u00dev\u00ed a\u00f0 ekki munt \u00fe\u00fa skilja s\u00e1lu m\u00edna eftir \u00ed helju <br \/>og eigi l\u00e1ta \u00feinn heilaga ver\u00f0a rotnun a\u00f0 br\u00e1\u00f0. <br \/> <\/span> <span class=\"ljodatexti\"> <a name=\"28\"><span class=\"versanumer_ljod\">28<\/span><\/a> Kunna ger\u00f0ir \u00fe\u00fa m\u00e9r l\u00edfsins vegu<br \/>og n\u00e1vist \u00fe\u00edn fyllir mig f\u00f6gnu\u00f0i. <\/span> <br \/> <a name=\"29\"><span class=\"versanumer_2007\">29<\/span><\/a> Systkin,<span class=\"nedan_mal\" title=\" Or\u00f0r\u00e9tt: Br\u00e6\u00f0ur.\">[<\/span> \u00f3hika\u00f0 get \u00e9g tala\u00f0 vi\u00f0 ykkur um \u00e6ttf\u00f6\u00f0urinn Dav\u00ed\u00f0. Hann d\u00f3 og var grafinn og lei\u00f0i hans er til h\u00e9r allt til \u00feessa dags. <a name=\"30\"><span class=\"versanumer_2007\">30<\/span><\/a> En hann var sp\u00e1ma\u00f0ur og vissi a\u00f0 Gu\u00f0 haf\u00f0i me\u00f0 ei\u00f0i heiti\u00f0 honum a\u00f0 setja einhvern ni\u00f0ja hans \u00ed h\u00e1s\u00e6ti hans. <a name=\"31\"><span class=\"versanumer_2007\">31<\/span><\/a> \u00dev\u00ed var \u00fea\u00f0 upprisa Krists sem hann s\u00e1 fyrir \u00feegar hann sag\u00f0i:<br \/> <span class=\"ljodatexti\"> Ekki var\u00f0 hann eftir skilinn \u00ed helju <br \/>og ekki var\u00f0 l\u00edkami hans rotnun a\u00f0 br\u00e1\u00f0. <\/span> <br \/> <a name=\"32\"><span class=\"versanumer_2007\">32<\/span><\/a> \u00deennan Jes\u00fa reisti Gu\u00f0 upp og erum vi\u00f0 allir vottar \u00feess. <a name=\"33\"><span class=\"versanumer_2007\">33<\/span><\/a> N\u00fa er hann hafinn upp til h\u00e6gri handar Gu\u00f0s<span class=\"nedan_mal\" title=\" E\u00f0a: me\u00f0 Gu\u00f0s h\u00e6gri hendi.\">[<\/span> og hefur af f\u00f6\u00f0urnum teki\u00f0 vi\u00f0 heil\u00f6gum anda, sem fyrirheiti\u00f0 var, og \u00fathellt honum eins og \u00fei\u00f0 sj\u00e1i\u00f0 og heyri\u00f0. <a name=\"34\"><span class=\"versanumer_2007\">34<\/span><\/a> Ekki steig Dav\u00ed\u00f0 upp til himna en hann segir:<br \/> <span class=\"ljodatexti\"> Drottinn sag\u00f0i vi\u00f0 minn drottin: <br \/>Set \u00feig m\u00e9r til h\u00e6gri handar <br \/> <\/span> <span class=\"ljodatexti\"> <a name=\"35\"><span class=\"versanumer_ljod\">35<\/span><\/a> \u00feanga\u00f0 til \u00e9g geri \u00f3vini \u00fe\u00edna a\u00f0 f\u00f3tsk\u00f6r \u00feinni. <\/span> <br \/> <a name=\"36\"><span class=\"versanumer_2007\">36<\/span><\/a> Me\u00f0 \u00f6ruggri vissu viti \u00fe\u00e1 \u00f6ll \u00cdsraels \u00e6tt a\u00f0 \u00feennan Jes\u00fa, sem \u00fei\u00f0 krossfestu\u00f0, hefur Gu\u00f0 gert b\u00e6\u00f0i a\u00f0 Drottni og Kristi.\u201c <br \/> <a name=\"37\"><span class=\"versanumer_2007\">37<\/span><\/a> Er menn heyr\u00f0u \u00feetta var sem stungi\u00f0 v\u00e6ri \u00ed hj\u00f6rtu \u00feeirra og \u00feeir s\u00f6g\u00f0u vi\u00f0 P\u00e9tur og hina postulana: \u201eHva\u00f0 eigum vi\u00f0 a\u00f0 gera, br\u00e6\u00f0ur?\u201c <br \/> <a name=\"38\"><span class=\"versanumer_2007\">38<\/span><\/a> P\u00e9tur sag\u00f0i vi\u00f0 \u00fe\u00e1: \u201eTaki\u00f0 sinnaskiptum og l\u00e1ti\u00f0 sk\u00edrast \u00ed nafni Jes\u00fa Krists svo a\u00f0 \u00fei\u00f0 \u00f6\u00f0list fyrirgefningu syndanna og gj\u00f6f heilags anda. <a name=\"39\"><span class=\"versanumer_2007\">39<\/span><\/a> \u00dev\u00ed a\u00f0 ykkur er \u00e6tla\u00f0 fyrirheiti\u00f0, b\u00f6rnum ykkar og \u00f6llum \u00feeim sem \u00ed fjarl\u00e6g\u00f0 eru, \u00f6llum \u00feeim sem Drottinn Gu\u00f0 vor kallar til s\u00edn.\u201c <a name=\"40\"><span class=\"versanumer_2007\">40<\/span><\/a> Og me\u00f0 \u00f6\u00f0rum fleiri or\u00f0um br\u00fdndi hann \u00fe\u00e1 og hvatti og sag\u00f0i: \u201eL\u00e1ti\u00f0 frelsast fr\u00e1 \u00feessari rangsn\u00fanu kynsl\u00f3\u00f0.\u201c <a name=\"41\"><span class=\"versanumer_2007\">41<\/span><\/a> En \u00feau sem veittu or\u00f0i hans vi\u00f0t\u00f6ku t\u00f3ku sk\u00edrn og \u00feann dag b\u00e6ttust vi\u00f0 um \u00ferj\u00fa \u00fe\u00fasund s\u00e1lir. <a name=\"42\"><span class=\"versanumer_2007\">42<\/span><\/a> \u00deau r\u00e6ktu tr\u00falega uppfr\u00e6\u00f0slu postulanna og samf\u00e9lagi\u00f0, brotning brau\u00f0sins og b\u00e6nirnar. <\/p>\n<h3 class=\"millifyrirsogn_2007\">Samf\u00e9lag tr\u00faa\u00f0ra<\/h3>\n<p><a name=\"43\"><span class=\"versanumer_2007\">43<\/span><\/a> \u00d3tta setti a\u00f0 hverjum manni en m\u00f6rg undur og t\u00e1kn ger\u00f0ust fyrir hendur postulanna. <a name=\"44\"><span class=\"versanumer_2007\">44<\/span><\/a> Allir \u00feeir sem tr\u00fa\u00f0u h\u00e9ldu h\u00f3pinn og h\u00f6f\u00f0u allt sameiginlegt. <a name=\"45\"><span class=\"versanumer_2007\">45<\/span><\/a> Menn seldu eigur s\u00ednar og muni og skiptu me\u00f0al allra eftir \u00fev\u00ed sem hver haf\u00f0i \u00fe\u00f6rf \u00e1. <a name=\"46\"><span class=\"versanumer_2007\">46<\/span><\/a> Daglega komu menn saman me\u00f0 einum huga \u00ed helgid\u00f3minum, brutu brau\u00f0 \u00ed heimah\u00fasum, neyttu f\u00e6\u00f0u saman \u00ed f\u00f6gnu\u00f0i og einl\u00e6gni hjartans. <a name=\"47\"><span class=\"versanumer_2007\">47<\/span><\/a> \u00deeir lofu\u00f0u Gu\u00f0 og h\u00f6f\u00f0u vins\u00e6ldir af \u00f6llum. En Drottinn b\u00e6tti daglega vi\u00f0 \u00ed h\u00f3pinn \u00feeim er frelsast l\u00e9tu. <\/p>\n","protected":false},"excerpt":{"rendered":"<p>Gj\u00f6f heilags anda 1 \u00de\u00e1 er upp var runninn hv\u00edtasunnudagur voru allir saman komnir \u00e1 einum sta\u00f0. 2 Var\u00f0 \u00fe\u00e1 skyndilega gn\u00fdr af himni, eins og \u00f3ve\u00f0ur v\u00e6ri a\u00f0 skella \u00e1, og fyllti allt h\u00fasi\u00f0 \u00fear sem \u00feeir voru. 3 \u00deeim birtust tungur, eins og af eldi v\u00e6ru, er kv\u00edslu\u00f0ust og settust \u00e1 hvert og eitt \u00feeirra. 4 Allir fylltust heil\u00f6gum anda og t\u00f3ku a\u00f0 tala \u00f6\u00f0rum tungum, eins og andinn gaf \u00feeim a\u00f0 m\u00e6la. 5 \u00cd Jer\u00fasalem dv\u00f6ldust Gy\u00f0ingar, gu\u00f0r\u00e6knir menn, fr\u00e1 \u00f6llum l\u00f6ndum undir himninum. 6 Er \u00feetta hlj\u00f3\u00f0 heyr\u00f0ist kom allur h\u00f3purinn saman. \u00deeim br\u00e1 mj\u00f6g vi\u00f0 <a href=\"https:\/\/biblian.is\/biblian\/postulasagan-2-kafli\/\"> [&#8230;]<\/a><\/p>\n","protected":false},"author":1,"featured_media":0,"parent":0,"menu_order":0,"comment_status":"open","ping_status":"open","template":"bibliukaflar_NT.php","meta":{"footnotes":""},"class_list":["post-2637","page","type-page","status-publish","hentry"],"_links":{"self":[{"href":"https:\/\/biblian.is\/biblian\/wp-json\/wp\/v2\/pages\/2637","targetHints":{"allow":["GET"]}}],"collection":[{"href":"https:\/\/biblian.is\/biblian\/wp-json\/wp\/v2\/pages"}],"about":[{"href":"https:\/\/biblian.is\/biblian\/wp-json\/wp\/v2\/types\/page"}],"author":[{"embeddable":true,"href":"https:\/\/biblian.is\/biblian\/wp-json\/wp\/v2\/users\/1"}],"replies":[{"embeddable":true,"href":"https:\/\/biblian.is\/biblian\/wp-json\/wp\/v2\/comments?post=2637"}],"version-history":[{"count":0,"href":"https:\/\/biblian.is\/biblian\/wp-json\/wp\/v2\/pages\/2637\/revisions"}],"wp:attachment":[{"href":"https:\/\/biblian.is\/biblian\/wp-json\/wp\/v2\/media?parent=2637"}],"curies":[{"name":"wp","href":"https:\/\/api.w.org\/{rel}","templated":true}]}}