{"id":2636,"date":"2017-12-30T21:04:01","date_gmt":"2017-12-30T21:04:01","guid":{"rendered":"http:\/\/biblian.is\/biblian\/postulasagan-1-kafli\/"},"modified":"2019-08-26T23:22:20","modified_gmt":"2019-08-26T23:22:20","slug":"postulasagan-1-kafli","status":"publish","type":"page","link":"https:\/\/biblian.is\/biblian\/postulasagan-1-kafli\/","title":{"rendered":"Postulasagan 1. kafli"},"content":{"rendered":"<p><a name=\"1\"><span class=\"versanumer_2007\">1<\/span><\/a> Fyrri s\u00f6gu m\u00edna, \u00dee\u00f3f\u00edlus, samdi \u00e9g um allt sem Jes\u00fas ger\u00f0i og kenndi fr\u00e1 upphafi, <a name=\"2\"><span class=\"versanumer_2007\">2<\/span><\/a> allt til \u00feess dags er hann var\u00f0 upp numinn. \u00c1\u00f0ur haf\u00f0i hann gefi\u00f0 postulunum, sem hann haf\u00f0i vali\u00f0 me\u00f0 heil\u00f6gum anda, fyrirm\u00e6li s\u00edn. <a name=\"3\"><span class=\"versanumer_2007\">3<\/span><\/a> Hann birtist \u00feeim eftir dau\u00f0a sinn og s\u00fdndi \u00feeim me\u00f0 \u00f3r\u00e6kum s\u00f6nnunum a\u00f0 hann lif\u00f0i. Hann l\u00e9t \u00fe\u00e1 sj\u00e1 sig \u00ed fj\u00f6rut\u00edu daga og tala\u00f0i um Gu\u00f0s r\u00edki. <a name=\"4\"><span class=\"versanumer_2007\">4<\/span><\/a> Er Jes\u00fas neytti matar me\u00f0 \u00feeim bau\u00f0 hann \u00feeim a\u00f0 fara ekki burt \u00far Jer\u00fasalem heldur b\u00ed\u00f0a eftir \u00fev\u00ed sem fa\u00f0irinn gaf fyrirheit um \u201eog \u00fe\u00e9r hafi\u00f0 heyrt mig tala um. <a name=\"5\"><span class=\"versanumer_2007\">5<\/span><\/a> \u00dev\u00ed a\u00f0 J\u00f3hannes sk\u00edr\u00f0i me\u00f0 vatni en \u00fe\u00e9r skulu\u00f0 sk\u00edr\u00f0ir ver\u00f0a me\u00f0 heil\u00f6gum anda, n\u00fa innan f\u00e1rra daga.\u201c <\/p>\n<h3 class=\"millifyrirsogn_2007\">Upp numinn<\/h3>\n<p><a name=\"6\"><span class=\"versanumer_2007\">6<\/span><\/a> Me\u00f0an \u00feeir voru saman spur\u00f0u \u00feeir hann: \u201eDrottinn, \u00e6tlar \u00fe\u00fa \u00e1 \u00feessum t\u00edma a\u00f0 endurreisa r\u00edki\u00f0 handa \u00cdsrael?\u201c <br \/> <a name=\"7\"><span class=\"versanumer_2007\">7<\/span><\/a> Hann svara\u00f0i: \u201eEkki er \u00fea\u00f0 y\u00f0ar a\u00f0 vita t\u00edma e\u00f0a t\u00ed\u00f0ir sem fa\u00f0irinn hefur sj\u00e1lfur \u00e1kve\u00f0i\u00f0. <a name=\"8\"><span class=\"versanumer_2007\">8<\/span><\/a> En \u00fe\u00e9r munu\u00f0 \u00f6\u00f0last kraft er heilagur andi kemur yfir y\u00f0ur og \u00fe\u00e9r munu\u00f0 ver\u00f0a vottar m\u00ednir \u00ed Jer\u00fasalem og allri J\u00fadeu, \u00ed Samar\u00edu og allt til endimarka jar\u00f0arinnar.\u201c <a name=\"9\"><span class=\"versanumer_2007\">9<\/span><\/a> \u00deegar hann haf\u00f0i m\u00e6lt \u00feetta var\u00f0 hann upp numinn a\u00f0 \u00feeim \u00e1sj\u00e1andi og sk\u00fd huldi hann sj\u00f3num \u00feeirra. <br \/> <a name=\"10\"><span class=\"versanumer_2007\">10<\/span><\/a> Er \u00feeir st\u00f6r\u00f0u til himins \u00e1 eftir honum \u00feegar hann hvarf, \u00fe\u00e1 st\u00f3\u00f0u hj\u00e1 \u00feeim allt \u00ed einu tveir menn \u00ed hv\u00edtum kl\u00e6\u00f0um <a name=\"11\"><span class=\"versanumer_2007\">11<\/span><\/a> og s\u00f6g\u00f0u: \u201eGal\u00edleumenn, hv\u00ed standi\u00f0 \u00fe\u00e9r og horfi\u00f0 til himins? \u00deessi Jes\u00fas, sem var\u00f0 upp numinn fr\u00e1 y\u00f0ur til himins, mun koma \u00e1 sama h\u00e1tt og \u00fe\u00e9r s\u00e1u\u00f0 hann fara til himins.\u201c <\/p>\n<h3 class=\"millifyrirsogn_2007\">Postuli valinn<\/h3>\n<p><a name=\"12\"><span class=\"versanumer_2007\">12<\/span><\/a> \u00de\u00e1 sneru \u00feeir aftur til Jer\u00fasalem fr\u00e1 Ol\u00edufjallinu, sem svo er nefnt og er \u00ed n\u00e1nd vi\u00f0 Jer\u00fasalem, hv\u00edldardagslei\u00f0 \u00fea\u00f0an. <a name=\"13\"><span class=\"versanumer_2007\">13<\/span><\/a> Er \u00feeir komu \u00feanga\u00f0 f\u00f3ru \u00feeir upp \u00ed loftstofuna \u00fear sem \u00feeir dv\u00f6ldust: \u00dea\u00f0 voru \u00feeir P\u00e9tur og J\u00f3hannes, Jakob og Andr\u00e9s, Filippus, T\u00f3mas, Bart\u00f3l\u00f3meus, Matteus, Jakob Alfeusson, S\u00edmon vandl\u00e6tari og J\u00fadas Jakobsson. <a name=\"14\"><span class=\"versanumer_2007\">14<\/span><\/a> Konurnar voru einnig me\u00f0 \u00feeim og Mar\u00eda m\u00f3\u00f0ir Jes\u00fa og br\u00e6\u00f0ur hans. \u00d6ll voru \u00feau me\u00f0 einum huga st\u00f6\u00f0ug \u00ed b\u00e6ninni. <br \/> <a name=\"15\"><span class=\"versanumer_2007\">15<\/span><\/a> \u00c1 \u00feessum d\u00f6gum st\u00f3\u00f0 P\u00e9tur upp me\u00f0al l\u00e6risveinanna. \u00dear var saman kominn flokkur manna, um eitt hundra\u00f0 og tuttugu a\u00f0 t\u00f6lu. Hann m\u00e6lti: <a name=\"16\"><span class=\"versanumer_2007\">16<\/span><\/a> \u201eSystkin,<span class=\"nedan_mal\" title=\" Or\u00f0r\u00e9tt: Br\u00e6\u00f0ur.\">[<\/span> r\u00e6tast hlaut \u00fea\u00f0 sem heilagur andi sag\u00f0i fyrir munn Dav\u00ed\u00f0s \u00ed Heilagri ritningu um J\u00fadas sem v\u00edsa\u00f0i lei\u00f0 \u00feeim er t\u00f3ku Jes\u00fa h\u00f6ndum. <a name=\"17\"><span class=\"versanumer_2007\">17<\/span><\/a> Hann var \u00ed okkar h\u00f3pi og honum var falin sama \u00fej\u00f3nusta. <a name=\"18\"><span class=\"versanumer_2007\">18<\/span><\/a> Hann keypti landspildu fyrir launin sem hann f\u00e9kk fyrir \u00f3d\u00e6\u00f0i sitt, steyptist \u00e1 h\u00f6fu\u00f0i\u00f0 og brast sundur \u00ed mi\u00f0ju svo a\u00f0 i\u00f0rin \u00f6ll l\u00e1gu \u00fati. <a name=\"19\"><span class=\"versanumer_2007\">19<\/span><\/a> \u00deetta var\u00f0 kunnugt \u00f6llum Jer\u00fasalemb\u00faum og er spilda s\u00fa k\u00f6llu\u00f0 Akeldamak \u00e1 tungu \u00feeirra, \u00fea\u00f0 er Bl\u00f3\u00f0reitur. <a name=\"20\"><span class=\"versanumer_2007\">20<\/span><\/a> Rita\u00f0 er \u00ed S\u00e1lmunum: <br \/> <span class=\"ljodatexti\"> B\u00fasta\u00f0ur hans skal \u00ed ey\u00f0i ver\u00f0a, <br \/>enginn skal \u00ed honum b\u00faa, <\/span> <br \/>og: <br \/> <span class=\"ljodatexti\"> Annar taki emb\u00e6tti hans. <\/span> <br \/> <a name=\"21\"><span class=\"versanumer_2007\">21<\/span><\/a> Einhver \u00feeirra manna sem me\u00f0 okkur voru alla t\u00ed\u00f0 me\u00f0an Drottinn Jes\u00fas gekk inn og \u00fat \u00e1 me\u00f0al okkar, <a name=\"22\"><span class=\"versanumer_2007\">22<\/span><\/a> allt fr\u00e1 sk\u00edrn J\u00f3hannesar til \u00feess dags er hann var\u00f0 upp numinn fr\u00e1 okkur, ver\u00f0ur n\u00fa a\u00f0 gerast vottur upprisu hans \u00e1samt okkur.\u201c <br \/> <a name=\"23\"><span class=\"versanumer_2007\">23<\/span><\/a> Menn v\u00f6ldu tvo, J\u00f3sef, kalla\u00f0an Barsabbas, \u00f6\u00f0ru nafni J\u00fastus, og Matth\u00edas, <a name=\"24\"><span class=\"versanumer_2007\">24<\/span><\/a> b\u00e1\u00f0ust fyrir og s\u00f6g\u00f0u: \u201eDrottinn, \u00fe\u00fa sem \u00feekkir hj\u00f6rtu allra. S\u00fdn \u00fe\u00fa hvorn \u00feessara \u00fe\u00fa hefur vali\u00f0 <a name=\"25\"><span class=\"versanumer_2007\">25<\/span><\/a> til a\u00f0 taka vi\u00f0 \u00feessari \u00fej\u00f3nustu og postulad\u00f3mi sem J\u00fadas v\u00e9k fr\u00e1 til a\u00f0 fara til s\u00edns eigin sta\u00f0ar.\u201c <a name=\"26\"><span class=\"versanumer_2007\">26<\/span><\/a> \u00deeir hlutu\u00f0u um \u00fe\u00e1 og kom upp hlutur Matth\u00edasar. Var hann tekinn \u00ed t\u00f6lu postulanna me\u00f0 \u00feeim ellefu. <\/p>\n","protected":false},"excerpt":{"rendered":"<p>1 Fyrri s\u00f6gu m\u00edna, \u00dee\u00f3f\u00edlus, samdi \u00e9g um allt sem Jes\u00fas ger\u00f0i og kenndi fr\u00e1 upphafi, 2 allt til \u00feess dags er hann var\u00f0 upp numinn. \u00c1\u00f0ur haf\u00f0i hann gefi\u00f0 postulunum, sem hann haf\u00f0i vali\u00f0 me\u00f0 heil\u00f6gum anda, fyrirm\u00e6li s\u00edn. 3 Hann birtist \u00feeim eftir dau\u00f0a sinn og s\u00fdndi \u00feeim me\u00f0 \u00f3r\u00e6kum s\u00f6nnunum a\u00f0 hann lif\u00f0i. Hann l\u00e9t \u00fe\u00e1 sj\u00e1 sig \u00ed fj\u00f6rut\u00edu daga og tala\u00f0i um Gu\u00f0s r\u00edki. 4 Er Jes\u00fas neytti matar me\u00f0 \u00feeim bau\u00f0 hann \u00feeim a\u00f0 fara ekki burt \u00far Jer\u00fasalem heldur b\u00ed\u00f0a eftir \u00fev\u00ed sem fa\u00f0irinn gaf fyrirheit um \u201eog \u00fe\u00e9r hafi\u00f0 heyrt mig tala <a href=\"https:\/\/biblian.is\/biblian\/postulasagan-1-kafli\/\"> [&#8230;]<\/a><\/p>\n","protected":false},"author":1,"featured_media":0,"parent":0,"menu_order":0,"comment_status":"open","ping_status":"open","template":"bibliukaflar_NT.php","meta":{"footnotes":""},"class_list":["post-2636","page","type-page","status-publish","hentry"],"_links":{"self":[{"href":"https:\/\/biblian.is\/biblian\/wp-json\/wp\/v2\/pages\/2636","targetHints":{"allow":["GET"]}}],"collection":[{"href":"https:\/\/biblian.is\/biblian\/wp-json\/wp\/v2\/pages"}],"about":[{"href":"https:\/\/biblian.is\/biblian\/wp-json\/wp\/v2\/types\/page"}],"author":[{"embeddable":true,"href":"https:\/\/biblian.is\/biblian\/wp-json\/wp\/v2\/users\/1"}],"replies":[{"embeddable":true,"href":"https:\/\/biblian.is\/biblian\/wp-json\/wp\/v2\/comments?post=2636"}],"version-history":[{"count":0,"href":"https:\/\/biblian.is\/biblian\/wp-json\/wp\/v2\/pages\/2636\/revisions"}],"wp:attachment":[{"href":"https:\/\/biblian.is\/biblian\/wp-json\/wp\/v2\/media?parent=2636"}],"curies":[{"name":"wp","href":"https:\/\/api.w.org\/{rel}","templated":true}]}}