{"id":2635,"date":"2017-12-30T21:04:01","date_gmt":"2017-12-30T21:04:01","guid":{"rendered":"http:\/\/biblian.is\/biblian\/j%c2%97hannesargu_spjall-21-kafli\/"},"modified":"2019-08-26T22:47:47","modified_gmt":"2019-08-26T22:47:47","slug":"johannesargudspjall-21-kafli","status":"publish","type":"page","link":"https:\/\/biblian.is\/biblian\/johannesargudspjall-21-kafli\/","title":{"rendered":"J\u00f3hannesargu\u00f0spjall 21. kafli"},"content":{"rendered":"<h3 class=\"millifyrirsogn_2007\"> Jes\u00fas birtist vi\u00f0 T\u00edber\u00edasvatn<\/h3>\n<p><a name=\"1\"><span class=\"versanumer_2007\">1<\/span><\/a> Eftir \u00feetta birtist Jes\u00fas l\u00e6risveinunum aftur og \u00fe\u00e1 vi\u00f0 T\u00edber\u00edasvatn. Hann birtist \u00feannig: <a name=\"2\"><span class=\"versanumer_2007\">2<\/span><\/a> \u00deeir voru saman: S\u00edmon P\u00e9tur, T\u00f3mas, kalla\u00f0ur tv\u00edburi, Natanael fr\u00e1 Kana \u00ed Gal\u00edleu, Sebedeussynirnir og tveir enn af l\u00e6risveinum hans. <a name=\"3\"><span class=\"versanumer_2007\">3<\/span><\/a> S\u00edmon P\u00e9tur segir vi\u00f0 \u00fe\u00e1: \u201e\u00c9g fer a\u00f0 fiska.\u201c <br \/>\u00deeir segja vi\u00f0 hann: \u201eVi\u00f0 komum l\u00edka me\u00f0 \u00fe\u00e9r.\u201c \u00deeir f\u00f3ru og stigu \u00ed b\u00e1tinn. En \u00fe\u00e1 n\u00f3tt fengu \u00feeir ekkert. <br \/> <a name=\"4\"><span class=\"versanumer_2007\">4<\/span><\/a> \u00deegar dagur rann st\u00f3\u00f0 Jes\u00fas \u00e1 str\u00f6ndinni. L\u00e6risveinarnir vissu samt ekki a\u00f0 \u00fea\u00f0 var Jes\u00fas. <a name=\"5\"><span class=\"versanumer_2007\">5<\/span><\/a> Jes\u00fas segir vi\u00f0 \u00fe\u00e1: \u201eDrengir, hafi\u00f0 \u00fei\u00f0 nokkurn fisk?\u201c <br \/> \u00deeir sv\u00f6ru\u00f0u: \u201eNei.\u201c <br \/> <a name=\"6\"><span class=\"versanumer_2007\">6<\/span><\/a> Hann sag\u00f0i: \u201eKasti\u00f0 netinu h\u00e6gra megin vi\u00f0 b\u00e1tinn og \u00fei\u00f0 munu\u00f0 ver\u00f0a varir.\u201c \u00deeir k\u00f6stu\u00f0u og n\u00fa g\u00e1tu \u00feeir ekki dregi\u00f0 neti\u00f0, svo mikill var fiskurinn. <a name=\"7\"><span class=\"versanumer_2007\">7<\/span><\/a> L\u00e6risveinninn, sem Jes\u00fas elska\u00f0i, segir vi\u00f0 P\u00e9tur: \u201e\u00deetta er Drottinn.\u201c \u00deegar S\u00edmon P\u00e9tur heyr\u00f0i a\u00f0 \u00fea\u00f0 v\u00e6ri Drottinn br\u00e1 hann yfir sig fl\u00edk &#8211; hann var f\u00e1kl\u00e6ddur &#8211; og st\u00f6kk \u00fat \u00ed vatni\u00f0. <a name=\"8\"><span class=\"versanumer_2007\">8<\/span><\/a> En hinir l\u00e6risveinarnir komu \u00e1 b\u00e1tnum, enda voru \u00feeir ekki lengra fr\u00e1 landi en svo sem tv\u00f6 hundru\u00f0 \u00e1lnir, og dr\u00f3gu neti\u00f0 me\u00f0 fiskinum. <br \/> <a name=\"9\"><span class=\"versanumer_2007\">9<\/span><\/a> \u00deegar \u00feeir stigu \u00e1 land s\u00e1u \u00feeir fisk lag\u00f0an \u00e1 gl\u00f3\u00f0ir og brau\u00f0. <br \/> <a name=\"10\"><span class=\"versanumer_2007\">10<\/span><\/a> Jes\u00fas segir vi\u00f0 \u00fe\u00e1: \u201eKomi\u00f0 me\u00f0 nokku\u00f0 af fiskinum sem \u00fei\u00f0 voru\u00f0 a\u00f0 vei\u00f0a.\u201c <br \/> <a name=\"11\"><span class=\"versanumer_2007\">11<\/span><\/a> S\u00edmon P\u00e9tur f\u00f3r \u00ed b\u00e1tinn og dr\u00f3 neti\u00f0 \u00e1 land, fullt af st\u00f3rum fiskum, eitt hundra\u00f0 fimmt\u00edu og \u00feremur. Og neti\u00f0 rifna\u00f0i ekki \u00fe\u00f3tt \u00feeir v\u00e6ru svo margir. <br \/> <a name=\"12\"><span class=\"versanumer_2007\">12<\/span><\/a> Jes\u00fas segir vi\u00f0 \u00fe\u00e1: \u201eKomi\u00f0 og matist.\u201c En enginn l\u00e6risveinanna dirf\u00f0ist a\u00f0 spyrja hann: \u201eHver ert \u00fe\u00fa?\u201c Enda vissu \u00feeir a\u00f0 \u00fea\u00f0 var Drottinn. <a name=\"13\"><span class=\"versanumer_2007\">13<\/span><\/a> Jes\u00fas kemur og tekur brau\u00f0i\u00f0 og gefur \u00feeim, svo og fiskinn. <a name=\"14\"><span class=\"versanumer_2007\">14<\/span><\/a> \u00deetta var \u00ed \u00feri\u00f0ja sinn sem Jes\u00fas birtist l\u00e6risveinum s\u00ednum upp risinn fr\u00e1 dau\u00f0um. <\/p>\n<h3 class=\"millifyrirsogn_2007\">Elskar \u00fe\u00fa mig<\/h3>\n<p><a name=\"15\"><span class=\"versanumer_2007\">15<\/span><\/a> \u00deegar \u00feeir h\u00f6f\u00f0u matast sag\u00f0i Jes\u00fas vi\u00f0 S\u00edmon P\u00e9tur: \u201eS\u00edmon J\u00f3hannesson, elskar \u00fe\u00fa mig meira en \u00feessir?\u201c <br \/>Hann svarar: \u201eJ\u00e1, Drottinn, \u00fe\u00fa veist a\u00f0 \u00e9g elska \u00feig.\u201c <br \/>Jes\u00fas segir vi\u00f0 hann: \u201eG\u00e6t \u00fe\u00fa lamba minna.\u201c <a name=\"16\"><span class=\"versanumer_2007\">16<\/span><\/a> Jes\u00fas sag\u00f0i aftur vi\u00f0 hann \u00f6\u00f0ru sinni: \u201eS\u00edmon J\u00f3hannesson, elskar \u00fe\u00fa mig?\u201c <br \/>Hann svara\u00f0i: \u201eJ\u00e1, Drottinn, \u00fe\u00fa veist a\u00f0 \u00e9g elska \u00feig.\u201c <br \/>Jes\u00fas segir vi\u00f0 hann: \u201eVer hir\u00f0ir sau\u00f0a minna.\u201c <a name=\"17\"><span class=\"versanumer_2007\">17<\/span><\/a> Hann segir vi\u00f0 hann \u00ed \u00feri\u00f0ja sinn: \u201eS\u00edmon J\u00f3hannesson, elskar \u00fe\u00fa mig?\u201c <br \/> <a name=\"18\"><span class=\"versanumer_2007\">18<\/span><\/a> P\u00e9tur hrygg\u00f0ist vi\u00f0 a\u00f0 hann skyldi spyrja hann \u00feri\u00f0ja sinni: \u201eElskar \u00fe\u00fa mig?\u201c Hann svara\u00f0i: \u201eDrottinn, \u00fe\u00fa veist allt. \u00de\u00fa veist a\u00f0 \u00e9g elska \u00feig.\u201c <br \/>Jes\u00fas segir vi\u00f0 hann: \u201eG\u00e6t \u00fe\u00fa sau\u00f0a minna. <a name=\"19\"><span class=\"versanumer_2007\">19<\/span><\/a> Sannlega, sannlega segi \u00e9g \u00fe\u00e9r: \u00deegar \u00fe\u00fa varst ungur bj\u00f3stu \u00feig sj\u00e1lfur og f\u00f3rst hvert sem \u00fe\u00fa vildir en \u00feegar \u00fe\u00fa ert or\u00f0inn gamall munt \u00fe\u00fa r\u00e9tta \u00fat hendurnar og annar b\u00fdr \u00feig og lei\u00f0ir \u00feig \u00feanga\u00f0 sem \u00fe\u00fa vilt ekki.\u201c <a name=\"20\"><span class=\"versanumer_2007\">20<\/span><\/a> \u00deetta sag\u00f0i Jes\u00fas til a\u00f0 kynna me\u00f0 hv\u00edl\u00edkum dau\u00f0daga P\u00e9tur mundi vegsama Gu\u00f0. Og er hann haf\u00f0i \u00feetta m\u00e6lt sag\u00f0i hann vi\u00f0 hann: \u201eFylg \u00fe\u00fa m\u00e9r.\u201c <br \/> <a name=\"21\"><span class=\"versanumer_2007\">21<\/span><\/a> P\u00e9tur sneri s\u00e9r vi\u00f0 og s\u00e1 l\u00e6risveininn, sem Jes\u00fas elska\u00f0i, fylgja \u00e1 eftir, \u00feann hinn sama sem halla\u00f0ist a\u00f0 brj\u00f3sti hans vi\u00f0 kv\u00f6ldm\u00e1lt\u00ed\u00f0ina og spur\u00f0i: \u201eDrottinn, hver er s\u00e1 sem sv\u00edkur \u00feig?\u201c <a name=\"22\"><span class=\"versanumer_2007\">22<\/span><\/a> \u00deegar P\u00e9tur s\u00e9r hann segir hann vi\u00f0 Jes\u00fa: \u201eDrottinn, hva\u00f0 um \u00feennan?\u201c <br \/> <a name=\"23\"><span class=\"versanumer_2007\">23<\/span><\/a> Jes\u00fas svarar: \u201eEf \u00e9g vil a\u00f0 hann lifi \u00feanga\u00f0 til \u00e9g kem, hverju skiptir \u00fea\u00f0 \u00feig? Fylg \u00fe\u00fa m\u00e9r.\u201c <a name=\"24\"><span class=\"versanumer_2007\">24<\/span><\/a> \u00dev\u00ed barst s\u00e1 or\u00f0r\u00f3mur \u00fat \u00ed s\u00f6fnu\u00f0unum a\u00f0 \u00feessi l\u00e6risveinn mundi ekki deyja. En Jes\u00fas haf\u00f0i ekki sagt P\u00e9tri a\u00f0 hann mundi ekki deyja. Hann sag\u00f0i: \u201eEf \u00e9g vil a\u00f0 hann lifi \u00feanga\u00f0 til \u00e9g kem, hverju skiptir \u00fea\u00f0 \u00feig?\u201c <br \/> <a name=\"25\"><span class=\"versanumer_2007\">25<\/span><\/a> \u00deessi er l\u00e6risveinninn sem vitnar um allt \u00feetta og hefur skrifa\u00f0 \u00feetta. Og vi\u00f0 vitum a\u00f0 vitnisbur\u00f0ur hans er sannur. <br \/> <a name=\"26\"><span class=\"versanumer_2007\">26<\/span><\/a> En margt er \u00fea\u00f0 anna\u00f0 sem Jes\u00fas ger\u00f0i og yr\u00f0i \u00fea\u00f0 hva\u00f0 eina upp skrifa\u00f0 \u00e6tla \u00e9g a\u00f0 \u00f6ll ver\u00f6ldin mundi ekki r\u00fama \u00fe\u00e6r b\u00e6kur sem \u00fe\u00e1 yr\u00f0u rita\u00f0ar. <\/p>\n<p><\/p>\n","protected":false},"excerpt":{"rendered":"<p>Jes\u00fas birtist vi\u00f0 T\u00edber\u00edasvatn 1 Eftir \u00feetta birtist Jes\u00fas l\u00e6risveinunum aftur og \u00fe\u00e1 vi\u00f0 T\u00edber\u00edasvatn. Hann birtist \u00feannig: 2 \u00deeir voru saman: S\u00edmon P\u00e9tur, T\u00f3mas, kalla\u00f0ur tv\u00edburi, Natanael fr\u00e1 Kana \u00ed Gal\u00edleu, Sebedeussynirnir og tveir enn af l\u00e6risveinum hans. 3 S\u00edmon P\u00e9tur segir vi\u00f0 \u00fe\u00e1: \u201e\u00c9g fer a\u00f0 fiska.\u201c \u00deeir segja vi\u00f0 hann: \u201eVi\u00f0 komum l\u00edka me\u00f0 \u00fe\u00e9r.\u201c \u00deeir f\u00f3ru og stigu \u00ed b\u00e1tinn. En \u00fe\u00e1 n\u00f3tt fengu \u00feeir ekkert. 4 \u00deegar dagur rann st\u00f3\u00f0 Jes\u00fas \u00e1 str\u00f6ndinni. L\u00e6risveinarnir vissu samt ekki a\u00f0 \u00fea\u00f0 var Jes\u00fas. 5 Jes\u00fas segir vi\u00f0 \u00fe\u00e1: \u201eDrengir, hafi\u00f0 \u00fei\u00f0 nokkurn fisk?\u201c \u00deeir sv\u00f6ru\u00f0u: \u201eNei.\u201c 6 <a href=\"https:\/\/biblian.is\/biblian\/johannesargudspjall-21-kafli\/\"> [&#8230;]<\/a><\/p>\n","protected":false},"author":1,"featured_media":0,"parent":0,"menu_order":0,"comment_status":"open","ping_status":"open","template":"bibliukaflar_NT.php","meta":{"footnotes":""},"class_list":["post-2635","page","type-page","status-publish","hentry"],"_links":{"self":[{"href":"https:\/\/biblian.is\/biblian\/wp-json\/wp\/v2\/pages\/2635","targetHints":{"allow":["GET"]}}],"collection":[{"href":"https:\/\/biblian.is\/biblian\/wp-json\/wp\/v2\/pages"}],"about":[{"href":"https:\/\/biblian.is\/biblian\/wp-json\/wp\/v2\/types\/page"}],"author":[{"embeddable":true,"href":"https:\/\/biblian.is\/biblian\/wp-json\/wp\/v2\/users\/1"}],"replies":[{"embeddable":true,"href":"https:\/\/biblian.is\/biblian\/wp-json\/wp\/v2\/comments?post=2635"}],"version-history":[{"count":0,"href":"https:\/\/biblian.is\/biblian\/wp-json\/wp\/v2\/pages\/2635\/revisions"}],"wp:attachment":[{"href":"https:\/\/biblian.is\/biblian\/wp-json\/wp\/v2\/media?parent=2635"}],"curies":[{"name":"wp","href":"https:\/\/api.w.org\/{rel}","templated":true}]}}