{"id":2634,"date":"2017-12-30T21:04:01","date_gmt":"2017-12-30T21:04:01","guid":{"rendered":"http:\/\/biblian.is\/biblian\/j%c2%97hannesargu_spjall-20-kafli\/"},"modified":"2019-08-26T22:47:47","modified_gmt":"2019-08-26T22:47:47","slug":"johannesargudspjall-20-kafli","status":"publish","type":"page","link":"https:\/\/biblian.is\/biblian\/johannesargudspjall-20-kafli\/","title":{"rendered":"J\u00f3hannesargu\u00f0spjall 20. kafli"},"content":{"rendered":"<h3 class=\"millifyrirsogn_2007\"> Gr\u00f6fin t\u00f3m<\/h3>\n<p><a name=\"1\"><span class=\"versanumer_2007\">1<\/span><\/a> Fyrsta dag vikunnar kemur Mar\u00eda Magdalena til grafarinnar svo snemma a\u00f0 enn var myrkur og s\u00e9r steininn tekinn fr\u00e1 gr\u00f6finni. <a name=\"2\"><span class=\"versanumer_2007\">2<\/span><\/a> H\u00fan hleypur \u00fev\u00ed og kemur til S\u00edmonar P\u00e9turs og hins l\u00e6risveinsins sem Jes\u00fas elska\u00f0i og segir vi\u00f0 \u00fe\u00e1: \u201e\u00deeir hafa teki\u00f0 Drottin \u00far gr\u00f6finni og vi\u00f0 vitum ekki hvar \u00feeir hafa lagt hann.\u201c <br \/> <a name=\"3\"><span class=\"versanumer_2007\">3<\/span><\/a> P\u00e9tur f\u00f3r \u00fe\u00e1 \u00fat og hinn l\u00e6risveinninn og \u00feeir komu til grafarinnar. <a name=\"4\"><span class=\"versanumer_2007\">4<\/span><\/a> \u00deeir hlupu b\u00e1\u00f0ir saman. En hinn l\u00e6risveinninn hlj\u00f3p hra\u00f0ar, fram \u00far P\u00e9tri, og kom \u00e1 undan a\u00f0 gr\u00f6finni. <a name=\"5\"><span class=\"versanumer_2007\">5<\/span><\/a> Hann laut inn og s\u00e1 l\u00ednbl\u00e6jurnar liggjandi en f\u00f3r samt ekki inn. <a name=\"6\"><span class=\"versanumer_2007\">6<\/span><\/a> N\u00fa kom l\u00edka S\u00edmon P\u00e9tur \u00e1 eftir honum og f\u00f3r inn \u00ed gr\u00f6fina. Hann s\u00e1 l\u00ednbl\u00e6jurnar liggja \u00fear <a name=\"7\"><span class=\"versanumer_2007\">7<\/span><\/a> og sveitad\u00fakinn sem veri\u00f0 haf\u00f0i um h\u00f6fu\u00f0 hans. Sveitad\u00fakurinn l\u00e1 ekki me\u00f0 l\u00ednbl\u00e6junum heldur s\u00e9r, samanvafinn \u00e1 \u00f6\u00f0rum sta\u00f0. <br \/> <a name=\"8\"><span class=\"versanumer_2007\">8<\/span><\/a> \u00de\u00e1 gekk einnig inn hinn l\u00e6risveinninn sem komi\u00f0 haf\u00f0i fyrr til grafarinnar. Hann s\u00e1 og tr\u00fa\u00f0i. <a name=\"9\"><span class=\"versanumer_2007\">9<\/span><\/a> \u00deeir h\u00f6f\u00f0u ekki enn skili\u00f0 ritninguna, a\u00f0 hann \u00e6tti a\u00f0 r\u00edsa upp fr\u00e1 dau\u00f0um. <a name=\"10\"><span class=\"versanumer_2007\">10<\/span><\/a> S\u00ed\u00f0an f\u00f3ru l\u00e6risveinarnir aftur heim til s\u00edn. <\/p>\n<h3 class=\"millifyrirsogn_2007\">Jes\u00fas birtist Mar\u00edu Magdalenu<\/h3>\n<p><a name=\"11\"><span class=\"versanumer_2007\">11<\/span><\/a> En Mar\u00eda st\u00f3\u00f0 \u00fati fyrir gr\u00f6finni og gr\u00e9t. Gr\u00e1tandi laut h\u00fan inn \u00ed gr\u00f6fina <a name=\"12\"><span class=\"versanumer_2007\">12<\/span><\/a> og s\u00e1 tvo engla \u00ed hv\u00edtum kl\u00e6\u00f0um sitja \u00fear sem l\u00edkami Jes\u00fa haf\u00f0i legi\u00f0, annan til h\u00f6f\u00f0a og hinn til f\u00f3ta. <a name=\"13\"><span class=\"versanumer_2007\">13<\/span><\/a> \u00deeir segja vi\u00f0 hana: \u201eKona, hv\u00ed gr\u00e6tur \u00fe\u00fa?\u201c <br \/>H\u00fan svara\u00f0i: \u201e\u00deeir hafa teki\u00f0 brott Drottin minn og \u00e9g veit ekki hvar \u00feeir hafa lagt hann.\u201c <a name=\"14\"><span class=\"versanumer_2007\">14<\/span><\/a> A\u00f0 svo m\u00e6ltu sn\u00fdr h\u00fan s\u00e9r vi\u00f0 og s\u00e9r Jes\u00fa standa \u00fear. En h\u00fan vissi ekki a\u00f0 \u00fea\u00f0 var Jes\u00fas. <br \/> <a name=\"15\"><span class=\"versanumer_2007\">15<\/span><\/a> Jes\u00fas segir vi\u00f0 hana: \u201eKona, hv\u00ed gr\u00e6tur \u00fe\u00fa? A\u00f0 hverjum leitar \u00fe\u00fa?\u201c <br \/>H\u00fan h\u00e9lt a\u00f0 hann v\u00e6ri grasgar\u00f0sv\u00f6r\u00f0urinn og sag\u00f0i vi\u00f0 hann: \u201eHerra, ef \u00fe\u00fa hefur bori\u00f0 hann burt \u00fe\u00e1 seg\u00f0u m\u00e9r hvar \u00fe\u00fa hefur lagt hann svo a\u00f0 \u00e9g geti s\u00f3tt hann.\u201c <br \/> <a name=\"16\"><span class=\"versanumer_2007\">16<\/span><\/a> Jes\u00fas segir vi\u00f0 hana: \u201eMar\u00eda!\u201c <br \/>H\u00fan sn\u00fdr s\u00e9r a\u00f0 honum og segir \u00e1 hebresku: \u201eRabb\u00fan\u00ed!\u201c (Rabb\u00fan\u00ed \u00fe\u00fd\u00f0ir meistari.)<br \/> <a name=\"17\"><span class=\"versanumer_2007\">17<\/span><\/a> Jes\u00fas segir vi\u00f0 hana: \u201eSnertu mig ekki. \u00c9g er ekki enn stiginn upp til f\u00f6\u00f0ur m\u00edns. En far\u00f0u til br\u00e6\u00f0ra minna og seg \u00feeim: \u00c9g st\u00edg upp til f\u00f6\u00f0ur m\u00edns og f\u00f6\u00f0ur ykkar, til Gu\u00f0s m\u00edns og Gu\u00f0s ykkar.\u201c <br \/> <a name=\"18\"><span class=\"versanumer_2007\">18<\/span><\/a> Mar\u00eda Magdalena kemur og bo\u00f0ar l\u00e6risveinunum: \u201e\u00c9g hef s\u00e9\u00f0 Drottin.\u201c Og h\u00fan flutti \u00feeim \u00fea\u00f0 sem hann haf\u00f0i sagt henni. <\/p>\n<h3 class=\"millifyrirsogn_2007\">Jes\u00fas birtist l\u00e6risveinunum<\/h3>\n<p><a name=\"19\"><span class=\"versanumer_2007\">19<\/span><\/a> Um kv\u00f6ldi\u00f0 \u00feennan fyrsta dag vikunnar voru l\u00e6risveinarnir saman og h\u00f6f\u00f0u l\u00e6st dyrum af \u00f3tta vi\u00f0 Gy\u00f0inga. \u00de\u00e1 kom Jes\u00fas, st\u00f3\u00f0 mitt \u00e1 me\u00f0al \u00feeirra og sag\u00f0i vi\u00f0 \u00fe\u00e1: \u201eFri\u00f0ur s\u00e9 me\u00f0 y\u00f0ur!\u201c <a name=\"20\"><span class=\"versanumer_2007\">20<\/span><\/a> \u00deegar hann haf\u00f0i \u00feetta m\u00e6lt s\u00fdndi hann \u00feeim hendur s\u00ednar og s\u00ed\u00f0u. L\u00e6risveinarnir ur\u00f0u gla\u00f0ir er \u00feeir s\u00e1u Drottin. <a name=\"21\"><span class=\"versanumer_2007\">21<\/span><\/a> \u00de\u00e1 sag\u00f0i Jes\u00fas aftur vi\u00f0 \u00fe\u00e1: \u201eFri\u00f0ur s\u00e9 me\u00f0 y\u00f0ur. Eins og fa\u00f0irinn hefur sent mig, eins sendi \u00e9g y\u00f0ur.\u201c <a name=\"22\"><span class=\"versanumer_2007\">22<\/span><\/a> Og er hann haf\u00f0i sagt \u00feetta anda\u00f0i hann \u00e1 \u00fe\u00e1 og sag\u00f0i: \u201eMe\u00f0taki\u00f0 heilagan anda. <a name=\"23\"><span class=\"versanumer_2007\">23<\/span><\/a> Ef \u00fe\u00e9r fyrirgefi\u00f0 einhverjum syndirnar fyrirgefur Gu\u00f0 \u00fe\u00e6r. Ef \u00fe\u00e9r synji\u00f0 einhverjum fyrirgefningar synjar Gu\u00f0 \u00feeim.\u201c <\/p>\n<h3 class=\"millifyrirsogn_2007\">Jes\u00fas og T\u00f3mas<\/h3>\n<p><a name=\"24\"><span class=\"versanumer_2007\">24<\/span><\/a> En einn af \u00feeim t\u00f3lf, T\u00f3mas, nefndur tv\u00edburi, var ekki me\u00f0 \u00feeim \u00feegar Jes\u00fas kom. <a name=\"25\"><span class=\"versanumer_2007\">25<\/span><\/a> Hinir l\u00e6risveinarnir s\u00f6g\u00f0u honum: \u201eVi\u00f0 h\u00f6fum s\u00e9\u00f0 Drottin.\u201c <br \/>En hann svara\u00f0i: \u201eSj\u00e1i \u00e9g ekki naglaf\u00f6rin \u00ed h\u00f6ndum hans og geti sett fingur minn \u00ed naglaf\u00f6rin og lagt h\u00f6nd m\u00edna \u00ed s\u00ed\u00f0u hans, mun \u00e9g alls ekki tr\u00faa.\u201c <br \/> <a name=\"26\"><span class=\"versanumer_2007\">26<\/span><\/a> A\u00f0 viku li\u00f0inni voru l\u00e6risveinar hans aftur saman inni og T\u00f3mas me\u00f0 \u00feeim. Dyrnar voru l\u00e6star. \u00de\u00e1 kemur Jes\u00fas, stendur mitt \u00e1 me\u00f0al \u00feeirra og segir: \u201eFri\u00f0ur s\u00e9 me\u00f0 y\u00f0ur!\u201c <a name=\"27\"><span class=\"versanumer_2007\">27<\/span><\/a> S\u00ed\u00f0an segir hann vi\u00f0 T\u00f3mas: \u201eKom hinga\u00f0 me\u00f0 fingur \u00feinn og sj\u00e1 hendur m\u00ednar og kom me\u00f0 h\u00f6nd \u00fe\u00edna og legg \u00ed s\u00ed\u00f0u m\u00edna og vertu ekki vantr\u00faa\u00f0ur, vertu tr\u00faa\u00f0ur.\u201c <br \/> <a name=\"28\"><span class=\"versanumer_2007\">28<\/span><\/a> T\u00f3mas svara\u00f0i: \u201eDrottinn minn og Gu\u00f0 minn!\u201c <br \/> <a name=\"29\"><span class=\"versanumer_2007\">29<\/span><\/a> Jes\u00fas segir vi\u00f0 hann: \u201e\u00de\u00fa tr\u00fair af \u00fev\u00ed \u00fe\u00fa hefur s\u00e9\u00f0 mig. S\u00e6lir eru \u00feeir sem hafa ekki s\u00e9\u00f0 og tr\u00faa \u00fe\u00f3.\u201c <\/p>\n<h3 class=\"millifyrirsogn_2007\">Til \u00feess er \u00feetta rita\u00f0<\/h3>\n<p><a name=\"30\"><span class=\"versanumer_2007\">30<\/span><\/a> Jes\u00fas ger\u00f0i einnig m\u00f6rg \u00f6nnur t\u00e1kn \u00ed augs\u00fdn l\u00e6risveina sinna sem eigi eru skr\u00e1\u00f0 \u00e1 \u00feessa b\u00f3k. <a name=\"31\"><span class=\"versanumer_2007\">31<\/span><\/a> En \u00feetta er rita\u00f0 til \u00feess a\u00f0 \u00fei\u00f0 tr\u00fai\u00f0 a\u00f0 Jes\u00fas s\u00e9 Kristur, sonur Gu\u00f0s, og a\u00f0 \u00fei\u00f0 \u00ed tr\u00fanni eigi\u00f0 l\u00edf \u00ed hans nafni.<\/p>\n","protected":false},"excerpt":{"rendered":"<p>Gr\u00f6fin t\u00f3m 1 Fyrsta dag vikunnar kemur Mar\u00eda Magdalena til grafarinnar svo snemma a\u00f0 enn var myrkur og s\u00e9r steininn tekinn fr\u00e1 gr\u00f6finni. 2 H\u00fan hleypur \u00fev\u00ed og kemur til S\u00edmonar P\u00e9turs og hins l\u00e6risveinsins sem Jes\u00fas elska\u00f0i og segir vi\u00f0 \u00fe\u00e1: \u201e\u00deeir hafa teki\u00f0 Drottin \u00far gr\u00f6finni og vi\u00f0 vitum ekki hvar \u00feeir hafa lagt hann.\u201c 3 P\u00e9tur f\u00f3r \u00fe\u00e1 \u00fat og hinn l\u00e6risveinninn og \u00feeir komu til grafarinnar. 4 \u00deeir hlupu b\u00e1\u00f0ir saman. En hinn l\u00e6risveinninn hlj\u00f3p hra\u00f0ar, fram \u00far P\u00e9tri, og kom \u00e1 undan a\u00f0 gr\u00f6finni. 5 Hann laut inn og s\u00e1 l\u00ednbl\u00e6jurnar liggjandi en f\u00f3r samt <a href=\"https:\/\/biblian.is\/biblian\/johannesargudspjall-20-kafli\/\"> [&#8230;]<\/a><\/p>\n","protected":false},"author":1,"featured_media":0,"parent":0,"menu_order":0,"comment_status":"open","ping_status":"open","template":"bibliukaflar_NT.php","meta":{"footnotes":""},"class_list":["post-2634","page","type-page","status-publish","hentry"],"_links":{"self":[{"href":"https:\/\/biblian.is\/biblian\/wp-json\/wp\/v2\/pages\/2634","targetHints":{"allow":["GET"]}}],"collection":[{"href":"https:\/\/biblian.is\/biblian\/wp-json\/wp\/v2\/pages"}],"about":[{"href":"https:\/\/biblian.is\/biblian\/wp-json\/wp\/v2\/types\/page"}],"author":[{"embeddable":true,"href":"https:\/\/biblian.is\/biblian\/wp-json\/wp\/v2\/users\/1"}],"replies":[{"embeddable":true,"href":"https:\/\/biblian.is\/biblian\/wp-json\/wp\/v2\/comments?post=2634"}],"version-history":[{"count":0,"href":"https:\/\/biblian.is\/biblian\/wp-json\/wp\/v2\/pages\/2634\/revisions"}],"wp:attachment":[{"href":"https:\/\/biblian.is\/biblian\/wp-json\/wp\/v2\/media?parent=2634"}],"curies":[{"name":"wp","href":"https:\/\/api.w.org\/{rel}","templated":true}]}}