{"id":2633,"date":"2017-12-30T21:04:01","date_gmt":"2017-12-30T21:04:01","guid":{"rendered":"http:\/\/biblian.is\/biblian\/j%c2%97hannesargu_spjall-19-kafli\/"},"modified":"2019-08-26T22:47:47","modified_gmt":"2019-08-26T22:47:47","slug":"johannesargudspjall-19-kafli","status":"publish","type":"page","link":"https:\/\/biblian.is\/biblian\/johannesargudspjall-19-kafli\/","title":{"rendered":"J\u00f3hannesargu\u00f0spjall 19. kafli"},"content":{"rendered":"<p><a name=\"1\"><span class=\"versanumer_2007\">1<\/span><\/a> \u00de\u00e1 l\u00e9t P\u00edlatus taka Jes\u00fa og h\u00fa\u00f0str\u00fdkja hann. <a name=\"2\"><span class=\"versanumer_2007\">2<\/span><\/a> Hermennirnir fl\u00e9ttu\u00f0u k\u00f3r\u00f3nu \u00far \u00feyrnum og settu \u00e1 h\u00f6fu\u00f0 honum og l\u00f6g\u00f0u yfir hann purpurak\u00e1pu. <a name=\"3\"><span class=\"versanumer_2007\">3<\/span><\/a> \u00deeir gengu hver af \u00f6\u00f0rum fyrir hann og s\u00f6g\u00f0u: \u201eS\u00e6ll \u00fe\u00fa, konungur Gy\u00f0inga,\u201c og sl\u00f3gu hann \u00ed andliti\u00f0. <br \/> <a name=\"4\"><span class=\"versanumer_2007\">4<\/span><\/a> P\u00edlatus gekk aftur \u00fat fyrir og sag\u00f0i vi\u00f0 f\u00f3lki\u00f0: \u201eN\u00fa lei\u00f0i \u00e9g hann \u00fat til ykkar svo a\u00f0 \u00fei\u00f0 skilji\u00f0 a\u00f0 \u00e9g finn enga s\u00f6k hj\u00e1 honum.\u201c <a name=\"5\"><span class=\"versanumer_2007\">5<\/span><\/a> Jes\u00fas kom \u00fe\u00e1 \u00fat fyrir me\u00f0 \u00feyrnik\u00f3r\u00f3nuna og \u00ed purpurak\u00e1punni. P\u00edlatus segir vi\u00f0 f\u00f3lki\u00f0: \u201eSj\u00e1i\u00f0 manninn!\u201c <br \/> <a name=\"6\"><span class=\"versanumer_2007\">6<\/span><\/a> \u00deegar \u00e6\u00f0stu prestarnir og ver\u00f0irnir s\u00e1u hann \u00e6ptu \u00feeir: \u201eKrossfestu, krossfestu!\u201c <br \/>P\u00edlatus sag\u00f0i vi\u00f0 \u00fe\u00e1: \u201eTaki\u00f0 \u00fei\u00f0 hann og krossfesti\u00f0. \u00c9g finn enga s\u00f6k hj\u00e1 honum.\u201c <br \/> <a name=\"7\"><span class=\"versanumer_2007\">7<\/span><\/a> \u00deeir<span class=\"nedan_mal\" title=\" Or\u00f0r\u00e9tt: Gy\u00f0ingar.\">[<\/span> sv\u00f6ru\u00f0u: \u201eVi\u00f0 h\u00f6fum l\u00f6gm\u00e1l og samkv\u00e6mt l\u00f6gm\u00e1linu \u00e1 hann a\u00f0 deyja \u00fev\u00ed hann hefur gert sj\u00e1lfan sig a\u00f0 Gu\u00f0s syni.\u201c <br \/> <a name=\"8\"><span class=\"versanumer_2007\">8<\/span><\/a> \u00deegar P\u00edlatus heyr\u00f0i \u00feessi or\u00f0 var\u00f0 hann enn hr\u00e6ddari. <a name=\"9\"><span class=\"versanumer_2007\">9<\/span><\/a> Hann f\u00f3r aftur inn \u00ed h\u00f6llina og segir vi\u00f0 Jes\u00fa: \u201eHva\u00f0an ertu?\u201c En Jes\u00fas veitti honum ekkert svar. <a name=\"10\"><span class=\"versanumer_2007\">10<\/span><\/a> P\u00edlatus segir \u00fe\u00e1 vi\u00f0 hann: \u201eViltu ekki tala vi\u00f0 mig? Veistu ekki a\u00f0 \u00e9g hef vald til a\u00f0 l\u00e1ta \u00feig lausan og \u00e9g hef vald til a\u00f0 krossfesta \u00feig?\u201c <br \/> <a name=\"11\"><span class=\"versanumer_2007\">11<\/span><\/a> Jes\u00fas svara\u00f0i: \u201e\u00de\u00fa hef\u00f0ir ekkert vald yfir m\u00e9r ef \u00fe\u00e9r v\u00e6ri ekki gefi\u00f0 \u00fea\u00f0 a\u00f0 ofan. Fyrir \u00fev\u00ed ber s\u00e1 \u00feyngri s\u00f6k sem hefur selt mig \u00fe\u00e9r \u00ed hendur.\u201c <br \/> <a name=\"12\"><span class=\"versanumer_2007\">12<\/span><\/a> Eftir \u00feetta reyndi P\u00edlatus enn a\u00f0 l\u00e1ta hann lausan. En f\u00f3lki\u00f0<span class=\"nedan_mal\" title=\" Or\u00f0r\u00e9tt: Gy\u00f0ingar.\">[<\/span> \u00e6pti: \u201eEf \u00fe\u00fa l\u00e6tur hann lausan ert \u00fe\u00fa ekki vinur keisarans. Hver sem gerir sj\u00e1lfan sig a\u00f0 konungi r\u00eds \u00e1 m\u00f3ti keisaranum.\u201c <br \/> <a name=\"13\"><span class=\"versanumer_2007\">13<\/span><\/a> \u00deegar P\u00edlatus heyr\u00f0i \u00feessi or\u00f0 leiddi hann Jes\u00fa \u00fat og settist \u00ed d\u00f3mst\u00f3linn \u00e1 sta\u00f0 \u00feeim sem nefnist Steinhla\u00f0, \u00e1 hebresku Gabbata. <a name=\"14\"><span class=\"versanumer_2007\">14<\/span><\/a> \u00de\u00e1 var a\u00f0fangadagur p\u00e1ska, um h\u00e1degi. Hann sag\u00f0i vi\u00f0 f\u00f3lki\u00f0<span class=\"nedan_mal\" title=\" Or\u00f0r\u00e9tt: Gy\u00f0inga.\">[<\/span> : \u201eSj\u00e1i\u00f0 \u00fear konung ykkar!\u201c <br \/> <a name=\"15\"><span class=\"versanumer_2007\">15<\/span><\/a> \u00de\u00e1 \u00e6ptu menn: \u201eBurt me\u00f0 hann! Burt me\u00f0 hann! Krossfestu hann!\u201c <br \/>P\u00edlatus segir vi\u00f0 \u00fe\u00e1: \u201e\u00c1 \u00e9g a\u00f0 krossfesta konung ykkar?\u201c <br \/>\u00c6\u00f0stu prestarnir sv\u00f6ru\u00f0u: \u201eVi\u00f0 h\u00f6fum engan konung nema keisarann.\u201c <br \/> <a name=\"16\"><span class=\"versanumer_2007\">16<\/span><\/a> \u00de\u00e1 seldi hann \u00feeim hann \u00ed hendur og bau\u00f0 a\u00f0 l\u00e1ta krossfesta hann. <\/p>\n<h3 class=\"millifyrirsogn_2007\">Jes\u00fas krossfestur<\/h3>\n<p>Hermennirnir t\u00f3ku \u00fe\u00e1 vi\u00f0 Jes\u00fa. <a name=\"17\"><span class=\"versanumer_2007\">17<\/span><\/a> Og hann bar kross sinn og f\u00f3r \u00fat til sta\u00f0ar sem nefnist Hausk\u00fapa, \u00e1 hebresku Golgata. <a name=\"18\"><span class=\"versanumer_2007\">18<\/span><\/a> \u00dear krossfestu \u00feeir hann og me\u00f0 honum tvo a\u00f0ra hvorn til sinnar handar, Jes\u00fa \u00ed mi\u00f0i\u00f0. <a name=\"19\"><span class=\"versanumer_2007\">19<\/span><\/a> P\u00edlatus haf\u00f0i l\u00e1ti\u00f0 gera yfirskrift og setja \u00e1 krossinn. \u00dear st\u00f3\u00f0 skrifa\u00f0: JES\u00daS FR\u00c1 NASARET, KONUNGUR GY\u00d0INGA. <a name=\"20\"><span class=\"versanumer_2007\">20<\/span><\/a> Margir Gy\u00f0ingar l\u00e1su \u00feessa \u00e1letrun \u00fev\u00ed sta\u00f0urinn, \u00fear sem Jes\u00fas var krossfestur, var n\u00e6rri borginni og \u00feetta var rita\u00f0 \u00e1 hebresku, lat\u00ednu og gr\u00edsku. <a name=\"21\"><span class=\"versanumer_2007\">21<\/span><\/a> \u00de\u00e1 s\u00f6g\u00f0u \u00e6\u00f0stu prestar Gy\u00f0inga vi\u00f0 P\u00edlatus: \u201eSkrifa\u00f0u ekki konungur Gy\u00f0inga, heldur a\u00f0 hann hafi sagt: \u00c9g er konungur Gy\u00f0inga.\u201c <br \/> <a name=\"22\"><span class=\"versanumer_2007\">22<\/span><\/a> P\u00edlatus svara\u00f0i: \u201e\u00dea\u00f0 sem \u00e9g hef skrifa\u00f0 \u00fea\u00f0 hef \u00e9g skrifa\u00f0.\u201c <br \/> <a name=\"23\"><span class=\"versanumer_2007\">23<\/span><\/a> \u00deegar hermennirnir h\u00f6f\u00f0u krossfest Jes\u00fa t\u00f3ku \u00feeir kl\u00e6\u00f0i hans og skiptu \u00ed fj\u00f3ra hluti og f\u00e9kk hver sinn hlut. \u00deeir t\u00f3ku og kyrtilinn en hann var saumlaus, ofinn \u00ed eitt ofan fr\u00e1 og ni\u00f0ur \u00far. <a name=\"24\"><span class=\"versanumer_2007\">24<\/span><\/a> \u00deeir s\u00f6g\u00f0u \u00fev\u00ed hver vi\u00f0 annan: \u201eR\u00edfum hann ekki sundur, k\u00f6stum heldur hlut um hver skuli f\u00e1 hann.\u201c Svo r\u00e6ttist ritningin: <br \/> <span class=\"ljodatexti\"> \u00deeir skiptu me\u00f0 s\u00e9r kl\u00e6\u00f0um m\u00ednum <br \/>og k\u00f6stu\u00f0u hlut um kyrtil minn. <\/span> <br \/>\u00deetta ger\u00f0u hermennirnir.<br \/> <a name=\"25\"><span class=\"versanumer_2007\">25<\/span><\/a> En hj\u00e1 krossi Jes\u00fa st\u00f3\u00f0u m\u00f3\u00f0ir hans og m\u00f3\u00f0ursystir, Mar\u00eda, kona Kl\u00f3pa, og Mar\u00eda Magdalena. <a name=\"26\"><span class=\"versanumer_2007\">26<\/span><\/a> \u00deegar Jes\u00fas s\u00e1 m\u00f3\u00f0ur s\u00edna standa \u00fear og l\u00e6risveininn, sem hann elska\u00f0i, segir hann vi\u00f0 m\u00f3\u00f0ur s\u00edna: \u201eKona, n\u00fa er hann sonur \u00feinn.\u201c <a name=\"27\"><span class=\"versanumer_2007\">27<\/span><\/a> S\u00ed\u00f0an sag\u00f0i hann vi\u00f0 l\u00e6risveininn: \u201eN\u00fa er h\u00fan m\u00f3\u00f0ir \u00fe\u00edn.\u201c Og fr\u00e1 \u00feeirri stundu t\u00f3k l\u00e6risveinninn hana heim til s\u00edn. <\/p>\n<h3 class=\"millifyrirsogn_2007\">D\u00e1inn, grafinn<\/h3>\n<p><a name=\"28\"><span class=\"versanumer_2007\">28<\/span><\/a> Jes\u00fas vissi a\u00f0 allt var \u00feegar fullkomna\u00f0. \u00de\u00e1 sag\u00f0i hann til \u00feess a\u00f0 ritningin r\u00e6ttist: \u201eMig \u00feyrstir.\u201c <br \/> <a name=\"29\"><span class=\"versanumer_2007\">29<\/span><\/a> \u00dear st\u00f3\u00f0 ker fullt af ediki. Hermennirnir v\u00e6ttu njar\u00f0arv\u00f6tt \u00ed ediki, settu hann \u00e1 \u00eds\u00f3pslegg og b\u00e1ru a\u00f0 munni honum. <a name=\"30\"><span class=\"versanumer_2007\">30<\/span><\/a> \u00deegar Jes\u00fas haf\u00f0i fengi\u00f0 ediki\u00f0 sag\u00f0i hann: \u201e\u00dea\u00f0 er fullkomna\u00f0.\u201c \u00de\u00e1 hneig\u00f0i hann h\u00f6fu\u00f0i\u00f0 og gaf upp andann. <br \/> <a name=\"31\"><span class=\"versanumer_2007\">31<\/span><\/a> N\u00fa var a\u00f0fangadagur og til \u00feess a\u00f0 l\u00edkin v\u00e6ru ekki \u00e1 krossunum hv\u00edldardaginn b\u00e1\u00f0u Gy\u00f0ingar P\u00edlatus a\u00f0 l\u00e1ta brj\u00f3ta f\u00f3tleggi \u00feeirra og taka l\u00edkin ofan enda var mikil helgi \u00feess hv\u00edldardags. <a name=\"32\"><span class=\"versanumer_2007\">32<\/span><\/a> Hermenn komu \u00fev\u00ed og brutu f\u00f3tleggi \u00feeirra sem me\u00f0 honum voru krossfestir, fyrst annars, svo hins. <a name=\"33\"><span class=\"versanumer_2007\">33<\/span><\/a> \u00deegar \u00feeir komu a\u00f0 Jes\u00fa og s\u00e1u a\u00f0 hann var \u00feegar d\u00e1inn brutu \u00feeir ekki f\u00f3tleggi hans. <a name=\"34\"><span class=\"versanumer_2007\">34<\/span><\/a> En einn af herm\u00f6nnunum stakk spj\u00f3ti s\u00ednu \u00ed s\u00ed\u00f0u hans og rann jafnskj\u00f3tt \u00fat bl\u00f3\u00f0 og vatn. <a name=\"35\"><span class=\"versanumer_2007\">35<\/span><\/a> S\u00e1 er s\u00e9\u00f0 hefur vitnar \u00feetta svo a\u00f0 \u00fei\u00f0 tr\u00fai\u00f0 l\u00edka og vitnisbur\u00f0ur hans er sannur. Og hann veit a\u00f0 hann segir satt. <a name=\"36\"><span class=\"versanumer_2007\">36<\/span><\/a> \u00deetta var\u00f0 til \u00feess a\u00f0 ritningin r\u00e6ttist: \u201eEkkert bein hans skal broti\u00f0.\u201c <a name=\"37\"><span class=\"versanumer_2007\">37<\/span><\/a> Og enn segir \u00f6nnur ritning: \u201e\u00deeir munu horfa til hans sem \u00feeir l\u00f6g\u00f0u \u00ed gegn.\u201c <br \/> <a name=\"38\"><span class=\"versanumer_2007\">38<\/span><\/a> J\u00f3sef fr\u00e1 Ar\u00edma\u00feeu, sem var l\u00e6risveinn Jes\u00fa en \u00e1 laun af \u00f3tta vi\u00f0 r\u00e1\u00f0amenn Gy\u00f0inga,<span class=\"nedan_mal\" title=\" Or\u00f0r\u00e9tt: Gy\u00f0inga.\">[<\/span> ba\u00f0 s\u00ed\u00f0an P\u00edlatus a\u00f0 mega taka ofan l\u00edkama Jes\u00fa. P\u00edlatus leyf\u00f0i \u00fea\u00f0. Hann kom \u00fe\u00e1 og t\u00f3k ofan l\u00edkama hans. <a name=\"39\"><span class=\"versanumer_2007\">39<\/span><\/a> \u00dear kom l\u00edka Nik\u00f3demus, er fyrrum haf\u00f0i komi\u00f0 til hans um n\u00f3tt, og haf\u00f0i me\u00f0 s\u00e9r bl\u00f6ndu af myrru og al\u00f3e, n\u00e6r hundra\u00f0 pundum. <a name=\"40\"><span class=\"versanumer_2007\">40<\/span><\/a> \u00deeir t\u00f3ku n\u00fa l\u00edkama Jes\u00fa og sveipu\u00f0u hann l\u00ednbl\u00e6jum me\u00f0 ilmjurtunum eins og Gy\u00f0ingar b\u00faa l\u00edk til greftrunar. <a name=\"41\"><span class=\"versanumer_2007\">41<\/span><\/a> En \u00e1 sta\u00f0num, \u00fear sem hann var krossfestur, var grasgar\u00f0ur og \u00ed gar\u00f0inum n\u00fd gr\u00f6f sem enginn haf\u00f0i enn veri\u00f0 lag\u00f0ur \u00ed. <a name=\"42\"><span class=\"versanumer_2007\">42<\/span><\/a> \u00dear l\u00f6g\u00f0u \u00feeir Jes\u00fa \u00fev\u00ed \u00fea\u00f0 var a\u00f0fangadagur Gy\u00f0inga og gr\u00f6fin var n\u00e6rri. <\/p>\n","protected":false},"excerpt":{"rendered":"<p>1 \u00de\u00e1 l\u00e9t P\u00edlatus taka Jes\u00fa og h\u00fa\u00f0str\u00fdkja hann. 2 Hermennirnir fl\u00e9ttu\u00f0u k\u00f3r\u00f3nu \u00far \u00feyrnum og settu \u00e1 h\u00f6fu\u00f0 honum og l\u00f6g\u00f0u yfir hann purpurak\u00e1pu. 3 \u00deeir gengu hver af \u00f6\u00f0rum fyrir hann og s\u00f6g\u00f0u: \u201eS\u00e6ll \u00fe\u00fa, konungur Gy\u00f0inga,\u201c og sl\u00f3gu hann \u00ed andliti\u00f0. 4 P\u00edlatus gekk aftur \u00fat fyrir og sag\u00f0i vi\u00f0 f\u00f3lki\u00f0: \u201eN\u00fa lei\u00f0i \u00e9g hann \u00fat til ykkar svo a\u00f0 \u00fei\u00f0 skilji\u00f0 a\u00f0 \u00e9g finn enga s\u00f6k hj\u00e1 honum.\u201c 5 Jes\u00fas kom \u00fe\u00e1 \u00fat fyrir me\u00f0 \u00feyrnik\u00f3r\u00f3nuna og \u00ed purpurak\u00e1punni. P\u00edlatus segir vi\u00f0 f\u00f3lki\u00f0: \u201eSj\u00e1i\u00f0 manninn!\u201c 6 \u00deegar \u00e6\u00f0stu prestarnir og ver\u00f0irnir s\u00e1u hann \u00e6ptu \u00feeir: \u201eKrossfestu, <a href=\"https:\/\/biblian.is\/biblian\/johannesargudspjall-19-kafli\/\"> [&#8230;]<\/a><\/p>\n","protected":false},"author":1,"featured_media":0,"parent":0,"menu_order":0,"comment_status":"open","ping_status":"open","template":"bibliukaflar_NT.php","meta":{"footnotes":""},"class_list":["post-2633","page","type-page","status-publish","hentry"],"_links":{"self":[{"href":"https:\/\/biblian.is\/biblian\/wp-json\/wp\/v2\/pages\/2633","targetHints":{"allow":["GET"]}}],"collection":[{"href":"https:\/\/biblian.is\/biblian\/wp-json\/wp\/v2\/pages"}],"about":[{"href":"https:\/\/biblian.is\/biblian\/wp-json\/wp\/v2\/types\/page"}],"author":[{"embeddable":true,"href":"https:\/\/biblian.is\/biblian\/wp-json\/wp\/v2\/users\/1"}],"replies":[{"embeddable":true,"href":"https:\/\/biblian.is\/biblian\/wp-json\/wp\/v2\/comments?post=2633"}],"version-history":[{"count":0,"href":"https:\/\/biblian.is\/biblian\/wp-json\/wp\/v2\/pages\/2633\/revisions"}],"wp:attachment":[{"href":"https:\/\/biblian.is\/biblian\/wp-json\/wp\/v2\/media?parent=2633"}],"curies":[{"name":"wp","href":"https:\/\/api.w.org\/{rel}","templated":true}]}}