{"id":2632,"date":"2017-12-30T21:04:01","date_gmt":"2017-12-30T21:04:01","guid":{"rendered":"http:\/\/biblian.is\/biblian\/j%c2%97hannesargu_spjall-18-kafli\/"},"modified":"2019-08-26T22:47:46","modified_gmt":"2019-08-26T22:47:46","slug":"johannesargudspjall-18-kafli","status":"publish","type":"page","link":"https:\/\/biblian.is\/biblian\/johannesargudspjall-18-kafli\/","title":{"rendered":"J\u00f3hannesargu\u00f0spjall 18. kafli"},"content":{"rendered":"<h3 class=\"millifyrirsogn_2007\"> Jes\u00fas tekinn h\u00f6ndum<\/h3>\n<p><a name=\"1\"><span class=\"versanumer_2007\">1<\/span><\/a> \u00deegar Jes\u00fas haf\u00f0i \u00feetta m\u00e6lt f\u00f3r hann \u00fat me\u00f0 l\u00e6risveinum s\u00ednum og yfir um l\u00e6kinn Kedron. \u00dear var grasgar\u00f0ur sem Jes\u00fas gekk inn \u00ed og l\u00e6risveinar hans. <a name=\"2\"><span class=\"versanumer_2007\">2<\/span><\/a> J\u00fadas, sem sveik hann, \u00feekkti l\u00edka \u00feennan sta\u00f0 \u00fev\u00ed Jes\u00fas og l\u00e6risveinar hans h\u00f6f\u00f0u oft komi\u00f0 \u00fear saman. <a name=\"3\"><span class=\"versanumer_2007\">3<\/span><\/a> J\u00fadas t\u00f3k me\u00f0 s\u00e9r flokk hermanna og ver\u00f0i fr\u00e1 \u00e6\u00f0stu prestum og far\u00edseum. \u00deeir koma \u00fear me\u00f0 blysum, l\u00f6mpum og vopnum. <a name=\"4\"><span class=\"versanumer_2007\">4<\/span><\/a> Jes\u00fas vissi allt sem yfir hann mundi koma, gekk fram og sag\u00f0i vi\u00f0 \u00fe\u00e1: \u201eA\u00f0 hverjum leiti\u00f0 \u00fei\u00f0?\u201c <br \/> <a name=\"5\"><span class=\"versanumer_2007\">5<\/span><\/a> \u00deeir sv\u00f6ru\u00f0u honum: \u201eA\u00f0 Jes\u00fa fr\u00e1 Nasaret.\u201c <br \/>Hann segir vi\u00f0 \u00fe\u00e1: \u201e\u00c9g er hann.\u201c<br \/>En J\u00fadas, sem sveik hann, st\u00f3\u00f0 l\u00edka hj\u00e1 \u00feeim. <a name=\"6\"><span class=\"versanumer_2007\">6<\/span><\/a> \u00deegar Jes\u00fas sag\u00f0i vi\u00f0 \u00fe\u00e1: \u201e\u00c9g er hann,\u201c hopu\u00f0u \u00feeir \u00e1 h\u00e6l og f\u00e9llu til jar\u00f0ar. <a name=\"7\"><span class=\"versanumer_2007\">7<\/span><\/a> \u00de\u00e1 spur\u00f0i hann \u00fe\u00e1 aftur: \u201eA\u00f0 hverjum leiti\u00f0 \u00fei\u00f0?\u201c <br \/>\u00deeir sv\u00f6ru\u00f0u: \u201eA\u00f0 Jes\u00fa fr\u00e1 Nasaret.\u201c <br \/> <a name=\"8\"><span class=\"versanumer_2007\">8<\/span><\/a> Jes\u00fas m\u00e6lti: \u201e\u00c9g sag\u00f0i ykkur a\u00f0 \u00e9g v\u00e6ri hann. Ef \u00fei\u00f0 leiti\u00f0 m\u00edn \u00fe\u00e1 lofi\u00f0 \u00feessum a\u00f0 fara.\u201c <a name=\"9\"><span class=\"versanumer_2007\">9<\/span><\/a> \u00deannig r\u00e6ttist or\u00f0 hans er hann haf\u00f0i m\u00e6lt: \u201eEngum glata\u00f0i \u00e9g af \u00feeim sem \u00fe\u00fa gafst m\u00e9r.\u201c <br \/> <a name=\"10\"><span class=\"versanumer_2007\">10<\/span><\/a> S\u00edmon P\u00e9tur haf\u00f0i sver\u00f0, br\u00e1 \u00fev\u00ed og hj\u00f3 til \u00fej\u00f3ns \u00e6\u00f0sta prestsins og snei\u00f0 af honum h\u00e6gra eyra\u00f0. \u00dej\u00f3nninn h\u00e9t Malkus. <a name=\"11\"><span class=\"versanumer_2007\">11<\/span><\/a> \u00de\u00e1 sag\u00f0i Jes\u00fas vi\u00f0 P\u00e9tur: \u201eSl\u00ed\u00f0ra \u00fe\u00fa sver\u00f0 \u00feitt. \u00c1 \u00e9g ekki a\u00f0 drekka kaleikinn sem fa\u00f0irinn hefur fengi\u00f0 m\u00e9r?\u201c <\/p>\n<h3 class=\"millifyrirsogn_2007\">Jes\u00fas yfirheyr\u00f0ur<\/h3>\n<p><a name=\"12\"><span class=\"versanumer_2007\">12<\/span><\/a> Hermennirnir, foringinn og var\u00f0menn Gy\u00f0inga<span class=\"nedan_mal\" title=\" \u00de.e. \u00fej\u00f3nar \u00e6\u00f0sta r\u00e1\u00f0sins.\">[<\/span> t\u00f3ku n\u00fa Jes\u00fa h\u00f6ndum, bundu hann <a name=\"13\"><span class=\"versanumer_2007\">13<\/span><\/a> og f\u00e6r\u00f0u hann fyrst til Annasar. Hann var tengdafa\u00f0ir Ka\u00edfasar sem var \u00e6\u00f0sti prestur \u00fea\u00f0 \u00e1r. <a name=\"14\"><span class=\"versanumer_2007\">14<\/span><\/a> En Ka\u00edfas var s\u00e1 sem haf\u00f0i gefi\u00f0 Gy\u00f0ingum \u00fea\u00f0 r\u00e1\u00f0 a\u00f0 betra v\u00e6ri a\u00f0 einn ma\u00f0ur d\u00e6i fyrir l\u00fd\u00f0inn. <br \/> <a name=\"15\"><span class=\"versanumer_2007\">15<\/span><\/a> S\u00edmon P\u00e9tur fylgdi Jes\u00fa og annar l\u00e6risveinn. S\u00e1 l\u00e6risveinn var kunnugur \u00e6\u00f0sta prestinum og f\u00f3r me\u00f0 Jes\u00fa inn \u00ed hallargar\u00f0 \u00e6\u00f0sta prestsins. <a name=\"16\"><span class=\"versanumer_2007\">16<\/span><\/a> En P\u00e9tur st\u00f3\u00f0 utan dyra. Hinn l\u00e6risveinninn, sem var kunnugur \u00e6\u00f0sta prestinum, kom \u00fat aftur, tala\u00f0i vi\u00f0 \u00feernuna, sem g\u00e6tti dyra, og f\u00f3r inn me\u00f0 P\u00e9tur. <a name=\"17\"><span class=\"versanumer_2007\">17<\/span><\/a> \u00deernan vi\u00f0 dyrnar sag\u00f0i \u00fe\u00e1 vi\u00f0 P\u00e9tur: \u201eErt \u00fe\u00fa ekki l\u00edka einn af l\u00e6risveinum \u00feessa manns?\u201c <br \/>Hann sag\u00f0i: \u201eEkki er \u00e9g \u00fea\u00f0.\u201c <br \/> <a name=\"18\"><span class=\"versanumer_2007\">18<\/span><\/a> \u00dej\u00f3narnir og var\u00f0mennirnir h\u00f6f\u00f0u kveikt kolaeld \u00fev\u00ed kalt var og st\u00f3\u00f0u vi\u00f0 hann og vermdu sig. P\u00e9tur st\u00f3\u00f0 hj\u00e1 \u00feeim og orna\u00f0i s\u00e9r. <br \/> <a name=\"19\"><span class=\"versanumer_2007\">19<\/span><\/a> N\u00fa spur\u00f0i \u00e6\u00f0sti presturinn Jes\u00fa um l\u00e6risveina hans og kenningu hans. <br \/> <a name=\"20\"><span class=\"versanumer_2007\">20<\/span><\/a> Jes\u00fas svara\u00f0i honum: \u201e\u00c9g hef tala\u00f0 \u00ed \u00e1heyrn allra. \u00c9g hef \u00e6t\u00ed\u00f0 kennt \u00ed samkundunni og \u00ed helgid\u00f3minum \u00fear sem allir Gy\u00f0ingar safnast saman en \u00ed leynum hef \u00e9g ekkert tala\u00f0. <a name=\"21\"><span class=\"versanumer_2007\">21<\/span><\/a> Hv\u00ed spyr \u00fe\u00fa mig? Spyr\u00f0u \u00fe\u00e1 sem heyrt hafa hva\u00f0 \u00e9g hef vi\u00f0 \u00fe\u00e1 tala\u00f0. \u00deeir vita hva\u00f0 \u00e9g hef sagt.\u201c <br \/> <a name=\"22\"><span class=\"versanumer_2007\">22<\/span><\/a> \u00deegar Jes\u00fas sag\u00f0i \u00feetta rak einn var\u00f0ma\u00f0ur, sem \u00fear st\u00f3\u00f0, honum l\u00f6\u00f0rung og sag\u00f0i: \u201eSvarar \u00fe\u00fa \u00e6\u00f0sta prestinum svona?\u201c <br \/> <a name=\"23\"><span class=\"versanumer_2007\">23<\/span><\/a> Jes\u00fas svara\u00f0i honum: \u201eHafi \u00e9g illa m\u00e6lt \u00fe\u00e1 sanna \u00fe\u00fa a\u00f0 svo hafi veri\u00f0 en hafi \u00e9g r\u00e9tt a\u00f0 m\u00e6la, hv\u00ed sl\u00e6r \u00fe\u00fa mig?\u201c <a name=\"24\"><span class=\"versanumer_2007\">24<\/span><\/a> \u00de\u00e1 sendi Annas hann bundinn til Ka\u00edfasar \u00e6\u00f0sta prests. <br \/> <a name=\"25\"><span class=\"versanumer_2007\">25<\/span><\/a> En S\u00edmon P\u00e9tur st\u00f3\u00f0 og vermdi sig. Hann var \u00fe\u00e1 spur\u00f0ur: \u201eErt \u00fe\u00fa ekki l\u00edka einn af l\u00e6risveinum hans?\u201c <br \/>Hann neita\u00f0i \u00fev\u00ed og sag\u00f0i: \u201eEkki er \u00e9g \u00fea\u00f0.\u201c <br \/> <a name=\"26\"><span class=\"versanumer_2007\">26<\/span><\/a> \u00de\u00e1 sag\u00f0i einn af \u00fej\u00f3num \u00e6\u00f0sta prestsins, fr\u00e6ndi \u00feess sem P\u00e9tur snei\u00f0 af eyra\u00f0: \u201eS\u00e1 \u00e9g \u00feig ekki \u00ed grasgar\u00f0inum me\u00f0 honum?\u201c <br \/> <a name=\"27\"><span class=\"versanumer_2007\">27<\/span><\/a> Aftur neita\u00f0i P\u00e9tur og um lei\u00f0 g\u00f3l hani. <\/p>\n<h3 class=\"millifyrirsogn_2007\">Fyrir P\u00edlatusi<\/h3>\n<p><a name=\"28\"><span class=\"versanumer_2007\">28<\/span><\/a> Menn \u00e6\u00f0sta prestsins f\u00f3ru n\u00fa me\u00f0 Jes\u00fa fr\u00e1 Ka\u00edfasi til hallar landsh\u00f6f\u00f0ingjans. \u00dea\u00f0 var snemma morguns. \u00deeir f\u00f3ru ekki sj\u00e1lfir inn \u00ed h\u00f6llina svo a\u00f0 \u00feeir saurgu\u00f0ust ekki heldur m\u00e6ttu neyta p\u00e1skam\u00e1lt\u00ed\u00f0ar. <a name=\"29\"><span class=\"versanumer_2007\">29<\/span><\/a> P\u00edlatus kom \u00fat til \u00feeirra og sag\u00f0i: \u201eHva\u00f0a \u00e1k\u00e6ru beri\u00f0 \u00fei\u00f0 fram gegn \u00feessum manni?\u201c <br \/> <a name=\"30\"><span class=\"versanumer_2007\">30<\/span><\/a> \u00deeir sv\u00f6ru\u00f0u: \u201eEf \u00feetta v\u00e6ri ekki illvirki hef\u00f0um vi\u00f0 ekki selt hann \u00fe\u00e9r \u00ed hendur.\u201c <br \/> <a name=\"31\"><span class=\"versanumer_2007\">31<\/span><\/a> P\u00edlatus segir vi\u00f0 \u00fe\u00e1: \u201eTaki\u00f0 \u00fei\u00f0 hann og d\u00e6mi\u00f0 hann eftir ykkar l\u00f6gum.\u201c <br \/>\u00deeir<span class=\"nedan_mal\" title=\" Or\u00f0r\u00e9tt: Gy\u00f0ingar. \">[<\/span> sv\u00f6ru\u00f0u: \u201eOkkur leyfist ekki a\u00f0 taka neinn af l\u00edfi.\u201c <a name=\"32\"><span class=\"versanumer_2007\">32<\/span><\/a> \u00deannig r\u00e6ttist or\u00f0 Jes\u00fa \u00feegar hann gaf til kynna me\u00f0 hva\u00f0a h\u00e6tti hann \u00e6tti a\u00f0 deyja. <br \/> <a name=\"33\"><span class=\"versanumer_2007\">33<\/span><\/a> P\u00edlatus gekk \u00fe\u00e1 aftur inn \u00ed h\u00f6llina, kalla\u00f0i Jes\u00fa fyrir sig og sag\u00f0i vi\u00f0 hann: \u201eErt \u00fe\u00fa konungur Gy\u00f0inga?\u201c <br \/> <a name=\"34\"><span class=\"versanumer_2007\">34<\/span><\/a> Jes\u00fas svara\u00f0i: \u201eEru \u00feetta \u00fe\u00edn or\u00f0 e\u00f0a hafa a\u00f0rir sagt \u00fe\u00e9r fr\u00e1 m\u00e9r?\u201c <br \/> <a name=\"35\"><span class=\"versanumer_2007\">35<\/span><\/a> P\u00edlatus svara\u00f0i: \u201eEr \u00e9g \u00fe\u00e1 Gy\u00f0ingur? \u00dej\u00f3\u00f0 \u00fe\u00edn og \u00e6\u00f0stu prestarnir hafa selt \u00feig m\u00e9r \u00ed hendur. Hva\u00f0 hefur \u00fe\u00fa gert?\u201c <br \/> <a name=\"36\"><span class=\"versanumer_2007\">36<\/span><\/a> Jes\u00fas svara\u00f0i: \u201eMitt r\u00edki er ekki af \u00feessum heimi. V\u00e6ri mitt r\u00edki af \u00feessum heimi hef\u00f0u \u00fej\u00f3nar m\u00ednir barist svo \u00e9g yr\u00f0i ekki framseldur Gy\u00f0ingum. En n\u00fa er r\u00edki mitt ekki \u00fea\u00f0an.\u201c <br \/> <a name=\"37\"><span class=\"versanumer_2007\">37<\/span><\/a> \u00de\u00e1 segir P\u00edlatus vi\u00f0 hann: \u201e\u00de\u00fa ert \u00fe\u00e1 konungur?\u201c <br \/>Jes\u00fas svara\u00f0i: \u201eR\u00e9tt segir \u00fe\u00fa. \u00c9g er konungur.<span class=\"nedan_mal\" title=\" E\u00f0a: \u201e\u00de\u00fa segir a\u00f0 \u00e9g s\u00e9 konungur.\u201c\">[<\/span> Til \u00feess er \u00e9g f\u00e6ddur og til \u00feess er \u00e9g kominn \u00ed heiminn a\u00f0 \u00e9g beri sannleikanum vitni. Hver sem er sannleikans megin heyrir m\u00edna r\u00f6dd.\u201c <br \/> <a name=\"38\"><span class=\"versanumer_2007\">38<\/span><\/a> P\u00edlatus segir vi\u00f0 hann: \u201eHva\u00f0 er sannleikur?\u201c <\/p>\n<h3 class=\"millifyrirsogn_2007\">Jes\u00fas d\u00e6mdur til dau\u00f0a<\/h3>\n<p>A\u00f0 svo m\u00e6ltu gekk hann aftur \u00fat til Gy\u00f0inga og sag\u00f0i vi\u00f0 \u00fe\u00e1: \u201e\u00c9g finn enga s\u00f6k hj\u00e1 honum. <a name=\"39\"><span class=\"versanumer_2007\">39<\/span><\/a> \u00dei\u00f0 eru\u00f0 vanir \u00fev\u00ed a\u00f0 \u00e9g gefi ykkur einn mann lausan \u00e1 p\u00e1skunum. Vilji\u00f0 \u00fei\u00f0 n\u00fa a\u00f0 \u00e9g gefi ykkur lausan konung Gy\u00f0inga?\u201c <br \/> <a name=\"40\"><span class=\"versanumer_2007\">40<\/span><\/a> \u00deeir hr\u00f3pu\u00f0u \u00e1 m\u00f3ti: \u201eEkki hann heldur Barabbas.\u201c En Barabbas var r\u00e6ningi. <\/p>\n","protected":false},"excerpt":{"rendered":"<p>Jes\u00fas tekinn h\u00f6ndum 1 \u00deegar Jes\u00fas haf\u00f0i \u00feetta m\u00e6lt f\u00f3r hann \u00fat me\u00f0 l\u00e6risveinum s\u00ednum og yfir um l\u00e6kinn Kedron. \u00dear var grasgar\u00f0ur sem Jes\u00fas gekk inn \u00ed og l\u00e6risveinar hans. 2 J\u00fadas, sem sveik hann, \u00feekkti l\u00edka \u00feennan sta\u00f0 \u00fev\u00ed Jes\u00fas og l\u00e6risveinar hans h\u00f6f\u00f0u oft komi\u00f0 \u00fear saman. 3 J\u00fadas t\u00f3k me\u00f0 s\u00e9r flokk hermanna og ver\u00f0i fr\u00e1 \u00e6\u00f0stu prestum og far\u00edseum. \u00deeir koma \u00fear me\u00f0 blysum, l\u00f6mpum og vopnum. 4 Jes\u00fas vissi allt sem yfir hann mundi koma, gekk fram og sag\u00f0i vi\u00f0 \u00fe\u00e1: \u201eA\u00f0 hverjum leiti\u00f0 \u00fei\u00f0?\u201c 5 \u00deeir sv\u00f6ru\u00f0u honum: \u201eA\u00f0 Jes\u00fa fr\u00e1 Nasaret.\u201c Hann <a href=\"https:\/\/biblian.is\/biblian\/johannesargudspjall-18-kafli\/\"> [&#8230;]<\/a><\/p>\n","protected":false},"author":1,"featured_media":0,"parent":0,"menu_order":0,"comment_status":"open","ping_status":"open","template":"bibliukaflar_NT.php","meta":{"footnotes":""},"class_list":["post-2632","page","type-page","status-publish","hentry"],"_links":{"self":[{"href":"https:\/\/biblian.is\/biblian\/wp-json\/wp\/v2\/pages\/2632","targetHints":{"allow":["GET"]}}],"collection":[{"href":"https:\/\/biblian.is\/biblian\/wp-json\/wp\/v2\/pages"}],"about":[{"href":"https:\/\/biblian.is\/biblian\/wp-json\/wp\/v2\/types\/page"}],"author":[{"embeddable":true,"href":"https:\/\/biblian.is\/biblian\/wp-json\/wp\/v2\/users\/1"}],"replies":[{"embeddable":true,"href":"https:\/\/biblian.is\/biblian\/wp-json\/wp\/v2\/comments?post=2632"}],"version-history":[{"count":0,"href":"https:\/\/biblian.is\/biblian\/wp-json\/wp\/v2\/pages\/2632\/revisions"}],"wp:attachment":[{"href":"https:\/\/biblian.is\/biblian\/wp-json\/wp\/v2\/media?parent=2632"}],"curies":[{"name":"wp","href":"https:\/\/api.w.org\/{rel}","templated":true}]}}