{"id":2631,"date":"2017-12-30T21:04:01","date_gmt":"2017-12-30T21:04:01","guid":{"rendered":"http:\/\/biblian.is\/biblian\/j%c2%97hannesargu_spjall-17-kafli\/"},"modified":"2019-08-26T22:47:46","modified_gmt":"2019-08-26T22:47:46","slug":"johannesargudspjall-17-kafli","status":"publish","type":"page","link":"https:\/\/biblian.is\/biblian\/johannesargudspjall-17-kafli\/","title":{"rendered":"J\u00f3hannesargu\u00f0spjall 17. kafli"},"content":{"rendered":"<h3 class=\"millifyrirsogn_2007\"> Fyrirb\u00e6n Jes\u00fa<\/h3>\n<p><a name=\"1\"><span class=\"versanumer_2007\">1<\/span><\/a> \u00deetta tala\u00f0i Jes\u00fas, h\u00f3f augu s\u00edn til himins og sag\u00f0i: \u201eFa\u00f0ir, stundin er komin. Ger son \u00feinn d\u00fdrlegan til \u00feess a\u00f0 sonurinn geri \u00feig d\u00fdrlegan. <a name=\"2\"><span class=\"versanumer_2007\">2<\/span><\/a> \u00de\u00fa gafst honum vald yfir \u00f6llum m\u00f6nnum a\u00f0 hann gefi eil\u00edft l\u00edf \u00f6llum \u00feeim sem \u00fe\u00fa hefur gefi\u00f0 honum. <a name=\"3\"><span class=\"versanumer_2007\">3<\/span><\/a> En \u00fea\u00f0 er hi\u00f0 eil\u00edfa l\u00edf a\u00f0 \u00feekkja \u00feig, hinn eina sanna Gu\u00f0, og \u00feann sem \u00fe\u00fa sendir, Jes\u00fa Krist. <a name=\"4\"><span class=\"versanumer_2007\">4<\/span><\/a> \u00c9g hef gert \u00feig d\u00fdrlegan \u00e1 j\u00f6r\u00f0u me\u00f0 \u00fev\u00ed a\u00f0 fullkomna \u00fea\u00f0 verk sem \u00fe\u00fa f\u00e9kkst m\u00e9r a\u00f0 vinna. <a name=\"5\"><span class=\"versanumer_2007\">5<\/span><\/a> Fa\u00f0ir, ger mig n\u00fa d\u00fdrlegan hj\u00e1 \u00fe\u00e9r me\u00f0 \u00feeirri d\u00fdr\u00f0 sem \u00e9g haf\u00f0i hj\u00e1 \u00fe\u00e9r \u00e1\u00f0ur en heimur var til.<br \/> <a name=\"6\"><span class=\"versanumer_2007\">6<\/span><\/a> \u00c9g hef opinbera\u00f0 nafn \u00feitt \u00feeim m\u00f6nnum sem \u00fe\u00fa gafst m\u00e9r \u00far heiminum. \u00deeir voru \u00fe\u00ednir og \u00fe\u00fa gafst m\u00e9r \u00fe\u00e1, og \u00feeir hafa var\u00f0veitt \u00feitt or\u00f0. <a name=\"7\"><span class=\"versanumer_2007\">7<\/span><\/a> \u00deeir vita n\u00fa a\u00f0 allt sem \u00fe\u00fa hefur gefi\u00f0 m\u00e9r er fr\u00e1 \u00fe\u00e9r <a name=\"8\"><span class=\"versanumer_2007\">8<\/span><\/a> \u00fev\u00ed \u00e9g hef flutt \u00feeim \u00feau or\u00f0 sem \u00fe\u00fa gafst m\u00e9r. \u00deeir t\u00f3ku vi\u00f0 \u00feeim og vita me\u00f0 sanni a\u00f0 \u00e9g er fr\u00e1 \u00fe\u00e9r \u00fat genginn, og tr\u00faa \u00fev\u00ed a\u00f0 \u00fe\u00fa hafir sent mig.<br \/> <a name=\"9\"><span class=\"versanumer_2007\">9<\/span><\/a> \u00c9g bi\u00f0 fyrir \u00feeim. \u00c9g bi\u00f0 ekki fyrir heiminum heldur fyrir \u00feeim sem \u00fe\u00fa hefur gefi\u00f0 m\u00e9r \u00fev\u00ed a\u00f0 \u00feeir eru \u00fe\u00ednir <a name=\"10\"><span class=\"versanumer_2007\">10<\/span><\/a> og allt mitt er \u00feitt og \u00feitt er mitt. \u00cd \u00feeim er \u00e9g d\u00fdrlegur or\u00f0inn. <a name=\"11\"><span class=\"versanumer_2007\">11<\/span><\/a> \u00c9g er ekki lengur \u00ed heiminum. \u00deeir eru \u00ed heiminum en \u00e9g kem til \u00fe\u00edn. Heilagi fa\u00f0ir, var\u00f0veit \u00fe\u00e1 \u00ed \u00fe\u00ednu nafni, \u00fev\u00ed nafni sem \u00fe\u00fa hefur gefi\u00f0 m\u00e9r, svo a\u00f0 \u00feeir ver\u00f0i eitt eins og vi\u00f0. <a name=\"12\"><span class=\"versanumer_2007\">12<\/span><\/a> Me\u00f0an \u00e9g var hj\u00e1 \u00feeim var\u00f0veitti \u00e9g \u00fe\u00e1 \u00ed nafni \u00fe\u00ednu sem \u00fe\u00fa hefur gefi\u00f0 m\u00e9r, og g\u00e6tti \u00feeirra og enginn \u00feeirra glata\u00f0ist nema sonur gl\u00f6tunarinnar svo a\u00f0 ritningin r\u00e6ttist. <a name=\"13\"><span class=\"versanumer_2007\">13<\/span><\/a> N\u00fa kem \u00e9g til \u00fe\u00edn. \u00deetta tala \u00e9g \u00ed heiminum til \u00feess a\u00f0 \u00feeir eigi \u00ed sj\u00e1lfum s\u00e9r f\u00f6gnu\u00f0 minn fullkominn. <a name=\"14\"><span class=\"versanumer_2007\">14<\/span><\/a> \u00c9g hef gefi\u00f0 \u00feeim or\u00f0 \u00feitt og heimurinn hata\u00f0i \u00fe\u00e1 af \u00fev\u00ed a\u00f0 \u00feeir eru ekki af heiminum, eins og \u00e9g er ekki af heiminum. <a name=\"15\"><span class=\"versanumer_2007\">15<\/span><\/a> \u00c9g bi\u00f0 ekki a\u00f0 \u00fe\u00fa takir \u00fe\u00e1 \u00far heiminum heldur a\u00f0 \u00fe\u00fa var\u00f0veitir \u00fe\u00e1 fr\u00e1 hinu illa. <a name=\"16\"><span class=\"versanumer_2007\">16<\/span><\/a> \u00deeir eru ekki af heiminum, eins og \u00e9g er ekki af heiminum. <a name=\"17\"><span class=\"versanumer_2007\">17<\/span><\/a> Helga \u00fe\u00e1 \u00ed sannleikanum. \u00deitt or\u00f0 er sannleikur. <a name=\"18\"><span class=\"versanumer_2007\">18<\/span><\/a> \u00c9g hef sent \u00fe\u00e1 \u00ed heiminn, eins og \u00fe\u00fa sendir mig \u00ed heiminn. <a name=\"19\"><span class=\"versanumer_2007\">19<\/span><\/a> \u00c9g helga mig fyrir \u00fe\u00e1 svo a\u00f0 \u00feeir s\u00e9u einnig helga\u00f0ir \u00ed sannleika.<br \/> <a name=\"20\"><span class=\"versanumer_2007\">20<\/span><\/a> \u00c9g bi\u00f0 ekki einungis fyrir \u00feessum heldur og fyrir \u00feeim sem \u00e1 mig tr\u00faa fyrir or\u00f0 \u00feeirra, <a name=\"21\"><span class=\"versanumer_2007\">21<\/span><\/a> a\u00f0 allir s\u00e9u \u00feeir eitt, eins og \u00fe\u00fa, fa\u00f0ir, ert \u00ed m\u00e9r og \u00e9g \u00ed \u00fe\u00e9r, svo s\u00e9u \u00feeir einnig \u00ed okkur til \u00feess a\u00f0 heimurinn tr\u00fai a\u00f0 \u00fe\u00fa hafir sent mig. <a name=\"22\"><span class=\"versanumer_2007\">22<\/span><\/a> Og \u00e9g hef gefi\u00f0 \u00feeim \u00fe\u00e1 d\u00fdr\u00f0 sem \u00fe\u00fa gafst m\u00e9r svo a\u00f0 \u00feeir s\u00e9u eitt, eins og vi\u00f0 erum eitt, <a name=\"23\"><span class=\"versanumer_2007\">23<\/span><\/a> \u00e9g \u00ed \u00feeim og \u00fe\u00fa \u00ed m\u00e9r svo a\u00f0 \u00feeir ver\u00f0i fullkomlega eitt til \u00feess a\u00f0 heimurinn viti a\u00f0 \u00fe\u00fa hefur sent mig og a\u00f0 \u00fe\u00fa hefur elska\u00f0 \u00fe\u00e1, eins og \u00fe\u00fa hefur elska\u00f0 mig.<br \/> <a name=\"24\"><span class=\"versanumer_2007\">24<\/span><\/a> Fa\u00f0ir, \u00e9g vil a\u00f0 \u00feeir sem \u00fe\u00fa gafst m\u00e9r s\u00e9u hj\u00e1 m\u00e9r, \u00fear sem \u00e9g er, svo a\u00f0 \u00feeir sj\u00e1i d\u00fdr\u00f0 m\u00edna, sem \u00fe\u00fa hefur gefi\u00f0 m\u00e9r, af \u00fev\u00ed a\u00f0 \u00fe\u00fa elska\u00f0ir mig fyrir grundv\u00f6llun heims. <a name=\"25\"><span class=\"versanumer_2007\">25<\/span><\/a> R\u00e9ttl\u00e1ti fa\u00f0ir, heimurinn \u00feekkir \u00feig ekki en \u00e9g \u00feekki \u00feig, og \u00feessir vita a\u00f0 \u00fe\u00fa sendir mig. <a name=\"26\"><span class=\"versanumer_2007\">26<\/span><\/a> \u00c9g hef kunngj\u00f6rt \u00feeim nafn \u00feitt og mun kunngj\u00f6ra svo a\u00f0 k\u00e6rleikur \u00feinn, sem \u00fe\u00fa hefur au\u00f0s\u00fdnt m\u00e9r, s\u00e9 \u00ed \u00feeim og \u00e9g s\u00e9 \u00ed \u00feeim.\u201c <\/p>\n","protected":false},"excerpt":{"rendered":"<p>Fyrirb\u00e6n Jes\u00fa 1 \u00deetta tala\u00f0i Jes\u00fas, h\u00f3f augu s\u00edn til himins og sag\u00f0i: \u201eFa\u00f0ir, stundin er komin. Ger son \u00feinn d\u00fdrlegan til \u00feess a\u00f0 sonurinn geri \u00feig d\u00fdrlegan. 2 \u00de\u00fa gafst honum vald yfir \u00f6llum m\u00f6nnum a\u00f0 hann gefi eil\u00edft l\u00edf \u00f6llum \u00feeim sem \u00fe\u00fa hefur gefi\u00f0 honum. 3 En \u00fea\u00f0 er hi\u00f0 eil\u00edfa l\u00edf a\u00f0 \u00feekkja \u00feig, hinn eina sanna Gu\u00f0, og \u00feann sem \u00fe\u00fa sendir, Jes\u00fa Krist. 4 \u00c9g hef gert \u00feig d\u00fdrlegan \u00e1 j\u00f6r\u00f0u me\u00f0 \u00fev\u00ed a\u00f0 fullkomna \u00fea\u00f0 verk sem \u00fe\u00fa f\u00e9kkst m\u00e9r a\u00f0 vinna. 5 Fa\u00f0ir, ger mig n\u00fa d\u00fdrlegan hj\u00e1 \u00fe\u00e9r me\u00f0 \u00feeirri d\u00fdr\u00f0 <a href=\"https:\/\/biblian.is\/biblian\/johannesargudspjall-17-kafli\/\"> [&#8230;]<\/a><\/p>\n","protected":false},"author":1,"featured_media":0,"parent":0,"menu_order":0,"comment_status":"open","ping_status":"open","template":"bibliukaflar_NT.php","meta":{"footnotes":""},"class_list":["post-2631","page","type-page","status-publish","hentry"],"_links":{"self":[{"href":"https:\/\/biblian.is\/biblian\/wp-json\/wp\/v2\/pages\/2631","targetHints":{"allow":["GET"]}}],"collection":[{"href":"https:\/\/biblian.is\/biblian\/wp-json\/wp\/v2\/pages"}],"about":[{"href":"https:\/\/biblian.is\/biblian\/wp-json\/wp\/v2\/types\/page"}],"author":[{"embeddable":true,"href":"https:\/\/biblian.is\/biblian\/wp-json\/wp\/v2\/users\/1"}],"replies":[{"embeddable":true,"href":"https:\/\/biblian.is\/biblian\/wp-json\/wp\/v2\/comments?post=2631"}],"version-history":[{"count":0,"href":"https:\/\/biblian.is\/biblian\/wp-json\/wp\/v2\/pages\/2631\/revisions"}],"wp:attachment":[{"href":"https:\/\/biblian.is\/biblian\/wp-json\/wp\/v2\/media?parent=2631"}],"curies":[{"name":"wp","href":"https:\/\/api.w.org\/{rel}","templated":true}]}}