{"id":2629,"date":"2017-12-30T21:04:01","date_gmt":"2017-12-30T21:04:01","guid":{"rendered":"http:\/\/biblian.is\/biblian\/j%c2%97hannesargu_spjall-15-kafli\/"},"modified":"2019-08-26T22:47:46","modified_gmt":"2019-08-26T22:47:46","slug":"johannesargudspjall-15-kafli","status":"publish","type":"page","link":"https:\/\/biblian.is\/biblian\/johannesargudspjall-15-kafli\/","title":{"rendered":"J\u00f3hannesargu\u00f0spjall 15. kafli"},"content":{"rendered":"<h3 class=\"millifyrirsogn_2007\"> V\u00ednvi\u00f0urinn og greinarnar<\/h3>\n<p><a name=\"1\"><span class=\"versanumer_2007\">1<\/span><\/a> \u201e\u00c9g er hinn sanni v\u00ednvi\u00f0ur og fa\u00f0ir minn er v\u00ednyrkinn. <a name=\"2\"><span class=\"versanumer_2007\">2<\/span><\/a> Hverja \u00fe\u00e1 grein \u00e1 m\u00e9r sem ber ekki \u00e1v\u00f6xt sn\u00ed\u00f0ur hann af og hverja \u00fe\u00e1 sem \u00e1v\u00f6xt ber hreinsar hann svo a\u00f0 h\u00fan beri meiri \u00e1v\u00f6xt. <a name=\"3\"><span class=\"versanumer_2007\">3<\/span><\/a> \u00de\u00e9r eru\u00f0 \u00feegar hrein vegna or\u00f0sins sem \u00e9g hef tala\u00f0 til y\u00f0ar. <a name=\"4\"><span class=\"versanumer_2007\">4<\/span><\/a> Veri\u00f0 \u00ed m\u00e9r, \u00fe\u00e1 ver\u00f0 \u00e9g \u00ed y\u00f0ur. Greinin getur ekki bori\u00f0 \u00e1v\u00f6xt af sj\u00e1lfri s\u00e9r nema h\u00fan s\u00e9 \u00e1 v\u00ednvi\u00f0num. Eins geti\u00f0 \u00fe\u00e9r ekki heldur bori\u00f0 \u00e1v\u00f6xt nema \u00fe\u00e9r s\u00e9u\u00f0 \u00ed m\u00e9r. <a name=\"5\"><span class=\"versanumer_2007\">5<\/span><\/a> \u00c9g er v\u00ednvi\u00f0urinn, \u00fe\u00e9r eru\u00f0 greinarnar. S\u00e1 ber mikinn \u00e1v\u00f6xt sem er \u00ed m\u00e9r og \u00e9g \u00ed honum en \u00e1n m\u00edn geti\u00f0 \u00fe\u00e9r alls ekkert gert. <a name=\"6\"><span class=\"versanumer_2007\">6<\/span><\/a> Hverjum sem er ekki \u00ed m\u00e9r ver\u00f0ur varpa\u00f0 \u00fat eins og greinunum og hann visnar. \u00deeim er safna\u00f0 saman og varpa\u00f0 \u00e1 eld og brennt. <a name=\"7\"><span class=\"versanumer_2007\">7<\/span><\/a> Ef \u00fe\u00e9r eru\u00f0 \u00ed m\u00e9r og or\u00f0 m\u00edn eru \u00ed y\u00f0ur, \u00fe\u00e1 bi\u00f0ji\u00f0 um hva\u00f0 sem \u00fe\u00e9r vilji\u00f0 og y\u00f0ur mun veitast \u00fea\u00f0. <a name=\"8\"><span class=\"versanumer_2007\">8<\/span><\/a> Me\u00f0 \u00fev\u00ed vegsamast fa\u00f0ir minn a\u00f0 \u00fe\u00e9r beri\u00f0 mikinn \u00e1v\u00f6xt og ver\u00f0i\u00f0 l\u00e6risveinar m\u00ednir. <a name=\"9\"><span class=\"versanumer_2007\">9<\/span><\/a> \u00c9g hef elska\u00f0 y\u00f0ur eins og fa\u00f0irinn hefur elska\u00f0 mig. Veri\u00f0 st\u00f6\u00f0ug \u00ed elsku minni. <a name=\"10\"><span class=\"versanumer_2007\">10<\/span><\/a> Ef \u00fe\u00e9r haldi\u00f0 bo\u00f0or\u00f0 m\u00edn ver\u00f0i\u00f0 \u00fe\u00e9r st\u00f6\u00f0ug \u00ed elsku minni, eins og \u00e9g hef haldi\u00f0 bo\u00f0or\u00f0 f\u00f6\u00f0ur m\u00edns og er st\u00f6\u00f0ugur \u00ed elsku hans. <br \/> <a name=\"11\"><span class=\"versanumer_2007\">11<\/span><\/a> \u00deetta hef \u00e9g tala\u00f0 til y\u00f0ar til \u00feess a\u00f0 f\u00f6gnu\u00f0ur minn s\u00e9 \u00ed y\u00f0ur og f\u00f6gnu\u00f0ur y\u00f0ar s\u00e9 fullkominn. <a name=\"12\"><span class=\"versanumer_2007\">12<\/span><\/a> \u00deetta er mitt bo\u00f0or\u00f0, a\u00f0 \u00fe\u00e9r elski\u00f0 hvert anna\u00f0 eins og \u00e9g hef elska\u00f0 y\u00f0ur. <a name=\"13\"><span class=\"versanumer_2007\">13<\/span><\/a> Enginn \u00e1 meiri k\u00e6rleik en \u00feann a\u00f0 leggja l\u00edf sitt \u00ed s\u00f6lurnar fyrir vini s\u00edna. <a name=\"14\"><span class=\"versanumer_2007\">14<\/span><\/a> \u00de\u00e9r eru\u00f0 vinir m\u00ednir ef \u00fe\u00e9r geri\u00f0 \u00fea\u00f0 sem \u00e9g b\u00fd\u00f0 y\u00f0ur. <a name=\"15\"><span class=\"versanumer_2007\">15<\/span><\/a> \u00c9g kalla y\u00f0ur ekki framar \u00fej\u00f3na \u00fev\u00ed \u00fej\u00f3nninn veit ekki hva\u00f0 h\u00fasb\u00f3ndi hans gerir. En \u00e9g kalla y\u00f0ur vini \u00fev\u00ed \u00e9g hef kunngj\u00f6rt y\u00f0ur allt sem \u00e9g heyr\u00f0i af f\u00f6\u00f0ur m\u00ednum. <a name=\"16\"><span class=\"versanumer_2007\">16<\/span><\/a> \u00de\u00e9r hafi\u00f0 ekki \u00fatvali\u00f0 mig heldur hef \u00e9g \u00fatvali\u00f0 y\u00f0ur. \u00c9g hef \u00e1kvar\u00f0a\u00f0 y\u00f0ur til a\u00f0 fara og bera \u00e1v\u00f6xt, \u00e1v\u00f6xt sem varir svo a\u00f0 fa\u00f0irinn veiti y\u00f0ur s\u00e9rhva\u00f0 \u00fea\u00f0 sem \u00fe\u00e9r bi\u00f0ji\u00f0 hann um \u00ed m\u00ednu nafni. <a name=\"17\"><span class=\"versanumer_2007\">17<\/span><\/a> \u00deetta b\u00fd\u00f0 \u00e9g y\u00f0ur, a\u00f0 \u00fe\u00e9r elski\u00f0 hvert anna\u00f0. <\/p>\n<h3 class=\"millifyrirsogn_2007\">Ef heimurinn hatar<\/h3>\n<p><a name=\"18\"><span class=\"versanumer_2007\">18<\/span><\/a> Ef heimurinn hatar y\u00f0ur \u00fe\u00e1 viti\u00f0 a\u00f0 hann hefur hata\u00f0 mig fyrr en y\u00f0ur. <a name=\"19\"><span class=\"versanumer_2007\">19<\/span><\/a> V\u00e6ru\u00f0 \u00fe\u00e9r af heiminum mundi heimurinn elska s\u00edna. Heimurinn hatar y\u00f0ur af \u00fev\u00ed a\u00f0 \u00fe\u00e9r eru\u00f0 ekki af heiminum heldur hef \u00e9g \u00fatvali\u00f0 y\u00f0ur \u00far heiminum. <a name=\"20\"><span class=\"versanumer_2007\">20<\/span><\/a> Minnist or\u00f0anna sem \u00e9g sag\u00f0i vi\u00f0 y\u00f0ur: \u00dej\u00f3nn er ekki meiri en herra hans. Hafi menn ofs\u00f3tt mig \u00fe\u00e1 munu \u00feeir l\u00edka ofs\u00e6kja y\u00f0ur. Hafi \u00feeir var\u00f0veitt or\u00f0 mitt munu \u00feeir l\u00edka var\u00f0veita y\u00f0ar. <a name=\"21\"><span class=\"versanumer_2007\">21<\/span><\/a> En allt \u00feetta munu \u00feeir y\u00f0ur gera vegna nafns m\u00edns af \u00fev\u00ed a\u00f0 \u00feeir \u00feekkja eigi \u00feann sem sendi mig. <a name=\"22\"><span class=\"versanumer_2007\">22<\/span><\/a> Hef\u00f0i \u00e9g ekki komi\u00f0 og tala\u00f0 til \u00feeirra v\u00e6ru \u00feeir ekki sekir um synd. En n\u00fa hafa \u00feeir ekkert til afs\u00f6kunar synd sinni. <a name=\"23\"><span class=\"versanumer_2007\">23<\/span><\/a> S\u00e1 sem hatar mig hatar og f\u00f6\u00f0ur minn. <a name=\"24\"><span class=\"versanumer_2007\">24<\/span><\/a> Hef\u00f0i \u00e9g ekki unni\u00f0 me\u00f0al \u00feeirra \u00feau verk sem enginn annar hefur gert v\u00e6ru \u00feeir ekki sekir um synd. En n\u00fa hafa \u00feeir s\u00e9\u00f0 \u00feau og hata \u00fe\u00f3 b\u00e6\u00f0i mig og f\u00f6\u00f0ur minn. <a name=\"25\"><span class=\"versanumer_2007\">25<\/span><\/a> Svo hlaut a\u00f0 r\u00e6tast or\u00f0i\u00f0 sem rita\u00f0 er \u00ed l\u00f6gm\u00e1li \u00feeirra: \u00deeir h\u00f6tu\u00f0u mig \u00e1n saka. <br \/> <a name=\"26\"><span class=\"versanumer_2007\">26<\/span><\/a> \u00deegar hj\u00e1lparinn kemur, sem \u00e9g sendi y\u00f0ur fr\u00e1 f\u00f6\u00f0urnum, sannleiksandinn, er \u00fat gengur fr\u00e1 f\u00f6\u00f0urnum, mun hann vitna um mig. <a name=\"27\"><span class=\"versanumer_2007\">27<\/span><\/a> \u00de\u00e9r skulu\u00f0 einnig vitni bera \u00fev\u00ed \u00fe\u00e9r hafi\u00f0 veri\u00f0 me\u00f0 m\u00e9r fr\u00e1 upphafi. <\/p>\n","protected":false},"excerpt":{"rendered":"<p>V\u00ednvi\u00f0urinn og greinarnar 1 \u201e\u00c9g er hinn sanni v\u00ednvi\u00f0ur og fa\u00f0ir minn er v\u00ednyrkinn. 2 Hverja \u00fe\u00e1 grein \u00e1 m\u00e9r sem ber ekki \u00e1v\u00f6xt sn\u00ed\u00f0ur hann af og hverja \u00fe\u00e1 sem \u00e1v\u00f6xt ber hreinsar hann svo a\u00f0 h\u00fan beri meiri \u00e1v\u00f6xt. 3 \u00de\u00e9r eru\u00f0 \u00feegar hrein vegna or\u00f0sins sem \u00e9g hef tala\u00f0 til y\u00f0ar. 4 Veri\u00f0 \u00ed m\u00e9r, \u00fe\u00e1 ver\u00f0 \u00e9g \u00ed y\u00f0ur. Greinin getur ekki bori\u00f0 \u00e1v\u00f6xt af sj\u00e1lfri s\u00e9r nema h\u00fan s\u00e9 \u00e1 v\u00ednvi\u00f0num. Eins geti\u00f0 \u00fe\u00e9r ekki heldur bori\u00f0 \u00e1v\u00f6xt nema \u00fe\u00e9r s\u00e9u\u00f0 \u00ed m\u00e9r. 5 \u00c9g er v\u00ednvi\u00f0urinn, \u00fe\u00e9r eru\u00f0 greinarnar. S\u00e1 ber mikinn \u00e1v\u00f6xt sem <a href=\"https:\/\/biblian.is\/biblian\/johannesargudspjall-15-kafli\/\"> [&#8230;]<\/a><\/p>\n","protected":false},"author":1,"featured_media":0,"parent":0,"menu_order":0,"comment_status":"open","ping_status":"open","template":"bibliukaflar_NT.php","meta":{"footnotes":""},"class_list":["post-2629","page","type-page","status-publish","hentry"],"_links":{"self":[{"href":"https:\/\/biblian.is\/biblian\/wp-json\/wp\/v2\/pages\/2629","targetHints":{"allow":["GET"]}}],"collection":[{"href":"https:\/\/biblian.is\/biblian\/wp-json\/wp\/v2\/pages"}],"about":[{"href":"https:\/\/biblian.is\/biblian\/wp-json\/wp\/v2\/types\/page"}],"author":[{"embeddable":true,"href":"https:\/\/biblian.is\/biblian\/wp-json\/wp\/v2\/users\/1"}],"replies":[{"embeddable":true,"href":"https:\/\/biblian.is\/biblian\/wp-json\/wp\/v2\/comments?post=2629"}],"version-history":[{"count":0,"href":"https:\/\/biblian.is\/biblian\/wp-json\/wp\/v2\/pages\/2629\/revisions"}],"wp:attachment":[{"href":"https:\/\/biblian.is\/biblian\/wp-json\/wp\/v2\/media?parent=2629"}],"curies":[{"name":"wp","href":"https:\/\/api.w.org\/{rel}","templated":true}]}}