{"id":2626,"date":"2017-12-30T21:04:01","date_gmt":"2017-12-30T21:04:01","guid":{"rendered":"http:\/\/biblian.is\/biblian\/j%c2%97hannesargu_spjall-12-kafli\/"},"modified":"2019-08-26T22:47:45","modified_gmt":"2019-08-26T22:47:45","slug":"johannesargudspjall-12-kafli","status":"publish","type":"page","link":"https:\/\/biblian.is\/biblian\/johannesargudspjall-12-kafli\/","title":{"rendered":"J\u00f3hannesargu\u00f0spjall 12. kafli"},"content":{"rendered":"<h3 class=\"millifyrirsogn_2007\"> Jes\u00fas smur\u00f0ur<\/h3>\n<p><a name=\"1\"><span class=\"versanumer_2007\">1<\/span><\/a> Sex d\u00f6gum fyrir p\u00e1ska kom Jes\u00fas til Betan\u00edu \u00fear sem Lasarus var, s\u00e1 er hann vakti fr\u00e1 dau\u00f0um. <a name=\"2\"><span class=\"versanumer_2007\">2<\/span><\/a> \u00dear var honum b\u00fainn kv\u00f6ldver\u00f0ur og Marta gekk um beina en Lasarus var einn \u00feeirra sem a\u00f0 bor\u00f0i s\u00e1tu me\u00f0 honum. <a name=\"3\"><span class=\"versanumer_2007\">3<\/span><\/a> \u00de\u00e1 t\u00f3k Mar\u00eda pund af \u00f3mengu\u00f0um, d\u00fdrum nardussmyrslum og smur\u00f0i f\u00e6tur Jes\u00fa og \u00feerra\u00f0i me\u00f0 h\u00e1ri s\u00ednu f\u00e6tur hans. En h\u00fasi\u00f0 fylltist ilmi smyrslanna. <a name=\"4\"><span class=\"versanumer_2007\">4<\/span><\/a> Segir \u00fe\u00e1 J\u00fadas \u00cdskar\u00edot, einn l\u00e6risveina hans, s\u00e1 er mundi sv\u00edkja hann: <a name=\"5\"><span class=\"versanumer_2007\">5<\/span><\/a> \u201eHv\u00ed voru \u00feessi smyrsl ekki seld fyrir \u00ferj\u00fa hundru\u00f0 denara<span class=\"nedan_mal\" title=\" Sj\u00e1 J\u00f3h 6.7.\">[<\/span> og gefin f\u00e1t\u00e6kum?\u201c <a name=\"6\"><span class=\"versanumer_2007\">6<\/span><\/a> Ekki sag\u00f0i hann \u00feetta af \u00fev\u00ed a\u00f0 hann l\u00e9ti s\u00e9r annt um f\u00e1t\u00e6ka heldur af \u00fev\u00ed a\u00f0 hann var \u00fej\u00f3fur. Hann haf\u00f0i pyngjuna og t\u00f3k af \u00fev\u00ed sem \u00ed hana var l\u00e1ti\u00f0. <a name=\"7\"><span class=\"versanumer_2007\">7<\/span><\/a> \u00de\u00e1 sag\u00f0i Jes\u00fas: \u201eL\u00e1t hana \u00ed fri\u00f0i. H\u00fan hefur geymt \u00feetta til greftrunardags m\u00edns. <a name=\"8\"><span class=\"versanumer_2007\">8<\/span><\/a> F\u00e1t\u00e6ka hafi\u00f0 \u00fei\u00f0 \u00e6t\u00ed\u00f0 hj\u00e1 ykkur en mig hafi\u00f0 \u00fei\u00f0 ekki \u00e1vallt.\u201c <br \/> <a name=\"9\"><span class=\"versanumer_2007\">9<\/span><\/a> N\u00fa fr\u00e9tti allur fj\u00f6ldi Gy\u00f0inga af \u00fev\u00ed a\u00f0 Jes\u00fas v\u00e6ri \u00ed Betan\u00edu og \u00feeir komu \u00feanga\u00f0, ekki a\u00f0eins hans vegna heldur og til a\u00f0 sj\u00e1 Lasarus sem hann haf\u00f0i vaki\u00f0 fr\u00e1 dau\u00f0um. <a name=\"10\"><span class=\"versanumer_2007\">10<\/span><\/a> \u00de\u00e1 \u00e1kv\u00e1\u00f0u \u00e6\u00f0stu prestarnir a\u00f0 taka einnig Lasarus af l\u00edfi <a name=\"11\"><span class=\"versanumer_2007\">11<\/span><\/a> \u00fev\u00ed vegna hans sneru margir Gy\u00f0ingar baki vi\u00f0 \u00feeim og f\u00f3ru a\u00f0 tr\u00faa \u00e1 Jes\u00fa. <\/p>\n<h3 class=\"millifyrirsogn_2007\">Jes\u00fa fagna\u00f0<\/h3>\n<p><a name=\"12\"><span class=\"versanumer_2007\">12<\/span><\/a> Degi s\u00ed\u00f0ar fr\u00e9tti hinn mikli mannfj\u00f6ldi, sem kominn var til h\u00e1t\u00ed\u00f0arinnar, a\u00f0 Jes\u00fas v\u00e6ri a\u00f0 koma til Jer\u00fasalem. <a name=\"13\"><span class=\"versanumer_2007\">13<\/span><\/a> F\u00f3lk t\u00f3k \u00fe\u00e1 p\u00e1lmagreinar, f\u00f3r \u00fat \u00e1 m\u00f3ti honum og hr\u00f3pa\u00f0i: <br \/> <span class=\"ljodatexti\"> \u201eH\u00f3sanna! <br \/>Blessa\u00f0ur s\u00e9 s\u00e1 sem kemur \u00ed nafni Drottins, <br \/>konungur \u00cdsraels!\u201c <\/span> <br \/> <a name=\"14\"><span class=\"versanumer_2007\">14<\/span><\/a> Jes\u00fas fann ungan asna og settist \u00e1 bak honum, eins og skrifa\u00f0 er: <br \/> <span class=\"ljodatexti\"> <a name=\"15\"><span class=\"versanumer_ljod\">15<\/span><\/a>\u00d3ttast ekki, d\u00f3ttir S\u00edon. <br \/>Konungur \u00feinn kemur <br \/>og r\u00ed\u00f0ur \u00f6snufola. <\/span> <br \/> <a name=\"16\"><span class=\"versanumer_2007\">16<\/span><\/a> L\u00e6risveinar hans skildu \u00feetta ekki \u00ed fyrstu en \u00feegar Jes\u00fas var d\u00fdrlegur or\u00f0inn minntust \u00feeir \u00feess a\u00f0 \u00feetta var rita\u00f0 um hann og a\u00f0 \u00feeir h\u00f6f\u00f0u gert \u00feetta fyrir hann. <br \/> <a name=\"17\"><span class=\"versanumer_2007\">17<\/span><\/a> N\u00fa vitna\u00f0i f\u00f3lki\u00f0, sem me\u00f0 honum var, \u00feegar hann kalla\u00f0i Lasarus \u00fat \u00far gr\u00f6finni og vakti hann fr\u00e1 dau\u00f0um. <a name=\"18\"><span class=\"versanumer_2007\">18<\/span><\/a> Vegna \u00feess f\u00f3r einnig mannfj\u00f6ldinn \u00e1 m\u00f3ti honum \u00fev\u00ed menn h\u00f6f\u00f0u heyrt a\u00f0 hann hef\u00f0i gert \u00feetta t\u00e1kn. <a name=\"19\"><span class=\"versanumer_2007\">19<\/span><\/a> \u00dev\u00ed s\u00f6g\u00f0u far\u00edsear s\u00edn \u00e1 milli: \u201e\u00dei\u00f0 sj\u00e1i\u00f0 a\u00f0 \u00fei\u00f0 r\u00e1\u00f0i\u00f0 ekki vi\u00f0 neitt. Allur heimurinn eltir hann.\u201c <\/p>\n<h3 class=\"millifyrirsogn_2007\">Stundin komin<\/h3>\n<p><a name=\"20\"><span class=\"versanumer_2007\">20<\/span><\/a> Me\u00f0al \u00feeirra sem f\u00f3ru upp eftir til a\u00f0 bi\u00f0jast fyrir \u00e1 h\u00e1t\u00ed\u00f0inni voru nokkrir Grikkir. <a name=\"21\"><span class=\"versanumer_2007\">21<\/span><\/a> \u00deeir komu til Filippusar, sem var fr\u00e1 Betsa\u00eddu \u00ed Gal\u00edleu, b\u00e1\u00f0u hann og s\u00f6g\u00f0u: \u201eHerra, okkur langar a\u00f0 sj\u00e1 Jes\u00fa.\u201c <br \/> <a name=\"22\"><span class=\"versanumer_2007\">22<\/span><\/a> Filippus f\u00f3r og sag\u00f0i Andr\u00e9si \u00fea\u00f0 og s\u00ed\u00f0an f\u00f3ru \u00feeir b\u00e1\u00f0ir og s\u00f6g\u00f0u Jes\u00fa. <a name=\"23\"><span class=\"versanumer_2007\">23<\/span><\/a> Jes\u00fas svara\u00f0i \u00feeim: \u201eStundin er komin a\u00f0 d\u00fdr\u00f0 Mannssonarins ver\u00f0i opinber. <a name=\"24\"><span class=\"versanumer_2007\">24<\/span><\/a> Sannlega, sannlega segi \u00e9g y\u00f0ur: Ef hveitikorni\u00f0 fellur ekki \u00ed j\u00f6r\u00f0ina og deyr ver\u00f0ur \u00fea\u00f0 \u00e1fram eitt. En ef \u00fea\u00f0 deyr ber \u00fea\u00f0 mikinn \u00e1v\u00f6xt. <a name=\"25\"><span class=\"versanumer_2007\">25<\/span><\/a> S\u00e1 sem elskar l\u00edf sitt glatar \u00fev\u00ed en s\u00e1 sem hatar l\u00edf sitt \u00ed \u00feessum heimi mun var\u00f0veita \u00fea\u00f0 til eil\u00edfs l\u00edfs. <a name=\"26\"><span class=\"versanumer_2007\">26<\/span><\/a> S\u00e1 sem \u00fej\u00f3nar m\u00e9r fylgi m\u00e9r eftir og hvar sem \u00e9g er, \u00fear mun og \u00fej\u00f3nn minn vera. \u00deann sem \u00fej\u00f3nar m\u00e9r mun fa\u00f0irinn hei\u00f0ra. <br \/> <a name=\"27\"><span class=\"versanumer_2007\">27<\/span><\/a> N\u00fa er s\u00e1l m\u00edn skelfd og hva\u00f0 \u00e1 \u00e9g a\u00f0 gera, \u00e1 \u00e9g a\u00f0 segja: Fa\u00f0ir, frelsa mig fr\u00e1 \u00feessari stundu? Nei, \u00e9g er kominn til \u00feess a\u00f0 m\u00e6ta \u00feessari stundu: <a name=\"28\"><span class=\"versanumer_2007\">28<\/span><\/a> Fa\u00f0ir, ger nafn \u00feitt d\u00fdrlegt!\u201c <br \/>\u00de\u00e1 kom r\u00f6dd af himni: \u201e\u00c9g hef gert \u00fea\u00f0 d\u00fdrlegt og mun enn gera \u00fea\u00f0 d\u00fdrlegt.\u201c <br \/> <a name=\"29\"><span class=\"versanumer_2007\">29<\/span><\/a> Mannfj\u00f6ldinn, sem hj\u00e1 st\u00f3\u00f0 og hl\u00fdddi \u00e1, sag\u00f0i a\u00f0 \u00feruma hef\u00f0i ri\u00f0i\u00f0 yfir. En a\u00f0rir s\u00f6g\u00f0u: \u201eEngill var a\u00f0 tala vi\u00f0 hann.\u201c <br \/> <a name=\"30\"><span class=\"versanumer_2007\">30<\/span><\/a> Jes\u00fas svara\u00f0i: \u201e\u00deessi r\u00f6dd kom ekki m\u00edn vegna heldur y\u00f0ar vegna. <a name=\"31\"><span class=\"versanumer_2007\">31<\/span><\/a> N\u00fa gengur d\u00f3mur yfir \u00feennan heim. N\u00fa skal h\u00f6f\u00f0ingja \u00feessa heims \u00fat kasta\u00f0. <a name=\"32\"><span class=\"versanumer_2007\">32<\/span><\/a> Og \u00feegar \u00e9g ver\u00f0 hafinn upp fr\u00e1 j\u00f6r\u00f0u mun \u00e9g draga alla til m\u00edn.\u201c <a name=\"33\"><span class=\"versanumer_2007\">33<\/span><\/a> \u00deetta sag\u00f0i hann til a\u00f0 gefa til kynna me\u00f0 hva\u00f0a h\u00e6tti hann \u00e6tti a\u00f0 deyja. <br \/> <a name=\"34\"><span class=\"versanumer_2007\">34<\/span><\/a> Mannfj\u00f6ldinn svara\u00f0i honum: \u201eL\u00f6gm\u00e1li\u00f0 segir okkur a\u00f0 Kristur muni ver\u00f0a til eil\u00edf\u00f0ar. Hvernig getur \u00fe\u00fa sagt a\u00f0 Mannssonurinn eigi a\u00f0 ver\u00f0a upp hafinn? Hver er \u00feessi Mannssonur?\u201c <br \/> <a name=\"35\"><span class=\"versanumer_2007\">35<\/span><\/a> \u00de\u00e1 sag\u00f0i Jes\u00fas: \u201eSkamma stund er lj\u00f3si\u00f0 enn \u00e1 me\u00f0al y\u00f0ar. Gangi\u00f0 me\u00f0an \u00fe\u00e9r hafi\u00f0 lj\u00f3si\u00f0 svo a\u00f0 myrkri\u00f0 hremmi y\u00f0ur ekki. S\u00e1 sem gengur \u00ed myrkri veit ekki hvert hann fer. <a name=\"36\"><span class=\"versanumer_2007\">36<\/span><\/a> Tr\u00fai\u00f0 \u00e1 lj\u00f3si\u00f0 me\u00f0an \u00fe\u00e9r hafi\u00f0 lj\u00f3si\u00f0 svo a\u00f0 \u00fe\u00e9r ver\u00f0i\u00f0 b\u00f6rn lj\u00f3ssins.\u201c <\/p>\n<h3 class=\"millifyrirsogn_2007\">Vantr\u00fain myrkur, tr\u00fain lj\u00f3s<\/h3>\n<p>\u00deetta m\u00e6lti Jes\u00fas, f\u00f3r burt og duldist. <a name=\"37\"><span class=\"versanumer_2007\">37<\/span><\/a> \u00de\u00f3tt hann hef\u00f0i gert svo m\u00f6rg t\u00e1kn \u00ed allra augs\u00fdn tr\u00fa\u00f0u menn ekki \u00e1 hann <a name=\"38\"><span class=\"versanumer_2007\">38<\/span><\/a> svo a\u00f0 r\u00e6ttist or\u00f0 Jesaja sp\u00e1manns er hann m\u00e6lti: <br \/> <span class=\"ljodatexti\"> Drottinn, hver tr\u00fa\u00f0i bo\u00f0un vorri<br \/>og hverjum var\u00f0 armur Drottins opinber? <\/span> <br \/> <a name=\"39\"><span class=\"versanumer_2007\">39<\/span><\/a> \u00deess vegna g\u00e1tu \u00feeir ekki tr\u00faa\u00f0 enda segir Jesaja \u00e1 \u00f6\u00f0rum sta\u00f0:<br \/> <span class=\"ljodatexti\"> <a name=\"40\"><span class=\"versanumer_ljod\">40<\/span><\/a> Hann hefur blinda\u00f0 augu \u00feeirra <br \/>og forhert hjarta \u00feeirra <br \/>a\u00f0 \u00feeir sj\u00e1i ekki me\u00f0 augunum <br \/>n\u00e9 skilji me\u00f0 hjartanu og sn\u00fai s\u00e9r <br \/>og \u00e9g l\u00e6kni \u00fe\u00e1. <\/span> <br \/> <a name=\"41\"><span class=\"versanumer_2007\">41<\/span><\/a> Jesaja sag\u00f0i \u00feetta af \u00fev\u00ed a\u00f0 hann s\u00e1 d\u00fdr\u00f0 Jes\u00fa og tala\u00f0i um hann. <br \/> <a name=\"42\"><span class=\"versanumer_2007\">42<\/span><\/a> Samt tr\u00fa\u00f0u margir \u00e1 hann, jafnvel h\u00f6f\u00f0ingjar, en gengust ekki vi\u00f0 \u00fev\u00ed vegna far\u00edseanna svo a\u00f0 \u00feeir yr\u00f0u ekki samkundur\u00e6kir. <a name=\"43\"><span class=\"versanumer_2007\">43<\/span><\/a> \u00deeir kusu heldur hei\u00f0ur manna en hei\u00f0ur fr\u00e1 Gu\u00f0i. <br \/> <a name=\"44\"><span class=\"versanumer_2007\">44<\/span><\/a> En Jes\u00fas hr\u00f3pa\u00f0i: \u201eS\u00e1 sem tr\u00fair \u00e1 mig tr\u00fair ekki \u00e1 mig heldur \u00feann sem sendi mig <a name=\"45\"><span class=\"versanumer_2007\">45<\/span><\/a> og s\u00e1 sem s\u00e9r mig s\u00e9r \u00feann er sendi mig. <a name=\"46\"><span class=\"versanumer_2007\">46<\/span><\/a> \u00c9g er lj\u00f3s \u00ed heiminn komi\u00f0 svo a\u00f0 enginn, sem \u00e1 mig tr\u00fair, s\u00e9 \u00e1fram \u00ed myrkri. <a name=\"47\"><span class=\"versanumer_2007\">47<\/span><\/a> Ef nokkur heyrir or\u00f0 m\u00edn og fer ekki eftir \u00feeim \u00fe\u00e1 d\u00e6mi \u00e9g hann ekki. \u00c9g er ekki kominn til a\u00f0 d\u00e6ma heiminn heldur til a\u00f0 frelsa heiminn. <a name=\"48\"><span class=\"versanumer_2007\">48<\/span><\/a> S\u00e1 sem hafnar m\u00e9r og tekur ekki vi\u00f0 or\u00f0um m\u00ednum hefur sinn d\u00f3mara: Or\u00f0i\u00f0, sem \u00e9g hef tala\u00f0, ver\u00f0ur d\u00f3mari hans \u00e1 efsta degi. <a name=\"49\"><span class=\"versanumer_2007\">49<\/span><\/a> \u00dev\u00ed a\u00f0 \u00fea\u00f0 sem \u00e9g tala kemur ekki fr\u00e1 sj\u00e1lfum m\u00e9r heldur hefur fa\u00f0irinn, sem sendi mig, bo\u00f0i\u00f0 m\u00e9r hva\u00f0 \u00e9g skuli segja og hva\u00f0 \u00e9g skuli tala. <a name=\"50\"><span class=\"versanumer_2007\">50<\/span><\/a> Og \u00e9g veit a\u00f0 \u00fea\u00f0 sem hann b\u00fd\u00f0ur er eil\u00edft l\u00edf. \u00c9g tala \u00fea\u00f0 eitt sem fa\u00f0ir minn hefur fali\u00f0 m\u00e9r.\u201c <\/p>\n","protected":false},"excerpt":{"rendered":"<p>Jes\u00fas smur\u00f0ur 1 Sex d\u00f6gum fyrir p\u00e1ska kom Jes\u00fas til Betan\u00edu \u00fear sem Lasarus var, s\u00e1 er hann vakti fr\u00e1 dau\u00f0um. 2 \u00dear var honum b\u00fainn kv\u00f6ldver\u00f0ur og Marta gekk um beina en Lasarus var einn \u00feeirra sem a\u00f0 bor\u00f0i s\u00e1tu me\u00f0 honum. 3 \u00de\u00e1 t\u00f3k Mar\u00eda pund af \u00f3mengu\u00f0um, d\u00fdrum nardussmyrslum og smur\u00f0i f\u00e6tur Jes\u00fa og \u00feerra\u00f0i me\u00f0 h\u00e1ri s\u00ednu f\u00e6tur hans. En h\u00fasi\u00f0 fylltist ilmi smyrslanna. 4 Segir \u00fe\u00e1 J\u00fadas \u00cdskar\u00edot, einn l\u00e6risveina hans, s\u00e1 er mundi sv\u00edkja hann: 5 \u201eHv\u00ed voru \u00feessi smyrsl ekki seld fyrir \u00ferj\u00fa hundru\u00f0 denara[ og gefin f\u00e1t\u00e6kum?\u201c 6 Ekki sag\u00f0i hann \u00feetta <a href=\"https:\/\/biblian.is\/biblian\/johannesargudspjall-12-kafli\/\"> [&#8230;]<\/a><\/p>\n","protected":false},"author":1,"featured_media":0,"parent":0,"menu_order":0,"comment_status":"open","ping_status":"open","template":"bibliukaflar_NT.php","meta":{"footnotes":""},"class_list":["post-2626","page","type-page","status-publish","hentry"],"_links":{"self":[{"href":"https:\/\/biblian.is\/biblian\/wp-json\/wp\/v2\/pages\/2626","targetHints":{"allow":["GET"]}}],"collection":[{"href":"https:\/\/biblian.is\/biblian\/wp-json\/wp\/v2\/pages"}],"about":[{"href":"https:\/\/biblian.is\/biblian\/wp-json\/wp\/v2\/types\/page"}],"author":[{"embeddable":true,"href":"https:\/\/biblian.is\/biblian\/wp-json\/wp\/v2\/users\/1"}],"replies":[{"embeddable":true,"href":"https:\/\/biblian.is\/biblian\/wp-json\/wp\/v2\/comments?post=2626"}],"version-history":[{"count":0,"href":"https:\/\/biblian.is\/biblian\/wp-json\/wp\/v2\/pages\/2626\/revisions"}],"wp:attachment":[{"href":"https:\/\/biblian.is\/biblian\/wp-json\/wp\/v2\/media?parent=2626"}],"curies":[{"name":"wp","href":"https:\/\/api.w.org\/{rel}","templated":true}]}}