{"id":2625,"date":"2017-12-30T21:04:01","date_gmt":"2017-12-30T21:04:01","guid":{"rendered":"http:\/\/biblian.is\/biblian\/j%c2%97hannesargu_spjall-11-kafli\/"},"modified":"2019-08-26T22:47:44","modified_gmt":"2019-08-26T22:47:44","slug":"johannesargudspjall-11-kafli","status":"publish","type":"page","link":"https:\/\/biblian.is\/biblian\/johannesargudspjall-11-kafli\/","title":{"rendered":"J\u00f3hannesargu\u00f0spjall 11. kafli"},"content":{"rendered":"<h3 class=\"millifyrirsogn_2007\"> Lasarus deyr<\/h3>\n<p><a name=\"1\"><span class=\"versanumer_2007\">1<\/span><\/a> Ma\u00f0ur s\u00e1 var sj\u00fakur er Lasarus h\u00e9t, fr\u00e1 Betan\u00edu, \u00feorpi Mar\u00edu og M\u00f6rtu, systur hennar. <a name=\"2\"><span class=\"versanumer_2007\">2<\/span><\/a> En Mar\u00eda var s\u00fa er smur\u00f0i Drottin smyrslum og \u00feerra\u00f0i f\u00e6tur hans me\u00f0 h\u00e1ri s\u00ednu. Br\u00f3\u00f0ir hennar, Lasarus, var sj\u00fakur. <a name=\"3\"><span class=\"versanumer_2007\">3<\/span><\/a> N\u00fa ger\u00f0u systurnar Jes\u00fa or\u00f0sending: \u201eDrottinn, s\u00e1 sem \u00fe\u00fa elskar er sj\u00fakur.\u201c <br \/> <a name=\"4\"><span class=\"versanumer_2007\">4<\/span><\/a> \u00deegar hann heyr\u00f0i \u00fea\u00f0 m\u00e6lti hann: \u201e\u00deessi s\u00f3tt er ekki banv\u00e6n heldur Gu\u00f0i til d\u00fdr\u00f0ar til \u00feess a\u00f0 Gu\u00f0s sonur vegsamist hennar vegna.\u201c <br \/> <a name=\"5\"><span class=\"versanumer_2007\">5<\/span><\/a> Jes\u00fas elska\u00f0i \u00feau M\u00f6rtu og systur hennar og Lasarus. <a name=\"6\"><span class=\"versanumer_2007\">6<\/span><\/a> \u00deegar hann fr\u00e9tti a\u00f0 hann v\u00e6ri veikur var hann samt um kyrrt \u00e1 sama sta\u00f0 \u00ed tvo daga. <a name=\"7\"><span class=\"versanumer_2007\">7<\/span><\/a> A\u00f0 \u00feeim li\u00f0num sag\u00f0i hann vi\u00f0 l\u00e6risveina s\u00edna: \u201eF\u00f6rum aftur til J\u00fadeu.\u201c <br \/> <a name=\"8\"><span class=\"versanumer_2007\">8<\/span><\/a> L\u00e6risveinarnir s\u00f6g\u00f0u vi\u00f0 hann: \u201eRabb\u00ed, n\u00fdlega voru menn<span class=\"nedan_mal\" title=\" Or\u00f0r\u00e9tt: Gy\u00f0ingar.\">[<\/span> \u00fear a\u00f0 \u00fev\u00ed komnir a\u00f0 gr\u00fdta \u00feig og \u00e6tlar \u00fe\u00fa \u00feanga\u00f0 aftur?\u201c <br \/> <a name=\"9\"><span class=\"versanumer_2007\">9<\/span><\/a> Jes\u00fas svara\u00f0i: \u201eEru ekki stundir dagsins t\u00f3lf? S\u00e1 sem gengur um a\u00f0 degi hrasar ekki \u00fev\u00ed hann s\u00e9r lj\u00f3s \u00feessa heims. <a name=\"10\"><span class=\"versanumer_2007\">10<\/span><\/a> En s\u00e1 sem gengur um a\u00f0 n\u00f3ttu hrasar \u00fev\u00ed hann hefur ekki lj\u00f3si\u00f0 \u00ed s\u00e9r.\u201c <br \/> <a name=\"11\"><span class=\"versanumer_2007\">11<\/span><\/a> \u00deetta m\u00e6lti hann og sag\u00f0i s\u00ed\u00f0an vi\u00f0 \u00fe\u00e1: \u201eLasarus, vinur okkar, er sofna\u00f0ur. En n\u00fa fer \u00e9g a\u00f0 vekja hann.\u201c <br \/> <a name=\"12\"><span class=\"versanumer_2007\">12<\/span><\/a> \u00de\u00e1 s\u00f6g\u00f0u l\u00e6risveinar hans: \u201eDrottinn, ef hann er sofna\u00f0ur batnar honum.\u201c <a name=\"13\"><span class=\"versanumer_2007\">13<\/span><\/a> En Jes\u00fas tala\u00f0i um dau\u00f0a hans. \u00deeir h\u00e9ldu hins vegar a\u00f0 hann \u00e6tti vi\u00f0 venjulegan svefn. <a name=\"14\"><span class=\"versanumer_2007\">14<\/span><\/a> \u00de\u00e1 sag\u00f0i Jes\u00fas \u00feeim berum or\u00f0um: \u201eLasarus er d\u00e1inn <a name=\"15\"><span class=\"versanumer_2007\">15<\/span><\/a> og ykkar vegna fagna \u00e9g \u00fev\u00ed a\u00f0 \u00e9g var \u00fear ekki, til \u00feess a\u00f0 \u00fei\u00f0 skulu\u00f0 tr\u00faa. En f\u00f6rum n\u00fa til hans.\u201c <br \/> <a name=\"16\"><span class=\"versanumer_2007\">16<\/span><\/a> T\u00f3mas, sem nefndist tv\u00edburi, sag\u00f0i \u00fe\u00e1 vi\u00f0 hina l\u00e6risveinana: \u201eVi\u00f0 skulum fara l\u00edka til a\u00f0 deyja me\u00f0 honum.\u201c <\/p>\n<h3 class=\"millifyrirsogn_2007\">\u00c9g er upprisan og l\u00edfi\u00f0<\/h3>\n<p><a name=\"17\"><span class=\"versanumer_2007\">17<\/span><\/a> \u00deegar Jes\u00fas kom var\u00f0 hann \u00feess v\u00eds a\u00f0 Lasarus haf\u00f0i veri\u00f0 fj\u00f3ra daga \u00ed gr\u00f6finni. <a name=\"18\"><span class=\"versanumer_2007\">18<\/span><\/a> Betan\u00eda var n\u00e1l\u00e6gt Jer\u00fasalem, h\u00e9r um bil fimmt\u00e1n skei\u00f0r\u00fam<span class=\"nedan_mal\" title=\" Fimmt\u00e1n skei\u00f0r\u00fam eru t\u00e6pir \u00fer\u00edr k\u00edl\u00f3metrar.\">[<\/span> \u00fea\u00f0an. <br \/> <a name=\"19\"><span class=\"versanumer_2007\">19<\/span><\/a> Margir Gy\u00f0ingar voru komnir til M\u00f6rtu og Mar\u00edu til a\u00f0 hugga \u00fe\u00e6r eftir br\u00f3\u00f0urmissinn. <br \/> <a name=\"20\"><span class=\"versanumer_2007\">20<\/span><\/a> \u00deegar Marta fr\u00e9tti a\u00f0 Jes\u00fas v\u00e6ri a\u00f0 koma f\u00f3r h\u00fan \u00e1 m\u00f3ti honum en Mar\u00eda sat heima. <a name=\"21\"><span class=\"versanumer_2007\">21<\/span><\/a> Marta sag\u00f0i vi\u00f0 Jes\u00fa: \u201eDrottinn, ef \u00fe\u00fa hef\u00f0ir veri\u00f0 h\u00e9r v\u00e6ri br\u00f3\u00f0ir minn ekki d\u00e1inn. <a name=\"22\"><span class=\"versanumer_2007\">22<\/span><\/a> En einnig n\u00fa veit \u00e9g a\u00f0 Gu\u00f0 mun gefa \u00fe\u00e9r hva\u00f0 sem \u00fe\u00fa bi\u00f0ur hann um.\u201c <br \/> <a name=\"23\"><span class=\"versanumer_2007\">23<\/span><\/a> Jes\u00fas segir vi\u00f0 hana: \u201eBr\u00f3\u00f0ir \u00feinn mun upp r\u00edsa.\u201c <a name=\"24\"><span class=\"versanumer_2007\">24<\/span><\/a> Marta segir: \u201e\u00c9g veit a\u00f0 hann r\u00eds upp \u00ed upprisunni \u00e1 efsta degi.\u201c <br \/> <a name=\"25\"><span class=\"versanumer_2007\">25<\/span><\/a> Jes\u00fas m\u00e6lti: \u201e\u00c9g er upprisan og l\u00edfi\u00f0. S\u00e1 sem tr\u00fair \u00e1 mig mun lifa \u00fe\u00f3tt hann deyi. <a name=\"26\"><span class=\"versanumer_2007\">26<\/span><\/a> Og hver sem lifir og tr\u00fair \u00e1 mig mun aldrei a\u00f0 eil\u00edfu deyja. Tr\u00fair \u00fe\u00fa \u00feessu?\u201c <br \/> <a name=\"27\"><span class=\"versanumer_2007\">27<\/span><\/a> H\u00fan segir vi\u00f0 hann: \u201eJ\u00e1, Drottinn. \u00c9g tr\u00fai a\u00f0 \u00fe\u00fa s\u00e9rt Kristur, Gu\u00f0s sonur, sem koma skal \u00ed heiminn.\u201c <br \/> <a name=\"28\"><span class=\"versanumer_2007\">28<\/span><\/a> A\u00f0 svo m\u00e6ltu f\u00f3r h\u00fan, kalla\u00f0i \u00e1 Mar\u00edu systur s\u00edna og sag\u00f0i \u00ed hlj\u00f3\u00f0i: \u201eMeistarinn er h\u00e9r og vill finna \u00feig.\u201c <a name=\"29\"><span class=\"versanumer_2007\">29<\/span><\/a> \u00deegar Mar\u00eda heyr\u00f0i \u00feetta reis h\u00fan skj\u00f3tt \u00e1 f\u00e6tur og f\u00f3r til hans. <a name=\"30\"><span class=\"versanumer_2007\">30<\/span><\/a> En Jes\u00fas var ekki enn kominn til \u00feorpsins heldur var hann enn \u00e1 \u00feeim sta\u00f0 \u00fear sem Marta haf\u00f0i m\u00e6tt honum. <a name=\"31\"><span class=\"versanumer_2007\">31<\/span><\/a> F\u00f3lki\u00f0,<span class=\"nedan_mal\" title=\" Or\u00f0r\u00e9tt: Gy\u00f0ingarnir.\">[<\/span> sem var heima hj\u00e1 Mar\u00edu a\u00f0 hugga hana, s\u00e1 a\u00f0 h\u00fan st\u00f3\u00f0 upp \u00ed skyndi og gekk \u00fat og f\u00f3r \u00fea\u00f0 \u00e1 eftir henni. \u00dea\u00f0 hug\u00f0i a\u00f0 h\u00fan hef\u00f0i fari\u00f0 til grafarinnar a\u00f0 gr\u00e1ta \u00fear. <br \/> <a name=\"32\"><span class=\"versanumer_2007\">32<\/span><\/a> Mar\u00eda kom \u00feanga\u00f0 sem Jes\u00fas var og er h\u00fan s\u00e1 hann f\u00e9ll h\u00fan honum til f\u00f3ta og sag\u00f0i vi\u00f0 hann: \u201eDrottinn, ef \u00fe\u00fa hef\u00f0ir veri\u00f0 h\u00e9r v\u00e6ri br\u00f3\u00f0ir minn ekki d\u00e1inn.\u201c <br \/> <a name=\"33\"><span class=\"versanumer_2007\">33<\/span><\/a> \u00deegar Jes\u00fas s\u00e1 hana gr\u00e1ta og \u00feau<span class=\"nedan_mal\" title=\" Or\u00f0r\u00e9tt: Gy\u00f0ingana.\">[<\/span> gr\u00e1ta, sem me\u00f0 henni komu, komst hann vi\u00f0, var\u00f0 dj\u00fapt hr\u00e6r\u00f0ur <a name=\"34\"><span class=\"versanumer_2007\">34<\/span><\/a> og sag\u00f0i: \u201eHvar hafi\u00f0 \u00fei\u00f0 lagt hann?\u201c <br \/>\u00deau s\u00f6g\u00f0u: \u201eDrottinn, kom \u00fe\u00fa og sj\u00e1.\u201c <a name=\"35\"><span class=\"versanumer_2007\">35<\/span><\/a> \u00de\u00e1 gr\u00e9t Jes\u00fas. <br \/> <a name=\"36\"><span class=\"versanumer_2007\">36<\/span><\/a> \u00deau<span class=\"nedan_mal\" title=\" Or\u00f0r\u00e9tt: Gy\u00f0ingar.\">[<\/span> s\u00f6g\u00f0u: \u201eSj\u00e1, hversu hann hefur elska\u00f0 hann!\u201c <br \/> <a name=\"37\"><span class=\"versanumer_2007\">37<\/span><\/a> En nokkrir s\u00f6g\u00f0u: \u201eGat ekki s\u00e1 ma\u00f0ur sem opna\u00f0i augu hins blinda einnig varna\u00f0 \u00fev\u00ed a\u00f0 \u00feessi ma\u00f0ur d\u00e6i?\u201c <br \/> <a name=\"38\"><span class=\"versanumer_2007\">38<\/span><\/a> Jes\u00fas var\u00f0 aftur mj\u00f6g dj\u00fapt hr\u00e6r\u00f0ur og f\u00f3r til grafarinnar. H\u00fan var hellir og steinn fyrir. <a name=\"39\"><span class=\"versanumer_2007\">39<\/span><\/a> Jes\u00fas segir: \u201eTaki\u00f0 steininn fr\u00e1!\u201c <br \/>Marta, systir hins d\u00e1na, segir vi\u00f0 hann: <br \/>\u201eDrottinn, \u00fea\u00f0 er komin n\u00e1lykt af honum, \u00fea\u00f0 er komi\u00f0 \u00e1 fj\u00f3r\u00f0a dag.\u201c <br \/> <a name=\"40\"><span class=\"versanumer_2007\">40<\/span><\/a> Jes\u00fas segir vi\u00f0 hana: \u201eSag\u00f0i \u00e9g \u00fe\u00e9r ekki: Ef \u00fe\u00fa tr\u00fair munt \u00fe\u00fa sj\u00e1 d\u00fdr\u00f0 Gu\u00f0s?\u201c <a name=\"41\"><span class=\"versanumer_2007\">41<\/span><\/a> N\u00fa var steinninn tekinn fr\u00e1. En Jes\u00fas h\u00f3f upp augu s\u00edn og m\u00e6lti: \u201eFa\u00f0ir, \u00e9g \u00feakka \u00fe\u00e9r a\u00f0 \u00fe\u00fa hefur b\u00e6nheyrt mig. <a name=\"42\"><span class=\"versanumer_2007\">42<\/span><\/a> \u00c9g vissi a\u00f0 s\u00f6nnu a\u00f0 \u00fe\u00fa heyrir mig \u00e1vallt en \u00e9g sag\u00f0i \u00feetta vegna mannfj\u00f6ldans sem stendur h\u00e9r umhverfis til \u00feess a\u00f0 f\u00f3lki\u00f0 tr\u00fai a\u00f0 \u00fe\u00fa hafir sent mig.\u201c <a name=\"43\"><span class=\"versanumer_2007\">43<\/span><\/a> A\u00f0 svo m\u00e6ltu hr\u00f3pa\u00f0i hann h\u00e1rri r\u00f6ddu: \u201eLasarus, kom \u00fat!\u201c <a name=\"44\"><span class=\"versanumer_2007\">44<\/span><\/a> Hinn d\u00e1ni kom \u00fat vafinn l\u00edkbl\u00e6jum \u00e1 f\u00f3tum og h\u00f6ndum og me\u00f0 sveitad\u00fak bundinn um andliti\u00f0. Jes\u00fas segir vi\u00f0 f\u00f3lki\u00f0: \u201eLeysi\u00f0 hann og l\u00e1ti\u00f0 hann fara.\u201c <\/p>\n<h3 class=\"millifyrirsogn_2007\">Hann skyldi deyja<\/h3>\n<p><a name=\"45\"><span class=\"versanumer_2007\">45<\/span><\/a> Margir Gy\u00f0ingar sem komnir voru til Mar\u00edu og s\u00e1u \u00fea\u00f0 sem Jes\u00fas ger\u00f0i t\u00f3ku n\u00fa a\u00f0 tr\u00faa \u00e1 hann. <a name=\"46\"><span class=\"versanumer_2007\">46<\/span><\/a> En nokkrir \u00feeirra f\u00f3ru til far\u00edsea og s\u00f6g\u00f0u \u00feeim hva\u00f0 hann haf\u00f0i gert. <a name=\"47\"><span class=\"versanumer_2007\">47<\/span><\/a> \u00c6\u00f0stu prestarnir og far\u00edsearnir k\u00f6llu\u00f0u \u00fe\u00e1 saman r\u00e1\u00f0i\u00f0 og s\u00f6g\u00f0u: \u201eHva\u00f0 eigum vi\u00f0 a\u00f0 gera? \u00deessi ma\u00f0ur gerir m\u00f6rg t\u00e1kn. <a name=\"48\"><span class=\"versanumer_2007\">48<\/span><\/a> Ef vi\u00f0 leyfum honum a\u00f0 halda svo \u00e1fram munu allir tr\u00faa \u00e1 hann og \u00fe\u00e1 koma R\u00f3mverjar og taka b\u00e6\u00f0i helgid\u00f3m okkar og \u00fej\u00f3\u00f0.\u201c <br \/> <a name=\"49\"><span class=\"versanumer_2007\">49<\/span><\/a> En einn \u00feeirra, Ka\u00edfas, sem \u00fea\u00f0 \u00e1r var \u00e6\u00f0sti prestur, sag\u00f0i vi\u00f0 \u00fe\u00e1: \u201e\u00dei\u00f0 viti\u00f0 ekkert <a name=\"50\"><span class=\"versanumer_2007\">50<\/span><\/a> og hugsi\u00f0 ekkert um \u00fea\u00f0 a\u00f0 ykkur er betra a\u00f0 einn ma\u00f0ur deyi fyrir l\u00fd\u00f0inn en a\u00f0 \u00f6ll \u00fej\u00f3\u00f0in tort\u00edmist.\u201c <a name=\"51\"><span class=\"versanumer_2007\">51<\/span><\/a> Hann t\u00f3k \u00feetta ekki upp hj\u00e1 sj\u00e1lfum s\u00e9r en \u00fear sem hann var \u00e6\u00f0sti prestur \u00fea\u00f0 \u00e1r gat hann m\u00e6lt af sp\u00e1mannlegri andagift a\u00f0 Jes\u00fas mundi deyja fyrir \u00fej\u00f3\u00f0ina <a name=\"52\"><span class=\"versanumer_2007\">52<\/span><\/a> og ekki fyrir \u00fej\u00f3\u00f0ina eina heldur og til a\u00f0 safna saman \u00ed eitt dreif\u00f0um b\u00f6rnum Gu\u00f0s. <a name=\"53\"><span class=\"versanumer_2007\">53<\/span><\/a> Upp fr\u00e1 \u00feeim degi voru \u00feeir r\u00e1\u00f0nir \u00ed a\u00f0 taka hann af l\u00edfi. <br \/> <a name=\"54\"><span class=\"versanumer_2007\">54<\/span><\/a> Jes\u00fas gekk \u00fev\u00ed ekki lengur um \u00e1 almannaf\u00e6ri \u00ed J\u00fadeu<span class=\"nedan_mal\" title=\" Or\u00f0r\u00e9tt: me\u00f0al Gy\u00f0inga.\">[<\/span> heldur f\u00f3r hann \u00fea\u00f0an til sta\u00f0ar \u00ed grennd vi\u00f0 ey\u00f0im\u00f6rkina, \u00ed \u00feorp sem heitir Efra\u00edm, og \u00fear dvaldist hann me\u00f0 l\u00e6risveinum s\u00ednum. <br \/> <a name=\"55\"><span class=\"versanumer_2007\">55<\/span><\/a> N\u00fa n\u00e1lgu\u00f0ust p\u00e1skar Gy\u00f0inga og menn komu hva\u00f0an\u00e6va upp til Jer\u00fasalem fyrir p\u00e1skana til a\u00f0 hreinsa sig. <a name=\"56\"><span class=\"versanumer_2007\">56<\/span><\/a> Menn leitu\u00f0u a\u00f0 Jes\u00fa og s\u00f6g\u00f0u s\u00edn \u00e1 milli \u00ed helgid\u00f3minum: \u201eHva\u00f0 haldi\u00f0 \u00fei\u00f0? Skyldi hann ekki koma til h\u00e1t\u00ed\u00f0arinnar?\u201c <a name=\"57\"><span class=\"versanumer_2007\">57<\/span><\/a> En \u00e6\u00f0stu prestar og far\u00edsear h\u00f6f\u00f0u gefi\u00f0 \u00fat skipun um \u00fea\u00f0 a\u00f0 ef nokkur vissi hvar hann v\u00e6ri skyldi hann segja til svo a\u00f0 \u00feeir g\u00e6tu teki\u00f0 hann. <\/p>\n","protected":false},"excerpt":{"rendered":"<p>Lasarus deyr 1 Ma\u00f0ur s\u00e1 var sj\u00fakur er Lasarus h\u00e9t, fr\u00e1 Betan\u00edu, \u00feorpi Mar\u00edu og M\u00f6rtu, systur hennar. 2 En Mar\u00eda var s\u00fa er smur\u00f0i Drottin smyrslum og \u00feerra\u00f0i f\u00e6tur hans me\u00f0 h\u00e1ri s\u00ednu. Br\u00f3\u00f0ir hennar, Lasarus, var sj\u00fakur. 3 N\u00fa ger\u00f0u systurnar Jes\u00fa or\u00f0sending: \u201eDrottinn, s\u00e1 sem \u00fe\u00fa elskar er sj\u00fakur.\u201c 4 \u00deegar hann heyr\u00f0i \u00fea\u00f0 m\u00e6lti hann: \u201e\u00deessi s\u00f3tt er ekki banv\u00e6n heldur Gu\u00f0i til d\u00fdr\u00f0ar til \u00feess a\u00f0 Gu\u00f0s sonur vegsamist hennar vegna.\u201c 5 Jes\u00fas elska\u00f0i \u00feau M\u00f6rtu og systur hennar og Lasarus. 6 \u00deegar hann fr\u00e9tti a\u00f0 hann v\u00e6ri veikur var hann samt um kyrrt \u00e1 <a href=\"https:\/\/biblian.is\/biblian\/johannesargudspjall-11-kafli\/\"> [&#8230;]<\/a><\/p>\n","protected":false},"author":1,"featured_media":0,"parent":0,"menu_order":0,"comment_status":"open","ping_status":"open","template":"bibliukaflar_NT.php","meta":{"footnotes":""},"class_list":["post-2625","page","type-page","status-publish","hentry"],"_links":{"self":[{"href":"https:\/\/biblian.is\/biblian\/wp-json\/wp\/v2\/pages\/2625","targetHints":{"allow":["GET"]}}],"collection":[{"href":"https:\/\/biblian.is\/biblian\/wp-json\/wp\/v2\/pages"}],"about":[{"href":"https:\/\/biblian.is\/biblian\/wp-json\/wp\/v2\/types\/page"}],"author":[{"embeddable":true,"href":"https:\/\/biblian.is\/biblian\/wp-json\/wp\/v2\/users\/1"}],"replies":[{"embeddable":true,"href":"https:\/\/biblian.is\/biblian\/wp-json\/wp\/v2\/comments?post=2625"}],"version-history":[{"count":0,"href":"https:\/\/biblian.is\/biblian\/wp-json\/wp\/v2\/pages\/2625\/revisions"}],"wp:attachment":[{"href":"https:\/\/biblian.is\/biblian\/wp-json\/wp\/v2\/media?parent=2625"}],"curies":[{"name":"wp","href":"https:\/\/api.w.org\/{rel}","templated":true}]}}