{"id":2624,"date":"2017-12-30T21:04:01","date_gmt":"2017-12-30T21:04:01","guid":{"rendered":"http:\/\/biblian.is\/biblian\/j%c2%97hannesargu_spjall-10-kafli\/"},"modified":"2019-08-26T22:47:44","modified_gmt":"2019-08-26T22:47:44","slug":"johannesargudspjall-10-kafli","status":"publish","type":"page","link":"https:\/\/biblian.is\/biblian\/johannesargudspjall-10-kafli\/","title":{"rendered":"J\u00f3hannesargu\u00f0spjall 10. kafli"},"content":{"rendered":"<h3 class=\"millifyrirsogn_2007\"> L\u00edkingin um hir\u00f0inn<\/h3>\n<p><a name=\"1\"><span class=\"versanumer_2007\">1<\/span><\/a> \u201eSannlega, sannlega segi \u00e9g y\u00f0ur: S\u00e1 sem kemur ekki um dyrnar inn \u00ed sau\u00f0abyrgi\u00f0 heldur fer yfir annars sta\u00f0ar, hann er \u00fej\u00f3fur og r\u00e6ningi <a name=\"2\"><span class=\"versanumer_2007\">2<\/span><\/a> en s\u00e1 sem kemur inn um dyrnar er hir\u00f0ir sau\u00f0anna. <a name=\"3\"><span class=\"versanumer_2007\">3<\/span><\/a> Dyrav\u00f6r\u00f0urinn l\u00fdkur upp fyrir honum og sau\u00f0irnir heyra raust hans og hann kallar \u00e1 s\u00edna sau\u00f0i me\u00f0 nafni og lei\u00f0ir \u00fe\u00e1 \u00fat. <a name=\"4\"><span class=\"versanumer_2007\">4<\/span><\/a> \u00deegar hann hefur l\u00e1ti\u00f0 \u00fat alla sau\u00f0i s\u00edna fer hann \u00e1 undan \u00feeim og \u00feeir fylgja honum af \u00fev\u00ed a\u00f0 \u00feeir \u00feekkja raust hans. <a name=\"5\"><span class=\"versanumer_2007\">5<\/span><\/a> En \u00f3kunnugum fylgja \u00feeir ekki heldur fl\u00fdja fr\u00e1 honum \u00fev\u00ed \u00feeir \u00feekkja ekki raust \u00f3kunnugra.\u201c <br \/> <a name=\"6\"><span class=\"versanumer_2007\">6<\/span><\/a> \u00deessa l\u00edkingu sag\u00f0i Jes\u00fas \u00feeim. En menn skildu ekki hva\u00f0 \u00fea\u00f0 \u00fe\u00fdddi sem hann var a\u00f0 tala vi\u00f0 \u00fe\u00e1. <\/p>\n<h3 class=\"millifyrirsogn_2007\">Jes\u00fas, g\u00f3\u00f0i hir\u00f0irinn<\/h3>\n<p><a name=\"7\"><span class=\"versanumer_2007\">7<\/span><\/a> \u00dev\u00ed sag\u00f0i Jes\u00fas aftur: \u201eSannlega, sannlega segi \u00e9g y\u00f0ur: \u00c9g er dyr sau\u00f0anna. <a name=\"8\"><span class=\"versanumer_2007\">8<\/span><\/a> Allir \u00feeir sem \u00e1 undan m\u00e9r komu eru \u00fej\u00f3far og r\u00e6ningjar enda hl\u00fdddu sau\u00f0irnir \u00feeim ekki. <a name=\"9\"><span class=\"versanumer_2007\">9<\/span><\/a> \u00c9g er dyrnar. S\u00e1 sem kemur inn um mig mun frelsast og hann mun ganga inn og \u00fat og finna haga. <a name=\"10\"><span class=\"versanumer_2007\">10<\/span><\/a> \u00dej\u00f3furinn kemur ekki nema til a\u00f0 stela og sl\u00e1tra og ey\u00f0a. \u00c9g er kominn til \u00feess a\u00f0 \u00feeir hafi l\u00edf, l\u00edf \u00ed fyllstu gn\u00e6g\u00f0. <br \/> <a name=\"11\"><span class=\"versanumer_2007\">11<\/span><\/a> \u00c9g er g\u00f3\u00f0i hir\u00f0irinn. G\u00f3\u00f0i hir\u00f0irinn leggur l\u00edf sitt \u00ed s\u00f6lurnar fyrir sau\u00f0ina. <a name=\"12\"><span class=\"versanumer_2007\">12<\/span><\/a> S\u00e1 sem er leig\u00f0ur og hvorki er hir\u00f0ir n\u00e9 \u00e1 sau\u00f0ina, hann fl\u00fdr og yfirgefur sau\u00f0ina \u00feegar hann s\u00e9r \u00falfinn koma og \u00falfurinn hremmir \u00fe\u00e1 og tv\u00edstrar \u00feeim. <a name=\"13\"><span class=\"versanumer_2007\">13<\/span><\/a> Enda g\u00e6tir hann sau\u00f0anna a\u00f0eins fyrir borgun og er ekkert annt um \u00fe\u00e1. <a name=\"14\"><span class=\"versanumer_2007\">14<\/span><\/a> \u00c9g er g\u00f3\u00f0i hir\u00f0irinn og \u00feekki m\u00edna og m\u00ednir \u00feekkja mig <a name=\"15\"><span class=\"versanumer_2007\">15<\/span><\/a> eins og fa\u00f0irinn \u00feekkir mig og \u00e9g \u00feekki f\u00f6\u00f0urinn. \u00c9g legg l\u00edf mitt \u00ed s\u00f6lurnar fyrir sau\u00f0ina. <a name=\"16\"><span class=\"versanumer_2007\">16<\/span><\/a> \u00c9g \u00e1 l\u00edka a\u00f0ra sau\u00f0i sem eru ekki \u00far \u00feessu sau\u00f0abyrgi. \u00de\u00e1 ber m\u00e9r einnig a\u00f0 lei\u00f0a, \u00feeir munu heyra raust m\u00edna. Og \u00fea\u00f0 ver\u00f0ur ein hj\u00f6r\u00f0, einn hir\u00f0ir. <a name=\"17\"><span class=\"versanumer_2007\">17<\/span><\/a> Fa\u00f0irinn elskar mig af \u00fev\u00ed a\u00f0 \u00e9g legg l\u00edf mitt \u00ed s\u00f6lurnar til \u00feess a\u00f0 \u00e9g f\u00e1i \u00fea\u00f0 aftur. <a name=\"18\"><span class=\"versanumer_2007\">18<\/span><\/a> Enginn tekur \u00fea\u00f0 fr\u00e1 m\u00e9r, \u00e9g legg \u00fea\u00f0 sj\u00e1lfur \u00ed s\u00f6lurnar. \u00c9g hef vald til a\u00f0 leggja \u00fea\u00f0 \u00ed s\u00f6lurnar og vald til a\u00f0 taka \u00fea\u00f0 aftur. \u00deetta hefur fa\u00f0ir minn bo\u00f0i\u00f0 m\u00e9r.\u201c <br \/> <a name=\"19\"><span class=\"versanumer_2007\">19<\/span><\/a> \u00deessi or\u00f0 ur\u00f0u til \u00feess a\u00f0 aftur kom upp \u00e1greiningur me\u00f0 m\u00f6nnum<span class=\"nedan_mal\" title=\" Or\u00f0r\u00e9tt: Gy\u00f0ingum.\">[<\/span> um Jes\u00fa. <a name=\"20\"><span class=\"versanumer_2007\">20<\/span><\/a> Margir s\u00f6g\u00f0u: \u201eHann hefur illan anda og er genginn af vitinu. Hva\u00f0 eru\u00f0 \u00fei\u00f0 a\u00f0 hlusta \u00e1 hann?\u201c <br \/> <a name=\"21\"><span class=\"versanumer_2007\">21<\/span><\/a> A\u00f0rir s\u00f6g\u00f0u: \u201e\u00deessi or\u00f0 m\u00e6lir enginn s\u00e1 sem hefur illan anda. Mundi illur andi geta gefi\u00f0 blindum s\u00fdn?\u201c <\/p>\n<h3 class=\"millifyrirsogn_2007\">\u00c9g og fa\u00f0irinn erum eitt<\/h3>\n<p><a name=\"22\"><span class=\"versanumer_2007\">22<\/span><\/a> N\u00fa var v\u00edgsluh\u00e1t\u00ed\u00f0in \u00ed Jer\u00fasalem og kominn vetur. <a name=\"23\"><span class=\"versanumer_2007\">23<\/span><\/a> Jes\u00fas gekk um \u00ed s\u00falnag\u00f6ngum Sal\u00f3mons \u00ed helgid\u00f3minum. <a name=\"24\"><span class=\"versanumer_2007\">24<\/span><\/a> \u00de\u00e1 s\u00f6fnu\u00f0ust menn<span class=\"nedan_mal\" title=\" Or\u00f0r\u00e9tt: Gy\u00f0ingar.\">[<\/span> um hann og s\u00f6g\u00f0u: \u201eHve lengi l\u00e6tur \u00fe\u00fa okkur \u00ed \u00f3vissu? Ef \u00fe\u00fa ert Kristur, \u00fe\u00e1 seg\u00f0u okkur \u00fea\u00f0 berum or\u00f0um.\u201c <br \/> <a name=\"25\"><span class=\"versanumer_2007\">25<\/span><\/a> Jes\u00fas svara\u00f0i \u00feeim: \u201e\u00c9g hef sagt y\u00f0ur \u00fea\u00f0 en \u00fe\u00e9r tr\u00fai\u00f0 ekki. Verkin, sem \u00e9g geri \u00ed nafni f\u00f6\u00f0ur m\u00edns, vitna um mig <a name=\"26\"><span class=\"versanumer_2007\">26<\/span><\/a> en \u00fe\u00e9r tr\u00fai\u00f0 ekki \u00fev\u00ed a\u00f0 \u00fe\u00e9r eru\u00f0 ekki \u00far h\u00f3pi sau\u00f0a minna. <a name=\"27\"><span class=\"versanumer_2007\">27<\/span><\/a> M\u00ednir sau\u00f0ir heyra raust m\u00edna og \u00e9g \u00feekki \u00fe\u00e1 og \u00feeir fylgja m\u00e9r. <a name=\"28\"><span class=\"versanumer_2007\">28<\/span><\/a> \u00c9g gef \u00feeim eil\u00edft l\u00edf og \u00feeir skulu aldrei a\u00f0 eil\u00edfu glatast og enginn skal sl\u00edta \u00fe\u00e1 \u00far hendi minni. <a name=\"29\"><span class=\"versanumer_2007\">29<\/span><\/a> Fa\u00f0ir minn, sem hefur gefi\u00f0 m\u00e9r \u00fe\u00e1, er meiri en allir<span class=\"nedan_mal\" title=\" Annar lesh\u00e1ttur: \u00dea\u00f0 sem fa\u00f0ir minn hefur gefi\u00f0 m\u00e9r er \u00f6llu \u00f6\u00f0ru meira.\">[<\/span> og enginn getur sliti\u00f0 \u00fe\u00e1 \u00far hendi f\u00f6\u00f0urins. <a name=\"30\"><span class=\"versanumer_2007\">30<\/span><\/a> \u00c9g og fa\u00f0irinn erum eitt.\u201c <br \/> <a name=\"31\"><span class=\"versanumer_2007\">31<\/span><\/a> Menn<span class=\"nedan_mal\" title=\" Or\u00f0r\u00e9tt: Gy\u00f0ingar.\">[<\/span> t\u00f3ku aftur upp steina til a\u00f0 gr\u00fdta hann. <a name=\"32\"><span class=\"versanumer_2007\">32<\/span><\/a> Jes\u00fas m\u00e6lti: \u201e\u00c9g hef s\u00fdnt y\u00f0ur m\u00f6rg g\u00f3\u00f0 verk fr\u00e1 f\u00f6\u00f0ur m\u00ednum. Fyrir hvert \u00feeirra verka vilji\u00f0 \u00fe\u00e9r gr\u00fdta mig?\u201c <br \/> <a name=\"33\"><span class=\"versanumer_2007\">33<\/span><\/a> \u00deeir<span class=\"nedan_mal\" title=\" Or\u00f0r\u00e9tt: Gy\u00f0ingar.\">[<\/span> sv\u00f6ru\u00f0u honum: \u201eVi\u00f0 gr\u00fdtum \u00feig ekki fyrir g\u00f3\u00f0 verk heldur fyrir gu\u00f0last. \u00de\u00fa gerir sj\u00e1lfan \u00feig a\u00f0 Gu\u00f0i \u00fe\u00f3tt \u00fe\u00fa s\u00e9rt a\u00f0eins ma\u00f0ur.\u201c <br \/> <a name=\"34\"><span class=\"versanumer_2007\">34<\/span><\/a> Jes\u00fas svara\u00f0i \u00feeim: \u201eEr ekki skrifa\u00f0 \u00ed l\u00f6gm\u00e1li y\u00f0ar: \u00c9g hef sagt: \u00de\u00e9r eru\u00f0 gu\u00f0ir? <a name=\"35\"><span class=\"versanumer_2007\">35<\/span><\/a> \u2013 og ritningin ver\u00f0ur ekki felld \u00far gildi. Ef l\u00f6gm\u00e1li\u00f0 nefnir \u00fe\u00e1 gu\u00f0i sem Gu\u00f0s or\u00f0 kom til <a name=\"36\"><span class=\"versanumer_2007\">36<\/span><\/a> segi\u00f0 \u00fe\u00e9r \u00fe\u00e1 vi\u00f0 mig, sem fa\u00f0irinn helga\u00f0i og sendi \u00ed heiminn, a\u00f0 \u00e9g gu\u00f0lasti af \u00fev\u00ed \u00e9g sag\u00f0i: \u00c9g er sonur Gu\u00f0s? <a name=\"37\"><span class=\"versanumer_2007\">37<\/span><\/a> Ef \u00e9g vinn ekki verk f\u00f6\u00f0ur m\u00edns skulu\u00f0 \u00fe\u00e9r ekki tr\u00faa m\u00e9r <a name=\"38\"><span class=\"versanumer_2007\">38<\/span><\/a> en ef \u00e9g vinn \u00feau \u00fe\u00e1 tr\u00fai\u00f0 verkunum \u00fe\u00f3tt \u00fe\u00e9r tr\u00fai\u00f0 m\u00e9r ekki svo a\u00f0 \u00fe\u00e9r skilji\u00f0 og viti\u00f0 a\u00f0 fa\u00f0irinn er \u00ed m\u00e9r og \u00e9g \u00ed f\u00f6\u00f0urnum.\u201c <br \/> <a name=\"39\"><span class=\"versanumer_2007\">39<\/span><\/a> N\u00fa reyndu \u00feeir aftur a\u00f0 gr\u00edpa hann en hann gekk \u00far greipum \u00feeirra. <br \/> <a name=\"40\"><span class=\"versanumer_2007\">40<\/span><\/a> Jes\u00fas f\u00f3r aftur burt yfir um J\u00f3rdan \u00feanga\u00f0 sem J\u00f3hannes haf\u00f0i fyrrum veri\u00f0 a\u00f0 sk\u00edra og var \u00fear um kyrrt. <a name=\"41\"><span class=\"versanumer_2007\">41<\/span><\/a> Margir komu til hans og s\u00f6g\u00f0u: \u201eV\u00edst ger\u00f0i J\u00f3hannes ekkert t\u00e1kn en allt er \u00fea\u00f0 satt sem hann sag\u00f0i um \u00feennan mann.\u201c <a name=\"42\"><span class=\"versanumer_2007\">42<\/span><\/a> Og \u00fearna t\u00f3ku margir tr\u00fa \u00e1 hann. <\/p>\n","protected":false},"excerpt":{"rendered":"<p>L\u00edkingin um hir\u00f0inn 1 \u201eSannlega, sannlega segi \u00e9g y\u00f0ur: S\u00e1 sem kemur ekki um dyrnar inn \u00ed sau\u00f0abyrgi\u00f0 heldur fer yfir annars sta\u00f0ar, hann er \u00fej\u00f3fur og r\u00e6ningi 2 en s\u00e1 sem kemur inn um dyrnar er hir\u00f0ir sau\u00f0anna. 3 Dyrav\u00f6r\u00f0urinn l\u00fdkur upp fyrir honum og sau\u00f0irnir heyra raust hans og hann kallar \u00e1 s\u00edna sau\u00f0i me\u00f0 nafni og lei\u00f0ir \u00fe\u00e1 \u00fat. 4 \u00deegar hann hefur l\u00e1ti\u00f0 \u00fat alla sau\u00f0i s\u00edna fer hann \u00e1 undan \u00feeim og \u00feeir fylgja honum af \u00fev\u00ed a\u00f0 \u00feeir \u00feekkja raust hans. 5 En \u00f3kunnugum fylgja \u00feeir ekki heldur fl\u00fdja fr\u00e1 honum \u00fev\u00ed \u00feeir \u00feekkja <a href=\"https:\/\/biblian.is\/biblian\/johannesargudspjall-10-kafli\/\"> [&#8230;]<\/a><\/p>\n","protected":false},"author":1,"featured_media":0,"parent":0,"menu_order":0,"comment_status":"open","ping_status":"open","template":"bibliukaflar_NT.php","meta":{"footnotes":""},"class_list":["post-2624","page","type-page","status-publish","hentry"],"_links":{"self":[{"href":"https:\/\/biblian.is\/biblian\/wp-json\/wp\/v2\/pages\/2624","targetHints":{"allow":["GET"]}}],"collection":[{"href":"https:\/\/biblian.is\/biblian\/wp-json\/wp\/v2\/pages"}],"about":[{"href":"https:\/\/biblian.is\/biblian\/wp-json\/wp\/v2\/types\/page"}],"author":[{"embeddable":true,"href":"https:\/\/biblian.is\/biblian\/wp-json\/wp\/v2\/users\/1"}],"replies":[{"embeddable":true,"href":"https:\/\/biblian.is\/biblian\/wp-json\/wp\/v2\/comments?post=2624"}],"version-history":[{"count":0,"href":"https:\/\/biblian.is\/biblian\/wp-json\/wp\/v2\/pages\/2624\/revisions"}],"wp:attachment":[{"href":"https:\/\/biblian.is\/biblian\/wp-json\/wp\/v2\/media?parent=2624"}],"curies":[{"name":"wp","href":"https:\/\/api.w.org\/{rel}","templated":true}]}}