{"id":2622,"date":"2017-12-30T21:04:01","date_gmt":"2017-12-30T21:04:01","guid":{"rendered":"http:\/\/biblian.is\/biblian\/j%c2%97hannesargu_spjall-8-kafli\/"},"modified":"2019-08-26T22:47:49","modified_gmt":"2019-08-26T22:47:49","slug":"johannesargudspjall-8-kafli","status":"publish","type":"page","link":"https:\/\/biblian.is\/biblian\/johannesargudspjall-8-kafli\/","title":{"rendered":"J\u00f3hannesargu\u00f0spjall 8. kafli"},"content":{"rendered":"<h3 class=\"millifyrirsogn_2007\"> Sakfelld s\u00fdknu\u00f0<\/h3>\n<p><a name=\"1\"><span class=\"versanumer_2007\">1<\/span><\/a> En Jes\u00fas f\u00f3r til Ol\u00edufjallsins. <a name=\"2\"><span class=\"versanumer_2007\">2<\/span><\/a> Snemma morguns kom hann aftur \u00ed helgid\u00f3minn og allt f\u00f3lki\u00f0 kom til hans en hann settist og t\u00f3k a\u00f0 kenna \u00fev\u00ed. <a name=\"3\"><span class=\"versanumer_2007\">3<\/span><\/a> Far\u00edsear og fr\u00e6\u00f0imenn koma me\u00f0 konu, sta\u00f0na a\u00f0 h\u00f3rd\u00f3mi, l\u00e9tu hana standa mitt \u00e1 me\u00f0al \u00feeirra <a name=\"4\"><span class=\"versanumer_2007\">4<\/span><\/a> og s\u00f6g\u00f0u vi\u00f0 Jes\u00fa: \u201eMeistari, kona \u00feessi var sta\u00f0in a\u00f0 verki \u00fear sem h\u00fan var a\u00f0 dr\u00fdgja h\u00f3r. <a name=\"5\"><span class=\"versanumer_2007\">5<\/span><\/a> M\u00f3se bau\u00f0 okkur \u00ed l\u00f6gm\u00e1linu a\u00f0 gr\u00fdta sl\u00edkar konur. Hva\u00f0 segir \u00fe\u00fa n\u00fa?\u201c <a name=\"6\"><span class=\"versanumer_2007\">6<\/span><\/a> \u00deetta s\u00f6g\u00f0u \u00feeir til a\u00f0 reyna hann svo \u00feeir hef\u00f0u eitthva\u00f0 a\u00f0 \u00e1k\u00e6ra hann fyrir. En Jes\u00fas laut ni\u00f0ur og skrifa\u00f0i me\u00f0 fingrinum \u00e1 j\u00f6r\u00f0ina. <br \/> <a name=\"7\"><span class=\"versanumer_2007\">7<\/span><\/a> Og \u00feegar \u00feeir h\u00e9ldu \u00e1fram a\u00f0 spyrja hann r\u00e9tti hann sig upp og sag\u00f0i vi\u00f0 \u00fe\u00e1: \u201eS\u00e1 ykkar sem syndlaus er kasti fyrstur steini \u00e1 hana.\u201c <a name=\"8\"><span class=\"versanumer_2007\">8<\/span><\/a> Og aftur laut hann ni\u00f0ur og skrifa\u00f0i \u00e1 j\u00f6r\u00f0ina. <a name=\"9\"><span class=\"versanumer_2007\">9<\/span><\/a> \u00deegar \u00feeir heyr\u00f0u \u00feetta f\u00f3ru \u00feeir burt, einn af \u00f6\u00f0rum, \u00f6ldungarnir fyrstir. Jes\u00fas var einn eftir og konan st\u00f3\u00f0 \u00ed s\u00f6mu sporum. <br \/> <a name=\"10\"><span class=\"versanumer_2007\">10<\/span><\/a> Hann r\u00e9tti sig upp og sag\u00f0i vi\u00f0 hana: \u201eKona, hva\u00f0 var\u00f0 af \u00feeim? Sakfelldi enginn \u00feig?\u201c <br \/> <a name=\"11\"><span class=\"versanumer_2007\">11<\/span><\/a> En h\u00fan sag\u00f0i: \u201eEnginn, Drottinn.\u201c <br \/>Jes\u00fas m\u00e6lti: \u201e\u00c9g sakfelli \u00feig ekki heldur. Far \u00fe\u00fa. Syndga ekki framar.\u201c]<span class=\"nedan_mal\" title=\" Vantar \u00ed sum handrit.\">[<\/span> <\/p>\n<h3 class=\"millifyrirsogn_2007\">Jes\u00fas, lj\u00f3s heimsins<\/h3>\n<p><a name=\"12\"><span class=\"versanumer_2007\">12<\/span><\/a> N\u00fa tala\u00f0i Jes\u00fas aftur til \u00feeirra og sag\u00f0i: \u201e\u00c9g er lj\u00f3s heimsins. S\u00e1 sem fylgir m\u00e9r mun ekki ganga \u00ed myrkri heldur hafa lj\u00f3s l\u00edfsins.\u201c <br \/> <a name=\"13\"><span class=\"versanumer_2007\">13<\/span><\/a> \u00de\u00e1 s\u00f6g\u00f0u far\u00edsear vi\u00f0 hann: \u201e\u00de\u00fa vitnar um sj\u00e1lfan \u00feig. Vitnisbur\u00f0ur \u00feinn er ekki gildur.\u201c <br \/> <a name=\"14\"><span class=\"versanumer_2007\">14<\/span><\/a> Jes\u00fas svara\u00f0i \u00feeim: \u201eEnda \u00fe\u00f3tt \u00e9g vitni um sj\u00e1lfan mig er vitnisbur\u00f0ur minn gildur \u00fev\u00ed \u00e9g veit hva\u00f0an \u00e9g kom og hvert \u00e9g fer. En \u00fe\u00e9r viti\u00f0 ekki hva\u00f0an \u00e9g kem n\u00e9 hvert \u00e9g fer. <a name=\"15\"><span class=\"versanumer_2007\">15<\/span><\/a> \u00de\u00e9r d\u00e6mi\u00f0 a\u00f0 h\u00e6tti manna. \u00c9g d\u00e6mi engan. <a name=\"16\"><span class=\"versanumer_2007\">16<\/span><\/a> En ef \u00e9g d\u00e6mi er d\u00f3mur minn r\u00e9ttur \u00fev\u00ed \u00e9g er ekki einn, me\u00f0 m\u00e9r er fa\u00f0irinn sem sendi mig. <a name=\"17\"><span class=\"versanumer_2007\">17<\/span><\/a> Og \u00ed l\u00f6gm\u00e1li y\u00f0ar er rita\u00f0 a\u00f0 vitnisbur\u00f0ur tveggja manna s\u00e9 gildur. <a name=\"18\"><span class=\"versanumer_2007\">18<\/span><\/a> \u00c9g er s\u00e1 sem vitna um sj\u00e1lfan mig og fa\u00f0irinn, sem sendi mig, vitnar um mig.\u201c <br \/> <a name=\"19\"><span class=\"versanumer_2007\">19<\/span><\/a> \u00deeir s\u00f6g\u00f0u vi\u00f0 hann: \u201eHvar er fa\u00f0ir \u00feinn?\u201c <br \/>Jes\u00fas svara\u00f0i: \u201eHvorki \u00feekki\u00f0 \u00fe\u00e9r mig n\u00e9 f\u00f6\u00f0ur minn. Ef \u00fe\u00e9r \u00feekktu\u00f0 mig \u00fe\u00e1 \u00feekktu\u00f0 \u00fe\u00e9r l\u00edka f\u00f6\u00f0ur minn.\u201c <br \/> <a name=\"20\"><span class=\"versanumer_2007\">20<\/span><\/a> \u00deessi or\u00f0 m\u00e6lti Jes\u00fas hj\u00e1 fj\u00e1rhirslunni \u00feegar hann var a\u00f0 kenna \u00ed helgid\u00f3minum. Enginn lag\u00f0i hendur \u00e1 hann \u00fev\u00ed stund hans var enn ekki komin. <\/p>\n<h3 class=\"millifyrirsogn_2007\">Ekki af \u00feessum heimi<\/h3>\n<p><a name=\"21\"><span class=\"versanumer_2007\">21<\/span><\/a> Enn sag\u00f0i Jes\u00fas vi\u00f0 \u00fe\u00e1: \u201e\u00c9g fer burt og \u00fe\u00e9r munu\u00f0 leita m\u00edn en \u00fe\u00e9r munu\u00f0 deyja \u00ed synd y\u00f0ar. \u00deanga\u00f0 sem \u00e9g fer geti\u00f0 \u00fe\u00e9r ekki komist.\u201c <br \/> <a name=\"22\"><span class=\"versanumer_2007\">22<\/span><\/a> N\u00fa sag\u00f0i f\u00f3lki\u00f0:<span class=\"nedan_mal\" title=\" Or\u00f0r\u00e9tt: Gy\u00f0ingar.\">[<\/span> \u201eMun hann \u00e6tla a\u00f0 fyrirfara s\u00e9r fyrst hann segir: \u00deanga\u00f0 sem \u00e9g fer geti\u00f0 \u00fe\u00e9r ekki komist?\u201c <br \/> <a name=\"23\"><span class=\"versanumer_2007\">23<\/span><\/a> En hann sag\u00f0i vi\u00f0 \u00fea\u00f0: \u201e\u00de\u00e9r eru\u00f0 ne\u00f0an a\u00f0, \u00e9g er ofan a\u00f0. \u00de\u00e9r eru\u00f0 af \u00feessum heimi, \u00e9g er ekki af \u00feessum heimi. <a name=\"24\"><span class=\"versanumer_2007\">24<\/span><\/a> \u00deess vegna sag\u00f0i \u00e9g y\u00f0ur a\u00f0 \u00fe\u00e9r mundu\u00f0 deyja \u00ed syndum y\u00f0ar. \u00dev\u00ed ef \u00fe\u00e9r tr\u00fai\u00f0 ekki a\u00f0 \u00e9g s\u00e9 s\u00e1 sem \u00e9g er munu\u00f0 \u00fe\u00e9r deyja \u00ed syndum y\u00f0ar.\u201c <br \/> <a name=\"25\"><span class=\"versanumer_2007\">25<\/span><\/a> F\u00f3lki\u00f0 spur\u00f0i hann \u00fe\u00e1: \u201eHver ert \u00fe\u00fa?\u201c Jes\u00fas svara\u00f0i \u00fev\u00ed: \u201eS\u00e1 sem \u00e9g hef sagt y\u00f0ur fr\u00e1 upphafi.<span class=\"nedan_mal\" title=\" E\u00f0a: Hvers vegna \u00e6tti \u00e9g yfirleitt a\u00f0 vera a\u00f0 tala vi\u00f0 y\u00f0ur?\">[<\/span> <a name=\"26\"><span class=\"versanumer_2007\">26<\/span><\/a> Margt hef \u00e9g um y\u00f0ur a\u00f0 tala og fyrir margt a\u00f0 d\u00e6ma. En s\u00e1 sem sendi mig er sannor\u00f0ur og \u00fea\u00f0 sem \u00e9g heyr\u00f0i hj\u00e1 honum, \u00fea\u00f0 tala \u00e9g til heimsins.\u201c <br \/> <a name=\"27\"><span class=\"versanumer_2007\">27<\/span><\/a> F\u00f3lki\u00f0 skildi ekki a\u00f0 hann var a\u00f0 tala vi\u00f0 \u00fe\u00e1 um f\u00f6\u00f0urinn. <a name=\"28\"><span class=\"versanumer_2007\">28<\/span><\/a> \u00dev\u00ed sag\u00f0i Jes\u00fas: \u201e\u00deegar \u00fe\u00e9r hefji\u00f0 upp Mannssoninn munu\u00f0 \u00fe\u00e9r skilja a\u00f0 \u00e9g er s\u00e1 sem \u00e9g er og a\u00f0 \u00e9g geri ekkert einn og s\u00e9r heldur tala \u00e9g \u00fea\u00f0 eitt sem fa\u00f0irinn hefur kennt m\u00e9r. <a name=\"29\"><span class=\"versanumer_2007\">29<\/span><\/a> Og s\u00e1 sem sendi mig er me\u00f0 m\u00e9r. Hann hefur ekki l\u00e1ti\u00f0 mig einan \u00fev\u00ed \u00e9g geri \u00e6t\u00ed\u00f0 \u00fea\u00f0 sem honum \u00fe\u00f3knast.\u201c <a name=\"30\"><span class=\"versanumer_2007\">30<\/span><\/a> \u00deegar hann m\u00e6lti \u00feetta f\u00f3ru margir a\u00f0 tr\u00faa \u00e1 hann. <\/p>\n<h3 class=\"millifyrirsogn_2007\">Frj\u00e1lsir &#8211; \u00fer\u00e6lar<\/h3>\n<p><a name=\"31\"><span class=\"versanumer_2007\">31<\/span><\/a> \u00de\u00e1 sag\u00f0i Jes\u00fas vi\u00f0 Gy\u00f0ingana, sem teki\u00f0 h\u00f6f\u00f0u tr\u00fa \u00e1 hann: \u201eEf \u00fe\u00e9r fari\u00f0 eftir \u00fev\u00ed sem \u00e9g segi eru\u00f0 \u00fe\u00e9r sannir l\u00e6risveinar m\u00ednir <a name=\"32\"><span class=\"versanumer_2007\">32<\/span><\/a> og munu\u00f0 \u00feekkja sannleikann, og sannleikurinn mun gera y\u00f0ur frj\u00e1lsa.\u201c<br \/> <a name=\"33\"><span class=\"versanumer_2007\">33<\/span><\/a> F\u00f3lki\u00f0 svara\u00f0i honum: \u201eVi\u00f0 erum ni\u00f0jar Abrahams og h\u00f6fum aldrei veri\u00f0 nokkurs manns \u00fer\u00e6lar. Hvernig getur \u00fe\u00fa \u00fe\u00e1 sagt: \u00dei\u00f0 munu\u00f0 ver\u00f0a frj\u00e1lsir?\u201c <br \/> <a name=\"34\"><span class=\"versanumer_2007\">34<\/span><\/a> Jes\u00fas svara\u00f0i \u00feeim: \u201eSannlega, sannlega segi \u00e9g y\u00f0ur: Hver sem dr\u00fdgir synd er \u00fer\u00e6ll syndarinnar. <a name=\"35\"><span class=\"versanumer_2007\">35<\/span><\/a> En \u00fer\u00e6llinn dvelst ekki um aldur \u00e1 heimilinu, sonurinn dvelst \u00fear um aldur og \u00e6vi. <a name=\"36\"><span class=\"versanumer_2007\">36<\/span><\/a> Ef sonurinn frelsar y\u00f0ur munu\u00f0 \u00fe\u00e9r sannarlega ver\u00f0a frj\u00e1lsir. <a name=\"37\"><span class=\"versanumer_2007\">37<\/span><\/a> \u00c9g veit a\u00f0 \u00fe\u00e9r eru\u00f0 ni\u00f0jar Abrahams. \u00de\u00f3 leitist \u00fe\u00e9r vi\u00f0 a\u00f0 l\u00edfl\u00e1ta mig \u00fev\u00ed a\u00f0 or\u00f0 mitt f\u00e6r ekki r\u00fam hj\u00e1 y\u00f0ur. <a name=\"38\"><span class=\"versanumer_2007\">38<\/span><\/a> \u00c9g tala \u00fea\u00f0 sem \u00e9g hef s\u00e9\u00f0 hj\u00e1 f\u00f6\u00f0ur m\u00ednum og \u00fe\u00e9r geri\u00f0 \u00fea\u00f0 sem \u00fe\u00e9r hafi\u00f0 heyrt hj\u00e1 f\u00f6\u00f0ur y\u00f0ar.\u201c <br \/> <a name=\"39\"><span class=\"versanumer_2007\">39<\/span><\/a> Menn sv\u00f6ru\u00f0u honum: \u201eFa\u00f0ir okkar er Abraham.\u201c <br \/>Jes\u00fas svara\u00f0i \u00feeim: \u201eEf \u00fe\u00e9r v\u00e6ru\u00f0 ni\u00f0jar Abrahams mundu\u00f0 \u00fe\u00e9r vinna verk Abrahams. <a name=\"40\"><span class=\"versanumer_2007\">40<\/span><\/a> En n\u00fa leitist \u00fe\u00e9r vi\u00f0 a\u00f0 l\u00edfl\u00e1ta mig, mann sem hefur sagt y\u00f0ur sannleikann sem \u00e9g heyr\u00f0i hj\u00e1 Gu\u00f0i. Sl\u00edkt ger\u00f0i Abraham aldrei. <a name=\"41\"><span class=\"versanumer_2007\">41<\/span><\/a> \u00de\u00e9r vinni\u00f0 verk f\u00f6\u00f0ur y\u00f0ar.\u201c <br \/>Menn s\u00f6g\u00f0u vi\u00f0 hann: \u201eVi\u00f0 erum ekki h\u00f3rgetnir. Einn f\u00f6\u00f0ur eigum vi\u00f0, Gu\u00f0.\u201c <br \/> <a name=\"42\"><span class=\"versanumer_2007\">42<\/span><\/a> Jes\u00fas svara\u00f0i: \u201eEf Gu\u00f0 v\u00e6ri fa\u00f0ir y\u00f0ar mundu\u00f0 \u00fe\u00e9r elska mig \u00fev\u00ed a\u00f0 fr\u00e1 Gu\u00f0i er \u00e9g \u00fat genginn og kominn. Ekki hef \u00e9g sent mig sj\u00e1lfur. \u00dea\u00f0 er hann sem sendi mig. <a name=\"43\"><span class=\"versanumer_2007\">43<\/span><\/a> Hv\u00ed skilji\u00f0 \u00fe\u00e9r ekki m\u00e1l mitt? Af \u00fev\u00ed a\u00f0 \u00fe\u00e9r geti\u00f0 ekki hlusta\u00f0 \u00e1 or\u00f0 mitt. <a name=\"44\"><span class=\"versanumer_2007\">44<\/span><\/a> \u00de\u00e9r eigi\u00f0 dj\u00f6fulinn a\u00f0 f\u00f6\u00f0ur og vilji\u00f0 gera \u00fea\u00f0 sem fa\u00f0ir y\u00f0ar girnist. Hann var manndr\u00e1pari fr\u00e1 upphafi og hefur aldrei \u00feekkt sannleikann \u00fev\u00ed \u00ed honum finnst enginn sannleikur. \u00deegar hann l\u00fdgur fer hann a\u00f0 e\u00f0li s\u00ednu \u00fev\u00ed hann er lygari og lyginnar fa\u00f0ir. <a name=\"45\"><span class=\"versanumer_2007\">45<\/span><\/a> En af \u00fev\u00ed a\u00f0 \u00e9g segi sannleikann tr\u00fai\u00f0 \u00fe\u00e9r m\u00e9r ekki. <a name=\"46\"><span class=\"versanumer_2007\">46<\/span><\/a> Hver y\u00f0ar getur sanna\u00f0 \u00e1 mig synd? Ef \u00e9g segi sannleikann, hv\u00ed tr\u00fai\u00f0 \u00fe\u00e9r m\u00e9r ekki? <a name=\"47\"><span class=\"versanumer_2007\">47<\/span><\/a> S\u00e1 sem er af Gu\u00f0i heyrir Gu\u00f0s or\u00f0. \u00de\u00e9r heyri\u00f0 ekki vegna \u00feess a\u00f0 \u00fe\u00e9r eru\u00f0 ekki af Gu\u00f0i.\u201c <br \/> <a name=\"48\"><span class=\"versanumer_2007\">48<\/span><\/a> \u00deeir sv\u00f6ru\u00f0u honum: \u201eEr \u00fea\u00f0 ekki r\u00e9tt sem vi\u00f0 segjum a\u00f0 \u00fe\u00fa s\u00e9rt Samverji og hafir illan anda?\u201c <br \/> <a name=\"49\"><span class=\"versanumer_2007\">49<\/span><\/a> Jes\u00fas ansa\u00f0i: \u201eEkki hef \u00e9g illan anda. \u00c9g hei\u00f0ra f\u00f6\u00f0ur minn en \u00fe\u00e9r sm\u00e1ni\u00f0 mig. <a name=\"50\"><span class=\"versanumer_2007\">50<\/span><\/a> \u00c9g leita ekki m\u00edns hei\u00f0urs. S\u00e1 er til sem leitar hans og d\u00e6mir. <a name=\"51\"><span class=\"versanumer_2007\">51<\/span><\/a> Sannlega, sannlega segi \u00e9g y\u00f0ur: S\u00e1 sem var\u00f0veitir mitt or\u00f0 skal aldrei a\u00f0 eil\u00edfu deyja.\u201c <br \/> <a name=\"52\"><span class=\"versanumer_2007\">52<\/span><\/a> \u00de\u00e1 s\u00f6g\u00f0u \u00feeir vi\u00f0 hann: \u201eN\u00fa vitum vi\u00f0 a\u00f0 \u00fe\u00fa hefur illan anda. Abraham d\u00f3 og sp\u00e1mennirnir og \u00fe\u00fa segir a\u00f0 s\u00e1 sem var\u00f0veitir or\u00f0 \u00feitt skuli aldrei a\u00f0 eil\u00edfu deyja. <a name=\"53\"><span class=\"versanumer_2007\">53<\/span><\/a> Ert \u00fe\u00fa meiri en fa\u00f0ir okkar, Abraham? Hann d\u00f3 og sp\u00e1mennirnir d\u00f3u. Hver \u00feykist \u00fe\u00fa vera?\u201c <br \/> <a name=\"54\"><span class=\"versanumer_2007\">54<\/span><\/a> Jes\u00fas svara\u00f0i: \u201eEf \u00e9g vegsama sj\u00e1lfan mig er vegsemd m\u00edn engin. Fa\u00f0ir minn er s\u00e1 sem vegsamar mig, hann sem \u00fe\u00e9r segi\u00f0 vera Gu\u00f0 y\u00f0ar. <a name=\"55\"><span class=\"versanumer_2007\">55<\/span><\/a> Og \u00fe\u00e9r \u00feekki\u00f0 hann ekki en \u00e9g \u00feekki hann. Ef \u00e9g seg\u00f0ist ekki \u00feekkja hann v\u00e6ri \u00e9g lygari eins og \u00fe\u00e9r. En \u00e9g \u00feekki hann og var\u00f0veiti or\u00f0 hans. <a name=\"56\"><span class=\"versanumer_2007\">56<\/span><\/a> Abraham fa\u00f0ir y\u00f0ar v\u00e6nti \u00feess me\u00f0 f\u00f6gnu\u00f0i a\u00f0 sj\u00e1 dag minn og hann s\u00e1 hann og gladdist.\u201c <br \/> <a name=\"57\"><span class=\"versanumer_2007\">57<\/span><\/a> \u00de\u00e1 s\u00f6g\u00f0u \u00feeir vi\u00f0 hann: \u201e\u00de\u00fa ert ekki enn or\u00f0inn fimmtugur og hefur s\u00e9\u00f0 Abraham!\u201c <br \/> <a name=\"58\"><span class=\"versanumer_2007\">58<\/span><\/a> Jes\u00fas svara\u00f0i: \u201eSannlega, sannlega segi \u00e9g y\u00f0ur: \u00c1\u00f0ur en Abraham f\u00e6ddist er \u00e9g.\u201c <br \/> <a name=\"59\"><span class=\"versanumer_2007\">59<\/span><\/a> \u00de\u00e1 t\u00f3ku menn upp steina til a\u00f0 gr\u00fdta Jes\u00fa. En hann duldist og hvarf \u00far helgid\u00f3minum. <\/p>\n","protected":false},"excerpt":{"rendered":"<p>Sakfelld s\u00fdknu\u00f0 1 En Jes\u00fas f\u00f3r til Ol\u00edufjallsins. 2 Snemma morguns kom hann aftur \u00ed helgid\u00f3minn og allt f\u00f3lki\u00f0 kom til hans en hann settist og t\u00f3k a\u00f0 kenna \u00fev\u00ed. 3 Far\u00edsear og fr\u00e6\u00f0imenn koma me\u00f0 konu, sta\u00f0na a\u00f0 h\u00f3rd\u00f3mi, l\u00e9tu hana standa mitt \u00e1 me\u00f0al \u00feeirra 4 og s\u00f6g\u00f0u vi\u00f0 Jes\u00fa: \u201eMeistari, kona \u00feessi var sta\u00f0in a\u00f0 verki \u00fear sem h\u00fan var a\u00f0 dr\u00fdgja h\u00f3r. 5 M\u00f3se bau\u00f0 okkur \u00ed l\u00f6gm\u00e1linu a\u00f0 gr\u00fdta sl\u00edkar konur. Hva\u00f0 segir \u00fe\u00fa n\u00fa?\u201c 6 \u00deetta s\u00f6g\u00f0u \u00feeir til a\u00f0 reyna hann svo \u00feeir hef\u00f0u eitthva\u00f0 a\u00f0 \u00e1k\u00e6ra hann fyrir. En Jes\u00fas laut ni\u00f0ur <a href=\"https:\/\/biblian.is\/biblian\/johannesargudspjall-8-kafli\/\"> [&#8230;]<\/a><\/p>\n","protected":false},"author":1,"featured_media":0,"parent":0,"menu_order":0,"comment_status":"open","ping_status":"open","template":"bibliukaflar_NT.php","meta":{"footnotes":""},"class_list":["post-2622","page","type-page","status-publish","hentry"],"_links":{"self":[{"href":"https:\/\/biblian.is\/biblian\/wp-json\/wp\/v2\/pages\/2622","targetHints":{"allow":["GET"]}}],"collection":[{"href":"https:\/\/biblian.is\/biblian\/wp-json\/wp\/v2\/pages"}],"about":[{"href":"https:\/\/biblian.is\/biblian\/wp-json\/wp\/v2\/types\/page"}],"author":[{"embeddable":true,"href":"https:\/\/biblian.is\/biblian\/wp-json\/wp\/v2\/users\/1"}],"replies":[{"embeddable":true,"href":"https:\/\/biblian.is\/biblian\/wp-json\/wp\/v2\/comments?post=2622"}],"version-history":[{"count":0,"href":"https:\/\/biblian.is\/biblian\/wp-json\/wp\/v2\/pages\/2622\/revisions"}],"wp:attachment":[{"href":"https:\/\/biblian.is\/biblian\/wp-json\/wp\/v2\/media?parent=2622"}],"curies":[{"name":"wp","href":"https:\/\/api.w.org\/{rel}","templated":true}]}}