{"id":2620,"date":"2017-12-30T21:04:01","date_gmt":"2017-12-30T21:04:01","guid":{"rendered":"http:\/\/biblian.is\/biblian\/j%c2%97hannesargu_spjall-6-kafli\/"},"modified":"2019-08-26T22:47:48","modified_gmt":"2019-08-26T22:47:48","slug":"johannesargudspjall-6-kafli","status":"publish","type":"page","link":"https:\/\/biblian.is\/biblian\/johannesargudspjall-6-kafli\/","title":{"rendered":"J\u00f3hannesargu\u00f0spjall 6. kafli"},"content":{"rendered":"<h3 class=\"millifyrirsogn_2007\"> Jes\u00fas mettar<\/h3>\n<p><a name=\"1\"><span class=\"versanumer_2007\">1<\/span><\/a> Eftir \u00feetta f\u00f3r Jes\u00fas yfir um Gal\u00edleuvatn e\u00f0a T\u00edber\u00edasvatn. <a name=\"2\"><span class=\"versanumer_2007\">2<\/span><\/a> Mikill fj\u00f6ldi manna fylgdi honum \u00fev\u00ed \u00feeir s\u00e1u \u00feau t\u00e1kn er hann ger\u00f0i \u00e1 sj\u00faku f\u00f3lki. <a name=\"3\"><span class=\"versanumer_2007\">3<\/span><\/a> \u00de\u00e1 f\u00f3r Jes\u00fas upp \u00e1 fjalli\u00f0 og settist \u00fear ni\u00f0ur me\u00f0 l\u00e6risveinum s\u00ednum. <a name=\"4\"><span class=\"versanumer_2007\">4<\/span><\/a> \u00deetta var laust fyrir p\u00e1skah\u00e1t\u00ed\u00f0 Gy\u00f0inga. <br \/> <a name=\"5\"><span class=\"versanumer_2007\">5<\/span><\/a> Jes\u00fas leit upp og s\u00e1 a\u00f0 mikill mannfj\u00f6ldi kom til hans. Hann segir \u00fe\u00e1 vi\u00f0 Filippus: \u201eHvar eigum vi\u00f0 a\u00f0 kaupa brau\u00f0 svo a\u00f0 \u00feessir menn f\u00e1i mat?\u201c <a name=\"6\"><span class=\"versanumer_2007\">6<\/span><\/a> En \u00feetta sag\u00f0i hann til a\u00f0 reyna hann \u00fev\u00ed hann vissi sj\u00e1lfur hva\u00f0 hann \u00e6tla\u00f0i a\u00f0 gera. <br \/> <a name=\"7\"><span class=\"versanumer_2007\">7<\/span><\/a> Filippus svara\u00f0i honum: \u201eBrau\u00f0 fyrir tv\u00f6 hundru\u00f0 denara<span class=\"nedan_mal\" title=\" Einn denar var venjuleg daglaun landb\u00fana\u00f0arverkamanns, sbr. Matt 20.2.\">[<\/span> n\u00e6g\u00f0u \u00feeim ekki svo a\u00f0 hver fengi l\u00edti\u00f0 eitt.\u201c <a name=\"8\"><span class=\"versanumer_2007\">8<\/span><\/a> Annar l\u00e6risveinn hans, Andr\u00e9s, br\u00f3\u00f0ir S\u00edmonar P\u00e9turs, segir \u00fe\u00e1 vi\u00f0 hann: <a name=\"9\"><span class=\"versanumer_2007\">9<\/span><\/a> \u201eH\u00e9r er piltur sem er me\u00f0 fimm byggbrau\u00f0 og tvo fiska en hva\u00f0 er \u00fea\u00f0 handa svo m\u00f6rgum?\u201c <br \/> <a name=\"10\"><span class=\"versanumer_2007\">10<\/span><\/a> Jes\u00fas sag\u00f0i: \u201eL\u00e1ti\u00f0 f\u00f3lki\u00f0 setjast ni\u00f0ur.\u201c \u00dearna var gras miki\u00f0. Menn settust n\u00fa ni\u00f0ur, um fimm \u00fe\u00fasund karlmenn a\u00f0 t\u00f6lu. <a name=\"11\"><span class=\"versanumer_2007\">11<\/span><\/a> N\u00fa t\u00f3k Jes\u00fas brau\u00f0in, ger\u00f0i \u00feakkir og skipti \u00feeim \u00fat til \u00feeirra sem \u00fear s\u00e1tu og eins af fiskunum, svo miki\u00f0 sem \u00feeir vildu. <a name=\"12\"><span class=\"versanumer_2007\">12<\/span><\/a> \u00deegar f\u00f3lki\u00f0 var or\u00f0i\u00f0 mett segir Jes\u00fas vi\u00f0 l\u00e6risveina s\u00edna: \u201eSafni\u00f0 saman leifunum svo ekkert spillist.\u201c <a name=\"13\"><span class=\"versanumer_2007\">13<\/span><\/a> \u00deeir s\u00f6fnu\u00f0u \u00feeim saman og fylltu t\u00f3lf k\u00f6rfur me\u00f0 leifum byggbrau\u00f0anna fimm sem af gengu hj\u00e1 \u00feeim er neytt h\u00f6f\u00f0u. <br \/> <a name=\"14\"><span class=\"versanumer_2007\">14<\/span><\/a> \u00deegar menn s\u00e1u t\u00e1kni\u00f0, sem hann ger\u00f0i, s\u00f6g\u00f0u \u00feeir: \u201e\u00deessi ma\u00f0ur er sannarlega sp\u00e1ma\u00f0urinn sem koma skal \u00ed heiminn.\u201c <a name=\"15\"><span class=\"versanumer_2007\">15<\/span><\/a> Jes\u00fas vissi n\u00fa a\u00f0 \u00feeir mundu koma og taka hann me\u00f0 valdi til a\u00f0 gera hann a\u00f0 konungi og v\u00e9k \u00fev\u00ed aftur upp til fjallsins einn s\u00edns li\u00f0s. <\/p>\n<h3 class=\"millifyrirsogn_2007\">Jes\u00fas gengur \u00e1 vatninu<\/h3>\n<p><a name=\"16\"><span class=\"versanumer_2007\">16<\/span><\/a> \u00deegar kv\u00f6ld var komi\u00f0 f\u00f3ru l\u00e6risveinar Jes\u00fa ni\u00f0ur a\u00f0 vatninu, <a name=\"17\"><span class=\"versanumer_2007\">17<\/span><\/a> stigu \u00fat \u00ed b\u00e1t og l\u00f6g\u00f0u af sta\u00f0 yfir um vatni\u00f0 til Kaperna\u00fam. Myrkur var skolli\u00f0 \u00e1 og Jes\u00fas var ekki enn kominn til \u00feeirra. <a name=\"18\"><span class=\"versanumer_2007\">18<\/span><\/a> Vind ger\u00f0i hvassan og t\u00f3k vatni\u00f0 a\u00f0 \u00e6sast. <a name=\"19\"><span class=\"versanumer_2007\">19<\/span><\/a> \u00deegar \u00feeir h\u00f6f\u00f0u r\u00f3i\u00f0 h\u00e9r um bil tuttugu og fimm e\u00f0a \u00ferj\u00e1t\u00edu skei\u00f0r\u00fam<span class=\"nedan_mal\" title=\" \u00derj\u00e1t\u00edu skei\u00f0r\u00fam eru t\u00e6pir sex k\u00edl\u00f3metrar.\">[<\/span> s\u00e1u \u00feeir Jes\u00fa gangandi \u00e1 vatninu og n\u00e1lgast b\u00e1tinn. \u00deeir ur\u00f0u hr\u00e6ddir <a name=\"20\"><span class=\"versanumer_2007\">20<\/span><\/a> en hann sag\u00f0i vi\u00f0 \u00fe\u00e1: \u201e\u00dea\u00f0 er \u00e9g, \u00f3ttist eigi.\u201c <a name=\"21\"><span class=\"versanumer_2007\">21<\/span><\/a> \u00deeir vildu \u00fe\u00e1 taka hann \u00ed b\u00e1tinn en \u00ed s\u00f6mu svifum rann b\u00e1turinn a\u00f0 landi \u00fear sem \u00feeir \u00e6tlu\u00f0u a\u00f0 lenda. <\/p>\n<h3 class=\"millifyrirsogn_2007\">Jes\u00fas, brau\u00f0 l\u00edfsins<\/h3>\n<p><a name=\"22\"><span class=\"versanumer_2007\">22<\/span><\/a> Daginn eftir s\u00e1 f\u00f3lki\u00f0, sem eftir var handan vatnsins, a\u00f0 \u00fear haf\u00f0i ekki veri\u00f0 nema einn b\u00e1tur og a\u00f0 Jes\u00fas haf\u00f0i ekki stigi\u00f0 \u00ed b\u00e1tinn me\u00f0 l\u00e6risveinum s\u00ednum heldur h\u00f6f\u00f0u \u00feeir fari\u00f0 burt einir saman. <a name=\"23\"><span class=\"versanumer_2007\">23<\/span><\/a> A\u00f0rir b\u00e1tar komu fr\u00e1 T\u00edber\u00edas \u00ed n\u00e1nd vi\u00f0 sta\u00f0inn \u00fear sem Drottinn haf\u00f0i gert \u00feakkir og f\u00f3lki\u00f0 eti\u00f0 brau\u00f0i\u00f0. <a name=\"24\"><span class=\"versanumer_2007\">24<\/span><\/a> N\u00fa s\u00e1u menn a\u00f0 Jes\u00fas var ekki \u00fearna fremur en l\u00e6risveinar hans. \u00deeir stigu \u00fev\u00ed \u00ed b\u00e1tana og komu til Kaperna\u00fam \u00ed leit a\u00f0 Jes\u00fa. <br \/> <a name=\"25\"><span class=\"versanumer_2007\">25<\/span><\/a> \u00deeir fundu hann hinum megin vi\u00f0 vatni\u00f0 og spur\u00f0u hann: \u201eRabb\u00ed, n\u00e6r komstu hinga\u00f0?\u201c <br \/> <a name=\"26\"><span class=\"versanumer_2007\">26<\/span><\/a> Jes\u00fas svara\u00f0i \u00feeim: \u201eSannlega, sannlega segi \u00e9g y\u00f0ur: \u00de\u00e9r leiti\u00f0 m\u00edn ekki af \u00fev\u00ed a\u00f0 \u00fe\u00e9r s\u00e1u\u00f0 t\u00e1kn, heldur af \u00fev\u00ed a\u00f0 \u00fe\u00e9r \u00e1tu\u00f0 af brau\u00f0unum og ur\u00f0u\u00f0 mettir. <a name=\"27\"><span class=\"versanumer_2007\">27<\/span><\/a> Afli\u00f0 y\u00f0ur eigi \u00feeirrar f\u00e6\u00f0u sem ey\u00f0ist heldur \u00feeirrar f\u00e6\u00f0u sem varir til eil\u00edfs l\u00edfs og Mannssonurinn mun gefa y\u00f0ur. \u00dev\u00ed a\u00f0 fa\u00f0irinn, sj\u00e1lfur Gu\u00f0, hefur veitt honum vald sitt.\u201c <br \/> <a name=\"28\"><span class=\"versanumer_2007\">28<\/span><\/a> \u00de\u00e1 s\u00f6g\u00f0u \u00feeir vi\u00f0 hann: \u201eHva\u00f0 eigum vi\u00f0 a\u00f0 gera svo a\u00f0 vi\u00f0 vinnum verk Gu\u00f0s?\u201c <br \/> <a name=\"29\"><span class=\"versanumer_2007\">29<\/span><\/a> Jes\u00fas svara\u00f0i \u00feeim: \u201e\u00dea\u00f0 er verk Gu\u00f0s a\u00f0 \u00fe\u00e9r tr\u00fai\u00f0 \u00e1 \u00feann sem hann sendi.\u201c <br \/> <a name=\"30\"><span class=\"versanumer_2007\">30<\/span><\/a> \u00deeir spur\u00f0u hann \u00fe\u00e1: \u201eHva\u00f0a t\u00e1kn getur \u00fe\u00fa s\u00fdnt okkur svo a\u00f0 vi\u00f0 tr\u00faum? Hva\u00f0 afrekar \u00fe\u00fa? <a name=\"31\"><span class=\"versanumer_2007\">31<\/span><\/a> Fe\u00f0ur okkar \u00e1tu manna \u00ed ey\u00f0im\u00f6rkinni eins og rita\u00f0 er: Brau\u00f0 af himni gaf hann \u00feeim a\u00f0 eta.\u201c <br \/> <a name=\"32\"><span class=\"versanumer_2007\">32<\/span><\/a> Jes\u00fas sag\u00f0i vi\u00f0 \u00fe\u00e1: \u201eSannlega, sannlega segi \u00e9g y\u00f0ur: M\u00f3se gaf y\u00f0ur ekki brau\u00f0i\u00f0 af himni heldur gefur fa\u00f0ir minn y\u00f0ur hi\u00f0 sanna brau\u00f0 af himni. <a name=\"33\"><span class=\"versanumer_2007\">33<\/span><\/a> Brau\u00f0 Gu\u00f0s er s\u00e1 sem st\u00edgur ni\u00f0ur af himni og gefur heiminum l\u00edf.\u201c <br \/> <a name=\"34\"><span class=\"versanumer_2007\">34<\/span><\/a> \u00de\u00e1 s\u00f6g\u00f0u \u00feeir vi\u00f0 hann: \u201eDrottinn, gef okkur \u00e6t\u00ed\u00f0 \u00feetta brau\u00f0.\u201c <br \/> <a name=\"35\"><span class=\"versanumer_2007\">35<\/span><\/a> Jes\u00fas sag\u00f0i \u00feeim: \u201e\u00c9g er brau\u00f0 l\u00edfsins. \u00deann mun ekki hungra sem til m\u00edn kemur og \u00feann aldrei \u00feyrsta sem \u00e1 mig tr\u00fair. <a name=\"36\"><span class=\"versanumer_2007\">36<\/span><\/a> En \u00e9g hef sagt vi\u00f0 y\u00f0ur: \u00de\u00e9r hafi\u00f0 s\u00e9\u00f0 mig og tr\u00fai\u00f0 \u00fe\u00f3 ekki. <a name=\"37\"><span class=\"versanumer_2007\">37<\/span><\/a> Allt sem fa\u00f0irinn gefur m\u00e9r mun koma til m\u00edn og \u00feann sem til m\u00edn kemur mun \u00e9g alls eigi brott reka. <a name=\"38\"><span class=\"versanumer_2007\">38<\/span><\/a> \u00c9g er stiginn ni\u00f0ur af himni, ekki til a\u00f0 gera vilja minn heldur vilja \u00feess er sendi mig. <a name=\"39\"><span class=\"versanumer_2007\">39<\/span><\/a> En s\u00e1 er vilji \u00feess sem sendi mig a\u00f0 \u00e9g glati engu af \u00f6llu \u00fev\u00ed sem hann hefur gefi\u00f0 m\u00e9r heldur reisi \u00fea\u00f0 upp \u00e1 efsta degi. <a name=\"40\"><span class=\"versanumer_2007\">40<\/span><\/a> \u00dev\u00ed s\u00e1 er vilji f\u00f6\u00f0ur m\u00edns a\u00f0 hver sem s\u00e9r soninn og tr\u00fair \u00e1 hann hafi eil\u00edft l\u00edf og \u00e9g mun reisa hann upp \u00e1 efsta degi.\u201c <br \/> <a name=\"41\"><span class=\"versanumer_2007\">41<\/span><\/a> N\u00fa kom upp kurr me\u00f0al Gy\u00f0inga \u00fat af \u00fev\u00ed a\u00f0 hann sag\u00f0i: \u201e\u00c9g er brau\u00f0i\u00f0 sem ni\u00f0ur steig af himni,\u201c <a name=\"42\"><span class=\"versanumer_2007\">42<\/span><\/a> og menn s\u00f6g\u00f0u: \u201eEr \u00feetta ekki hann Jes\u00fas, sonur J\u00f3sefs? Vi\u00f0 \u00feekkjum b\u00e6\u00f0i f\u00f6\u00f0ur hans og m\u00f3\u00f0ur. Hvernig getur hann sagt a\u00f0 hann s\u00e9 stiginn ni\u00f0ur af himni?\u201c <br \/> <a name=\"43\"><span class=\"versanumer_2007\">43<\/span><\/a> Jes\u00fas svara\u00f0i \u00feeim: \u201eVeri\u00f0 ekki me\u00f0 kurr y\u00f0ar \u00e1 me\u00f0al. <a name=\"44\"><span class=\"versanumer_2007\">44<\/span><\/a> Enginn getur komi\u00f0 til m\u00edn nema fa\u00f0irinn, sem sendi mig, la\u00f0i hann og \u00e9g mun reisa hann upp \u00e1 efsta degi. <a name=\"45\"><span class=\"versanumer_2007\">45<\/span><\/a> Hj\u00e1 sp\u00e1m\u00f6nnunum er skrifa\u00f0: Gu\u00f0 mun kenna \u00feeim \u00f6llum. Hver sem hl\u00fd\u00f0ir \u00e1 f\u00f6\u00f0urinn og l\u00e6rir af honum kemur til m\u00edn. <a name=\"46\"><span class=\"versanumer_2007\">46<\/span><\/a> Ekki er \u00fea\u00f0 svo a\u00f0 nokkur hafi s\u00e9\u00f0 f\u00f6\u00f0urinn. S\u00e1 einn sem er fr\u00e1 Gu\u00f0i hefur s\u00e9\u00f0 f\u00f6\u00f0urinn. <a name=\"47\"><span class=\"versanumer_2007\">47<\/span><\/a> Sannlega, sannlega segi \u00e9g y\u00f0ur: S\u00e1 sem tr\u00fair hefur eil\u00edft l\u00edf. <a name=\"48\"><span class=\"versanumer_2007\">48<\/span><\/a> \u00c9g er brau\u00f0 l\u00edfsins. <a name=\"49\"><span class=\"versanumer_2007\">49<\/span><\/a> Fe\u00f0ur ykkar \u00e1tu manna \u00ed ey\u00f0im\u00f6rkinni en \u00feeir d\u00f3u. <a name=\"50\"><span class=\"versanumer_2007\">50<\/span><\/a> \u00deetta er brau\u00f0i\u00f0 sem ni\u00f0ur st\u00edgur af himni. S\u00e1 sem etur af \u00fev\u00ed deyr ekki. <a name=\"51\"><span class=\"versanumer_2007\">51<\/span><\/a> \u00c9g er hi\u00f0 lifandi brau\u00f0 sem steig ni\u00f0ur af himni. Hver sem etur af \u00feessu brau\u00f0i mun lifa a\u00f0 eil\u00edfu. Og brau\u00f0i\u00f0 er l\u00edkami minn sem \u00e9g gef heiminum til l\u00edfs.\u201c <br \/> <a name=\"52\"><span class=\"versanumer_2007\">52<\/span><\/a> N\u00fa deildu Gy\u00f0ingar hver vi\u00f0 annan og s\u00f6g\u00f0u: \u201eHvernig getur \u00feessi ma\u00f0ur gefi\u00f0 okkur l\u00edkama sinn a\u00f0 eta?\u201c <br \/> <a name=\"53\"><span class=\"versanumer_2007\">53<\/span><\/a> \u00de\u00e1 sag\u00f0i Jes\u00fas vi\u00f0 \u00fe\u00e1: \u201eSannlega, sannlega segi \u00e9g y\u00f0ur: Ef \u00fe\u00e9r eti\u00f0 ekki hold Mannssonarins og drekki\u00f0 bl\u00f3\u00f0 hans \u00fe\u00e1 er ekki l\u00edf \u00ed y\u00f0ur. <a name=\"54\"><span class=\"versanumer_2007\">54<\/span><\/a> S\u00e1 sem etur hold mitt og drekkur bl\u00f3\u00f0 mitt hefur eil\u00edft l\u00edf og \u00e9g reisi hann upp \u00e1 efsta degi. <a name=\"55\"><span class=\"versanumer_2007\">55<\/span><\/a> Hold mitt er s\u00f6nn f\u00e6\u00f0a og bl\u00f3\u00f0 mitt er sannur drykkur. <a name=\"56\"><span class=\"versanumer_2007\">56<\/span><\/a> S\u00e1 sem etur hold mitt og drekkur bl\u00f3\u00f0 mitt er \u00ed m\u00e9r og \u00e9g \u00ed honum. <a name=\"57\"><span class=\"versanumer_2007\">57<\/span><\/a> Eins og hinn lifandi fa\u00f0ir sendi mig og veitir m\u00e9r l\u00edf, svo mun \u00e9g l\u00e1ta \u00feann lifa sem mig etur. <a name=\"58\"><span class=\"versanumer_2007\">58<\/span><\/a> \u00deetta er \u00fea\u00f0 brau\u00f0 sem ni\u00f0ur steig af himni. \u00dea\u00f0 er ekki eins og brau\u00f0i\u00f0 sem fe\u00f0urnir \u00e1tu enda d\u00f3u \u00feeir. S\u00e1 sem etur \u00feetta brau\u00f0 mun lifa a\u00f0 eil\u00edfu.\u201c <br \/> <a name=\"59\"><span class=\"versanumer_2007\">59<\/span><\/a> \u00deetta sag\u00f0i hann \u00feegar hann var a\u00f0 kenna \u00ed samkundunni \u00ed Kaperna\u00fam. <\/p>\n<h3 class=\"millifyrirsogn_2007\">Or\u00f0 eil\u00edfs l\u00edfs<\/h3>\n<p><a name=\"60\"><span class=\"versanumer_2007\">60<\/span><\/a> Margir af l\u00e6risveinum hans, er \u00e1 hl\u00fdddu, s\u00f6g\u00f0u: \u201e\u00deung er \u00feessi r\u00e6\u00f0a. Hver getur hlusta\u00f0 \u00e1 hana?\u201c <br \/> <a name=\"61\"><span class=\"versanumer_2007\">61<\/span><\/a> Jes\u00fas vissi me\u00f0 sj\u00e1lfum s\u00e9r a\u00f0 kurr var me\u00f0 l\u00e6risveinum hans \u00fat af \u00feessu og sag\u00f0i vi\u00f0 \u00fe\u00e1: \u201eHneykslar \u00feetta y\u00f0ur? <a name=\"62\"><span class=\"versanumer_2007\">62<\/span><\/a> En ef \u00fe\u00e9r s\u00e6ju\u00f0 Mannssoninn st\u00edga upp \u00feanga\u00f0 sem hann \u00e1\u00f0ur var? <a name=\"63\"><span class=\"versanumer_2007\">63<\/span><\/a> \u00dea\u00f0 er andinn sem l\u00edfgar, ma\u00f0urinn \u00e1n hans megnar ekkert. Or\u00f0in sem \u00e9g hef tala\u00f0 til y\u00f0ar, \u00feau eru andi og \u00feau eru l\u00edf. <a name=\"64\"><span class=\"versanumer_2007\">64<\/span><\/a> En h\u00e9r \u00e1 me\u00f0al eru nokkrir sem ekki tr\u00faa.\u201c Jes\u00fas vissi fr\u00e1 upphafi hverjir \u00feeir voru sem tr\u00fa\u00f0u ekki og hver s\u00e1 var sem mundi sv\u00edkja hann. <a name=\"65\"><span class=\"versanumer_2007\">65<\/span><\/a> Og hann b\u00e6tti vi\u00f0: \u201eVegna \u00feess sag\u00f0i \u00e9g vi\u00f0 y\u00f0ur: Enginn getur komi\u00f0 til m\u00edn nema fa\u00f0irinn veiti honum \u00fea\u00f0.\u201c <br \/> <a name=\"66\"><span class=\"versanumer_2007\">66<\/span><\/a> Upp \u00far \u00feessu hurfu margir af l\u00e6risveinum hans fr\u00e1 og voru ekki framar me\u00f0 honum. <a name=\"67\"><span class=\"versanumer_2007\">67<\/span><\/a> \u00de\u00e1 sag\u00f0i Jes\u00fas vi\u00f0 \u00fe\u00e1 t\u00f3lf: \u201e\u00c6tli\u00f0 \u00fei\u00f0 a\u00f0 fara l\u00edka?\u201c <br \/> <a name=\"68\"><span class=\"versanumer_2007\">68<\/span><\/a> S\u00edmon P\u00e9tur svara\u00f0i honum: \u201eDrottinn, til hvers \u00e6ttum vi\u00f0 a\u00f0 fara? \u00de\u00fa hefur or\u00f0 eil\u00edfs l\u00edfs <a name=\"69\"><span class=\"versanumer_2007\">69<\/span><\/a> og vi\u00f0 tr\u00faum og vitum a\u00f0 \u00fe\u00fa ert hinn heilagi Gu\u00f0s.\u201c <br \/> <a name=\"70\"><span class=\"versanumer_2007\">70<\/span><\/a> Jes\u00fas svara\u00f0i \u00feeim: \u201eHef \u00e9g eigi sj\u00e1lfur \u00fatvali\u00f0 ykkur t\u00f3lf? \u00de\u00f3 er einn ykkar dj\u00f6full.\u201c <a name=\"71\"><span class=\"versanumer_2007\">71<\/span><\/a> En hann \u00e1tti vi\u00f0 J\u00fadas, son S\u00edmonar \u00cdskar\u00edots, sem var\u00f0 til a\u00f0 sv\u00edkja hann, einn \u00feeirra t\u00f3lf. <\/p>\n","protected":false},"excerpt":{"rendered":"<p>Jes\u00fas mettar 1 Eftir \u00feetta f\u00f3r Jes\u00fas yfir um Gal\u00edleuvatn e\u00f0a T\u00edber\u00edasvatn. 2 Mikill fj\u00f6ldi manna fylgdi honum \u00fev\u00ed \u00feeir s\u00e1u \u00feau t\u00e1kn er hann ger\u00f0i \u00e1 sj\u00faku f\u00f3lki. 3 \u00de\u00e1 f\u00f3r Jes\u00fas upp \u00e1 fjalli\u00f0 og settist \u00fear ni\u00f0ur me\u00f0 l\u00e6risveinum s\u00ednum. 4 \u00deetta var laust fyrir p\u00e1skah\u00e1t\u00ed\u00f0 Gy\u00f0inga. 5 Jes\u00fas leit upp og s\u00e1 a\u00f0 mikill mannfj\u00f6ldi kom til hans. Hann segir \u00fe\u00e1 vi\u00f0 Filippus: \u201eHvar eigum vi\u00f0 a\u00f0 kaupa brau\u00f0 svo a\u00f0 \u00feessir menn f\u00e1i mat?\u201c 6 En \u00feetta sag\u00f0i hann til a\u00f0 reyna hann \u00fev\u00ed hann vissi sj\u00e1lfur hva\u00f0 hann \u00e6tla\u00f0i a\u00f0 gera. 7 Filippus svara\u00f0i <a href=\"https:\/\/biblian.is\/biblian\/johannesargudspjall-6-kafli\/\"> [&#8230;]<\/a><\/p>\n","protected":false},"author":1,"featured_media":0,"parent":0,"menu_order":0,"comment_status":"open","ping_status":"open","template":"bibliukaflar_NT.php","meta":{"footnotes":""},"class_list":["post-2620","page","type-page","status-publish","hentry"],"_links":{"self":[{"href":"https:\/\/biblian.is\/biblian\/wp-json\/wp\/v2\/pages\/2620","targetHints":{"allow":["GET"]}}],"collection":[{"href":"https:\/\/biblian.is\/biblian\/wp-json\/wp\/v2\/pages"}],"about":[{"href":"https:\/\/biblian.is\/biblian\/wp-json\/wp\/v2\/types\/page"}],"author":[{"embeddable":true,"href":"https:\/\/biblian.is\/biblian\/wp-json\/wp\/v2\/users\/1"}],"replies":[{"embeddable":true,"href":"https:\/\/biblian.is\/biblian\/wp-json\/wp\/v2\/comments?post=2620"}],"version-history":[{"count":0,"href":"https:\/\/biblian.is\/biblian\/wp-json\/wp\/v2\/pages\/2620\/revisions"}],"wp:attachment":[{"href":"https:\/\/biblian.is\/biblian\/wp-json\/wp\/v2\/media?parent=2620"}],"curies":[{"name":"wp","href":"https:\/\/api.w.org\/{rel}","templated":true}]}}