{"id":2619,"date":"2017-12-30T21:04:01","date_gmt":"2017-12-30T21:04:01","guid":{"rendered":"http:\/\/biblian.is\/biblian\/j%c2%97hannesargu_spjall-5-kafli\/"},"modified":"2019-08-26T22:47:48","modified_gmt":"2019-08-26T22:47:48","slug":"johannesargudspjall-5-kafli","status":"publish","type":"page","link":"https:\/\/biblian.is\/biblian\/johannesargudspjall-5-kafli\/","title":{"rendered":"J\u00f3hannesargu\u00f0spjall 5. kafli"},"content":{"rendered":"<h3 class=\"millifyrirsogn_2007\"> Vi\u00f0 Betesdalaug<\/h3>\n<p><a name=\"1\"><span class=\"versanumer_2007\">1<\/span><\/a> \u00deessu n\u00e6st var ein af h\u00e1t\u00ed\u00f0um Gy\u00f0inga og Jes\u00fas f\u00f3r upp til Jer\u00fasalem. <a name=\"2\"><span class=\"versanumer_2007\">2<\/span><\/a> Vi\u00f0 Sau\u00f0ahli\u00f0i\u00f0 \u00ed Jer\u00fasalem er laug sem kallast \u00e1 hebresku Betesda. \u00dear eru fimm s\u00falnag\u00f6ng. <a name=\"3\"><span class=\"versanumer_2007\">3<\/span><\/a> \u00cd \u00feeim l\u00e1 fj\u00f6ldi sj\u00fakra manna, blindra, haltra og lama\u00f0ra [sem bi\u00f0u hr\u00e6ringar vatnsins. <a name=\"4\"><span class=\"versanumer_2007\">4<\/span><\/a> En engill Drottins f\u00f3r \u00f6\u00f0ru hverju ni\u00f0ur \u00ed laugina og hr\u00e6r\u00f0i vatni\u00f0. S\u00e1 sem fyrstur f\u00f3r ofan \u00ed eftir hr\u00e6ring vatnsins var\u00f0 heill hva\u00f0a sj\u00fakd\u00f3mur sem \u00fej\u00e1\u00f0i hann.]<span class=\"nedan_mal\" title=\" Vantar \u00ed sum handrit.\">[<\/span> <a name=\"5\"><span class=\"versanumer_2007\">5<\/span><\/a> \u00dearna var ma\u00f0ur nokkur sem haf\u00f0i veri\u00f0 sj\u00fakur \u00ed \u00ferj\u00e1t\u00edu og \u00e1tta \u00e1r. <a name=\"6\"><span class=\"versanumer_2007\">6<\/span><\/a> Jes\u00fas s\u00e1 hann \u00fear sem hann l\u00e1 og vissi a\u00f0 hann haf\u00f0i lengi veri\u00f0 sj\u00fakur. Hann segir vi\u00f0 manninn: \u201eViltu ver\u00f0a heill?\u201c <br \/> <a name=\"7\"><span class=\"versanumer_2007\">7<\/span><\/a> Hinn sj\u00faki svara\u00f0i honum: \u201eHerra, \u00e9g hef engan til a\u00f0 l\u00e1ta mig \u00ed laugina \u00feegar vatni\u00f0 hr\u00e6rist og me\u00f0an \u00e9g er \u00e1 lei\u00f0inni fer annar ofan \u00ed \u00e1 undan m\u00e9r.\u201c <br \/> <a name=\"8\"><span class=\"versanumer_2007\">8<\/span><\/a> Jes\u00fas segir vi\u00f0 hann: \u201eStatt upp, tak rekkju \u00fe\u00edna og gakk!\u201c <a name=\"9\"><span class=\"versanumer_2007\">9<\/span><\/a> Jafnskj\u00f3tt var\u00f0 ma\u00f0urinn heill, t\u00f3k rekkju s\u00edna og gekk. <br \/>En \u00feessi dagur var hv\u00edldardagur <a name=\"10\"><span class=\"versanumer_2007\">10<\/span><\/a> og menn<span class=\"nedan_mal\" title=\" Or\u00f0r\u00e9tt: Gy\u00f0ingar.\">[<\/span> s\u00f6g\u00f0u vi\u00f0 hinn l\u00e6kna\u00f0a: \u201e\u00cd dag er hv\u00edldardagur. \u00de\u00fa m\u00e1tt ekki bera rekkjuna.\u201c <br \/> <a name=\"11\"><span class=\"versanumer_2007\">11<\/span><\/a> Hann svara\u00f0i \u00feeim: \u201eS\u00e1 sem l\u00e6kna\u00f0i mig sag\u00f0i vi\u00f0 mig: Tak rekkju \u00fe\u00edna og gakk!\u201c <br \/> <a name=\"12\"><span class=\"versanumer_2007\">12<\/span><\/a> \u00deeir spur\u00f0u hann: \u201eHver er s\u00e1 ma\u00f0ur sem sag\u00f0i \u00fe\u00e9r: Tak hana og gakk?\u201c <br \/> <a name=\"13\"><span class=\"versanumer_2007\">13<\/span><\/a> En l\u00e6kna\u00f0i ma\u00f0urinn vissi ekki hver hann var \u00fev\u00ed a\u00f0 Jes\u00fas haf\u00f0i leynst brott enda var \u00fer\u00f6ng \u00e1 sta\u00f0num. <br \/> <a name=\"14\"><span class=\"versanumer_2007\">14<\/span><\/a> Nokkru s\u00ed\u00f0ar hitti Jes\u00fas hann \u00ed helgid\u00f3minum og sag\u00f0i vi\u00f0 hann: \u201eN\u00fa ert \u00fe\u00fa or\u00f0inn heill. Syndga ekki framar svo a\u00f0 eigi hendi \u00feig anna\u00f0 verra.\u201c <br \/> <a name=\"15\"><span class=\"versanumer_2007\">15<\/span><\/a> Ma\u00f0urinn f\u00f3r og sag\u00f0i r\u00e1\u00f0am\u00f6nnum Gy\u00f0inga<span class=\"nedan_mal\" title=\" Or\u00f0r\u00e9tt: Gy\u00f0ingum.\">[<\/span> a\u00f0 Jes\u00fas v\u00e6ri s\u00e1 sem l\u00e6kna\u00f0i hann. <a name=\"16\"><span class=\"versanumer_2007\">16<\/span><\/a> N\u00fa t\u00f3ku \u00feeir a\u00f0 ofs\u00e6kja Jes\u00fa fyrir \u00fea\u00f0 a\u00f0 hann ger\u00f0i \u00feetta \u00e1 hv\u00edldardegi. <a name=\"17\"><span class=\"versanumer_2007\">17<\/span><\/a> En hann svara\u00f0i \u00feeim: \u201eFa\u00f0ir minn starfar til \u00feessarar stundar og \u00e9g starfa einnig.\u201c <br \/> <a name=\"18\"><span class=\"versanumer_2007\">18<\/span><\/a> N\u00fa s\u00f3ttu \u00feeir enn fastar a\u00f0 taka hann af l\u00edfi \u00fear sem hann braut ekki a\u00f0eins hv\u00edldardagshelgina heldur kalla\u00f0i l\u00edka Gu\u00f0 sinn eigin f\u00f6\u00f0ur og ger\u00f0i sj\u00e1lfan sig \u00feannig Gu\u00f0i jafnan. <\/p>\n<h3 class=\"millifyrirsogn_2007\">Upprisa og l\u00edf<\/h3>\n<p><a name=\"19\"><span class=\"versanumer_2007\">19<\/span><\/a> \u00deessu svara\u00f0i Jes\u00fas og sag\u00f0i vi\u00f0 \u00fe\u00e1: \u201eSannlega, sannlega segi \u00e9g y\u00f0ur: Ekkert getur sonurinn gert af sj\u00e1lfum s\u00e9r. Hann gerir \u00fea\u00f0 eitt sem hann s\u00e9r f\u00f6\u00f0urinn gera. \u00dev\u00ed hva\u00f0 sem hann gerir, gerir sonurinn einnig. <a name=\"20\"><span class=\"versanumer_2007\">20<\/span><\/a> Fa\u00f0irinn elskar soninn og s\u00fdnir honum allt sem hann gerir sj\u00e1lfur. Hann mun s\u00fdna honum meiri verk en \u00feessi svo a\u00f0 \u00fe\u00e9r ver\u00f0i\u00f0 fur\u00f0u lostnir. <a name=\"21\"><span class=\"versanumer_2007\">21<\/span><\/a> Eins og fa\u00f0irinn vekur upp dau\u00f0a og l\u00edfgar, \u00feannig l\u00edfgar og sonurinn \u00fe\u00e1 sem hann vill. <a name=\"22\"><span class=\"versanumer_2007\">22<\/span><\/a> Enda d\u00e6mir fa\u00f0irinn engan heldur hefur hann fali\u00f0 syninum allt d\u00f3msvald <a name=\"23\"><span class=\"versanumer_2007\">23<\/span><\/a> svo a\u00f0 allir hei\u00f0ri soninn eins og \u00feeir hei\u00f0ra f\u00f6\u00f0urinn. S\u00e1 sem hei\u00f0rar ekki soninn, hei\u00f0rar ekki f\u00f6\u00f0urinn sem sendi hann. <br \/> <a name=\"24\"><span class=\"versanumer_2007\">24<\/span><\/a> Sannlega, sannlega segi \u00e9g y\u00f0ur: S\u00e1 sem heyrir or\u00f0 mitt og tr\u00fair \u00feeim sem sendi mig hefur eil\u00edft l\u00edf og kemur ekki til d\u00f3ms heldur er hann stiginn yfir fr\u00e1 dau\u00f0anum til l\u00edfsins. <a name=\"25\"><span class=\"versanumer_2007\">25<\/span><\/a> Sannlega, sannlega segi \u00e9g y\u00f0ur: S\u00fa stund kemur og er \u00feegar komin a\u00f0 hinir dau\u00f0u munu heyra raust Gu\u00f0s sonarins og \u00feeir sem heyra munu lifa. <a name=\"26\"><span class=\"versanumer_2007\">26<\/span><\/a> Eins og fa\u00f0irinn hefur l\u00edf \u00ed sj\u00e1lfum s\u00e9r \u00feannig hefur hann og veitt syninum a\u00f0 hafa l\u00edf \u00ed sj\u00e1lfum s\u00e9r. <a name=\"27\"><span class=\"versanumer_2007\">27<\/span><\/a> Og hann hefur veitt honum vald til a\u00f0 halda d\u00f3m \u00fev\u00ed a\u00f0 hann er Mannssonur. <a name=\"28\"><span class=\"versanumer_2007\">28<\/span><\/a> Undrist \u00feetta ekki. S\u00fa stund kemur \u00feegar allir \u00feeir sem \u00ed gr\u00f6funum eru munu heyra raust hans <a name=\"29\"><span class=\"versanumer_2007\">29<\/span><\/a> og ganga fram. \u00deeir sem gert hafa hi\u00f0 g\u00f3\u00f0a munu r\u00edsa upp til l\u00edfsins en \u00feeir sem dr\u00fdgt hafa hi\u00f0 illa munu r\u00edsa upp til d\u00f3msins. <a name=\"30\"><span class=\"versanumer_2007\">30<\/span><\/a> \u00c9g megna eigi a\u00f0 gera neitt af sj\u00e1lfum m\u00e9r. \u00c9g d\u00e6mi samkv\u00e6mt \u00fev\u00ed sem \u00e9g heyri og d\u00f3mur minn er r\u00e9ttv\u00eds \u00fev\u00ed a\u00f0 \u00e9g leita ekki m\u00edns vilja heldur vilja \u00feess sem sendi mig.<\/p>\n<h3 class=\"millifyrirsogn_2007\">Fa\u00f0irinn vitnar<\/h3>\n<p><a name=\"31\"><span class=\"versanumer_2007\">31<\/span><\/a> Ef \u00e9g vitna sj\u00e1lfur um mig er vitnisbur\u00f0ur minn ekki gildur. <a name=\"32\"><span class=\"versanumer_2007\">32<\/span><\/a> Annar er s\u00e1 sem vitnar um mig og \u00e9g veit a\u00f0 s\u00e1 vitnisbur\u00f0ur sem hann ber m\u00e9r er sannur. <a name=\"33\"><span class=\"versanumer_2007\">33<\/span><\/a> \u00de\u00e9r hafi\u00f0 sent til J\u00f3hannesar. Hann bar sannleikanum vitni. <a name=\"34\"><span class=\"versanumer_2007\">34<\/span><\/a> Ekki \u00fearf \u00e9g vitnisbur\u00f0 manns en \u00e9g segi \u00feetta til \u00feess a\u00f0 \u00fe\u00e9r megi\u00f0 frelsast. <a name=\"35\"><span class=\"versanumer_2007\">35<\/span><\/a> Hann var logandi og sk\u00ednandi lampi. \u00de\u00e9r vildu\u00f0 um stund gle\u00f0jast vi\u00f0 lj\u00f3s hans. <a name=\"36\"><span class=\"versanumer_2007\">36<\/span><\/a> \u00c9g hef \u00feann vitnisbur\u00f0 sem er meiri en J\u00f3hannesar \u00fev\u00ed verkin, sem fa\u00f0ir minn f\u00e9kk m\u00e9r a\u00f0 fullna, verkin, sem \u00e9g vinn, bera m\u00e9r \u00fea\u00f0 vitni a\u00f0 fa\u00f0irinn hefur sent mig. <a name=\"37\"><span class=\"versanumer_2007\">37<\/span><\/a> Fa\u00f0irinn sem sendi mig hefur sj\u00e1lfur vitna\u00f0 um mig. \u00de\u00e9r hafi\u00f0 aldrei heyrt r\u00f6dd hans n\u00e9 s\u00e9\u00f0 \u00e1s\u00fdnd hans. <a name=\"38\"><span class=\"versanumer_2007\">38<\/span><\/a> Og or\u00f0 hans b\u00fdr ekki \u00ed y\u00f0ur \u00fev\u00ed a\u00f0 \u00fe\u00e9r tr\u00fai\u00f0 ekki \u00feeim sem hann sendi. <a name=\"39\"><span class=\"versanumer_2007\">39<\/span><\/a> \u00de\u00e9r rannsaki\u00f0 ritningarnar \u00fev\u00ed \u00ed \u00feeim hyggist \u00fe\u00e9r eiga eil\u00edft l\u00edf. Og \u00fea\u00f0 eru \u00fe\u00e6r sem vitna um mig <a name=\"40\"><span class=\"versanumer_2007\">40<\/span><\/a> en \u00fe\u00e9r vilji\u00f0 ekki koma til m\u00edn og \u00f6\u00f0last l\u00edfi\u00f0. <br \/> <a name=\"41\"><span class=\"versanumer_2007\">41<\/span><\/a> \u00c9g \u00feigg ekki hei\u00f0ur af m\u00f6nnum <a name=\"42\"><span class=\"versanumer_2007\">42<\/span><\/a> en \u00e9g \u00feekki y\u00f0ur, \u00e9g veit a\u00f0 \u00fe\u00e9r hafi\u00f0 ekki \u00ed y\u00f0ur k\u00e6rleika til Gu\u00f0s. <a name=\"43\"><span class=\"versanumer_2007\">43<\/span><\/a> \u00c9g er kominn \u00ed nafni f\u00f6\u00f0ur m\u00edns og \u00fe\u00e9r taki\u00f0 ekki vi\u00f0 m\u00e9r. Ef annar k\u00e6mi \u00ed s\u00ednu eigin nafni t\u00e6kju\u00f0 \u00fe\u00e9r vi\u00f0 honum. <a name=\"44\"><span class=\"versanumer_2007\">44<\/span><\/a> Hvernig geti\u00f0 \u00fe\u00e9r tr\u00faa\u00f0 \u00feegar \u00fe\u00e9r \u00feiggi\u00f0 hei\u00f0ur hver af \u00f6\u00f0rum en leiti\u00f0 ekki \u00feess hei\u00f0urs sem er fr\u00e1 einum Gu\u00f0i? <a name=\"45\"><span class=\"versanumer_2007\">45<\/span><\/a> \u00c6tli\u00f0 eigi a\u00f0 \u00e9g muni \u00e1k\u00e6ra y\u00f0ur fyrir f\u00f6\u00f0urnum. S\u00e1 sem \u00e1k\u00e6rir y\u00f0ur er M\u00f3se og \u00e1 hann voni\u00f0 \u00fe\u00e9r. <a name=\"46\"><span class=\"versanumer_2007\">46<\/span><\/a> Ef \u00fe\u00e9r try\u00f0u\u00f0 M\u00f3se mundu\u00f0 \u00fe\u00e9r l\u00edka tr\u00faa m\u00e9r \u00fev\u00ed um mig hefur hann rita\u00f0. <a name=\"47\"><span class=\"versanumer_2007\">47<\/span><\/a> Fyrst \u00fe\u00e9r tr\u00fai\u00f0 ekki \u00fev\u00ed sem hann skrifa\u00f0i, hvernig geti\u00f0 \u00fe\u00e9r \u00fe\u00e1 tr\u00faa\u00f0 or\u00f0um m\u00ednum?\u201c<\/p>\n","protected":false},"excerpt":{"rendered":"<p>Vi\u00f0 Betesdalaug 1 \u00deessu n\u00e6st var ein af h\u00e1t\u00ed\u00f0um Gy\u00f0inga og Jes\u00fas f\u00f3r upp til Jer\u00fasalem. 2 Vi\u00f0 Sau\u00f0ahli\u00f0i\u00f0 \u00ed Jer\u00fasalem er laug sem kallast \u00e1 hebresku Betesda. \u00dear eru fimm s\u00falnag\u00f6ng. 3 \u00cd \u00feeim l\u00e1 fj\u00f6ldi sj\u00fakra manna, blindra, haltra og lama\u00f0ra [sem bi\u00f0u hr\u00e6ringar vatnsins. 4 En engill Drottins f\u00f3r \u00f6\u00f0ru hverju ni\u00f0ur \u00ed laugina og hr\u00e6r\u00f0i vatni\u00f0. S\u00e1 sem fyrstur f\u00f3r ofan \u00ed eftir hr\u00e6ring vatnsins var\u00f0 heill hva\u00f0a sj\u00fakd\u00f3mur sem \u00fej\u00e1\u00f0i hann.][ 5 \u00dearna var ma\u00f0ur nokkur sem haf\u00f0i veri\u00f0 sj\u00fakur \u00ed \u00ferj\u00e1t\u00edu og \u00e1tta \u00e1r. 6 Jes\u00fas s\u00e1 hann \u00fear sem hann l\u00e1 og vissi <a href=\"https:\/\/biblian.is\/biblian\/johannesargudspjall-5-kafli\/\"> [&#8230;]<\/a><\/p>\n","protected":false},"author":1,"featured_media":0,"parent":0,"menu_order":0,"comment_status":"open","ping_status":"open","template":"bibliukaflar_NT.php","meta":{"footnotes":""},"class_list":["post-2619","page","type-page","status-publish","hentry"],"_links":{"self":[{"href":"https:\/\/biblian.is\/biblian\/wp-json\/wp\/v2\/pages\/2619","targetHints":{"allow":["GET"]}}],"collection":[{"href":"https:\/\/biblian.is\/biblian\/wp-json\/wp\/v2\/pages"}],"about":[{"href":"https:\/\/biblian.is\/biblian\/wp-json\/wp\/v2\/types\/page"}],"author":[{"embeddable":true,"href":"https:\/\/biblian.is\/biblian\/wp-json\/wp\/v2\/users\/1"}],"replies":[{"embeddable":true,"href":"https:\/\/biblian.is\/biblian\/wp-json\/wp\/v2\/comments?post=2619"}],"version-history":[{"count":0,"href":"https:\/\/biblian.is\/biblian\/wp-json\/wp\/v2\/pages\/2619\/revisions"}],"wp:attachment":[{"href":"https:\/\/biblian.is\/biblian\/wp-json\/wp\/v2\/media?parent=2619"}],"curies":[{"name":"wp","href":"https:\/\/api.w.org\/{rel}","templated":true}]}}