{"id":2618,"date":"2017-12-30T21:04:01","date_gmt":"2017-12-30T21:04:01","guid":{"rendered":"http:\/\/biblian.is\/biblian\/j%c2%97hannesargu_spjall-4-kafli\/"},"modified":"2019-08-26T22:47:48","modified_gmt":"2019-08-26T22:47:48","slug":"johannesargudspjall-4-kafli","status":"publish","type":"page","link":"https:\/\/biblian.is\/biblian\/johannesargudspjall-4-kafli\/","title":{"rendered":"J\u00f3hannesargu\u00f0spjall 4. kafli"},"content":{"rendered":"<h3 class=\"millifyrirsogn_2007\"> Jes\u00fas og samverska konan<\/h3>\n<p><a name=\"1\"><span class=\"versanumer_2007\">1<\/span><\/a> Far\u00edsear h\u00f6f\u00f0u heyrt a\u00f0 Jes\u00fas fengi fleiri l\u00e6risveina og sk\u00edr\u00f0i fleiri en J\u00f3hannes. <a name=\"2\"><span class=\"versanumer_2007\">2<\/span><\/a> Reyndar sk\u00edr\u00f0i Jes\u00fas ekki sj\u00e1lfur heldur l\u00e6risveinar hans. <a name=\"3\"><span class=\"versanumer_2007\">3<\/span><\/a> \u00deegar Jes\u00fas var\u00f0 \u00feess v\u00eds hvarf hann brott \u00far J\u00fadeu og h\u00e9lt aftur til Gal\u00edleu. <a name=\"4\"><span class=\"versanumer_2007\">4<\/span><\/a> Hann var\u00f0 a\u00f0 fara um Samar\u00edu. <br \/> <a name=\"5\"><span class=\"versanumer_2007\">5<\/span><\/a> N\u00fa kemur hann til borgar \u00ed Samar\u00edu er S\u00edkar heitir, n\u00e1l\u00e6gt \u00feeirri landspildu sem Jakob gaf J\u00f3sef syni s\u00ednum. <a name=\"6\"><span class=\"versanumer_2007\">6<\/span><\/a> \u00dear var Jakobsbrunnur. Jes\u00fas var vegm\u00f3\u00f0ur og settist \u00fearna vi\u00f0 brunninn. \u00deetta var um h\u00e1degisbil. <br \/> <a name=\"7\"><span class=\"versanumer_2007\">7<\/span><\/a> Samversk kona kemur a\u00f0 s\u00e6kja vatn. Jes\u00fas segir vi\u00f0 hana: \u201eGef m\u00e9r a\u00f0 drekka.\u201c <a name=\"8\"><span class=\"versanumer_2007\">8<\/span><\/a> En l\u00e6risveinar hans h\u00f6f\u00f0u fari\u00f0 inn \u00ed borgina a\u00f0 kaupa vistir. <br \/> <a name=\"9\"><span class=\"versanumer_2007\">9<\/span><\/a> \u00de\u00e1 segir samverska konan vi\u00f0 hann: \u201eHverju s\u00e6tir a\u00f0 \u00fe\u00fa, sem ert Gy\u00f0ingur, bi\u00f0ur mig um a\u00f0 drekka, samverska konu?\u201c [En Gy\u00f0ingar hafa ekki samneyti<span class=\"nedan_mal\" title=\" E\u00f0a: nota ekki s\u00f6mu \u00edl\u00e1t og Samverjar. \">[<\/span> vi\u00f0 Samverja.]<span class=\"nedan_mal\" title=\" Vantar \u00ed sum handrit.\">[<\/span> <br \/> <a name=\"10\"><span class=\"versanumer_2007\">10<\/span><\/a> Jes\u00fas svara\u00f0i henni: \u201eEf \u00fe\u00fa \u00feekktir gj\u00f6f Gu\u00f0s og vissir hver s\u00e1 er sem segir vi\u00f0 \u00feig: Gef m\u00e9r a\u00f0 drekka, \u00fe\u00e1 mundir \u00fe\u00fa bi\u00f0ja hann og hann g\u00e6fi \u00fe\u00e9r lifandi vatn.\u201c <br \/> <a name=\"11\"><span class=\"versanumer_2007\">11<\/span><\/a> H\u00fan segir vi\u00f0 hann: \u201eHerra, \u00fe\u00fa hefur enga skj\u00f3lu a\u00f0 ausa me\u00f0 og brunnurinn er dj\u00fapur. Hva\u00f0an hefur \u00fe\u00fa \u00feetta lifandi vatn? <a name=\"12\"><span class=\"versanumer_2007\">12<\/span><\/a> Ertu meiri en Jakob forfa\u00f0ir okkar sem gaf okkur brunninn og drakk sj\u00e1lfur \u00far honum og synir hans og f\u00e9na\u00f0ur?\u201c<br \/> <a name=\"13\"><span class=\"versanumer_2007\">13<\/span><\/a> Jes\u00fas svara\u00f0i: \u201eHvern sem drekkur af \u00feessu vatni mun aftur \u00feyrsta <a name=\"14\"><span class=\"versanumer_2007\">14<\/span><\/a> en hvern sem drekkur af vatninu er \u00e9g gef honum mun aldrei \u00feyrsta a\u00f0 eil\u00edfu. \u00dev\u00ed vatni\u00f0, sem \u00e9g gef honum, ver\u00f0ur \u00ed honum a\u00f0 lind sem streymir fram til eil\u00edfs l\u00edfs.\u201c <br \/> <a name=\"15\"><span class=\"versanumer_2007\">15<\/span><\/a> \u00de\u00e1 segir konan vi\u00f0 hann: \u201eDrottinn, gef m\u00e9r \u00feetta vatn svo a\u00f0 mig \u00feyrsti ekki og \u00e9g \u00feurfi ekki a\u00f0 fara hinga\u00f0 a\u00f0 ausa.\u201c <br \/> <a name=\"16\"><span class=\"versanumer_2007\">16<\/span><\/a> Hann segir vi\u00f0 hana: \u201eFar\u00f0u, kalla\u00f0u \u00e1 manninn \u00feinn og komdu s\u00ed\u00f0an hinga\u00f0.\u201c <br \/> <a name=\"17\"><span class=\"versanumer_2007\">17<\/span><\/a> Konan svara\u00f0i: \u201e\u00c9g \u00e1 engan mann.\u201c <br \/>Jes\u00fas segir vi\u00f0 hana: \u201eR\u00e9tt er \u00fea\u00f0 a\u00f0 \u00fe\u00fa eigir engan mann <a name=\"18\"><span class=\"versanumer_2007\">18<\/span><\/a> \u00fev\u00ed \u00fe\u00fa hefur \u00e1tt fimm menn og s\u00e1 sem \u00fe\u00fa \u00e1tt n\u00fa er ekki \u00feinn ma\u00f0ur. \u00deetta sag\u00f0ir \u00fe\u00fa satt.\u201c <br \/> <a name=\"19\"><span class=\"versanumer_2007\">19<\/span><\/a> Konan segir vi\u00f0 hann: \u201eDrottinn, n\u00fa s\u00e9 \u00e9g a\u00f0 \u00fe\u00fa ert sp\u00e1ma\u00f0ur. <a name=\"20\"><span class=\"versanumer_2007\">20<\/span><\/a> Fe\u00f0ur okkar hafa tilbe\u00f0i\u00f0 Gu\u00f0 \u00e1 \u00feessu fjalli en \u00fei\u00f0 segi\u00f0 a\u00f0 \u00ed Jer\u00fasalem s\u00e9 s\u00e1 sta\u00f0ur \u00fear sem tilbi\u00f0ja skuli.\u201c <br \/> <a name=\"21\"><span class=\"versanumer_2007\">21<\/span><\/a> Jes\u00fas segir vi\u00f0 hana: \u201eTr\u00fa \u00fe\u00fa m\u00e9r, kona. S\u00fa stund kemur a\u00f0 \u00fei\u00f0 munu\u00f0 hvorki tilbi\u00f0ja f\u00f6\u00f0urinn \u00e1 \u00feessu fjalli n\u00e9 \u00ed Jer\u00fasalem. <a name=\"22\"><span class=\"versanumer_2007\">22<\/span><\/a> \u00dei\u00f0 tilbi\u00f0ji\u00f0 \u00fea\u00f0 sem \u00fei\u00f0 \u00feekki\u00f0 ekki. Vi\u00f0 tilbi\u00f0jum \u00fea\u00f0 sem vi\u00f0 \u00feekkjum \u00fev\u00ed hj\u00e1lpr\u00e6\u00f0i\u00f0 kemur fr\u00e1 Gy\u00f0ingum. <a name=\"23\"><span class=\"versanumer_2007\">23<\/span><\/a> En s\u00fa stund kemur, j\u00e1, h\u00fan er n\u00fa komin, er hinir s\u00f6nnu tilbi\u00f0jendur munu tilbi\u00f0ja f\u00f6\u00f0urinn \u00ed anda og sannleika. Fa\u00f0irinn leitar sl\u00edkra tilbi\u00f0jenda. <a name=\"24\"><span class=\"versanumer_2007\">24<\/span><\/a> Gu\u00f0 er andi og \u00feeir sem tilbi\u00f0ja hann eiga a\u00f0 tilbi\u00f0ja \u00ed anda og sannleika.\u201c <br \/> <a name=\"25\"><span class=\"versanumer_2007\">25<\/span><\/a> Konan segir vi\u00f0 hann: \u201e\u00c9g veit a\u00f0 Mess\u00edas kemur &#8211; \u00fea\u00f0 er Kristur. \u00deegar hann kemur mun hann kunngj\u00f6ra okkur allt.\u201c <br \/> <a name=\"26\"><span class=\"versanumer_2007\">26<\/span><\/a> Jes\u00fas segir vi\u00f0 hana: \u201e\u00c9g er hann, \u00e9g sem vi\u00f0 \u00feig tala.\u201c <br \/> <a name=\"27\"><span class=\"versanumer_2007\">27<\/span><\/a> \u00cd sama bili komu l\u00e6risveinar hans og fur\u00f0u\u00f0u sig \u00e1 \u00fev\u00ed a\u00f0 hann var a\u00f0 tala vi\u00f0 konu. \u00de\u00f3 sag\u00f0i enginn: \u201eHva\u00f0 viltu?\u201c e\u00f0a: \u201eHva\u00f0 ertu a\u00f0 tala vi\u00f0 hana?\u201c <br \/> <a name=\"28\"><span class=\"versanumer_2007\">28<\/span><\/a> N\u00fa skildi konan eftir skj\u00f3lu s\u00edna, f\u00f3r inn \u00ed borgina og sag\u00f0i vi\u00f0 menn: <a name=\"29\"><span class=\"versanumer_2007\">29<\/span><\/a> \u201eKomi\u00f0 og sj\u00e1i\u00f0 mann er sag\u00f0i m\u00e9r allt sem \u00e9g hef gert. Skyldi hann vera Kristur?\u201c <a name=\"30\"><span class=\"versanumer_2007\">30<\/span><\/a> \u00deeir f\u00f3ru \u00far borginni og komu til hans. <br \/> <a name=\"31\"><span class=\"versanumer_2007\">31<\/span><\/a> Me\u00f0an \u00feessu f\u00f3r fram b\u00e1\u00f0u l\u00e6risveinarnir hann: \u201eRabb\u00ed, f\u00e1 \u00fe\u00e9r a\u00f0 eta.\u201c <br \/> <a name=\"32\"><span class=\"versanumer_2007\">32<\/span><\/a> Hann svara\u00f0i \u00feeim: \u201e\u00c9g hef mat a\u00f0 eta sem \u00fei\u00f0 viti\u00f0 ekki um.\u201c <br \/> <a name=\"33\"><span class=\"versanumer_2007\">33<\/span><\/a> \u00de\u00e1 s\u00f6g\u00f0u l\u00e6risveinarnir s\u00edn \u00e1 milli: \u201eSkyldi einhver hafa f\u00e6rt honum a\u00f0 eta?\u201c <br \/> <a name=\"34\"><span class=\"versanumer_2007\">34<\/span><\/a> Jes\u00fas sag\u00f0i vi\u00f0 \u00fe\u00e1: \u201eMinn matur er a\u00f0 gera vilja \u00feess sem sendi mig og fullna verk hans. <a name=\"35\"><span class=\"versanumer_2007\">35<\/span><\/a> Segi\u00f0 \u00fei\u00f0 ekki: Enn eru fj\u00f3rir m\u00e1nu\u00f0ir, \u00fe\u00e1 kemur uppskeran? En \u00e9g segi ykkur: L\u00edti\u00f0 upp og horfi\u00f0 \u00e1 akrana, \u00feeir eru full\u00feroska\u00f0ir til uppskeru. <a name=\"36\"><span class=\"versanumer_2007\">36<\/span><\/a> S\u00e1 sem upp sker tekur \u00feegar laun og safnar \u00e1vexti til eil\u00edfs l\u00edfs. \u00de\u00e1 getur s\u00e1 sem s\u00e1ir samfagna\u00f0 \u00feeim sem upp sker. <a name=\"37\"><span class=\"versanumer_2007\">37<\/span><\/a> H\u00e9r sannast or\u00f0taki\u00f0: Einn s\u00e1ir og annar upp sker. <a name=\"38\"><span class=\"versanumer_2007\">38<\/span><\/a> \u00c9g sendi ykkur a\u00f0 skera upp \u00fea\u00f0 sem \u00fei\u00f0 hafi\u00f0 ekki unni\u00f0 vi\u00f0. A\u00f0rir hafa erfi\u00f0a\u00f0 en \u00fei\u00f0 nj\u00f3ti\u00f0 erfi\u00f0is \u00feeirra.\u201c <br \/> <a name=\"39\"><span class=\"versanumer_2007\">39<\/span><\/a> Margir Samverjar \u00far \u00feessari borg tr\u00fa\u00f0u \u00e1 hann vegna or\u00f0a konunnar sem vitna\u00f0i um \u00fea\u00f0 a\u00f0 hann hef\u00f0i sagt henni allt sem h\u00fan haf\u00f0i gert. <a name=\"40\"><span class=\"versanumer_2007\">40<\/span><\/a> \u00deegar \u00fev\u00ed Samverjarnir komu til hans b\u00e1\u00f0u \u00feeir hann a\u00f0 staldra vi\u00f0 hj\u00e1 s\u00e9r. Var hann \u00fear um kyrrt tvo daga. <br \/> <a name=\"41\"><span class=\"versanumer_2007\">41<\/span><\/a> Og miklu fleiri t\u00f3ku tr\u00fa \u00feegar \u00feeir heyr\u00f0u hann sj\u00e1lfan. <a name=\"42\"><span class=\"versanumer_2007\">42<\/span><\/a> \u00deeir s\u00f6g\u00f0u vi\u00f0 konuna: \u201e\u00dea\u00f0 er ekki lengur sakir or\u00f0a \u00feinna a\u00f0 vi\u00f0 tr\u00faum \u00fev\u00ed a\u00f0 vi\u00f0 h\u00f6fum sj\u00e1lfir heyrt hann og vitum a\u00f0 hann er sannarlega frelsari heimsins.\u201c <\/p>\n<h3 class=\"millifyrirsogn_2007\">Anna\u00f0 t\u00e1kn \u00ed Gal\u00edleu<\/h3>\n<p><a name=\"43\"><span class=\"versanumer_2007\">43<\/span><\/a> Eftir \u00feessa tvo daga f\u00f3r Jes\u00fas \u00fea\u00f0an til Gal\u00edleu. <a name=\"44\"><span class=\"versanumer_2007\">44<\/span><\/a> En sj\u00e1lfur haf\u00f0i hann sagt a\u00f0 sp\u00e1ma\u00f0ur v\u00e6ri ekki metinn \u00ed f\u00f6\u00f0urlandi s\u00ednu. <a name=\"45\"><span class=\"versanumer_2007\">45<\/span><\/a> \u00deegar hann kom n\u00fa til Gal\u00edleu t\u00f3ku Gal\u00edleumenn honum vel. \u00deeir h\u00f6f\u00f0u sj\u00e1lfir s\u00f3tt h\u00e1t\u00ed\u00f0ina \u00ed Jer\u00fasalem og s\u00e9\u00f0 allt sem hann ger\u00f0i \u00fear. <br \/> <a name=\"46\"><span class=\"versanumer_2007\">46<\/span><\/a> N\u00fa kom Jes\u00fas aftur til Kana \u00ed Gal\u00edleu \u00fear sem hann haf\u00f0i gert vatn a\u00f0 v\u00edni. \u00cd Kaperna\u00fam var konungsma\u00f0ur nokkur sem \u00e1tti sj\u00fakan son. <a name=\"47\"><span class=\"versanumer_2007\">47<\/span><\/a> \u00deegar hann fr\u00e9tti a\u00f0 Jes\u00fas v\u00e6ri kominn fr\u00e1 J\u00fadeu til Gal\u00edleu f\u00f3r hann til hans og ba\u00f0 hann a\u00f0 koma ni\u00f0ur eftir og l\u00e6kna son sinn. En hann var dau\u00f0vona. <a name=\"48\"><span class=\"versanumer_2007\">48<\/span><\/a> \u00de\u00e1 sag\u00f0i Jes\u00fas vi\u00f0 hann: \u201e\u00dei\u00f0 tr\u00fai\u00f0 ekki nema \u00fei\u00f0 sj\u00e1i\u00f0 t\u00e1kn og st\u00f3rmerki.\u201c <br \/> <a name=\"49\"><span class=\"versanumer_2007\">49<\/span><\/a> Konungsma\u00f0ur ba\u00f0 hann: \u201eDrottinn, kom \u00fe\u00fa \u00e1\u00f0ur en barni\u00f0 mitt andast.\u201c <br \/> <a name=\"50\"><span class=\"versanumer_2007\">50<\/span><\/a> Jes\u00fas svara\u00f0i: \u201eFar \u00fe\u00fa, sonur \u00feinn lifir.\u201c <br \/>Ma\u00f0urinn tr\u00fa\u00f0i \u00fev\u00ed sem Jes\u00fas sag\u00f0i vi\u00f0 hann og f\u00f3r af sta\u00f0. <a name=\"51\"><span class=\"versanumer_2007\">51<\/span><\/a> En me\u00f0an hann var \u00e1 lei\u00f0inni ofan eftir m\u00e6ttu honum \u00fej\u00f3nar hans og s\u00f6g\u00f0u a\u00f0 sonur hans v\u00e6ri \u00e1 l\u00edfi. <br \/> <a name=\"52\"><span class=\"versanumer_2007\">52<\/span><\/a> Hann spur\u00f0i \u00fe\u00e1 hven\u00e6r honum hef\u00f0i fari\u00f0 a\u00f0 l\u00e9tta og \u00feeir sv\u00f6ru\u00f0u: \u201e\u00cd g\u00e6r upp \u00far h\u00e1degi<span class=\"nedan_mal\" title=\" Or\u00f0r\u00e9tt: um sj\u00f6undu stundu, \u00fe.e. kl. 13.\">[<\/span> f\u00f3r hitinn \u00far honum.\u201c <a name=\"53\"><span class=\"versanumer_2007\">53<\/span><\/a> \u00de\u00e1 s\u00e1 fa\u00f0irinn a\u00f0 \u00fea\u00f0 var \u00e1 \u00feeirri stundu \u00feegar Jes\u00fas haf\u00f0i sagt vi\u00f0 hann: \u201eSonur \u00feinn lifir.\u201c Og hann t\u00f3k tr\u00fa og allt hans heimaf\u00f3lk. <br \/> <a name=\"54\"><span class=\"versanumer_2007\">54<\/span><\/a> \u00deetta var anna\u00f0 t\u00e1kni\u00f0 sem Jes\u00fas ger\u00f0i \u00feegar hann kom fr\u00e1 J\u00fadeu til Gal\u00edleu. <\/p>\n","protected":false},"excerpt":{"rendered":"<p>Jes\u00fas og samverska konan 1 Far\u00edsear h\u00f6f\u00f0u heyrt a\u00f0 Jes\u00fas fengi fleiri l\u00e6risveina og sk\u00edr\u00f0i fleiri en J\u00f3hannes. 2 Reyndar sk\u00edr\u00f0i Jes\u00fas ekki sj\u00e1lfur heldur l\u00e6risveinar hans. 3 \u00deegar Jes\u00fas var\u00f0 \u00feess v\u00eds hvarf hann brott \u00far J\u00fadeu og h\u00e9lt aftur til Gal\u00edleu. 4 Hann var\u00f0 a\u00f0 fara um Samar\u00edu. 5 N\u00fa kemur hann til borgar \u00ed Samar\u00edu er S\u00edkar heitir, n\u00e1l\u00e6gt \u00feeirri landspildu sem Jakob gaf J\u00f3sef syni s\u00ednum. 6 \u00dear var Jakobsbrunnur. Jes\u00fas var vegm\u00f3\u00f0ur og settist \u00fearna vi\u00f0 brunninn. \u00deetta var um h\u00e1degisbil. 7 Samversk kona kemur a\u00f0 s\u00e6kja vatn. Jes\u00fas segir vi\u00f0 hana: \u201eGef m\u00e9r a\u00f0 <a href=\"https:\/\/biblian.is\/biblian\/johannesargudspjall-4-kafli\/\"> [&#8230;]<\/a><\/p>\n","protected":false},"author":1,"featured_media":0,"parent":0,"menu_order":0,"comment_status":"open","ping_status":"open","template":"bibliukaflar_NT.php","meta":{"footnotes":""},"class_list":["post-2618","page","type-page","status-publish","hentry"],"_links":{"self":[{"href":"https:\/\/biblian.is\/biblian\/wp-json\/wp\/v2\/pages\/2618","targetHints":{"allow":["GET"]}}],"collection":[{"href":"https:\/\/biblian.is\/biblian\/wp-json\/wp\/v2\/pages"}],"about":[{"href":"https:\/\/biblian.is\/biblian\/wp-json\/wp\/v2\/types\/page"}],"author":[{"embeddable":true,"href":"https:\/\/biblian.is\/biblian\/wp-json\/wp\/v2\/users\/1"}],"replies":[{"embeddable":true,"href":"https:\/\/biblian.is\/biblian\/wp-json\/wp\/v2\/comments?post=2618"}],"version-history":[{"count":0,"href":"https:\/\/biblian.is\/biblian\/wp-json\/wp\/v2\/pages\/2618\/revisions"}],"wp:attachment":[{"href":"https:\/\/biblian.is\/biblian\/wp-json\/wp\/v2\/media?parent=2618"}],"curies":[{"name":"wp","href":"https:\/\/api.w.org\/{rel}","templated":true}]}}