{"id":2617,"date":"2017-12-30T21:03:55","date_gmt":"2017-12-30T21:03:55","guid":{"rendered":"http:\/\/biblian.is\/biblian\/j%c2%97hannesargu_spjall-3-kafli\/"},"modified":"2019-08-26T22:47:48","modified_gmt":"2019-08-26T22:47:48","slug":"johannesargudspjall-3-kafli","status":"publish","type":"page","link":"https:\/\/biblian.is\/biblian\/johannesargudspjall-3-kafli\/","title":{"rendered":"J\u00f3hannesargu\u00f0spjall 3. kafli"},"content":{"rendered":"<h3 class=\"millifyrirsogn_2007\"> Jes\u00fas og Nik\u00f3demus<\/h3>\n<p><a name=\"1\"><span class=\"versanumer_2007\">1<\/span><\/a> Ma\u00f0ur h\u00e9t Nik\u00f3demus, af flokki far\u00edsea, og \u00e1tti s\u00e6ti \u00ed \u00f6ldungar\u00e1\u00f0i Gy\u00f0inga. <a name=\"2\"><span class=\"versanumer_2007\">2<\/span><\/a> Hann kom til Jes\u00fa um n\u00f3tt og sag\u00f0i vi\u00f0 hann: \u201eRabb\u00ed, vi\u00f0 vitum a\u00f0 \u00fe\u00fa ert l\u00e6rifa\u00f0ir kominn fr\u00e1 Gu\u00f0i. Enginn getur gert \u00feessi t\u00e1kn sem \u00fe\u00fa gerir nema Gu\u00f0 s\u00e9 me\u00f0 honum.\u201c <br \/> <a name=\"3\"><span class=\"versanumer_2007\">3<\/span><\/a> Jes\u00fas svara\u00f0i honum: \u201eSannlega, sannlega segi \u00e9g \u00fe\u00e9r: Enginn getur s\u00e9\u00f0 Gu\u00f0s r\u00edki nema hann f\u00e6\u00f0ist a\u00f0 n\u00fdju.\u201c<span class=\"nedan_mal\" title=\" E\u00f0a: a\u00f0 ofan.\">[<\/span> <br \/> <a name=\"4\"><span class=\"versanumer_2007\">4<\/span><\/a> Nik\u00f3demus segir vi\u00f0 hann: \u201eHvernig getur ma\u00f0ur f\u00e6\u00f0st \u00feegar hann er or\u00f0inn gamall? Skyldi hann geta komist aftur \u00ed l\u00edf m\u00f3\u00f0ur sinnar og f\u00e6\u00f0st?\u201c<br \/> <a name=\"5\"><span class=\"versanumer_2007\">5<\/span><\/a> Jes\u00fas svara\u00f0i: \u201eSannlega, sannlega segi \u00e9g \u00fe\u00e9r: Enginn getur komist inn \u00ed Gu\u00f0s r\u00edki nema hann f\u00e6\u00f0ist af vatni og anda. <a name=\"6\"><span class=\"versanumer_2007\">6<\/span><\/a> \u00dea\u00f0 sem af manni f\u00e6\u00f0ist er manns barn en \u00fea\u00f0 sem f\u00e6\u00f0ist af anda Gu\u00f0s er Gu\u00f0s barn. <a name=\"7\"><span class=\"versanumer_2007\">7<\/span><\/a> Undrast eigi a\u00f0 \u00e9g segi vi\u00f0 \u00feig: Ykkur ber a\u00f0 f\u00e6\u00f0ast a\u00f0 n\u00fdju. <a name=\"8\"><span class=\"versanumer_2007\">8<\/span><\/a> Vindurinn bl\u00e6s \u00fear sem hann vill og \u00fe\u00fa heyrir \u00feyt hans. Samt veistu ekki hva\u00f0an hann kemur n\u00e9 hvert hann fer. Svo er um \u00feann sem af andanum er f\u00e6ddur.\u201c <br \/> <a name=\"9\"><span class=\"versanumer_2007\">9<\/span><\/a> \u00de\u00e1 spur\u00f0i Nik\u00f3demus: \u201eHvernig m\u00e1 \u00feetta ver\u00f0a?\u201c <br \/> <a name=\"10\"><span class=\"versanumer_2007\">10<\/span><\/a> Jes\u00fas svara\u00f0i honum: \u201e\u00de\u00fa ert l\u00e6rifa\u00f0ir \u00ed \u00cdsrael og veist \u00feetta ekki? <a name=\"11\"><span class=\"versanumer_2007\">11<\/span><\/a> Sannlega, sannlega segi \u00e9g \u00fe\u00e9r: V\u00e9r t\u00f6lum um \u00fea\u00f0 sem v\u00e9r \u00feekkjum og vitnum um \u00fea\u00f0 sem v\u00e9r h\u00f6fum s\u00e9\u00f0 en \u00fe\u00e9r taki\u00f0 ekki \u00e1 m\u00f3ti vitnisbur\u00f0i vorum. <a name=\"12\"><span class=\"versanumer_2007\">12<\/span><\/a> Ef \u00fe\u00e9r tr\u00fai\u00f0 eigi \u00feegar \u00e9g r\u00e6\u00f0i vi\u00f0 y\u00f0ur jar\u00f0nesk efni, hvernig skyldu\u00f0 \u00fe\u00e9r \u00fe\u00e1 tr\u00faa er \u00e9g r\u00e6\u00f0i vi\u00f0 y\u00f0ur um hin himnesku? <a name=\"13\"><span class=\"versanumer_2007\">13<\/span><\/a> Enginn hefur stigi\u00f0 upp til himins nema s\u00e1 er steig ni\u00f0ur fr\u00e1 himni, Mannssonurinn. <br \/> <a name=\"14\"><span class=\"versanumer_2007\">14<\/span><\/a> Og eins og M\u00f3se h\u00f3f upp h\u00f6ggorminn \u00ed ey\u00f0im\u00f6rkinni, \u00feannig \u00e1 Mannssonurinn a\u00f0 ver\u00f0a upp hafinn <a name=\"15\"><span class=\"versanumer_2007\">15<\/span><\/a> svo a\u00f0 hann veiti hverjum sem tr\u00fair \u00e1 hann eil\u00edft l\u00edf. <a name=\"16\"><span class=\"versanumer_2007\">16<\/span><\/a> \u00dev\u00ed svo elska\u00f0i Gu\u00f0 heiminn a\u00f0 hann gaf einkason sinn til \u00feess a\u00f0 hver sem \u00e1 hann tr\u00fair glatist ekki heldur hafi eil\u00edft l\u00edf. <a name=\"17\"><span class=\"versanumer_2007\">17<\/span><\/a> Gu\u00f0 sendi ekki soninn \u00ed heiminn til a\u00f0 d\u00e6ma heiminn heldur til \u00feess a\u00f0 frelsa hann. <br \/> <a name=\"18\"><span class=\"versanumer_2007\">18<\/span><\/a> S\u00e1 sem tr\u00fair \u00e1 son Gu\u00f0s d\u00e6mist ekki. S\u00e1 sem tr\u00fair ekki er \u00feegar d\u00e6mdur \u00fev\u00ed a\u00f0 hann hefur ekki tr\u00faa\u00f0 \u00e1 nafn Gu\u00f0s sonarins eina. <a name=\"19\"><span class=\"versanumer_2007\">19<\/span><\/a> En \u00feessi er d\u00f3murinn: Lj\u00f3si\u00f0 er komi\u00f0 \u00ed heiminn en menn elsku\u00f0u myrkri\u00f0 fremur en lj\u00f3si\u00f0 \u00fev\u00ed a\u00f0 verk \u00feeirra voru vond. <a name=\"20\"><span class=\"versanumer_2007\">20<\/span><\/a> Hver sem illt gerir hatar lj\u00f3si\u00f0 og kemur ekki til lj\u00f3ssins svo a\u00f0 verk hans ver\u00f0i ekki uppv\u00eds. <a name=\"21\"><span class=\"versanumer_2007\">21<\/span><\/a> En s\u00e1 sem i\u00f0kar sannleikann kemur til lj\u00f3ssins svo a\u00f0 auglj\u00f3st ver\u00f0i a\u00f0 verk hans eru \u00ed Gu\u00f0i ger\u00f0.\u201c <\/p>\n<h3 class=\"millifyrirsogn_2007\">Hann \u00e1 a\u00f0 vaxa<\/h3>\n<p><a name=\"22\"><span class=\"versanumer_2007\">22<\/span><\/a> Eftir \u00feetta f\u00f3ru Jes\u00fas og l\u00e6risveinar hans \u00fat \u00ed J\u00fadeuh\u00e9ra\u00f0. \u00dear dvaldist hann me\u00f0 \u00feeim og sk\u00edr\u00f0i. <a name=\"23\"><span class=\"versanumer_2007\">23<\/span><\/a> J\u00f3hannes var l\u00edka a\u00f0 sk\u00edra \u00ed A\u00ednon n\u00e1l\u00e6gt Sal\u00edm en \u00fear var miki\u00f0 vatn. Menn komu \u00feanga\u00f0 og l\u00e9tu sk\u00edrast. <a name=\"24\"><span class=\"versanumer_2007\">24<\/span><\/a> \u00de\u00e1 var ekki enn b\u00fai\u00f0 a\u00f0 varpa J\u00f3hannesi \u00ed fangelsi. <br \/> <a name=\"25\"><span class=\"versanumer_2007\">25<\/span><\/a> N\u00fa var\u00f0 deila um hreinsun milli l\u00e6risveina J\u00f3hannesar og Gy\u00f0ings eins. <a name=\"26\"><span class=\"versanumer_2007\">26<\/span><\/a> \u00deeir komu til J\u00f3hannesar og s\u00f6g\u00f0u vi\u00f0 hann: \u201eRabb\u00ed, s\u00e1 sem var hj\u00e1 \u00fe\u00e9r handan J\u00f3rdanar og \u00fe\u00fa barst vitni um, hann er a\u00f0 sk\u00edra og allir koma til hans.\u201c <br \/> <a name=\"27\"><span class=\"versanumer_2007\">27<\/span><\/a> J\u00f3hannes svara\u00f0i \u00feeim: \u201eEnginn getur teki\u00f0 neitt nema Gu\u00f0 gefi honum \u00fea\u00f0. <a name=\"28\"><span class=\"versanumer_2007\">28<\/span><\/a> \u00dei\u00f0 geti\u00f0 sj\u00e1lfir vitna\u00f0 um a\u00f0 \u00e9g sag\u00f0i: \u00c9g er ekki Kristur heldur er \u00e9g sendur \u00e1 undan honum. <a name=\"29\"><span class=\"versanumer_2007\">29<\/span><\/a> S\u00e1 er br\u00fa\u00f0guminn sem \u00e1 br\u00fa\u00f0ina en vinur br\u00fa\u00f0gumans, sem stendur hj\u00e1 og hl\u00fd\u00f0ir \u00e1 hann, gle\u00f0st mj\u00f6g vi\u00f0 r\u00f6dd hans. \u00deessi gle\u00f0i er n\u00fa m\u00edn a\u00f0 fullu. <a name=\"30\"><span class=\"versanumer_2007\">30<\/span><\/a> Hann \u00e1 a\u00f0 vaxa en \u00e9g a\u00f0 minnka.\u201c <\/p>\n<h3 class=\"millifyrirsogn_2007\">S\u00e1 sem kemur a\u00f0 ofan<\/h3>\n<p><a name=\"31\"><span class=\"versanumer_2007\">31<\/span><\/a> S\u00e1 sem kemur a\u00f0 ofan er yfir \u00f6llum. S\u00e1 sem er af j\u00f6r\u00f0u, hann er af j\u00f6r\u00f0u og talar eins og menn. S\u00e1 sem kemur af himni er yfir \u00f6llum og <a name=\"32\"><span class=\"versanumer_2007\">32<\/span><\/a> vitnar um \u00fea\u00f0 sem hann hefur s\u00e9\u00f0 og heyrt og enginn tekur \u00e1 m\u00f3ti vitnisbur\u00f0i hans. <a name=\"33\"><span class=\"versanumer_2007\">33<\/span><\/a> En s\u00e1 sem hefur teki\u00f0 \u00e1 m\u00f3ti vitnisbur\u00f0i hans hefur sta\u00f0fest a\u00f0 Gu\u00f0 s\u00e9 sannor\u00f0ur. <a name=\"34\"><span class=\"versanumer_2007\">34<\/span><\/a> S\u00e1 sem Gu\u00f0 sendi talar Gu\u00f0s or\u00f0 \u00fev\u00ed \u00f3m\u00e6lt gefur Gu\u00f0 andann. <a name=\"35\"><span class=\"versanumer_2007\">35<\/span><\/a> Fa\u00f0irinn elskar soninn og hefur lagt allt \u00ed h\u00f6nd honum. <a name=\"36\"><span class=\"versanumer_2007\">36<\/span><\/a> S\u00e1 sem tr\u00fair \u00e1 soninn hefur eil\u00edft l\u00edf en s\u00e1 sem \u00f3hl\u00fd\u00f0nast syninum mun ekki \u00f6\u00f0last l\u00edf heldur varir rei\u00f0i Gu\u00f0s yfir honum.<\/p>\n","protected":false},"excerpt":{"rendered":"<p>Jes\u00fas og Nik\u00f3demus 1 Ma\u00f0ur h\u00e9t Nik\u00f3demus, af flokki far\u00edsea, og \u00e1tti s\u00e6ti \u00ed \u00f6ldungar\u00e1\u00f0i Gy\u00f0inga. 2 Hann kom til Jes\u00fa um n\u00f3tt og sag\u00f0i vi\u00f0 hann: \u201eRabb\u00ed, vi\u00f0 vitum a\u00f0 \u00fe\u00fa ert l\u00e6rifa\u00f0ir kominn fr\u00e1 Gu\u00f0i. Enginn getur gert \u00feessi t\u00e1kn sem \u00fe\u00fa gerir nema Gu\u00f0 s\u00e9 me\u00f0 honum.\u201c 3 Jes\u00fas svara\u00f0i honum: \u201eSannlega, sannlega segi \u00e9g \u00fe\u00e9r: Enginn getur s\u00e9\u00f0 Gu\u00f0s r\u00edki nema hann f\u00e6\u00f0ist a\u00f0 n\u00fdju.\u201c[ 4 Nik\u00f3demus segir vi\u00f0 hann: \u201eHvernig getur ma\u00f0ur f\u00e6\u00f0st \u00feegar hann er or\u00f0inn gamall? Skyldi hann geta komist aftur \u00ed l\u00edf m\u00f3\u00f0ur sinnar og f\u00e6\u00f0st?\u201c 5 Jes\u00fas svara\u00f0i: \u201eSannlega, sannlega segi <a href=\"https:\/\/biblian.is\/biblian\/johannesargudspjall-3-kafli\/\"> [&#8230;]<\/a><\/p>\n","protected":false},"author":1,"featured_media":0,"parent":0,"menu_order":0,"comment_status":"open","ping_status":"open","template":"bibliukaflar_NT.php","meta":{"footnotes":""},"class_list":["post-2617","page","type-page","status-publish","hentry"],"_links":{"self":[{"href":"https:\/\/biblian.is\/biblian\/wp-json\/wp\/v2\/pages\/2617","targetHints":{"allow":["GET"]}}],"collection":[{"href":"https:\/\/biblian.is\/biblian\/wp-json\/wp\/v2\/pages"}],"about":[{"href":"https:\/\/biblian.is\/biblian\/wp-json\/wp\/v2\/types\/page"}],"author":[{"embeddable":true,"href":"https:\/\/biblian.is\/biblian\/wp-json\/wp\/v2\/users\/1"}],"replies":[{"embeddable":true,"href":"https:\/\/biblian.is\/biblian\/wp-json\/wp\/v2\/comments?post=2617"}],"version-history":[{"count":0,"href":"https:\/\/biblian.is\/biblian\/wp-json\/wp\/v2\/pages\/2617\/revisions"}],"wp:attachment":[{"href":"https:\/\/biblian.is\/biblian\/wp-json\/wp\/v2\/media?parent=2617"}],"curies":[{"name":"wp","href":"https:\/\/api.w.org\/{rel}","templated":true}]}}