{"id":2616,"date":"2017-12-30T21:03:55","date_gmt":"2017-12-30T21:03:55","guid":{"rendered":"http:\/\/biblian.is\/biblian\/j%c2%97hannesargu_spjall-2-kafli\/"},"modified":"2019-08-26T22:47:47","modified_gmt":"2019-08-26T22:47:47","slug":"johannesargudspjall-2-kafli","status":"publish","type":"page","link":"https:\/\/biblian.is\/biblian\/johannesargudspjall-2-kafli\/","title":{"rendered":"J\u00f3hannesargu\u00f0spjall 2. kafli"},"content":{"rendered":"<h3 class=\"millifyrirsogn_2007\"> Fyrsta t\u00e1kni\u00f0<\/h3>\n<p><a name=\"1\"><span class=\"versanumer_2007\">1<\/span><\/a> \u00c1 \u00feri\u00f0ja degi var br\u00fa\u00f0kaup \u00ed Kana \u00ed Gal\u00edleu. M\u00f3\u00f0ir Jes\u00fa var \u00fear. <a name=\"2\"><span class=\"versanumer_2007\">2<\/span><\/a> Jes\u00fa var og bo\u00f0i\u00f0 til br\u00fa\u00f0kaupsins og l\u00e6risveinum hans. <a name=\"3\"><span class=\"versanumer_2007\">3<\/span><\/a> En er v\u00edn \u00feraut segir m\u00f3\u00f0ir Jes\u00fa vi\u00f0 hann: \u201e\u00deeir hafa ekki v\u00edn.\u201c <br \/> <a name=\"4\"><span class=\"versanumer_2007\">4<\/span><\/a> Jes\u00fas svarar: \u201eHva\u00f0 viltu m\u00e9r, kona? Minn t\u00edmi er ekki enn kominn.\u201c <br \/> <a name=\"5\"><span class=\"versanumer_2007\">5<\/span><\/a> M\u00f3\u00f0ir hans sag\u00f0i \u00fe\u00e1 vi\u00f0 \u00fej\u00f3nana: \u201eAllt \u00fea\u00f0 sem hann segir ykkur, \u00fea\u00f0 skulu\u00f0 \u00fei\u00f0 gera.\u201c <br \/> <a name=\"6\"><span class=\"versanumer_2007\">6<\/span><\/a> N\u00fa voru \u00fear sex vatnsker \u00far steini samkv\u00e6mt reglum Gy\u00f0inga um hreinsun og t\u00f3k hvert \u00feeirra tvo m\u00e6la e\u00f0a \u00ferj\u00e1.<span class=\"nedan_mal\" title=\" \u00c1 gr\u00edsku metretes, lagarm\u00e1l 39,39 l\u00edtrar, tveir e\u00f0a \u00fer\u00edr m\u00e6lar \u00feannig um 100 l\u00edtrar.\">[<\/span> <a name=\"7\"><span class=\"versanumer_2007\">7<\/span><\/a> Jes\u00fas segir vi\u00f0 \u00fe\u00e1: \u201eFylli\u00f0 kerin vatni.\u201c \u00deeir fylltu \u00feau \u00e1 barma. <a name=\"8\"><span class=\"versanumer_2007\">8<\/span><\/a> S\u00ed\u00f0an segir hann: \u201eAusi\u00f0 n\u00fa af og f\u00e6ri\u00f0 veislustj\u00f3ra.\u201c \u00deeir ger\u00f0u svo. <a name=\"9\"><span class=\"versanumer_2007\">9<\/span><\/a> Veislustj\u00f3ri brag\u00f0a\u00f0i vatni\u00f0, sem var or\u00f0i\u00f0 v\u00edn, og vissi ekki hva\u00f0an \u00fea\u00f0 var en \u00fej\u00f3narnir, sem vatni\u00f0 h\u00f6f\u00f0u ausi\u00f0, vissu \u00fea\u00f0. \u00de\u00e1 kalla\u00f0i veislustj\u00f3ri \u00e1 br\u00fa\u00f0gumann <a name=\"10\"><span class=\"versanumer_2007\">10<\/span><\/a> og sag\u00f0i: \u201eAllir menn bera fyrst fram g\u00f3\u00f0a v\u00edni\u00f0 og s\u00ed\u00f0an hi\u00f0 lakara er menn gerast \u00f6lva\u00f0ir. \u00de\u00fa hefur geymt g\u00f3\u00f0a v\u00edni\u00f0 \u00fear til n\u00fa.\u201c<br \/> <a name=\"11\"><span class=\"versanumer_2007\">11<\/span><\/a> \u00deetta fyrsta t\u00e1kn sitt ger\u00f0i Jes\u00fas \u00ed Kana \u00ed Gal\u00edleu og opinbera\u00f0i d\u00fdr\u00f0 s\u00edna og l\u00e6risveinar hans tr\u00fa\u00f0u \u00e1 hann. <br \/> <a name=\"12\"><span class=\"versanumer_2007\">12<\/span><\/a> Eftir \u00feetta f\u00f3r hann ofan til Kaperna\u00fam \u00e1samt m\u00f3\u00f0ur sinni, br\u00e6\u00f0rum og l\u00e6risveinum. \u00dear voru \u00feau nokkra daga. <\/p>\n<h3 class=\"millifyrirsogn_2007\">Jes\u00fas, n\u00fdtt musteri<\/h3>\n<p><a name=\"13\"><span class=\"versanumer_2007\">13<\/span><\/a> N\u00fa f\u00f3ru p\u00e1skar Gy\u00f0inga \u00ed h\u00f6nd og Jes\u00fas h\u00e9lt upp til Jer\u00fasalem. <a name=\"14\"><span class=\"versanumer_2007\">14<\/span><\/a> \u00dear s\u00e1 hann \u00ed helgid\u00f3minum \u00fe\u00e1 er seldu naut, sau\u00f0i og d\u00fafur og v\u00edxlarana sem s\u00e1tu \u00fear. <a name=\"15\"><span class=\"versanumer_2007\">15<\/span><\/a> \u00de\u00e1 ger\u00f0i hann s\u00e9r svipu \u00far k\u00f6\u00f0lum og rak alla \u00fat \u00far helgid\u00f3minum, l\u00edka sau\u00f0ina og nautin. Hann steypti ni\u00f0ur peningum v\u00edxlaranna og hratt um bor\u00f0um \u00feeirra <a name=\"16\"><span class=\"versanumer_2007\">16<\/span><\/a> og vi\u00f0 d\u00fafnasalana sag\u00f0i hann: \u201eBurt me\u00f0 \u00feetta h\u00e9\u00f0an. Geri\u00f0 ekki h\u00fas f\u00f6\u00f0ur m\u00edns a\u00f0 s\u00f6lub\u00fa\u00f0.\u201c <a name=\"17\"><span class=\"versanumer_2007\">17<\/span><\/a> L\u00e6risveinum hans kom \u00ed hug a\u00f0 rita\u00f0 er: \u201eVandl\u00e6ting vegna h\u00fass \u00fe\u00edns mun t\u00e6ra mig upp.\u201c <br \/> <a name=\"18\"><span class=\"versanumer_2007\">18<\/span><\/a> R\u00e1\u00f0amenn Gy\u00f0inga<span class=\"nedan_mal\" title=\" Or\u00f0r\u00e9tt: Gy\u00f0ingar.\">[<\/span> s\u00f6g\u00f0u \u00fe\u00e1 vi\u00f0 hann: \u201eHva\u00f0a t\u00e1kn getur \u00fe\u00fa s\u00fdnt okkur um \u00fea\u00f0 a\u00f0 \u00fe\u00fa megir gera \u00feetta?\u201c <br \/> <a name=\"19\"><span class=\"versanumer_2007\">19<\/span><\/a> Jes\u00fas svara\u00f0i \u00feeim: \u201eBrj\u00f3ti\u00f0 \u00feetta musteri og \u00e9g skal reisa \u00fea\u00f0 \u00e1 \u00ferem d\u00f6gum.\u201c <br \/> <a name=\"20\"><span class=\"versanumer_2007\">20<\/span><\/a> \u00de\u00e1 s\u00f6g\u00f0u \u00feeir:<span class=\"nedan_mal\" title=\" Or\u00f0r\u00e9tt: Gy\u00f0ingar.\">[<\/span> \u201e\u00deetta musteri hefur veri\u00f0 fj\u00f6rut\u00edu og sex \u00e1r \u00ed sm\u00ed\u00f0um og \u00fe\u00fa \u00e6tlar a\u00f0 reisa \u00fea\u00f0 \u00e1 \u00ferem d\u00f6gum!\u201c <br \/> <a name=\"21\"><span class=\"versanumer_2007\">21<\/span><\/a> En Jes\u00fas var a\u00f0 tala um musteri l\u00edkama s\u00edns. <a name=\"22\"><span class=\"versanumer_2007\">22<\/span><\/a> \u00deegar hann var risinn upp fr\u00e1 dau\u00f0um minntust l\u00e6risveinar hans a\u00f0 hann haf\u00f0i sagt \u00feetta, og \u00feeir tr\u00fa\u00f0u ritningunni og or\u00f0inu sem Jes\u00fas haf\u00f0i tala\u00f0. <br \/> <a name=\"23\"><span class=\"versanumer_2007\">23<\/span><\/a> Me\u00f0an hann var \u00ed Jer\u00fasalem \u00e1 p\u00e1skah\u00e1t\u00ed\u00f0inni f\u00f3ru margir a\u00f0 tr\u00faa \u00e1 hann \u00fev\u00ed \u00feeir s\u00e1u \u00feau t\u00e1kn sem hann ger\u00f0i. <a name=\"24\"><span class=\"versanumer_2007\">24<\/span><\/a> En Jes\u00fas gaf \u00feeim ekki tr\u00fana\u00f0 sinn \u00fev\u00ed hann \u00feekkti alla. <a name=\"25\"><span class=\"versanumer_2007\">25<\/span><\/a> Hann \u00feurfti \u00feess ekki a\u00f0 neinn b\u00e6ri \u00f6\u00f0rum manni vitni. Hann vissi sj\u00e1lfur hva\u00f0 \u00ed manni b\u00fdr. <\/p>\n","protected":false},"excerpt":{"rendered":"<p>Fyrsta t\u00e1kni\u00f0 1 \u00c1 \u00feri\u00f0ja degi var br\u00fa\u00f0kaup \u00ed Kana \u00ed Gal\u00edleu. M\u00f3\u00f0ir Jes\u00fa var \u00fear. 2 Jes\u00fa var og bo\u00f0i\u00f0 til br\u00fa\u00f0kaupsins og l\u00e6risveinum hans. 3 En er v\u00edn \u00feraut segir m\u00f3\u00f0ir Jes\u00fa vi\u00f0 hann: \u201e\u00deeir hafa ekki v\u00edn.\u201c 4 Jes\u00fas svarar: \u201eHva\u00f0 viltu m\u00e9r, kona? Minn t\u00edmi er ekki enn kominn.\u201c 5 M\u00f3\u00f0ir hans sag\u00f0i \u00fe\u00e1 vi\u00f0 \u00fej\u00f3nana: \u201eAllt \u00fea\u00f0 sem hann segir ykkur, \u00fea\u00f0 skulu\u00f0 \u00fei\u00f0 gera.\u201c 6 N\u00fa voru \u00fear sex vatnsker \u00far steini samkv\u00e6mt reglum Gy\u00f0inga um hreinsun og t\u00f3k hvert \u00feeirra tvo m\u00e6la e\u00f0a \u00ferj\u00e1.[ 7 Jes\u00fas segir vi\u00f0 \u00fe\u00e1: \u201eFylli\u00f0 kerin vatni.\u201c \u00deeir <a href=\"https:\/\/biblian.is\/biblian\/johannesargudspjall-2-kafli\/\"> [&#8230;]<\/a><\/p>\n","protected":false},"author":1,"featured_media":0,"parent":0,"menu_order":0,"comment_status":"open","ping_status":"open","template":"bibliukaflar_NT.php","meta":{"footnotes":""},"class_list":["post-2616","page","type-page","status-publish","hentry"],"_links":{"self":[{"href":"https:\/\/biblian.is\/biblian\/wp-json\/wp\/v2\/pages\/2616","targetHints":{"allow":["GET"]}}],"collection":[{"href":"https:\/\/biblian.is\/biblian\/wp-json\/wp\/v2\/pages"}],"about":[{"href":"https:\/\/biblian.is\/biblian\/wp-json\/wp\/v2\/types\/page"}],"author":[{"embeddable":true,"href":"https:\/\/biblian.is\/biblian\/wp-json\/wp\/v2\/users\/1"}],"replies":[{"embeddable":true,"href":"https:\/\/biblian.is\/biblian\/wp-json\/wp\/v2\/comments?post=2616"}],"version-history":[{"count":0,"href":"https:\/\/biblian.is\/biblian\/wp-json\/wp\/v2\/pages\/2616\/revisions"}],"wp:attachment":[{"href":"https:\/\/biblian.is\/biblian\/wp-json\/wp\/v2\/media?parent=2616"}],"curies":[{"name":"wp","href":"https:\/\/api.w.org\/{rel}","templated":true}]}}