{"id":2615,"date":"2017-12-30T21:03:55","date_gmt":"2017-12-30T21:03:55","guid":{"rendered":"http:\/\/biblian.is\/biblian\/j%c2%97hannesargu_spjall-1-kafli\/"},"modified":"2021-06-07T19:05:18","modified_gmt":"2021-06-07T19:05:18","slug":"johannesargudspjall-1-kafli","status":"publish","type":"page","link":"https:\/\/biblian.is\/biblian\/johannesargudspjall-1-kafli\/","title":{"rendered":"J\u00f3hannesargu\u00f0spjall 1. kafli"},"content":{"rendered":"<h3 class=\"millifyrirsogn_2007\">Or\u00f0i\u00f0 var\u00f0 hold<\/h3>\n<p><a name=\"1\"><\/a><span class=\"versanumer_2007\">1<\/span> \u00cd upphafi var Or\u00f0i\u00f0<span class=\"nedan_mal\" title=\" Or\u00f0i\u00f0 og lj\u00f3si\u00f0 \u00ed 9. versi v\u00edsa til Jes\u00fa, sbr. 14. vers.\">[<\/span> og Or\u00f0i\u00f0 var hj\u00e1 Gu\u00f0i og Or\u00f0i\u00f0 var Gu\u00f0. <a name=\"2\"><\/a><span class=\"versanumer_2007\">2<\/span> Hann var \u00ed upphafi hj\u00e1 Gu\u00f0i. <a name=\"3\"><\/a><span class=\"versanumer_2007\">3<\/span> Allt var\u00f0 til fyrir hann,<span class=\"nedan_mal\" title=\" Fyrir merkir \u201efyrir atbeina einhvers, um hendur einhvers\u201c.\">[<\/span> \u00e1n hans var\u00f0 ekki neitt sem til er. <a name=\"4\"><\/a><span class=\"versanumer_2007\">4<\/span> \u00cd honum var l\u00edf og l\u00edfi\u00f0 var lj\u00f3s mannanna. <a name=\"5\"><\/a><span class=\"versanumer_2007\">5<\/span> Lj\u00f3si\u00f0 sk\u00edn \u00ed myrkrinu og myrkri\u00f0 t\u00f3k ekki \u00e1 m\u00f3ti \u00fev\u00ed.<br \/>\n<a name=\"6\"><\/a><span class=\"versanumer_2007\">6<\/span> Ma\u00f0ur kom fram, sendur af Gu\u00f0i. Hann h\u00e9t J\u00f3hannes. <a name=\"7\"><\/a><span class=\"versanumer_2007\">7<\/span> Hann kom til vitnisbur\u00f0ar, a\u00f0 vitna um lj\u00f3si\u00f0 og vekja alla til tr\u00faar \u00e1 \u00fea\u00f0. <a name=\"8\"><\/a><span class=\"versanumer_2007\">8<\/span> Ekki var hann lj\u00f3si\u00f0, hann kom til a\u00f0 vitna um lj\u00f3si\u00f0.<br \/>\n<a name=\"9\"><\/a><span class=\"versanumer_2007\">9<\/span> Hi\u00f0 sanna lj\u00f3s, sem uppl\u00fdsir hvern mann, kom n\u00fa \u00ed heiminn. <a name=\"10\"><\/a><span class=\"versanumer_2007\">10<\/span> Hann var \u00ed heiminum og heimurinn var or\u00f0inn til fyrir hann en heimurinn \u00feekkti hann ekki. <a name=\"11\"><\/a><span class=\"versanumer_2007\">11<\/span> Hann kom til eignar sinnar en hans eigi\u00f0 f\u00f3lk t\u00f3k ekki vi\u00f0 honum. <a name=\"12\"><\/a><span class=\"versanumer_2007\">12<\/span> En \u00f6llum \u00feeim sem t\u00f3ku vi\u00f0 honum gaf hann r\u00e9tt til a\u00f0 ver\u00f0a Gu\u00f0s b\u00f6rn, \u00feeim sem tr\u00faa \u00e1 nafn hans. <a name=\"13\"><\/a><span class=\"versanumer_2007\">13<\/span> \u00deau ur\u00f0u ekki til \u00e1 n\u00e1tt\u00farulegan h\u00e1tt n\u00e9 af vilja manns heldur eru \u00feau af Gu\u00f0i f\u00e6dd.<br \/>\n<a name=\"14\"><\/a><span class=\"versanumer_2007\">14<\/span> Og Or\u00f0i\u00f0 var\u00f0 hold,<span class=\"nedan_mal\" title=\" Hold \u00fe\u00fd\u00f0ir ma\u00f0ur.\">[<\/span> hann bj\u00f3 me\u00f0 oss, fullur n\u00e1\u00f0ar og sannleika og v\u00e9r s\u00e1um d\u00fdr\u00f0 hans, d\u00fdr\u00f0 sem sonurinn eini \u00e1 fr\u00e1 f\u00f6\u00f0urnum. <a name=\"15\"><\/a><span class=\"versanumer_2007\">15<\/span> J\u00f3hannes vitnar um hann og hr\u00f3par: \u201e\u00deetta er s\u00e1 sem \u00e9g \u00e1tti vi\u00f0 \u00feegar \u00e9g sag\u00f0i: S\u00e1 sem kemur eftir mig var \u00e1 undan m\u00e9r enda fyrri en \u00e9g.\u201c<br \/>\n<a name=\"16\"><\/a><span class=\"versanumer_2007\">16<\/span> Af gn\u00e6g\u00f0 hans h\u00f6fum v\u00e9r \u00f6ll \u00feegi\u00f0, n\u00e1\u00f0 \u00e1 n\u00e1\u00f0 ofan. <a name=\"17\"><\/a><span class=\"versanumer_2007\">17<\/span> L\u00f6gm\u00e1li\u00f0 var gefi\u00f0 me\u00f0 M\u00f3se en n\u00e1\u00f0in og sannleikurinn eru komin me\u00f0 Jes\u00fa Kristi. <a name=\"18\"><\/a><span class=\"versanumer_2007\">18<\/span> Enginn hefur nokkurn t\u00edma s\u00e9\u00f0 Gu\u00f0. Sonurinn eini, Gu\u00f0, sem er \u00ed fa\u00f0mi f\u00f6\u00f0urins, hann hefur birt hann.<\/p>\n<h3 class=\"millifyrirsogn_2007\">J\u00f3hannes sk\u00edrari vitnar<\/h3>\n<p><a name=\"19\"><\/a><span class=\"versanumer_2007\">19<\/span> \u00deessi er vitnisbur\u00f0ur J\u00f3hannesar \u00feegar r\u00e1\u00f0amenn<span class=\"nedan_mal\" title=\" Or\u00f0r\u00e9tt: Gy\u00f0ingar.\">[<\/span> \u00ed Jer\u00fasalem sendu til hans presta og Lev\u00edta til a\u00f0 spyrja hann: \u201eHver ert \u00fe\u00fa?\u201c<br \/>\n<a name=\"20\"><\/a><span class=\"versanumer_2007\">20<\/span> Hann svara\u00f0i \u00f3tv\u00edr\u00e6tt og j\u00e1ta\u00f0i: \u201eEkki er \u00e9g Kristur.\u201c<br \/>\n<a name=\"21\"><\/a><span class=\"versanumer_2007\">21<\/span> \u00deeir spur\u00f0u hann: \u201eHva\u00f0 \u00fe\u00e1? Ertu El\u00eda?\u201c<br \/>\nHann svarar: \u201eEkki er \u00e9g hann.\u201c<br \/>\n\u201eErtu sp\u00e1ma\u00f0urinn?\u201c<br \/>\nHann kva\u00f0 nei vi\u00f0.<br \/>\n<a name=\"22\"><\/a><span class=\"versanumer_2007\">22<\/span> \u00de\u00e1 s\u00f6g\u00f0u \u00feeir vi\u00f0 hann: \u201eHver ert \u00fe\u00fa? Vi\u00f0 ver\u00f0um a\u00f0 svara \u00feeim er sendu okkur. Hva\u00f0 segir \u00fe\u00fa um sj\u00e1lfan \u00feig?\u201c<br \/>\n<a name=\"23\"><\/a><span class=\"versanumer_2007\">23<\/span> Hann sag\u00f0i: \u201e\u00c9g er s\u00e1 sem Jesaja sp\u00e1ma\u00f0ur talar um. \u00c9g er r\u00f6dd hr\u00f3panda \u00ed ey\u00f0im\u00f6rk er segir: Geri\u00f0 beinan veg Drottins.\u201c<br \/>\n<a name=\"24\"><\/a><span class=\"versanumer_2007\">24<\/span> Sendir voru menn af flokki far\u00edsea. <a name=\"25\"><\/a><span class=\"versanumer_2007\">25<\/span> \u00deeir spur\u00f0u hann: \u201eHvers vegna sk\u00edrir \u00fe\u00fa, fyrst \u00fe\u00fa ert hvorki Kristur, El\u00eda n\u00e9 sp\u00e1ma\u00f0urinn?\u201c<br \/>\n<a name=\"26\"><\/a><span class=\"versanumer_2007\">26<\/span> J\u00f3hannes svara\u00f0i: \u201e\u00c9g sk\u00edri me\u00f0 vatni. Mitt \u00e1 me\u00f0al ykkar stendur s\u00e1 sem \u00fei\u00f0 \u00feekki\u00f0 ekki, <a name=\"27\"><\/a><span class=\"versanumer_2007\">27<\/span> hann sem kemur eftir mig og sk\u00f3\u00feveng hans er \u00e9g ekki ver\u00f0ur a\u00f0 leysa.\u201c<br \/>\n<a name=\"28\"><\/a><span class=\"versanumer_2007\">28<\/span> \u00deetta bar vi\u00f0 \u00ed Betan\u00edu, handan J\u00f3rdanar, \u00fear sem J\u00f3hannes var a\u00f0 sk\u00edra.<\/p>\n<h3 class=\"millifyrirsogn_2007\">Lamb Gu\u00f0s<\/h3>\n<p><a name=\"29\"><\/a><span class=\"versanumer_2007\">29<\/span> Daginn eftir s\u00e9r J\u00f3hannes Jes\u00fa koma til s\u00edn og segir: \u201eSj\u00e1, Gu\u00f0s lamb sem ber synd heimsins. <a name=\"30\"><\/a><span class=\"versanumer_2007\">30<\/span> \u00dear er s\u00e1 er \u00e9g sag\u00f0i um: Eftir mig kemur ma\u00f0ur sem er m\u00e9r fremri \u00fev\u00ed hann var til \u00e1 undan m\u00e9r. <a name=\"31\"><\/a><span class=\"versanumer_2007\">31<\/span> Sj\u00e1lfur \u00feekkti \u00e9g hann ekki. En til \u00feess kom \u00e9g og sk\u00edri me\u00f0 vatni a\u00f0 hann opinberist \u00cdsrael.\u201c<br \/>\n<a name=\"32\"><\/a><span class=\"versanumer_2007\">32<\/span> Og J\u00f3hannes vitna\u00f0i: \u201e\u00c9g s\u00e1 andann koma af himni ofan eins og d\u00fafu og hann nam sta\u00f0ar yfir honum. <a name=\"33\"><\/a><span class=\"versanumer_2007\">33<\/span> Sj\u00e1lfur \u00feekkti \u00e9g hann ekki en s\u00e1 er sendi mig a\u00f0 sk\u00edra me\u00f0 vatni sag\u00f0i m\u00e9r: S\u00e1 sem \u00fe\u00fa s\u00e9r\u00f0 andann koma yfir og nema sta\u00f0ar \u00e1, hann er s\u00e1 sem sk\u00edrir me\u00f0 heil\u00f6gum anda. <a name=\"34\"><\/a><span class=\"versanumer_2007\">34<\/span> \u00deetta s\u00e1 \u00e9g og \u00e9g vitna a\u00f0 hann er sonur Gu\u00f0s.\u201c<\/p>\n<h3 class=\"millifyrirsogn_2007\">Fyrstu l\u00e6risveinar<\/h3>\n<p><a name=\"35\"><\/a><span class=\"versanumer_2007\">35<\/span> Daginn eftir var J\u00f3hannes \u00fear aftur staddur og tveir l\u00e6risveinar hans. <a name=\"36\"><\/a><span class=\"versanumer_2007\">36<\/span> Hann s\u00e9r Jes\u00fa \u00e1 gangi og segir: \u201eSj\u00e1, Gu\u00f0s lamb.\u201c <a name=\"37\"><\/a><span class=\"versanumer_2007\">37<\/span> L\u00e6risveinar hans tveir heyr\u00f0u or\u00f0 hans og f\u00f3ru \u00e1 eftir Jes\u00fa.<br \/>\n<a name=\"38\"><\/a><span class=\"versanumer_2007\">38<\/span> Jes\u00fas sneri s\u00e9r vi\u00f0, s\u00e1 \u00fe\u00e1 koma \u00e1 eftir s\u00e9r og sag\u00f0i vi\u00f0 \u00fe\u00e1: \u201eHvers leiti\u00f0 \u00fei\u00f0?\u201c<br \/>\n\u00deeir svara: \u201eRabb\u00ed, hvar dvelst \u00fe\u00fa?\u201c en Rabb\u00ed \u00fe\u00fd\u00f0ir meistari.<br \/>\n<a name=\"39\"><\/a><span class=\"versanumer_2007\">39<\/span> Hann segir: \u201eKomi\u00f0 og sj\u00e1i\u00f0.\u201c \u00deeir komu og s\u00e1u hvar hann dvaldist og voru hj\u00e1 honum \u00feann dag. \u00deetta var s\u00ed\u00f0degis.<span class=\"nedan_mal\" title=\" Or\u00f0r\u00e9tt: um t\u00edundu stundu, \u00fe.e. kl. fj\u00f6gur eftir h\u00e1degi.\">[<\/span><br \/>\n<a name=\"40\"><\/a><span class=\"versanumer_2007\">40<\/span> Annar \u00feessara tveggja, sem heyr\u00f0u or\u00f0 J\u00f3hannesar og f\u00f3ru \u00e1 eftir Jes\u00fa, var Andr\u00e9s, br\u00f3\u00f0ir S\u00edmonar P\u00e9turs. <a name=\"41\"><\/a><span class=\"versanumer_2007\">41<\/span> Hann finnur fyrst br\u00f3\u00f0ur sinn, S\u00edmon, og segir vi\u00f0 hann: \u201eVi\u00f0 h\u00f6fum fundi\u00f0 Mess\u00edas!\u201c en Mess\u00edas \u00fe\u00fd\u00f0ir Kristur, Hinn smur\u00f0i. <a name=\"42\"><\/a><span class=\"versanumer_2007\">42<\/span> Hann f\u00f3r me\u00f0 hann til Jes\u00fa. Jes\u00fas horf\u00f0i \u00e1 hann og sag\u00f0i: \u201e\u00de\u00fa ert S\u00edmon J\u00f3hannesson, \u00fe\u00fa skalt heita Kefas,\u201c en Kefas, P\u00e9tur, \u00fe\u00fd\u00f0ir klettur.<br \/>\n<a name=\"43\"><\/a><span class=\"versanumer_2007\">43<\/span> N\u00e6sta dag hug\u00f0ist Jes\u00fas fara til Gal\u00edleu. Hann hitti \u00fe\u00e1 Filippus og sag\u00f0i vi\u00f0 hann: \u201eFylg \u00fe\u00fa m\u00e9r!\u201c <a name=\"44\"><\/a><span class=\"versanumer_2007\">44<\/span> Filippus var fr\u00e1 Betsa\u00eddu, s\u00f6mu borg og Andr\u00e9s og P\u00e9tur. <a name=\"45\"><\/a><span class=\"versanumer_2007\">45<\/span> Filippus fann Natanael og sag\u00f0i vi\u00f0 hann: \u201eVi\u00f0 h\u00f6fum fundi\u00f0 \u00feann sem M\u00f3se skrifar um \u00ed l\u00f6gm\u00e1linu og einnig sp\u00e1mennirnir, Jes\u00fa fr\u00e1 Nasaret, son J\u00f3sefs.\u201c<br \/>\n<a name=\"46\"><\/a><span class=\"versanumer_2007\">46<\/span> Natanael sag\u00f0i: \u201eGetur nokku\u00f0 gott komi\u00f0 fr\u00e1 Nasaret?\u201c<br \/>\nFilippus svara\u00f0i: \u201eKom \u00fe\u00fa og sj\u00e1.\u201c<br \/>\n<a name=\"47\"><\/a><span class=\"versanumer_2007\">47<\/span> Jes\u00fas s\u00e1 Natanael koma til s\u00edn og sag\u00f0i vi\u00f0 hann: \u201eH\u00e9r er sannur \u00cdsrael\u00edti sem engin svik eru \u00ed.\u201c<br \/>\n<a name=\"48\"><\/a><span class=\"versanumer_2007\">48<\/span> Natanael spyr: \u201eHva\u00f0an \u00feekkir \u00fe\u00fa mig?\u201c<br \/>\nJes\u00fas svarar: \u201e\u00c9g s\u00e1 \u00feig undir f\u00edkjutr\u00e9nu \u00e1\u00f0ur en Filippus kalla\u00f0i \u00e1 \u00feig.\u201c<br \/>\n<a name=\"49\"><\/a><span class=\"versanumer_2007\">49<\/span> \u00de\u00e1 segir Natanael: \u201eRabb\u00ed, \u00fe\u00fa ert sonur Gu\u00f0s, \u00fe\u00fa ert konungur \u00cdsraels.\u201c<br \/>\n<a name=\"50\"><\/a><span class=\"versanumer_2007\">50<\/span> Jes\u00fas spyr hann: \u201eTr\u00fair \u00fe\u00fa af \u00fev\u00ed a\u00f0 \u00e9g sag\u00f0i vi\u00f0 \u00feig: \u00c9g s\u00e1 \u00feig undir f\u00edkjutr\u00e9nu? \u00de\u00fa munt sj\u00e1 \u00fea\u00f0 sem \u00feessu er meira.\u201c <a name=\"51\"><\/a><span class=\"versanumer_2007\">51<\/span> Og hann segir vi\u00f0 hann: \u201eSannlega, sannlega segi \u00e9g y\u00f0ur: \u00de\u00e9r munu\u00f0 sj\u00e1 himininn opinn og engla Gu\u00f0s st\u00edga upp og st\u00edga ni\u00f0ur yfir Mannssoninn.\u201c<\/p>\n","protected":false},"excerpt":{"rendered":"<p>Or\u00f0i\u00f0 var\u00f0 hold 1 \u00cd upphafi var Or\u00f0i\u00f0[ og Or\u00f0i\u00f0 var hj\u00e1 Gu\u00f0i og Or\u00f0i\u00f0 var Gu\u00f0. 2 Hann var \u00ed upphafi hj\u00e1 Gu\u00f0i. 3 Allt var\u00f0 til fyrir hann,[ \u00e1n hans var\u00f0 ekki neitt sem til er. 4 \u00cd honum var l\u00edf og l\u00edfi\u00f0 var lj\u00f3s mannanna. 5 Lj\u00f3si\u00f0 sk\u00edn \u00ed myrkrinu og myrkri\u00f0 t\u00f3k ekki \u00e1 m\u00f3ti \u00fev\u00ed. 6 Ma\u00f0ur kom fram, sendur af Gu\u00f0i. Hann h\u00e9t J\u00f3hannes. 7 Hann kom til vitnisbur\u00f0ar, a\u00f0 vitna um lj\u00f3si\u00f0 og vekja alla til tr\u00faar \u00e1 \u00fea\u00f0. 8 Ekki var hann lj\u00f3si\u00f0, hann kom til a\u00f0 vitna um lj\u00f3si\u00f0. 9 Hi\u00f0 <a href=\"https:\/\/biblian.is\/biblian\/johannesargudspjall-1-kafli\/\"> [&#8230;]<\/a><\/p>\n","protected":false},"author":1,"featured_media":0,"parent":0,"menu_order":0,"comment_status":"open","ping_status":"open","template":"bibliukaflar_NT.php","meta":{"footnotes":""},"class_list":["post-2615","page","type-page","status-publish","hentry"],"_links":{"self":[{"href":"https:\/\/biblian.is\/biblian\/wp-json\/wp\/v2\/pages\/2615","targetHints":{"allow":["GET"]}}],"collection":[{"href":"https:\/\/biblian.is\/biblian\/wp-json\/wp\/v2\/pages"}],"about":[{"href":"https:\/\/biblian.is\/biblian\/wp-json\/wp\/v2\/types\/page"}],"author":[{"embeddable":true,"href":"https:\/\/biblian.is\/biblian\/wp-json\/wp\/v2\/users\/1"}],"replies":[{"embeddable":true,"href":"https:\/\/biblian.is\/biblian\/wp-json\/wp\/v2\/comments?post=2615"}],"version-history":[{"count":0,"href":"https:\/\/biblian.is\/biblian\/wp-json\/wp\/v2\/pages\/2615\/revisions"}],"wp:attachment":[{"href":"https:\/\/biblian.is\/biblian\/wp-json\/wp\/v2\/media?parent=2615"}],"curies":[{"name":"wp","href":"https:\/\/api.w.org\/{rel}","templated":true}]}}