{"id":2614,"date":"2017-12-30T21:03:55","date_gmt":"2017-12-30T21:03:55","guid":{"rendered":"http:\/\/biblian.is\/biblian\/l%c2%9ckasargu_spjall-24-kafli\/"},"modified":"2019-08-26T22:41:41","modified_gmt":"2019-08-26T22:41:41","slug":"lukasargudspjall-24-kafli","status":"publish","type":"page","link":"https:\/\/biblian.is\/biblian\/lukasargudspjall-24-kafli\/","title":{"rendered":"L\u00fakasargu\u00f0spjall 24. kafli"},"content":{"rendered":"<h3 class=\"millifyrirsogn_2007\"> Hann er upp risinn<\/h3>\n<p><a name=\"1\"><span class=\"versanumer_2007\">1<\/span><\/a> En \u00ed afturelding fyrsta dag vikunnar komu \u00fe\u00e6r til grafarinnar me\u00f0 ilmsmyrslin sem \u00fe\u00e6r h\u00f6f\u00f0u b\u00fai\u00f0. <a name=\"2\"><span class=\"versanumer_2007\">2<\/span><\/a> \u00de\u00e6r s\u00e1u \u00fe\u00e1 a\u00f0 steininum haf\u00f0i veri\u00f0 velt fr\u00e1 gr\u00f6finni <a name=\"3\"><span class=\"versanumer_2007\">3<\/span><\/a> og \u00feegar \u00fe\u00e6r stigu inn fundu \u00fe\u00e6r ekki l\u00edkama Drottins Jes\u00fa.<span class=\"nedan_mal\" title=\" Annar lesh\u00e1ttur: fundu \u00fe\u00e6r ekki l\u00edkamann.\">[<\/span> <a name=\"4\"><span class=\"versanumer_2007\">4<\/span><\/a> \u00de\u00e6r skildu ekkert \u00ed \u00feessu en \u00fe\u00e1 br\u00e1 svo vi\u00f0 a\u00f0 hj\u00e1 \u00feeim st\u00f3\u00f0u tveir menn \u00ed leiftrandi kl\u00e6\u00f0um. <a name=\"5\"><span class=\"versanumer_2007\">5<\/span><\/a> \u00de\u00e6r ur\u00f0u mj\u00f6g hr\u00e6ddar og hneig\u00f0u andlit til jar\u00f0ar. En \u00feeir s\u00f6g\u00f0u vi\u00f0 \u00fe\u00e6r: \u201eHv\u00ed leiti\u00f0 \u00fe\u00e9r hins lifanda me\u00f0al dau\u00f0ra? <a name=\"6\"><span class=\"versanumer_2007\">6<\/span><\/a> Hann er ekki h\u00e9r, hann er upp risinn.<span class=\"nedan_mal\" title=\" M\u00e1lsgreinina vantar \u00ed sum handrit.\">[<\/span> Minnist \u00feess hvernig hann tala\u00f0i vi\u00f0 y\u00f0ur me\u00f0an hann var enn \u00ed Gal\u00edleu. <a name=\"7\"><span class=\"versanumer_2007\">7<\/span><\/a> Hann sag\u00f0i a\u00f0 Mannssonurinn skyldi framseldur ver\u00f0a \u00ed hendur syndugra manna og krossfestur en r\u00edsa upp \u00e1 \u00feri\u00f0ja degi.\u201c <br \/> <a name=\"8\"><span class=\"versanumer_2007\">8<\/span><\/a> Og \u00fe\u00e6r minntust or\u00f0a hans, <a name=\"9\"><span class=\"versanumer_2007\">9<\/span><\/a> sneru fr\u00e1 gr\u00f6finni og kunngj\u00f6r\u00f0u allt \u00feetta \u00feeim ellefu og \u00f6llum hinum. <a name=\"10\"><span class=\"versanumer_2007\">10<\/span><\/a> \u00deessar konur voru \u00fe\u00e6r Mar\u00eda Magdalena, J\u00f3hanna og Mar\u00eda m\u00f3\u00f0ir Jakobs og hinar sem voru me\u00f0 \u00feeim. \u00de\u00e6r s\u00f6g\u00f0u postulunum fr\u00e1 \u00feessu. <a name=\"11\"><span class=\"versanumer_2007\">11<\/span><\/a> En \u00feeir t\u00f6ldu or\u00f0 \u00feeirra markleysu eina og tr\u00fa\u00f0u \u00feeim ekki. <a name=\"12\"><span class=\"versanumer_2007\">12<\/span><\/a> P\u00e9tur st\u00f3\u00f0 \u00fe\u00f3 upp og hlj\u00f3p til grafarinnar, skyggndist inn og s\u00e1 \u00fear l\u00edkkl\u00e6\u00f0in ein. F\u00f3r hann heim s\u00ed\u00f0an og undra\u00f0ist \u00fea\u00f0 sem vi\u00f0 haf\u00f0i bori\u00f0.<span class=\"nedan_mal\" title=\" 12. vers vantar \u00ed sum handrit.\">[<\/span> <\/p>\n<h3 class=\"millifyrirsogn_2007\">Vertu hj\u00e1 okkur<\/h3>\n<p><a name=\"13\"><span class=\"versanumer_2007\">13<\/span><\/a> Tveir \u00feeirra f\u00f3ru \u00feann sama dag til \u00feorps nokkurs sem er um sext\u00edu skei\u00f0r\u00fam<span class=\"nedan_mal\" title=\" \u00de\u00fd\u00f0ing \u00e1 gr\u00edsku m\u00e6lieiningunni stadion sem er um 192 metrar. 60 skei\u00f0r\u00fam eru r\u00famir 11 k\u00edl\u00f3metrar.\">[<\/span> fr\u00e1 Jer\u00fasalem og heitir Emmaus. <a name=\"14\"><span class=\"versanumer_2007\">14<\/span><\/a> \u00deeir r\u00e6ddu s\u00edn \u00e1 milli um allt \u00feetta sem gerst haf\u00f0i. <a name=\"15\"><span class=\"versanumer_2007\">15<\/span><\/a> \u00de\u00e1 bar svo vi\u00f0, er \u00feeir voru a\u00f0 tala saman og r\u00e6\u00f0a \u00feetta, a\u00f0 Jes\u00fas sj\u00e1lfur n\u00e1lga\u00f0ist \u00fe\u00e1 og sl\u00f3st \u00ed f\u00f6r me\u00f0 \u00feeim. <a name=\"16\"><span class=\"versanumer_2007\">16<\/span><\/a> Augu \u00feeirra voru svo blindu\u00f0 a\u00f0 \u00feeir \u00feekktu hann ekki. <a name=\"17\"><span class=\"versanumer_2007\">17<\/span><\/a> Og hann sag\u00f0i vi\u00f0 \u00fe\u00e1: \u201eHva\u00f0 er \u00fea\u00f0 sem \u00fei\u00f0 r\u00e6\u00f0i\u00f0 svo mj\u00f6g \u00e1 g\u00f6ngu ykkar?\u201c <br \/>\u00deeir n\u00e1mu sta\u00f0ar, daprir \u00ed brag\u00f0i, <a name=\"18\"><span class=\"versanumer_2007\">18<\/span><\/a> og annar \u00feeirra, Kle\u00f3fas a\u00f0 nafni, sag\u00f0i vi\u00f0 hann: \u201e\u00de\u00fa ert v\u00edst s\u00e1 eini a\u00f0komuma\u00f0ur \u00ed Jer\u00fasalem sem veit ekki hva\u00f0 \u00fear hefur gerst \u00feessa dagana.\u201c <br \/> <a name=\"19\"><span class=\"versanumer_2007\">19<\/span><\/a> Hann spur\u00f0i: \u201eHva\u00f0 \u00fe\u00e1?\u201c <br \/>\u00deeir sv\u00f6ru\u00f0u: \u201e\u00deetta um Jes\u00fa fr\u00e1 Nasaret sem var sp\u00e1ma\u00f0ur, m\u00e1ttugur \u00ed verki og or\u00f0i fyrir Gu\u00f0i og \u00f6llum m\u00f6nnum. <a name=\"20\"><span class=\"versanumer_2007\">20<\/span><\/a> \u00c6\u00f0stu prestar og h\u00f6f\u00f0ingjar okkar l\u00e9tu d\u00e6ma hann til dau\u00f0a og krossfesta hann. <a name=\"21\"><span class=\"versanumer_2007\">21<\/span><\/a> Vi\u00f0 vonu\u00f0um a\u00f0 hann v\u00e6ri s\u00e1 er leysa mundi \u00cdsrael. En n\u00fa er \u00feri\u00f0ji dagur s\u00ed\u00f0an \u00feetta bar vi\u00f0. <a name=\"22\"><span class=\"versanumer_2007\">22<\/span><\/a> \u00de\u00e1 hafa og konur nokkrar \u00far okkar h\u00f3pi gert okkur forvi\u00f0a. \u00de\u00e6r f\u00f3ru \u00e1rla til grafarinnar <a name=\"23\"><span class=\"versanumer_2007\">23<\/span><\/a> en fundu ekki l\u00edkama hans og komu og s\u00f6g\u00f0ust jafnvel hafa s\u00e9\u00f0 engla \u00ed s\u00fdn er s\u00f6g\u00f0u hann lifa. <a name=\"24\"><span class=\"versanumer_2007\">24<\/span><\/a> Nokkrir \u00feeirra sem me\u00f0 okkur voru f\u00f3ru til grafarinnar og fundu allt eins og konurnar h\u00f6f\u00f0u sagt en hann s\u00e1u \u00feeir ekki.\u201c <br \/> <a name=\"25\"><span class=\"versanumer_2007\">25<\/span><\/a> \u00de\u00e1 sag\u00f0i hann vi\u00f0 \u00fe\u00e1: \u201eSkilningslausu menn, svo tregir til a\u00f0 tr\u00faa \u00fev\u00ed \u00f6llu sem sp\u00e1mennirnir hafa sagt fyrir um! <a name=\"26\"><span class=\"versanumer_2007\">26<\/span><\/a> \u00c1tti ekki Kristur a\u00f0 l\u00ed\u00f0a \u00feetta og ganga svo inn \u00ed d\u00fdr\u00f0 s\u00edna?\u201c <a name=\"27\"><span class=\"versanumer_2007\">27<\/span><\/a> Og hann byrja\u00f0i \u00e1 M\u00f3se og \u00f6llum sp\u00e1m\u00f6nnunum og \u00fatlag\u00f0i fyrir \u00feeim \u00fea\u00f0 sem um hann er rita\u00f0 \u00ed \u00f6llum ritningunum. <br \/> <a name=\"28\"><span class=\"versanumer_2007\">28<\/span><\/a> \u00deeir n\u00e1lgu\u00f0ust n\u00fa \u00feorpi\u00f0 sem \u00feeir \u00e6tlu\u00f0u til en hann l\u00e9t sem hann vildi halda lengra. <a name=\"29\"><span class=\"versanumer_2007\">29<\/span><\/a> \u00deeir l\u00f6g\u00f0u \u00fe\u00e1 fast a\u00f0 honum og s\u00f6g\u00f0u: \u201eVertu hj\u00e1 okkur \u00fev\u00ed a\u00f0 kv\u00f6lda tekur og degi hallar.\u201c Og hann f\u00f3r inn til a\u00f0 vera hj\u00e1 \u00feeim. <a name=\"30\"><span class=\"versanumer_2007\">30<\/span><\/a> Og svo bar vi\u00f0, er hann sat til bor\u00f0s me\u00f0 \u00feeim, a\u00f0 hann t\u00f3k brau\u00f0i\u00f0, \u00feakka\u00f0i Gu\u00f0i, braut \u00fea\u00f0 og f\u00e9kk \u00feeim. <a name=\"31\"><span class=\"versanumer_2007\">31<\/span><\/a> \u00de\u00e1 opnu\u00f0ust augu \u00feeirra og \u00feeir \u00feekktu hann en hann hvarf \u00feeim sj\u00f3num. <a name=\"32\"><span class=\"versanumer_2007\">32<\/span><\/a> Og \u00feeir s\u00f6g\u00f0u hvor vi\u00f0 annan: \u201eBrann ekki hjarta\u00f0 \u00ed okkur me\u00f0an hann tala\u00f0i vi\u00f0 okkur \u00e1 veginum og lauk upp fyrir okkur ritningunum?\u201c <br \/> <a name=\"33\"><span class=\"versanumer_2007\">33<\/span><\/a> \u00deeir st\u00f3\u00f0u samstundis upp og f\u00f3ru aftur til Jer\u00fasalem. \u00dear fundu \u00feeir \u00fe\u00e1 ellefu og \u00feau er me\u00f0 \u00feeim voru saman komin, <a name=\"34\"><span class=\"versanumer_2007\">34<\/span><\/a> en \u00feau s\u00f6g\u00f0u: \u201eSannarlega er Drottinn upp risinn og hefur birst S\u00edmoni.\u201c <br \/> <a name=\"35\"><span class=\"versanumer_2007\">35<\/span><\/a> Hinir s\u00f6g\u00f0u \u00fe\u00e1 fr\u00e1 \u00fev\u00ed sem vi\u00f0 haf\u00f0i bori\u00f0 \u00e1 veginum og hvernig \u00feeir h\u00f6f\u00f0u \u00feekkt hann \u00feegar hann braut brau\u00f0i\u00f0. <\/p>\n<h3 class=\"millifyrirsogn_2007\">Fri\u00f0ur s\u00e9 me\u00f0 y\u00f0ur<\/h3>\n<p><a name=\"36\"><span class=\"versanumer_2007\">36<\/span><\/a> N\u00fa voru \u00feau a\u00f0 tala um \u00feetta og \u00fe\u00e1 stendur hann sj\u00e1lfur me\u00f0al \u00feeirra og segir vi\u00f0 \u00feau: \u201eFri\u00f0ur s\u00e9 me\u00f0 y\u00f0ur!\u201c<span class=\"nedan_mal\" title=\" Or\u00f0in \u201eog segir vi\u00f0 \u00feau: \u201eFri\u00f0ur s\u00e9 me\u00f0 y\u00f0ur!\u201c\u201c vantar \u00ed sum handrit.\">[<\/span> <br \/> <a name=\"37\"><span class=\"versanumer_2007\">37<\/span><\/a> En \u00feau skelfdust og ur\u00f0u hr\u00e6dd og hug\u00f0ust sj\u00e1 anda. <a name=\"38\"><span class=\"versanumer_2007\">38<\/span><\/a> Hann sag\u00f0i vi\u00f0 \u00feau: \u201eHv\u00ed eru\u00f0 \u00fei\u00f0 \u00f3ttaslegin og hvers vegna vakna efasemdir \u00ed hjarta ykkar? <a name=\"39\"><span class=\"versanumer_2007\">39<\/span><\/a> L\u00edti\u00f0 \u00e1 hendur m\u00ednar og f\u00e6tur a\u00f0 \u00fea\u00f0 er \u00e9g sj\u00e1lfur. \u00dereifi\u00f0 \u00e1 m\u00e9r og g\u00e6ti\u00f0 a\u00f0. Ekki hefur andi hold og bein eins og \u00fei\u00f0 sj\u00e1i\u00f0 a\u00f0 \u00e9g hef.\u201c <br \/> <a name=\"40\"><span class=\"versanumer_2007\">40<\/span><\/a> \u00deegar hann haf\u00f0i \u00feetta m\u00e6lt s\u00fdndi hann \u00feeim hendur s\u00ednar og f\u00e6tur.<span class=\"nedan_mal\" title=\" 40. vers vantar \u00ed sum handrit.\">[<\/span> <a name=\"41\"><span class=\"versanumer_2007\">41<\/span><\/a> Enn g\u00e1tu \u00feau ekki tr\u00faa\u00f0 fyrir f\u00f6gnu\u00f0i og undrun. \u00de\u00e1 sag\u00f0i hann vi\u00f0 \u00feau: \u201eHafi\u00f0 \u00fei\u00f0 h\u00e9r nokku\u00f0 til matar?\u201c <a name=\"42\"><span class=\"versanumer_2007\">42<\/span><\/a> \u00deau fengu honum stykki af steiktum fiski <a name=\"43\"><span class=\"versanumer_2007\">43<\/span><\/a> og hann t\u00f3k \u00fea\u00f0 og neytti \u00feess frammi fyrir \u00feeim. <br \/> <a name=\"44\"><span class=\"versanumer_2007\">44<\/span><\/a> Og hann sag\u00f0i vi\u00f0 \u00feau: \u201eMe\u00f0an \u00e9g var enn me\u00f0al ykkar sag\u00f0i \u00e9g ykkur: Allt sem rita\u00f0 er um mig \u00ed l\u00f6gm\u00e1li M\u00f3se, sp\u00e1m\u00f6nnunum og s\u00e1lmunum \u00e1 a\u00f0 r\u00e6tast.\u201c <br \/> <a name=\"45\"><span class=\"versanumer_2007\">45<\/span><\/a> S\u00ed\u00f0an lauk hann upp huga \u00feeirra a\u00f0 \u00feau skildu ritningarnar. <a name=\"46\"><span class=\"versanumer_2007\">46<\/span><\/a> Og hann sag\u00f0i vi\u00f0 \u00feau: \u201eSvo er skrifa\u00f0 a\u00f0 Kristur eigi a\u00f0 l\u00ed\u00f0a og r\u00edsa upp fr\u00e1 dau\u00f0um \u00e1 \u00feri\u00f0ja degi <a name=\"47\"><span class=\"versanumer_2007\">47<\/span><\/a> og a\u00f0 pr\u00e9dika skuli \u00ed nafni hans \u00f6llum \u00fej\u00f3\u00f0um a\u00f0 taka sinnaskiptum og \u00feiggja fyrirgefningu synda og hefja \u00fea\u00f0 \u00ed Jer\u00fasalem. <a name=\"48\"><span class=\"versanumer_2007\">48<\/span><\/a> \u00dei\u00f0 eru\u00f0 vottar \u00feessa. <a name=\"49\"><span class=\"versanumer_2007\">49<\/span><\/a> \u00c9g sendi ykkur andann sem fa\u00f0ir minn h\u00e9t ykkur en veri\u00f0 kyrr \u00ed borginni uns \u00fei\u00f0 \u00edkl\u00e6\u00f0ist krafti fr\u00e1 h\u00e6\u00f0um.\u201c <\/p>\n<h3 class=\"millifyrirsogn_2007\">Me\u00f0 miklum f\u00f6gnu\u00f0i<\/h3>\n<p><a name=\"50\"><span class=\"versanumer_2007\">50<\/span><\/a> S\u00ed\u00f0an f\u00f3r hann me\u00f0 \u00feau \u00fat \u00ed n\u00e1nd vi\u00f0 Betan\u00edu, h\u00f3f upp hendur s\u00ednar og blessa\u00f0i \u00feau. <a name=\"51\"><span class=\"versanumer_2007\">51<\/span><\/a> En \u00fea\u00f0 var\u00f0, me\u00f0an hann var a\u00f0 blessa \u00feau, a\u00f0 hann skildist fr\u00e1 \u00feeim og var upp numinn til himins.<span class=\"nedan_mal\" title=\" Or\u00f0in \u201eog var upp numinn til himins\u201c vantar \u00ed sum handrit.\">[<\/span> <a name=\"52\"><span class=\"versanumer_2007\">52<\/span><\/a> En \u00feau f\u00e9llu fram og tilb\u00e1\u00f0u hann og sneru aftur til Jer\u00fasalem me\u00f0 miklum f\u00f6gnu\u00f0i. <a name=\"53\"><span class=\"versanumer_2007\">53<\/span><\/a> Og \u00feau voru st\u00f6\u00f0ugt \u00ed helgid\u00f3minum og lofu\u00f0u Gu\u00f0. <\/p>\n","protected":false},"excerpt":{"rendered":"<p>Hann er upp risinn 1 En \u00ed afturelding fyrsta dag vikunnar komu \u00fe\u00e6r til grafarinnar me\u00f0 ilmsmyrslin sem \u00fe\u00e6r h\u00f6f\u00f0u b\u00fai\u00f0. 2 \u00de\u00e6r s\u00e1u \u00fe\u00e1 a\u00f0 steininum haf\u00f0i veri\u00f0 velt fr\u00e1 gr\u00f6finni 3 og \u00feegar \u00fe\u00e6r stigu inn fundu \u00fe\u00e6r ekki l\u00edkama Drottins Jes\u00fa.[ 4 \u00de\u00e6r skildu ekkert \u00ed \u00feessu en \u00fe\u00e1 br\u00e1 svo vi\u00f0 a\u00f0 hj\u00e1 \u00feeim st\u00f3\u00f0u tveir menn \u00ed leiftrandi kl\u00e6\u00f0um. 5 \u00de\u00e6r ur\u00f0u mj\u00f6g hr\u00e6ddar og hneig\u00f0u andlit til jar\u00f0ar. En \u00feeir s\u00f6g\u00f0u vi\u00f0 \u00fe\u00e6r: \u201eHv\u00ed leiti\u00f0 \u00fe\u00e9r hins lifanda me\u00f0al dau\u00f0ra? 6 Hann er ekki h\u00e9r, hann er upp risinn.[ Minnist \u00feess hvernig hann tala\u00f0i <a href=\"https:\/\/biblian.is\/biblian\/lukasargudspjall-24-kafli\/\"> [&#8230;]<\/a><\/p>\n","protected":false},"author":1,"featured_media":0,"parent":0,"menu_order":0,"comment_status":"open","ping_status":"open","template":"bibliukaflar_NT.php","meta":{"footnotes":""},"class_list":["post-2614","page","type-page","status-publish","hentry"],"_links":{"self":[{"href":"https:\/\/biblian.is\/biblian\/wp-json\/wp\/v2\/pages\/2614","targetHints":{"allow":["GET"]}}],"collection":[{"href":"https:\/\/biblian.is\/biblian\/wp-json\/wp\/v2\/pages"}],"about":[{"href":"https:\/\/biblian.is\/biblian\/wp-json\/wp\/v2\/types\/page"}],"author":[{"embeddable":true,"href":"https:\/\/biblian.is\/biblian\/wp-json\/wp\/v2\/users\/1"}],"replies":[{"embeddable":true,"href":"https:\/\/biblian.is\/biblian\/wp-json\/wp\/v2\/comments?post=2614"}],"version-history":[{"count":0,"href":"https:\/\/biblian.is\/biblian\/wp-json\/wp\/v2\/pages\/2614\/revisions"}],"wp:attachment":[{"href":"https:\/\/biblian.is\/biblian\/wp-json\/wp\/v2\/media?parent=2614"}],"curies":[{"name":"wp","href":"https:\/\/api.w.org\/{rel}","templated":true}]}}