{"id":2613,"date":"2017-12-30T21:03:55","date_gmt":"2017-12-30T21:03:55","guid":{"rendered":"http:\/\/biblian.is\/biblian\/l%c2%9ckasargu_spjall-23-kafli\/"},"modified":"2019-08-26T22:41:40","modified_gmt":"2019-08-26T22:41:40","slug":"lukasargudspjall-23-kafli","status":"publish","type":"page","link":"https:\/\/biblian.is\/biblian\/lukasargudspjall-23-kafli\/","title":{"rendered":"L\u00fakasargu\u00f0spjall 23. kafli"},"content":{"rendered":"<h3 class=\"millifyrirsogn_2007\"> Fyrir P\u00edlatusi<\/h3>\n<p><a name=\"1\"><span class=\"versanumer_2007\">1<\/span><\/a> \u00de\u00e1 st\u00f3\u00f0 upp allur skarinn og f\u00e6r\u00f0i Jes\u00fa fyrir P\u00edlatus. <a name=\"2\"><span class=\"versanumer_2007\">2<\/span><\/a> \u00deeir t\u00f3ku a\u00f0 \u00e1k\u00e6ra hann og s\u00f6g\u00f0u: \u201eVi\u00f0 h\u00f6fum komist a\u00f0 raun um a\u00f0 \u00feessi ma\u00f0ur lei\u00f0ir \u00fej\u00f3\u00f0 okkar afvega, hann bannar a\u00f0 gjalda keisaranum skatt og segist sj\u00e1lfur vera Kristur, konungur.\u201c <br \/> <a name=\"3\"><span class=\"versanumer_2007\">3<\/span><\/a> P\u00edlatus spur\u00f0i hann \u00fe\u00e1: \u201eErt \u00fe\u00fa konungur Gy\u00f0inga?\u201c <br \/> Jes\u00fas svara\u00f0i: \u201e\u00dea\u00f0 eru \u00fe\u00edn or\u00f0.\u201c <br \/> <a name=\"4\"><span class=\"versanumer_2007\">4<\/span><\/a> P\u00edlatus sag\u00f0i vi\u00f0 \u00e6\u00f0stu prestana og f\u00f3lki\u00f0: \u201eEnga s\u00f6k finn \u00e9g hj\u00e1 \u00feessum manni.\u201c <br \/> <a name=\"5\"><span class=\"versanumer_2007\">5<\/span><\/a> En \u00feeir ur\u00f0u \u00fev\u00ed \u00e1kafari og s\u00f6g\u00f0u: \u201eHann \u00e6sir upp l\u00fd\u00f0inn me\u00f0 \u00fev\u00ed sem hann kennir \u00ed allri J\u00fadeu, hann byrja\u00f0i \u00ed Gal\u00edleu og er n\u00fa kominn hinga\u00f0.\u201c <\/p>\n<h3 class=\"millifyrirsogn_2007\">Fyrir Her\u00f3desi<\/h3>\n<p><a name=\"6\"><span class=\"versanumer_2007\">6<\/span><\/a> \u00deegar P\u00edlatus heyr\u00f0i \u00feetta spur\u00f0i hann hvort ma\u00f0urinn v\u00e6ri Gal\u00edlei. <a name=\"7\"><span class=\"versanumer_2007\">7<\/span><\/a> Og er hann var\u00f0 \u00feess v\u00eds a\u00f0 hann var \u00far umd\u00e6mi Her\u00f3desar sendi hann hann til Her\u00f3desar er \u00fe\u00e1 var og \u00ed Jer\u00fasalem \u00e1 \u00feeim d\u00f6gum. <br \/> <a name=\"8\"><span class=\"versanumer_2007\">8<\/span><\/a> En Her\u00f3des var\u00f0 n\u00e6sta gla\u00f0ur er hann s\u00e1 Jes\u00fa \u00fev\u00ed hann haf\u00f0i lengi langa\u00f0 a\u00f0 sj\u00e1 hann \u00fear e\u00f0 hann haf\u00f0i heyrt fr\u00e1 honum sagt. V\u00e6nti hann n\u00fa a\u00f0 sj\u00e1 hann gera eitthvert t\u00e1kn. <a name=\"9\"><span class=\"versanumer_2007\">9<\/span><\/a> Hann spur\u00f0i Jes\u00fa \u00e1 marga vegu en hann svara\u00f0i honum engu. <a name=\"10\"><span class=\"versanumer_2007\">10<\/span><\/a> \u00c6\u00f0stu prestarnir og fr\u00e6\u00f0imennirnir st\u00f3\u00f0u \u00fear og \u00e1s\u00f6ku\u00f0u hann har\u00f0lega. <a name=\"11\"><span class=\"versanumer_2007\">11<\/span><\/a> En Her\u00f3des \u00f3virti hann og spotta\u00f0i \u00e1samt herm\u00f6nnum s\u00ednum, lag\u00f0i yfir hann sk\u00ednandi kl\u00e6\u00f0i og sendi hann aftur til P\u00edlatusar. <a name=\"12\"><span class=\"versanumer_2007\">12<\/span><\/a> \u00c1 \u00feeim degi ur\u00f0u \u00feeir Her\u00f3des og P\u00edlatus vinir en \u00e1\u00f0ur var fjandskapur me\u00f0 \u00feeim. <\/p>\n<h3 class=\"millifyrirsogn_2007\">D\u00e6mdur til dau\u00f0a<\/h3>\n<p><a name=\"13\"><span class=\"versanumer_2007\">13<\/span><\/a> P\u00edlatus kalla\u00f0i n\u00fa saman \u00e6\u00f0stu prestana, h\u00f6f\u00f0ingjana og f\u00f3lki\u00f0 <a name=\"14\"><span class=\"versanumer_2007\">14<\/span><\/a> og m\u00e6lti: \u201e\u00dei\u00f0 hafi\u00f0 f\u00e6rt m\u00e9r \u00feennan mann og sagt hann lei\u00f0a f\u00f3lki\u00f0 afvega. N\u00fa hef \u00e9g yfirheyrt manninn \u00ed ykkar vi\u00f0urvist en enga \u00fe\u00e1 s\u00f6k fundi\u00f0 hj\u00e1 honum er \u00fei\u00f0 \u00e1k\u00e6ri\u00f0 hann um. <a name=\"15\"><span class=\"versanumer_2007\">15<\/span><\/a> Ekki heldur Her\u00f3des \u00fev\u00ed hann sendi hann aftur til okkar. Lj\u00f3st er a\u00f0 hann hefur ekkert \u00fea\u00f0 dr\u00fdgt er dau\u00f0a s\u00e9 vert. <a name=\"16\"><span class=\"versanumer_2007\">16<\/span><\/a> \u00c6tla \u00e9g \u00fev\u00ed a\u00f0 hirta hann og l\u00e1ta lausan.\u201c [ <a name=\"17\"><span class=\"versanumer_2007\">17<\/span><\/a> En skylt var honum a\u00f0 gefa \u00feeim lausan einn bandingja \u00e1 hverri h\u00e1t\u00ed\u00f0.]<span class=\"nedan_mal\" title=\" Vantar \u00ed sum handrit.\">[<\/span> <br \/> <a name=\"18\"><span class=\"versanumer_2007\">18<\/span><\/a> En \u00feeir \u00e6ptu allir: \u201eBurt me\u00f0 hann, gef\u00f0u okkur Barabbas lausan!\u201c <a name=\"19\"><span class=\"versanumer_2007\">19<\/span><\/a> En honum haf\u00f0i veri\u00f0 varpa\u00f0 \u00ed fangelsi fyrir upphlaup nokkurt sem var\u00f0 \u00ed borginni og manndr\u00e1p. <br \/> <a name=\"20\"><span class=\"versanumer_2007\">20<\/span><\/a> P\u00edlatus tala\u00f0i enn til \u00feeirra og vildi l\u00e1ta Jes\u00fa lausan. <a name=\"21\"><span class=\"versanumer_2007\">21<\/span><\/a> En \u00feeir \u00e6ptu \u00e1 m\u00f3ti: \u201eKrossfestu, krossfestu hann!\u201c <br \/> <a name=\"22\"><span class=\"versanumer_2007\">22<\/span><\/a> \u00cd \u00feri\u00f0ja sinn sag\u00f0i P\u00edlatus vi\u00f0 \u00fe\u00e1: \u201eHva\u00f0 illt hefur \u00fe\u00e1 \u00feessi ma\u00f0ur gert? Enga dau\u00f0as\u00f6k hef \u00e9g fundi\u00f0 hj\u00e1 honum. \u00c6tla \u00e9g \u00fev\u00ed a\u00f0 hirta hann og l\u00e1ta hann lausan.\u201c <br \/> <a name=\"23\"><span class=\"versanumer_2007\">23<\/span><\/a> En \u00feeir s\u00f3ttu \u00e1 me\u00f0 \u00f3pi miklu og heimtu\u00f0u a\u00f0 hann yr\u00f0i krossfestur. Og \u00feeir h\u00f6f\u00f0u sitt fram. <br \/> <a name=\"24\"><span class=\"versanumer_2007\">24<\/span><\/a> \u00de\u00e1 \u00e1kva\u00f0 P\u00edlatus a\u00f0 kr\u00f6fu \u00feeirra skyldi fulln\u00e6gt. <a name=\"25\"><span class=\"versanumer_2007\">25<\/span><\/a> Hann gaf lausan \u00feann er \u00feeir b\u00e1\u00f0u um og varpa\u00f0 haf\u00f0i veri\u00f0 \u00ed fangelsi fyrir upphlaup og manndr\u00e1p en framseldi \u00feeim Jes\u00fa a\u00f0 \u00feeir f\u00e6ru me\u00f0 hann sem \u00feeir vildu. <\/p>\n<h3 class=\"millifyrirsogn_2007\">Krossfestur<\/h3>\n<p><a name=\"26\"><span class=\"versanumer_2007\">26<\/span><\/a> \u00deegar \u00feeir leiddu Jes\u00fa \u00fat t\u00f3ku \u00feeir S\u00edmon nokkurn fr\u00e1 K\u00fdrene, er kom utan \u00far sveit, og l\u00f6g\u00f0u krossinn \u00e1 hann a\u00f0 hann b\u00e6ri hann eftir Jes\u00fa. <br \/> <a name=\"27\"><span class=\"versanumer_2007\">27<\/span><\/a> En Jes\u00fa fylgdi mikill fj\u00f6ldi f\u00f3lks og kvenna er h\u00f6rmu\u00f0u hann og gr\u00e9tu. <a name=\"28\"><span class=\"versanumer_2007\">28<\/span><\/a> Jes\u00fas sneri s\u00e9r a\u00f0 \u00feeim og m\u00e6lti: \u201eJer\u00fasalemsd\u00e6tur, gr\u00e1ti\u00f0 ekki yfir m\u00e9r en gr\u00e1ti\u00f0 yfir sj\u00e1lfum ykkur og b\u00f6rnum ykkar. <a name=\"29\"><span class=\"versanumer_2007\">29<\/span><\/a> \u00dev\u00ed \u00feeir dagar koma er menn munu segja: S\u00e6lar eru \u00f3byrjur og \u00feau m\u00f3\u00f0url\u00edf er aldrei f\u00e6ddu og \u00feau brj\u00f3st sem engan n\u00e6r\u00f0u. <a name=\"30\"><span class=\"versanumer_2007\">30<\/span><\/a> \u00de\u00e1 munu menn segja vi\u00f0 fj\u00f6llin: Hrynji\u00f0 yfir okkur! og vi\u00f0 h\u00e1lsana: Hylji\u00f0 okkur! <a name=\"31\"><span class=\"versanumer_2007\">31<\/span><\/a> \u00dev\u00ed a\u00f0 s\u00e9 \u00feetta gert vi\u00f0 hi\u00f0 gr\u00e6na tr\u00e9, hva\u00f0 mun \u00fe\u00e1 ver\u00f0a um hi\u00f0 visna?\u201c <br \/> <a name=\"32\"><span class=\"versanumer_2007\">32<\/span><\/a> Me\u00f0 Jes\u00fa voru og f\u00e6r\u00f0ir til l\u00edfl\u00e1ts a\u00f0rir tveir sem voru illvirkjar. <a name=\"33\"><span class=\"versanumer_2007\">33<\/span><\/a> Og er \u00feeir komu til \u00feess sta\u00f0ar sem heitir Hausk\u00fapa krossfestu \u00feeir hann \u00fear og illvirkjana, annan til h\u00e6gri handar, hinn til vinstri. <a name=\"34\"><span class=\"versanumer_2007\">34<\/span><\/a> \u00de\u00e1 sag\u00f0i Jes\u00fas: \u201eFa\u00f0ir, fyrirgef \u00feeim \u00fev\u00ed a\u00f0 \u00feeir vita ekki hva\u00f0 \u00feeir gera.\u201c<span class=\"nedan_mal\" title=\" Or\u00f0in \u201e\u00de\u00e1 sag\u00f0i Jes\u00fas \u2026 hva\u00f0 \u00feeir gera\u201c vantar \u00ed sum handrit.\">[<\/span> <br \/>En \u00feeir k\u00f6stu\u00f0u hlutum um kl\u00e6\u00f0i hans og skiptu me\u00f0 s\u00e9r. <a name=\"35\"><span class=\"versanumer_2007\">35<\/span><\/a> F\u00f3lki\u00f0 st\u00f3\u00f0 og horf\u00f0i \u00e1 og h\u00f6f\u00f0ingjarnir ger\u00f0u gys a\u00f0 honum og s\u00f6g\u00f0u: \u201e\u00d6\u00f0rum bjarga\u00f0i hann, bjargi hann n\u00fa sj\u00e1lfum s\u00e9r ef hann er Kristur Gu\u00f0s, hinn \u00fatvaldi.\u201c <br \/> <a name=\"36\"><span class=\"versanumer_2007\">36<\/span><\/a> Eins h\u00e6ddu hann hermennirnir, komu og b\u00e1ru honum edik <a name=\"37\"><span class=\"versanumer_2007\">37<\/span><\/a> og s\u00f6g\u00f0u: \u201eEf \u00fe\u00fa ert konungur Gy\u00f0inga, \u00fe\u00e1 bjarga\u00f0u sj\u00e1lfum \u00fe\u00e9r.\u201c <br \/> <a name=\"38\"><span class=\"versanumer_2007\">38<\/span><\/a> Yfirskrift var yfir honum: \u00deESSI ER KONUNGUR GY\u00d0INGA. <br \/> <a name=\"39\"><span class=\"versanumer_2007\">39<\/span><\/a> Annar \u00feeirra illvirkja sem krossfestir voru h\u00e6ddi hann og sag\u00f0i: \u201eErt \u00fe\u00fa ekki Kristur? Bjarga\u00f0u sj\u00e1lfum \u00fe\u00e9r og okkur!\u201c <br \/> <a name=\"40\"><span class=\"versanumer_2007\">40<\/span><\/a> En hinn \u00e1v\u00edta\u00f0i hann og sag\u00f0i: \u201eHr\u00e6\u00f0ist \u00fe\u00fa ekki einu sinni Gu\u00f0 og ert \u00fe\u00f3 undir sama d\u00f3mi? <a name=\"41\"><span class=\"versanumer_2007\">41<\/span><\/a> Vi\u00f0 erum \u00fea\u00f0 me\u00f0 r\u00e9ttu og f\u00e1um makleg gj\u00f6ld fyrir ger\u00f0ir okkar en \u00feessi hefur ekkert illt a\u00f0hafst.\u201c <a name=\"42\"><span class=\"versanumer_2007\">42<\/span><\/a> \u00de\u00e1 sag\u00f0i hann: \u201eJes\u00fas, minnst \u00fe\u00fa m\u00edn \u00feegar \u00fe\u00fa kemur \u00ed r\u00edki \u00feitt!\u201c <br \/> <a name=\"43\"><span class=\"versanumer_2007\">43<\/span><\/a> Og Jes\u00fas sag\u00f0i vi\u00f0 hann: \u201eSannlega segi \u00e9g \u00fe\u00e9r: \u00cd dag skaltu vera me\u00f0 m\u00e9r \u00ed Parad\u00eds.\u201c <\/p>\n<h3 class=\"millifyrirsogn_2007\">Fa\u00f0ir, \u00ed \u00fe\u00ednar hendur<\/h3>\n<p><a name=\"44\"><span class=\"versanumer_2007\">44<\/span><\/a> Og n\u00fa var n\u00e6r h\u00e1degi<span class=\"nedan_mal\" title=\" Or\u00f0r\u00e9tt: um sj\u00f6ttu stund, \u00fe.e. kl. t\u00f3lf \u00e1 h\u00e1degi.\">[<\/span> og myrkur var\u00f0 um allt land til n\u00f3ns<span class=\"nedan_mal\" title=\" Or\u00f0r\u00e9tt: til n\u00edundu stundar, \u00fe.e. kl. \u00ferj\u00fa eftir h\u00e1degi.\">[<\/span> <a name=\"45\"><span class=\"versanumer_2007\">45<\/span><\/a> \u00fev\u00ed s\u00f3lin missti birtu sinnar. En fortjald musterisins rifna\u00f0i sundur \u00ed mi\u00f0ju. <a name=\"46\"><span class=\"versanumer_2007\">46<\/span><\/a> \u00de\u00e1 kalla\u00f0i Jes\u00fas h\u00e1rri r\u00f6ddu: \u201eFa\u00f0ir, \u00ed \u00fe\u00ednar hendur fel \u00e9g anda minn!\u201c Og er hann haf\u00f0i \u00feetta m\u00e6lt gaf hann upp andann. <br \/> <a name=\"47\"><span class=\"versanumer_2007\">47<\/span><\/a> \u00deegar hundra\u00f0sh\u00f6f\u00f0inginn s\u00e1 \u00fea\u00f0 er vi\u00f0 bar vegsama\u00f0i hann Gu\u00f0 og sag\u00f0i: \u201eSannarlega var \u00feessi ma\u00f0ur r\u00e9ttl\u00e1tur.\u201c <br \/> <a name=\"48\"><span class=\"versanumer_2007\">48<\/span><\/a> Og f\u00f3lki\u00f0 allt, sem komi\u00f0 haf\u00f0i saman a\u00f0 horfa \u00e1, s\u00e1 n\u00fa hva\u00f0 ger\u00f0ist og bar\u00f0i s\u00e9r \u00e1 brj\u00f3st og hvarf fr\u00e1. <a name=\"49\"><span class=\"versanumer_2007\">49<\/span><\/a> En vinir hans allir sem og konurnar, er fylgdu honum fr\u00e1 Gal\u00edleu, st\u00f3\u00f0u \u00e1lengdar og horf\u00f0u \u00e1 \u00feetta. <\/p>\n<h3 class=\"millifyrirsogn_2007\">Lag\u00f0ur \u00ed gr\u00f6f<\/h3>\n<p><a name=\"50\"><span class=\"versanumer_2007\">50<\/span><\/a> Ma\u00f0ur er nefndur J\u00f3sef. Hann var r\u00e1\u00f0sherra, g\u00f3\u00f0ur ma\u00f0ur og r\u00e9ttv\u00eds <a name=\"51\"><span class=\"versanumer_2007\">51<\/span><\/a> og haf\u00f0i ekki sam\u00feykkt r\u00e1\u00f0 \u00feeirra n\u00e9 ath\u00e6fi. Hann var fr\u00e1 Ar\u00edma\u00feeu, borg \u00ed J\u00fadeu, og v\u00e6nti Gu\u00f0s r\u00edkis. <a name=\"52\"><span class=\"versanumer_2007\">52<\/span><\/a> Hann gekk til P\u00edlatusar og ba\u00f0 hann um l\u00edkama Jes\u00fa, <a name=\"53\"><span class=\"versanumer_2007\">53<\/span><\/a> t\u00f3k hann s\u00ed\u00f0an ofan, sveipa\u00f0i l\u00ednkl\u00e6\u00f0i og lag\u00f0i \u00ed gr\u00f6f, h\u00f6ggna \u00ed klett, og haf\u00f0i \u00fear enginn veri\u00f0 \u00e1\u00f0ur lag\u00f0ur. <a name=\"54\"><span class=\"versanumer_2007\">54<\/span><\/a> \u00dea\u00f0 var a\u00f0fangadagur og hv\u00edldardagurinn f\u00f3r \u00ed h\u00f6nd. <br \/> <a name=\"55\"><span class=\"versanumer_2007\">55<\/span><\/a> Konur \u00fe\u00e6r er komi\u00f0 h\u00f6f\u00f0u me\u00f0 Jes\u00fa fr\u00e1 Gal\u00edleu fylgdu eftir og s\u00e1u gr\u00f6fina og hvernig l\u00edkami hans var lag\u00f0ur. <a name=\"56\"><span class=\"versanumer_2007\">56<\/span><\/a> \u00de\u00e6r sneru aftur og bjuggu ilmjurtir og smyrsl. <br \/>Hv\u00edldardaginn h\u00e9ldu \u00fe\u00e6r kyrru fyrir samkv\u00e6mt bo\u00f0or\u00f0inu. <\/p>\n","protected":false},"excerpt":{"rendered":"<p>Fyrir P\u00edlatusi 1 \u00de\u00e1 st\u00f3\u00f0 upp allur skarinn og f\u00e6r\u00f0i Jes\u00fa fyrir P\u00edlatus. 2 \u00deeir t\u00f3ku a\u00f0 \u00e1k\u00e6ra hann og s\u00f6g\u00f0u: \u201eVi\u00f0 h\u00f6fum komist a\u00f0 raun um a\u00f0 \u00feessi ma\u00f0ur lei\u00f0ir \u00fej\u00f3\u00f0 okkar afvega, hann bannar a\u00f0 gjalda keisaranum skatt og segist sj\u00e1lfur vera Kristur, konungur.\u201c 3 P\u00edlatus spur\u00f0i hann \u00fe\u00e1: \u201eErt \u00fe\u00fa konungur Gy\u00f0inga?\u201c Jes\u00fas svara\u00f0i: \u201e\u00dea\u00f0 eru \u00fe\u00edn or\u00f0.\u201c 4 P\u00edlatus sag\u00f0i vi\u00f0 \u00e6\u00f0stu prestana og f\u00f3lki\u00f0: \u201eEnga s\u00f6k finn \u00e9g hj\u00e1 \u00feessum manni.\u201c 5 En \u00feeir ur\u00f0u \u00fev\u00ed \u00e1kafari og s\u00f6g\u00f0u: \u201eHann \u00e6sir upp l\u00fd\u00f0inn me\u00f0 \u00fev\u00ed sem hann kennir \u00ed allri J\u00fadeu, hann byrja\u00f0i \u00ed Gal\u00edleu <a href=\"https:\/\/biblian.is\/biblian\/lukasargudspjall-23-kafli\/\"> [&#8230;]<\/a><\/p>\n","protected":false},"author":1,"featured_media":0,"parent":0,"menu_order":0,"comment_status":"open","ping_status":"open","template":"bibliukaflar_NT.php","meta":{"footnotes":""},"class_list":["post-2613","page","type-page","status-publish","hentry"],"_links":{"self":[{"href":"https:\/\/biblian.is\/biblian\/wp-json\/wp\/v2\/pages\/2613","targetHints":{"allow":["GET"]}}],"collection":[{"href":"https:\/\/biblian.is\/biblian\/wp-json\/wp\/v2\/pages"}],"about":[{"href":"https:\/\/biblian.is\/biblian\/wp-json\/wp\/v2\/types\/page"}],"author":[{"embeddable":true,"href":"https:\/\/biblian.is\/biblian\/wp-json\/wp\/v2\/users\/1"}],"replies":[{"embeddable":true,"href":"https:\/\/biblian.is\/biblian\/wp-json\/wp\/v2\/comments?post=2613"}],"version-history":[{"count":0,"href":"https:\/\/biblian.is\/biblian\/wp-json\/wp\/v2\/pages\/2613\/revisions"}],"wp:attachment":[{"href":"https:\/\/biblian.is\/biblian\/wp-json\/wp\/v2\/media?parent=2613"}],"curies":[{"name":"wp","href":"https:\/\/api.w.org\/{rel}","templated":true}]}}