{"id":2612,"date":"2017-12-30T21:03:55","date_gmt":"2017-12-30T21:03:55","guid":{"rendered":"http:\/\/biblian.is\/biblian\/l%c2%9ckasargu_spjall-22-kafli\/"},"modified":"2019-08-26T22:41:40","modified_gmt":"2019-08-26T22:41:40","slug":"lukasargudspjall-22-kafli","status":"publish","type":"page","link":"https:\/\/biblian.is\/biblian\/lukasargudspjall-22-kafli\/","title":{"rendered":"L\u00fakasargu\u00f0spjall 22. kafli"},"content":{"rendered":"<h3 class=\"millifyrirsogn_2007\"> Svik J\u00fadasar<\/h3>\n<p><a name=\"1\"><span class=\"versanumer_2007\">1<\/span><\/a> N\u00fa f\u00f3r \u00ed h\u00f6nd h\u00e1t\u00ed\u00f0 \u00f3s\u00fdr\u00f0u brau\u00f0anna, s\u00fa er nefnist p\u00e1skar. <a name=\"2\"><span class=\"versanumer_2007\">2<\/span><\/a> Og \u00e6\u00f0stu prestarnir og fr\u00e6\u00f0imennirnir leitu\u00f0u fyrir s\u00e9r hvernig \u00feeir g\u00e6tu r\u00e1\u00f0i\u00f0 Jes\u00fa af d\u00f6gum \u00fev\u00ed a\u00f0 \u00feeir voru hr\u00e6ddir vi\u00f0 f\u00f3lki\u00f0. <br \/> <a name=\"3\"><span class=\"versanumer_2007\">3<\/span><\/a> \u00de\u00e1 f\u00f3r Satan \u00ed J\u00fadas sem kalla\u00f0ur var \u00cdskar\u00edot og var \u00ed t\u00f6lu \u00feeirra t\u00f3lf. <a name=\"4\"><span class=\"versanumer_2007\">4<\/span><\/a> Hann f\u00f3r og r\u00e6ddi vi\u00f0 \u00e6\u00f0stu prestana og var\u00f0foringjana um \u00fea\u00f0 hvernig hann skyldi framselja \u00feeim Jes\u00fa. <a name=\"5\"><span class=\"versanumer_2007\">5<\/span><\/a> \u00deeir ur\u00f0u gla\u00f0ir vi\u00f0 og h\u00e9tu honum f\u00e9 fyrir. <a name=\"6\"><span class=\"versanumer_2007\">6<\/span><\/a> Hann gekk a\u00f0 \u00fev\u00ed og leita\u00f0i f\u00e6ris a\u00f0 framselja hann \u00feeim \u00feegar f\u00f3lki\u00f0 v\u00e6ri fjarri. <\/p>\n<h3 class=\"millifyrirsogn_2007\">B\u00fai\u00f0 til p\u00e1skam\u00e1lt\u00ed\u00f0ar<\/h3>\n<p><a name=\"7\"><span class=\"versanumer_2007\">7<\/span><\/a> \u00deegar s\u00e1 dagur \u00f3s\u00fdr\u00f0u brau\u00f0anna kom er sl\u00e1tra skyldi p\u00e1skalambinu <a name=\"8\"><span class=\"versanumer_2007\">8<\/span><\/a> sendi Jes\u00fas \u00fe\u00e1 P\u00e9tur og J\u00f3hannes og sag\u00f0i: \u201eFari\u00f0 og b\u00fai\u00f0 til p\u00e1skam\u00e1lt\u00ed\u00f0ar fyrir okkur.\u201c <br \/> <a name=\"9\"><span class=\"versanumer_2007\">9<\/span><\/a> \u00deeir s\u00f6g\u00f0u vi\u00f0 hann: \u201eHvar vilt \u00fe\u00fa a\u00f0 vi\u00f0 b\u00faum hana?\u201c <br \/> <a name=\"10\"><span class=\"versanumer_2007\">10<\/span><\/a> En hann sag\u00f0i vi\u00f0 \u00fe\u00e1: \u201e\u00deegar \u00fei\u00f0 komi\u00f0 inn \u00ed borgina m\u00e6tir ykkur ma\u00f0ur sem ber vatnsker. Fylgi\u00f0 honum inn \u00feanga\u00f0 sem hann fer <a name=\"11\"><span class=\"versanumer_2007\">11<\/span><\/a> og segi\u00f0 vi\u00f0 h\u00fasr\u00e1\u00f0andann: Meistarinn spyr \u00feig: Hvar er herbergi\u00f0 \u00fear sem \u00e9g get neytt p\u00e1skam\u00e1lt\u00ed\u00f0arinnar me\u00f0 l\u00e6risveinum m\u00ednum? <a name=\"12\"><span class=\"versanumer_2007\">12<\/span><\/a> Hann mun \u00fe\u00e1 s\u00fdna ykkur loftsal mikinn, b\u00fainn h\u00e6gindum. Hafi\u00f0 \u00fear vi\u00f0b\u00fana\u00f0.\u201c <a name=\"13\"><span class=\"versanumer_2007\">13<\/span><\/a> \u00deeir f\u00f3ru og fundu allt eins og hann haf\u00f0i sagt og bjuggu til p\u00e1skam\u00e1lt\u00ed\u00f0ar. <\/p>\n<h3 class=\"millifyrirsogn_2007\">Heil\u00f6g kv\u00f6ldm\u00e1lt\u00ed\u00f0<\/h3>\n<p><a name=\"14\"><span class=\"versanumer_2007\">14<\/span><\/a> Og er stundin var komin gekk Jes\u00fas til bor\u00f0s og postularnir me\u00f0 honum. <a name=\"15\"><span class=\"versanumer_2007\">15<\/span><\/a> Og hann sag\u00f0i vi\u00f0 \u00fe\u00e1: \u201eHjartanlega hef \u00e9g \u00fer\u00e1\u00f0 a\u00f0 neyta \u00feessarar p\u00e1skam\u00e1lt\u00ed\u00f0ar me\u00f0 y\u00f0ur \u00e1\u00f0ur en \u00e9g l\u00ed\u00f0. <a name=\"16\"><span class=\"versanumer_2007\">16<\/span><\/a> \u00dev\u00ed \u00e9g segi y\u00f0ur: Eigi mun \u00e9g framar neyta hennar fyrr en h\u00fan fullkomnast \u00ed Gu\u00f0s r\u00edki.\u201c <br \/> <a name=\"17\"><span class=\"versanumer_2007\">17<\/span><\/a> \u00de\u00e1 t\u00f3k hann kaleik, ger\u00f0i \u00feakkir og sag\u00f0i: \u201eTaki\u00f0 \u00feetta og skipti\u00f0 me\u00f0 y\u00f0ur. <a name=\"18\"><span class=\"versanumer_2007\">18<\/span><\/a> \u00dev\u00ed \u00e9g segi y\u00f0ur: H\u00e9\u00f0an \u00ed fr\u00e1 mun \u00e9g eigi drekka af \u00e1vexti v\u00ednvi\u00f0arins fyrr en Gu\u00f0s r\u00edki kemur.\u201c <br \/> <a name=\"19\"><span class=\"versanumer_2007\">19<\/span><\/a> Og hann t\u00f3k brau\u00f0, ger\u00f0i \u00feakkir, braut \u00fea\u00f0, gaf \u00feeim og sag\u00f0i: \u201e\u00deetta er l\u00edkami minn sem fyrir y\u00f0ur er gefinn. Geri\u00f0 \u00feetta \u00ed m\u00edna minningu.\u201c <a name=\"20\"><span class=\"versanumer_2007\">20<\/span><\/a> Eins t\u00f3k hann kaleikinn eftir kv\u00f6ldm\u00e1lt\u00ed\u00f0ina og sag\u00f0i: \u201e\u00deessi kaleikur er hinn n\u00fdi s\u00e1ttm\u00e1li \u00ed m\u00ednu bl\u00f3\u00f0i sem fyrir y\u00f0ur er \u00fathellt.<span class=\"nedan_mal\" title=\" Or\u00f0in \u201esem fyrir y\u00f0ur er gefinn \u2026 sem fyrir y\u00f0ur er \u00fathellt\u201c vantar \u00ed sum handrit.\">[<\/span> <br \/> <a name=\"21\"><span class=\"versanumer_2007\">21<\/span><\/a> En sj\u00e1, h\u00f6nd \u00feess er mig sv\u00edkur er \u00e1 bor\u00f0inu hj\u00e1 m\u00e9r. <a name=\"22\"><span class=\"versanumer_2007\">22<\/span><\/a> Mannssonurinn fer a\u00f0 s\u00f6nnu \u00fe\u00e1 lei\u00f0 sem \u00e1kve\u00f0in er en vei \u00feeim manni sem \u00fev\u00ed veldur a\u00f0 hann ver\u00f0ur framseldur.\u201c <br \/> <a name=\"23\"><span class=\"versanumer_2007\">23<\/span><\/a> Og \u00feeir t\u00f3ku a\u00f0 spyrjast \u00e1 um \u00fea\u00f0 hver \u00feeirra mundi ver\u00f0a til \u00feess a\u00f0 gera \u00feetta. <\/p>\n<h3 class=\"millifyrirsogn_2007\">Hver er mestur<\/h3>\n<p><a name=\"24\"><span class=\"versanumer_2007\">24<\/span><\/a> Og \u00feeir f\u00f3ru a\u00f0 metast um hver \u00feeirra v\u00e6ri talinn mestur. <a name=\"25\"><span class=\"versanumer_2007\">25<\/span><\/a> En Jes\u00fas sag\u00f0i vi\u00f0 \u00fe\u00e1: \u201eKonungar \u00fej\u00f3\u00f0a drottna yfir \u00feeim og valdhafar \u00feeirra kallast velgj\u00f6r\u00f0amenn. <a name=\"26\"><span class=\"versanumer_2007\">26<\/span><\/a> En eigi s\u00e9 y\u00f0ur svo fari\u00f0 heldur s\u00e9 hinn mesti y\u00f0ar \u00e1 me\u00f0al sem v\u00e6ri hann yngstur og foringinn sem \u00fej\u00f3nn. <a name=\"27\"><span class=\"versanumer_2007\">27<\/span><\/a> \u00dev\u00ed hvort er s\u00e1 meiri sem situr til bor\u00f0s e\u00f0a hinn sem \u00fej\u00f3nar? Er \u00fea\u00f0 ekki s\u00e1 sem situr til bor\u00f0s? Samt er \u00e9g me\u00f0al y\u00f0ar eins og \u00fej\u00f3nninn. <br \/> <a name=\"28\"><span class=\"versanumer_2007\">28<\/span><\/a> En \u00fea\u00f0 eru\u00f0 \u00fe\u00e9r sem hafi\u00f0 sta\u00f0i\u00f0 me\u00f0 m\u00e9r \u00ed freistingum m\u00ednum. <a name=\"29\"><span class=\"versanumer_2007\">29<\/span><\/a> Og y\u00f0ur f\u00e6 \u00e9g r\u00edki \u00ed hendur, eins og fa\u00f0ir minn hefur fengi\u00f0 m\u00e9r, <a name=\"30\"><span class=\"versanumer_2007\">30<\/span><\/a> a\u00f0 \u00fe\u00e9r megi\u00f0 eta og drekka vi\u00f0 bor\u00f0 mitt \u00ed r\u00edki m\u00ednu, sitja \u00ed h\u00e1s\u00e6tum og d\u00e6ma t\u00f3lf \u00e6ttkv\u00edslir \u00cdsraels. <\/p>\n<h3 class=\"millifyrirsogn_2007\">\u00c9g hef be\u00f0i\u00f0 fyrir \u00fe\u00e9r<\/h3>\n<p><a name=\"31\"><span class=\"versanumer_2007\">31<\/span><\/a> S\u00edmon, S\u00edmon, Satan kraf\u00f0ist a\u00f0 f\u00e1 a\u00f0 s\u00e6lda y\u00f0ur eins og hveiti svo a\u00f0 hismi\u00f0 k\u00e6mi \u00ed lj\u00f3s. <a name=\"32\"><span class=\"versanumer_2007\">32<\/span><\/a> En \u00e9g hef be\u00f0i\u00f0 fyrir \u00fe\u00e9r a\u00f0 tr\u00fa \u00fe\u00edn \u00ferj\u00f3ti ekki. Og styrk \u00fe\u00fa tr\u00fasystkin \u00fe\u00edn<span class=\"nedan_mal\" title=\" Or\u00f0r\u00e9tt: br\u00e6\u00f0ur \u00fe\u00edna.\">[<\/span> \u00feegar \u00fe\u00fa ert sn\u00fainn vi\u00f0.\u201c <br \/> <a name=\"33\"><span class=\"versanumer_2007\">33<\/span><\/a> En S\u00edmon sag\u00f0i vi\u00f0 hann: \u201eDrottinn, \u00e9g er rei\u00f0ub\u00fainn a\u00f0 fylgja \u00fe\u00e9r b\u00e6\u00f0i \u00ed fangelsi og dau\u00f0a.\u201c <br \/> <a name=\"34\"><span class=\"versanumer_2007\">34<\/span><\/a> Jes\u00fas m\u00e6lti: \u201e\u00c9g segi \u00fe\u00e9r, P\u00e9tur: \u00c1\u00f0ur en hani galar \u00ed dag munt \u00fe\u00fa \u00ferisvar hafa neita\u00f0 \u00fev\u00ed a\u00f0 \u00fe\u00fa \u00feekkir mig.\u201c <\/p>\n<h3 class=\"millifyrirsogn_2007\">\u00dea\u00f0 r\u00e6tist sem rita\u00f0 er<\/h3>\n<p><a name=\"35\"><span class=\"versanumer_2007\">35<\/span><\/a> Og hann sag\u00f0i vi\u00f0 \u00fe\u00e1: \u201e\u00deegar \u00e9g sendi y\u00f0ur \u00fat \u00e1n pyngju og mals og sk\u00f3lausa, brast y\u00f0ur \u00fe\u00e1 nokku\u00f0?\u201c <br \/> \u00deeir sv\u00f6ru\u00f0u: \u201eNei, ekkert.\u201c <br \/> <a name=\"36\"><span class=\"versanumer_2007\">36<\/span><\/a> \u00de\u00e1 sag\u00f0i hann vi\u00f0 \u00fe\u00e1: \u201eEn n\u00fa skal s\u00e1 er pyngju hefur taka hana me\u00f0 s\u00e9r og eins s\u00e1 er mal hefur og hinn sem ekkert \u00e1 selji yfirh\u00f6fn s\u00edna og kaupi sver\u00f0. <a name=\"37\"><span class=\"versanumer_2007\">37<\/span><\/a> \u00dev\u00ed \u00e9g segi y\u00f0ur a\u00f0 \u00feessi ritning \u00e1 a\u00f0 r\u00e6tast \u00e1 m\u00e9r: Me\u00f0 illvirkjum var hann talinn. Og n\u00fa er a\u00f0 fullnast \u00fea\u00f0 sem um mig er rita\u00f0.\u201c <br \/> <a name=\"38\"><span class=\"versanumer_2007\">38<\/span><\/a> En \u00feeir s\u00f6g\u00f0u: \u201eDrottinn, h\u00e9r eru tv\u00f6 sver\u00f0.\u201c <br \/>Og hann sag\u00f0i vi\u00f0 \u00fe\u00e1: \u201e\u00dea\u00f0 er n\u00f3g.\u201c <\/p>\n<h3 class=\"millifyrirsogn_2007\">\u00cd Getsemane<\/h3>\n<p><a name=\"39\"><span class=\"versanumer_2007\">39<\/span><\/a> S\u00ed\u00f0an f\u00f3r Jes\u00fas \u00fat og gekk, eins og hann var vanur, til Ol\u00edufjallsins. Og l\u00e6risveinarnir fylgdu honum. <a name=\"40\"><span class=\"versanumer_2007\">40<\/span><\/a> \u00deegar hann kom \u00e1 sta\u00f0inn sag\u00f0i hann vi\u00f0 \u00fe\u00e1: \u201eBi\u00f0ji\u00f0 a\u00f0 \u00fei\u00f0 falli\u00f0 ekki \u00ed freistni.\u201c <br \/> <a name=\"41\"><span class=\"versanumer_2007\">41<\/span><\/a> Og hann v\u00e9k fr\u00e1 \u00feeim svo sem steinsnar, f\u00e9ll \u00e1 kn\u00e9, ba\u00f0st fyrir og sag\u00f0i: <a name=\"42\"><span class=\"versanumer_2007\">42<\/span><\/a> \u201eFa\u00f0ir, ef \u00fe\u00fa vilt, \u00fe\u00e1 tak \u00feennan kaleik fr\u00e1 m\u00e9r! En ver\u00f0i \u00fe\u00f3 ekki minn heldur \u00feinn vilji.\u201c [ <a name=\"43\"><span class=\"versanumer_2007\">43<\/span><\/a> \u00de\u00e1 birtist honum engill af himni sem styrkti hann. <a name=\"44\"><span class=\"versanumer_2007\">44<\/span><\/a> Og hann komst \u00ed dau\u00f0ans angist og ba\u00f0st enn \u00e1kafar fyrir en sveiti hans var\u00f0 eins og bl\u00f3\u00f0dropar er f\u00e9llu \u00e1 j\u00f6r\u00f0ina.]<span class=\"nedan_mal\" title=\" Vantar \u00ed sum handrit.\">[<\/span> <br \/> <a name=\"45\"><span class=\"versanumer_2007\">45<\/span><\/a> Hann st\u00f3\u00f0 upp fr\u00e1 b\u00e6n sinni, kom til l\u00e6risveinanna og fann \u00fe\u00e1 sofandi, \u00f6rmagna af hrygg\u00f0. <a name=\"46\"><span class=\"versanumer_2007\">46<\/span><\/a> Og hann sag\u00f0i vi\u00f0 \u00fe\u00e1: \u201eHv\u00ed sofi\u00f0 \u00fei\u00f0? R\u00edsi\u00f0 upp og bi\u00f0ji\u00f0 a\u00f0 \u00fei\u00f0 falli\u00f0 ekki \u00ed freistni.\u201c <\/p>\n<h3 class=\"millifyrirsogn_2007\">Tekinn h\u00f6ndum<\/h3>\n<p><a name=\"47\"><span class=\"versanumer_2007\">47<\/span><\/a> Me\u00f0an Jes\u00fas var enn a\u00f0 tala kom flokkur manna og fremstur f\u00f3r einn hinna t\u00f3lf, J\u00fadas, \u00e1\u00f0ur nefndur. Hann gekk a\u00f0 Jes\u00fa til a\u00f0 kyssa hann. <a name=\"48\"><span class=\"versanumer_2007\">48<\/span><\/a> Jes\u00fas sag\u00f0i vi\u00f0 hann: \u201eJ\u00fadas, sv\u00edkur \u00fe\u00fa Mannssoninn me\u00f0 kossi?\u201c <br \/> <a name=\"49\"><span class=\"versanumer_2007\">49<\/span><\/a> \u00deeir sem me\u00f0 honum voru s\u00e1u a\u00f0 hverju f\u00f3r og s\u00f6g\u00f0u: \u201eDrottinn, eigum vi\u00f0 ekki a\u00f0 breg\u00f0a sver\u00f0i?\u201c <a name=\"50\"><span class=\"versanumer_2007\">50<\/span><\/a> Og einn \u00feeirra hj\u00f3 til \u00fej\u00f3ns \u00e6\u00f0sta prestsins og snei\u00f0 af honum h\u00e6gra eyra\u00f0. <br \/> <a name=\"51\"><span class=\"versanumer_2007\">51<\/span><\/a> \u00de\u00e1 sag\u00f0i Jes\u00fas: \u201eH\u00e9r skal sta\u00f0ar nema.\u201c Og hann snart eyra\u00f0 og l\u00e6kna\u00f0i hann. <br \/> <a name=\"52\"><span class=\"versanumer_2007\">52<\/span><\/a> \u00de\u00e1 sag\u00f0i Jes\u00fas vi\u00f0 \u00e6\u00f0stu prestana, var\u00f0foringja helgid\u00f3msins og \u00f6ldungana sem komnir voru \u00e1 m\u00f3ti honum: \u201eEru\u00f0 \u00fei\u00f0 a\u00f0 fara a\u00f0 m\u00e9r me\u00f0 sver\u00f0um og bareflum eins og gegn r\u00e6ningja? <a name=\"53\"><span class=\"versanumer_2007\">53<\/span><\/a> Daglega var \u00e9g me\u00f0 ykkur \u00ed helgid\u00f3minum og \u00fei\u00f0 l\u00f6g\u00f0u\u00f0 ekki hendur \u00e1 mig. En \u00feetta er ykkar t\u00edmi, n\u00fa r\u00e6\u00f0ur m\u00e1ttur myrkranna.\u201c <\/p>\n<h3 class=\"millifyrirsogn_2007\">P\u00e9tur afneitar<\/h3>\n<p><a name=\"54\"><span class=\"versanumer_2007\">54<\/span><\/a> En \u00feeir t\u00f3ku Jes\u00fa h\u00f6ndum og leiddu brott og f\u00f3ru me\u00f0 hann \u00ed h\u00fas \u00e6\u00f0sta prestsins. P\u00e9tur fylgdi eftir \u00e1lengdar. <a name=\"55\"><span class=\"versanumer_2007\">55<\/span><\/a> Menn h\u00f6f\u00f0u kveikt eld \u00ed mi\u00f0jum gar\u00f0inum og s\u00e1tu vi\u00f0 hann og P\u00e9tur settist me\u00f0al \u00feeirra. <a name=\"56\"><span class=\"versanumer_2007\">56<\/span><\/a> En \u00feerna nokkur s\u00e1 hann sitja \u00ed bjarmanum, hvessti \u00e1 hann augun og sag\u00f0i: \u201e\u00deessi ma\u00f0ur var l\u00edka me\u00f0 honum.\u201c <br \/> <a name=\"57\"><span class=\"versanumer_2007\">57<\/span><\/a> \u00dev\u00ed neita\u00f0i hann og sag\u00f0i: \u201eKona, \u00e9g \u00feekki hann ekki.\u201c <br \/> <a name=\"58\"><span class=\"versanumer_2007\">58<\/span><\/a> Litlu s\u00ed\u00f0ar s\u00e1 annar ma\u00f0ur P\u00e9tur og sag\u00f0i: \u201e\u00de\u00fa ert l\u00edka einn af \u00feeim.\u201c <br \/>En P\u00e9tur svara\u00f0i: \u201eNei, ma\u00f0ur minn, \u00fea\u00f0 er \u00e9g ekki.\u201c <br \/> <a name=\"59\"><span class=\"versanumer_2007\">59<\/span><\/a> Og a\u00f0 li\u00f0inni um \u00fea\u00f0 bil einni stund fullyrti enn annar \u00feetta og sag\u00f0i: \u201eV\u00edst var \u00feessi l\u00edka me\u00f0 honum enda Gal\u00edleuma\u00f0ur.\u201c <br \/> <a name=\"60\"><span class=\"versanumer_2007\">60<\/span><\/a> P\u00e9tur m\u00e6lti: \u201eEkki skil \u00e9g hva\u00f0 \u00fe\u00fa \u00e1tt vi\u00f0, ma\u00f0ur.\u201c <br \/>Og jafnskj\u00f3tt sem hann sag\u00f0i \u00feetta g\u00f3l hani. <a name=\"61\"><span class=\"versanumer_2007\">61<\/span><\/a> Og Drottinn v\u00e9k s\u00e9r vi\u00f0 og leit til P\u00e9turs. \u00de\u00e1 minntist P\u00e9tur or\u00f0a Drottins er hann m\u00e6lti vi\u00f0 hann: \u201e\u00c1\u00f0ur en hani galar \u00ed dag muntu \u00ferisvar afneita m\u00e9r.\u201c <a name=\"62\"><span class=\"versanumer_2007\">62<\/span><\/a> Og hann gekk \u00fat og gr\u00e9t beisklega. <\/p>\n<h3 class=\"millifyrirsogn_2007\">Jes\u00fas h\u00e6ddur<\/h3>\n<p><a name=\"63\"><span class=\"versanumer_2007\">63<\/span><\/a> En \u00feeir menn sem g\u00e6ttu Jes\u00fa h\u00e6ddu hann og b\u00f6r\u00f0u, <a name=\"64\"><span class=\"versanumer_2007\">64<\/span><\/a> huldu andlit hans og s\u00f6g\u00f0u: \u201e\u00de\u00fa ert sp\u00e1ma\u00f0ur, seg\u00f0u hver sl\u00f3 \u00feig.\u201c <a name=\"65\"><span class=\"versanumer_2007\">65<\/span><\/a> Og marga a\u00f0ra sv\u00edvir\u00f0u s\u00f6g\u00f0u \u00feeir vi\u00f0 hann. <\/p>\n<h3 class=\"millifyrirsogn_2007\">Fyrir r\u00e1\u00f0inu<\/h3>\n<p><a name=\"66\"><span class=\"versanumer_2007\">66<\/span><\/a> \u00deegar dagur rann kom \u00f6ldungar\u00e1\u00f0i\u00f0 saman, b\u00e6\u00f0i \u00e6\u00f0stu prestar og fr\u00e6\u00f0imenn, og l\u00e9tu f\u00e6ra hann fyrir r\u00e1\u00f0sfund sinn. <a name=\"67\"><span class=\"versanumer_2007\">67<\/span><\/a> \u00deeir s\u00f6g\u00f0u: \u201eEf \u00fe\u00fa ert Kristur, \u00fe\u00e1 seg\u00f0u okkur \u00fea\u00f0.\u201c <br \/>En Jes\u00fas sag\u00f0i vi\u00f0 \u00fe\u00e1: \u201e\u00de\u00f3tt \u00e9g segi ykkur \u00fea\u00f0 munu\u00f0 \u00fei\u00f0 ekki tr\u00faa <a name=\"68\"><span class=\"versanumer_2007\">68<\/span><\/a> og ef \u00e9g spyr ykkur svari\u00f0 \u00fei\u00f0 ekki. <a name=\"69\"><span class=\"versanumer_2007\">69<\/span><\/a> En upp fr\u00e1 \u00feessu mun Mannssonurinn sitja til h\u00e6gri handar alm\u00e1ttugum Gu\u00f0i.\u201c <br \/> <a name=\"70\"><span class=\"versanumer_2007\">70<\/span><\/a> \u00de\u00e1 spur\u00f0u \u00feeir allir: \u201eErt \u00fe\u00fa \u00fe\u00e1 sonur Gu\u00f0s?\u201c <br \/> Og hann sag\u00f0i vi\u00f0 \u00fe\u00e1: \u201e\u00dei\u00f0 segi\u00f0 a\u00f0 \u00e9g s\u00e9 s\u00e1.\u201c <br \/> <a name=\"71\"><span class=\"versanumer_2007\">71<\/span><\/a> En \u00feeir s\u00f6g\u00f0u: \u201eHva\u00f0 \u00feurfum vi\u00f0 n\u00fa framar vitnis vi\u00f0? Vi\u00f0 h\u00f6fum sj\u00e1lfir heyrt \u00fea\u00f0 af munni hans.\u201c <\/p>\n","protected":false},"excerpt":{"rendered":"<p>Svik J\u00fadasar 1 N\u00fa f\u00f3r \u00ed h\u00f6nd h\u00e1t\u00ed\u00f0 \u00f3s\u00fdr\u00f0u brau\u00f0anna, s\u00fa er nefnist p\u00e1skar. 2 Og \u00e6\u00f0stu prestarnir og fr\u00e6\u00f0imennirnir leitu\u00f0u fyrir s\u00e9r hvernig \u00feeir g\u00e6tu r\u00e1\u00f0i\u00f0 Jes\u00fa af d\u00f6gum \u00fev\u00ed a\u00f0 \u00feeir voru hr\u00e6ddir vi\u00f0 f\u00f3lki\u00f0. 3 \u00de\u00e1 f\u00f3r Satan \u00ed J\u00fadas sem kalla\u00f0ur var \u00cdskar\u00edot og var \u00ed t\u00f6lu \u00feeirra t\u00f3lf. 4 Hann f\u00f3r og r\u00e6ddi vi\u00f0 \u00e6\u00f0stu prestana og var\u00f0foringjana um \u00fea\u00f0 hvernig hann skyldi framselja \u00feeim Jes\u00fa. 5 \u00deeir ur\u00f0u gla\u00f0ir vi\u00f0 og h\u00e9tu honum f\u00e9 fyrir. 6 Hann gekk a\u00f0 \u00fev\u00ed og leita\u00f0i f\u00e6ris a\u00f0 framselja hann \u00feeim \u00feegar f\u00f3lki\u00f0 v\u00e6ri fjarri. B\u00fai\u00f0 til p\u00e1skam\u00e1lt\u00ed\u00f0ar <a href=\"https:\/\/biblian.is\/biblian\/lukasargudspjall-22-kafli\/\"> [&#8230;]<\/a><\/p>\n","protected":false},"author":1,"featured_media":0,"parent":0,"menu_order":0,"comment_status":"open","ping_status":"open","template":"bibliukaflar_NT.php","meta":{"footnotes":""},"class_list":["post-2612","page","type-page","status-publish","hentry"],"_links":{"self":[{"href":"https:\/\/biblian.is\/biblian\/wp-json\/wp\/v2\/pages\/2612","targetHints":{"allow":["GET"]}}],"collection":[{"href":"https:\/\/biblian.is\/biblian\/wp-json\/wp\/v2\/pages"}],"about":[{"href":"https:\/\/biblian.is\/biblian\/wp-json\/wp\/v2\/types\/page"}],"author":[{"embeddable":true,"href":"https:\/\/biblian.is\/biblian\/wp-json\/wp\/v2\/users\/1"}],"replies":[{"embeddable":true,"href":"https:\/\/biblian.is\/biblian\/wp-json\/wp\/v2\/comments?post=2612"}],"version-history":[{"count":0,"href":"https:\/\/biblian.is\/biblian\/wp-json\/wp\/v2\/pages\/2612\/revisions"}],"wp:attachment":[{"href":"https:\/\/biblian.is\/biblian\/wp-json\/wp\/v2\/media?parent=2612"}],"curies":[{"name":"wp","href":"https:\/\/api.w.org\/{rel}","templated":true}]}}