{"id":2611,"date":"2017-12-30T21:03:55","date_gmt":"2017-12-30T21:03:55","guid":{"rendered":"http:\/\/biblian.is\/biblian\/l%c2%9ckasargu_spjall-21-kafli\/"},"modified":"2019-08-26T22:41:40","modified_gmt":"2019-08-26T22:41:40","slug":"lukasargudspjall-21-kafli","status":"publish","type":"page","link":"https:\/\/biblian.is\/biblian\/lukasargudspjall-21-kafli\/","title":{"rendered":"L\u00fakasargu\u00f0spjall 21. kafli"},"content":{"rendered":"<h3 class=\"millifyrirsogn_2007\"> Eyrir ekkjunnar<\/h3>\n<p><a name=\"1\"><span class=\"versanumer_2007\">1<\/span><\/a> \u00de\u00e1 leit Jes\u00fas upp og s\u00e1 au\u00f0menn leggja gjafir s\u00ednar \u00ed fj\u00e1rhirsluna. <a name=\"2\"><span class=\"versanumer_2007\">2<\/span><\/a> Hann s\u00e1 og ekkju eina f\u00e1t\u00e6ka leggja \u00fear tvo sm\u00e1peninga. <a name=\"3\"><span class=\"versanumer_2007\">3<\/span><\/a> \u00de\u00e1 sag\u00f0i hann: \u201e\u00c9g segi ykkur me\u00f0 sanni, \u00feessi f\u00e1t\u00e6ka ekkja gaf meira en allir hinir. <a name=\"4\"><span class=\"versanumer_2007\">4<\/span><\/a> Hinir allir l\u00f6g\u00f0u \u00ed sj\u00f3\u00f0inn af allsn\u00e6gtum s\u00ednum en h\u00fan gaf af skorti s\u00ednum, alla bj\u00f6rg s\u00edna.\u201c <\/p>\n<h3 class=\"millifyrirsogn_2007\">Ekki steinn yfir steini<\/h3>\n<p><a name=\"5\"><span class=\"versanumer_2007\">5<\/span><\/a> Einhverjir h\u00f6f\u00f0u or\u00f0 \u00e1 a\u00f0 helgid\u00f3murinn v\u00e6ri pr\u00fdddur f\u00f6grum steinum og heitgj\u00f6fum. \u00de\u00e1 sag\u00f0i Jes\u00fas: <a name=\"6\"><span class=\"versanumer_2007\">6<\/span><\/a> \u201e\u00deeir dagar koma a\u00f0 allt sem h\u00e9r blasir vi\u00f0 ver\u00f0ur lagt \u00ed r\u00fast, ekki steinn yfir steini eftir.\u201c <\/p>\n<h3 class=\"millifyrirsogn_2007\">G\u00e6ti\u00f0 y\u00f0ar<\/h3>\n<p><a name=\"7\"><span class=\"versanumer_2007\">7<\/span><\/a> En \u00feeir spur\u00f0u Jes\u00fa: \u201eMeistari, hven\u00e6r ver\u00f0ur \u00feetta? Og hvert mun t\u00e1kn \u00feess a\u00f0 \u00fea\u00f0 s\u00e9 a\u00f0 koma fram?\u201c <br \/> <a name=\"8\"><span class=\"versanumer_2007\">8<\/span><\/a> Hann svara\u00f0i: \u201eVarist a\u00f0 l\u00e1ta lei\u00f0a y\u00f0ur \u00ed villu. Margir munu koma \u00ed m\u00ednu nafni og segja: \u00dea\u00f0 er \u00e9g! og: T\u00edminn er \u00ed n\u00e1nd! Fylgi\u00f0 \u00feeim ekki. <a name=\"9\"><span class=\"versanumer_2007\">9<\/span><\/a> En \u00feegar \u00fe\u00e9r spyrji\u00f0 herna\u00f0 og upphlaup, \u00fe\u00e1 skelfist ekki. \u00deetta \u00e1 undan a\u00f0 fara en endirinn kemur ekki samstundis.\u201c <br \/> <a name=\"10\"><span class=\"versanumer_2007\">10<\/span><\/a> S\u00ed\u00f0an sag\u00f0i Jes\u00fas vi\u00f0 \u00fe\u00e1: \u201e\u00dej\u00f3\u00f0 mun r\u00edsa gegn \u00fej\u00f3\u00f0 og r\u00edki gegn r\u00edki, <a name=\"11\"><span class=\"versanumer_2007\">11<\/span><\/a> \u00fe\u00e1 ver\u00f0a landskj\u00e1lftar miklir og dreps\u00f3ttir og hungur \u00e1 \u00fdmsum st\u00f6\u00f0um en \u00f3gnir og t\u00e1kn mikil \u00e1 himni. <\/p>\n<h3 class=\"millifyrirsogn_2007\">T\u00e6kif\u00e6ri til vitnisbur\u00f0ar<\/h3>\n<p><a name=\"12\"><span class=\"versanumer_2007\">12<\/span><\/a> En \u00e1 undan \u00f6llu \u00feessu munu menn leggja hendur \u00e1 y\u00f0ur, ofs\u00e6kja y\u00f0ur, f\u00e6ra y\u00f0ur fyrir samkundur og \u00ed fangelsi og draga y\u00f0ur fyrir konunga og landsh\u00f6f\u00f0ingja sakir nafns m\u00edns. <a name=\"13\"><span class=\"versanumer_2007\">13<\/span><\/a> \u00deetta veitir y\u00f0ur t\u00e6kif\u00e6ri til a\u00f0 bera m\u00e9r vitni. <a name=\"14\"><span class=\"versanumer_2007\">14<\/span><\/a> En festi\u00f0 \u00fea\u00f0 vel \u00ed huga a\u00f0 vera ekki fyrir fram a\u00f0 hugsa um hvernig \u00fe\u00e9r eigi\u00f0 a\u00f0 verjast <a name=\"15\"><span class=\"versanumer_2007\">15<\/span><\/a> \u00fev\u00ed \u00e9g mun gefa y\u00f0ur or\u00f0 og visku sem engir m\u00f3tst\u00f6\u00f0umenn y\u00f0ar f\u00e1 sta\u00f0i\u00f0 \u00ed gegn n\u00e9 hraki\u00f0. <a name=\"16\"><span class=\"versanumer_2007\">16<\/span><\/a> Jafnvel foreldrar, systkin, fr\u00e6ndf\u00f3lk og vinir munu framselja y\u00f0ur og sumir y\u00f0ar munu l\u00edfl\u00e1tnir. <a name=\"17\"><span class=\"versanumer_2007\">17<\/span><\/a> Og allir munu hata y\u00f0ur af \u00fev\u00ed a\u00f0 \u00fe\u00e9r tr\u00fai\u00f0 \u00e1 mig <a name=\"18\"><span class=\"versanumer_2007\">18<\/span><\/a> en ekki mun t\u00fdnast eitt h\u00e1r \u00e1 h\u00f6f\u00f0i y\u00f0ar. <a name=\"19\"><span class=\"versanumer_2007\">19<\/span><\/a> Veri\u00f0 \u00ferautseigir, me\u00f0 \u00fev\u00ed munu\u00f0 \u00fe\u00e9r \u00e1vinna l\u00edfi\u00f0. <\/p>\n<h3 class=\"millifyrirsogn_2007\">T\u00e1kn<\/h3>\n<p><a name=\"20\"><span class=\"versanumer_2007\">20<\/span><\/a> En \u00feegar \u00fe\u00e9r sj\u00e1i\u00f0 herfylkingar umkringja Jer\u00fasalem, \u00fe\u00e1 viti\u00f0 a\u00f0 ey\u00f0ing hennar er \u00ed n\u00e1nd. <a name=\"21\"><span class=\"versanumer_2007\">21<\/span><\/a> \u00de\u00e1 fl\u00fdi \u00feau sem \u00ed J\u00fadeu eru til fjalla, \u00feau sem \u00ed borginni eru flytjist burt og \u00feau sem eru \u00e1 ekrum \u00fati fari ekki inn \u00ed hana. <a name=\"22\"><span class=\"versanumer_2007\">22<\/span><\/a> \u00dev\u00ed \u00feetta eru refsingardagar, \u00fe\u00e1 er allt \u00fea\u00f0 r\u00e6tist sem rita\u00f0 er. <a name=\"23\"><span class=\"versanumer_2007\">23<\/span><\/a> Vei \u00feeim sem \u00feunga\u00f0ar eru e\u00f0a b\u00f6rn hafa \u00e1 brj\u00f3sti \u00e1 \u00feeim d\u00f6gum \u00fev\u00ed a\u00f0 mikil ney\u00f0 mun \u00fe\u00e1 ver\u00f0a \u00ed landinu og rei\u00f0i yfir \u00feessum l\u00fd\u00f0. <a name=\"24\"><span class=\"versanumer_2007\">24<\/span><\/a> Menn munu falla fyrir sver\u00f0seggjum og ver\u00f0a herleiddir til allra \u00fej\u00f3\u00f0a og framandi \u00fej\u00f3\u00f0ir munu f\u00f3tum tro\u00f0a Jer\u00fasalem \u00fear til t\u00edmar hei\u00f0ingjanna eru li\u00f0nir. <\/p>\n<h3 class=\"millifyrirsogn_2007\">Mannssonurinn kemur<\/h3>\n<p><a name=\"25\"><span class=\"versanumer_2007\">25<\/span><\/a> T\u00e1kn munu ver\u00f0a \u00e1 s\u00f3lu, tungli og stj\u00f6rnum og \u00e1 j\u00f6r\u00f0u angist \u00fej\u00f3\u00f0a, r\u00e1\u00f0alausra vi\u00f0 dunur hafs og brimgn\u00fd. <a name=\"26\"><span class=\"versanumer_2007\">26<\/span><\/a> Menn munu falla \u00ed \u00f6ngvit af \u00f3tta og kv\u00ed\u00f0a fyrir \u00fev\u00ed er koma mun yfir heimsbygg\u00f0ina \u00fev\u00ed a\u00f0 kraftar himnanna munu ri\u00f0last. <a name=\"27\"><span class=\"versanumer_2007\">27<\/span><\/a> \u00de\u00e1 munu menn sj\u00e1 Mannssoninn koma \u00ed sk\u00fdi me\u00f0 m\u00e6tti og mikilli d\u00fdr\u00f0. <a name=\"28\"><span class=\"versanumer_2007\">28<\/span><\/a> En \u00feegar \u00feetta tekur a\u00f0 koma fram, \u00fe\u00e1 r\u00e9tti\u00f0 \u00far y\u00f0ur og beri\u00f0 h\u00f6fu\u00f0i\u00f0 h\u00e1tt \u00fev\u00ed a\u00f0 lausn y\u00f0ar er \u00ed n\u00e1nd.\u201c <\/p>\n<h3 class=\"millifyrirsogn_2007\">G\u00e6ti\u00f0 a\u00f0 f\u00edkjutr\u00e9nu<\/h3>\n<p><a name=\"29\"><span class=\"versanumer_2007\">29<\/span><\/a> Jes\u00fas sag\u00f0i \u00feeim og l\u00edkingu: \u201eG\u00e6ti\u00f0 a\u00f0 f\u00edkjutr\u00e9nu og \u00f6\u00f0rum trj\u00e1m. <a name=\"30\"><span class=\"versanumer_2007\">30<\/span><\/a> \u00deegar \u00fe\u00e9r sj\u00e1i\u00f0 \u00feau farin a\u00f0 bruma, \u00fe\u00e1 viti\u00f0 \u00fe\u00e9r af sj\u00e1lfum y\u00f0ur a\u00f0 sumari\u00f0 er \u00ed n\u00e1nd. <a name=\"31\"><span class=\"versanumer_2007\">31<\/span><\/a> Eins skulu\u00f0 \u00fe\u00e9r vita, \u00feegar \u00fe\u00e9r sj\u00e1i\u00f0 \u00feetta ver\u00f0a, a\u00f0 Gu\u00f0s r\u00edki er \u00ed n\u00e1nd. <br \/> <a name=\"32\"><span class=\"versanumer_2007\">32<\/span><\/a> Sannlega segi \u00e9g y\u00f0ur: \u00deessi kynsl\u00f3\u00f0 mun ekki l\u00ed\u00f0a undir lok uns allt er komi\u00f0 fram. <a name=\"33\"><span class=\"versanumer_2007\">33<\/span><\/a> Himinn og j\u00f6r\u00f0 munu l\u00ed\u00f0a undir lok en or\u00f0 m\u00edn munu aldrei undir lok l\u00ed\u00f0a. <\/p>\n<h3 class=\"millifyrirsogn_2007\">Vaki\u00f0 og bi\u00f0ji\u00f0<\/h3>\n<p><a name=\"34\"><span class=\"versanumer_2007\">34<\/span><\/a> Hafi\u00f0 g\u00e1t \u00e1 sj\u00e1lfum y\u00f0ur, l\u00e1ti\u00f0 ekki svall og drykkju e\u00f0a \u00e1hyggjur \u00feessa l\u00edfs n\u00e1 t\u00f6kum \u00e1 y\u00f0ur svo a\u00f0 s\u00e1 dagur komi ekki skyndilega yfir y\u00f0ur <a name=\"35\"><span class=\"versanumer_2007\">35<\/span><\/a> eins og snara. En hann mun koma yfir alla menn sem byggja gj\u00f6rvalla j\u00f6r\u00f0. <a name=\"36\"><span class=\"versanumer_2007\">36<\/span><\/a> Vaki\u00f0 \u00fev\u00ed allar stundir og bi\u00f0ji\u00f0 svo a\u00f0 \u00fe\u00e9r megi\u00f0 umfl\u00fdja allt \u00feetta sem koma \u00e1 og standast frammi fyrir Mannssyninum.\u201c <br \/> <a name=\"37\"><span class=\"versanumer_2007\">37<\/span><\/a> \u00c1 daginn var Jes\u00fas a\u00f0 kenna \u00ed helgid\u00f3minum en f\u00f3r og dvaldist um n\u00e6tur \u00e1 Ol\u00edufjallinu sem svo er nefnt. <a name=\"38\"><span class=\"versanumer_2007\">38<\/span><\/a> Og allt f\u00f3lki\u00f0 kom \u00e1rla \u00e1 morgnana til hans \u00ed helgid\u00f3minn a\u00f0 hl\u00fd\u00f0a \u00e1 hann. <\/p>\n","protected":false},"excerpt":{"rendered":"<p>Eyrir ekkjunnar 1 \u00de\u00e1 leit Jes\u00fas upp og s\u00e1 au\u00f0menn leggja gjafir s\u00ednar \u00ed fj\u00e1rhirsluna. 2 Hann s\u00e1 og ekkju eina f\u00e1t\u00e6ka leggja \u00fear tvo sm\u00e1peninga. 3 \u00de\u00e1 sag\u00f0i hann: \u201e\u00c9g segi ykkur me\u00f0 sanni, \u00feessi f\u00e1t\u00e6ka ekkja gaf meira en allir hinir. 4 Hinir allir l\u00f6g\u00f0u \u00ed sj\u00f3\u00f0inn af allsn\u00e6gtum s\u00ednum en h\u00fan gaf af skorti s\u00ednum, alla bj\u00f6rg s\u00edna.\u201c Ekki steinn yfir steini 5 Einhverjir h\u00f6f\u00f0u or\u00f0 \u00e1 a\u00f0 helgid\u00f3murinn v\u00e6ri pr\u00fdddur f\u00f6grum steinum og heitgj\u00f6fum. \u00de\u00e1 sag\u00f0i Jes\u00fas: 6 \u201e\u00deeir dagar koma a\u00f0 allt sem h\u00e9r blasir vi\u00f0 ver\u00f0ur lagt \u00ed r\u00fast, ekki steinn yfir steini eftir.\u201c <a href=\"https:\/\/biblian.is\/biblian\/lukasargudspjall-21-kafli\/\"> [&#8230;]<\/a><\/p>\n","protected":false},"author":1,"featured_media":0,"parent":0,"menu_order":0,"comment_status":"open","ping_status":"open","template":"bibliukaflar_NT.php","meta":{"footnotes":""},"class_list":["post-2611","page","type-page","status-publish","hentry"],"_links":{"self":[{"href":"https:\/\/biblian.is\/biblian\/wp-json\/wp\/v2\/pages\/2611","targetHints":{"allow":["GET"]}}],"collection":[{"href":"https:\/\/biblian.is\/biblian\/wp-json\/wp\/v2\/pages"}],"about":[{"href":"https:\/\/biblian.is\/biblian\/wp-json\/wp\/v2\/types\/page"}],"author":[{"embeddable":true,"href":"https:\/\/biblian.is\/biblian\/wp-json\/wp\/v2\/users\/1"}],"replies":[{"embeddable":true,"href":"https:\/\/biblian.is\/biblian\/wp-json\/wp\/v2\/comments?post=2611"}],"version-history":[{"count":0,"href":"https:\/\/biblian.is\/biblian\/wp-json\/wp\/v2\/pages\/2611\/revisions"}],"wp:attachment":[{"href":"https:\/\/biblian.is\/biblian\/wp-json\/wp\/v2\/media?parent=2611"}],"curies":[{"name":"wp","href":"https:\/\/api.w.org\/{rel}","templated":true}]}}