{"id":2610,"date":"2017-12-30T21:03:55","date_gmt":"2017-12-30T21:03:55","guid":{"rendered":"http:\/\/biblian.is\/biblian\/l%c2%9ckasargu_spjall-20-kafli\/"},"modified":"2019-08-26T22:41:39","modified_gmt":"2019-08-26T22:41:39","slug":"lukasargudspjall-20-kafli","status":"publish","type":"page","link":"https:\/\/biblian.is\/biblian\/lukasargudspjall-20-kafli\/","title":{"rendered":"L\u00fakasargu\u00f0spjall 20. kafli"},"content":{"rendered":"<h3 class=\"millifyrirsogn_2007\"> Me\u00f0 hva\u00f0a valdi?<\/h3>\n<p><a name=\"1\"><span class=\"versanumer_2007\">1<\/span><\/a> Eitt sinn var Jes\u00fas a\u00f0 kenna f\u00f3lkinu \u00ed helgid\u00f3minum og flutti fagna\u00f0arerindi\u00f0. \u00de\u00e1 gengu \u00e6\u00f0stu prestarnir og fr\u00e6\u00f0imennirnir \u00e1samt \u00f6ldungunum til hans <a name=\"2\"><span class=\"versanumer_2007\">2<\/span><\/a> og s\u00f6g\u00f0u: \u201eSeg \u00fe\u00fa okkur, me\u00f0 hva\u00f0a valdi gerir \u00fe\u00fa \u00feetta? Hver hefur gefi\u00f0 \u00fe\u00e9r \u00feetta vald?\u201c <br \/> <a name=\"3\"><span class=\"versanumer_2007\">3<\/span><\/a> Hann svara\u00f0i \u00feeim: \u201e\u00c9g vil og leggja spurningu fyrir ykkur. Segi\u00f0 m\u00e9r: <a name=\"4\"><span class=\"versanumer_2007\">4<\/span><\/a> Hver f\u00f3l J\u00f3hannesi a\u00f0 sk\u00edra, var \u00fea\u00f0 Gu\u00f0 e\u00f0a voru \u00fea\u00f0 menn?\u201c <br \/> <a name=\"5\"><span class=\"versanumer_2007\">5<\/span><\/a> \u00deeir r\u00e1\u00f0gu\u00f0ust hver vi\u00f0 annan um \u00feetta og s\u00f6g\u00f0u: \u201eEf vi\u00f0 sv\u00f6rum: \u00dea\u00f0 var Gu\u00f0, spyr hann: Hv\u00ed tr\u00fa\u00f0u\u00f0 \u00fei\u00f0 honum \u00fe\u00e1 ekki? <a name=\"6\"><span class=\"versanumer_2007\">6<\/span><\/a> Ef vi\u00f0 sv\u00f6rum: \u00dea\u00f0 voru menn, mun allt f\u00f3lki\u00f0 gr\u00fdta okkur \u00fev\u00ed a\u00f0 menn eru sannf\u00e6r\u00f0ir um a\u00f0 J\u00f3hannes s\u00e9 sp\u00e1ma\u00f0ur.\u201c <a name=\"7\"><span class=\"versanumer_2007\">7<\/span><\/a> \u00deeir kv\u00e1\u00f0ust \u00fev\u00ed ekki vita hver f\u00f3l honum \u00fea\u00f0. <br \/> <a name=\"8\"><span class=\"versanumer_2007\">8<\/span><\/a> Jes\u00fas sag\u00f0i vi\u00f0 \u00fe\u00e1: \u201e\u00c9g segi ykkur \u00fe\u00e1 ekki heldur hver f\u00f3l m\u00e9r a\u00f0 gera \u00feetta.\u201c <\/p>\n<h3 class=\"millifyrirsogn_2007\">Vondir v\u00ednyrkjar<\/h3>\n<p><a name=\"9\"><span class=\"versanumer_2007\">9<\/span><\/a> Og Jes\u00fas t\u00f3k a\u00f0 segja f\u00f3lkinu d\u00e6mis\u00f6gu \u00feessa: \u201eMa\u00f0ur nokkur planta\u00f0i v\u00edngar\u00f0 og seldi hann v\u00ednyrkjum \u00e1 leigu, f\u00f3r s\u00ed\u00f0an \u00far landi til langdvala. <a name=\"10\"><span class=\"versanumer_2007\">10<\/span><\/a> \u00c1 settum t\u00edma sendi hann \u00fej\u00f3n til v\u00ednyrkjanna a\u00f0 \u00feeir fengju honum hlut af \u00e1vexti v\u00edngar\u00f0sins en v\u00ednyrkjarnir b\u00f6r\u00f0u hann og sendu burt t\u00f3mhentan. <a name=\"11\"><span class=\"versanumer_2007\">11<\/span><\/a> Aftur sendi hann annan \u00fej\u00f3n. \u00deeir b\u00f6r\u00f0u hann einnig og sv\u00edvirtu og sendu burt t\u00f3mhentan. <a name=\"12\"><span class=\"versanumer_2007\">12<\/span><\/a> Og enn sendi hann hinn \u00feri\u00f0ja en \u00feeir veittu honum einnig \u00e1verka og k\u00f6stu\u00f0u honum \u00fat. <a name=\"13\"><span class=\"versanumer_2007\">13<\/span><\/a> \u00de\u00e1 sag\u00f0i eigandi v\u00edngar\u00f0sins: Hva\u00f0 \u00e1 \u00e9g a\u00f0 gera? \u00c9g sendi son minn elska\u00f0an. M\u00e1 vera \u00feeir vir\u00f0i hann. <a name=\"14\"><span class=\"versanumer_2007\">14<\/span><\/a> En er v\u00ednyrkjarnir s\u00e1u hann b\u00e1ru \u00feeir saman r\u00e1\u00f0 s\u00edn og s\u00f6g\u00f0u: \u00deetta er erfinginn. Drepum hann, \u00fe\u00e1 f\u00e1um vi\u00f0 arfinn. <a name=\"15\"><span class=\"versanumer_2007\">15<\/span><\/a> Og \u00feeir k\u00f6stu\u00f0u honum \u00fat fyrir v\u00edngar\u00f0inn og dr\u00e1pu hann. <br \/>Hva\u00f0 mun n\u00fa eigandi v\u00edngar\u00f0sins gera vi\u00f0 \u00fe\u00e1? <a name=\"16\"><span class=\"versanumer_2007\">16<\/span><\/a> Hann mun koma, tort\u00edma v\u00ednyrkjum \u00feessum og f\u00e1 \u00f6\u00f0rum v\u00edngar\u00f0inn.\u201c <br \/>\u00deegar \u00feeir heyr\u00f0u \u00feetta s\u00f6g\u00f0u \u00feeir: \u201eVer\u00f0i \u00fea\u00f0 aldrei.\u201c <br \/> <a name=\"17\"><span class=\"versanumer_2007\">17<\/span><\/a> Jes\u00fas horf\u00f0i \u00e1 f\u00f3lki\u00f0 og m\u00e6lti: \u201eHva\u00f0 merkir \u00fe\u00e1 ritning \u00feessi: <br \/> <span class=\"ljodatexti\"> Steinninn sem smi\u00f0irnir h\u00f6fnu\u00f0u <br \/>er or\u00f0inn a\u00f0 hyrningarsteini. <br \/> <\/span> <span class=\"ljodatexti\"> <a name=\"18\"><span class=\"versanumer_ljod\">18<\/span><\/a>Hver sem fellur \u00e1 \u00feennan stein mun sundur molast <br \/>og \u00feann sem hann fellur \u00e1 mun hann sundur merja.\u201c <\/span> <br \/> <a name=\"19\"><span class=\"versanumer_2007\">19<\/span><\/a> Fr\u00e6\u00f0imennirnir og \u00e6\u00f0stu prestarnir vildu leggja hendur \u00e1 hann \u00e1 s\u00f6mu stundu en \u00f3ttu\u00f0ust f\u00f3lki\u00f0. \u00deeir skildu a\u00f0 hann \u00e1tti vi\u00f0 \u00fe\u00e1 me\u00f0 d\u00e6mis\u00f6gu \u00feessari. <\/p>\n<h3 class=\"millifyrirsogn_2007\">Keisarinn og Gu\u00f0<\/h3>\n<p><a name=\"20\"><span class=\"versanumer_2007\">20<\/span><\/a> \u00deeir h\u00f6f\u00f0u g\u00e6tur \u00e1 Jes\u00fa og sendu nj\u00f3snarmenn er l\u00e9tust vera einl\u00e6gir. \u00deeir \u00e1ttu a\u00f0 l\u00e1ta hann tala af s\u00e9r svo a\u00f0 \u00feeir m\u00e6ttu framselja hann \u00ed hendur og \u00e1 vald landstj\u00f3rans. <a name=\"21\"><span class=\"versanumer_2007\">21<\/span><\/a> \u00deeir spur\u00f0u hann: \u201eMeistari, vi\u00f0 vitum a\u00f0 \u00fe\u00fa talar og kennir r\u00e9tt og gerir \u00fe\u00e9r engan mannamun heldur kennir Gu\u00f0s veg \u00ed sannleika. <a name=\"22\"><span class=\"versanumer_2007\">22<\/span><\/a> Leyfist okkur a\u00f0 gjalda keisaranum skatt e\u00f0a ekki?\u201c <br \/> <a name=\"23\"><span class=\"versanumer_2007\">23<\/span><\/a> En hann merkti fl\u00e6r\u00f0 \u00feeirra og sag\u00f0i vi\u00f0 \u00fe\u00e1: <a name=\"24\"><span class=\"versanumer_2007\">24<\/span><\/a> \u201eS\u00fdni\u00f0 m\u00e9r denar. Hvers mynd og nafn er skr\u00e1\u00f0 \u00e1 hann?\u201c <br \/>\u00deeir s\u00f6g\u00f0u: \u201eKeisarans.\u201c <br \/> <a name=\"25\"><span class=\"versanumer_2007\">25<\/span><\/a> En hann sag\u00f0i vi\u00f0 \u00fe\u00e1: \u201eGjaldi\u00f0 \u00fe\u00e1 keisaranum \u00fea\u00f0 sem keisarans er og Gu\u00f0i \u00fea\u00f0 sem Gu\u00f0s er.\u201c <br \/> <a name=\"26\"><span class=\"versanumer_2007\">26<\/span><\/a> Og \u00feeir g\u00e1tu ekki l\u00e1ti\u00f0 hann tala af s\u00e9r \u00ed \u00e1heyrn f\u00f3lksins en undru\u00f0ust svar hans og \u00fe\u00f6g\u00f0u. <\/p>\n<h3 class=\"millifyrirsogn_2007\">Gu\u00f0 lifenda<\/h3>\n<p><a name=\"27\"><span class=\"versanumer_2007\">27<\/span><\/a> \u00de\u00e1 komu nokkrir sadd\u00fakear, en \u00feeir neita \u00fev\u00ed a\u00f0 upprisa s\u00e9 til, og s\u00f6g\u00f0u vi\u00f0 Jes\u00fa: <a name=\"28\"><span class=\"versanumer_2007\">28<\/span><\/a> \u201eMeistari, M\u00f3se segir okkur \u00ed ritningunum a\u00f0 deyi ma\u00f0ur kv\u00e6ntur en barnlaus skuli br\u00f3\u00f0ir hans ganga a\u00f0 eiga ekkjuna og vekja honum ni\u00f0ja. <a name=\"29\"><span class=\"versanumer_2007\">29<\/span><\/a> N\u00fa voru sj\u00f6 br\u00e6\u00f0ur. S\u00e1 fyrsti t\u00f3k s\u00e9r konu og d\u00f3 barnlaus. <a name=\"30\"><span class=\"versanumer_2007\">30<\/span><\/a> Gekk \u00fe\u00e1 annar br\u00f3\u00f0irinn <a name=\"31\"><span class=\"versanumer_2007\">31<\/span><\/a> og s\u00ed\u00f0an hinn \u00feri\u00f0ji a\u00f0 eiga hana og eins allir sj\u00f6 og l\u00e9tu \u00feeir engin b\u00f6rn eftir sig er \u00feeir d\u00f3u. <a name=\"32\"><span class=\"versanumer_2007\">32<\/span><\/a> S\u00ed\u00f0ast d\u00f3 og konan. <a name=\"33\"><span class=\"versanumer_2007\">33<\/span><\/a> Kona hvers \u00feeirra ver\u00f0ur h\u00fan \u00ed upprisunni? Allir sj\u00f6 h\u00f6f\u00f0u \u00feeir \u00e1tt hana.\u201c <br \/> <a name=\"34\"><span class=\"versanumer_2007\">34<\/span><\/a> Jes\u00fas svara\u00f0i \u00feeim: \u201eB\u00f6rn \u00feessarar aldar kv\u00e6nast og giftast <a name=\"35\"><span class=\"versanumer_2007\">35<\/span><\/a> en \u00feau sem \u00feykja \u00feess ver\u00f0 a\u00f0 r\u00edsa upp fr\u00e1 dau\u00f0um og lifa \u00ed komandi ver\u00f6ld kv\u00e6nast hvorki n\u00e9 giftast. <a name=\"36\"><span class=\"versanumer_2007\">36<\/span><\/a> \u00deau geta ekki heldur d\u00e1i\u00f0 framar, \u00feau eru englum j\u00f6fn, \u00feau eru risin fr\u00e1 dau\u00f0um og eru b\u00f6rn Gu\u00f0s. <a name=\"37\"><span class=\"versanumer_2007\">37<\/span><\/a> En a\u00f0 dau\u00f0ir r\u00edsi upp, \u00fea\u00f0 hefur jafnvel M\u00f3se s\u00fdnt \u00ed s\u00f6gunni um \u00feyrnirunninn er hann kallar Drottin Gu\u00f0 Abrahams, Gu\u00f0 \u00cdsaks og Gu\u00f0 Jakobs. <a name=\"38\"><span class=\"versanumer_2007\">38<\/span><\/a> Ekki er hann Gu\u00f0 dau\u00f0ra, heldur lifenda \u00fev\u00ed a\u00f0 honum lifa allir.\u201c <br \/> <a name=\"39\"><span class=\"versanumer_2007\">39<\/span><\/a> \u00de\u00e1 s\u00f6g\u00f0u nokkrir fr\u00e6\u00f0imannanna: \u201eVel m\u00e6lt, meistari.\u201c <a name=\"40\"><span class=\"versanumer_2007\">40<\/span><\/a> En \u00feeir \u00feor\u00f0u ekki framar a\u00f0 spyrja hann neins. <\/p>\n<h3 class=\"millifyrirsogn_2007\">Kristur er Drottinn<\/h3>\n<p><a name=\"41\"><span class=\"versanumer_2007\">41<\/span><\/a> Jes\u00fas sag\u00f0i vi\u00f0 \u00fe\u00e1: \u201eHvernig geta menn sagt a\u00f0 Kristur s\u00e9 sonur Dav\u00ed\u00f0s? <a name=\"42\"><span class=\"versanumer_2007\">42<\/span><\/a> Dav\u00ed\u00f0 segir sj\u00e1lfur \u00ed S\u00e1lmunum:<br \/> <span class=\"ljodatexti\"> Drottinn sag\u00f0i vi\u00f0 minn drottin: <br \/>Set \u00feig m\u00e9r til h\u00e6gri handar <br \/> <\/span> <span class=\"ljodatexti\"> <a name=\"43\"><span class=\"versanumer_ljod\">43<\/span><\/a> \u00feanga\u00f0 til \u00e9g geri \u00f3vini \u00fe\u00edna a\u00f0 f\u00f3tsk\u00f6r \u00feinni. <\/span> <br \/> <a name=\"44\"><span class=\"versanumer_2007\">44<\/span><\/a> Dav\u00ed\u00f0 kallar hann drottin, hvernig getur hann \u00fe\u00e1 veri\u00f0 sonur hans?\u201c <\/p>\n<h3 class=\"millifyrirsogn_2007\">Vi\u00f0v\u00f6run<\/h3>\n<p><a name=\"45\"><span class=\"versanumer_2007\">45<\/span><\/a> Jes\u00fas sag\u00f0i vi\u00f0 l\u00e6risveina s\u00edna \u00ed \u00e1heyrn alls f\u00f3lksins: <a name=\"46\"><span class=\"versanumer_2007\">46<\/span><\/a> \u201eVarist fr\u00e6\u00f0imennina sem f\u00fdsir a\u00f0 ganga \u00ed s\u00ed\u00f0skikkjum og er lj\u00faft a\u00f0 l\u00e1ta heilsa s\u00e9r \u00e1 torgum, vilja skipa \u00e6\u00f0sta bekk \u00ed samkundum og hef\u00f0ars\u00e6ti \u00ed veislum. <a name=\"47\"><span class=\"versanumer_2007\">47<\/span><\/a> \u00deeir mergsj\u00faga ekkjur og hafa af \u00feeim heimili \u00feeirra en flytja langar b\u00e6nir a\u00f0 yfirskini. \u00deeir munu f\u00e1 \u00fev\u00ed \u00feyngri d\u00f3m.\u201c <\/p>\n","protected":false},"excerpt":{"rendered":"<p>Me\u00f0 hva\u00f0a valdi? 1 Eitt sinn var Jes\u00fas a\u00f0 kenna f\u00f3lkinu \u00ed helgid\u00f3minum og flutti fagna\u00f0arerindi\u00f0. \u00de\u00e1 gengu \u00e6\u00f0stu prestarnir og fr\u00e6\u00f0imennirnir \u00e1samt \u00f6ldungunum til hans 2 og s\u00f6g\u00f0u: \u201eSeg \u00fe\u00fa okkur, me\u00f0 hva\u00f0a valdi gerir \u00fe\u00fa \u00feetta? Hver hefur gefi\u00f0 \u00fe\u00e9r \u00feetta vald?\u201c 3 Hann svara\u00f0i \u00feeim: \u201e\u00c9g vil og leggja spurningu fyrir ykkur. Segi\u00f0 m\u00e9r: 4 Hver f\u00f3l J\u00f3hannesi a\u00f0 sk\u00edra, var \u00fea\u00f0 Gu\u00f0 e\u00f0a voru \u00fea\u00f0 menn?\u201c 5 \u00deeir r\u00e1\u00f0gu\u00f0ust hver vi\u00f0 annan um \u00feetta og s\u00f6g\u00f0u: \u201eEf vi\u00f0 sv\u00f6rum: \u00dea\u00f0 var Gu\u00f0, spyr hann: Hv\u00ed tr\u00fa\u00f0u\u00f0 \u00fei\u00f0 honum \u00fe\u00e1 ekki? 6 Ef vi\u00f0 sv\u00f6rum: \u00dea\u00f0 voru <a href=\"https:\/\/biblian.is\/biblian\/lukasargudspjall-20-kafli\/\"> [&#8230;]<\/a><\/p>\n","protected":false},"author":1,"featured_media":0,"parent":0,"menu_order":0,"comment_status":"open","ping_status":"open","template":"bibliukaflar_NT.php","meta":{"footnotes":""},"class_list":["post-2610","page","type-page","status-publish","hentry"],"_links":{"self":[{"href":"https:\/\/biblian.is\/biblian\/wp-json\/wp\/v2\/pages\/2610","targetHints":{"allow":["GET"]}}],"collection":[{"href":"https:\/\/biblian.is\/biblian\/wp-json\/wp\/v2\/pages"}],"about":[{"href":"https:\/\/biblian.is\/biblian\/wp-json\/wp\/v2\/types\/page"}],"author":[{"embeddable":true,"href":"https:\/\/biblian.is\/biblian\/wp-json\/wp\/v2\/users\/1"}],"replies":[{"embeddable":true,"href":"https:\/\/biblian.is\/biblian\/wp-json\/wp\/v2\/comments?post=2610"}],"version-history":[{"count":0,"href":"https:\/\/biblian.is\/biblian\/wp-json\/wp\/v2\/pages\/2610\/revisions"}],"wp:attachment":[{"href":"https:\/\/biblian.is\/biblian\/wp-json\/wp\/v2\/media?parent=2610"}],"curies":[{"name":"wp","href":"https:\/\/api.w.org\/{rel}","templated":true}]}}