{"id":2608,"date":"2017-12-30T21:03:55","date_gmt":"2017-12-30T21:03:55","guid":{"rendered":"http:\/\/biblian.is\/biblian\/l%c2%9ckasargu_spjall-18-kafli\/"},"modified":"2019-08-26T22:41:39","modified_gmt":"2019-08-26T22:41:39","slug":"lukasargudspjall-18-kafli","status":"publish","type":"page","link":"https:\/\/biblian.is\/biblian\/lukasargudspjall-18-kafli\/","title":{"rendered":"L\u00fakasargu\u00f0spjall 18. kafli"},"content":{"rendered":"<h3 class=\"millifyrirsogn_2007\"> Eigi \u00fereytast a\u00f0 bi\u00f0ja<\/h3>\n<p><a name=\"1\"><span class=\"versanumer_2007\">1<\/span><\/a> \u00de\u00e1 sag\u00f0i Jes\u00fas \u00feeim d\u00e6mis\u00f6gu um \u00fea\u00f0 hvernig \u00feeir skyldu st\u00f6\u00f0ugt bi\u00f0ja og eigi \u00fereytast: <a name=\"2\"><span class=\"versanumer_2007\">2<\/span><\/a> \u201e\u00cd borg einni var d\u00f3mari sem hvorki \u00f3tta\u00f0ist Gu\u00f0 n\u00e9 skeytti um nokkurn mann. <a name=\"3\"><span class=\"versanumer_2007\">3<\/span><\/a> \u00cd s\u00f6mu borg var ekkja sem kom einl\u00e6gt til hans og sag\u00f0i: L\u00e1t \u00fe\u00fa mig n\u00e1 r\u00e9tti \u00e1 m\u00f3tst\u00f6\u00f0umanni m\u00ednum. <a name=\"4\"><span class=\"versanumer_2007\">4<\/span><\/a> \u00dea\u00f0 vildi hann ekki lengi vel. En a\u00f0 lokum sag\u00f0i hann vi\u00f0 sj\u00e1lfan sig: Ekki \u00f3ttast \u00e9g Gu\u00f0 a\u00f0 s\u00f6nnu n\u00e9 skeyti um nokkurn mann. <a name=\"5\"><span class=\"versanumer_2007\">5<\/span><\/a> En \u00feessi ekkja l\u00e6tur mig aldrei \u00ed fri\u00f0i. \u00dev\u00ed vil \u00e9g r\u00e9tta hlut hennar \u00e1\u00f0ur en h\u00fan gerir \u00fat af vi\u00f0 mig me\u00f0 nau\u00f0i s\u00ednu.\u201c <br \/> <a name=\"6\"><span class=\"versanumer_2007\">6<\/span><\/a> Og Drottinn m\u00e6lti: \u201eHeyri\u00f0 hva\u00f0 rangl\u00e1ti d\u00f3marinn segir. <a name=\"7\"><span class=\"versanumer_2007\">7<\/span><\/a> Mun Gu\u00f0 \u00fe\u00e1 ekki r\u00e9tta hlut sinna \u00fatv\u00f6ldu sem hr\u00f3pa til hans dag og n\u00f3tt? Mun hann draga a\u00f0 hj\u00e1lpa \u00feeim? <a name=\"8\"><span class=\"versanumer_2007\">8<\/span><\/a> \u00c9g segi y\u00f0ur: Hann mun skj\u00f3tt r\u00e9tta hlut \u00feeirra. En mun Mannssonurinn finna tr\u00fana \u00e1 j\u00f6r\u00f0u \u00feegar hann kemur?\u201c <\/p>\n<h3 class=\"millifyrirsogn_2007\">Far\u00edsei og tollheimtuma\u00f0ur<\/h3>\n<p><a name=\"9\"><span class=\"versanumer_2007\">9<\/span><\/a> Jes\u00fas sag\u00f0i l\u00edka d\u00e6mis\u00f6gu \u00feessa vi\u00f0 nokkra \u00fe\u00e1 er treystu \u00fev\u00ed a\u00f0 sj\u00e1lfir v\u00e6ru \u00feeir r\u00e9ttl\u00e1tir en fyrirlitu a\u00f0ra: <a name=\"10\"><span class=\"versanumer_2007\">10<\/span><\/a> \u201eTveir menn f\u00f3ru upp \u00ed helgid\u00f3minn a\u00f0 bi\u00f0jast fyrir. Annar var far\u00edsei, hinn tollheimtuma\u00f0ur. <br \/> <a name=\"11\"><span class=\"versanumer_2007\">11<\/span><\/a> Far\u00edseinn st\u00e9 fram og ba\u00f0st \u00feannig fyrir: Gu\u00f0, \u00e9g \u00feakka \u00fe\u00e9r a\u00f0 \u00e9g er ekki eins og a\u00f0rir menn, r\u00e6ningjar, rangl\u00e1tir, h\u00f3rkarlar e\u00f0a \u00fe\u00e1 eins og \u00feessi tollheimtuma\u00f0ur. <a name=\"12\"><span class=\"versanumer_2007\">12<\/span><\/a> \u00c9g fasta tvisvar \u00ed viku og geld t\u00edund af \u00f6llu sem \u00e9g eignast. <br \/> <a name=\"13\"><span class=\"versanumer_2007\">13<\/span><\/a> En tollheimtuma\u00f0urinn st\u00f3\u00f0 langt fr\u00e1 og vildi ekki einu sinni hefja augu s\u00edn til himins heldur bar\u00f0i s\u00e9r \u00e1 brj\u00f3st og sag\u00f0i: Gu\u00f0, vertu m\u00e9r syndugum l\u00edknsamur! <a name=\"14\"><span class=\"versanumer_2007\">14<\/span><\/a> \u00c9g segi y\u00f0ur: Tollheimtuma\u00f0urinn f\u00f3r heim til s\u00edn s\u00e1ttur vi\u00f0 Gu\u00f0,<span class=\"nedan_mal\" title=\" Or\u00f0r\u00e9tt: f\u00f3r r\u00e9ttl\u00e6ttur heim til s\u00edn.\">[<\/span> hinn ekki, \u00fev\u00ed a\u00f0 hver sem upp hefur sj\u00e1lfan sig mun au\u00f0m\u00fdktur ver\u00f0a en s\u00e1 sem l\u00edtill\u00e6kkar sj\u00e1lfan sig mun upp hafinn ver\u00f0a.\u201c <\/p>\n<h3 class=\"millifyrirsogn_2007\">Leyfi\u00f0 b\u00f6rnunum a\u00f0 koma til m\u00edn<\/h3>\n<p><a name=\"15\"><span class=\"versanumer_2007\">15<\/span><\/a> Menn f\u00e6r\u00f0u og til hans ungb\u00f6rnin svo a\u00f0 hann snerti \u00feau. L\u00e6risveinarnir s\u00e1u \u00fea\u00f0 og \u00e1t\u00f6ldu \u00fe\u00e1. <a name=\"16\"><span class=\"versanumer_2007\">16<\/span><\/a> En Jes\u00fas kalla\u00f0i \u00feau til s\u00edn og m\u00e6lti: \u201eLeyfi\u00f0 b\u00f6rnunum a\u00f0 koma til m\u00edn, varni\u00f0 \u00feeim eigi \u00fev\u00ed a\u00f0 sl\u00edkra er Gu\u00f0s r\u00edki. <a name=\"17\"><span class=\"versanumer_2007\">17<\/span><\/a> Sannlega segi \u00e9g y\u00f0ur: Hver sem tekur ekki vi\u00f0 Gu\u00f0s r\u00edki eins og barn mun aldrei inn \u00ed \u00fea\u00f0 koma.\u201c <\/p>\n<h3 class=\"millifyrirsogn_2007\">Au\u00f0ugur h\u00f6f\u00f0ingi<\/h3>\n<p><a name=\"18\"><span class=\"versanumer_2007\">18<\/span><\/a> H\u00f6f\u00f0ingi nokkur spur\u00f0i Jes\u00fa: \u201eG\u00f3\u00f0i meistari, hva\u00f0 \u00e1 \u00e9g a\u00f0 gera til \u00feess a\u00f0 \u00f6\u00f0last eil\u00edft l\u00edf?\u201c <br \/> <a name=\"19\"><span class=\"versanumer_2007\">19<\/span><\/a> Jes\u00fas sag\u00f0i vi\u00f0 hann: \u201eHv\u00ed kallar \u00fe\u00fa mig g\u00f3\u00f0an? Enginn er g\u00f3\u00f0ur nema Gu\u00f0 einn. <a name=\"20\"><span class=\"versanumer_2007\">20<\/span><\/a> \u00de\u00fa kannt bo\u00f0or\u00f0in: \u00de\u00fa skalt ekki dr\u00fdgja h\u00f3r, \u00fe\u00fa skalt ekki mor\u00f0 fremja, \u00fe\u00fa skalt ekki stela, \u00fe\u00fa skalt ekki bera lj\u00fagvitni, hei\u00f0ra f\u00f6\u00f0ur \u00feinn og m\u00f3\u00f0ur.\u201c <br \/> <a name=\"21\"><span class=\"versanumer_2007\">21<\/span><\/a> Hann sag\u00f0i: \u201eAlls \u00feessa hef \u00e9g g\u00e6tt fr\u00e1 \u00e6sku.\u201c <br \/> <a name=\"22\"><span class=\"versanumer_2007\">22<\/span><\/a> \u00deegar Jes\u00fas heyr\u00f0i \u00feetta sag\u00f0i hann vi\u00f0 hann: \u201eEnn er \u00fe\u00e9r eins vant: Sel allt sem \u00fe\u00fa \u00e1tt og skipt me\u00f0al f\u00e1t\u00e6kra og munt \u00fe\u00fa fj\u00e1rsj\u00f3\u00f0 eiga \u00e1 himnum. Kom s\u00ed\u00f0an og fylg m\u00e9r.\u201c <a name=\"23\"><span class=\"versanumer_2007\">23<\/span><\/a> En er hann heyr\u00f0i \u00feetta var\u00f0 hann hryggur vi\u00f0 enda au\u00f0ugur mj\u00f6g. <br \/> <a name=\"24\"><span class=\"versanumer_2007\">24<\/span><\/a> Jes\u00fas s\u00e1 \u00fea\u00f0 og sag\u00f0i: \u201eHve torvelt er \u00feeim sem au\u00f0inn hafa a\u00f0 ganga inn \u00ed Gu\u00f0s r\u00edki. <a name=\"25\"><span class=\"versanumer_2007\">25<\/span><\/a> Au\u00f0veldara er \u00falfalda a\u00f0 fara gegnum n\u00e1larauga en au\u00f0manni a\u00f0 komast inn \u00ed Gu\u00f0s r\u00edki.\u201c <br \/> <a name=\"26\"><span class=\"versanumer_2007\">26<\/span><\/a> En \u00feeir sem \u00e1 hl\u00fdddu spur\u00f0u: \u201eHver getur \u00fe\u00e1 or\u00f0i\u00f0 h\u00f3lpinn?\u201c <br \/> <a name=\"27\"><span class=\"versanumer_2007\">27<\/span><\/a> Hann m\u00e6lti: \u201e\u00dea\u00f0 sem m\u00f6nnum er um megn, \u00fea\u00f0 megnar Gu\u00f0.\u201c <\/p>\n<h3 class=\"millifyrirsogn_2007\">Vi\u00f0 yfirg\u00e1fum allt<\/h3>\n<p><a name=\"28\"><span class=\"versanumer_2007\">28<\/span><\/a> \u00de\u00e1 sag\u00f0i P\u00e9tur: \u201eVi\u00f0 yfirg\u00e1fum allt sem vi\u00f0 \u00e1ttum og fylgdum \u00fe\u00e9r.\u201c <br \/> <a name=\"29\"><span class=\"versanumer_2007\">29<\/span><\/a> Jes\u00fas sag\u00f0i vi\u00f0 \u00fe\u00e1: \u201eSannlega segi \u00e9g y\u00f0ur a\u00f0 enginn hefur yfirgefi\u00f0 heimili, konu, br\u00e6\u00f0ur, foreldra e\u00f0a b\u00f6rn vegna Gu\u00f0s r\u00edkis <a name=\"30\"><span class=\"versanumer_2007\">30<\/span><\/a> \u00e1n \u00feess a\u00f0 hann f\u00e1i margfalt aftur \u00e1 \u00feessum t\u00edma og \u00ed hinum komandi heimi eil\u00edft l\u00edf.\u201c <\/p>\n<h3 class=\"millifyrirsogn_2007\">Allt mun koma fram<\/h3>\n<p><a name=\"31\"><span class=\"versanumer_2007\">31<\/span><\/a> Jes\u00fas t\u00f3k \u00fe\u00e1 t\u00f3lf til s\u00edn og sag\u00f0i vi\u00f0 \u00fe\u00e1: \u201eN\u00fa f\u00f6rum vi\u00f0 upp til Jer\u00fasalem og mun allt \u00fea\u00f0 koma fram sem sp\u00e1mennirnir hafa skrifa\u00f0 um Mannssoninn. <a name=\"32\"><span class=\"versanumer_2007\">32<\/span><\/a> Hann ver\u00f0ur framseldur hei\u00f0ingjum. \u00deeir munu h\u00e6\u00f0a hann, mis\u00feyrma honum og hr\u00e6kja \u00e1 hann. <a name=\"33\"><span class=\"versanumer_2007\">33<\/span><\/a> \u00deeir munu h\u00fa\u00f0str\u00fdkja hann og l\u00edfl\u00e1ta en \u00e1 \u00feri\u00f0ja degi mun hann upp r\u00edsa.\u201c <br \/> <a name=\"34\"><span class=\"versanumer_2007\">34<\/span><\/a> En \u00feeir skildu ekkert af \u00feessu, or\u00f0 \u00feessi voru \u00feeim hulin og \u00feeir skynju\u00f0u ekki \u00fea\u00f0 sem sagt var. <\/p>\n<h3 class=\"millifyrirsogn_2007\">Blindur ma\u00f0ur<\/h3>\n<p><a name=\"35\"><span class=\"versanumer_2007\">35<\/span><\/a> Svo bar vi\u00f0, er Jes\u00fas n\u00e1lga\u00f0ist Jer\u00edk\u00f3, a\u00f0 blindur ma\u00f0ur sat \u00fear vi\u00f0 veginn og betla\u00f0i. <a name=\"36\"><span class=\"versanumer_2007\">36<\/span><\/a> Hann heyr\u00f0i a\u00f0 mannfj\u00f6ldi gekk hj\u00e1 og spur\u00f0i hva\u00f0 um v\u00e6ri a\u00f0 vera. <br \/> <a name=\"37\"><span class=\"versanumer_2007\">37<\/span><\/a> Var honum sagt a\u00f0 Jes\u00fas fr\u00e1 Nasaret f\u00e6ri hj\u00e1. <br \/> <a name=\"38\"><span class=\"versanumer_2007\">38<\/span><\/a> \u00de\u00e1 hr\u00f3pa\u00f0i hann: \u201eJes\u00fas, sonur Dav\u00ed\u00f0s, miskunna \u00fe\u00fa m\u00e9r!\u201c <br \/> <a name=\"39\"><span class=\"versanumer_2007\">39<\/span><\/a> En \u00feeir sem \u00e1 undan f\u00f3ru h\u00f6stu\u00f0u \u00e1 hann a\u00f0 hann \u00feeg\u00f0i. En hann hr\u00f3pa\u00f0i \u00fev\u00ed meir: \u201eSonur Dav\u00ed\u00f0s, miskunna \u00fe\u00fa m\u00e9r!\u201c <br \/> <a name=\"40\"><span class=\"versanumer_2007\">40<\/span><\/a> Jes\u00fas nam sta\u00f0ar og bau\u00f0 a\u00f0 lei\u00f0a hann til s\u00edn. Er hann kom n\u00e6r spur\u00f0i Jes\u00fas hann: <a name=\"41\"><span class=\"versanumer_2007\">41<\/span><\/a> \u201eHva\u00f0 vilt \u00fe\u00fa a\u00f0 \u00e9g geri fyrir \u00feig?\u201c <br \/>Hinn svara\u00f0i: \u201eDrottinn, a\u00f0 \u00e9g f\u00e1i aftur sj\u00f3n.\u201c <br \/> <a name=\"42\"><span class=\"versanumer_2007\">42<\/span><\/a> Jes\u00fas sag\u00f0i vi\u00f0 hann: \u201eF\u00e1 \u00fe\u00fa aftur sj\u00f3nina. Tr\u00fa \u00fe\u00edn hefur bjarga\u00f0 \u00fe\u00e9r.\u201c <br \/> <a name=\"43\"><span class=\"versanumer_2007\">43<\/span><\/a> Jafnskj\u00f3tt f\u00e9kk hann sj\u00f3nina. Og hann fylgdi honum og lofa\u00f0i Gu\u00f0. En allt f\u00f3lki\u00f0, er s\u00e1 \u00feetta, vegsama\u00f0i Gu\u00f0. <\/p>\n","protected":false},"excerpt":{"rendered":"<p>Eigi \u00fereytast a\u00f0 bi\u00f0ja 1 \u00de\u00e1 sag\u00f0i Jes\u00fas \u00feeim d\u00e6mis\u00f6gu um \u00fea\u00f0 hvernig \u00feeir skyldu st\u00f6\u00f0ugt bi\u00f0ja og eigi \u00fereytast: 2 \u201e\u00cd borg einni var d\u00f3mari sem hvorki \u00f3tta\u00f0ist Gu\u00f0 n\u00e9 skeytti um nokkurn mann. 3 \u00cd s\u00f6mu borg var ekkja sem kom einl\u00e6gt til hans og sag\u00f0i: L\u00e1t \u00fe\u00fa mig n\u00e1 r\u00e9tti \u00e1 m\u00f3tst\u00f6\u00f0umanni m\u00ednum. 4 \u00dea\u00f0 vildi hann ekki lengi vel. En a\u00f0 lokum sag\u00f0i hann vi\u00f0 sj\u00e1lfan sig: Ekki \u00f3ttast \u00e9g Gu\u00f0 a\u00f0 s\u00f6nnu n\u00e9 skeyti um nokkurn mann. 5 En \u00feessi ekkja l\u00e6tur mig aldrei \u00ed fri\u00f0i. \u00dev\u00ed vil \u00e9g r\u00e9tta hlut hennar \u00e1\u00f0ur en h\u00fan <a href=\"https:\/\/biblian.is\/biblian\/lukasargudspjall-18-kafli\/\"> [&#8230;]<\/a><\/p>\n","protected":false},"author":1,"featured_media":0,"parent":0,"menu_order":0,"comment_status":"open","ping_status":"open","template":"bibliukaflar_NT.php","meta":{"footnotes":""},"class_list":["post-2608","page","type-page","status-publish","hentry"],"_links":{"self":[{"href":"https:\/\/biblian.is\/biblian\/wp-json\/wp\/v2\/pages\/2608","targetHints":{"allow":["GET"]}}],"collection":[{"href":"https:\/\/biblian.is\/biblian\/wp-json\/wp\/v2\/pages"}],"about":[{"href":"https:\/\/biblian.is\/biblian\/wp-json\/wp\/v2\/types\/page"}],"author":[{"embeddable":true,"href":"https:\/\/biblian.is\/biblian\/wp-json\/wp\/v2\/users\/1"}],"replies":[{"embeddable":true,"href":"https:\/\/biblian.is\/biblian\/wp-json\/wp\/v2\/comments?post=2608"}],"version-history":[{"count":0,"href":"https:\/\/biblian.is\/biblian\/wp-json\/wp\/v2\/pages\/2608\/revisions"}],"wp:attachment":[{"href":"https:\/\/biblian.is\/biblian\/wp-json\/wp\/v2\/media?parent=2608"}],"curies":[{"name":"wp","href":"https:\/\/api.w.org\/{rel}","templated":true}]}}