{"id":2606,"date":"2017-12-30T21:03:55","date_gmt":"2017-12-30T21:03:55","guid":{"rendered":"http:\/\/biblian.is\/biblian\/l%c2%9ckasargu_spjall-16-kafli\/"},"modified":"2019-08-26T22:41:38","modified_gmt":"2019-08-26T22:41:38","slug":"lukasargudspjall-16-kafli","status":"publish","type":"page","link":"https:\/\/biblian.is\/biblian\/lukasargudspjall-16-kafli\/","title":{"rendered":"L\u00fakasargu\u00f0spjall 16. kafli"},"content":{"rendered":"<h3 class=\"millifyrirsogn_2007\"> Ger reikningsskil<\/h3>\n<p><a name=\"1\"><span class=\"versanumer_2007\">1<\/span><\/a> Enn sag\u00f0i Jes\u00fas vi\u00f0 l\u00e6risveina s\u00edna: \u201eMa\u00f0ur nokkur r\u00edkur haf\u00f0i r\u00e1\u00f0smann og var honum sagt a\u00f0 r\u00e1\u00f0sma\u00f0urinn s\u00f3a\u00f0i eigum hans. <a name=\"2\"><span class=\"versanumer_2007\">2<\/span><\/a> R\u00edki ma\u00f0urinn l\u00e9t kalla r\u00e1\u00f0smanninn fyrir sig og sag\u00f0i vi\u00f0 hann: Hva\u00f0 er \u00feetta er \u00e9g heyri um \u00feig? Ger\u00f0u grein fyrir st\u00f6rfum \u00fe\u00ednum \u00fev\u00ed a\u00f0 \u00fe\u00fa getur ekki veri\u00f0 r\u00e1\u00f0sma\u00f0ur lengur. <a name=\"3\"><span class=\"versanumer_2007\">3<\/span><\/a> R\u00e1\u00f0sma\u00f0urinn sag\u00f0i \u00fe\u00e1 vi\u00f0 sj\u00e1lfan sig: Hva\u00f0 \u00e1 \u00e9g a\u00f0 gera fyrst h\u00fasb\u00f3ndi minn sviptir mig r\u00e1\u00f0smennskunni? Ekki orka \u00e9g a\u00f0 grafa og sk\u00f6mm \u00feykir m\u00e9r a\u00f0 betla. <a name=\"4\"><span class=\"versanumer_2007\">4<\/span><\/a> N\u00fa s\u00e9 \u00e9g hva\u00f0 \u00e9g geri til \u00feess a\u00f0 menn taki vi\u00f0 m\u00e9r \u00ed h\u00fas s\u00edn \u00feegar \u00e9g ver\u00f0 sviptur r\u00e1\u00f0smennskunni.<br \/> <a name=\"5\"><span class=\"versanumer_2007\">5<\/span><\/a> Hann kalla\u00f0i n\u00fa \u00e1 skuldunauta h\u00fasb\u00f3nda s\u00edns, hvern og einn. Vi\u00f0 \u00feann fyrsta sag\u00f0i hann: Hve miki\u00f0 skuldar \u00fe\u00fa h\u00fasb\u00f3nda m\u00ednum? <a name=\"6\"><span class=\"versanumer_2007\">6<\/span><\/a> Hann svara\u00f0i: Hundra\u00f0 kvartil vi\u00f0smj\u00f6rs. Hann m\u00e6lti \u00fe\u00e1 vi\u00f0 hann: Tak skuldabr\u00e9f \u00feitt, set \u00feig ni\u00f0ur og skrifa sem skj\u00f3tast fimmt\u00edu. <a name=\"7\"><span class=\"versanumer_2007\">7<\/span><\/a> S\u00ed\u00f0an sag\u00f0i hann vi\u00f0 annan: En hva\u00f0 skuldar \u00fe\u00fa? Hann svara\u00f0i: Hundra\u00f0 tunnur hveitis. Og hann sag\u00f0i honum: Tak \u00fe\u00fa skuldabr\u00e9f \u00feitt og skrifa \u00e1ttat\u00edu. <br \/> <a name=\"8\"><span class=\"versanumer_2007\">8<\/span><\/a> Og h\u00fasb\u00f3ndinn hr\u00f3sa\u00f0i svikula r\u00e1\u00f0smanninum fyrir a\u00f0 hafa breytt k\u00e6nlega. \u00dev\u00ed a\u00f0 b\u00f6rn \u00feessa heims eru k\u00e6nni \u00ed skiptum vi\u00f0 s\u00edna kynsl\u00f3\u00f0 en b\u00f6rn lj\u00f3ssins. <br \/> <a name=\"9\"><span class=\"versanumer_2007\">9<\/span><\/a> Og \u00e9g segi ykkur: Noti\u00f0 hinn rangl\u00e1ta mamm\u00f3n til \u00feess a\u00f0 eignast vini sem taki vi\u00f0 ykkur \u00ed eil\u00edfar tjaldb\u00fa\u00f0ir \u00feegar hann er uppurinn. <\/p>\n<h3 class=\"millifyrirsogn_2007\">Tr\u00far \u00ed \u00fev\u00ed sm\u00e6sta<\/h3>\n<p><a name=\"10\"><span class=\"versanumer_2007\">10<\/span><\/a> S\u00e1 sem er tr\u00far \u00ed \u00fev\u00ed sm\u00e6sta er einnig tr\u00far \u00ed miklu og s\u00e1 sem er \u00f3tr\u00far \u00ed \u00fev\u00ed sm\u00e6sta er og \u00f3tr\u00far \u00ed miklu. <a name=\"11\"><span class=\"versanumer_2007\">11<\/span><\/a> Ef ekki er h\u00e6gt a\u00f0 treysta y\u00f0ur fyrir hverfulum au\u00f0\u00e6fum, hver tr\u00fair y\u00f0ur \u00fe\u00e1 fyrir s\u00f6nnum au\u00f0i? <a name=\"12\"><span class=\"versanumer_2007\">12<\/span><\/a> Og ef ekki er h\u00e6gt a\u00f0 treysta y\u00f0ur fyrir eigum annarra, hvernig getur Gu\u00f0 \u00fe\u00e1 treyst y\u00f0ur fyrir \u00fev\u00ed sem hann \u00e6tlar y\u00f0ur a\u00f0 eiga sj\u00e1lf? <br \/> <a name=\"13\"><span class=\"versanumer_2007\">13<\/span><\/a> Enginn \u00fej\u00f3nn getur \u00fej\u00f3na\u00f0 tveimur herrum. Anna\u00f0hvort hatar hann annan og elskar hinn e\u00f0a \u00fe\u00fd\u00f0ist annan og afr\u00e6kir hinn. \u00de\u00e9r geti\u00f0 ekki \u00fej\u00f3na\u00f0 Gu\u00f0i og mamm\u00f3n.\u201c <\/p>\n<h3 class=\"millifyrirsogn_2007\">Gu\u00f0 \u00feekkir hj\u00f6rtu y\u00f0ar<\/h3>\n<p><a name=\"14\"><span class=\"versanumer_2007\">14<\/span><\/a> En far\u00edsearnir, sem voru menn f\u00e9gjarnir, heyr\u00f0u \u00feetta og ger\u00f0u gys a\u00f0 Jes\u00fa. <a name=\"15\"><span class=\"versanumer_2007\">15<\/span><\/a> En hann sag\u00f0i vi\u00f0 \u00fe\u00e1: \u201e\u00de\u00e9r eru\u00f0 \u00feeir sem r\u00e9ttl\u00e6ti\u00f0 sj\u00e1lfa y\u00f0ur \u00ed augum manna en Gu\u00f0 \u00feekkir hj\u00f6rtu y\u00f0ar. \u00dev\u00ed \u00fea\u00f0 sem h\u00e1tt er a\u00f0 d\u00f3mi manna er vi\u00f0urstygg\u00f0 \u00ed augum Gu\u00f0s. <br \/> <a name=\"16\"><span class=\"versanumer_2007\">16<\/span><\/a> L\u00f6gm\u00e1li\u00f0 og sp\u00e1mennirnir n\u00e1 fram til J\u00f3hannesar. \u00dea\u00f0an \u00ed fr\u00e1 er flutt fagna\u00f0arerindi Gu\u00f0s r\u00edkis og hver ma\u00f0ur vill ry\u00f0jast \u00fear inn. <br \/> <a name=\"17\"><span class=\"versanumer_2007\">17<\/span><\/a> En \u00fea\u00f0 er au\u00f0veldara a\u00f0 himinn og j\u00f6r\u00f0 l\u00ed\u00f0i undir lok en einn stafkr\u00f3kur l\u00f6gm\u00e1lsins falli \u00far gildi. <br \/> <a name=\"18\"><span class=\"versanumer_2007\">18<\/span><\/a> Hver sem skilur vi\u00f0 konu s\u00edna og gengur a\u00f0 eiga a\u00f0ra dr\u00fdgir h\u00f3r, og hver sem gengur a\u00f0 eiga konu, sem skilin er vi\u00f0 mann, dr\u00fdgir h\u00f3r.\u201c <\/p>\n<h3 class=\"millifyrirsogn_2007\">R\u00edkur og snau\u00f0ur<\/h3>\n<p><a name=\"19\"><span class=\"versanumer_2007\">19<\/span><\/a> Jes\u00fas sag\u00f0i \u00feeim \u00feessa d\u00e6mis\u00f6gu: \u201eEinu sinni var ma\u00f0ur nokkur r\u00edkur er kl\u00e6ddist purpura og d\u00fdru l\u00edni og lif\u00f0i hvern dag \u00ed d\u00fdrlegum fagna\u00f0i. <a name=\"20\"><span class=\"versanumer_2007\">20<\/span><\/a> En f\u00e1t\u00e6kur ma\u00f0ur, hla\u00f0inn kaunum, l\u00e1 fyrir dyrum hans og h\u00e9t s\u00e1 Lasarus. <a name=\"21\"><span class=\"versanumer_2007\">21<\/span><\/a> Feginn vildi hann se\u00f0ja sig \u00e1 \u00fev\u00ed er f\u00e9ll af bor\u00f0i r\u00edka mannsins og jafnvel hundar komu og sleiktu kaun hans. <a name=\"22\"><span class=\"versanumer_2007\">22<\/span><\/a> En n\u00fa ger\u00f0ist \u00fea\u00f0 a\u00f0 f\u00e1t\u00e6ki ma\u00f0urinn d\u00f3 og b\u00e1ru hann englar \u00ed fa\u00f0m Abrahams. R\u00edki ma\u00f0urinn d\u00f3 l\u00edka og var grafinn. <br \/> <a name=\"23\"><span class=\"versanumer_2007\">23<\/span><\/a> Og \u00ed helju, \u00fear sem hann var \u00ed kv\u00f6lum, h\u00f3f hann upp augu s\u00edn og s\u00e1 Abraham \u00ed fjarska og Lasarus vi\u00f0 brj\u00f3st hans. <a name=\"24\"><span class=\"versanumer_2007\">24<\/span><\/a> \u00de\u00e1 kalla\u00f0i hann: Fa\u00f0ir Abraham, miskunna \u00fe\u00fa m\u00e9r og send Lasarus a\u00f0 hann d\u00fdfi fingurg\u00f3mi s\u00ednum \u00ed vatn og k\u00e6li tungu m\u00edna \u00fev\u00ed a\u00f0 \u00e9g kvelst \u00ed \u00feessum loga.<br \/> <a name=\"25\"><span class=\"versanumer_2007\">25<\/span><\/a> Abraham sag\u00f0i: Minnstu \u00feess, barn, a\u00f0 \u00fe\u00fa hlaust \u00fe\u00edn g\u00e6\u00f0i me\u00f0an \u00fe\u00fa lif\u00f0ir og Lasarus b\u00f6l \u00e1 sama h\u00e1tt. N\u00fa er hann h\u00e9r hugga\u00f0ur en \u00fe\u00fa kvelst. <a name=\"26\"><span class=\"versanumer_2007\">26<\/span><\/a> Auk alls \u00feessa er miki\u00f0 dj\u00fap sta\u00f0fest milli vor og y\u00f0ar svo a\u00f0 \u00feeir er h\u00e9\u00f0an vildu fara yfir til y\u00f0ar geti \u00fea\u00f0 ekki og eigi ver\u00f0i heldur komist \u00fea\u00f0an yfir til vor. <a name=\"27\"><span class=\"versanumer_2007\">27<\/span><\/a> En hann sag\u00f0i: \u00de\u00e1 bi\u00f0 \u00e9g \u00feig, fa\u00f0ir, a\u00f0 \u00fe\u00fa sendir hann \u00ed h\u00fas f\u00f6\u00f0ur m\u00edns, <a name=\"28\"><span class=\"versanumer_2007\">28<\/span><\/a> en \u00e9g \u00e1 fimm br\u00e6\u00f0ur, til \u00feess a\u00f0 vara \u00fe\u00e1 vi\u00f0 svo \u00feeir komi ekki l\u00edka \u00ed \u00feennan kvalasta\u00f0. <a name=\"29\"><span class=\"versanumer_2007\">29<\/span><\/a> En Abraham segir: \u00deeir hafa M\u00f3se og sp\u00e1mennina, hl\u00fd\u00f0i \u00feeir \u00feeim. <a name=\"30\"><span class=\"versanumer_2007\">30<\/span><\/a> Hinn svara\u00f0i: Nei, fa\u00f0ir Abraham, en ef einhver k\u00e6mi til \u00feeirra fr\u00e1 hinum dau\u00f0u mundu \u00feeir taka sinnaskiptum. <a name=\"31\"><span class=\"versanumer_2007\">31<\/span><\/a> En Abraham sag\u00f0i vi\u00f0 hann: Ef \u00feeir hl\u00fd\u00f0a ekki M\u00f3se og sp\u00e1m\u00f6nnunum l\u00e1ta \u00feeir ekki heldur sannf\u00e6rast \u00fe\u00f3tt einhver r\u00edsi upp fr\u00e1 dau\u00f0um.\u201c <\/p>\n","protected":false},"excerpt":{"rendered":"<p>Ger reikningsskil 1 Enn sag\u00f0i Jes\u00fas vi\u00f0 l\u00e6risveina s\u00edna: \u201eMa\u00f0ur nokkur r\u00edkur haf\u00f0i r\u00e1\u00f0smann og var honum sagt a\u00f0 r\u00e1\u00f0sma\u00f0urinn s\u00f3a\u00f0i eigum hans. 2 R\u00edki ma\u00f0urinn l\u00e9t kalla r\u00e1\u00f0smanninn fyrir sig og sag\u00f0i vi\u00f0 hann: Hva\u00f0 er \u00feetta er \u00e9g heyri um \u00feig? Ger\u00f0u grein fyrir st\u00f6rfum \u00fe\u00ednum \u00fev\u00ed a\u00f0 \u00fe\u00fa getur ekki veri\u00f0 r\u00e1\u00f0sma\u00f0ur lengur. 3 R\u00e1\u00f0sma\u00f0urinn sag\u00f0i \u00fe\u00e1 vi\u00f0 sj\u00e1lfan sig: Hva\u00f0 \u00e1 \u00e9g a\u00f0 gera fyrst h\u00fasb\u00f3ndi minn sviptir mig r\u00e1\u00f0smennskunni? Ekki orka \u00e9g a\u00f0 grafa og sk\u00f6mm \u00feykir m\u00e9r a\u00f0 betla. 4 N\u00fa s\u00e9 \u00e9g hva\u00f0 \u00e9g geri til \u00feess a\u00f0 menn taki vi\u00f0 m\u00e9r \u00ed <a href=\"https:\/\/biblian.is\/biblian\/lukasargudspjall-16-kafli\/\"> [&#8230;]<\/a><\/p>\n","protected":false},"author":1,"featured_media":0,"parent":0,"menu_order":0,"comment_status":"open","ping_status":"open","template":"bibliukaflar_NT.php","meta":{"footnotes":""},"class_list":["post-2606","page","type-page","status-publish","hentry"],"_links":{"self":[{"href":"https:\/\/biblian.is\/biblian\/wp-json\/wp\/v2\/pages\/2606","targetHints":{"allow":["GET"]}}],"collection":[{"href":"https:\/\/biblian.is\/biblian\/wp-json\/wp\/v2\/pages"}],"about":[{"href":"https:\/\/biblian.is\/biblian\/wp-json\/wp\/v2\/types\/page"}],"author":[{"embeddable":true,"href":"https:\/\/biblian.is\/biblian\/wp-json\/wp\/v2\/users\/1"}],"replies":[{"embeddable":true,"href":"https:\/\/biblian.is\/biblian\/wp-json\/wp\/v2\/comments?post=2606"}],"version-history":[{"count":0,"href":"https:\/\/biblian.is\/biblian\/wp-json\/wp\/v2\/pages\/2606\/revisions"}],"wp:attachment":[{"href":"https:\/\/biblian.is\/biblian\/wp-json\/wp\/v2\/media?parent=2606"}],"curies":[{"name":"wp","href":"https:\/\/api.w.org\/{rel}","templated":true}]}}