{"id":2605,"date":"2017-12-30T21:03:55","date_gmt":"2017-12-30T21:03:55","guid":{"rendered":"http:\/\/biblian.is\/biblian\/l%c2%9ckasargu_spjall-15-kafli\/"},"modified":"2019-08-26T22:41:38","modified_gmt":"2019-08-26T22:41:38","slug":"lukasargudspjall-15-kafli","status":"publish","type":"page","link":"https:\/\/biblian.is\/biblian\/lukasargudspjall-15-kafli\/","title":{"rendered":"L\u00fakasargu\u00f0spjall 15. kafli"},"content":{"rendered":"<h3 class=\"millifyrirsogn_2007\"> T\u00fdndur sau\u00f0ur<\/h3>\n<p><a name=\"1\"><span class=\"versanumer_2007\">1<\/span><\/a> Allir tollheimtumenn og bersyndugir komu til Jes\u00fa a\u00f0 hl\u00fd\u00f0a \u00e1 hann <a name=\"2\"><span class=\"versanumer_2007\">2<\/span><\/a> en far\u00edsear og fr\u00e6\u00f0imenn \u00f6mu\u00f0ust vi\u00f0 \u00fev\u00ed og s\u00f6g\u00f0u: \u201e\u00deessi ma\u00f0ur tekur a\u00f0 s\u00e9r syndara og samneytir \u00feeim.\u201c <br \/> <a name=\"3\"><span class=\"versanumer_2007\">3<\/span><\/a> En Jes\u00fas sag\u00f0i \u00feeim \u00feessa d\u00e6mis\u00f6gu: <a name=\"4\"><span class=\"versanumer_2007\">4<\/span><\/a> \u201eN\u00fa \u00e1 einhver y\u00f0ar hundra\u00f0 sau\u00f0i og t\u00fdnir einum \u00feeirra. Skilur hann ekki \u00fe\u00e1 n\u00edut\u00edu og n\u00edu eftir \u00ed \u00f3bygg\u00f0inni og fer eftir \u00feeim sem t\u00fdndur er \u00fear til hann finnur hann? <a name=\"5\"><span class=\"versanumer_2007\">5<\/span><\/a> Og gla\u00f0ur leggur hann sau\u00f0inn \u00e1 her\u00f0ar s\u00e9r er hann finnur hann. <a name=\"6\"><span class=\"versanumer_2007\">6<\/span><\/a> \u00deegar hann kemur heim kallar hann saman vini s\u00edna og n\u00e1granna og segir vi\u00f0 \u00fe\u00e1: Samgle\u00f0jist m\u00e9r \u00fev\u00ed a\u00f0 \u00e9g hef fundi\u00f0 sau\u00f0inn minn sem t\u00fdndur var. <a name=\"7\"><span class=\"versanumer_2007\">7<\/span><\/a> \u00c9g segi y\u00f0ur, \u00feannig ver\u00f0ur meiri f\u00f6gnu\u00f0ur \u00e1 himni yfir einum syndara, sem tekur sinnaskiptum, en yfir n\u00edut\u00edu og n\u00edu r\u00e9ttl\u00e1tum sem \u00feurfa \u00feess ekki vi\u00f0. <\/p>\n<h3 class=\"millifyrirsogn_2007\">T\u00fdnd drakma<\/h3>\n<p><a name=\"8\"><span class=\"versanumer_2007\">8<\/span><\/a> E\u00f0a kona sem \u00e1 t\u00edu dr\u00f6kmur og t\u00fdnir einni dr\u00f6kmu, kveikir h\u00fan \u00fe\u00e1 ekki \u00e1 lampa, s\u00f3par h\u00fasi\u00f0 og leitar vandlega uns h\u00fan finnur hana? <a name=\"9\"><span class=\"versanumer_2007\">9<\/span><\/a> Og er h\u00fan hefur fundi\u00f0 hana kallar h\u00fan saman vinkonur s\u00ednar og grannkonur og segir: Samgle\u00f0jist m\u00e9r \u00fev\u00ed a\u00f0 \u00e9g hef fundi\u00f0 dr\u00f6kmuna sem \u00e9g t\u00fdndi. <a name=\"10\"><span class=\"versanumer_2007\">10<\/span><\/a> \u00deannig segi \u00e9g y\u00f0ur a\u00f0 englar Gu\u00f0s munu gle\u00f0jast yfir einum syndara sem b\u00e6tir r\u00e1\u00f0 sitt.\u201c <\/p>\n<h3 class=\"millifyrirsogn_2007\">Tveir synir<\/h3>\n<p><a name=\"11\"><span class=\"versanumer_2007\">11<\/span><\/a> Enn sag\u00f0i Jes\u00fas: \u201eMa\u00f0ur nokkur \u00e1tti tvo sonu. <a name=\"12\"><span class=\"versanumer_2007\">12<\/span><\/a> S\u00e1 yngri \u00feeirra sag\u00f0i vi\u00f0 f\u00f6\u00f0ur sinn: Fa\u00f0ir, l\u00e1t mig f\u00e1 \u00feann hluta eignanna sem m\u00e9r ber. Og fa\u00f0irinn skipti me\u00f0 \u00feeim eigum s\u00ednum. <a name=\"13\"><span class=\"versanumer_2007\">13<\/span><\/a> F\u00e1um d\u00f6gum s\u00ed\u00f0ar kom yngri sonurinn eigum s\u00ednum \u00ed ver\u00f0 og f\u00f3r burt \u00ed fjarl\u00e6gt land. \u00dear s\u00f3a\u00f0i hann f\u00e9 s\u00ednu \u00ed \u00f3h\u00f3fs\u00f6mum lifna\u00f0i. <a name=\"14\"><span class=\"versanumer_2007\">14<\/span><\/a> En er hann haf\u00f0i \u00f6llu eytt var\u00f0 miki\u00f0 hungur \u00ed \u00fev\u00ed landi og hann t\u00f3k a\u00f0 l\u00ed\u00f0a skort. <a name=\"15\"><span class=\"versanumer_2007\">15<\/span><\/a> F\u00f3r hann \u00fe\u00e1 og settist upp hj\u00e1 manni einum \u00ed \u00fev\u00ed landi. S\u00e1 sendi hann \u00fat \u00e1 lendur s\u00ednar a\u00f0 g\u00e6ta sv\u00edna <a name=\"16\"><span class=\"versanumer_2007\">16<\/span><\/a> og hef\u00f0i hann feginn vilja\u00f0 se\u00f0ja sig \u00e1 drafinu er sv\u00ednin \u00e1tu en enginn gaf honum. <br \/> <a name=\"17\"><span class=\"versanumer_2007\">17<\/span><\/a> En n\u00fa kom hann til sj\u00e1lfs s\u00edn og sag\u00f0i: Hve margir eru daglaunamenn f\u00f6\u00f0ur m\u00edns og hafa gn\u00e6g\u00f0 matar en \u00e9g ferst h\u00e9r \u00far hungri! <a name=\"18\"><span class=\"versanumer_2007\">18<\/span><\/a> N\u00fa tek \u00e9g mig upp, fer til f\u00f6\u00f0ur m\u00edns og segi vi\u00f0 hann: Fa\u00f0ir, \u00e9g hef syndga\u00f0 m\u00f3ti himninum og gegn \u00fe\u00e9r. <a name=\"19\"><span class=\"versanumer_2007\">19<\/span><\/a> \u00c9g er ekki framar ver\u00f0ur a\u00f0 heita sonur \u00feinn. L\u00e1t mig vera sem einn af daglaunam\u00f6nnum \u00fe\u00ednum. <br \/> <a name=\"20\"><span class=\"versanumer_2007\">20<\/span><\/a> Og hann t\u00f3k sig upp og f\u00f3r til f\u00f6\u00f0ur s\u00edns. En er hann var enn langt \u00ed burtu s\u00e1 fa\u00f0ir hans hann og kenndi \u00ed brj\u00f3sti um hann, hlj\u00f3p og f\u00e9ll um h\u00e1ls honum og kyssti hann. <a name=\"21\"><span class=\"versanumer_2007\">21<\/span><\/a> En sonurinn sag\u00f0i vi\u00f0 hann: Fa\u00f0ir, \u00e9g hef syndga\u00f0 m\u00f3ti himninum og gegn \u00fe\u00e9r. \u00c9g er ekki framar ver\u00f0ur a\u00f0 heita sonur \u00feinn. <a name=\"22\"><span class=\"versanumer_2007\">22<\/span><\/a> \u00de\u00e1 sag\u00f0i fa\u00f0ir hans vi\u00f0 \u00fej\u00f3na s\u00edna: Komi\u00f0 flj\u00f3tt me\u00f0 hina bestu skikkju og f\u00e6ri\u00f0 hann \u00ed, dragi\u00f0 hring \u00e1 h\u00f6nd hans og sk\u00f3 \u00e1 f\u00e6tur honum. <a name=\"23\"><span class=\"versanumer_2007\">23<\/span><\/a> S\u00e6ki\u00f0 og alik\u00e1lfinn og sl\u00e1tri\u00f0, vi\u00f0 skulum eta og gera okkur gla\u00f0an dag. <a name=\"24\"><span class=\"versanumer_2007\">24<\/span><\/a> \u00dev\u00ed a\u00f0 \u00feessi sonur minn var dau\u00f0ur og er lifna\u00f0ur aftur. Hann var t\u00fdndur og er fundinn. T\u00f3ku menn n\u00fa a\u00f0 gera s\u00e9r gla\u00f0an dag. <br \/> <a name=\"25\"><span class=\"versanumer_2007\">25<\/span><\/a> En eldri sonur hans var \u00e1 akri. \u00deegar hann kom og n\u00e1lga\u00f0ist h\u00fasi\u00f0 heyr\u00f0i hann hlj\u00f3\u00f0f\u00e6rasl\u00e1tt og dans. <a name=\"26\"><span class=\"versanumer_2007\">26<\/span><\/a> Hann kalla\u00f0i \u00e1 einn piltanna og spur\u00f0i hva\u00f0 um v\u00e6ri a\u00f0 vera. <a name=\"27\"><span class=\"versanumer_2007\">27<\/span><\/a> Hann svara\u00f0i: Br\u00f3\u00f0ir \u00feinn er kominn og fa\u00f0ir \u00feinn hefur sl\u00e1tra\u00f0 alik\u00e1lfinum af \u00fev\u00ed a\u00f0 hann heimti hann heilan heim. <br \/> <a name=\"28\"><span class=\"versanumer_2007\">28<\/span><\/a> \u00de\u00e1 reiddist eldri br\u00f3\u00f0irinn og vildi ekki fara inn. En fa\u00f0ir hans f\u00f3r \u00fat og ba\u00f0 hann koma. <a name=\"29\"><span class=\"versanumer_2007\">29<\/span><\/a> En hann svara\u00f0i f\u00f6\u00f0ur s\u00ednum: N\u00fa er \u00e9g b\u00fainn a\u00f0 \u00fej\u00f3na \u00fe\u00e9r \u00f6ll \u00feessi \u00e1r og hef aldrei breytt \u00fat af bo\u00f0um \u00fe\u00ednum og m\u00e9r hefur \u00fe\u00fa aldrei gefi\u00f0 ki\u00f0ling a\u00f0 \u00e9g g\u00e6ti glatt mig me\u00f0 vinum m\u00ednum. <a name=\"30\"><span class=\"versanumer_2007\">30<\/span><\/a> En \u00feegar hann kemur, \u00feessi sonur \u00feinn sem hefur s\u00f3a\u00f0 eigum \u00fe\u00ednum me\u00f0 sk\u00e6kjum, \u00fe\u00e1 sl\u00e1trar \u00fe\u00fa alik\u00e1lfinum fyrir hann. <a name=\"31\"><span class=\"versanumer_2007\">31<\/span><\/a> Fa\u00f0irinn sag\u00f0i \u00fe\u00e1 vi\u00f0 hann: Barni\u00f0 mitt, \u00fe\u00fa ert alltaf hj\u00e1 m\u00e9r og allt mitt er \u00feitt. <a name=\"32\"><span class=\"versanumer_2007\">32<\/span><\/a> En n\u00fa var\u00f0 a\u00f0 halda h\u00e1t\u00ed\u00f0 og fagna \u00fev\u00ed a\u00f0 hann br\u00f3\u00f0ir \u00feinn, sem var dau\u00f0ur, er lifna\u00f0ur aftur, hann var t\u00fdndur og er fundinn.\u201c <\/p>\n","protected":false},"excerpt":{"rendered":"<p>T\u00fdndur sau\u00f0ur 1 Allir tollheimtumenn og bersyndugir komu til Jes\u00fa a\u00f0 hl\u00fd\u00f0a \u00e1 hann 2 en far\u00edsear og fr\u00e6\u00f0imenn \u00f6mu\u00f0ust vi\u00f0 \u00fev\u00ed og s\u00f6g\u00f0u: \u201e\u00deessi ma\u00f0ur tekur a\u00f0 s\u00e9r syndara og samneytir \u00feeim.\u201c 3 En Jes\u00fas sag\u00f0i \u00feeim \u00feessa d\u00e6mis\u00f6gu: 4 \u201eN\u00fa \u00e1 einhver y\u00f0ar hundra\u00f0 sau\u00f0i og t\u00fdnir einum \u00feeirra. Skilur hann ekki \u00fe\u00e1 n\u00edut\u00edu og n\u00edu eftir \u00ed \u00f3bygg\u00f0inni og fer eftir \u00feeim sem t\u00fdndur er \u00fear til hann finnur hann? 5 Og gla\u00f0ur leggur hann sau\u00f0inn \u00e1 her\u00f0ar s\u00e9r er hann finnur hann. 6 \u00deegar hann kemur heim kallar hann saman vini s\u00edna og n\u00e1granna og segir <a href=\"https:\/\/biblian.is\/biblian\/lukasargudspjall-15-kafli\/\"> [&#8230;]<\/a><\/p>\n","protected":false},"author":1,"featured_media":0,"parent":0,"menu_order":0,"comment_status":"open","ping_status":"open","template":"bibliukaflar_NT.php","meta":{"footnotes":""},"class_list":["post-2605","page","type-page","status-publish","hentry"],"_links":{"self":[{"href":"https:\/\/biblian.is\/biblian\/wp-json\/wp\/v2\/pages\/2605","targetHints":{"allow":["GET"]}}],"collection":[{"href":"https:\/\/biblian.is\/biblian\/wp-json\/wp\/v2\/pages"}],"about":[{"href":"https:\/\/biblian.is\/biblian\/wp-json\/wp\/v2\/types\/page"}],"author":[{"embeddable":true,"href":"https:\/\/biblian.is\/biblian\/wp-json\/wp\/v2\/users\/1"}],"replies":[{"embeddable":true,"href":"https:\/\/biblian.is\/biblian\/wp-json\/wp\/v2\/comments?post=2605"}],"version-history":[{"count":0,"href":"https:\/\/biblian.is\/biblian\/wp-json\/wp\/v2\/pages\/2605\/revisions"}],"wp:attachment":[{"href":"https:\/\/biblian.is\/biblian\/wp-json\/wp\/v2\/media?parent=2605"}],"curies":[{"name":"wp","href":"https:\/\/api.w.org\/{rel}","templated":true}]}}