{"id":2600,"date":"2017-12-30T21:03:55","date_gmt":"2017-12-30T21:03:55","guid":{"rendered":"http:\/\/biblian.is\/biblian\/l%c2%9ckasargu_spjall-10-kafli\/"},"modified":"2019-08-26T22:41:36","modified_gmt":"2019-08-26T22:41:36","slug":"lukasargudspjall-10-kafli","status":"publish","type":"page","link":"https:\/\/biblian.is\/biblian\/lukasargudspjall-10-kafli\/","title":{"rendered":"L\u00fakasargu\u00f0spjall 10. kafli"},"content":{"rendered":"<h3 class=\"millifyrirsogn_2007\"> Uppskeran er mikil<\/h3>\n<p><a name=\"1\"><span class=\"versanumer_2007\">1<\/span><\/a> Eftir \u00feetta kvaddi Drottinn til a\u00f0ra, sj\u00f6t\u00edu og tvo<span class=\"nedan_mal\" title=\" Annar lesh\u00e1ttur: sj\u00f6t\u00edu.\">[<\/span> a\u00f0 t\u00f6lu, og sendi \u00fe\u00e1 \u00e1 undan s\u00e9r, tvo og tvo, \u00ed hverja \u00fe\u00e1 borg og sta\u00f0 sem hann \u00e6tla\u00f0i sj\u00e1lfur a\u00f0 koma til. <a name=\"2\"><span class=\"versanumer_2007\">2<\/span><\/a> Og hann sag\u00f0i vi\u00f0 \u00fe\u00e1: \u201eUppskeran er mikil en verkamenn f\u00e1ir. Bi\u00f0ji\u00f0 \u00fev\u00ed Drottin uppskerunnar a\u00f0 senda verkamenn til uppskeru sinnar. <a name=\"3\"><span class=\"versanumer_2007\">3<\/span><\/a> Fari\u00f0! \u00c9g sendi y\u00f0ur eins og l\u00f6mb me\u00f0al \u00falfa. <a name=\"4\"><span class=\"versanumer_2007\">4<\/span><\/a> Hafi\u00f0 ekki pyngju, ekki mal e\u00f0a sk\u00f3 og heilsi\u00f0 engum \u00e1 lei\u00f0inni. <a name=\"5\"><span class=\"versanumer_2007\">5<\/span><\/a> Hvar sem \u00fe\u00e9r komi\u00f0 \u00ed h\u00fas, \u00fe\u00e1 segi\u00f0 fyrst: Fri\u00f0ur s\u00e9 me\u00f0 h\u00fasi \u00feessu. <a name=\"6\"><span class=\"versanumer_2007\">6<\/span><\/a> Og s\u00e9 \u00fear nokkurt fri\u00f0arins barn mun fri\u00f0ur y\u00f0ar hv\u00edla yfir \u00fev\u00ed, ella hverfa aftur til y\u00f0ar. <a name=\"7\"><span class=\"versanumer_2007\">7<\/span><\/a> Veri\u00f0 um kyrrt \u00ed sama h\u00fasi, neyti\u00f0 \u00feess sem \u00fear er fram bori\u00f0 \u00ed mat og drykk. Ver\u00f0ur er verkama\u00f0urinn launa sinna. Eigi skulu\u00f0 \u00fe\u00e9r flytjast h\u00fas \u00far h\u00fasi. <a name=\"8\"><span class=\"versanumer_2007\">8<\/span><\/a> Og hvar sem \u00fe\u00e9r komi\u00f0 \u00ed borg og teki\u00f0 er vi\u00f0 y\u00f0ur, \u00fe\u00e1 neyti\u00f0 \u00feess sem sett er fyrir y\u00f0ur. <a name=\"9\"><span class=\"versanumer_2007\">9<\/span><\/a> L\u00e6kni\u00f0 \u00fe\u00e1 sem \u00fear eru sj\u00fakir og segi\u00f0 \u00feeim: Gu\u00f0s r\u00edki er komi\u00f0 \u00ed n\u00e1nd vi\u00f0 y\u00f0ur. <a name=\"10\"><span class=\"versanumer_2007\">10<\/span><\/a> En hvar sem \u00fe\u00e9r komi\u00f0 \u00ed borg og eigi er vi\u00f0 y\u00f0ur teki\u00f0, \u00fe\u00e1 fari\u00f0 \u00fat \u00e1 str\u00e6tin og segi\u00f0: <a name=\"11\"><span class=\"versanumer_2007\">11<\/span><\/a> Jafnvel \u00fea\u00f0 dust sem lo\u00f0ir vi\u00f0 f\u00e6tur vora \u00far borg y\u00f0ar \u00feurrkum v\u00e9r af oss og \u00fe\u00e9r geti\u00f0 hirt \u00fea\u00f0. Viti\u00f0 samt \u00feetta, a\u00f0 Gu\u00f0s r\u00edki er komi\u00f0 \u00ed n\u00e1nd. <a name=\"12\"><span class=\"versanumer_2007\">12<\/span><\/a> \u00c9g segi y\u00f0ur: B\u00e6rilegra mun S\u00f3d\u00f3mu \u00e1 \u00feeim degi en \u00feeirri borg. <\/p>\n<h3 class=\"millifyrirsogn_2007\">S\u00e1 sem hafnar m\u00e9r<\/h3>\n<p><a name=\"13\"><span class=\"versanumer_2007\">13<\/span><\/a> Vei \u00fe\u00e9r, Koras\u00edn! Vei \u00fe\u00e9r, Betsa\u00edda! Ef gerst hef\u00f0u \u00ed T\u00fdrus og S\u00eddon kraftaverkin, sem ger\u00f0ust \u00ed ykkur, hef\u00f0u \u00fe\u00e6r l\u00f6ngu i\u00f0rast og seti\u00f0 \u00ed sekk og \u00f6sku. <a name=\"14\"><span class=\"versanumer_2007\">14<\/span><\/a> En T\u00fdrus og S\u00eddon mun b\u00e6rilegra \u00ed d\u00f3minum en ykkur. <a name=\"15\"><span class=\"versanumer_2007\">15<\/span><\/a> Og \u00fe\u00fa, Kaperna\u00fam! Ver\u00f0ur \u00fe\u00fa hafin til himins? Nei, til heljar mun \u00fe\u00e9r steypt ver\u00f0a. <br \/> <a name=\"16\"><span class=\"versanumer_2007\">16<\/span><\/a> S\u00e1 sem \u00e1 y\u00f0ur hl\u00fd\u00f0ir hl\u00fd\u00f0ir \u00e1 mig og s\u00e1 sem hafnar y\u00f0ur hafnar m\u00e9r. En s\u00e1 sem hafnar m\u00e9r hafnar \u00feeim er sendi mig.\u201c <\/p>\n<h3 class=\"millifyrirsogn_2007\">\u00deeir sj\u00f6t\u00edu og tveir koma aftur<\/h3>\n<p><a name=\"17\"><span class=\"versanumer_2007\">17<\/span><\/a> N\u00fa komu \u00feeir sj\u00f6t\u00edu og tveir<span class=\"nedan_mal\" title=\" Annar lesh\u00e1ttur: sj\u00f6t\u00edu.\">[<\/span> aftur me\u00f0 f\u00f6gnu\u00f0i og s\u00f6g\u00f0u: \u201eDrottinn, jafnvel illir andar hl\u00fd\u00f0a okkur \u00feegar vi\u00f0 t\u00f6lum \u00ed \u00fe\u00ednu nafni.\u201c <br \/> <a name=\"18\"><span class=\"versanumer_2007\">18<\/span><\/a> En Jes\u00fas m\u00e6lti vi\u00f0 \u00fe\u00e1: \u201e\u00c9g s\u00e1 Satan hrapa af himni sem eldingu. <a name=\"19\"><span class=\"versanumer_2007\">19<\/span><\/a> \u00c9g hef gefi\u00f0 y\u00f0ur vald a\u00f0 st\u00edga \u00e1 h\u00f6ggorma og spor\u00f0dreka og yfir \u00f6llu \u00f3vinarins veldi. Alls ekkert mun gera y\u00f0ur mein. <a name=\"20\"><span class=\"versanumer_2007\">20<\/span><\/a> Gle\u00f0jist samt ekki af \u00fev\u00ed a\u00f0 illu andarnir hl\u00fd\u00f0a y\u00f0ur, gle\u00f0jist \u00f6llu heldur af hinu a\u00f0 n\u00f6fn y\u00f0ar eru skr\u00e1\u00f0 \u00ed himnunum.\u201c <\/p>\n<h3 class=\"millifyrirsogn_2007\">\u00c9g vegsama \u00feig, fa\u00f0ir<\/h3>\n<p><a name=\"21\"><span class=\"versanumer_2007\">21<\/span><\/a> \u00c1 s\u00f6mu stundu fylltist Jes\u00fas af fagnandi gle\u00f0i heilags anda og sag\u00f0i: \u201e\u00c9g vegsama \u00feig, fa\u00f0ir, Drottinn himins og jar\u00f0ar, a\u00f0 \u00fe\u00fa hefur huli\u00f0 \u00feetta spekingum og hyggindam\u00f6nnum en opinbera\u00f0 \u00fea\u00f0 sm\u00e6lingjum. J\u00e1, fa\u00f0ir, svo var \u00fe\u00e9r \u00fe\u00f3knanlegt. <br \/> <a name=\"22\"><span class=\"versanumer_2007\">22<\/span><\/a> Allt hefur fa\u00f0ir minn fali\u00f0 m\u00e9r og enginn veit hver sonurinn er nema fa\u00f0irinn n\u00e9 hver fa\u00f0irinn er nema sonurinn og s\u00e1 sem sonurinn vill opinbera hann.\u201c <\/p>\n<h3 class=\"millifyrirsogn_2007\">S\u00e6l eru \u00feau augu<\/h3>\n<p><a name=\"23\"><span class=\"versanumer_2007\">23<\/span><\/a> Og Jes\u00fas sneri s\u00e9r a\u00f0 l\u00e6risveinum s\u00ednum og sag\u00f0i einslega vi\u00f0 \u00fe\u00e1: \u201eS\u00e6l eru \u00feau augu sem sj\u00e1 \u00fea\u00f0 sem \u00fe\u00e9r sj\u00e1i\u00f0. <a name=\"24\"><span class=\"versanumer_2007\">24<\/span><\/a> \u00dev\u00ed a\u00f0 \u00e9g segi y\u00f0ur: Margir sp\u00e1menn og konungar vildu sj\u00e1 \u00fea\u00f0 sem \u00fe\u00e9r sj\u00e1i\u00f0 en s\u00e1u \u00fea\u00f0 ekki og heyra \u00fea\u00f0 sem \u00fe\u00e9r heyri\u00f0 en heyr\u00f0u \u00fea\u00f0 ekki.\u201c <\/p>\n<h3 class=\"millifyrirsogn_2007\">Hva\u00f0 \u00e1 \u00e9g a\u00f0 gera?<\/h3>\n<p><a name=\"25\"><span class=\"versanumer_2007\">25<\/span><\/a> L\u00f6gvitringur nokkur st\u00e9 fram, vildi freista Jes\u00fa og m\u00e6lti: \u201eMeistari, hva\u00f0 \u00e1 \u00e9g a\u00f0 gera til \u00feess a\u00f0 \u00f6\u00f0last eil\u00edft l\u00edf?\u201c <br \/> <a name=\"26\"><span class=\"versanumer_2007\">26<\/span><\/a> Jes\u00fas sag\u00f0i vi\u00f0 hann: \u201eHva\u00f0 er rita\u00f0 \u00ed l\u00f6gm\u00e1linu? Hvernig lest \u00fe\u00fa?\u201c <br \/> <a name=\"27\"><span class=\"versanumer_2007\">27<\/span><\/a> Hann svara\u00f0i: \u201eElska skalt \u00fe\u00fa Drottin, Gu\u00f0 \u00feinn, af \u00f6llu hjarta \u00fe\u00ednu, allri s\u00e1lu \u00feinni, \u00f6llum m\u00e6tti \u00fe\u00ednum og \u00f6llum huga \u00fe\u00ednum og n\u00e1unga \u00feinn eins og sj\u00e1lfan \u00feig.\u201c <br \/> <a name=\"28\"><span class=\"versanumer_2007\">28<\/span><\/a> Jes\u00fas sag\u00f0i vi\u00f0 hann: \u201e\u00de\u00fa svara\u00f0ir r\u00e9tt. Ger \u00fe\u00fa \u00feetta og \u00fe\u00fa munt lifa.\u201c <br \/> <a name=\"29\"><span class=\"versanumer_2007\">29<\/span><\/a> En l\u00f6gvitringurinn vildi r\u00e9ttl\u00e6ta sj\u00e1lfan sig og sag\u00f0i vi\u00f0 Jes\u00fa: \u201eHver er \u00fe\u00e1 n\u00e1ungi minn?\u201c <br \/> <a name=\"30\"><span class=\"versanumer_2007\">30<\/span><\/a> \u00dev\u00ed svara\u00f0i Jes\u00fas svo: \u201eMa\u00f0ur nokkur f\u00f3r fr\u00e1 Jer\u00fasalem ofan til Jer\u00edk\u00f3 og f\u00e9ll \u00ed hendur r\u00e6ningjum. \u00deeir flettu hann kl\u00e6\u00f0um og b\u00f6r\u00f0u hann, hurfu brott s\u00ed\u00f0an og l\u00e9tu hann eftir dau\u00f0vona. <a name=\"31\"><span class=\"versanumer_2007\">31<\/span><\/a> Svo vildi til a\u00f0 prestur nokkur f\u00f3r ofan sama veg og s\u00e1 manninn en sveig\u00f0i fram hj\u00e1. <a name=\"32\"><span class=\"versanumer_2007\">32<\/span><\/a> Eins kom og Lev\u00edti \u00fear a\u00f0, s\u00e1 hann og sveig\u00f0i fram hj\u00e1. <a name=\"33\"><span class=\"versanumer_2007\">33<\/span><\/a> En Samverji nokkur, er var \u00e1 fer\u00f0, kom a\u00f0 honum og er hann s\u00e1 hann kenndi hann \u00ed brj\u00f3sti um hann, <a name=\"34\"><span class=\"versanumer_2007\">34<\/span><\/a> gekk til hans, batt um s\u00e1r hans og hellti \u00ed \u00feau vi\u00f0smj\u00f6ri og v\u00edni. Og hann setti hann \u00e1 sinn eigin eyk, flutti hann til gistih\u00fass og l\u00e9t s\u00e9r annt um hann. <a name=\"35\"><span class=\"versanumer_2007\">35<\/span><\/a> Daginn eftir t\u00f3k hann upp tvo denara, f\u00e9kk gestgjafanum og m\u00e6lti: L\u00e1t \u00fe\u00e9r annt um hann og \u00fea\u00f0 sem \u00fe\u00fa kostar meira til skal \u00e9g borga \u00fe\u00e9r \u00feegar \u00e9g kem aftur. <br \/> <a name=\"36\"><span class=\"versanumer_2007\">36<\/span><\/a> Hver \u00feessara \u00feriggja s\u00fdnist \u00fe\u00e9r hafa reynst n\u00e1ungi \u00feeim manni sem f\u00e9ll \u00ed hendur r\u00e6ningjum?\u201c <br \/> <a name=\"37\"><span class=\"versanumer_2007\">37<\/span><\/a> Hann m\u00e6lti: \u201eS\u00e1 sem miskunnarverki\u00f0 ger\u00f0i \u00e1 honum.\u201c <br \/>Jes\u00fas sag\u00f0i \u00fe\u00e1 vi\u00f0 hann: \u201eFar \u00fe\u00fa og ger hi\u00f0 sama.\u201c <\/p>\n<h3 class=\"millifyrirsogn_2007\">Eitt er nau\u00f0synlegt<\/h3>\n<p><a name=\"38\"><span class=\"versanumer_2007\">38<\/span><\/a> \u00c1 fer\u00f0 \u00feeirra kom Jes\u00fas \u00ed \u00feorp nokkurt og kona a\u00f0 nafni Marta bau\u00f0 honum heim. <a name=\"39\"><span class=\"versanumer_2007\">39<\/span><\/a> H\u00fan \u00e1tti systur er Mar\u00eda h\u00e9t og settist h\u00fan vi\u00f0 f\u00e6tur Drottins og hl\u00fdddi \u00e1 or\u00f0 hans. <a name=\"40\"><span class=\"versanumer_2007\">40<\/span><\/a> En Marta lag\u00f0i allan hug \u00e1 a\u00f0 veita sem mesta \u00fej\u00f3nustu. Og h\u00fan gekk til hans og m\u00e6lti: \u201eDrottinn, hir\u00f0ir \u00fe\u00fa eigi um \u00fea\u00f0 a\u00f0 systir m\u00edn l\u00e6tur mig eina um a\u00f0 \u00fej\u00f3na gestum? Seg \u00fe\u00fa henni a\u00f0 hj\u00e1lpa m\u00e9r.\u201c <br \/> <a name=\"41\"><span class=\"versanumer_2007\">41<\/span><\/a> En Drottinn svara\u00f0i henni: \u201eMarta, Marta, \u00fe\u00fa ert \u00e1hyggjufull og m\u00e6\u00f0ist \u00ed m\u00f6rgu <a name=\"42\"><span class=\"versanumer_2007\">42<\/span><\/a> en eitt er nau\u00f0synlegt. Mar\u00eda valdi g\u00f3\u00f0a hlutskipti\u00f0. \u00dea\u00f0 ver\u00f0ur ekki fr\u00e1 henni teki\u00f0.\u201c <\/p>\n","protected":false},"excerpt":{"rendered":"<p>Uppskeran er mikil 1 Eftir \u00feetta kvaddi Drottinn til a\u00f0ra, sj\u00f6t\u00edu og tvo[ a\u00f0 t\u00f6lu, og sendi \u00fe\u00e1 \u00e1 undan s\u00e9r, tvo og tvo, \u00ed hverja \u00fe\u00e1 borg og sta\u00f0 sem hann \u00e6tla\u00f0i sj\u00e1lfur a\u00f0 koma til. 2 Og hann sag\u00f0i vi\u00f0 \u00fe\u00e1: \u201eUppskeran er mikil en verkamenn f\u00e1ir. Bi\u00f0ji\u00f0 \u00fev\u00ed Drottin uppskerunnar a\u00f0 senda verkamenn til uppskeru sinnar. 3 Fari\u00f0! \u00c9g sendi y\u00f0ur eins og l\u00f6mb me\u00f0al \u00falfa. 4 Hafi\u00f0 ekki pyngju, ekki mal e\u00f0a sk\u00f3 og heilsi\u00f0 engum \u00e1 lei\u00f0inni. 5 Hvar sem \u00fe\u00e9r komi\u00f0 \u00ed h\u00fas, \u00fe\u00e1 segi\u00f0 fyrst: Fri\u00f0ur s\u00e9 me\u00f0 h\u00fasi \u00feessu. 6 Og s\u00e9 <a href=\"https:\/\/biblian.is\/biblian\/lukasargudspjall-10-kafli\/\"> [&#8230;]<\/a><\/p>\n","protected":false},"author":1,"featured_media":0,"parent":0,"menu_order":0,"comment_status":"open","ping_status":"open","template":"bibliukaflar_NT.php","meta":{"footnotes":""},"class_list":["post-2600","page","type-page","status-publish","hentry"],"_links":{"self":[{"href":"https:\/\/biblian.is\/biblian\/wp-json\/wp\/v2\/pages\/2600","targetHints":{"allow":["GET"]}}],"collection":[{"href":"https:\/\/biblian.is\/biblian\/wp-json\/wp\/v2\/pages"}],"about":[{"href":"https:\/\/biblian.is\/biblian\/wp-json\/wp\/v2\/types\/page"}],"author":[{"embeddable":true,"href":"https:\/\/biblian.is\/biblian\/wp-json\/wp\/v2\/users\/1"}],"replies":[{"embeddable":true,"href":"https:\/\/biblian.is\/biblian\/wp-json\/wp\/v2\/comments?post=2600"}],"version-history":[{"count":0,"href":"https:\/\/biblian.is\/biblian\/wp-json\/wp\/v2\/pages\/2600\/revisions"}],"wp:attachment":[{"href":"https:\/\/biblian.is\/biblian\/wp-json\/wp\/v2\/media?parent=2600"}],"curies":[{"name":"wp","href":"https:\/\/api.w.org\/{rel}","templated":true}]}}