{"id":2599,"date":"2017-12-30T21:03:55","date_gmt":"2017-12-30T21:03:55","guid":{"rendered":"http:\/\/biblian.is\/biblian\/l%c2%9ckasargu_spjall-9-kafli\/"},"modified":"2019-08-26T22:41:43","modified_gmt":"2019-08-26T22:41:43","slug":"lukasargudspjall-9-kafli","status":"publish","type":"page","link":"https:\/\/biblian.is\/biblian\/lukasargudspjall-9-kafli\/","title":{"rendered":"L\u00fakasargu\u00f0spjall 9. kafli"},"content":{"rendered":"<h3 class=\"millifyrirsogn_2007\"> Postular sendir<\/h3>\n<p><a name=\"1\"><span class=\"versanumer_2007\">1<\/span><\/a> Jes\u00fas kalla\u00f0i saman \u00fe\u00e1 t\u00f3lf og gaf \u00feeim m\u00e1tt og vald yfir \u00f6llum illum \u00f6ndum og til a\u00f0 l\u00e6kna sj\u00fakd\u00f3ma. <a name=\"2\"><span class=\"versanumer_2007\">2<\/span><\/a> Hann sendi \u00fe\u00e1 a\u00f0 bo\u00f0a Gu\u00f0s r\u00edki og gr\u00e6\u00f0a sj\u00faka <a name=\"3\"><span class=\"versanumer_2007\">3<\/span><\/a> og sag\u00f0i vi\u00f0 \u00fe\u00e1: \u201eTaki\u00f0 ekkert til fer\u00f0arinnar, hvorki staf n\u00e9 mal, brau\u00f0 n\u00e9 silfur, og enginn hafi tvo kyrtla. <a name=\"4\"><span class=\"versanumer_2007\">4<\/span><\/a> Og hvar sem \u00fei\u00f0 f\u00e1i\u00f0 inni, \u00fear s\u00e9 a\u00f0setur ykkar og \u00fea\u00f0an skulu\u00f0 \u00fei\u00f0 leggja upp a\u00f0 n\u00fdju. <a name=\"5\"><span class=\"versanumer_2007\">5<\/span><\/a> En taki menn ekki vi\u00f0 ykkur, \u00fe\u00e1 fari\u00f0 \u00far borg \u00feeirra og hristi\u00f0 dusti\u00f0 af f\u00f3tum ykkar til vitnisbur\u00f0ar gegn \u00feeim.\u201c <br \/> <a name=\"6\"><span class=\"versanumer_2007\">6<\/span><\/a> \u00deeir l\u00f6g\u00f0u af sta\u00f0 og f\u00f3ru um \u00feorpin, fluttu fagna\u00f0arerindi\u00f0 og l\u00e6knu\u00f0u hvarvetna. <\/p>\n<h3 class=\"millifyrirsogn_2007\">Her\u00f3des vill sj\u00e1 Jes\u00fa<\/h3>\n<p><a name=\"7\"><span class=\"versanumer_2007\">7<\/span><\/a> En Her\u00f3des fj\u00f3r\u00f0ungsstj\u00f3ri fr\u00e9tti allt sem gerst haf\u00f0i og vissi ekki hva\u00f0 hann \u00e1tti a\u00f0 halda \u00fev\u00ed a\u00f0 sumir s\u00f6g\u00f0u a\u00f0 J\u00f3hannes v\u00e6ri risinn upp fr\u00e1 dau\u00f0um, <a name=\"8\"><span class=\"versanumer_2007\">8<\/span><\/a> a\u00f0rir a\u00f0 El\u00eda v\u00e6ri kominn fram, enn a\u00f0rir a\u00f0 einn hinna fornu sp\u00e1manna v\u00e6ri risinn upp. <a name=\"9\"><span class=\"versanumer_2007\">9<\/span><\/a> Her\u00f3des sag\u00f0i: \u201eJ\u00f3hannes l\u00e9t \u00e9g h\u00e1lsh\u00f6ggva en hver er \u00feessi er \u00e9g heyri \u00fev\u00edl\u00edkt um?\u201c Og hann leita\u00f0i f\u00e6ris a\u00f0 sj\u00e1 hann. <\/p>\n<h3 class=\"millifyrirsogn_2007\">Jes\u00fas mettar fimm \u00fe\u00fasundir<\/h3>\n<p><a name=\"10\"><span class=\"versanumer_2007\">10<\/span><\/a> Postularnir komu aftur og sk\u00fdr\u00f0u Jes\u00fa fr\u00e1 \u00f6llu \u00fev\u00ed er \u00feeir h\u00f6f\u00f0u gert en hann t\u00f3k \u00fe\u00e1 me\u00f0 s\u00e9r og v\u00e9k brott til b\u00e6jar, sem heitir Betsa\u00edda, til \u00feess a\u00f0 \u00feeir v\u00e6ru einir saman. <a name=\"11\"><span class=\"versanumer_2007\">11<\/span><\/a> Mannfj\u00f6ldinn var\u00f0 \u00feess var og f\u00f3r \u00e1 eftir honum. Jes\u00fas t\u00f3k m\u00f6nnum vel og tala\u00f0i vi\u00f0 \u00fe\u00e1 um Gu\u00f0s r\u00edki og l\u00e6kna\u00f0i \u00fe\u00e1 er l\u00e6kningar \u00feurftu. <br \/> <a name=\"12\"><span class=\"versanumer_2007\">12<\/span><\/a> N\u00fa t\u00f3k degi a\u00f0 halla. Komu \u00fe\u00e1 \u00feeir t\u00f3lf a\u00f0 m\u00e1li vi\u00f0 hann og s\u00f6g\u00f0u: \u201eL\u00e1t \u00fe\u00fa mannfj\u00f6ldann fara svo a\u00f0 hann n\u00e1i til \u00feorpa og b\u00fdla h\u00e9r \u00ed kring og geti fengi\u00f0 gistingu og mat \u00fev\u00ed a\u00f0 h\u00e9r erum vi\u00f0 \u00e1 \u00f3bygg\u00f0um sta\u00f0.\u201c <br \/> <a name=\"13\"><span class=\"versanumer_2007\">13<\/span><\/a> En Jes\u00fas sag\u00f0i vi\u00f0 \u00fe\u00e1: \u201eGefi\u00f0 \u00feeim sj\u00e1lfir a\u00f0 eta.\u201c <br \/> \u00deeir sv\u00f6ru\u00f0u: \u201eVi\u00f0 eigum ekki meira en fimm brau\u00f0 og tvo fiska nema vi\u00f0 f\u00f6rum og kaupum vistir handa \u00f6llu \u00feessu f\u00f3lki.\u201c <a name=\"14\"><span class=\"versanumer_2007\">14<\/span><\/a> En \u00fear voru um fimm \u00fe\u00fasund karlmenn. <br \/> Hann sag\u00f0i \u00fe\u00e1 vi\u00f0 l\u00e6risveina s\u00edna: \u201eL\u00e1ti\u00f0 \u00fe\u00e1 setjast \u00ed h\u00f3pa, um fimmt\u00edu \u00ed hverjum.\u201c <br \/> <a name=\"15\"><span class=\"versanumer_2007\">15<\/span><\/a> \u00deeir ger\u00f0u svo og l\u00e9tu alla setjast. <a name=\"16\"><span class=\"versanumer_2007\">16<\/span><\/a> En hann t\u00f3k brau\u00f0in fimm og fiskana tvo, leit upp til himins, \u00feakka\u00f0i Gu\u00f0i, braut \u00feau og gaf l\u00e6risveinunum til a\u00f0 bera fram fyrir mannfj\u00f6ldann. <a name=\"17\"><span class=\"versanumer_2007\">17<\/span><\/a> Allir neyttu og ur\u00f0u mettir. En leifarnar eftir \u00fe\u00e1 voru teknar saman, t\u00f3lf k\u00f6rfur brau\u00f0bita. <\/p>\n<h3 class=\"millifyrirsogn_2007\">J\u00e1tning P\u00e9turs<\/h3>\n<p><a name=\"18\"><span class=\"versanumer_2007\">18<\/span><\/a> Eitt sinn er Jes\u00fas var einn \u00e1 b\u00e6n og l\u00e6risveinarnir hj\u00e1 honum spur\u00f0i hann \u00fe\u00e1: \u201eHvern segir f\u00f3lki\u00f0 mig vera?\u201c <br \/> <a name=\"19\"><span class=\"versanumer_2007\">19<\/span><\/a> \u00deeir sv\u00f6ru\u00f0u: \u201eJ\u00f3hannes sk\u00edrara, a\u00f0rir El\u00eda og a\u00f0rir a\u00f0 einn hinna fornu sp\u00e1manna s\u00e9 risinn upp.\u201c <br \/> <a name=\"20\"><span class=\"versanumer_2007\">20<\/span><\/a> Og Jes\u00fas sag\u00f0i vi\u00f0 \u00fe\u00e1: \u201eEn \u00fei\u00f0, hvern segi\u00f0 \u00fei\u00f0 mig vera?\u201c <br \/>P\u00e9tur svara\u00f0i: \u201eKrist Gu\u00f0s.\u201c <\/p>\n<h3 class=\"millifyrirsogn_2007\">Mannssonurinn \u00e1 margt a\u00f0 l\u00ed\u00f0a<\/h3>\n<p><a name=\"21\"><span class=\"versanumer_2007\">21<\/span><\/a> Jes\u00fas lag\u00f0i r\u00edkt \u00e1 vi\u00f0 \u00fe\u00e1 a\u00f0 segja \u00feetta engum <a name=\"22\"><span class=\"versanumer_2007\">22<\/span><\/a> og m\u00e6lti: \u201eMannssonurinn \u00e1 margt a\u00f0 l\u00ed\u00f0a. \u00d6ldungarnir, \u00e6\u00f0stu prestarnir og fr\u00e6\u00f0imennirnir munu \u00fatsk\u00fafa honum og hann ver\u00f0ur l\u00edfl\u00e1tinn. En \u00e1 \u00feri\u00f0ja degi mun hann upp r\u00edsa.\u201c <br \/> <a name=\"23\"><span class=\"versanumer_2007\">23<\/span><\/a> Og Jes\u00fas sag\u00f0i vi\u00f0 alla: \u201eHver sem vill fylgja m\u00e9r afneiti sj\u00e1lfum s\u00e9r, taki kross sinn daglega og fylgi m\u00e9r. <a name=\"24\"><span class=\"versanumer_2007\">24<\/span><\/a> \u00dev\u00ed a\u00f0 hver sem vill bjarga l\u00edfi s\u00ednu mun t\u00fdna \u00fev\u00ed og hver sem t\u00fdnir l\u00edfi s\u00ednu m\u00edn vegna, hann mun bjarga \u00fev\u00ed. <a name=\"25\"><span class=\"versanumer_2007\">25<\/span><\/a> Hva\u00f0 sto\u00f0ar \u00fea\u00f0 manninn a\u00f0 eignast allan heiminn en t\u00fdna e\u00f0a glata sj\u00e1lfum s\u00e9r? <a name=\"26\"><span class=\"versanumer_2007\">26<\/span><\/a> \u00deegar Mannssonurinn kemur \u00ed d\u00fdr\u00f0 sinni og d\u00fdr\u00f0 f\u00f6\u00f0urins og heilagra engla mun hann blyg\u00f0ast s\u00edn fyrir \u00feann sem blyg\u00f0ast s\u00edn fyrir mig og m\u00edn or\u00f0. <a name=\"27\"><span class=\"versanumer_2007\">27<\/span><\/a> En \u00e9g segi y\u00f0ur me\u00f0 sanni: Nokkrir \u00feeirra sem h\u00e9r standa munu ekki deyja fyrr en \u00feeir sj\u00e1 Gu\u00f0s r\u00edki.\u201c <\/p>\n<h3 class=\"millifyrirsogn_2007\">\u00deessi er sonur minn<\/h3>\n<p><a name=\"28\"><span class=\"versanumer_2007\">28<\/span><\/a> Um \u00e1tta d\u00f6gum eftir r\u00e6\u00f0u \u00feessa t\u00f3k Jes\u00fas me\u00f0 s\u00e9r \u00fe\u00e1 P\u00e9tur, J\u00f3hannes og Jakob og gekk upp \u00e1 fjalli\u00f0 a\u00f0 bi\u00f0jast fyrir. <a name=\"29\"><span class=\"versanumer_2007\">29<\/span><\/a> Og er hann var a\u00f0 bi\u00f0jast fyrir var\u00f0 yfirlit \u00e1sj\u00f3nu hans anna\u00f0 og kl\u00e6\u00f0i hans ur\u00f0u hv\u00edt og sk\u00ednandi. <a name=\"30\"><span class=\"versanumer_2007\">30<\/span><\/a> Og tveir menn voru \u00e1 tali vi\u00f0 hann. \u00dea\u00f0 voru \u00feeir M\u00f3se og El\u00eda. <a name=\"31\"><span class=\"versanumer_2007\">31<\/span><\/a> \u00deeir birtust \u00ed d\u00fdr\u00f0 og r\u00e6ddu um brottf\u00f6r hans sem hann skyldi fullna \u00ed Jer\u00fasalem. <a name=\"32\"><span class=\"versanumer_2007\">32<\/span><\/a> \u00de\u00e1 P\u00e9tur og f\u00e9laga hans s\u00f3tti mj\u00f6g svefn en n\u00fa v\u00f6knu\u00f0u \u00feeir og s\u00e1u d\u00fdr\u00f0 hans og mennina tvo er st\u00f3\u00f0u hj\u00e1 honum. <a name=\"33\"><span class=\"versanumer_2007\">33<\/span><\/a> \u00deegar \u00feeir voru a\u00f0 skilja vi\u00f0 Jes\u00fa m\u00e6lti P\u00e9tur vi\u00f0 hann: \u201eMeistari, gott er a\u00f0 vi\u00f0 erum h\u00e9r. Gerum \u00ferj\u00e1r tjaldb\u00fa\u00f0ir, \u00fe\u00e9r eina, M\u00f3se eina og El\u00eda eina.\u201c Ekki vissi P\u00e9tur hva\u00f0 hann sag\u00f0i. <br \/> <a name=\"34\"><span class=\"versanumer_2007\">34<\/span><\/a> Um lei\u00f0 og P\u00e9tur m\u00e6lti \u00feetta kom sk\u00fd og skygg\u00f0i yfir \u00fe\u00e1 og ur\u00f0u \u00feeir hr\u00e6ddir er \u00feeir komu inn \u00ed sk\u00fdi\u00f0. <a name=\"35\"><span class=\"versanumer_2007\">35<\/span><\/a> Og r\u00f6dd kom \u00far sk\u00fdinu og sag\u00f0i: \u201e\u00deetta er sonur minn sem \u00e9g hef \u00fatvali\u00f0, hl\u00fd\u00f0i\u00f0 \u00e1 hann!\u201c <a name=\"36\"><span class=\"versanumer_2007\">36<\/span><\/a> Er r\u00f6ddin haf\u00f0i tala\u00f0 var Jes\u00fas einn. Og \u00feeir \u00fe\u00f6g\u00f0u og s\u00f6g\u00f0u \u00e1 \u00feeim d\u00f6gum engum fr\u00e1 neinu \u00fev\u00ed sem \u00feeir h\u00f6f\u00f0u s\u00e9\u00f0. <\/p>\n<h3 class=\"millifyrirsogn_2007\">Jes\u00fas l\u00e6knar svein<\/h3>\n<p><a name=\"37\"><span class=\"versanumer_2007\">37<\/span><\/a> Daginn eftir, er Jes\u00fas og l\u00e6risveinarnir f\u00f3ru ofan af fjallinu, kom mikill mannfj\u00f6ldi \u00e1 m\u00f3ti Jes\u00fa. <a name=\"38\"><span class=\"versanumer_2007\">38<\/span><\/a> Og ma\u00f0ur nokkur \u00far mannfj\u00f6ldanum hr\u00f3par: \u201eMeistari, \u00e9g bi\u00f0 \u00feig a\u00f0 l\u00edta \u00e1 son minn \u00fev\u00ed a\u00f0 hann er einkabarni\u00f0 mitt. <a name=\"39\"><span class=\"versanumer_2007\">39<\/span><\/a> \u00dea\u00f0 er andi sem gr\u00edpur hann og \u00fe\u00e1 \u00e6pir hann skyndilega. Hann teygir hann svo a\u00f0 hann fro\u00f0ufellir og v\u00edkur varla fr\u00e1 honum og er a\u00f0 gera \u00fat af vi\u00f0 hann. <a name=\"40\"><span class=\"versanumer_2007\">40<\/span><\/a> \u00c9g ba\u00f0 l\u00e6risveina \u00fe\u00edna a\u00f0 reka hann \u00fat en \u00feeir g\u00e1tu \u00fea\u00f0 ekki.\u201c <br \/> <a name=\"41\"><span class=\"versanumer_2007\">41<\/span><\/a> Jes\u00fas svara\u00f0i: \u201e\u00de\u00fa vantr\u00faa og rangsn\u00fana kynsl\u00f3\u00f0, hversu lengi \u00e1 \u00e9g a\u00f0 vera hj\u00e1 ykkur og umbera ykkur? F\u00e6r \u00fe\u00fa hinga\u00f0 son \u00feinn.\u201c <br \/> <a name=\"42\"><span class=\"versanumer_2007\">42<\/span><\/a> \u00deegar sveinninn var a\u00f0 koma slengdi illi andinn honum fl\u00f6tum og teyg\u00f0i hann \u00e1kaflega. En Jes\u00fas hasta\u00f0i \u00e1 \u00f3hreina andann, l\u00e6kna\u00f0i sveininn og gaf hann aftur f\u00f6\u00f0ur hans. <a name=\"43\"><span class=\"versanumer_2007\">43<\/span><\/a> Og allir undru\u00f0ust st\u00f3rum veldi Gu\u00f0s. <\/p>\n<h3 class=\"millifyrirsogn_2007\">\u00deeir skildu ekki<\/h3>\n<p>\u00de\u00e1 er allir d\u00e1\u00f0u allt \u00fea\u00f0 er hann ger\u00f0i sag\u00f0i Jes\u00fas vi\u00f0 l\u00e6risveina s\u00edna: <a name=\"44\"><span class=\"versanumer_2007\">44<\/span><\/a> \u201eFesti\u00f0 \u00feessi or\u00f0 \u00ed huga: Mannssonurinn ver\u00f0ur framseldur \u00ed manna hendur.\u201c <a name=\"45\"><span class=\"versanumer_2007\">45<\/span><\/a> En \u00feeir skildu ekki hva\u00f0 hann \u00e1tti vi\u00f0. \u00dea\u00f0 var \u00feeim huli\u00f0 til \u00feess a\u00f0 \u00feeir g\u00e6tu ekki skili\u00f0 \u00fea\u00f0. Og \u00feeir \u00feor\u00f0u ekki a\u00f0 spyrja Jes\u00fa um \u00feetta. <\/p>\n<h3 class=\"millifyrirsogn_2007\">Hver er mestur<\/h3>\n<p><a name=\"46\"><span class=\"versanumer_2007\">46<\/span><\/a> S\u00fa spurning kom fram me\u00f0al \u00feeirra hver \u00feeirra v\u00e6ri mestur. <a name=\"47\"><span class=\"versanumer_2007\">47<\/span><\/a> Jes\u00fas vissi hva\u00f0 \u00feeir hugsu\u00f0u \u00ed hj\u00f6rtum s\u00ednum og t\u00f3k l\u00edti\u00f0 barn, setti \u00fea\u00f0 hj\u00e1 s\u00e9r <a name=\"48\"><span class=\"versanumer_2007\">48<\/span><\/a> og sag\u00f0i vi\u00f0 \u00fe\u00e1: \u201eHver sem tekur vi\u00f0 \u00feessu barni \u00ed m\u00ednu nafni tekur vi\u00f0 m\u00e9r og hver sem tekur vi\u00f0 m\u00e9r tekur vi\u00f0 \u00feeim er sendi mig. \u00dev\u00ed a\u00f0 s\u00e1 sem minnstur er me\u00f0al ykkar allra, hann er mestur.\u201c <\/p>\n<h3 class=\"millifyrirsogn_2007\">S\u00e1 sem er ekki \u00e1 m\u00f3ti y\u00f0ur<\/h3>\n<p><a name=\"49\"><span class=\"versanumer_2007\">49<\/span><\/a> J\u00f3hannes t\u00f3k til m\u00e1ls: \u201eMeistari, vi\u00f0 s\u00e1um mann reka \u00fat illa anda \u00ed \u00fe\u00ednu nafni og vildum vi\u00f0 varna honum \u00feess af \u00fev\u00ed a\u00f0 hann fylgir okkur ekki.\u201c <br \/> <a name=\"50\"><span class=\"versanumer_2007\">50<\/span><\/a> En Jes\u00fas sag\u00f0i vi\u00f0 hann: \u201eVarni\u00f0 \u00feess ekki. S\u00e1 sem er ekki \u00e1 m\u00f3ti ykkur er me\u00f0 ykkur.\u201c <\/p>\n<h3 class=\"millifyrirsogn_2007\">Upp til Jer\u00fasalem<\/h3>\n<p><a name=\"51\"><span class=\"versanumer_2007\">51<\/span><\/a> N\u00fa fullna\u00f0ist br\u00e1tt s\u00e1 t\u00edmi er Jes\u00fas skyldi upp numinn ver\u00f0a. Beindi hann \u00fe\u00e1 augum til Jer\u00fasalem, einr\u00e1\u00f0inn a\u00f0 fara \u00feanga\u00f0. <a name=\"52\"><span class=\"versanumer_2007\">52<\/span><\/a> Og hann l\u00e9t sendibo\u00f0a fara \u00e1 undan s\u00e9r. \u00deeir f\u00f3ru og komu \u00ed Samverja\u00feorp nokkurt til a\u00f0 b\u00faa honum gistingu. <a name=\"53\"><span class=\"versanumer_2007\">53<\/span><\/a> En menn t\u00f3ku ekki vi\u00f0 honum \u00fev\u00ed a\u00f0 hann var \u00e1 lei\u00f0 til Jer\u00fasalem. <a name=\"54\"><span class=\"versanumer_2007\">54<\/span><\/a> \u00deegar l\u00e6risveinar hans, \u00feeir Jakob og J\u00f3hannes, s\u00e1u \u00fea\u00f0 s\u00f6g\u00f0u \u00feeir: \u201eDrottinn, eigum vi\u00f0 a\u00f0 bj\u00f3\u00f0a a\u00f0 eldur falli af himni og tort\u00edmi \u00feeim?\u201c<span class=\"nedan_mal\" title=\" Sum handrit b\u00e6ta h\u00e9r vi\u00f0: eins og El\u00eda ger\u00f0i.\">[<\/span> <br \/> <a name=\"55\"><span class=\"versanumer_2007\">55<\/span><\/a> En Jes\u00fas sneri s\u00e9r vi\u00f0 og \u00e1v\u00edta\u00f0i \u00fe\u00e1 [og sag\u00f0i: \u201eEkki viti\u00f0 \u00fei\u00f0 hva\u00f0a andi b\u00fdr \u00ed ykkur. <a name=\"56\"><span class=\"versanumer_2007\">56<\/span><\/a> Mannssonurinn er ekki kominn til a\u00f0 tort\u00edma mannsl\u00edfum heldur til a\u00f0 frelsa.\u201c]<span class=\"nedan_mal\" title=\" Vantar \u00ed sum handrit.\">[<\/span> Og \u00feeir f\u00f3ru \u00ed anna\u00f0 \u00feorp. <\/p>\n<h3 class=\"millifyrirsogn_2007\">Fylg \u00fe\u00fa m\u00e9r<\/h3>\n<p><a name=\"57\"><span class=\"versanumer_2007\">57<\/span><\/a> \u00c1 lei\u00f0inni sag\u00f0i ma\u00f0ur nokkur vi\u00f0 Jes\u00fa: \u201e\u00c9g vil fylgja \u00fe\u00e9r hvert sem \u00fe\u00fa fer\u00f0.\u201c <br \/> <a name=\"58\"><span class=\"versanumer_2007\">58<\/span><\/a> Jes\u00fas sag\u00f0i vi\u00f0 hann: \u201eRefar eiga greni og fuglar himins hrei\u00f0ur en Mannssonurinn \u00e1 hvergi h\u00f6f\u00f0i s\u00ednu a\u00f0 a\u00f0 halla.\u201c <br \/> <a name=\"59\"><span class=\"versanumer_2007\">59<\/span><\/a> Vi\u00f0 annan sag\u00f0i hann: \u201eFylg \u00fe\u00fa m\u00e9r!\u201c <br \/> S\u00e1 m\u00e6lti: \u201eDrottinn, leyf m\u00e9r fyrst a\u00f0 fara og jar\u00f0a f\u00f6\u00f0ur minn.\u201c <br \/> <a name=\"60\"><span class=\"versanumer_2007\">60<\/span><\/a> Jes\u00fas svara\u00f0i: \u201eL\u00e1t hina dau\u00f0u jar\u00f0a s\u00edna dau\u00f0u en far \u00fe\u00fa og bo\u00f0a Gu\u00f0s r\u00edki.\u201c <br \/> <a name=\"61\"><span class=\"versanumer_2007\">61<\/span><\/a> Enn annar sag\u00f0i: \u201e\u00c9g vil fylgja \u00fe\u00e9r, Drottinn, en leyf m\u00e9r fyrst a\u00f0 kve\u00f0ja f\u00f3lk mitt heima.\u201c <br \/> <a name=\"62\"><span class=\"versanumer_2007\">62<\/span><\/a> En Jes\u00fas sag\u00f0i vi\u00f0 hann: \u201eEnginn sem leggur h\u00f6nd \u00e1 pl\u00f3ginn og horfir aftur er h\u00e6fur \u00ed Gu\u00f0s r\u00edki.\u201c <\/p>\n","protected":false},"excerpt":{"rendered":"<p>Postular sendir 1 Jes\u00fas kalla\u00f0i saman \u00fe\u00e1 t\u00f3lf og gaf \u00feeim m\u00e1tt og vald yfir \u00f6llum illum \u00f6ndum og til a\u00f0 l\u00e6kna sj\u00fakd\u00f3ma. 2 Hann sendi \u00fe\u00e1 a\u00f0 bo\u00f0a Gu\u00f0s r\u00edki og gr\u00e6\u00f0a sj\u00faka 3 og sag\u00f0i vi\u00f0 \u00fe\u00e1: \u201eTaki\u00f0 ekkert til fer\u00f0arinnar, hvorki staf n\u00e9 mal, brau\u00f0 n\u00e9 silfur, og enginn hafi tvo kyrtla. 4 Og hvar sem \u00fei\u00f0 f\u00e1i\u00f0 inni, \u00fear s\u00e9 a\u00f0setur ykkar og \u00fea\u00f0an skulu\u00f0 \u00fei\u00f0 leggja upp a\u00f0 n\u00fdju. 5 En taki menn ekki vi\u00f0 ykkur, \u00fe\u00e1 fari\u00f0 \u00far borg \u00feeirra og hristi\u00f0 dusti\u00f0 af f\u00f3tum ykkar til vitnisbur\u00f0ar gegn \u00feeim.\u201c 6 \u00deeir l\u00f6g\u00f0u af <a href=\"https:\/\/biblian.is\/biblian\/lukasargudspjall-9-kafli\/\"> [&#8230;]<\/a><\/p>\n","protected":false},"author":1,"featured_media":0,"parent":0,"menu_order":0,"comment_status":"open","ping_status":"open","template":"bibliukaflar_NT.php","meta":{"footnotes":""},"class_list":["post-2599","page","type-page","status-publish","hentry"],"_links":{"self":[{"href":"https:\/\/biblian.is\/biblian\/wp-json\/wp\/v2\/pages\/2599","targetHints":{"allow":["GET"]}}],"collection":[{"href":"https:\/\/biblian.is\/biblian\/wp-json\/wp\/v2\/pages"}],"about":[{"href":"https:\/\/biblian.is\/biblian\/wp-json\/wp\/v2\/types\/page"}],"author":[{"embeddable":true,"href":"https:\/\/biblian.is\/biblian\/wp-json\/wp\/v2\/users\/1"}],"replies":[{"embeddable":true,"href":"https:\/\/biblian.is\/biblian\/wp-json\/wp\/v2\/comments?post=2599"}],"version-history":[{"count":0,"href":"https:\/\/biblian.is\/biblian\/wp-json\/wp\/v2\/pages\/2599\/revisions"}],"wp:attachment":[{"href":"https:\/\/biblian.is\/biblian\/wp-json\/wp\/v2\/media?parent=2599"}],"curies":[{"name":"wp","href":"https:\/\/api.w.org\/{rel}","templated":true}]}}