{"id":2597,"date":"2017-12-30T21:03:50","date_gmt":"2017-12-30T21:03:50","guid":{"rendered":"http:\/\/biblian.is\/biblian\/l%c2%9ckasargu_spjall-7-kafli\/"},"modified":"2019-08-26T22:41:42","modified_gmt":"2019-08-26T22:41:42","slug":"lukasargudspjall-7-kafli","status":"publish","type":"page","link":"https:\/\/biblian.is\/biblian\/lukasargudspjall-7-kafli\/","title":{"rendered":"L\u00fakasargu\u00f0spjall 7. kafli"},"content":{"rendered":"<h3 class=\"millifyrirsogn_2007\"> M\u00e6l \u00fe\u00fa eitt or\u00f0<\/h3>\n<p><a name=\"1\"><span class=\"versanumer_2007\">1<\/span><\/a> \u00de\u00e1 er Jes\u00fas haf\u00f0i loki\u00f0 vi\u00f0 a\u00f0 tala vi\u00f0 f\u00f3lki\u00f0 f\u00f3r hann til Kaperna\u00fam. <a name=\"2\"><span class=\"versanumer_2007\">2<\/span><\/a> Hundra\u00f0sh\u00f6f\u00f0ingi nokkur haf\u00f0i \u00fej\u00f3n sem hann mat mikils. \u00dej\u00f3nninn var sj\u00fakur og dau\u00f0vona. <a name=\"3\"><span class=\"versanumer_2007\">3<\/span><\/a> \u00deegar hundra\u00f0sh\u00f6f\u00f0inginn heyr\u00f0i um Jes\u00fa sendi hann til hans \u00f6ldunga Gy\u00f0inga og ba\u00f0 hann koma og bjarga l\u00edfi \u00fej\u00f3ns s\u00edns. <a name=\"4\"><span class=\"versanumer_2007\">4<\/span><\/a> \u00deeir komu til Jes\u00fa, b\u00e1\u00f0u hann \u00e1kaft og s\u00f6g\u00f0u: \u201eVer\u00f0ur er hann \u00feess a\u00f0 \u00fe\u00fa veitir honum \u00feetta <a name=\"5\"><span class=\"versanumer_2007\">5<\/span><\/a> \u00fev\u00ed a\u00f0 hann elskar \u00fej\u00f3\u00f0 okkar og hann hefur reist samkunduna handa okkur.\u201c <br \/> <a name=\"6\"><span class=\"versanumer_2007\">6<\/span><\/a> Jes\u00fas f\u00f3r me\u00f0 \u00feeim. \u00deegar hann \u00e1tti skammt til h\u00fassins sendi hundra\u00f0sh\u00f6f\u00f0inginn vini s\u00edna til hans og l\u00e9t segja vi\u00f0 hann: \u201e\u00d3maka \u00feig ekki, Drottinn, \u00fev\u00ed a\u00f0 \u00e9g er ekki ver\u00f0ur \u00feess a\u00f0 \u00fe\u00fa gangir inn undir \u00feak mitt. <a name=\"7\"><span class=\"versanumer_2007\">7<\/span><\/a> \u00deess vegna hef \u00e9g ekki heldur tali\u00f0 sj\u00e1lfan mig ver\u00f0an \u00feess a\u00f0 koma til \u00fe\u00edn. En m\u00e6l \u00fe\u00fa eitt or\u00f0 og mun sveinn minn heill ver\u00f0a. <a name=\"8\"><span class=\"versanumer_2007\">8<\/span><\/a> \u00dev\u00ed a\u00f0 sj\u00e1lfur er \u00e9g ma\u00f0ur sem ver\u00f0ur a\u00f0 l\u00fata valdi og r\u00e6\u00f0ur yfir herm\u00f6nnum og \u00e9g segi vi\u00f0 einn: Far \u00fe\u00fa, og hann fer og vi\u00f0 annan: Kom \u00fe\u00fa, og hann kemur og vi\u00f0 \u00fej\u00f3n minn: Ger \u00feetta, og hann gerir \u00fea\u00f0.\u201c <br \/> <a name=\"9\"><span class=\"versanumer_2007\">9<\/span><\/a> \u00deegar Jes\u00fas heyr\u00f0i \u00feetta fur\u00f0a\u00f0i hann sig \u00e1 honum, sneri s\u00e9r a\u00f0 mannfj\u00f6ldanum sem fylgdi honum og m\u00e6lti: \u201e\u00c9g segi ykkur, ekki einu sinni \u00ed \u00cdsrael hef \u00e9g fundi\u00f0 \u00fev\u00edl\u00edka tr\u00fa.\u201c <a name=\"10\"><span class=\"versanumer_2007\">10<\/span><\/a> Sendimenn sneru \u00fe\u00e1 aftur heim og fundu \u00fej\u00f3ninn heilan heilsu. <\/p>\n<h3 class=\"millifyrirsogn_2007\">Gr\u00e1t \u00fe\u00fa eigi<\/h3>\n<p><a name=\"11\"><span class=\"versanumer_2007\">11<\/span><\/a> Sk\u00f6mmu s\u00ed\u00f0ar bar svo vi\u00f0 a\u00f0 Jes\u00fas h\u00e9lt til borgar sem heitir Nain og l\u00e6risveinar hans f\u00f3ru me\u00f0 honum og mikill mannfj\u00f6ldi. <a name=\"12\"><span class=\"versanumer_2007\">12<\/span><\/a> \u00deegar hann n\u00e1lga\u00f0ist borgarhli\u00f0i\u00f0 \u00fe\u00e1 var veri\u00f0 a\u00f0 bera \u00fat l\u00e1tinn mann, einkason m\u00f3\u00f0ur sinnar sem var ekkja, og mikill fj\u00f6ldi \u00far borginni var me\u00f0 henni. <a name=\"13\"><span class=\"versanumer_2007\">13<\/span><\/a> Og er Drottinn s\u00e1 hana kenndi hann \u00ed brj\u00f3sti um hana og sag\u00f0i vi\u00f0 hana: \u201eGr\u00e1t \u00fe\u00fa eigi!\u201c <a name=\"14\"><span class=\"versanumer_2007\">14<\/span><\/a> Og hann gekk a\u00f0 og snart l\u00edkb\u00f6rurnar en \u00feeir sem b\u00e1ru n\u00e1mu sta\u00f0ar. \u00de\u00e1 sag\u00f0i hann: \u201eUngi ma\u00f0ur, \u00e9g segi \u00fe\u00e9r, r\u00eds \u00fe\u00fa upp!\u201c <a name=\"15\"><span class=\"versanumer_2007\">15<\/span><\/a> Hinn l\u00e1tni settist \u00fe\u00e1 upp og t\u00f3k a\u00f0 m\u00e6la og Jes\u00fas gaf hann m\u00f3\u00f0ur hans. <br \/> <a name=\"16\"><span class=\"versanumer_2007\">16<\/span><\/a> En \u00f3tti greip alla og \u00feeir vegs\u00f6mu\u00f0u Gu\u00f0 og s\u00f6g\u00f0u: \u201eSp\u00e1ma\u00f0ur mikill er risinn upp me\u00f0al okkar,\u201c og \u201eGu\u00f0 hefur vitja\u00f0 l\u00fd\u00f0s s\u00edns.\u201c <br \/> <a name=\"17\"><span class=\"versanumer_2007\">17<\/span><\/a> Og \u00feessi fregn um Jes\u00fa barst \u00fat um alla J\u00fadeu og allt n\u00e1grenni\u00f0. <\/p>\n<h3 class=\"millifyrirsogn_2007\">Ert \u00fe\u00fa s\u00e1 sem koma skal?<\/h3>\n<p><a name=\"18\"><span class=\"versanumer_2007\">18<\/span><\/a> L\u00e6risveinar J\u00f3hannesar s\u00f6g\u00f0u honum fr\u00e1 \u00f6llu \u00feessu. J\u00f3hannes kalla\u00f0i \u00fe\u00e1 til s\u00edn tvo l\u00e6risveina s\u00edna, <a name=\"19\"><span class=\"versanumer_2007\">19<\/span><\/a> sendi \u00fe\u00e1 til Drottins og l\u00e9t spyrja: \u201eErt \u00fe\u00fa s\u00e1 sem koma skal e\u00f0a eigum vi\u00f0 a\u00f0 v\u00e6nta annars?\u201c <br \/> <a name=\"20\"><span class=\"versanumer_2007\">20<\/span><\/a> Mennirnir f\u00f3ru til hans og s\u00f6g\u00f0u: \u201eJ\u00f3hannes sk\u00edrari sendi okkur til \u00fe\u00edn og spyr: Ert \u00fe\u00fa s\u00e1 sem koma skal e\u00f0a eigum vi\u00f0 a\u00f0 v\u00e6nta annars?\u201c <br \/> <a name=\"21\"><span class=\"versanumer_2007\">21<\/span><\/a> \u00c1 \u00feeirri stundu l\u00e6kna\u00f0i hann marga af sj\u00fakd\u00f3mum, meinum og illum \u00f6ndum og gaf m\u00f6rgum blindum s\u00fdn. <a name=\"22\"><span class=\"versanumer_2007\">22<\/span><\/a> Og hann svara\u00f0i \u00feeim: \u201eFari\u00f0 og kunngj\u00f6ri\u00f0 J\u00f3hannesi \u00fea\u00f0 sem \u00fei\u00f0 hafi\u00f0 s\u00e9\u00f0 og heyrt: Blindir f\u00e1 s\u00fdn, haltir ganga, l\u00edk\u00fer\u00e1ir hreinsast<span class=\"nedan_mal\" title=\" Sj\u00e1 L\u00fak 5.12.\">[<\/span> og daufir heyra, dau\u00f0ir r\u00edsa upp og f\u00e1t\u00e6kum er flutt fagna\u00f0arerindi. <a name=\"23\"><span class=\"versanumer_2007\">23<\/span><\/a> Og s\u00e6ll er s\u00e1 sem hafnar ekki \u00fev\u00ed sem \u00e9g geri.\u201c <\/p>\n<h3 class=\"millifyrirsogn_2007\">Meira en sp\u00e1ma\u00f0ur<\/h3>\n<p><a name=\"24\"><span class=\"versanumer_2007\">24<\/span><\/a> \u00de\u00e1 er sendimenn J\u00f3hannesar voru farnir burt t\u00f3k Jes\u00fas a\u00f0 tala til mannfj\u00f6ldans um J\u00f3hannes: \u201eHva\u00f0 f\u00f3ru\u00f0 \u00fei\u00f0 a\u00f0 sj\u00e1 \u00ed \u00f3bygg\u00f0um? Reyr af vindi skekinn? <a name=\"25\"><span class=\"versanumer_2007\">25<\/span><\/a> Hva\u00f0 f\u00f3ru\u00f0 \u00fei\u00f0 a\u00f0 sj\u00e1? Pr\u00fa\u00f0b\u00fainn mann? Nei, \u00ed konungss\u00f6lum er \u00fe\u00e1 a\u00f0 finna sem skartkl\u00e6\u00f0in bera og lifa \u00ed s\u00e6ll\u00edfi. <a name=\"26\"><span class=\"versanumer_2007\">26<\/span><\/a> Hva\u00f0 f\u00f3ru\u00f0 \u00fei\u00f0 \u00fe\u00e1 a\u00f0 sj\u00e1? Sp\u00e1mann? J\u00e1, segi \u00e9g ykkur, og \u00fea\u00f0 meira en sp\u00e1mann. <a name=\"27\"><span class=\"versanumer_2007\">27<\/span><\/a> Hann er s\u00e1 sem um er rita\u00f0:<br \/> <span class=\"ljodatexti\"> \u00c9g sendi sendibo\u00f0a minn \u00e1 undan \u00fe\u00e9r, <br \/>hann \u00e1 a\u00f0 ry\u00f0ja \u00fe\u00e9r braut. <\/span> <br \/> <a name=\"28\"><span class=\"versanumer_2007\">28<\/span><\/a> \u00c9g segi ykkur: Enginn er s\u00e1 af konu f\u00e6ddur sem er meiri en J\u00f3hannes. En hinn minnsti \u00ed Gu\u00f0s r\u00edki er honum meiri.\u201c <br \/> <a name=\"29\"><span class=\"versanumer_2007\">29<\/span><\/a> Og allir sem \u00e1 hl\u00fdddu, jafnvel tollheimtumenn, vi\u00f0urkenndu a\u00f0 h\u00e9r var Gu\u00f0 a\u00f0 verki og l\u00e9tu sk\u00edrast af J\u00f3hannesi. <a name=\"30\"><span class=\"versanumer_2007\">30<\/span><\/a> En far\u00edsear og l\u00f6gvitringar ger\u00f0u a\u00f0 engu \u00e1form Gu\u00f0s um \u00fe\u00e1 og l\u00e9tu J\u00f3hannes ekki sk\u00edra sig. <br \/> <a name=\"31\"><span class=\"versanumer_2007\">31<\/span><\/a> \u201eVi\u00f0 hva\u00f0 \u00e1 \u00e9g \u00fe\u00e1 a\u00f0 l\u00edkja m\u00f6nnum \u00feessarar kynsl\u00f3\u00f0ar? Hverju eru \u00feeir l\u00edkir? <a name=\"32\"><span class=\"versanumer_2007\">32<\/span><\/a> L\u00edkir eru \u00feeir b\u00f6rnum sem \u00e1 torgi sitja og kallast \u00e1: Vi\u00f0 l\u00e9kum fyrir ykkur \u00e1 flautu og ekki vildu\u00f0 \u00fei\u00f0 dansa. Vi\u00f0 sungum ykkur sorgarlj\u00f3\u00f0 og ekki vildu\u00f0 \u00fei\u00f0 gr\u00e1ta. <a name=\"33\"><span class=\"versanumer_2007\">33<\/span><\/a> N\u00fa kom J\u00f3hannes sk\u00edrari, \u00e1t hvorki brau\u00f0 n\u00e9 drakk v\u00edn, og \u00fei\u00f0 segi\u00f0: Hann hefur illan anda. <a name=\"34\"><span class=\"versanumer_2007\">34<\/span><\/a> Og Mannssonurinn er kominn, etur og drekkur og \u00fei\u00f0 segi\u00f0: Hann er math\u00e1kur og v\u00ednsvelgur, vinur tollheimtumanna og syndara! <a name=\"35\"><span class=\"versanumer_2007\">35<\/span><\/a> En \u00f6ll b\u00f6rn spekinnar sj\u00e1 og j\u00e1ta hvar h\u00fan er a\u00f0 verki.\u201c <\/p>\n<h3 class=\"millifyrirsogn_2007\">Syndir fyrirgefnar<\/h3>\n<p><a name=\"36\"><span class=\"versanumer_2007\">36<\/span><\/a> Far\u00edsei nokkur bau\u00f0 Jes\u00fa til m\u00e1lt\u00ed\u00f0ar og hann f\u00f3r inn \u00ed h\u00fas far\u00edseans og settist til bor\u00f0s. <a name=\"37\"><span class=\"versanumer_2007\">37<\/span><\/a> En kona ein \u00ed b\u00e6num, sem var bersyndug, var\u00f0 \u00feess v\u00eds a\u00f0 hann sat a\u00f0 bor\u00f0i \u00ed h\u00fasi far\u00edseans. Kom h\u00fan \u00fe\u00e1 me\u00f0 alabastursbu\u00f0k me\u00f0 smyrslum, <a name=\"38\"><span class=\"versanumer_2007\">38<\/span><\/a> nam sta\u00f0ar a\u00f0 baki Jes\u00fa til f\u00f3ta hans gr\u00e1tandi,<span class=\"nedan_mal\" title=\" \u00c1 \u00feessum d\u00f6gum l\u00e1gu menn til bor\u00f0s.\">[<\/span> t\u00f3k a\u00f0 v\u00e6ta f\u00e6tur hans me\u00f0 t\u00e1rum s\u00ednum, \u00feerra\u00f0i \u00fe\u00e1 me\u00f0 h\u00f6fu\u00f0h\u00e1ri s\u00ednu, kyssti \u00fe\u00e1 og smur\u00f0i me\u00f0 smyrslunum. <a name=\"39\"><span class=\"versanumer_2007\">39<\/span><\/a> \u00deegar far\u00edseinn, sem haf\u00f0i bo\u00f0i\u00f0 honum, s\u00e1 \u00feetta sag\u00f0i hann me\u00f0 sj\u00e1lfum s\u00e9r: \u201eV\u00e6ri \u00feetta sp\u00e1ma\u00f0ur mundi hann vita hver og hv\u00edl\u00edk s\u00fa kona er sem snertir hann, a\u00f0 h\u00fan er bersyndug.\u201c <br \/> <a name=\"40\"><span class=\"versanumer_2007\">40<\/span><\/a> Jes\u00fas sag\u00f0i \u00fe\u00e1 vi\u00f0 hann: \u201eS\u00edmon, \u00e9g hef nokku\u00f0 a\u00f0 segja \u00fe\u00e9r.\u201c <br \/>Hann svara\u00f0i: \u201eSeg \u00fe\u00fa \u00fea\u00f0, meistari.\u201c <br \/> <a name=\"41\"><span class=\"versanumer_2007\">41<\/span><\/a> \u201eTveir menn voru skuldugir l\u00e1nveitanda nokkrum. Annar skulda\u00f0i honum fimm hundru\u00f0 denara<span class=\"nedan_mal\" title=\" Einn denar var \u00fe\u00e1 venjuleg daglaun landb\u00fana\u00f0arverkamanns, sbr. Matt 20.2.\">[<\/span> en hinn fimmt\u00edu. <a name=\"42\"><span class=\"versanumer_2007\">42<\/span><\/a> N\u00fa g\u00e1tu \u00feeir ekkert borga\u00f0 og \u00fe\u00e1 gaf hann b\u00e1\u00f0um upp skuldina. Hvor \u00feeirra skyldi n\u00fa elska hann meira?\u201c <br \/> <a name=\"43\"><span class=\"versanumer_2007\">43<\/span><\/a> S\u00edmon svara\u00f0i: \u201eS\u00e1 hygg \u00e9g sem hann gaf meira upp.\u201c <br \/>Jes\u00fas sag\u00f0i vi\u00f0 hann: \u201e\u00de\u00fa \u00e1lykta\u00f0ir r\u00e9tt.\u201c <a name=\"44\"><span class=\"versanumer_2007\">44<\/span><\/a> S\u00ed\u00f0an sneri hann s\u00e9r a\u00f0 konunni og sag\u00f0i vi\u00f0 S\u00edmon: \u201eS\u00e9r \u00fe\u00fa konu \u00feessa? \u00c9g kom \u00ed h\u00fas \u00feitt og \u00fe\u00fa gafst m\u00e9r ekki vatn \u00e1 f\u00e6tur m\u00edna en h\u00fan v\u00e6tti f\u00e6tur m\u00edna t\u00e1rum s\u00ednum og \u00feerra\u00f0i me\u00f0 h\u00e1ri s\u00ednu. <a name=\"45\"><span class=\"versanumer_2007\">45<\/span><\/a> Ekki gafst \u00fe\u00fa m\u00e9r koss en h\u00fan hefur ekki l\u00e1ti\u00f0 af a\u00f0 kyssa f\u00e6tur m\u00edna allt fr\u00e1 \u00fev\u00ed \u00e9g kom. <a name=\"46\"><span class=\"versanumer_2007\">46<\/span><\/a> Ekki smur\u00f0ir \u00fe\u00fa h\u00f6fu\u00f0 mitt ol\u00edu en h\u00fan hefur smurt f\u00e6tur m\u00edna me\u00f0 smyrslum. <a name=\"47\"><span class=\"versanumer_2007\">47<\/span><\/a> \u00deess vegna segi \u00e9g \u00fe\u00e9r: Hinar m\u00f6rgu syndir hennar eru fyrirgefnar enda elskar h\u00fan miki\u00f0 en s\u00e1 elskar l\u00edti\u00f0 sem l\u00edti\u00f0 er fyrirgefi\u00f0.\u201c <a name=\"48\"><span class=\"versanumer_2007\">48<\/span><\/a> S\u00ed\u00f0an sag\u00f0i hann vi\u00f0 hana: \u201eSyndir \u00fe\u00ednar eru fyrirgefnar.\u201c <br \/> <a name=\"49\"><span class=\"versanumer_2007\">49<\/span><\/a> \u00de\u00e1 t\u00f3ku \u00feeir sem til bor\u00f0s voru me\u00f0 honum a\u00f0 segja me\u00f0 sj\u00e1lfum s\u00e9r: \u201eHver er s\u00e1 er fyrirgefur syndir?\u201c <br \/> <a name=\"50\"><span class=\"versanumer_2007\">50<\/span><\/a> En Jes\u00fas sag\u00f0i vi\u00f0 konuna: \u201eTr\u00fa \u00fe\u00edn hefur frelsa\u00f0 \u00feig, far \u00fe\u00fa \u00ed fri\u00f0i.\u201c <\/p>\n","protected":false},"excerpt":{"rendered":"<p>M\u00e6l \u00fe\u00fa eitt or\u00f0 1 \u00de\u00e1 er Jes\u00fas haf\u00f0i loki\u00f0 vi\u00f0 a\u00f0 tala vi\u00f0 f\u00f3lki\u00f0 f\u00f3r hann til Kaperna\u00fam. 2 Hundra\u00f0sh\u00f6f\u00f0ingi nokkur haf\u00f0i \u00fej\u00f3n sem hann mat mikils. \u00dej\u00f3nninn var sj\u00fakur og dau\u00f0vona. 3 \u00deegar hundra\u00f0sh\u00f6f\u00f0inginn heyr\u00f0i um Jes\u00fa sendi hann til hans \u00f6ldunga Gy\u00f0inga og ba\u00f0 hann koma og bjarga l\u00edfi \u00fej\u00f3ns s\u00edns. 4 \u00deeir komu til Jes\u00fa, b\u00e1\u00f0u hann \u00e1kaft og s\u00f6g\u00f0u: \u201eVer\u00f0ur er hann \u00feess a\u00f0 \u00fe\u00fa veitir honum \u00feetta 5 \u00fev\u00ed a\u00f0 hann elskar \u00fej\u00f3\u00f0 okkar og hann hefur reist samkunduna handa okkur.\u201c 6 Jes\u00fas f\u00f3r me\u00f0 \u00feeim. \u00deegar hann \u00e1tti skammt til h\u00fassins sendi hundra\u00f0sh\u00f6f\u00f0inginn <a href=\"https:\/\/biblian.is\/biblian\/lukasargudspjall-7-kafli\/\"> [&#8230;]<\/a><\/p>\n","protected":false},"author":1,"featured_media":0,"parent":0,"menu_order":0,"comment_status":"open","ping_status":"open","template":"bibliukaflar_NT.php","meta":{"footnotes":""},"class_list":["post-2597","page","type-page","status-publish","hentry"],"_links":{"self":[{"href":"https:\/\/biblian.is\/biblian\/wp-json\/wp\/v2\/pages\/2597","targetHints":{"allow":["GET"]}}],"collection":[{"href":"https:\/\/biblian.is\/biblian\/wp-json\/wp\/v2\/pages"}],"about":[{"href":"https:\/\/biblian.is\/biblian\/wp-json\/wp\/v2\/types\/page"}],"author":[{"embeddable":true,"href":"https:\/\/biblian.is\/biblian\/wp-json\/wp\/v2\/users\/1"}],"replies":[{"embeddable":true,"href":"https:\/\/biblian.is\/biblian\/wp-json\/wp\/v2\/comments?post=2597"}],"version-history":[{"count":0,"href":"https:\/\/biblian.is\/biblian\/wp-json\/wp\/v2\/pages\/2597\/revisions"}],"wp:attachment":[{"href":"https:\/\/biblian.is\/biblian\/wp-json\/wp\/v2\/media?parent=2597"}],"curies":[{"name":"wp","href":"https:\/\/api.w.org\/{rel}","templated":true}]}}