{"id":2596,"date":"2017-12-30T21:03:50","date_gmt":"2017-12-30T21:03:50","guid":{"rendered":"http:\/\/biblian.is\/biblian\/l%c2%9ckasargu_spjall-6-kafli\/"},"modified":"2019-08-26T22:41:42","modified_gmt":"2019-08-26T22:41:42","slug":"lukasargudspjall-6-kafli","status":"publish","type":"page","link":"https:\/\/biblian.is\/biblian\/lukasargudspjall-6-kafli\/","title":{"rendered":"L\u00fakasargu\u00f0spjall 6. kafli"},"content":{"rendered":"<h3 class=\"millifyrirsogn_2007\"> Drottinn hv\u00edldardagsins<\/h3>\n<p><a name=\"1\"><span class=\"versanumer_2007\">1<\/span><\/a> En svo bar vi\u00f0 \u00e1 hv\u00edldardegi a\u00f0 Jes\u00fas f\u00f3r um s\u00e1\u00f0l\u00f6nd og t\u00edndu l\u00e6risveinar hans korn\u00f6x, neru milli handanna og \u00e1tu. <a name=\"2\"><span class=\"versanumer_2007\">2<\/span><\/a> \u00de\u00e1 s\u00f6g\u00f0u far\u00edsear nokkrir: \u201eHv\u00ed geri\u00f0 \u00fei\u00f0 \u00fea\u00f0 sem er ekki leyfilegt \u00e1 hv\u00edldardegi?\u201c <br \/> <a name=\"3\"><span class=\"versanumer_2007\">3<\/span><\/a> Og Jes\u00fas svara\u00f0i \u00feeim: \u201eHafi\u00f0 \u00fei\u00f0 \u00fe\u00e1 ekki lesi\u00f0 hva\u00f0 Dav\u00ed\u00f0 ger\u00f0i er hann hungra\u00f0i og menn hans? <a name=\"4\"><span class=\"versanumer_2007\">4<\/span><\/a> Hann f\u00f3r inn \u00ed Gu\u00f0s h\u00fas, t\u00f3k sko\u00f0unarbrau\u00f0in og \u00e1t og gaf m\u00f6nnum s\u00ednum en \u00feau m\u00e1 enginn eta nema prestarnir einir.\u201c <a name=\"5\"><span class=\"versanumer_2007\">5<\/span><\/a> Og hann sag\u00f0i vi\u00f0 \u00fe\u00e1: \u201eMannssonurinn er Drottinn hv\u00edldardagsins.\u201c <br \/> <a name=\"6\"><span class=\"versanumer_2007\">6<\/span><\/a> Annan hv\u00edldardag gekk Jes\u00fas \u00ed samkunduna og kenndi. \u00dear var ma\u00f0ur nokkur me\u00f0 visna h\u00e6gri h\u00f6nd. <a name=\"7\"><span class=\"versanumer_2007\">7<\/span><\/a> En fr\u00e6\u00f0imenn og far\u00edsear h\u00f6f\u00f0u n\u00e1nar g\u00e6tur \u00e1 Jes\u00fa, hvort hann l\u00e6kna\u00f0i \u00e1 hv\u00edldardegi, svo a\u00f0 \u00feeir fengju tilefni a\u00f0 k\u00e6ra hann. <a name=\"8\"><span class=\"versanumer_2007\">8<\/span><\/a> En hann vissi hugsanir \u00feeirra og sag\u00f0i vi\u00f0 manninn me\u00f0 visnu h\u00f6ndina: \u201eStatt upp og kom h\u00e9r fram.\u201c Og hann st\u00f3\u00f0 upp og kom. <a name=\"9\"><span class=\"versanumer_2007\">9<\/span><\/a> Jes\u00fas sag\u00f0i vi\u00f0 \u00fe\u00e1: \u201e\u00c9g spyr ykkur, hvort er heldur leyfilegt a\u00f0 gera gott e\u00f0a gera illt \u00e1 hv\u00edldardegi, bjarga l\u00edfi e\u00f0a granda \u00fev\u00ed?\u201c <a name=\"10\"><span class=\"versanumer_2007\">10<\/span><\/a> Jes\u00fas leit \u00e1 \u00fe\u00e1 alla, hvern af \u00f6\u00f0rum, og sag\u00f0i<span class=\"nedan_mal\" title=\" Annar lesh\u00e1ttur: sag\u00f0i byrstur.\">[<\/span> vi\u00f0 manninn: \u201eR\u00e9ttu fram h\u00f6nd \u00fe\u00edna.\u201c Hann ger\u00f0i svo og h\u00f6nd hans var\u00f0 heil. <br \/> <a name=\"11\"><span class=\"versanumer_2007\">11<\/span><\/a> En \u00feeir ur\u00f0u \u00e6fir vi\u00f0 og r\u00e6ddu s\u00edn \u00e1 milli hva\u00f0 \u00feeir g\u00e6tu gert Jes\u00fa. <\/p>\n<h3 class=\"millifyrirsogn_2007\">Postular valdir<\/h3>\n<p><a name=\"12\"><span class=\"versanumer_2007\">12<\/span><\/a> En svo bar vi\u00f0 um \u00feessar mundir a\u00f0 Jes\u00fas f\u00f3r til fjalls a\u00f0 bi\u00f0jast fyrir og var alla n\u00f3ttina \u00e1 b\u00e6n til Gu\u00f0s. <a name=\"13\"><span class=\"versanumer_2007\">13<\/span><\/a> Og er dagur rann kalla\u00f0i hann til s\u00edn l\u00e6risveina s\u00edna, valdi t\u00f3lf \u00far \u00feeirra h\u00f3pi og nefndi \u00fe\u00e1 postula. <a name=\"14\"><span class=\"versanumer_2007\">14<\/span><\/a> \u00deeir voru: S\u00edmon, sem hann nefndi P\u00e9tur, Andr\u00e9s br\u00f3\u00f0ir hans, Jakob og J\u00f3hannes, Filippus og Bart\u00f3l\u00f3meus, <a name=\"15\"><span class=\"versanumer_2007\">15<\/span><\/a> Matteus og T\u00f3mas, Jakob Alfeusson og S\u00edmon, kalla\u00f0ur vandl\u00e6tari, <a name=\"16\"><span class=\"versanumer_2007\">16<\/span><\/a> og J\u00fadas Jakobsson og J\u00fadas \u00cdskar\u00edot sem var\u00f0 svikari. <\/p>\n<h3 class=\"millifyrirsogn_2007\">L\u00e6knir<\/h3>\n<p><a name=\"17\"><span class=\"versanumer_2007\">17<\/span><\/a> Jes\u00fas gekk ofan me\u00f0 \u00feeim og nam sta\u00f0ar \u00e1 sl\u00e9ttri fl\u00f6t. \u00dear var st\u00f3r h\u00f3pur l\u00e6risveina hans og mikill fj\u00f6ldi f\u00f3lks \u00far allri J\u00fadeu, fr\u00e1 Jer\u00fasalem og sj\u00e1varbygg\u00f0um T\u00fdrusar og S\u00eddonar, <a name=\"18\"><span class=\"versanumer_2007\">18<\/span><\/a> er komi\u00f0 haf\u00f0i til a\u00f0 hl\u00fd\u00f0a \u00e1 hann og f\u00e1 l\u00e6kning meina sinna. Einnig voru \u00feeir l\u00e6kna\u00f0ir er \u00fej\u00e1\u00f0ir voru af \u00f3hreinum \u00f6ndum. <a name=\"19\"><span class=\"versanumer_2007\">19<\/span><\/a> Allt f\u00f3lki\u00f0 reyndi a\u00f0 snerta hann \u00fev\u00ed a\u00f0 fr\u00e1 honum kom kraftur er l\u00e6kna\u00f0i alla. <\/p>\n<h3 class=\"millifyrirsogn_2007\">S\u00e6lir eru\u00f0 \u00fe\u00e9r<\/h3>\n<p><a name=\"20\"><span class=\"versanumer_2007\">20<\/span><\/a> \u00de\u00e1 h\u00f3f Jes\u00fas upp augun, leit \u00e1 l\u00e6risveina s\u00edna og sag\u00f0i: <br \/> <span class=\"ljodatexti\"> \u201eS\u00e6lir eru\u00f0 \u00fe\u00e9r, f\u00e1t\u00e6kir, <br \/>\u00fev\u00ed a\u00f0 y\u00f0ar er Gu\u00f0s r\u00edki. <br \/> <\/span> <span class=\"ljodatexti\"> <a name=\"21\"><span class=\"versanumer_ljod\">21<\/span><\/a>S\u00e6lir eru\u00f0 \u00fe\u00e9r sem n\u00fa hungrar <br \/>\u00fev\u00ed a\u00f0 \u00fe\u00e9r munu\u00f0 saddir ver\u00f0a. <br \/>S\u00e6lir eru\u00f0 \u00fe\u00e9r sem n\u00fa gr\u00e1ti\u00f0 <br \/>\u00fev\u00ed a\u00f0 \u00fe\u00e9r munu\u00f0 hl\u00e6ja. <\/span> <br \/> <a name=\"22\"><span class=\"versanumer_2007\">22<\/span><\/a> S\u00e6lir eru\u00f0 \u00fe\u00e9r \u00fe\u00e1 er menn hata y\u00f0ur, \u00fe\u00e1 er \u00feeir \u00fatsk\u00fafa y\u00f0ur og sm\u00e1na og bera \u00fat \u00f3hr\u00f3\u00f0ur um y\u00f0ur vegna Mannssonarins. <br \/> <a name=\"23\"><span class=\"versanumer_2007\">23<\/span><\/a> Fagni\u00f0 \u00e1 \u00feeim degi og leiki\u00f0 af gle\u00f0i \u00fev\u00ed a\u00f0 laun y\u00f0ar eru mikil \u00e1 himni og \u00e1 sama veg f\u00f3ru fe\u00f0ur \u00feeirra me\u00f0 sp\u00e1mennina.<\/p>\n<h3 class=\"millifyrirsogn_2007\">Vei y\u00f0ur<\/h3>\n<p><span class=\"ljodatexti\"> <a name=\"24\"><span class=\"versanumer_ljod\">24<\/span><\/a> En vei y\u00f0ur, \u00fe\u00e9r au\u00f0menn, <br \/>\u00fev\u00ed a\u00f0 \u00fe\u00e9r hafi\u00f0 fengi\u00f0 y\u00f0ar skerf. <br \/> <\/span> <span class=\"ljodatexti\"> <a name=\"25\"><span class=\"versanumer_ljod\">25<\/span><\/a> Vei y\u00f0ur, sem n\u00fa eru\u00f0 saddir, <br \/>\u00fev\u00ed a\u00f0 y\u00f0ur mun hungra. <br \/>Vei y\u00f0ur, sem n\u00fa hl\u00e6i\u00f0, <br \/>\u00fev\u00ed a\u00f0 \u00fe\u00e9r munu\u00f0 s\u00fdta og gr\u00e1ta. <\/span> <br \/> <a name=\"26\"><span class=\"versanumer_2007\">26<\/span><\/a> Vei y\u00f0ur, \u00feegar allir menn h\u00e6la y\u00f0ur \u00fev\u00ed a\u00f0 eins f\u00f3rst forfe\u00f0rum \u00feeirra vi\u00f0 falssp\u00e1mennina. <\/p>\n<h3 class=\"millifyrirsogn_2007\">Elski\u00f0 \u00f3vini y\u00f0ar<\/h3>\n<p><a name=\"27\"><span class=\"versanumer_2007\">27<\/span><\/a> En \u00e9g segi y\u00f0ur er \u00e1 mig hl\u00fd\u00f0i\u00f0: Elski\u00f0 \u00f3vini y\u00f0ar, geri\u00f0 \u00feeim gott sem hata y\u00f0ur, <a name=\"28\"><span class=\"versanumer_2007\">28<\/span><\/a> blessi\u00f0 \u00fe\u00e1 sem b\u00f6lva y\u00f0ur og bi\u00f0ji\u00f0 fyrir \u00feeim er mis\u00feyrma y\u00f0ur. <a name=\"29\"><span class=\"versanumer_2007\">29<\/span><\/a> Sl\u00e1i \u00feig einhver \u00e1 kinnina skaltu og bj\u00f3\u00f0a hina og taki einhver yfirh\u00f6fn \u00fe\u00edna skaltu ekki varna honum a\u00f0 taka kyrtilinn l\u00edka. <a name=\"30\"><span class=\"versanumer_2007\">30<\/span><\/a> Gef \u00fe\u00fa hverjum sem bi\u00f0ur \u00feig og ef einhver tekur fr\u00e1 \u00fe\u00e9r \u00fea\u00f0 sem \u00fe\u00fa \u00e1tt \u00fe\u00e1 skaltu ekki krefja hann um \u00fea\u00f0 aftur. <a name=\"31\"><span class=\"versanumer_2007\">31<\/span><\/a> Og eins og \u00fe\u00e9r vilji\u00f0 a\u00f0 a\u00f0rir menn geri vi\u00f0 y\u00f0ur, svo skulu\u00f0 \u00fe\u00e9r og \u00feeim gera. <br \/> <a name=\"32\"><span class=\"versanumer_2007\">32<\/span><\/a> Og \u00fe\u00f3tt \u00fe\u00e9r elski\u00f0 \u00fe\u00e1 sem y\u00f0ur elska, hva\u00f0a \u00fe\u00f6kk eigi\u00f0 \u00fe\u00e9r fyrir \u00fea\u00f0? Syndarar elska \u00fe\u00e1 l\u00edka sem \u00fe\u00e1 elska. <a name=\"33\"><span class=\"versanumer_2007\">33<\/span><\/a> Og \u00fe\u00f3tt \u00fe\u00e9r geri\u00f0 \u00feeim gott sem y\u00f0ur gera gott, hva\u00f0a \u00fe\u00f6kk eigi\u00f0 \u00fe\u00e9r fyrir \u00fea\u00f0? Syndarar gera og hi\u00f0 sama. <a name=\"34\"><span class=\"versanumer_2007\">34<\/span><\/a> Og \u00fe\u00f3tt \u00fe\u00e9r l\u00e1ni\u00f0 \u00feeim sem \u00fe\u00e9r voni\u00f0 a\u00f0 muni borga, hva\u00f0a \u00fe\u00f6kk eigi\u00f0 \u00fe\u00e9r fyrir \u00fea\u00f0? Syndarar l\u00e1na einnig syndurum til \u00feess a\u00f0 f\u00e1 allt aftur. <br \/> <a name=\"35\"><span class=\"versanumer_2007\">35<\/span><\/a> Nei, elski\u00f0 \u00f3vini y\u00f0ar og geri\u00f0 gott og l\u00e1ni\u00f0 \u00e1n \u00feess a\u00f0 v\u00e6nta nokkurs \u00ed sta\u00f0inn, og laun y\u00f0ar munu ver\u00f0a mikil og \u00fe\u00e9r ver\u00f0a b\u00f6rn Hins h\u00e6sta \u00fev\u00ed a\u00f0 hann er g\u00f3\u00f0ur vi\u00f0 van\u00feakkl\u00e1ta og vonda. <a name=\"36\"><span class=\"versanumer_2007\">36<\/span><\/a> Veri\u00f0 miskunns\u00f6m eins og fa\u00f0ir y\u00f0ar er miskunnsamur. <\/p>\n<h3 class=\"millifyrirsogn_2007\">D\u00e6mi\u00f0 ekki<\/h3>\n<p><a name=\"37\"><span class=\"versanumer_2007\">37<\/span><\/a> D\u00e6mi\u00f0 ekki og \u00fe\u00e9r munu\u00f0 eigi ver\u00f0a d\u00e6md. Sakfelli\u00f0 eigi og \u00fe\u00e9r munu\u00f0 eigi ver\u00f0a sakfelld. Fyrirgefi\u00f0 \u00f6\u00f0rum og Gu\u00f0 mun fyrirgefa y\u00f0ur. <a name=\"38\"><span class=\"versanumer_2007\">38<\/span><\/a> Gefi\u00f0 og y\u00f0ur mun gefi\u00f0 ver\u00f0a. G\u00f3\u00f0ur m\u00e6lir, tro\u00f0inn, skekinn, fleytifullur mun lag\u00f0ur \u00ed skaut y\u00f0ar. \u00dev\u00ed me\u00f0 \u00feeim m\u00e6li, sem \u00fe\u00e9r m\u00e6li\u00f0, mun y\u00f0ur aftur m\u00e6lt ver\u00f0a.\u201c <br \/> <a name=\"39\"><span class=\"versanumer_2007\">39<\/span><\/a> \u00de\u00e1 sag\u00f0i Jes\u00fas \u00feeim og l\u00edkingu: \u201eHvort f\u00e6r blindur leitt blindan? Munu ekki b\u00e1\u00f0ir falla \u00ed gryfju? <a name=\"40\"><span class=\"versanumer_2007\">40<\/span><\/a> Ekki er l\u00e6risveinn meistaranum fremri en hver sem er fullnuma ver\u00f0ur eins og meistari hans. <a name=\"41\"><span class=\"versanumer_2007\">41<\/span><\/a> Hv\u00ed s\u00e9r\u00f0 \u00fe\u00fa fl\u00edsina \u00ed auga br\u00f3\u00f0ur \u00fe\u00edns en tekur ekki eftir bj\u00e1lkanum \u00ed auga \u00fe\u00ednu? <a name=\"42\"><span class=\"versanumer_2007\">42<\/span><\/a> Hvernig f\u00e6r\u00f0 \u00fe\u00fa sagt vi\u00f0 br\u00f3\u00f0ur \u00feinn: Br\u00f3\u00f0ir, l\u00e1t mig draga fl\u00edsina \u00far auga \u00fe\u00e9r, en s\u00e9r\u00f0 ekki bj\u00e1lkann \u00ed \u00fe\u00ednu auga? Hr\u00e6snari, drag fyrst bj\u00e1lkann \u00far auga \u00fe\u00e9r og \u00fe\u00e1 s\u00e9r\u00f0u gl\u00f6ggt til a\u00f0 draga fl\u00edsina \u00far auga br\u00f3\u00f0ur \u00fe\u00edns. <\/p>\n<h3 class=\"millifyrirsogn_2007\">Af \u00e1v\u00f6xtunum \u00feekkist tr\u00e9\u00f0<\/h3>\n<p><a name=\"43\"><span class=\"versanumer_2007\">43<\/span><\/a> \u00dev\u00ed a\u00f0 ekki er til gott tr\u00e9 er beri sl\u00e6man \u00e1v\u00f6xt n\u00e9 heldur sl\u00e6mt tr\u00e9 er beri g\u00f3\u00f0an \u00e1v\u00f6xt. <a name=\"44\"><span class=\"versanumer_2007\">44<\/span><\/a> En hvert tr\u00e9 \u00feekkist af \u00e1vexti s\u00ednum enda lesa menn ekki f\u00edkjur af \u00feistlum n\u00e9 v\u00ednber af \u00feyrnirunni. <a name=\"45\"><span class=\"versanumer_2007\">45<\/span><\/a> G\u00f3\u00f0ur ma\u00f0ur ber gott fram \u00far g\u00f3\u00f0um sj\u00f3\u00f0i hjarta s\u00edns en vondur ma\u00f0ur ber vont fram \u00far vondum sj\u00f3\u00f0i. Af gn\u00e6g\u00f0 hjartans m\u00e6lir munnur hans. <\/p>\n<h3 class=\"millifyrirsogn_2007\">Grundvalla\u00f0 \u00e1 bjargi<\/h3>\n<p><a name=\"46\"><span class=\"versanumer_2007\">46<\/span><\/a> En hv\u00ed kalli\u00f0 \u00fe\u00e9r mig Drottin, Drottin, og geri\u00f0 ekki \u00fea\u00f0 sem \u00e9g segi? <a name=\"47\"><span class=\"versanumer_2007\">47<\/span><\/a> \u00c9g skal s\u00fdna y\u00f0ur hverjum s\u00e1 er l\u00edkur sem kemur til m\u00edn, heyrir or\u00f0 m\u00edn og breytir eftir \u00feeim. <a name=\"48\"><span class=\"versanumer_2007\">48<\/span><\/a> Hann er l\u00edkur manni er bygg\u00f0i h\u00fas, gr\u00f3f dj\u00fapt fyrir og grundvalla\u00f0i \u00fea\u00f0 \u00e1 bjargi. N\u00fa kom fl\u00f3\u00f0 og flaumurinn skall \u00e1 \u00fev\u00ed h\u00fasi en f\u00e9kk hvergi hr\u00e6rt \u00fea\u00f0 vegna \u00feess a\u00f0 \u00fea\u00f0 var vel byggt. <a name=\"49\"><span class=\"versanumer_2007\">49<\/span><\/a> Hinn, er heyrir \u00fea\u00f0 sem \u00e9g segi og breytir ekki eftir \u00fev\u00ed, er l\u00edkur manni sem bygg\u00f0i h\u00fas \u00e1 j\u00f6r\u00f0inni \u00e1n undirst\u00f6\u00f0u. Flaumurinn skall \u00e1 \u00fev\u00ed og \u00fea\u00f0 h\u00fas f\u00e9ll \u00feegar og fall \u00feess var\u00f0 miki\u00f0.\u201c <\/p>\n","protected":false},"excerpt":{"rendered":"<p>Drottinn hv\u00edldardagsins 1 En svo bar vi\u00f0 \u00e1 hv\u00edldardegi a\u00f0 Jes\u00fas f\u00f3r um s\u00e1\u00f0l\u00f6nd og t\u00edndu l\u00e6risveinar hans korn\u00f6x, neru milli handanna og \u00e1tu. 2 \u00de\u00e1 s\u00f6g\u00f0u far\u00edsear nokkrir: \u201eHv\u00ed geri\u00f0 \u00fei\u00f0 \u00fea\u00f0 sem er ekki leyfilegt \u00e1 hv\u00edldardegi?\u201c 3 Og Jes\u00fas svara\u00f0i \u00feeim: \u201eHafi\u00f0 \u00fei\u00f0 \u00fe\u00e1 ekki lesi\u00f0 hva\u00f0 Dav\u00ed\u00f0 ger\u00f0i er hann hungra\u00f0i og menn hans? 4 Hann f\u00f3r inn \u00ed Gu\u00f0s h\u00fas, t\u00f3k sko\u00f0unarbrau\u00f0in og \u00e1t og gaf m\u00f6nnum s\u00ednum en \u00feau m\u00e1 enginn eta nema prestarnir einir.\u201c 5 Og hann sag\u00f0i vi\u00f0 \u00fe\u00e1: \u201eMannssonurinn er Drottinn hv\u00edldardagsins.\u201c 6 Annan hv\u00edldardag gekk Jes\u00fas \u00ed samkunduna og kenndi. <a href=\"https:\/\/biblian.is\/biblian\/lukasargudspjall-6-kafli\/\"> [&#8230;]<\/a><\/p>\n","protected":false},"author":1,"featured_media":0,"parent":0,"menu_order":0,"comment_status":"open","ping_status":"open","template":"bibliukaflar_NT.php","meta":{"footnotes":""},"class_list":["post-2596","page","type-page","status-publish","hentry"],"_links":{"self":[{"href":"https:\/\/biblian.is\/biblian\/wp-json\/wp\/v2\/pages\/2596","targetHints":{"allow":["GET"]}}],"collection":[{"href":"https:\/\/biblian.is\/biblian\/wp-json\/wp\/v2\/pages"}],"about":[{"href":"https:\/\/biblian.is\/biblian\/wp-json\/wp\/v2\/types\/page"}],"author":[{"embeddable":true,"href":"https:\/\/biblian.is\/biblian\/wp-json\/wp\/v2\/users\/1"}],"replies":[{"embeddable":true,"href":"https:\/\/biblian.is\/biblian\/wp-json\/wp\/v2\/comments?post=2596"}],"version-history":[{"count":0,"href":"https:\/\/biblian.is\/biblian\/wp-json\/wp\/v2\/pages\/2596\/revisions"}],"wp:attachment":[{"href":"https:\/\/biblian.is\/biblian\/wp-json\/wp\/v2\/media?parent=2596"}],"curies":[{"name":"wp","href":"https:\/\/api.w.org\/{rel}","templated":true}]}}