{"id":2593,"date":"2017-12-30T21:03:50","date_gmt":"2017-12-30T21:03:50","guid":{"rendered":"http:\/\/biblian.is\/biblian\/l%c2%9ckasargu_spjall-3-kafli\/"},"modified":"2019-08-26T22:41:41","modified_gmt":"2019-08-26T22:41:41","slug":"lukasargudspjall-3-kafli","status":"publish","type":"page","link":"https:\/\/biblian.is\/biblian\/lukasargudspjall-3-kafli\/","title":{"rendered":"L\u00fakasargu\u00f0spjall 3. kafli"},"content":{"rendered":"<h3 class=\"millifyrirsogn_2007\">J\u00f3hannes sk\u00edrir og kennir<\/h3>\n<p><a name=\"1\"><\/a><span class=\"versanumer_2007\">1<\/span> \u00c1 fimmt\u00e1nda stj\u00f3rnar\u00e1ri T\u00edber\u00edusar keisara, \u00feegar Pont\u00edus P\u00edlatus var landstj\u00f3ri \u00ed J\u00fadeu en Her\u00f3des fj\u00f3r\u00f0ungsstj\u00f3ri \u00ed Gal\u00edleu, Filippus, br\u00f3\u00f0ir hans, \u00ed \u00cdt\u00fareu og Trak\u00f3n\u00edtish\u00e9ra\u00f0i og L\u00fdsan\u00edas \u00ed Ab\u00edlene, <a name=\"2\"><\/a><span class=\"versanumer_2007\">2<\/span> \u00ed \u00e6\u00f0staprestst\u00ed\u00f0 Annasar og Ka\u00edfasar, kom or\u00f0 Gu\u00f0s til J\u00f3hannesar Sakar\u00edasonar \u00ed \u00f3bygg\u00f0inni. <a name=\"3\"><\/a><span class=\"versanumer_2007\">3<\/span> Og hann f\u00f3r um alla J\u00f3rdanbygg\u00f0 og bo\u00f0a\u00f0i m\u00f6nnum a\u00f0 taka sinnaskiptum og l\u00e1ta sk\u00edrast til fyrirgefningar synda, <a name=\"4\"><\/a><span class=\"versanumer_2007\">4<\/span> eins og rita\u00f0 er \u00ed b\u00f3k Jesaja sp\u00e1manns:<br \/>\n<span class=\"ljodatexti\"> R\u00f6dd hr\u00f3panda \u00ed ey\u00f0im\u00f6rk:<br \/>\nGrei\u00f0i\u00f0 veg Drottins,<br \/>\ngeri\u00f0 beinar brautir hans.<br \/>\n<\/span> <span class=\"ljodatexti\"> <a name=\"5\"><\/a><span class=\"versanumer_ljod\">5<\/span>\u00d6ll gil skulu fyllast,<br \/>\n\u00f6ll fell og h\u00e1lsar jafnast,<br \/>\nbug\u00f0ur ver\u00f0a beinar<br \/>\nog \u00f3vegir sl\u00e9ttar g\u00f6tur.<br \/>\n<\/span> <span class=\"ljodatexti\"> <a name=\"6\"><\/a><span class=\"versanumer_ljod\">6<\/span>Og allir munu sj\u00e1 hj\u00e1lpr\u00e6\u00f0i Gu\u00f0s. <\/span><br \/>\n<a name=\"7\"><\/a><span class=\"versanumer_2007\">7<\/span> Vi\u00f0 mannfj\u00f6ldann, sem f\u00f3r \u00fat til a\u00f0 l\u00e1ta hann sk\u00edra sig, sag\u00f0i hann: \u201e\u00dei\u00f0 n\u00f6\u00f0rukyn, hver kenndi ykkur a\u00f0 fl\u00fdja komandi rei\u00f0i? <a name=\"8\"><\/a><span class=\"versanumer_2007\">8<\/span> S\u00fdni\u00f0 \u00ed verki a\u00f0 \u00fei\u00f0 hafi\u00f0 teki\u00f0 sinnaskiptum og fari\u00f0 ekki a\u00f0 segja me\u00f0 sj\u00e1lfum ykkur: Vi\u00f0 eigum Abraham a\u00f0 f\u00f6\u00f0ur. \u00c9g segi ykkur a\u00f0 Gu\u00f0 getur vaki\u00f0 Abraham b\u00f6rn af steinum \u00feessum. <a name=\"9\"><\/a><span class=\"versanumer_2007\">9<\/span> \u00d6xin er \u00feegar l\u00f6g\u00f0 a\u00f0 r\u00f3tum trj\u00e1nna og hvert \u00fea\u00f0 tr\u00e9, sem ber ekki g\u00f3\u00f0an \u00e1v\u00f6xt, ver\u00f0ur upp h\u00f6ggvi\u00f0 og \u00fev\u00ed \u00ed eld kasta\u00f0.\u201c<br \/>\n<a name=\"10\"><\/a><span class=\"versanumer_2007\">10<\/span> Mannfj\u00f6ldinn spur\u00f0i hann: \u201eHva\u00f0 eigum vi\u00f0 \u00fe\u00e1 a\u00f0 gera?\u201c<br \/>\n<a name=\"11\"><\/a><span class=\"versanumer_2007\">11<\/span> En hann svara\u00f0i \u00feeim: \u201eS\u00e1 sem \u00e1 tvo kyrtla gefi \u00feeim er engan \u00e1 og eins geri s\u00e1 er matf\u00f6ng hefur.\u201c<br \/>\n<a name=\"12\"><\/a><span class=\"versanumer_2007\">12<\/span> \u00de\u00e1 komu og tollheimtumenn til a\u00f0 sk\u00edrast. \u00deeir s\u00f6g\u00f0u vi\u00f0 hann: \u201eMeistari, hva\u00f0 eigum vi\u00f0 a\u00f0 gera?\u201c<br \/>\n<a name=\"13\"><\/a><span class=\"versanumer_2007\">13<\/span> En hann sag\u00f0i vi\u00f0 \u00fe\u00e1: \u201eHeimti\u00f0 ekki meira en fyrir ykkur er lagt.\u201c<br \/>\n<a name=\"14\"><\/a><span class=\"versanumer_2007\">14<\/span> Hermenn spur\u00f0u hann einnig: \u201eEn hva\u00f0 eigum vi\u00f0 a\u00f0 gera?\u201c<br \/>\nHann sag\u00f0i vi\u00f0 \u00fe\u00e1: \u201eHafi\u00f0 ekki f\u00e9 af neinum, hvorki me\u00f0 ofr\u00edki n\u00e9 svikum. L\u00e1ti\u00f0 ykkur n\u00e6gja m\u00e1la ykkar.\u201c<br \/>\n<a name=\"15\"><\/a><span class=\"versanumer_2007\">15<\/span> Allir voru n\u00fa fullir eftirv\u00e6ntingar og hugsu\u00f0u me\u00f0 sj\u00e1lfum s\u00e9r hvort J\u00f3hannes kynni a\u00f0 vera Kristur. <a name=\"16\"><\/a><span class=\"versanumer_2007\">16<\/span> En J\u00f3hannes svara\u00f0i \u00f6llum og sag\u00f0i: \u201e\u00c9g sk\u00edri ykkur me\u00f0 vatni en s\u00e1 kemur sem m\u00e9r er m\u00e1ttugri og er \u00e9g ekki ver\u00f0ur a\u00f0 leysa sk\u00f3\u00feveng hans. Hann mun sk\u00edra ykkur me\u00f0 heil\u00f6gum anda og eldi. <a name=\"17\"><\/a><span class=\"versanumer_2007\">17<\/span> Hann er me\u00f0 varpsk\u00f3fluna \u00ed hendi s\u00e9r til \u00feess a\u00f0 gerhreinsa l\u00e1fa sinn og safna hveitinu \u00ed hl\u00f6\u00f0u s\u00edna en hismi\u00f0 mun hann brenna \u00ed \u00f3sl\u00f6kkvanda eldi.\u201c<br \/>\n<a name=\"18\"><\/a><span class=\"versanumer_2007\">18<\/span> Me\u00f0 m\u00f6rgu \u00f6\u00f0ru hvatti hann f\u00f3lk og flutti \u00fev\u00ed fagna\u00f0arbo\u00f0in.<\/p>\n<h3 class=\"millifyrirsogn_2007\">Varpa\u00f0 \u00ed fangelsi<\/h3>\n<p><a name=\"19\"><\/a><span class=\"versanumer_2007\">19<\/span> J\u00f3hannes v\u00edtti Her\u00f3des fj\u00f3r\u00f0ungsstj\u00f3ra vegna Her\u00f3d\u00edasar, konu br\u00f3\u00f0ur hans, og fyrir allt hi\u00f0 illa sem hann haf\u00f0i gert. <a name=\"20\"><\/a><span class=\"versanumer_2007\">20<\/span> \u00de\u00e1 b\u00e6tti Her\u00f3des einnig \u00fev\u00ed ofan \u00e1 allt anna\u00f0 a\u00f0 hann varpa\u00f0i J\u00f3hannesi \u00ed fangelsi.<\/p>\n<h3 class=\"millifyrirsogn_2007\">Jes\u00fas sk\u00edr\u00f0ur<\/h3>\n<p><a name=\"21\"><\/a><span class=\"versanumer_2007\">21<\/span> Er allt f\u00f3lki\u00f0 l\u00e9t sk\u00edrast var Jes\u00fas einnig sk\u00edr\u00f0ur. \u00de\u00e1 bar svo vi\u00f0, er hann ger\u00f0i b\u00e6n s\u00edna, a\u00f0 himinninn opna\u00f0ist <a name=\"22\"><\/a><span class=\"versanumer_2007\">22<\/span> og heilagur andi steig ni\u00f0ur yfir hann \u00ed l\u00edkamlegri mynd, eins og d\u00fafa, og r\u00f6dd kom af himni: \u201e\u00de\u00fa ert minn elska\u00f0i sonur, \u00e1 \u00fe\u00e9r hef \u00e9g vel\u00fe\u00f3knun.\u201c<span class=\"nedan_mal\" title=\" Annar lesh\u00e1ttur: \u201e\u00de\u00fa ert minn elska\u00f0i sonur, \u00ed dag hef \u00e9g f\u00e6tt \u00feig.\u201c\">[<\/span><\/p>\n<h3 class=\"millifyrirsogn_2007\">\u00c6ttartala<\/h3>\n<p><a name=\"23\"><\/a><span class=\"versanumer_2007\">23<\/span> En Jes\u00fas var um \u00fer\u00edtugt er hann h\u00f3f starf sitt. Var hann, eftir \u00fev\u00ed sem haldi\u00f0 var, sonur J\u00f3sefs, sonar El\u00ed, <a name=\"24\"><\/a><span class=\"versanumer_2007\">24<\/span> sonar Mattats, sonar Lev\u00ed, sonar Melk\u00ed, sonar Janna\u00ed, sonar J\u00f3sefs, <a name=\"25\"><\/a><span class=\"versanumer_2007\">25<\/span> sonar Mattat\u00edass, sonar Amoss, sonar Na\u00fams, sonar Esl\u00ed, sonar Nagga\u00ed, <a name=\"26\"><\/a><span class=\"versanumer_2007\">26<\/span> sonar Maats, sonar Mattat\u00edass, sonar Seme\u00edns, sonar J\u00f3seks, sonar J\u00f3da, <a name=\"27\"><\/a><span class=\"versanumer_2007\">27<\/span> sonar J\u00f3hanans, sonar Hresa, sonar Ser\u00fababels, sonar Sealt\u00edels, sonar Ner\u00ed, <a name=\"28\"><\/a><span class=\"versanumer_2007\">28<\/span> sonar Melk\u00ed, sonar Add\u00ed, sonar K\u00f3sams, sonar Elmadams, sonar Ers, <a name=\"29\"><\/a><span class=\"versanumer_2007\">29<\/span> sonar Jes\u00fa, sonar El\u00edesers, sonar J\u00f3r\u00edms, sonar Mattats, sonar Lev\u00ed, <a name=\"30\"><\/a><span class=\"versanumer_2007\">30<\/span> sonar S\u00edmeons, sonar J\u00fada, sonar J\u00f3sefs, sonar J\u00f3nams, sonar Eljak\u00edms, <a name=\"31\"><\/a><span class=\"versanumer_2007\">31<\/span> sonar Melea, sonar Menna, sonar Mattata, sonar Natans, sonar Dav\u00ed\u00f0s, <a name=\"32\"><\/a><span class=\"versanumer_2007\">32<\/span> sonar \u00cdsa\u00ed, sonar \u00d3be\u00f0s, sonar B\u00f3asar, sonar Salmons, sonar Naksons, <a name=\"33\"><\/a><span class=\"versanumer_2007\">33<\/span> sonar Amm\u00ednadabs, sonar Adm\u00edns, sonar Arn\u00ed, sonar Esroms, sonar Peres, sonar J\u00fada, <a name=\"34\"><\/a><span class=\"versanumer_2007\">34<\/span> sonar Jakobs, sonar \u00cdsaks, sonar Abrahams, sonar Tara, sonar Nak\u00f3rs, <a name=\"35\"><\/a><span class=\"versanumer_2007\">35<\/span> sonar Ser\u00fags, sonar Re\u00fa, sonar Pelegs, sonar Ebers, sonar Sela, <a name=\"36\"><\/a><span class=\"versanumer_2007\">36<\/span> sonar Kenans, sonar Arpaksads, sonar Sems, sonar N\u00f3a, sonar Lameks, <a name=\"37\"><\/a><span class=\"versanumer_2007\">37<\/span> sonar Met\u00fasala, sonar Enoks, sonar Jareds, sonar Mahalalels, sonar Kenans, <a name=\"38\"><\/a><span class=\"versanumer_2007\">38<\/span> sonar Enoss, sonar Sets, sonar Adams, sonar Gu\u00f0s.<\/p>\n","protected":false},"excerpt":{"rendered":"<p>J\u00f3hannes sk\u00edrir og kennir 1 \u00c1 fimmt\u00e1nda stj\u00f3rnar\u00e1ri T\u00edber\u00edusar keisara, \u00feegar Pont\u00edus P\u00edlatus var landstj\u00f3ri \u00ed J\u00fadeu en Her\u00f3des fj\u00f3r\u00f0ungsstj\u00f3ri \u00ed Gal\u00edleu, Filippus, br\u00f3\u00f0ir hans, \u00ed \u00cdt\u00fareu og Trak\u00f3n\u00edtish\u00e9ra\u00f0i og L\u00fdsan\u00edas \u00ed Ab\u00edlene, 2 \u00ed \u00e6\u00f0staprestst\u00ed\u00f0 Annasar og Ka\u00edfasar, kom or\u00f0 Gu\u00f0s til J\u00f3hannesar Sakar\u00edasonar \u00ed \u00f3bygg\u00f0inni. 3 Og hann f\u00f3r um alla J\u00f3rdanbygg\u00f0 og bo\u00f0a\u00f0i m\u00f6nnum a\u00f0 taka sinnaskiptum og l\u00e1ta sk\u00edrast til fyrirgefningar synda, 4 eins og rita\u00f0 er \u00ed b\u00f3k Jesaja sp\u00e1manns: R\u00f6dd hr\u00f3panda \u00ed ey\u00f0im\u00f6rk: Grei\u00f0i\u00f0 veg Drottins, geri\u00f0 beinar brautir hans. 5\u00d6ll gil skulu fyllast, \u00f6ll fell og h\u00e1lsar jafnast, bug\u00f0ur ver\u00f0a beinar og \u00f3vegir <a href=\"https:\/\/biblian.is\/biblian\/lukasargudspjall-3-kafli\/\"> [&#8230;]<\/a><\/p>\n","protected":false},"author":1,"featured_media":0,"parent":0,"menu_order":0,"comment_status":"open","ping_status":"open","template":"bibliukaflar_NT.php","meta":{"footnotes":""},"class_list":["post-2593","page","type-page","status-publish","hentry"],"_links":{"self":[{"href":"https:\/\/biblian.is\/biblian\/wp-json\/wp\/v2\/pages\/2593","targetHints":{"allow":["GET"]}}],"collection":[{"href":"https:\/\/biblian.is\/biblian\/wp-json\/wp\/v2\/pages"}],"about":[{"href":"https:\/\/biblian.is\/biblian\/wp-json\/wp\/v2\/types\/page"}],"author":[{"embeddable":true,"href":"https:\/\/biblian.is\/biblian\/wp-json\/wp\/v2\/users\/1"}],"replies":[{"embeddable":true,"href":"https:\/\/biblian.is\/biblian\/wp-json\/wp\/v2\/comments?post=2593"}],"version-history":[{"count":0,"href":"https:\/\/biblian.is\/biblian\/wp-json\/wp\/v2\/pages\/2593\/revisions"}],"wp:attachment":[{"href":"https:\/\/biblian.is\/biblian\/wp-json\/wp\/v2\/media?parent=2593"}],"curies":[{"name":"wp","href":"https:\/\/api.w.org\/{rel}","templated":true}]}}