{"id":2588,"date":"2017-12-30T21:03:50","date_gmt":"2017-12-30T21:03:50","guid":{"rendered":"http:\/\/biblian.is\/biblian\/mark%c2%9csargu_spjall-14-kafli\/"},"modified":"2019-08-26T22:28:54","modified_gmt":"2019-08-26T22:28:54","slug":"markusargudspjall-14-kafli","status":"publish","type":"page","link":"https:\/\/biblian.is\/biblian\/markusargudspjall-14-kafli\/","title":{"rendered":"Mark\u00fasargu\u00f0spjall 14. kafli"},"content":{"rendered":"<h3 class=\"millifyrirsogn_2007\"> Me\u00f0 svikum<\/h3>\n<p><a name=\"1\"><span class=\"versanumer_2007\">1<\/span><\/a> N\u00fa voru tveir dagar til p\u00e1ska og h\u00e1t\u00ed\u00f0ar \u00f3s\u00fdr\u00f0u brau\u00f0anna. Og \u00e6\u00f0stu prestarnir og fr\u00e6\u00f0imennirnir leitu\u00f0u fyrir s\u00e9r hvernig \u00feeir g\u00e6tu handsama\u00f0 Jes\u00fa me\u00f0 svikum og teki\u00f0 hann af l\u00edfi. <a name=\"2\"><span class=\"versanumer_2007\">2<\/span><\/a> En \u00feeir s\u00f6g\u00f0u: \u201eEkki \u00e1 h\u00e1t\u00ed\u00f0inni, \u00fe\u00e1 g\u00e6ti or\u00f0i\u00f0 upp\u00feot me\u00f0al f\u00f3lksins.\u201c <\/p>\n<h3 class=\"millifyrirsogn_2007\">Gott verk ger\u00f0i h\u00fan<\/h3>\n<p><a name=\"3\"><span class=\"versanumer_2007\">3<\/span><\/a> Jes\u00fas var \u00ed Betan\u00edu, \u00ed h\u00fasi S\u00edmonar l\u00edk\u00fer\u00e1a, og sat a\u00f0 bor\u00f0i. \u00de\u00e1 kom \u00fear kona og haf\u00f0i alabastursbu\u00f0k me\u00f0 \u00f3mengu\u00f0um, d\u00fdrum nardussmyrslum. H\u00fan braut bu\u00f0kinn og hellti yfir h\u00f6fu\u00f0 honum. <a name=\"4\"><span class=\"versanumer_2007\">4<\/span><\/a> En \u00fear voru nokkrir er gramdist \u00feetta og \u00feeir s\u00f6g\u00f0u s\u00edn \u00e1 milli: \u201eTil hvers er \u00feessi s\u00f3un \u00e1 smyrslum? <a name=\"5\"><span class=\"versanumer_2007\">5<\/span><\/a> \u00deessi smyrsl hef\u00f0i m\u00e1tt selja fyrir meira en \u00ferj\u00fa hundru\u00f0 denara<span class=\"nedan_mal\" title=\" Sj\u00e1 Mrk 6.37.\">[<\/span> og gefa f\u00e1t\u00e6kum.\u201c Og \u00feeir atyrtu hana. <br \/> <a name=\"6\"><span class=\"versanumer_2007\">6<\/span><\/a> En Jes\u00fas sag\u00f0i: \u201eL\u00e1ti\u00f0 hana \u00ed fri\u00f0i! Hva\u00f0 eru\u00f0 \u00fei\u00f0 a\u00f0 angra hana? Gott verk ger\u00f0i h\u00fan m\u00e9r. <a name=\"7\"><span class=\"versanumer_2007\">7<\/span><\/a> F\u00e1t\u00e6ka hafi\u00f0 \u00fei\u00f0 jafnan hj\u00e1 ykkur og geti\u00f0 gert \u00feeim gott n\u00e6r \u00fei\u00f0 vilji\u00f0 en mig hafi\u00f0 \u00fei\u00f0 ekki \u00e1vallt. <a name=\"8\"><span class=\"versanumer_2007\">8<\/span><\/a> H\u00fan ger\u00f0i \u00fea\u00f0 sem \u00ed hennar valdi st\u00f3\u00f0. H\u00fan hefur fyrir fram smurt l\u00edkama minn til greftrunar. <a name=\"9\"><span class=\"versanumer_2007\">9<\/span><\/a> Sannlega segi \u00e9g ykkur: Hvar sem fagna\u00f0arerindi\u00f0 ver\u00f0ur flutt, um heim allan, mun og geti\u00f0 ver\u00f0a \u00feess sem h\u00fan ger\u00f0i og hennar minnst.\u201c <\/p>\n<h3 class=\"millifyrirsogn_2007\">Leita\u00f0 f\u00e6ris<\/h3>\n<p><a name=\"10\"><span class=\"versanumer_2007\">10<\/span><\/a> J\u00fadas \u00cdskar\u00edot, einn \u00feeirra t\u00f3lf, f\u00f3r \u00fe\u00e1 til \u00e6\u00f0stu prestanna a\u00f0 framselja \u00feeim hann. <a name=\"11\"><span class=\"versanumer_2007\">11<\/span><\/a> \u00deegar \u00feeir heyr\u00f0u \u00fea\u00f0 ur\u00f0u \u00feeir gla\u00f0ir vi\u00f0 og h\u00e9tu honum f\u00e9 fyrir. En hann leita\u00f0i f\u00e6ris a\u00f0 framselja hann. <\/p>\n<h3 class=\"millifyrirsogn_2007\">B\u00fai\u00f0 til p\u00e1skam\u00e1lt\u00ed\u00f0ar<\/h3>\n<p><a name=\"12\"><span class=\"versanumer_2007\">12<\/span><\/a> \u00c1 fyrsta degi \u00f3s\u00fdr\u00f0u brau\u00f0anna, \u00feegar menn sl\u00e1tru\u00f0u p\u00e1skalambinu, s\u00f6g\u00f0u l\u00e6risveinar hans vi\u00f0 Jes\u00fa: \u201eHvert vilt \u00fe\u00fa a\u00f0 vi\u00f0 f\u00f6rum og b\u00faum \u00fe\u00e9r p\u00e1skam\u00e1lt\u00ed\u00f0ina?\u201c <br \/> <a name=\"13\"><span class=\"versanumer_2007\">13<\/span><\/a> \u00de\u00e1 sendi Jes\u00fas tvo l\u00e6risveina s\u00edna og sag\u00f0i vi\u00f0 \u00fe\u00e1: \u201eFari\u00f0 inn \u00ed borgina og ykkur mun m\u00e6ta ma\u00f0ur sem ber vatnsker. Fylgi\u00f0 honum <a name=\"14\"><span class=\"versanumer_2007\">14<\/span><\/a> og \u00fear sem hann fer inn skulu\u00f0 \u00fei\u00f0 segja vi\u00f0 h\u00fasr\u00e1\u00f0andann: Meistarinn spyr: Hvar er herbergi\u00f0 \u00fear sem \u00e9g get neytt p\u00e1skam\u00e1lt\u00ed\u00f0arinnar me\u00f0 l\u00e6risveinum m\u00ednum? <a name=\"15\"><span class=\"versanumer_2007\">15<\/span><\/a> Hann mun \u00fe\u00e1 s\u00fdna ykkur loftsal mikinn, b\u00fainn h\u00e6gindum og til rei\u00f0u. B\u00fai\u00f0 \u00fear til m\u00e1lt\u00ed\u00f0ar fyrir okkur.\u201c <br \/> <a name=\"16\"><span class=\"versanumer_2007\">16<\/span><\/a> L\u00e6risveinarnir f\u00f3ru, komu inn \u00ed borgina og fundu allt eins og hann haf\u00f0i sagt og bjuggu til p\u00e1skam\u00e1lt\u00ed\u00f0ar. <br \/> <a name=\"17\"><span class=\"versanumer_2007\">17<\/span><\/a> Um kv\u00f6ldi\u00f0 kom hann me\u00f0 \u00feeim t\u00f3lf. <a name=\"18\"><span class=\"versanumer_2007\">18<\/span><\/a> \u00deegar \u00feeir s\u00e1tu a\u00f0 bor\u00f0i<span class=\"nedan_mal\" title=\" Sj\u00e1 Mrk 2.15.\">[<\/span> og m\u00f6tu\u00f0ust sag\u00f0i Jes\u00fas: \u201eSannlega segi \u00e9g ykkur: Einn af ykkur mun sv\u00edkja mig, einn sem me\u00f0 m\u00e9r etur.\u201c <br \/> <a name=\"19\"><span class=\"versanumer_2007\">19<\/span><\/a> \u00deeir ur\u00f0u hryggir vi\u00f0 og s\u00f6g\u00f0u vi\u00f0 hann, einn af \u00f6\u00f0rum: \u201eEr \u00fea\u00f0 \u00e9g?\u201c <br \/> <a name=\"20\"><span class=\"versanumer_2007\">20<\/span><\/a> Hann svara\u00f0i \u00feeim: \u201e\u00dea\u00f0 er einn \u00feeirra t\u00f3lf. Hann d\u00fdfir brau\u00f0inu \u00ed fati\u00f0 me\u00f0 m\u00e9r. <a name=\"21\"><span class=\"versanumer_2007\">21<\/span><\/a> Mannssonurinn fer a\u00f0 s\u00f6nnu h\u00e9\u00f0an svo sem um hann er rita\u00f0 en vei \u00feeim manni sem \u00fev\u00ed veldur a\u00f0 Mannssonurinn ver\u00f0ur framseldur. Betra v\u00e6ri \u00feeim manni a\u00f0 hafa aldrei f\u00e6\u00f0st.\u201c <\/p>\n<h3 class=\"millifyrirsogn_2007\">Heil\u00f6g kv\u00f6ldm\u00e1lt\u00ed\u00f0<\/h3>\n<p><a name=\"22\"><span class=\"versanumer_2007\">22<\/span><\/a> \u00de\u00e1 er \u00feeir m\u00f6tu\u00f0ust t\u00f3k Jes\u00fas brau\u00f0, \u00feakka\u00f0i Gu\u00f0i, braut \u00fea\u00f0, gaf \u00feeim og sag\u00f0i: \u201eTaki\u00f0, \u00feetta er l\u00edkami minn.\u201c <br \/> <a name=\"23\"><span class=\"versanumer_2007\">23<\/span><\/a> Og Jes\u00fas t\u00f3k kaleik, ger\u00f0i \u00feakkir og gaf \u00feeim og \u00feeir drukku af honum allir. <a name=\"24\"><span class=\"versanumer_2007\">24<\/span><\/a> Og hann sag\u00f0i vi\u00f0 \u00fe\u00e1: \u201e\u00deetta er bl\u00f3\u00f0 mitt, bl\u00f3\u00f0 s\u00e1ttm\u00e1lans, \u00fathellt fyrir marga. <a name=\"25\"><span class=\"versanumer_2007\">25<\/span><\/a> Sannlega segi \u00e9g ykkur: H\u00e9\u00f0an \u00ed fr\u00e1 mun \u00e9g eigi drekka af \u00e1vexti v\u00ednvi\u00f0arins til \u00feess dags er \u00e9g drekk hann n\u00fdjan \u00ed Gu\u00f0s r\u00edki.\u201c <\/p>\n<h3 class=\"millifyrirsogn_2007\">Til Ol\u00edufjallsins<\/h3>\n<p><a name=\"26\"><span class=\"versanumer_2007\">26<\/span><\/a> \u00deegar \u00feeir h\u00f6f\u00f0u sungi\u00f0 lofs\u00f6nginn f\u00f3ru \u00feeir til Ol\u00edufjallsins. <a name=\"27\"><span class=\"versanumer_2007\">27<\/span><\/a> Og Jes\u00fas sag\u00f0i vi\u00f0 \u00fe\u00e1: \u201e\u00dei\u00f0 munu\u00f0 allir hafna m\u00e9r \u00fev\u00ed a\u00f0 rita\u00f0 er: <br \/> <span class=\"ljodatexti\"> \u00c9g mun sl\u00e1 hir\u00f0inn <br \/>og sau\u00f0irnir munu tv\u00edstrast. <\/span> <br \/> <a name=\"28\"><span class=\"versanumer_2007\">28<\/span><\/a> En eftir a\u00f0 \u00e9g er upp risinn mun \u00e9g fara \u00e1 undan ykkur til Gal\u00edleu.\u201c <br \/> <a name=\"29\"><span class=\"versanumer_2007\">29<\/span><\/a> \u00de\u00e1 sag\u00f0i P\u00e9tur: \u201e\u00de\u00f3tt allir hafni \u00fe\u00e9r geri \u00e9g \u00fea\u00f0 aldrei.\u201c <br \/> <a name=\"30\"><span class=\"versanumer_2007\">30<\/span><\/a> Jes\u00fas sag\u00f0i vi\u00f0 hann: \u201eSannlega segi \u00e9g \u00fe\u00e9r: N\u00fa \u00ed n\u00f3tt, \u00e1\u00f0ur en hani galar tvisvar, muntu afneita m\u00e9r \u00ferisvar.\u201c <br \/> <a name=\"31\"><span class=\"versanumer_2007\">31<\/span><\/a> En P\u00e9tur kva\u00f0 enn fastar a\u00f0: \u201e\u00de\u00f3 a\u00f0 \u00e9g \u00e6tti a\u00f0 deyja me\u00f0 \u00fe\u00e9r \u00fe\u00e1 mun \u00e9g aldrei afneita \u00fe\u00e9r.\u201c <br \/>Eins t\u00f6lu\u00f0u \u00feeir allir. <\/p>\n<h3 class=\"millifyrirsogn_2007\">\u00cd Getsemane<\/h3>\n<p><a name=\"32\"><span class=\"versanumer_2007\">32<\/span><\/a> \u00deeir koma til sta\u00f0ar er heitir Getsemane og Jes\u00fas segir vi\u00f0 l\u00e6risveina s\u00edna: \u201eSetjist h\u00e9r me\u00f0an \u00e9g bi\u00f0st fyrir.\u201c <a name=\"33\"><span class=\"versanumer_2007\">33<\/span><\/a> Hann t\u00f3k me\u00f0 s\u00e9r \u00fe\u00e1 P\u00e9tur, Jakob og J\u00f3hannes. Og n\u00fa setti a\u00f0 honum \u00f3gn og angist. <a name=\"34\"><span class=\"versanumer_2007\">34<\/span><\/a> Hann segir vi\u00f0 \u00fe\u00e1: \u201eS\u00e1l m\u00edn er hrygg allt til dau\u00f0a. B\u00ed\u00f0i\u00f0 h\u00e9r og vaki\u00f0.\u201c <br \/> <a name=\"35\"><span class=\"versanumer_2007\">35<\/span><\/a> \u00de\u00e1 gekk Jes\u00fas l\u00edti\u00f0 eitt \u00e1fram, f\u00e9ll til jar\u00f0ar og ba\u00f0 a\u00f0 \u00feessi stund f\u00e6ri fram hj\u00e1 s\u00e9r ef \u00feess v\u00e6ri kostur. <a name=\"36\"><span class=\"versanumer_2007\">36<\/span><\/a> Hann sag\u00f0i: \u201eAbba, fa\u00f0ir! allt megnar \u00fe\u00fa. Tak \u00feennan kaleik fr\u00e1 m\u00e9r! \u00de\u00f3 ekki sem \u00e9g vil heldur sem \u00fe\u00fa vilt.\u201c <br \/> <a name=\"37\"><span class=\"versanumer_2007\">37<\/span><\/a> Jes\u00fas kemur aftur og finnur \u00fe\u00e1 sofandi. \u00de\u00e1 sag\u00f0i hann vi\u00f0 P\u00e9tur: \u201eS\u00edmon, sefur \u00fe\u00fa? Gastu ekki vaka\u00f0 eina stund? <a name=\"38\"><span class=\"versanumer_2007\">38<\/span><\/a> Vaki\u00f0 og bi\u00f0ji\u00f0 svo a\u00f0 \u00fei\u00f0 falli\u00f0 ekki \u00ed freistni. Andinn er rei\u00f0ub\u00fainn en holdi\u00f0 veikt.\u201c <br \/> <a name=\"39\"><span class=\"versanumer_2007\">39<\/span><\/a> Aftur v\u00e9k Jes\u00fas brott og ba\u00f0st fyrir me\u00f0 s\u00f6mu or\u00f0um. <a name=\"40\"><span class=\"versanumer_2007\">40<\/span><\/a> \u00deegar hann kom aftur fann hann \u00fe\u00e1 enn sofandi \u00fev\u00ed drungi var \u00e1 augum \u00feeirra. Og ekki vissu \u00feeir hva\u00f0 \u00feeir \u00e6ttu a\u00f0 segja vi\u00f0 hann. <br \/> <a name=\"41\"><span class=\"versanumer_2007\">41<\/span><\/a> \u00cd \u00feri\u00f0ja sinn kom hann og sag\u00f0i vi\u00f0 \u00fe\u00e1: \u201eSofi\u00f0 \u00fei\u00f0 enn og hv\u00edlist? N\u00fa er n\u00f3g. Stundin er komin. Mannssonurinn er framseldur \u00ed hendur syndugra manna. <a name=\"42\"><span class=\"versanumer_2007\">42<\/span><\/a> Standi\u00f0 upp, f\u00f6rum! S\u00e1 er \u00ed n\u00e1nd er mig sv\u00edkur.\u201c <\/p>\n<h3 class=\"millifyrirsogn_2007\">Tekinn h\u00f6ndum<\/h3>\n<p><a name=\"43\"><span class=\"versanumer_2007\">43<\/span><\/a> Um lei\u00f0, me\u00f0an Jes\u00fas var enn a\u00f0 tala, kemur J\u00fadas, einn \u00feeirra t\u00f3lf, og me\u00f0 honum flokkur manna fr\u00e1 \u00e6\u00f0stu prestunum, fr\u00e6\u00f0im\u00f6nnunum og \u00f6ldungunum og h\u00f6f\u00f0u \u00feeir sver\u00f0 og barefli. <a name=\"44\"><span class=\"versanumer_2007\">44<\/span><\/a> Svikarinn haf\u00f0i sagt \u00feeim \u00feetta til marks: \u201eS\u00e1 sem \u00e9g kyssi, hann er \u00fea\u00f0. Taki\u00f0 hann h\u00f6ndum og f\u00e6ri\u00f0 brott \u00ed tryggri v\u00f6rslu.\u201c <br \/> <a name=\"45\"><span class=\"versanumer_2007\">45<\/span><\/a> Hann kemur, gengur beint a\u00f0 Jes\u00fa og segir: \u201eMeistari!\u201c og kyssti hann. <a name=\"46\"><span class=\"versanumer_2007\">46<\/span><\/a> En hinir l\u00f6g\u00f0u hendur \u00e1 hann og t\u00f3ku hann fastan. <a name=\"47\"><span class=\"versanumer_2007\">47<\/span><\/a> Einn \u00feeirra, er hj\u00e1 st\u00f3\u00f0u, br\u00e1 sver\u00f0i, hj\u00f3 til \u00fej\u00f3ns \u00e6\u00f0sta prestsins og snei\u00f0 af honum eyra\u00f0. <a name=\"48\"><span class=\"versanumer_2007\">48<\/span><\/a> \u00de\u00e1 sag\u00f0i Jes\u00fas vi\u00f0 \u00fe\u00e1: \u201eEru\u00f0 \u00fei\u00f0 a\u00f0 fara a\u00f0 m\u00e9r me\u00f0 sver\u00f0um og bareflum eins og gegn r\u00e6ningja til a\u00f0 handtaka mig? <a name=\"49\"><span class=\"versanumer_2007\">49<\/span><\/a> Daglega var \u00e9g hj\u00e1 ykkur \u00ed helgid\u00f3minum og kenndi og \u00fei\u00f0 t\u00f3ku\u00f0 mig ekki h\u00f6ndum. En ritningarnar hlj\u00f3ta a\u00f0 r\u00e6tast.\u201c <br \/> <a name=\"50\"><span class=\"versanumer_2007\">50<\/span><\/a> \u00de\u00e1 yfirg\u00e1fu allir l\u00e6risveinarnir Jes\u00fa og fl\u00fd\u00f0u. <a name=\"51\"><span class=\"versanumer_2007\">51<\/span><\/a> En ma\u00f0ur nokkur ungur fylgdist me\u00f0 honum. Hann haf\u00f0i l\u00ednkl\u00e6\u00f0i eitt \u00e1 berum s\u00e9r. \u00deeir vildu taka hann <a name=\"52\"><span class=\"versanumer_2007\">52<\/span><\/a> en hann l\u00e9t eftir l\u00ednkl\u00e6\u00f0i\u00f0 og fl\u00fd\u00f0i nakinn. <\/p>\n<h3 class=\"millifyrirsogn_2007\">Fyrir r\u00e1\u00f0inu<\/h3>\n<p><a name=\"53\"><span class=\"versanumer_2007\">53<\/span><\/a> N\u00fa f\u00e6r\u00f0u \u00feeir Jes\u00fa til \u00e6\u00f0sta prestsins. \u00dear komu saman allir \u00e6\u00f0stu prestarnir, \u00f6ldungarnir og fr\u00e6\u00f0imennirnir. <a name=\"54\"><span class=\"versanumer_2007\">54<\/span><\/a> P\u00e9tur fylgdi honum \u00e1lengdar, allt inn \u00ed gar\u00f0 \u00e6\u00f0sta prestsins. \u00dear sat hann hj\u00e1 \u00fej\u00f3nunum og vermdi sig vi\u00f0 eldinn. <br \/> <a name=\"55\"><span class=\"versanumer_2007\">55<\/span><\/a> \u00c6\u00f0stu prestarnir og allt r\u00e1\u00f0i\u00f0 leitu\u00f0u vitnis gegn Jes\u00fa til a\u00f0 geta l\u00edfl\u00e1ti\u00f0 hann en fundu eigi. <a name=\"56\"><span class=\"versanumer_2007\">56<\/span><\/a> Margir b\u00e1ru \u00fe\u00f3 lj\u00fagvitni gegn honum en frambur\u00f0i \u00feeirra bar ekki saman. <br \/> <a name=\"57\"><span class=\"versanumer_2007\">57<\/span><\/a> \u00de\u00e1 st\u00f3\u00f0u nokkrir upp og b\u00e1ru lj\u00fagvitni gegn Jes\u00fa og s\u00f6g\u00f0u: <a name=\"58\"><span class=\"versanumer_2007\">58<\/span><\/a> \u201eVi\u00f0 heyr\u00f0um hann segja: \u00c9g mun brj\u00f3ta ni\u00f0ur musteri \u00feetta, sem me\u00f0 h\u00f6ndum er gert, og reisa anna\u00f0 \u00e1 \u00ferem d\u00f6gum sem ekki er me\u00f0 h\u00f6ndum gert.\u201c <a name=\"59\"><span class=\"versanumer_2007\">59<\/span><\/a> En ekki bar \u00feeim heldur saman um \u00feetta. <br \/> <a name=\"60\"><span class=\"versanumer_2007\">60<\/span><\/a> \u00de\u00e1 st\u00f3\u00f0 \u00e6\u00f0sti presturinn upp og spur\u00f0i Jes\u00fa: \u201eSvarar \u00fe\u00fa \u00fev\u00ed engu sem \u00feessir vitna gegn \u00fe\u00e9r?\u201c <br \/> <a name=\"61\"><span class=\"versanumer_2007\">61<\/span><\/a> En hann \u00feag\u00f0i og svara\u00f0i engu. Enn spur\u00f0i \u00e6\u00f0sti presturinn hann: \u201eErtu Kristur, sonur hins blessa\u00f0a?\u201c <br \/> <a name=\"62\"><span class=\"versanumer_2007\">62<\/span><\/a> Jes\u00fas sag\u00f0i: \u201e\u00c9g er s\u00e1 og \u00fei\u00f0 munu\u00f0 sj\u00e1 Mannssoninn sitja til h\u00e6gri handar Hins alm\u00e1ttuga og koma \u00ed sk\u00fdjum himins.\u201c <br \/> <a name=\"63\"><span class=\"versanumer_2007\">63<\/span><\/a> \u00de\u00e1 reif \u00e6\u00f0sti presturinn kl\u00e6\u00f0i s\u00edn og sag\u00f0i: \u201eHva\u00f0 \u00feurfum vi\u00f0 n\u00fa framar votta vi\u00f0? <a name=\"64\"><span class=\"versanumer_2007\">64<\/span><\/a> \u00dei\u00f0 heyr\u00f0u\u00f0 gu\u00f0lasti\u00f0. Hva\u00f0 l\u00edst ykkur?\u201c <br \/> Og \u00feeir d\u00e6mdu hann allir sekan og dau\u00f0a ver\u00f0an. <br \/> <a name=\"65\"><span class=\"versanumer_2007\">65<\/span><\/a> \u00de\u00e1 t\u00f3ku sumir a\u00f0 hr\u00e6kja \u00e1 hann, \u00feeir huldu andlit hans, sl\u00f3gu hann me\u00f0 hnefunum og s\u00f6g\u00f0u vi\u00f0 hann: \u201e\u00de\u00fa ert sp\u00e1ma\u00f0ur, hver sl\u00f3 \u00feig?\u201c Eins b\u00f6r\u00f0u \u00fej\u00f3narnir hann. <\/p>\n<h3 class=\"millifyrirsogn_2007\">P\u00e9tur afneitar<\/h3>\n<p><a name=\"66\"><span class=\"versanumer_2007\">66<\/span><\/a> P\u00e9tur var ni\u00f0ri \u00ed gar\u00f0inum. \u00dear kom ein af \u00feernum \u00e6\u00f0sta prestsins <a name=\"67\"><span class=\"versanumer_2007\">67<\/span><\/a> og s\u00e1 hvar P\u00e9tur var a\u00f0 orna s\u00e9r. H\u00fan horfir \u00e1 hann og segir: \u201e\u00de\u00fa varst l\u00edka me\u00f0 manninum fr\u00e1 Nasaret, \u00feessum Jes\u00fa.\u201c <br \/> <a name=\"68\"><span class=\"versanumer_2007\">68<\/span><\/a> \u00dev\u00ed neita\u00f0i P\u00e9tur og sag\u00f0i: \u201eEkki veit \u00e9g n\u00e9 skil hva\u00f0 \u00fe\u00fa ert a\u00f0 fara.\u201c Og hann gekk \u00fat \u00ed forgar\u00f0inn [en \u00fe\u00e1 g\u00f3l haninn].<span class=\"nedan_mal\" title=\" Vantar \u00ed sum handrit.\">[<\/span> <br \/> <a name=\"69\"><span class=\"versanumer_2007\">69<\/span><\/a> \u00dear s\u00e1 \u00feernan hann og f\u00f3r enn a\u00f0 segja vi\u00f0 \u00fe\u00e1 sem hj\u00e1 st\u00f3\u00f0u: \u201e\u00deessi er einn af \u00feeim.\u201c <a name=\"70\"><span class=\"versanumer_2007\">70<\/span><\/a> En hann neita\u00f0i sem \u00e1\u00f0ur. Litlu s\u00ed\u00f0ar s\u00f6g\u00f0u \u00feeir er hj\u00e1 st\u00f3\u00f0u enn vi\u00f0 P\u00e9tur: \u201eV\u00edst ertu einn af \u00feeim enda ertu Gal\u00edleuma\u00f0ur.\u201c <br \/> <a name=\"71\"><span class=\"versanumer_2007\">71<\/span><\/a> En P\u00e9tur s\u00f3r og s\u00e1rt vi\u00f0 lag\u00f0i: \u201e\u00c9g \u00feekki ekki \u00feennan mann sem \u00fei\u00f0 tali\u00f0 um.\u201c <br \/> <a name=\"72\"><span class=\"versanumer_2007\">72<\/span><\/a> Um lei\u00f0 g\u00f3l haninn anna\u00f0 sinn og P\u00e9tur minntist \u00feess er Jes\u00fas haf\u00f0i m\u00e6lt vi\u00f0 hann: \u201e\u00c1\u00f0ur en hani galar tvisvar muntu afneita m\u00e9r \u00ferisvar.\u201c \u00de\u00e1 f\u00f3r hann a\u00f0 gr\u00e1ta. <\/p>\n","protected":false},"excerpt":{"rendered":"<p>Me\u00f0 svikum 1 N\u00fa voru tveir dagar til p\u00e1ska og h\u00e1t\u00ed\u00f0ar \u00f3s\u00fdr\u00f0u brau\u00f0anna. Og \u00e6\u00f0stu prestarnir og fr\u00e6\u00f0imennirnir leitu\u00f0u fyrir s\u00e9r hvernig \u00feeir g\u00e6tu handsama\u00f0 Jes\u00fa me\u00f0 svikum og teki\u00f0 hann af l\u00edfi. 2 En \u00feeir s\u00f6g\u00f0u: \u201eEkki \u00e1 h\u00e1t\u00ed\u00f0inni, \u00fe\u00e1 g\u00e6ti or\u00f0i\u00f0 upp\u00feot me\u00f0al f\u00f3lksins.\u201c Gott verk ger\u00f0i h\u00fan 3 Jes\u00fas var \u00ed Betan\u00edu, \u00ed h\u00fasi S\u00edmonar l\u00edk\u00fer\u00e1a, og sat a\u00f0 bor\u00f0i. \u00de\u00e1 kom \u00fear kona og haf\u00f0i alabastursbu\u00f0k me\u00f0 \u00f3mengu\u00f0um, d\u00fdrum nardussmyrslum. H\u00fan braut bu\u00f0kinn og hellti yfir h\u00f6fu\u00f0 honum. 4 En \u00fear voru nokkrir er gramdist \u00feetta og \u00feeir s\u00f6g\u00f0u s\u00edn \u00e1 milli: \u201eTil hvers er \u00feessi <a href=\"https:\/\/biblian.is\/biblian\/markusargudspjall-14-kafli\/\"> [&#8230;]<\/a><\/p>\n","protected":false},"author":1,"featured_media":0,"parent":0,"menu_order":0,"comment_status":"open","ping_status":"open","template":"bibliukaflar_NT.php","meta":{"footnotes":""},"class_list":["post-2588","page","type-page","status-publish","hentry"],"_links":{"self":[{"href":"https:\/\/biblian.is\/biblian\/wp-json\/wp\/v2\/pages\/2588","targetHints":{"allow":["GET"]}}],"collection":[{"href":"https:\/\/biblian.is\/biblian\/wp-json\/wp\/v2\/pages"}],"about":[{"href":"https:\/\/biblian.is\/biblian\/wp-json\/wp\/v2\/types\/page"}],"author":[{"embeddable":true,"href":"https:\/\/biblian.is\/biblian\/wp-json\/wp\/v2\/users\/1"}],"replies":[{"embeddable":true,"href":"https:\/\/biblian.is\/biblian\/wp-json\/wp\/v2\/comments?post=2588"}],"version-history":[{"count":0,"href":"https:\/\/biblian.is\/biblian\/wp-json\/wp\/v2\/pages\/2588\/revisions"}],"wp:attachment":[{"href":"https:\/\/biblian.is\/biblian\/wp-json\/wp\/v2\/media?parent=2588"}],"curies":[{"name":"wp","href":"https:\/\/api.w.org\/{rel}","templated":true}]}}