{"id":2587,"date":"2017-12-30T21:03:50","date_gmt":"2017-12-30T21:03:50","guid":{"rendered":"http:\/\/biblian.is\/biblian\/mark%c2%9csargu_spjall-13-kafli\/"},"modified":"2019-08-26T22:28:53","modified_gmt":"2019-08-26T22:28:53","slug":"markusargudspjall-13-kafli","status":"publish","type":"page","link":"https:\/\/biblian.is\/biblian\/markusargudspjall-13-kafli\/","title":{"rendered":"Mark\u00fasargu\u00f0spjall 13. kafli"},"content":{"rendered":"<h3 class=\"millifyrirsogn_2007\"> Skelfist ekki<\/h3>\n<p><a name=\"1\"><span class=\"versanumer_2007\">1<\/span><\/a> \u00deegar Jes\u00fas gekk \u00fat \u00far helgid\u00f3minum segir einn l\u00e6risveina hans vi\u00f0 hann: \u201eMeistari, sj\u00e1\u00f0u, hv\u00edl\u00edkir steinar, hv\u00edl\u00edkar byggingar!\u201c <br \/> <a name=\"2\"><span class=\"versanumer_2007\">2<\/span><\/a> Jes\u00fas svara\u00f0i honum: \u201eS\u00e9r\u00f0u \u00feessar miklu byggingar? H\u00e9r ver\u00f0ur ekki steinn yfir steini, allt lagt \u00ed r\u00fast.\u201c <br \/> <a name=\"3\"><span class=\"versanumer_2007\">3<\/span><\/a> \u00de\u00e1 er Jes\u00fas sat \u00e1 Ol\u00edufjallinu gegnt helgid\u00f3minum spur\u00f0u hann einslega \u00feeir P\u00e9tur, Jakob, J\u00f3hannes og Andr\u00e9s: <a name=\"4\"><span class=\"versanumer_2007\">4<\/span><\/a> \u201eSeg \u00fe\u00fa okkur, hven\u00e6r ver\u00f0ur \u00feetta? Og hvert mun t\u00e1kn \u00feess a\u00f0 allt \u00feetta s\u00e9 a\u00f0 koma fram?\u201c <br \/> <a name=\"5\"><span class=\"versanumer_2007\">5<\/span><\/a> En Jes\u00fas t\u00f3k a\u00f0 segja \u00feeim: \u201eVarist a\u00f0 l\u00e1ta nokkurn lei\u00f0a y\u00f0ur \u00ed villu. <a name=\"6\"><span class=\"versanumer_2007\">6<\/span><\/a> Margir munu koma \u00ed m\u00ednu nafni og segja: \u00dea\u00f0 er \u00e9g! og marga munu \u00feeir lei\u00f0a \u00ed villu. <a name=\"7\"><span class=\"versanumer_2007\">7<\/span><\/a> En \u00feegar \u00fe\u00e9r spyrji\u00f0 herna\u00f0 og \u00f3fri\u00f0art\u00ed\u00f0indi \u00fe\u00e1 skelfist ekki. \u00deetta \u00e1 a\u00f0 ver\u00f0a en endirinn er ekki \u00fear me\u00f0 kominn. <a name=\"8\"><span class=\"versanumer_2007\">8<\/span><\/a> \u00dej\u00f3\u00f0 mun r\u00edsa gegn \u00fej\u00f3\u00f0 og r\u00edki gegn r\u00edki, \u00fe\u00e1 ver\u00f0a landskj\u00e1lftar \u00e1 \u00fdmsum st\u00f6\u00f0um og hungur. \u00deetta er upphaf f\u00e6\u00f0ingarhr\u00ed\u00f0anna. <\/p>\n<h3 class=\"millifyrirsogn_2007\">Veri\u00f0 v\u00f6r um y\u00f0ur<\/h3>\n<p><a name=\"9\"><span class=\"versanumer_2007\">9<\/span><\/a> G\u00e6ti\u00f0 a\u00f0 sj\u00e1lfum y\u00f0ur. Menn munu draga y\u00f0ur fyrir d\u00f3mst\u00f3la, \u00ed samkundum ver\u00f0i\u00f0 \u00fe\u00e9r h\u00fa\u00f0str\u00fdkt og \u00fe\u00e9r munu\u00f0 leidd fyrir landsh\u00f6f\u00f0ingja og konunga m\u00edn vegna til \u00feess a\u00f0 bera vitni um mig. <a name=\"10\"><span class=\"versanumer_2007\">10<\/span><\/a> En fyrst \u00e1 a\u00f0 pr\u00e9dika \u00f6llum \u00fej\u00f3\u00f0um fagna\u00f0arerindi\u00f0. <a name=\"11\"><span class=\"versanumer_2007\">11<\/span><\/a> \u00deegar menn taka y\u00f0ur og draga fyrir r\u00e9tt skulu\u00f0 \u00fe\u00e9r ekki hafa \u00e1hyggjur af \u00fev\u00ed hva\u00f0 \u00fe\u00e9r eigi\u00f0 a\u00f0 segja heldur tali\u00f0 \u00fea\u00f0 sem y\u00f0ur ver\u00f0ur gefi\u00f0 \u00e1 \u00feeirri stundu. \u00dea\u00f0 eru\u00f0 ekki \u00fe\u00e9r sem tali\u00f0 heldur talar heilagur andi \u00ed y\u00f0ur. <a name=\"12\"><span class=\"versanumer_2007\">12<\/span><\/a> \u00de\u00e1 mun br\u00f3\u00f0ir selja br\u00f3\u00f0ur \u00ed dau\u00f0a og fa\u00f0ir barn sitt. B\u00f6rn munu r\u00edsa gegn foreldrum og valda \u00feeim dau\u00f0a. <a name=\"13\"><span class=\"versanumer_2007\">13<\/span><\/a> Allir munu hata y\u00f0ur af \u00fev\u00ed a\u00f0 \u00fe\u00e9r tr\u00fai\u00f0 \u00e1 mig. En s\u00e1 sem sta\u00f0fastur er allt til enda ver\u00f0ur h\u00f3lpinn. <br \/> <a name=\"14\"><span class=\"versanumer_2007\">14<\/span><\/a> En \u00feegar \u00fe\u00e9r sj\u00e1i\u00f0 vi\u00f0urstygg\u00f0 ey\u00f0ingarinnar standa \u00fear er s\u00edst skyldi &#8211; lesandinn athugi \u00fea\u00f0 &#8211; \u00fe\u00e1 fl\u00fdi \u00feau, sem \u00ed J\u00fadeu eru, til fjalla. <a name=\"15\"><span class=\"versanumer_2007\">15<\/span><\/a> S\u00e1 sem er uppi \u00e1 \u00feaki fari ekki ofan og inn \u00ed h\u00fasi\u00f0 a\u00f0 s\u00e6kja neitt. <a name=\"16\"><span class=\"versanumer_2007\">16<\/span><\/a> Og s\u00e1 sem er \u00e1 akri skal ekki hverfa aftur a\u00f0 taka yfirh\u00f6fn s\u00edna. <a name=\"17\"><span class=\"versanumer_2007\">17<\/span><\/a> Vei \u00feeim sem \u00feunga\u00f0ar eru e\u00f0a b\u00f6rn hafa \u00e1 brj\u00f3sti \u00e1 \u00feeim d\u00f6gum. <a name=\"18\"><span class=\"versanumer_2007\">18<\/span><\/a> Bi\u00f0ji\u00f0 a\u00f0 \u00fea\u00f0 ver\u00f0i ekki um vetur. <a name=\"19\"><span class=\"versanumer_2007\">19<\/span><\/a> \u00c1 \u00feeim d\u00f6gum ver\u00f0ur s\u00fa \u00ferenging sem engin hefur \u00fev\u00edl\u00edk veri\u00f0 fr\u00e1 upphafi sk\u00f6punar allt til \u00feessa og mun aldrei ver\u00f0a. <a name=\"20\"><span class=\"versanumer_2007\">20<\/span><\/a> Ef Drottinn hef\u00f0i ekki stytt \u00feessa daga k\u00e6mist enginn ma\u00f0ur af. En hann hefur stytt \u00fe\u00e1 vegna \u00feeirra sem hann hefur \u00fatvali\u00f0. <br \/> <a name=\"21\"><span class=\"versanumer_2007\">21<\/span><\/a> Og ef einhver segir \u00fe\u00e1 vi\u00f0 y\u00f0ur: H\u00e9r er Kristur, e\u00f0a: \u00dear, \u00fe\u00e1 tr\u00fai\u00f0 \u00fev\u00ed ekki. <a name=\"22\"><span class=\"versanumer_2007\">22<\/span><\/a> \u00dev\u00ed a\u00f0 fram munu koma falskristar og falssp\u00e1menn og \u00feeir munu gera t\u00e1kn svo a\u00f0 \u00feeir g\u00e6tu leitt hin \u00fatv\u00f6ldu afvega ef \u00fea\u00f0 v\u00e6ri h\u00e6gt. <a name=\"23\"><span class=\"versanumer_2007\">23<\/span><\/a> G\u00e6ti\u00f0 y\u00f0ar. \u00c9g hef sagt y\u00f0ur allt fyrir.<\/p>\n<h3 class=\"millifyrirsogn_2007\">Mannssonurinn kemur<\/h3>\n<p><a name=\"24\"><span class=\"versanumer_2007\">24<\/span><\/a> En \u00e1 \u00feeim d\u00f6gum, eftir \u00ferenging \u00feessa, <br \/> <span class=\"ljodatexti\"> mun s\u00f3lin sortna <br \/>og tungli\u00f0 h\u00e6tta a\u00f0 sk\u00edna. <br \/> <\/span> <span class=\"ljodatexti\"> <a name=\"25\"><span class=\"versanumer_ljod\">25<\/span><\/a> Stj\u00f6rnurnar munu hrapa af himni <br \/>og festingin ri\u00f0last. <\/span> <br \/> <a name=\"26\"><span class=\"versanumer_2007\">26<\/span><\/a> \u00de\u00e1 munu menn sj\u00e1 Mannssoninn koma \u00ed sk\u00fdjum me\u00f0 miklum m\u00e6tti og d\u00fdr\u00f0. <a name=\"27\"><span class=\"versanumer_2007\">27<\/span><\/a> Og hann mun senda \u00fat englana og safna s\u00ednum \u00fatv\u00f6ldu \u00far \u00e1ttunum fj\u00f3rum, fr\u00e1 skautum jar\u00f0ar til himinskauta. <\/p>\n<h3 class=\"millifyrirsogn_2007\">Sumar \u00ed n\u00e1nd<\/h3>\n<p><a name=\"28\"><span class=\"versanumer_2007\">28<\/span><\/a> Nemi\u00f0 l\u00edkingu af f\u00edkjutr\u00e9nu. \u00deegar greinar \u00feess fara a\u00f0 m\u00fdkjast og laufi\u00f0 a\u00f0 springa \u00fat, \u00fe\u00e1 viti\u00f0 \u00fe\u00e9r a\u00f0 sumar er \u00ed n\u00e1nd. <a name=\"29\"><span class=\"versanumer_2007\">29<\/span><\/a> Eins skulu\u00f0 \u00fe\u00e9r vita, \u00feegar \u00fe\u00e9r sj\u00e1i\u00f0 \u00feetta ver\u00f0a, a\u00f0 endirinn er \u00ed n\u00e1nd, fyrir dyrum. <a name=\"30\"><span class=\"versanumer_2007\">30<\/span><\/a> Sannlega segi \u00e9g y\u00f0ur: \u00deessi kynsl\u00f3\u00f0 mun ekki l\u00ed\u00f0a undir lok uns allt \u00feetta er komi\u00f0 fram. <a name=\"31\"><span class=\"versanumer_2007\">31<\/span><\/a> Himinn og j\u00f6r\u00f0 munu l\u00ed\u00f0a undir lok en or\u00f0 m\u00edn munu aldrei undir lok l\u00ed\u00f0a. <\/p>\n<h3 class=\"millifyrirsogn_2007\">Vaki\u00f0<\/h3>\n<p><a name=\"32\"><span class=\"versanumer_2007\">32<\/span><\/a> En \u00feann dag e\u00f0a stund veit enginn, hvorki englar \u00e1 himni n\u00e9 sonurinn, enginn nema fa\u00f0irinn. <a name=\"33\"><span class=\"versanumer_2007\">33<\/span><\/a> G\u00e6ti\u00f0 y\u00f0ar, vaki\u00f0! \u00de\u00e9r viti\u00f0 ekki n\u00e6r t\u00edminn er kominn. <a name=\"34\"><span class=\"versanumer_2007\">34<\/span><\/a> Svo er \u00feetta sem ma\u00f0ur fari \u00far landi, skilji vi\u00f0 h\u00fas sitt og feli \u00fej\u00f3num s\u00ednum umr\u00e1\u00f0in, hverjum sitt verk. Dyraver\u00f0inum b\u00fd\u00f0ur hann a\u00f0 vaka. <a name=\"35\"><span class=\"versanumer_2007\">35<\/span><\/a> Vaki\u00f0 \u00fev\u00ed, \u00fe\u00e9r viti\u00f0 ekki n\u00e6r h\u00fasb\u00f3ndinn kemur, a\u00f0 kveldi, \u00e1 mi\u00f0n\u00e6tti, \u00ed \u00f3ttu e\u00f0a d\u00f6gun. <a name=\"36\"><span class=\"versanumer_2007\">36<\/span><\/a> L\u00e1ti\u00f0 hann ekki finna y\u00f0ur sofandi \u00feegar hann kemur allt \u00ed einu. <a name=\"37\"><span class=\"versanumer_2007\">37<\/span><\/a> \u00dea\u00f0 sem \u00e9g segi y\u00f0ur, \u00fea\u00f0 segi \u00e9g \u00f6llum: Vaki\u00f0!\u201c <\/p>\n","protected":false},"excerpt":{"rendered":"<p>Skelfist ekki 1 \u00deegar Jes\u00fas gekk \u00fat \u00far helgid\u00f3minum segir einn l\u00e6risveina hans vi\u00f0 hann: \u201eMeistari, sj\u00e1\u00f0u, hv\u00edl\u00edkir steinar, hv\u00edl\u00edkar byggingar!\u201c 2 Jes\u00fas svara\u00f0i honum: \u201eS\u00e9r\u00f0u \u00feessar miklu byggingar? H\u00e9r ver\u00f0ur ekki steinn yfir steini, allt lagt \u00ed r\u00fast.\u201c 3 \u00de\u00e1 er Jes\u00fas sat \u00e1 Ol\u00edufjallinu gegnt helgid\u00f3minum spur\u00f0u hann einslega \u00feeir P\u00e9tur, Jakob, J\u00f3hannes og Andr\u00e9s: 4 \u201eSeg \u00fe\u00fa okkur, hven\u00e6r ver\u00f0ur \u00feetta? Og hvert mun t\u00e1kn \u00feess a\u00f0 allt \u00feetta s\u00e9 a\u00f0 koma fram?\u201c 5 En Jes\u00fas t\u00f3k a\u00f0 segja \u00feeim: \u201eVarist a\u00f0 l\u00e1ta nokkurn lei\u00f0a y\u00f0ur \u00ed villu. 6 Margir munu koma \u00ed m\u00ednu nafni og segja: <a href=\"https:\/\/biblian.is\/biblian\/markusargudspjall-13-kafli\/\"> [&#8230;]<\/a><\/p>\n","protected":false},"author":1,"featured_media":0,"parent":0,"menu_order":0,"comment_status":"open","ping_status":"open","template":"bibliukaflar_NT.php","meta":{"footnotes":""},"class_list":["post-2587","page","type-page","status-publish","hentry"],"_links":{"self":[{"href":"https:\/\/biblian.is\/biblian\/wp-json\/wp\/v2\/pages\/2587","targetHints":{"allow":["GET"]}}],"collection":[{"href":"https:\/\/biblian.is\/biblian\/wp-json\/wp\/v2\/pages"}],"about":[{"href":"https:\/\/biblian.is\/biblian\/wp-json\/wp\/v2\/types\/page"}],"author":[{"embeddable":true,"href":"https:\/\/biblian.is\/biblian\/wp-json\/wp\/v2\/users\/1"}],"replies":[{"embeddable":true,"href":"https:\/\/biblian.is\/biblian\/wp-json\/wp\/v2\/comments?post=2587"}],"version-history":[{"count":0,"href":"https:\/\/biblian.is\/biblian\/wp-json\/wp\/v2\/pages\/2587\/revisions"}],"wp:attachment":[{"href":"https:\/\/biblian.is\/biblian\/wp-json\/wp\/v2\/media?parent=2587"}],"curies":[{"name":"wp","href":"https:\/\/api.w.org\/{rel}","templated":true}]}}