{"id":2585,"date":"2017-12-30T21:03:50","date_gmt":"2017-12-30T21:03:50","guid":{"rendered":"http:\/\/biblian.is\/biblian\/mark%c2%9csargu_spjall-11-kafli\/"},"modified":"2019-08-26T22:28:52","modified_gmt":"2019-08-26T22:28:52","slug":"markusargudspjall-11-kafli","status":"publish","type":"page","link":"https:\/\/biblian.is\/biblian\/markusargudspjall-11-kafli\/","title":{"rendered":"Mark\u00fasargu\u00f0spjall 11. kafli"},"content":{"rendered":"<h3 class=\"millifyrirsogn_2007\"> Jes\u00fa fagna\u00f0<\/h3>\n<p><a name=\"1\"><span class=\"versanumer_2007\">1<\/span><\/a> \u00deegar \u00feeir n\u00e1lgast Jer\u00fasalem og koma til Betfage og Betan\u00edu vi\u00f0 Ol\u00edufjalli\u00f0 sendir Jes\u00fas tvo l\u00e6risveina s\u00edna <a name=\"2\"><span class=\"versanumer_2007\">2<\/span><\/a> og segir vi\u00f0 \u00fe\u00e1: \u201eFari\u00f0 \u00ed \u00feorpi\u00f0 h\u00e9r fram undan ykkur. Um lei\u00f0 og \u00fei\u00f0 komi\u00f0 \u00feanga\u00f0 munu\u00f0 \u00fei\u00f0 finna fola bundinn sem enginn hefur enn komi\u00f0 \u00e1 bak. Leysi\u00f0 hann og komi\u00f0 me\u00f0 hann. <a name=\"3\"><span class=\"versanumer_2007\">3<\/span><\/a> Ef einhver spyr ykkur: Hvers vegna geri\u00f0 \u00fei\u00f0 \u00feetta? \u00fe\u00e1 svari\u00f0: Drottinn<span class=\"nedan_mal\" title=\" E\u00f0a: Eigandi hans.\">[<\/span> \u00fearf hans vi\u00f0, hann sendir hann jafnskj\u00f3tt aftur hinga\u00f0.\u201c<br \/> <a name=\"4\"><span class=\"versanumer_2007\">4<\/span><\/a> \u00deeir f\u00f3ru og fundu folann bundinn vi\u00f0 dyr \u00fati \u00e1 str\u00e6tinu og leystu hann. <a name=\"5\"><span class=\"versanumer_2007\">5<\/span><\/a> Nokkrir sem st\u00f3\u00f0u \u00fear s\u00f6g\u00f0u vi\u00f0 \u00fe\u00e1: \u201eHvers vegna eru\u00f0 \u00fei\u00f0 a\u00f0 leysa folann?\u201c <br \/> <a name=\"6\"><span class=\"versanumer_2007\">6<\/span><\/a> \u00deeir sv\u00f6ru\u00f0u eins og Jes\u00fas haf\u00f0i sagt og \u00feeir l\u00e9tu \u00fe\u00e1 fara. <a name=\"7\"><span class=\"versanumer_2007\">7<\/span><\/a> S\u00ed\u00f0an f\u00e6r\u00f0u \u00feeir Jes\u00fa folann og l\u00f6g\u00f0u \u00e1 hann kl\u00e6\u00f0i s\u00edn en hann settist \u00e1 bak. <a name=\"8\"><span class=\"versanumer_2007\">8<\/span><\/a> Og margir breiddu kl\u00e6\u00f0i s\u00edn \u00e1 veginn en a\u00f0rir lim sem \u00feeir h\u00f6f\u00f0u skori\u00f0 af trj\u00e1num. <a name=\"9\"><span class=\"versanumer_2007\">9<\/span><\/a> \u00deeir sem \u00e1 undan f\u00f3ru og eftir fylgdu hr\u00f3pu\u00f0u: \u201eH\u00f3sanna. Blessa\u00f0ur s\u00e9 s\u00e1 sem kemur \u00ed nafni Drottins! <a name=\"10\"><span class=\"versanumer_2007\">10<\/span><\/a> Blessa\u00f0 s\u00e9 hi\u00f0 komandi r\u00edki f\u00f6\u00f0ur vors Dav\u00ed\u00f0s! H\u00f3sanna \u00ed h\u00e6stum h\u00e6\u00f0um!\u201c <br \/> <a name=\"11\"><span class=\"versanumer_2007\">11<\/span><\/a> Jes\u00fas f\u00f3r inn \u00ed Jer\u00fasalem og \u00ed helgid\u00f3minn. \u00dear leit hann yfir allt en \u00fear sem komi\u00f0 var kv\u00f6ld f\u00f3r hann til Betan\u00edu me\u00f0 \u00feeim t\u00f3lf. <\/p>\n<h3 class=\"millifyrirsogn_2007\">Ekkert nema bl\u00f6\u00f0<\/h3>\n<p><a name=\"12\"><span class=\"versanumer_2007\">12<\/span><\/a> \u00c1 lei\u00f0inni fr\u00e1 Betan\u00edu morguninn eftir kenndi Jes\u00fas hungurs. <a name=\"13\"><span class=\"versanumer_2007\">13<\/span><\/a> \u00de\u00e1 s\u00e1 hann \u00e1lengdar laufga\u00f0 f\u00edkjutr\u00e9 og f\u00f3r a\u00f0 g\u00e1 hvort hann fyndi nokku\u00f0 \u00e1 \u00fev\u00ed. En \u00feegar hann kom a\u00f0 \u00fev\u00ed fann hann ekkert nema bl\u00f6\u00f0 enda var ekki f\u00edknat\u00ed\u00f0. <a name=\"14\"><span class=\"versanumer_2007\">14<\/span><\/a> Jes\u00fas sag\u00f0i \u00fe\u00e1 vi\u00f0 tr\u00e9\u00f0: \u201eEnginn neyti framar \u00e1vaxtar af \u00fe\u00e9r a\u00f0 eil\u00edfu!\u201c \u00deetta heyr\u00f0u l\u00e6risveinar hans. <\/p>\n<h3 class=\"millifyrirsogn_2007\">H\u00fas mitt b\u00e6nah\u00fas<\/h3>\n<p><a name=\"15\"><span class=\"versanumer_2007\">15<\/span><\/a> \u00deeir komu til Jer\u00fasalem og Jes\u00fas gekk \u00ed helgid\u00f3minn og t\u00f3k a\u00f0 reka \u00fat \u00fe\u00e1 sem voru a\u00f0 selja \u00fear og kaupa og hratt um bor\u00f0um v\u00edxlaranna og st\u00f3lum d\u00fafnasalanna. <a name=\"16\"><span class=\"versanumer_2007\">16<\/span><\/a> Og engum leyf\u00f0i hann a\u00f0 bera neitt um helgid\u00f3minn. <a name=\"17\"><span class=\"versanumer_2007\">17<\/span><\/a> Og hann kenndi \u00feeim og sag\u00f0i: \u201eEr ekki rita\u00f0: H\u00fas mitt \u00e1 a\u00f0 vera b\u00e6nah\u00fas fyrir allar \u00fej\u00f3\u00f0ir? En \u00fei\u00f0 hafi\u00f0 gert \u00fea\u00f0 a\u00f0 r\u00e6ningjab\u00e6li.\u201c <br \/> <a name=\"18\"><span class=\"versanumer_2007\">18<\/span><\/a> \u00c6\u00f0stu prestarnir og fr\u00e6\u00f0imennirnir heyr\u00f0u \u00feetta og leitu\u00f0u fyrir s\u00e9r hvernig \u00feeir g\u00e6tu r\u00e1\u00f0i\u00f0 hann af d\u00f6gum. \u00deeim st\u00f3\u00f0 \u00f3tti af honum \u00fev\u00ed a\u00f0 allt f\u00f3lki\u00f0 hreifst mj\u00f6g af kenningu hans. <br \/> <a name=\"19\"><span class=\"versanumer_2007\">19<\/span><\/a> \u00deegar lei\u00f0 a\u00f0 kv\u00f6ldi f\u00f3ru \u00feeir \u00far borginni. <\/p>\n<h3 class=\"millifyrirsogn_2007\">Tr\u00fai\u00f0 \u00e1 Gu\u00f0<\/h3>\n<p><a name=\"20\"><span class=\"versanumer_2007\">20<\/span><\/a> \u00c1rla morguns f\u00f3ru \u00feeir hj\u00e1 f\u00edkjutr\u00e9nu og s\u00e1u a\u00f0 \u00fea\u00f0 var visna\u00f0 fr\u00e1 r\u00f3tum. <a name=\"21\"><span class=\"versanumer_2007\">21<\/span><\/a> P\u00e9tur minntist \u00feess sem gerst haf\u00f0i og segir vi\u00f0 hann: \u201eMeistari, sj\u00e1\u00f0u! f\u00edkjutr\u00e9\u00f0, sem \u00fe\u00fa form\u00e6ltir, er visna\u00f0.\u201c <br \/> <a name=\"22\"><span class=\"versanumer_2007\">22<\/span><\/a> Jes\u00fas svara\u00f0i \u00feeim: \u201eTr\u00fai\u00f0 \u00e1 Gu\u00f0. <a name=\"23\"><span class=\"versanumer_2007\">23<\/span><\/a> Sannlega segi \u00e9g ykkur: Hver sem segir vi\u00f0 fjall \u00feetta: Lyft \u00fe\u00e9r upp og steyp \u00fe\u00e9r \u00ed hafi\u00f0, og efar ekki \u00ed hjarta s\u00ednu heldur tr\u00fair a\u00f0 svo fari sem hann m\u00e6lir, \u00fe\u00e1 gerist \u00fea\u00f0. <a name=\"24\"><span class=\"versanumer_2007\">24<\/span><\/a> Fyrir \u00fev\u00ed segi \u00e9g ykkur: Ef \u00fei\u00f0 bi\u00f0ji\u00f0 Gu\u00f0 um eitthva\u00f0 og treysti\u00f0 \u00fev\u00ed a\u00f0 \u00fei\u00f0 \u00f6\u00f0list \u00fea\u00f0, \u00fe\u00e1 mun hann veita ykkur \u00fea\u00f0. <a name=\"25\"><span class=\"versanumer_2007\">25<\/span><\/a> Og \u00feegar \u00fei\u00f0 eru\u00f0 a\u00f0 bi\u00f0ja, \u00fe\u00e1 fyrirgefi\u00f0 \u00feeim sem hafa gert eitthva\u00f0 \u00e1 hlut ykkar til \u00feess a\u00f0 fa\u00f0ir ykkar \u00e1 himnum fyrirgefi einnig ykkur misgj\u00f6r\u00f0ir ykkar. [ <a name=\"26\"><span class=\"versanumer_2007\">26<\/span><\/a> Ef \u00fei\u00f0 fyrirgefi\u00f0 ekki mun fa\u00f0ir ykkar \u00e1 himnum ekki heldur fyrirgefa misgj\u00f6r\u00f0ir ykkar.]\u201c<span class=\"nedan_mal\" title=\" Vantar \u00ed sum handrit.\">[<\/span> <\/p>\n<h3 class=\"millifyrirsogn_2007\">Hver gaf \u00fe\u00e9r \u00fea\u00f0 vald?<\/h3>\n<p><a name=\"27\"><span class=\"versanumer_2007\">27<\/span><\/a> \u00deeir koma aftur til Jer\u00fasalem og \u00feegar hann var \u00e1 gangi \u00ed helgid\u00f3minum koma til hans \u00e6\u00f0stu prestarnir, fr\u00e6\u00f0imennirnir og \u00f6ldungarnir <a name=\"28\"><span class=\"versanumer_2007\">28<\/span><\/a> og segja vi\u00f0 hann: \u201eMe\u00f0 hva\u00f0a valdi gerir \u00fe\u00fa \u00feetta? Hver gaf \u00fe\u00e9r \u00fea\u00f0 vald a\u00f0 \u00fe\u00fa gerir \u00feetta?\u201c <br \/> <a name=\"29\"><span class=\"versanumer_2007\">29<\/span><\/a> Jes\u00fas sag\u00f0i vi\u00f0 \u00fe\u00e1: \u201e\u00c9g vil leggja eina spurningu fyrir ykkur. Svari\u00f0 henni og \u00e9g mun segja ykkur me\u00f0 hva\u00f0a valdi \u00e9g geri \u00feetta. <a name=\"30\"><span class=\"versanumer_2007\">30<\/span><\/a> Hver f\u00f3l J\u00f3hannesi a\u00f0 sk\u00edra, var \u00fea\u00f0 Gu\u00f0 e\u00f0a voru \u00fea\u00f0 menn? Svari\u00f0 m\u00e9r!\u201c <br \/> <a name=\"31\"><span class=\"versanumer_2007\">31<\/span><\/a> \u00deeir r\u00e1\u00f0gu\u00f0ust hver vi\u00f0 annan um \u00feetta og s\u00f6g\u00f0u: \u201eEf vi\u00f0 sv\u00f6rum: \u00dea\u00f0 var Gu\u00f0, spyr hann: Hv\u00ed tr\u00fa\u00f0u\u00f0 \u00fei\u00f0 honum \u00fe\u00e1 ekki? <a name=\"32\"><span class=\"versanumer_2007\">32<\/span><\/a> E\u00f0a \u00e6ttum vi\u00f0 a\u00f0 svara: \u00dea\u00f0 voru menn?\u201c \u2013 \u00dea\u00f0 \u00feor\u00f0u \u00feeir ekki fyrir f\u00f3lkinu \u00fev\u00ed allir t\u00f6ldu a\u00f0 J\u00f3hannes hef\u00f0i veri\u00f0 sannur sp\u00e1ma\u00f0ur. <a name=\"33\"><span class=\"versanumer_2007\">33<\/span><\/a> \u00deeir sv\u00f6ru\u00f0u Jes\u00fa: \u201eVi\u00f0 vitum \u00fea\u00f0 ekki.\u201c <br \/> Jes\u00fas sag\u00f0i vi\u00f0 \u00fe\u00e1: \u201e\u00c9g segi ykkur \u00fe\u00e1 ekki heldur hver f\u00f3l m\u00e9r a\u00f0 gera \u00feetta.\u201c <\/p>\n","protected":false},"excerpt":{"rendered":"<p>Jes\u00fa fagna\u00f0 1 \u00deegar \u00feeir n\u00e1lgast Jer\u00fasalem og koma til Betfage og Betan\u00edu vi\u00f0 Ol\u00edufjalli\u00f0 sendir Jes\u00fas tvo l\u00e6risveina s\u00edna 2 og segir vi\u00f0 \u00fe\u00e1: \u201eFari\u00f0 \u00ed \u00feorpi\u00f0 h\u00e9r fram undan ykkur. Um lei\u00f0 og \u00fei\u00f0 komi\u00f0 \u00feanga\u00f0 munu\u00f0 \u00fei\u00f0 finna fola bundinn sem enginn hefur enn komi\u00f0 \u00e1 bak. Leysi\u00f0 hann og komi\u00f0 me\u00f0 hann. 3 Ef einhver spyr ykkur: Hvers vegna geri\u00f0 \u00fei\u00f0 \u00feetta? \u00fe\u00e1 svari\u00f0: Drottinn[ \u00fearf hans vi\u00f0, hann sendir hann jafnskj\u00f3tt aftur hinga\u00f0.\u201c 4 \u00deeir f\u00f3ru og fundu folann bundinn vi\u00f0 dyr \u00fati \u00e1 str\u00e6tinu og leystu hann. 5 Nokkrir sem st\u00f3\u00f0u \u00fear s\u00f6g\u00f0u vi\u00f0 <a href=\"https:\/\/biblian.is\/biblian\/markusargudspjall-11-kafli\/\"> [&#8230;]<\/a><\/p>\n","protected":false},"author":1,"featured_media":0,"parent":0,"menu_order":0,"comment_status":"open","ping_status":"open","template":"bibliukaflar_NT.php","meta":{"footnotes":""},"class_list":["post-2585","page","type-page","status-publish","hentry"],"_links":{"self":[{"href":"https:\/\/biblian.is\/biblian\/wp-json\/wp\/v2\/pages\/2585","targetHints":{"allow":["GET"]}}],"collection":[{"href":"https:\/\/biblian.is\/biblian\/wp-json\/wp\/v2\/pages"}],"about":[{"href":"https:\/\/biblian.is\/biblian\/wp-json\/wp\/v2\/types\/page"}],"author":[{"embeddable":true,"href":"https:\/\/biblian.is\/biblian\/wp-json\/wp\/v2\/users\/1"}],"replies":[{"embeddable":true,"href":"https:\/\/biblian.is\/biblian\/wp-json\/wp\/v2\/comments?post=2585"}],"version-history":[{"count":0,"href":"https:\/\/biblian.is\/biblian\/wp-json\/wp\/v2\/pages\/2585\/revisions"}],"wp:attachment":[{"href":"https:\/\/biblian.is\/biblian\/wp-json\/wp\/v2\/media?parent=2585"}],"curies":[{"name":"wp","href":"https:\/\/api.w.org\/{rel}","templated":true}]}}