{"id":2584,"date":"2017-12-30T21:03:50","date_gmt":"2017-12-30T21:03:50","guid":{"rendered":"http:\/\/biblian.is\/biblian\/mark%c2%9csargu_spjall-10-kafli\/"},"modified":"2019-08-26T22:28:51","modified_gmt":"2019-08-26T22:28:51","slug":"markusargudspjall-10-kafli","status":"publish","type":"page","link":"https:\/\/biblian.is\/biblian\/markusargudspjall-10-kafli\/","title":{"rendered":"Mark\u00fasargu\u00f0spjall 10. kafli"},"content":{"rendered":"<h3 class=\"millifyrirsogn_2007\"> \u00dea\u00f0 sem Gu\u00f0 hefur tengt<\/h3>\n<p><a name=\"1\"><span class=\"versanumer_2007\">1<\/span><\/a> Jes\u00fas t\u00f3k sig upp \u00fea\u00f0an og h\u00e9lt til bygg\u00f0a J\u00fadeu handan J\u00f3rdanar. Fj\u00f6ldi f\u00f3lks safnast enn til hans og hann kenndi \u00fev\u00ed eins og hann var vanur. <a name=\"2\"><span class=\"versanumer_2007\">2<\/span><\/a> Far\u00edsear komu og spur\u00f0u Jes\u00fa hvort ma\u00f0ur m\u00e6tti skilja vi\u00f0 konu s\u00edna. \u00deeir vildu reyna hann. <br \/> <a name=\"3\"><span class=\"versanumer_2007\">3<\/span><\/a> Hann svara\u00f0i \u00feeim: \u201eHva\u00f0 hefur M\u00f3se bo\u00f0i\u00f0 ykkur?\u201c <br \/> <a name=\"4\"><span class=\"versanumer_2007\">4<\/span><\/a> \u00deeir s\u00f6g\u00f0u: \u201eM\u00f3se leyf\u00f0i a\u00f0 rita skilna\u00f0arbr\u00e9f og skilja vi\u00f0 hana.\u201c <br \/> <a name=\"5\"><span class=\"versanumer_2007\">5<\/span><\/a> Jes\u00fas m\u00e6lti \u00fe\u00e1 til \u00feeirra: \u201eHann rita\u00f0i ykkur \u00feetta bo\u00f0or\u00f0 vegna \u00fever\u00fa\u00f0ar ykkar <a name=\"6\"><span class=\"versanumer_2007\">6<\/span><\/a> en fr\u00e1 upphafi sk\u00f6punar ger\u00f0i Gu\u00f0 \u00feau karl og konu. <a name=\"7\"><span class=\"versanumer_2007\">7<\/span><\/a> Fyrir \u00fev\u00ed skal ma\u00f0ur yfirgefa f\u00f6\u00f0ur sinn og m\u00f3\u00f0ur og bindast konu sinni<span class=\"nedan_mal\" title=\" Or\u00f0in \u201ebindast konu sinni\u201c vantar \u00ed sum handrit.\">[<\/span> <a name=\"8\"><span class=\"versanumer_2007\">8<\/span><\/a> og \u00feau tv\u00f6 skulu ver\u00f0a einn ma\u00f0ur. \u00deannig eru \u00feau ekki framar tv\u00f6 heldur einn ma\u00f0ur.<span class=\"nedan_mal\" title=\" Or\u00f0r\u00e9tt: eitt hold, sem \u00fe\u00fd\u00f0ir einn ma\u00f0ur, eind.\">[<\/span> <a name=\"9\"><span class=\"versanumer_2007\">9<\/span><\/a> \u00dea\u00f0 sem Gu\u00f0 hefur tengt saman m\u00e1 ma\u00f0ur eigi sundur skilja.\u201c <br \/> <a name=\"10\"><span class=\"versanumer_2007\">10<\/span><\/a> \u00deegar l\u00e6risveinarnir voru komnir inn spur\u00f0u \u00feeir Jes\u00fa aftur um \u00feetta. <a name=\"11\"><span class=\"versanumer_2007\">11<\/span><\/a> En hann sag\u00f0i vi\u00f0 \u00fe\u00e1: \u201eS\u00e1 sem skilur vi\u00f0 konu s\u00edna og kv\u00e6nist annarri dr\u00fdgir h\u00f3r gegn henni. <a name=\"12\"><span class=\"versanumer_2007\">12<\/span><\/a> Og ef kona skilur vi\u00f0 mann sinn og giftist \u00f6\u00f0rum dr\u00fdgir h\u00fan h\u00f3r.\u201c <\/p>\n<h3 class=\"millifyrirsogn_2007\">Sl\u00edkra er Gu\u00f0s r\u00edki<\/h3>\n<p><a name=\"13\"><span class=\"versanumer_2007\">13<\/span><\/a> Menn f\u00e6r\u00f0u b\u00f6rn til Jes\u00fa a\u00f0 hann snerti \u00feau en l\u00e6risveinarnir \u00e1t\u00f6ldu \u00fe\u00e1. <a name=\"14\"><span class=\"versanumer_2007\">14<\/span><\/a> \u00deegar Jes\u00fas s\u00e1 \u00fea\u00f0 s\u00e1rna\u00f0i honum og hann m\u00e6lti vi\u00f0 \u00fe\u00e1: \u201eLeyfi\u00f0 b\u00f6rnunum a\u00f0 koma til m\u00edn, varni\u00f0 \u00feeim eigi \u00fev\u00ed a\u00f0 sl\u00edkra er Gu\u00f0s r\u00edki. <a name=\"15\"><span class=\"versanumer_2007\">15<\/span><\/a> Sannlega segi \u00e9g ykkur: Hver sem tekur ekki vi\u00f0 Gu\u00f0s r\u00edki eins og barn mun aldrei inn \u00ed \u00fea\u00f0 koma.\u201c <a name=\"16\"><span class=\"versanumer_2007\">16<\/span><\/a> Og Jes\u00fas t\u00f3k \u00feau s\u00e9r \u00ed fa\u00f0m, lag\u00f0i hendur yfir \u00feau og blessa\u00f0i \u00feau. <\/p>\n<h3 class=\"millifyrirsogn_2007\">Eins er \u00fe\u00e9r vant<\/h3>\n<p><a name=\"17\"><span class=\"versanumer_2007\">17<\/span><\/a> \u00deegar Jes\u00fas var a\u00f0 leggja af sta\u00f0 kom ma\u00f0ur hlaupandi, f\u00e9ll \u00e1 kn\u00e9 fyrir honum og spur\u00f0i hann: \u201eG\u00f3\u00f0i meistari, hva\u00f0 \u00e1 \u00e9g a\u00f0 gera til \u00feess a\u00f0 \u00f6\u00f0last eil\u00edft l\u00edf?\u201c <br \/> <a name=\"18\"><span class=\"versanumer_2007\">18<\/span><\/a> Jes\u00fas sag\u00f0i vi\u00f0 hann: \u201eHv\u00ed kallar \u00fe\u00fa mig g\u00f3\u00f0an? Enginn er g\u00f3\u00f0ur nema Gu\u00f0 einn. <a name=\"19\"><span class=\"versanumer_2007\">19<\/span><\/a> \u00de\u00fa kannt bo\u00f0or\u00f0in: \u00de\u00fa skalt ekki mor\u00f0 fremja, \u00fe\u00fa skalt ekki dr\u00fdgja h\u00f3r, \u00fe\u00fa skalt ekki stela, \u00fe\u00fa skalt ekki bera lj\u00fagvitni, \u00fe\u00fa skalt ekki pretta, hei\u00f0ra f\u00f6\u00f0ur \u00feinn og m\u00f3\u00f0ur.\u201c <br \/> <a name=\"20\"><span class=\"versanumer_2007\">20<\/span><\/a> Hinn svara\u00f0i honum: \u201eMeistari, alls \u00feessa hef \u00e9g g\u00e6tt fr\u00e1 \u00e6sku.\u201c <br \/> <a name=\"21\"><span class=\"versanumer_2007\">21<\/span><\/a> Jes\u00fas horf\u00f0i \u00e1 hann me\u00f0 \u00e1st\u00fa\u00f0 og sag\u00f0i vi\u00f0 hann: \u201eEins er \u00fe\u00e9r vant. Far \u00fe\u00fa, sel allt sem \u00fe\u00fa \u00e1tt og gef f\u00e1t\u00e6kum og munt \u00fe\u00fa fj\u00e1rsj\u00f3\u00f0 eiga \u00e1 himni. Kom s\u00ed\u00f0an og fylg m\u00e9r.\u201c <a name=\"22\"><span class=\"versanumer_2007\">22<\/span><\/a> En hann var\u00f0 dapur \u00ed brag\u00f0i vi\u00f0 \u00feessi or\u00f0 og f\u00f3r burt hryggur enda \u00e1tti hann miklar eignir. <br \/> <a name=\"23\"><span class=\"versanumer_2007\">23<\/span><\/a> \u00de\u00e1 leit Jes\u00fas \u00ed kring og sag\u00f0i vi\u00f0 l\u00e6risveina s\u00edna: \u201eHve torvelt ver\u00f0ur \u00feeim sem au\u00f0inn hafa a\u00f0 ganga inn \u00ed Gu\u00f0s r\u00edki.\u201c <br \/> <a name=\"24\"><span class=\"versanumer_2007\">24<\/span><\/a> L\u00e6risveinunum br\u00e1 mj\u00f6g vi\u00f0 or\u00f0 Jes\u00fa en hann sag\u00f0i aftur vi\u00f0 \u00fe\u00e1: \u201eB\u00f6rn, hve torvelt er a\u00f0 komast inn \u00ed Gu\u00f0s r\u00edki. <a name=\"25\"><span class=\"versanumer_2007\">25<\/span><\/a> Au\u00f0veldara er \u00falfalda a\u00f0 fara gegnum n\u00e1larauga en au\u00f0manni a\u00f0 komast inn \u00ed Gu\u00f0s r\u00edki.\u201c <br \/> <a name=\"26\"><span class=\"versanumer_2007\">26<\/span><\/a> En \u00feeir ur\u00f0u steini lostnir og s\u00f6g\u00f0u s\u00edn \u00e1 milli: \u201eHver getur \u00fe\u00e1 or\u00f0i\u00f0 h\u00f3lpinn?\u201c <br \/> <a name=\"27\"><span class=\"versanumer_2007\">27<\/span><\/a> Jes\u00fas horf\u00f0i \u00e1 \u00fe\u00e1 og sag\u00f0i: \u201eMenn hafa engin r\u00e1\u00f0 til \u00feessa en Gu\u00f0i er ekkert um megn.\u201c <br \/> <a name=\"28\"><span class=\"versanumer_2007\">28<\/span><\/a> \u00de\u00e1 sag\u00f0i P\u00e9tur vi\u00f0 hann: \u201eVi\u00f0 yfirg\u00e1fum allt og fylgdum \u00fe\u00e9r.\u201c <br \/> <a name=\"29\"><span class=\"versanumer_2007\">29<\/span><\/a> Jes\u00fas sag\u00f0i: \u201eSannlega segi \u00e9g ykkur a\u00f0 enginn hefur yfirgefi\u00f0 heimili, br\u00e6\u00f0ur e\u00f0a systur, m\u00f3\u00f0ur e\u00f0a f\u00f6\u00f0ur, b\u00f6rn e\u00f0a akra vegna m\u00edn og fagna\u00f0arerindisins <a name=\"30\"><span class=\"versanumer_2007\">30<\/span><\/a> \u00e1n \u00feess a\u00f0 hann f\u00e1i hundra\u00f0falt aftur, n\u00fa \u00e1 \u00feessum t\u00edma heimili, br\u00e6\u00f0ur og systur, m\u00e6\u00f0ur, b\u00f6rn og akra, jafnframt ofs\u00f3knum, og \u00ed hinum komanda heimi eil\u00edft l\u00edf. <a name=\"31\"><span class=\"versanumer_2007\">31<\/span><\/a> En margir hinir fyrstu munu ver\u00f0a s\u00ed\u00f0astir og hinir s\u00ed\u00f0ustu fyrstir.\u201c <\/p>\n<h3 class=\"millifyrirsogn_2007\">Upp til Jer\u00fasalem<\/h3>\n<p><a name=\"32\"><span class=\"versanumer_2007\">32<\/span><\/a> \u00deeir voru n\u00fa \u00e1 lei\u00f0 upp til Jer\u00fasalem. Jes\u00fas gekk \u00e1 undan \u00feeim en \u00feeir voru skelfdir og \u00feau sem eftir fylgdu voru hr\u00e6dd. Og enn t\u00f3k Jes\u00fas til s\u00edn \u00fe\u00e1 t\u00f3lf og f\u00f3r a\u00f0 segja \u00feeim hva\u00f0 fram vi\u00f0 sig \u00e6tti a\u00f0 koma. <a name=\"33\"><span class=\"versanumer_2007\">33<\/span><\/a> \u201eN\u00fa f\u00f6rum vi\u00f0 upp til Jer\u00fasalem. \u00dear ver\u00f0ur Mannssonurinn framseldur \u00e6\u00f0stu prestum og fr\u00e6\u00f0im\u00f6nnum. \u00deeir munu d\u00e6ma hann til dau\u00f0a og framselja hann hei\u00f0ingjum. <a name=\"34\"><span class=\"versanumer_2007\">34<\/span><\/a> Og \u00feeir munu h\u00e6\u00f0a hann, hr\u00e6kja \u00e1 hann, h\u00fa\u00f0str\u00fdkja og l\u00edfl\u00e1ta en eftir \u00ferj\u00e1 daga mun hann upp r\u00edsa.\u201c <\/p>\n<h3 class=\"millifyrirsogn_2007\">S\u00e1 er mikill vill ver\u00f0a<\/h3>\n<p><a name=\"35\"><span class=\"versanumer_2007\">35<\/span><\/a> \u00de\u00e1 komu til Jes\u00fa Jakob og J\u00f3hannes, synir Sebedeusar, og s\u00f6g\u00f0u vi\u00f0 hann: \u201eMeistari, okkur langar a\u00f0 \u00fe\u00fa gerir fyrir okkur \u00fea\u00f0 sem vi\u00f0 \u00e6tlum a\u00f0 bi\u00f0ja \u00feig.\u201c <br \/> <a name=\"36\"><span class=\"versanumer_2007\">36<\/span><\/a> Hann spur\u00f0i \u00fe\u00e1: \u201eHva\u00f0 vilji\u00f0 \u00fei\u00f0 a\u00f0 \u00e9g geri fyrir ykkur?\u201c <br \/> <a name=\"37\"><span class=\"versanumer_2007\">37<\/span><\/a> \u00deeir sv\u00f6ru\u00f0u: \u201eVeit okkur a\u00f0 vi\u00f0 f\u00e1um a\u00f0 sitja \u00fe\u00e9r vi\u00f0 hli\u00f0 \u00ed d\u00fdr\u00f0 \u00feinni, annar til h\u00e6gri handar \u00fe\u00e9r og hinn til vinstri.\u201c <br \/> <a name=\"38\"><span class=\"versanumer_2007\">38<\/span><\/a> Jes\u00fas sag\u00f0i vi\u00f0 \u00fe\u00e1: \u201e\u00dei\u00f0 viti\u00f0 ekki hvers \u00fei\u00f0 bi\u00f0ji\u00f0. Geti\u00f0 \u00fei\u00f0 drukki\u00f0 \u00feann kaleik, sem \u00e9g drekk, e\u00f0a sk\u00edrst \u00feeirri sk\u00edrn sem \u00e9g sk\u00edrist?\u201c <br \/> <a name=\"39\"><span class=\"versanumer_2007\">39<\/span><\/a> \u00deeir s\u00f6g\u00f0u vi\u00f0 hann: \u201e\u00dea\u00f0 getum vi\u00f0.\u201c <br \/> Jes\u00fas m\u00e6lti: \u201e\u00deann kaleik, sem \u00e9g drekk, munu\u00f0 \u00fei\u00f0 drekka og \u00fei\u00f0 munu\u00f0 sk\u00edrast \u00feeirri sk\u00edrn sem \u00e9g sk\u00edrist. <a name=\"40\"><span class=\"versanumer_2007\">40<\/span><\/a> En \u00e9g r\u00e6\u00f0 \u00fev\u00ed ekki hver situr m\u00e9r til h\u00e6gri handar e\u00f0a vinstri. \u00dea\u00f0 veitist \u00feeim sem \u00fea\u00f0 er fyrirb\u00fai\u00f0.\u201c <br \/> <a name=\"41\"><span class=\"versanumer_2007\">41<\/span><\/a> \u00deegar hinir t\u00edu heyr\u00f0u \u00feetta gramdist \u00feeim vi\u00f0 \u00fe\u00e1 Jakob og J\u00f3hannes. <a name=\"42\"><span class=\"versanumer_2007\">42<\/span><\/a> En Jes\u00fas kalla\u00f0i \u00fe\u00e1 til s\u00edn og m\u00e6lti: \u201e\u00dei\u00f0 viti\u00f0 a\u00f0 \u00feeir sem teljast r\u00e1\u00f0a fyrir \u00fej\u00f3\u00f0um drottna yfir \u00feeim og h\u00f6f\u00f0ingjar \u00feeirra l\u00e1ta menn kenna \u00e1 valdi s\u00ednu. <br \/> <a name=\"43\"><span class=\"versanumer_2007\">43<\/span><\/a> En eigi s\u00e9 svo me\u00f0al ykkar heldur s\u00e9 s\u00e1 sem mikill vill ver\u00f0a me\u00f0al ykkar \u00fej\u00f3nn ykkar. <a name=\"44\"><span class=\"versanumer_2007\">44<\/span><\/a> Og s\u00e1 er vill fremstur vera me\u00f0al ykkar s\u00e9 allra \u00fer\u00e6ll. <a name=\"45\"><span class=\"versanumer_2007\">45<\/span><\/a> \u00dev\u00ed a\u00f0 Mannssonurinn er ekki kominn til \u00feess a\u00f0 l\u00e1ta \u00fej\u00f3na s\u00e9r heldur til a\u00f0 \u00fej\u00f3na og gefa l\u00edf sitt til lausnargjalds fyrir alla.\u201c <\/p>\n<h3 class=\"millifyrirsogn_2007\">Blindur beiningama\u00f0ur<\/h3>\n<p><a name=\"46\"><span class=\"versanumer_2007\">46<\/span><\/a> \u00deeir komu til Jer\u00edk\u00f3. Og \u00feegar Jes\u00fas f\u00f3r \u00fat \u00far borginni \u00e1samt l\u00e6risveinum s\u00ednum og miklum mannfj\u00f6lda sat \u00fear vi\u00f0 veginn Bart\u00edmeus, sonur T\u00edmeusar, blindur beiningama\u00f0ur. <a name=\"47\"><span class=\"versanumer_2007\">47<\/span><\/a> \u00deegar hann heyr\u00f0i a\u00f0 \u00fear f\u00e6ri Jes\u00fas fr\u00e1 Nasaret t\u00f3k hann a\u00f0 hr\u00f3pa: \u201eSonur Dav\u00ed\u00f0s, Jes\u00fas, miskunna \u00fe\u00fa m\u00e9r!\u201c <a name=\"48\"><span class=\"versanumer_2007\">48<\/span><\/a> Margir h\u00f6stu\u00f0u \u00e1 hann a\u00f0 hann \u00feeg\u00f0i en hann hr\u00f3pa\u00f0i \u00fev\u00ed meir: \u201eSonur Dav\u00ed\u00f0s, miskunna \u00fe\u00fa m\u00e9r!\u201c <br \/> <a name=\"49\"><span class=\"versanumer_2007\">49<\/span><\/a> Jes\u00fas nam sta\u00f0ar og sag\u00f0i: \u201eKalli\u00f0 \u00e1 hann.\u201c <br \/>\u00deeir kalla \u00e1 blinda manninn og segja vi\u00f0 hann: \u201eVertu hughraustur, statt upp, hann kallar \u00e1 \u00feig.\u201c <br \/> <a name=\"50\"><span class=\"versanumer_2007\">50<\/span><\/a> Blindi ma\u00f0urinn kasta\u00f0i fr\u00e1 s\u00e9r yfirh\u00f6fn sinni, spratt \u00e1 f\u00e6tur og kom til Jes\u00fa. <br \/> <a name=\"51\"><span class=\"versanumer_2007\">51<\/span><\/a> Jes\u00fas spur\u00f0i hann: \u201eHva\u00f0 vilt \u00fe\u00fa a\u00f0 \u00e9g geri fyrir \u00feig?\u201c <br \/>Blindi ma\u00f0urinn svara\u00f0i honum: \u201eRabb\u00fan\u00ed,<span class=\"nedan_mal\" title=\" Arame\u00edskt or\u00f0, merkir: Herra minn.\">[<\/span> a\u00f0 \u00e9g f\u00e1i aftur sj\u00f3n.\u201c <br \/> <a name=\"52\"><span class=\"versanumer_2007\">52<\/span><\/a> Jes\u00fas sag\u00f0i vi\u00f0 hann: \u201eFar \u00fe\u00fa, tr\u00fa \u00fe\u00edn hefur bjarga\u00f0 \u00fe\u00e9r.\u201c <br \/>Jafnskj\u00f3tt f\u00e9kk hann sj\u00f3nina og fylgdi honum \u00e1 fer\u00f0inni. <\/p>\n","protected":false},"excerpt":{"rendered":"<p>\u00dea\u00f0 sem Gu\u00f0 hefur tengt 1 Jes\u00fas t\u00f3k sig upp \u00fea\u00f0an og h\u00e9lt til bygg\u00f0a J\u00fadeu handan J\u00f3rdanar. Fj\u00f6ldi f\u00f3lks safnast enn til hans og hann kenndi \u00fev\u00ed eins og hann var vanur. 2 Far\u00edsear komu og spur\u00f0u Jes\u00fa hvort ma\u00f0ur m\u00e6tti skilja vi\u00f0 konu s\u00edna. \u00deeir vildu reyna hann. 3 Hann svara\u00f0i \u00feeim: \u201eHva\u00f0 hefur M\u00f3se bo\u00f0i\u00f0 ykkur?\u201c 4 \u00deeir s\u00f6g\u00f0u: \u201eM\u00f3se leyf\u00f0i a\u00f0 rita skilna\u00f0arbr\u00e9f og skilja vi\u00f0 hana.\u201c 5 Jes\u00fas m\u00e6lti \u00fe\u00e1 til \u00feeirra: \u201eHann rita\u00f0i ykkur \u00feetta bo\u00f0or\u00f0 vegna \u00fever\u00fa\u00f0ar ykkar 6 en fr\u00e1 upphafi sk\u00f6punar ger\u00f0i Gu\u00f0 \u00feau karl og konu. 7 Fyrir \u00fev\u00ed skal <a href=\"https:\/\/biblian.is\/biblian\/markusargudspjall-10-kafli\/\"> [&#8230;]<\/a><\/p>\n","protected":false},"author":1,"featured_media":0,"parent":0,"menu_order":0,"comment_status":"open","ping_status":"open","template":"bibliukaflar_NT.php","meta":{"footnotes":""},"class_list":["post-2584","page","type-page","status-publish","hentry"],"_links":{"self":[{"href":"https:\/\/biblian.is\/biblian\/wp-json\/wp\/v2\/pages\/2584","targetHints":{"allow":["GET"]}}],"collection":[{"href":"https:\/\/biblian.is\/biblian\/wp-json\/wp\/v2\/pages"}],"about":[{"href":"https:\/\/biblian.is\/biblian\/wp-json\/wp\/v2\/types\/page"}],"author":[{"embeddable":true,"href":"https:\/\/biblian.is\/biblian\/wp-json\/wp\/v2\/users\/1"}],"replies":[{"embeddable":true,"href":"https:\/\/biblian.is\/biblian\/wp-json\/wp\/v2\/comments?post=2584"}],"version-history":[{"count":0,"href":"https:\/\/biblian.is\/biblian\/wp-json\/wp\/v2\/pages\/2584\/revisions"}],"wp:attachment":[{"href":"https:\/\/biblian.is\/biblian\/wp-json\/wp\/v2\/media?parent=2584"}],"curies":[{"name":"wp","href":"https:\/\/api.w.org\/{rel}","templated":true}]}}