{"id":2583,"date":"2017-12-30T21:03:50","date_gmt":"2017-12-30T21:03:50","guid":{"rendered":"http:\/\/biblian.is\/biblian\/mark%c2%9csargu_spjall-9-kafli\/"},"modified":"2019-08-26T22:28:56","modified_gmt":"2019-08-26T22:28:56","slug":"markusargudspjall-9-kafli","status":"publish","type":"page","link":"https:\/\/biblian.is\/biblian\/markusargudspjall-9-kafli\/","title":{"rendered":"Mark\u00fasargu\u00f0spjall 9. kafli"},"content":{"rendered":"<p><a name=\"1\"><span class=\"versanumer_2007\">1<\/span><\/a> Og Jes\u00fas sag\u00f0i: \u201eSannlega segi \u00e9g ykkur: Nokkrir \u00feeirra sem h\u00e9r standa munu eigi deyja fyrr en \u00feeir sj\u00e1 Gu\u00f0s r\u00edki komi\u00f0 me\u00f0 krafti.\u201c <\/p>\n<h3 class=\"millifyrirsogn_2007\">\u00deessi er minn elska\u00f0i sonur<\/h3>\n<p><a name=\"2\"><span class=\"versanumer_2007\">2<\/span><\/a> Eftir sex daga tekur Jes\u00fas me\u00f0 s\u00e9r \u00fe\u00e1 P\u00e9tur, Jakob og J\u00f3hannes og fer me\u00f0 \u00fe\u00e1 upp \u00e1 h\u00e1tt fjall a\u00f0 \u00feeir v\u00e6ru einir saman. \u00dear ummynda\u00f0ist hann fyrir augum \u00feeirra <a name=\"3\"><span class=\"versanumer_2007\">3<\/span><\/a> og kl\u00e6\u00f0i hans ur\u00f0u fannhv\u00edt og sk\u00ednandi og f\u00e6r enginn bleikir \u00e1 j\u00f6r\u00f0u svo hv\u00edtt gert. <a name=\"4\"><span class=\"versanumer_2007\">4<\/span><\/a> Og El\u00eda og M\u00f3se birtust \u00feeim og voru \u00feeir \u00e1 tali vi\u00f0 Jes\u00fa. <a name=\"5\"><span class=\"versanumer_2007\">5<\/span><\/a> \u00de\u00e1 tekur P\u00e9tur til m\u00e1ls og segir vi\u00f0 Jes\u00fa: \u201eMeistari, gott er a\u00f0 vi\u00f0 erum h\u00e9r. Gerum \u00ferj\u00e1r tjaldb\u00fa\u00f0ir, \u00fe\u00e9r eina, M\u00f3se eina og El\u00eda eina.\u201c <a name=\"6\"><span class=\"versanumer_2007\">6<\/span><\/a> Hann vissi ekki hva\u00f0 hann \u00e1tti a\u00f0 segja enda ur\u00f0u \u00feeir mj\u00f6g skelfdir. <br \/> <a name=\"7\"><span class=\"versanumer_2007\">7<\/span><\/a> \u00de\u00e1 kom sk\u00fd og skygg\u00f0i yfir \u00fe\u00e1 og r\u00f6dd kom \u00far sk\u00fdinu: \u201e\u00deessi er minn elska\u00f0i sonur, hl\u00fd\u00f0i\u00f0 \u00e1 hann!\u201c <a name=\"8\"><span class=\"versanumer_2007\">8<\/span><\/a> Og jafnskj\u00f3tt litu l\u00e6risveinarnir \u00ed kringum sig og s\u00e1u engan framar hj\u00e1 s\u00e9r nema Jes\u00fa einan. <br \/> <a name=\"9\"><span class=\"versanumer_2007\">9<\/span><\/a> \u00c1 lei\u00f0inni ofan fjalli\u00f0 banna\u00f0i Jes\u00fas \u00feeim a\u00f0 segja nokkrum fr\u00e1 \u00fev\u00ed er \u00feeir h\u00f6f\u00f0u s\u00e9\u00f0 fyrr en Mannssonurinn v\u00e6ri risinn upp fr\u00e1 dau\u00f0um. <br \/> <a name=\"10\"><span class=\"versanumer_2007\">10<\/span><\/a> \u00deeir festu or\u00f0in \u00ed minni og r\u00e6ddu um hva\u00f0 v\u00e6ri a\u00f0 r\u00edsa upp fr\u00e1 dau\u00f0um. <a name=\"11\"><span class=\"versanumer_2007\">11<\/span><\/a> Og \u00feeir spur\u00f0u hann: \u201eHv\u00ed segja fr\u00e6\u00f0imennirnir a\u00f0 El\u00eda eigi fyrst a\u00f0 koma?\u201c <br \/> <a name=\"12\"><span class=\"versanumer_2007\">12<\/span><\/a> Jes\u00fas svara\u00f0i \u00feeim: \u201eV\u00edst kemur El\u00eda fyrst og f\u00e6rir allt \u00ed lag. En hvernig er rita\u00f0 um Mannssoninn? \u00c1 hann ekki margt a\u00f0 l\u00ed\u00f0a og ver\u00f0a sm\u00e1\u00f0ur? <a name=\"13\"><span class=\"versanumer_2007\">13<\/span><\/a> En \u00e9g segi ykkur: El\u00eda er kominn og \u00feeir ger\u00f0u honum allt sem \u00feeir vildu, eins og rita\u00f0 er um hann.\u201c <\/p>\n<h3 class=\"millifyrirsogn_2007\">Hj\u00e1lpa \u00fe\u00fa vantr\u00fa minni<\/h3>\n<p><a name=\"14\"><span class=\"versanumer_2007\">14<\/span><\/a> \u00deegar \u00feeir komu til l\u00e6risveinanna s\u00e1u \u00feeir mannfj\u00f6lda mikinn kringum \u00fe\u00e1 og fr\u00e6\u00f0imenn a\u00f0 \u00fer\u00e1tta vi\u00f0 \u00fe\u00e1. <a name=\"15\"><span class=\"versanumer_2007\">15<\/span><\/a> En um lei\u00f0 og f\u00f3lki\u00f0 s\u00e1 hann sl\u00f3 \u00feegar felmtri \u00e1 menn og \u00feeir hlupu til og heilsu\u00f0u Jes\u00fa. <a name=\"16\"><span class=\"versanumer_2007\">16<\/span><\/a> Hann spur\u00f0i \u00fe\u00e1: \u201eUm hva\u00f0 eru\u00f0 \u00fei\u00f0 a\u00f0 \u00fer\u00e1tta vi\u00f0 \u00fe\u00e1?\u201c <br \/> <a name=\"17\"><span class=\"versanumer_2007\">17<\/span><\/a> En einn \u00far mannfj\u00f6ldanum svara\u00f0i honum: \u201eMeistari, \u00e9g f\u00e6r\u00f0i til \u00fe\u00edn son minn sem er haldinn illum anda svo a\u00f0 hann getur ekki tala\u00f0. <a name=\"18\"><span class=\"versanumer_2007\">18<\/span><\/a> Hvar sem andinn gr\u00edpur hann slengir hann honum fl\u00f6tum og hann fro\u00f0ufellir, gn\u00edstir t\u00f6nnum og stir\u00f0nar upp. \u00c9g ba\u00f0 l\u00e6risveina \u00fe\u00edna a\u00f0 reka hann \u00fat en \u00feeir g\u00e1tu \u00fea\u00f0 ekki.\u201c <br \/> <a name=\"19\"><span class=\"versanumer_2007\">19<\/span><\/a> Jes\u00fas svarar \u00feeim: \u201e\u00de\u00fa vantr\u00faa kynsl\u00f3\u00f0, hversu lengi \u00e1 \u00e9g a\u00f0 vera hj\u00e1 ykkur? Hversu lengi \u00e1 \u00e9g a\u00f0 umbera ykkur? F\u00e6ri\u00f0 hann til m\u00edn.\u201c <br \/> <a name=\"20\"><span class=\"versanumer_2007\">20<\/span><\/a> \u00deeir f\u00e6r\u00f0u hann \u00fe\u00e1 til Jes\u00fa en um lei\u00f0 og andinn s\u00e1 hann teyg\u00f0i hann drenginn \u00e1kaflega, hann f\u00e9ll til jar\u00f0ar, veltist um og fro\u00f0ufelldi. <br \/> <a name=\"21\"><span class=\"versanumer_2007\">21<\/span><\/a> Jes\u00fas spur\u00f0i \u00fe\u00e1 f\u00f6\u00f0ur hans: \u201eHve lengi hefur honum li\u00f0i\u00f0 svo?\u201c <br \/> Fa\u00f0irinn sag\u00f0i: \u201eFr\u00e1 bernsku. <a name=\"22\"><span class=\"versanumer_2007\">22<\/span><\/a> Og oft hefur illi andinn kasta\u00f0 honum b\u00e6\u00f0i \u00ed eld og vatn til a\u00f0 fyrirfara honum. En ef \u00fe\u00fa getur nokku\u00f0 \u00fe\u00e1 sj\u00e1 aumur \u00e1 okkur og hj\u00e1lpa okkur.\u201c <br \/> <a name=\"23\"><span class=\"versanumer_2007\">23<\/span><\/a> Jes\u00fas sag\u00f0i vi\u00f0 hann: \u201eEf \u00fe\u00fa getur! S\u00e1 getur allt sem tr\u00fair.\u201c <br \/> <a name=\"24\"><span class=\"versanumer_2007\">24<\/span><\/a> Jafnskj\u00f3tt hr\u00f3pa\u00f0i fa\u00f0ir sveinsins: \u201e\u00c9g tr\u00fai, hj\u00e1lpa \u00fe\u00fa vantr\u00fa minni.\u201c <br \/> <a name=\"25\"><span class=\"versanumer_2007\">25<\/span><\/a> N\u00fa s\u00e9r Jes\u00fas a\u00f0 mannfj\u00f6ldi \u00feyrpist a\u00f0. \u00de\u00e1 hastar hann \u00e1 \u00f3hreina andann og segir: \u201e\u00de\u00fa daufdumbi andi, \u00e9g b\u00fd\u00f0 \u00fe\u00e9r, far \u00fat af honum og kom aldrei framar \u00ed hann.\u201c <br \/> <a name=\"26\"><span class=\"versanumer_2007\">26<\/span><\/a> \u00de\u00e1 \u00e6pti andinn, teyg\u00f0i hann mj\u00f6g og f\u00f3r en sveinninn var\u00f0 sem n\u00e1r svo a\u00f0 flestir s\u00f6g\u00f0u: \u201eHann er d\u00e1inn.\u201c <a name=\"27\"><span class=\"versanumer_2007\">27<\/span><\/a> En Jes\u00fas t\u00f3k \u00ed h\u00f6nd honum og reisti hann upp og hann st\u00f3\u00f0 \u00e1 f\u00e6tur. <br \/> <a name=\"28\"><span class=\"versanumer_2007\">28<\/span><\/a> \u00deegar Jes\u00fas var kominn inn og or\u00f0inn einn me\u00f0 l\u00e6risveinum s\u00ednum spur\u00f0u \u00feeir hann: \u201eHvers vegna g\u00e1tum vi\u00f0 ekki reki\u00f0 hann \u00fat?\u201c <br \/> <a name=\"29\"><span class=\"versanumer_2007\">29<\/span><\/a> Jes\u00fas m\u00e6lti: \u201e\u00deetta kyn ver\u00f0ur eigi \u00fat reki\u00f0 nema me\u00f0 b\u00e6n.\u201c <\/p>\n<h3 class=\"millifyrirsogn_2007\">\u00deeir skildu ekki<\/h3>\n<p><a name=\"30\"><span class=\"versanumer_2007\">30<\/span><\/a> \u00deeir h\u00e9ldu n\u00fa brott \u00fea\u00f0an og f\u00f3ru um Gal\u00edleu en Jes\u00fas vildi ekki a\u00f0 neinn vissi \u00fea\u00f0 <a name=\"31\"><span class=\"versanumer_2007\">31<\/span><\/a> \u00fev\u00ed a\u00f0 hann var a\u00f0 kenna l\u00e6risveinum s\u00ednum. Hann sag\u00f0i \u00feeim: \u201eMannssonurinn ver\u00f0ur framseldur \u00ed manna hendur og \u00feeir munu l\u00edfl\u00e1ta hann en eftir \u00ferj\u00e1 daga mun hann r\u00edsa upp.\u201c <br \/> <a name=\"32\"><span class=\"versanumer_2007\">32<\/span><\/a> En \u00feeir skildu ekki \u00fea\u00f0 sem hann sag\u00f0i og \u00feor\u00f0u ekki a\u00f0 spyrja hann. <\/p>\n<h3 class=\"millifyrirsogn_2007\">Hver er mestur?<\/h3>\n<p><a name=\"33\"><span class=\"versanumer_2007\">33<\/span><\/a> \u00deeir komu til Kaperna\u00fam. \u00deegar \u00feeir voru komnir inn spur\u00f0i Jes\u00fas \u00fe\u00e1: \u201eHva\u00f0 voru\u00f0 \u00fei\u00f0 a\u00f0 r\u00e6\u00f0a \u00e1 lei\u00f0inni?\u201c <br \/> <a name=\"34\"><span class=\"versanumer_2007\">34<\/span><\/a> En \u00feeir \u00fe\u00f6g\u00f0u. \u00deeir h\u00f6f\u00f0u veri\u00f0 a\u00f0 r\u00e6\u00f0a \u00fea\u00f0 s\u00edn \u00e1 milli \u00e1 lei\u00f0inni hver v\u00e6ri mestur. <br \/> <a name=\"35\"><span class=\"versanumer_2007\">35<\/span><\/a> Hann settist ni\u00f0ur, kalla\u00f0i \u00e1 \u00fe\u00e1 t\u00f3lf og sag\u00f0i vi\u00f0 \u00fe\u00e1: \u201eHver sem vill vera fremstur s\u00e9 s\u00ed\u00f0astur allra og \u00fej\u00f3nn allra.\u201c <a name=\"36\"><span class=\"versanumer_2007\">36<\/span><\/a> Og hann t\u00f3k l\u00edti\u00f0 barn, setti \u00fea\u00f0 me\u00f0al \u00feeirra, t\u00f3k \u00fea\u00f0 s\u00e9r \u00ed fa\u00f0m og sag\u00f0i vi\u00f0 \u00fe\u00e1: <a name=\"37\"><span class=\"versanumer_2007\">37<\/span><\/a> \u201eHver sem tekur vi\u00f0 einu sl\u00edku barni \u00ed m\u00ednu nafni tekur vi\u00f0 m\u00e9r og hver sem tekur vi\u00f0 m\u00e9r tekur ekki a\u00f0eins vi\u00f0 m\u00e9r heldur og vi\u00f0 \u00feeim er sendi mig.\u201c <\/p>\n<h3 class=\"millifyrirsogn_2007\">Varni\u00f0 \u00feess ekki<\/h3>\n<p><a name=\"38\"><span class=\"versanumer_2007\">38<\/span><\/a> J\u00f3hannes sag\u00f0i vi\u00f0 hann: \u201eMeistari, vi\u00f0 s\u00e1um mann reka \u00fat illa anda \u00ed \u00fe\u00ednu nafni og vildum vi\u00f0 varna honum \u00feess af \u00fev\u00ed a\u00f0 hann fylgdi okkur ekki.\u201c <br \/> <a name=\"39\"><span class=\"versanumer_2007\">39<\/span><\/a> Jes\u00fas sag\u00f0i: \u201eVarni\u00f0 honum \u00feess ekki \u00fev\u00ed a\u00f0 enginn gerir kraftaverk \u00ed m\u00ednu nafni og fer \u00feegar \u00e1 eftir a\u00f0 tala illa um mig. <a name=\"40\"><span class=\"versanumer_2007\">40<\/span><\/a> S\u00e1 sem er ekki \u00e1 m\u00f3ti okkur er me\u00f0 okkur. <a name=\"41\"><span class=\"versanumer_2007\">41<\/span><\/a> Sannlega segi \u00e9g ykkur a\u00f0 hver sem gefur ykkur bikar vatns a\u00f0 drekka vegna \u00feess a\u00f0 \u00fei\u00f0 hafi\u00f0 j\u00e1tast Kristi, hann mun alls ekki missa af launum s\u00ednum. <\/p>\n<h3 class=\"millifyrirsogn_2007\">Hverju skal til kosta?<\/h3>\n<p><a name=\"42\"><span class=\"versanumer_2007\">42<\/span><\/a> Hverjum \u00feeim sem t\u00e6lir til falls einn af \u00feessum sm\u00e6lingjum sem tr\u00faa v\u00e6ri betra a\u00f0 vera varpa\u00f0 \u00ed hafi\u00f0 me\u00f0 mylnustein um h\u00e1lsinn. <a name=\"43\"><span class=\"versanumer_2007\">43<\/span><\/a> Ef h\u00f6nd \u00fe\u00edn t\u00e6lir \u00feig til falls \u00fe\u00e1 sn\u00ed\u00f0 hana af. Betra er \u00fe\u00e9r handarvana inn a\u00f0 ganga til l\u00edfsins en hafa b\u00e1\u00f0ar hendur og fara til helv\u00edtis, \u00ed hinn \u00f3sl\u00f6kkvanda eld. [ <a name=\"44\"><span class=\"versanumer_2007\">44<\/span><\/a> \u00dear sem ormarnir deyja ekki og eldurinn slokknar ekki.]<span class=\"nedan_mal\" title=\" Vantar \u00ed sum handrit.\">[<\/span> <a name=\"45\"><span class=\"versanumer_2007\">45<\/span><\/a> Ef f\u00f3tur \u00feinn t\u00e6lir \u00feig til falls \u00fe\u00e1 sn\u00ed\u00f0 hann af. Betra er \u00fe\u00e9r h\u00f6ltum inn a\u00f0 ganga til l\u00edfsins en hafa b\u00e1\u00f0a f\u00e6tur og ver\u00f0a kasta\u00f0 \u00ed helv\u00edti. [ <a name=\"46\"><span class=\"versanumer_2007\">46<\/span><\/a> \u00dear sem ormarnir deyja ekki og eldurinn slokknar ekki.]<span class=\"nedan_mal\" title=\" Vantar \u00ed sum handrit.\">[<\/span> <a name=\"47\"><span class=\"versanumer_2007\">47<\/span><\/a> Og ef auga \u00feitt t\u00e6lir \u00feig til falls \u00fe\u00e1 r\u00edf \u00fea\u00f0 \u00far. Betra er \u00fe\u00e9r eineyg\u00f0um inn a\u00f0 ganga \u00ed Gu\u00f0s r\u00edki en hafa b\u00e6\u00f0i augu og ver\u00f0a kasta\u00f0 \u00ed helv\u00edti <a name=\"48\"><span class=\"versanumer_2007\">48<\/span><\/a> \u00fear sem ormarnir deyja ekki og eldurinn slokknar ekki. <a name=\"49\"><span class=\"versanumer_2007\">49<\/span><\/a> S\u00e9rhver mun eldi saltast. <a name=\"50\"><span class=\"versanumer_2007\">50<\/span><\/a> Salti\u00f0 er gott en ef salti\u00f0 missir seltuna, me\u00f0 hverju vilji\u00f0 \u00fei\u00f0 \u00fe\u00e1 krydda \u00fea\u00f0? Hafi\u00f0 salt \u00ed sj\u00e1lfum ykkur og haldi\u00f0 fri\u00f0 ykkar \u00e1 milli.\u201c <\/p>\n","protected":false},"excerpt":{"rendered":"<p>1 Og Jes\u00fas sag\u00f0i: \u201eSannlega segi \u00e9g ykkur: Nokkrir \u00feeirra sem h\u00e9r standa munu eigi deyja fyrr en \u00feeir sj\u00e1 Gu\u00f0s r\u00edki komi\u00f0 me\u00f0 krafti.\u201c \u00deessi er minn elska\u00f0i sonur 2 Eftir sex daga tekur Jes\u00fas me\u00f0 s\u00e9r \u00fe\u00e1 P\u00e9tur, Jakob og J\u00f3hannes og fer me\u00f0 \u00fe\u00e1 upp \u00e1 h\u00e1tt fjall a\u00f0 \u00feeir v\u00e6ru einir saman. \u00dear ummynda\u00f0ist hann fyrir augum \u00feeirra 3 og kl\u00e6\u00f0i hans ur\u00f0u fannhv\u00edt og sk\u00ednandi og f\u00e6r enginn bleikir \u00e1 j\u00f6r\u00f0u svo hv\u00edtt gert. 4 Og El\u00eda og M\u00f3se birtust \u00feeim og voru \u00feeir \u00e1 tali vi\u00f0 Jes\u00fa. 5 \u00de\u00e1 tekur P\u00e9tur til m\u00e1ls og <a href=\"https:\/\/biblian.is\/biblian\/markusargudspjall-9-kafli\/\"> [&#8230;]<\/a><\/p>\n","protected":false},"author":1,"featured_media":0,"parent":0,"menu_order":0,"comment_status":"open","ping_status":"open","template":"bibliukaflar_NT.php","meta":{"footnotes":""},"class_list":["post-2583","page","type-page","status-publish","hentry"],"_links":{"self":[{"href":"https:\/\/biblian.is\/biblian\/wp-json\/wp\/v2\/pages\/2583","targetHints":{"allow":["GET"]}}],"collection":[{"href":"https:\/\/biblian.is\/biblian\/wp-json\/wp\/v2\/pages"}],"about":[{"href":"https:\/\/biblian.is\/biblian\/wp-json\/wp\/v2\/types\/page"}],"author":[{"embeddable":true,"href":"https:\/\/biblian.is\/biblian\/wp-json\/wp\/v2\/users\/1"}],"replies":[{"embeddable":true,"href":"https:\/\/biblian.is\/biblian\/wp-json\/wp\/v2\/comments?post=2583"}],"version-history":[{"count":0,"href":"https:\/\/biblian.is\/biblian\/wp-json\/wp\/v2\/pages\/2583\/revisions"}],"wp:attachment":[{"href":"https:\/\/biblian.is\/biblian\/wp-json\/wp\/v2\/media?parent=2583"}],"curies":[{"name":"wp","href":"https:\/\/api.w.org\/{rel}","templated":true}]}}