{"id":2582,"date":"2017-12-30T21:03:50","date_gmt":"2017-12-30T21:03:50","guid":{"rendered":"http:\/\/biblian.is\/biblian\/mark%c2%9csargu_spjall-8-kafli\/"},"modified":"2019-08-26T22:28:56","modified_gmt":"2019-08-26T22:28:56","slug":"markusargudspjall-8-kafli","status":"publish","type":"page","link":"https:\/\/biblian.is\/biblian\/markusargudspjall-8-kafli\/","title":{"rendered":"Mark\u00fasargu\u00f0spjall 8. kafli"},"content":{"rendered":"<h3 class=\"millifyrirsogn_2007\"> Skilji\u00f0 \u00fei\u00f0 ekki enn?<\/h3>\n<p><a name=\"1\"><span class=\"versanumer_2007\">1<\/span><\/a> Um \u00feessar mundir bar enn svo vi\u00f0 a\u00f0 mikill mannfj\u00f6ldi var saman kominn og haf\u00f0i ekkert til matar. Jes\u00fas kallar \u00fe\u00e1 til s\u00edn l\u00e6risveinana og segir vi\u00f0 \u00fe\u00e1: <a name=\"2\"><span class=\"versanumer_2007\">2<\/span><\/a> \u201e\u00c9g kenni \u00ed brj\u00f3sti um mannfj\u00f6ldann. Menn hafa n\u00fa veri\u00f0 hj\u00e1 m\u00e9r \u00ferj\u00e1 daga og hafa ekkert til matar. <a name=\"3\"><span class=\"versanumer_2007\">3<\/span><\/a> L\u00e1ti \u00e9g \u00fe\u00e1 fara fastandi heim til s\u00edn \u00f6rmagnast \u00feeir \u00e1 lei\u00f0inni en sumir \u00feeirra eru langt a\u00f0.\u201c <br \/> <a name=\"4\"><span class=\"versanumer_2007\">4<\/span><\/a> \u00de\u00e1 sv\u00f6ru\u00f0u l\u00e6risveinarnir: \u201eHvar er h\u00e6gt a\u00f0 f\u00e1 brau\u00f0 til a\u00f0 metta \u00feetta f\u00f3lk h\u00e9r \u00ed \u00f3bygg\u00f0um?\u201c <br \/> <a name=\"5\"><span class=\"versanumer_2007\">5<\/span><\/a> Hann spur\u00f0i \u00fe\u00e1: \u201eHve m\u00f6rg brau\u00f0 hafi\u00f0 \u00fei\u00f0?\u201c <br \/> \u00deeir s\u00f6g\u00f0u: \u201eSj\u00f6.\u201c <br \/> <a name=\"6\"><span class=\"versanumer_2007\">6<\/span><\/a> \u00de\u00e1 bau\u00f0 Jes\u00fas f\u00f3lkinu a\u00f0 setjast \u00e1 j\u00f6r\u00f0ina, t\u00f3k brau\u00f0in sj\u00f6, ger\u00f0i \u00feakkir og braut \u00feau og gaf l\u00e6risveinum s\u00ednum a\u00f0 \u00feeir b\u00e6ru \u00feau fram. En \u00feeir b\u00e1ru \u00feau fram fyrir f\u00f3lki\u00f0. <a name=\"7\"><span class=\"versanumer_2007\">7<\/span><\/a> \u00deeir h\u00f6f\u00f0u og f\u00e1eina sm\u00e1fiska. Hann ba\u00f0 Gu\u00f0 a\u00f0 blessa \u00fe\u00e1 og bau\u00f0 a\u00f0 einnig \u00feeir skyldu bornir fram. <a name=\"8\"><span class=\"versanumer_2007\">8<\/span><\/a> Menn neyttu og ur\u00f0u mettir. S\u00ed\u00f0an t\u00f3ku l\u00e6risveinarnir saman leifarnar, sj\u00f6 k\u00f6rfur. <a name=\"9\"><span class=\"versanumer_2007\">9<\/span><\/a> En \u00fear voru um fj\u00f6gur \u00fe\u00fasund manns. S\u00ed\u00f0an l\u00e9t hann f\u00f3lki\u00f0 fara. <a name=\"10\"><span class=\"versanumer_2007\">10<\/span><\/a> Og hann st\u00e9 \u00feegar \u00ed b\u00e1tinn me\u00f0 l\u00e6risveinum s\u00ednum og kom \u00ed Dalman\u00fatabygg\u00f0ir. <br \/> <a name=\"11\"><span class=\"versanumer_2007\">11<\/span><\/a> \u00deanga\u00f0 komu far\u00edsear og t\u00f3ku a\u00f0 \u00fer\u00e1tta vi\u00f0 Jes\u00fa, \u00feeir vildu freista hans og kr\u00f6f\u00f0u hann um t\u00e1kn af himni. <a name=\"12\"><span class=\"versanumer_2007\">12<\/span><\/a> Hann andvarpa\u00f0i \u00feungan og m\u00e6lti: \u201eHv\u00ed heimtar \u00feessi kynsl\u00f3\u00f0 t\u00e1kn? Sannlega segi \u00e9g ykkur: \u00deessari kynsl\u00f3\u00f0 ver\u00f0ur alls ekki gefi\u00f0 t\u00e1kn.\u201c <a name=\"13\"><span class=\"versanumer_2007\">13<\/span><\/a> Hann skildi s\u00ed\u00f0an vi\u00f0 \u00fe\u00e1, st\u00e9 aftur \u00ed b\u00e1tinn og f\u00f3r yfir um. <\/p>\n<h3 class=\"millifyrirsogn_2007\">S\u00fardeig far\u00edsea<\/h3>\n<p><a name=\"14\"><span class=\"versanumer_2007\">14<\/span><\/a> L\u00e6risveinarnir h\u00f6f\u00f0u gleymt a\u00f0 taka brau\u00f0, h\u00f6f\u00f0u ekki nema eitt brau\u00f0 me\u00f0 s\u00e9r \u00ed b\u00e1tnum. <a name=\"15\"><span class=\"versanumer_2007\">15<\/span><\/a> Jes\u00fas \u00e1minnti \u00fe\u00e1 og sag\u00f0i: \u201eG\u00e6ti\u00f0 ykkar, varist s\u00fardeig far\u00edsea og s\u00fardeig Her\u00f3desar.\u201c <br \/> <a name=\"16\"><span class=\"versanumer_2007\">16<\/span><\/a> En \u00feeir r\u00e6ddu s\u00edn \u00e1 milli a\u00f0 \u00feeir hef\u00f0u ekki brau\u00f0. <br \/> <a name=\"17\"><span class=\"versanumer_2007\">17<\/span><\/a> Jes\u00fas var\u00f0 \u00feess v\u00eds og segir vi\u00f0 \u00fe\u00e1: \u201eHva\u00f0 eru\u00f0 \u00fei\u00f0 a\u00f0 tala um a\u00f0 \u00fei\u00f0 hafi\u00f0 ekki brau\u00f0? Skynji\u00f0 \u00fei\u00f0 ekki enn n\u00e9 skilji\u00f0? Eru hj\u00f6rtu ykkar slj\u00f3? <a name=\"18\"><span class=\"versanumer_2007\">18<\/span><\/a> \u00dei\u00f0 hafi\u00f0 augu, sj\u00e1i\u00f0 \u00fei\u00f0 ekki? \u00dei\u00f0 hafi\u00f0 eyru, heyri\u00f0 \u00fei\u00f0 ekki? E\u00f0a muni\u00f0 \u00fei\u00f0 ekki? <a name=\"19\"><span class=\"versanumer_2007\">19<\/span><\/a> \u00deegar \u00e9g braut brau\u00f0in fimm handa fimm \u00fe\u00fasundum, hve margar k\u00f6rfur fullar af brau\u00f0bitum t\u00f3ku\u00f0 \u00fei\u00f0 saman?\u201c <br \/> \u00deeir svara honum: \u201eT\u00f3lf.\u201c <br \/> <a name=\"20\"><span class=\"versanumer_2007\">20<\/span><\/a> \u201eE\u00f0a brau\u00f0in sj\u00f6 handa fj\u00f3rum \u00fe\u00fasundunum, hve margar k\u00f6rfur fullar af brau\u00f0bitum t\u00f3ku\u00f0 \u00fei\u00f0 \u00fe\u00e1 saman?\u201c <br \/> \u00deeir svara: \u201eSj\u00f6.\u201c <br \/> <a name=\"21\"><span class=\"versanumer_2007\">21<\/span><\/a> Og Jes\u00fas sag\u00f0i vi\u00f0 \u00fe\u00e1: \u201eSkilji\u00f0 \u00fei\u00f0 ekki enn?\u201c <\/p>\n<h3 class=\"millifyrirsogn_2007\">Blindur f\u00e6r s\u00fdn<\/h3>\n<p><a name=\"22\"><span class=\"versanumer_2007\">22<\/span><\/a> \u00deeir koma n\u00fa til Betsa\u00eddu. \u00dear f\u00e6ra menn til Jes\u00fa blindan mann og bi\u00f0ja a\u00f0 hann snerti hann. <a name=\"23\"><span class=\"versanumer_2007\">23<\/span><\/a> Hann t\u00f3k \u00ed h\u00f6nd hins blinda, leiddi hann \u00fat \u00far \u00feorpinu, skyrpti \u00ed augu hans, lag\u00f0i hendur yfir hann og spur\u00f0i: \u201eS\u00e9r\u00f0u nokku\u00f0?\u201c <br \/> <a name=\"24\"><span class=\"versanumer_2007\">24<\/span><\/a> Hann leit upp og m\u00e6lti: \u201e\u00c9g s\u00e9 menn, \u00e9g greini \u00fe\u00e1 l\u00edkt og tr\u00e9, \u00feeir ganga.\u201c <br \/> <a name=\"25\"><span class=\"versanumer_2007\">25<\/span><\/a> \u00de\u00e1 lag\u00f0i Jes\u00fas aftur hendur yfir augu hans og n\u00fa s\u00e1 hann sk\u00fdrt, var\u00f0 albata og gat greint allt. <a name=\"26\"><span class=\"versanumer_2007\">26<\/span><\/a> Jes\u00fas sendi hann s\u00ed\u00f0an heim til s\u00edn og sag\u00f0i: \u201eInn \u00ed \u00feorpi\u00f0 m\u00e1ttu ekki fara.\u201c <\/p>\n<h3 class=\"millifyrirsogn_2007\">J\u00e1tning P\u00e9turs<\/h3>\n<p><a name=\"27\"><span class=\"versanumer_2007\">27<\/span><\/a> Jes\u00fas f\u00f3r n\u00fa \u00e1samt l\u00e6risveinum s\u00ednum til \u00feorpanna hj\u00e1 Sesareu Filipp\u00ed. \u00c1 lei\u00f0inni spur\u00f0i hann l\u00e6risveina s\u00edna: \u201eHvern segja menn mig vera?\u201c <br \/> <a name=\"28\"><span class=\"versanumer_2007\">28<\/span><\/a> \u00deeir sv\u00f6ru\u00f0u honum: \u201eJ\u00f3hannes sk\u00edrara, a\u00f0rir El\u00eda og a\u00f0rir einn af sp\u00e1m\u00f6nnunum.\u201c <br \/> <a name=\"29\"><span class=\"versanumer_2007\">29<\/span><\/a> Og hann spur\u00f0i \u00fe\u00e1: \u201eEn \u00fei\u00f0, hvern segi\u00f0 \u00fei\u00f0 mig vera?\u201c <br \/>P\u00e9tur svara\u00f0i honum: \u201e\u00de\u00fa ert Kristur.\u201c <br \/> <a name=\"30\"><span class=\"versanumer_2007\">30<\/span><\/a> Og hann lag\u00f0i r\u00edkt \u00e1 vi\u00f0 \u00fe\u00e1 a\u00f0 segja engum fr\u00e1 s\u00e9r. <\/p>\n<h3 class=\"millifyrirsogn_2007\">Mannssonurinn \u00e1 margt a\u00f0 l\u00ed\u00f0a<\/h3>\n<p><a name=\"31\"><span class=\"versanumer_2007\">31<\/span><\/a> \u00de\u00e1 t\u00f3k Jes\u00fas a\u00f0 kenna \u00feeim: \u201eMannssonurinn \u00e1 margt a\u00f0 l\u00ed\u00f0a. \u00d6ldungarnir, \u00e6\u00f0stu prestarnir og fr\u00e6\u00f0imennirnir munu \u00fatsk\u00fafa honum. Menn munu l\u00edfl\u00e1ta hann en hann mun upp r\u00edsa eftir \u00ferj\u00e1 daga.\u201c <a name=\"32\"><span class=\"versanumer_2007\">32<\/span><\/a> \u00deetta sag\u00f0i Jes\u00fas berum or\u00f0um. En P\u00e9tur t\u00f3k hann \u00e1 einm\u00e6li og f\u00f3r a\u00f0 \u00e1telja hann. <a name=\"33\"><span class=\"versanumer_2007\">33<\/span><\/a> Jes\u00fas sneri s\u00e9r vi\u00f0, leit til l\u00e6risveina sinna, \u00e1v\u00edta\u00f0i P\u00e9tur og sag\u00f0i: \u201eV\u00edk fr\u00e1 m\u00e9r, Satan, eigi hugsar \u00fe\u00fa um \u00fea\u00f0 sem Gu\u00f0s er heldur \u00fea\u00f0 sem manna er.\u201c <br \/> <a name=\"34\"><span class=\"versanumer_2007\">34<\/span><\/a> Og Jes\u00fas kalla\u00f0i til s\u00edn mannfj\u00f6ldann \u00e1samt l\u00e6risveinum s\u00ednum og sag\u00f0i: \u201eHver sem vill fylgja m\u00e9r afneiti sj\u00e1lfum s\u00e9r, taki kross sinn og fylgi m\u00e9r. <a name=\"35\"><span class=\"versanumer_2007\">35<\/span><\/a> \u00dev\u00ed a\u00f0 hver sem vill bjarga l\u00edfi s\u00ednu mun t\u00fdna \u00fev\u00ed og hver sem t\u00fdnir l\u00edfi s\u00ednu vegna m\u00edn og fagna\u00f0arerindisins mun bjarga \u00fev\u00ed. <a name=\"36\"><span class=\"versanumer_2007\">36<\/span><\/a> Hva\u00f0 sto\u00f0ar \u00fea\u00f0 manninn a\u00f0 eignast allan heiminn en glata s\u00e1lu sinni? <a name=\"37\"><span class=\"versanumer_2007\">37<\/span><\/a> E\u00f0a hva\u00f0 g\u00e6ti ma\u00f0ur l\u00e1ti\u00f0 til endurgjalds fyrir s\u00e1lu s\u00edna? <a name=\"38\"><span class=\"versanumer_2007\">38<\/span><\/a> \u00deegar Mannssonurinn kemur \u00ed d\u00fdr\u00f0 f\u00f6\u00f0ur s\u00edns me\u00f0 heil\u00f6gum englum mun hann blyg\u00f0ast s\u00edn fyrir hvern \u00feann sem blyg\u00f0ast s\u00edn fyrir mig hj\u00e1 \u00feessari \u00f3tr\u00fau og syndugu kynsl\u00f3\u00f0.\u201c <\/p>\n","protected":false},"excerpt":{"rendered":"<p>Skilji\u00f0 \u00fei\u00f0 ekki enn? 1 Um \u00feessar mundir bar enn svo vi\u00f0 a\u00f0 mikill mannfj\u00f6ldi var saman kominn og haf\u00f0i ekkert til matar. Jes\u00fas kallar \u00fe\u00e1 til s\u00edn l\u00e6risveinana og segir vi\u00f0 \u00fe\u00e1: 2 \u201e\u00c9g kenni \u00ed brj\u00f3sti um mannfj\u00f6ldann. Menn hafa n\u00fa veri\u00f0 hj\u00e1 m\u00e9r \u00ferj\u00e1 daga og hafa ekkert til matar. 3 L\u00e1ti \u00e9g \u00fe\u00e1 fara fastandi heim til s\u00edn \u00f6rmagnast \u00feeir \u00e1 lei\u00f0inni en sumir \u00feeirra eru langt a\u00f0.\u201c 4 \u00de\u00e1 sv\u00f6ru\u00f0u l\u00e6risveinarnir: \u201eHvar er h\u00e6gt a\u00f0 f\u00e1 brau\u00f0 til a\u00f0 metta \u00feetta f\u00f3lk h\u00e9r \u00ed \u00f3bygg\u00f0um?\u201c 5 Hann spur\u00f0i \u00fe\u00e1: \u201eHve m\u00f6rg brau\u00f0 hafi\u00f0 \u00fei\u00f0?\u201c \u00deeir <a href=\"https:\/\/biblian.is\/biblian\/markusargudspjall-8-kafli\/\"> [&#8230;]<\/a><\/p>\n","protected":false},"author":1,"featured_media":0,"parent":0,"menu_order":0,"comment_status":"open","ping_status":"open","template":"bibliukaflar_NT.php","meta":{"footnotes":""},"class_list":["post-2582","page","type-page","status-publish","hentry"],"_links":{"self":[{"href":"https:\/\/biblian.is\/biblian\/wp-json\/wp\/v2\/pages\/2582","targetHints":{"allow":["GET"]}}],"collection":[{"href":"https:\/\/biblian.is\/biblian\/wp-json\/wp\/v2\/pages"}],"about":[{"href":"https:\/\/biblian.is\/biblian\/wp-json\/wp\/v2\/types\/page"}],"author":[{"embeddable":true,"href":"https:\/\/biblian.is\/biblian\/wp-json\/wp\/v2\/users\/1"}],"replies":[{"embeddable":true,"href":"https:\/\/biblian.is\/biblian\/wp-json\/wp\/v2\/comments?post=2582"}],"version-history":[{"count":0,"href":"https:\/\/biblian.is\/biblian\/wp-json\/wp\/v2\/pages\/2582\/revisions"}],"wp:attachment":[{"href":"https:\/\/biblian.is\/biblian\/wp-json\/wp\/v2\/media?parent=2582"}],"curies":[{"name":"wp","href":"https:\/\/api.w.org\/{rel}","templated":true}]}}