{"id":2580,"date":"2017-12-30T21:03:50","date_gmt":"2017-12-30T21:03:50","guid":{"rendered":"http:\/\/biblian.is\/biblian\/mark%c2%9csargu_spjall-6-kafli\/"},"modified":"2019-08-26T22:28:55","modified_gmt":"2019-08-26T22:28:55","slug":"markusargudspjall-6-kafli","status":"publish","type":"page","link":"https:\/\/biblian.is\/biblian\/markusargudspjall-6-kafli\/","title":{"rendered":"Mark\u00fasargu\u00f0spjall 6. kafli"},"content":{"rendered":"<h3 class=\"millifyrirsogn_2007\"> \u00cd Nasaret<\/h3>\n<p><a name=\"1\"><span class=\"versanumer_2007\">1<\/span><\/a> \u00dea\u00f0an f\u00f3r Jes\u00fas og kom \u00ed \u00e6ttborg s\u00edna og l\u00e6risveinar hans fylgdu honum. <a name=\"2\"><span class=\"versanumer_2007\">2<\/span><\/a> \u00deegar hv\u00edldardagur var kominn t\u00f3k hann a\u00f0 kenna \u00ed samkundunni. Fj\u00f6ldinn sem \u00e1 hl\u00fdddi undra\u00f0ist st\u00f3rum. Menn s\u00f6g\u00f0u: \u201eHva\u00f0an kemur honum \u00feetta? Hver er s\u00fa speki sem honum er gefin og hvernig getur hann gert sl\u00edk kraftaverk? <a name=\"3\"><span class=\"versanumer_2007\">3<\/span><\/a> Er \u00feetta ekki smi\u00f0urinn, sonur Mar\u00edu, br\u00f3\u00f0ir \u00feeirra Jakobs, J\u00f3se, J\u00fadasar og S\u00edmonar? Og eru ekki systur hans h\u00e9r hj\u00e1 okkur?\u201c Og \u00feeir hneykslu\u00f0ust \u00e1 honum. <br \/> <a name=\"4\"><span class=\"versanumer_2007\">4<\/span><\/a> \u00de\u00e1 sag\u00f0i Jes\u00fas: \u201eHvergi er sp\u00e1ma\u00f0ur minna metinn en \u00ed landi s\u00ednu, me\u00f0 fr\u00e6ndf\u00f3lki s\u00ednu og heimam\u00f6nnum.\u201c <a name=\"5\"><span class=\"versanumer_2007\">5<\/span><\/a> Og hann gat ekki gert \u00fear neitt kraftaverk nema hann lag\u00f0i hendur yfir nokkra sj\u00faka og l\u00e6kna\u00f0i \u00fe\u00e1. <a name=\"6\"><span class=\"versanumer_2007\">6<\/span><\/a> Og hann undra\u00f0ist vantr\u00fa \u00feeirra. <\/p>\n<h3 class=\"millifyrirsogn_2007\">Postular sendir<\/h3>\n<p>Jes\u00fas f\u00f3r n\u00fa um \u00feorpin \u00fear \u00ed kring og kenndi. <a name=\"7\"><span class=\"versanumer_2007\">7<\/span><\/a> Og hann kalla\u00f0i \u00fe\u00e1 t\u00f3lf til s\u00edn, t\u00f3k a\u00f0 senda \u00fe\u00e1 \u00fat, tvo og tvo, og gaf \u00feeim vald yfir \u00f3hreinum \u00f6ndum. <a name=\"8\"><span class=\"versanumer_2007\">8<\/span><\/a> Hann bau\u00f0 \u00feeim a\u00f0 taka ekkert til fer\u00f0arinnar anna\u00f0 en staf, ekki brau\u00f0, mal n\u00e9 peninga \u00ed belti. <a name=\"9\"><span class=\"versanumer_2007\">9<\/span><\/a> \u00deeir skyldu hafa sk\u00f3 \u00e1 f\u00f3tum en ekki tvo kyrtla. <a name=\"10\"><span class=\"versanumer_2007\">10<\/span><\/a> Og hann sag\u00f0i vi\u00f0 \u00fe\u00e1: \u201eHvar sem \u00fei\u00f0 f\u00e1i\u00f0 inni, \u00fear s\u00e9 a\u00f0setur ykkar uns \u00fei\u00f0 leggi\u00f0 upp a\u00f0 n\u00fdju. <a name=\"11\"><span class=\"versanumer_2007\">11<\/span><\/a> En hvar sem ekki er teki\u00f0 vi\u00f0 ykkur n\u00e9 \u00e1 ykkur hl\u00fdtt, \u00fea\u00f0an skulu\u00f0 \u00fei\u00f0 fara og hrista dusti\u00f0 af f\u00f3tum ykkar \u00feeim til vi\u00f0v\u00f6runar.\u201c <br \/> <a name=\"12\"><span class=\"versanumer_2007\">12<\/span><\/a> \u00deeir l\u00f6g\u00f0u af sta\u00f0 og pr\u00e9diku\u00f0u a\u00f0 menn skyldu taka sinnaskiptum, <a name=\"13\"><span class=\"versanumer_2007\">13<\/span><\/a> r\u00e1ku \u00fat marga illa anda og smur\u00f0u marga sj\u00faka me\u00f0 ol\u00edu og l\u00e6knu\u00f0u \u00fe\u00e1. <\/p>\n<h3 class=\"millifyrirsogn_2007\">Her\u00f3des uggandi<\/h3>\n<p><a name=\"14\"><span class=\"versanumer_2007\">14<\/span><\/a> Her\u00f3des konungur<span class=\"nedan_mal\" title=\" Her\u00f3des Antipas r\u00e9\u00f0 r\u00edkjum \u00ed Gal\u00edleu fr\u00e1 4 f.Kr. til 39 e.Kr.\">[<\/span> fr\u00e9tti \u00feetta enda var nafn Jes\u00fa or\u00f0i\u00f0 v\u00ed\u00f0fr\u00e6gt. S\u00f6g\u00f0u sumir: \u201eJ\u00f3hannes sk\u00edrari er risinn upp fr\u00e1 dau\u00f0um, \u00feess vegna gerir hann \u00feessi kraftaverk.\u201c <br \/> <a name=\"15\"><span class=\"versanumer_2007\">15<\/span><\/a> A\u00f0rir s\u00f6g\u00f0u: \u201eHann er El\u00eda,\u201c enn a\u00f0rir: \u201eHann er sp\u00e1ma\u00f0ur eins og sp\u00e1mennirnir fornu.\u201c <br \/> <a name=\"16\"><span class=\"versanumer_2007\">16<\/span><\/a> \u00deegar Her\u00f3des heyr\u00f0i \u00feetta sag\u00f0i hann: \u201eJ\u00f3hannes, sem \u00e9g l\u00e9t h\u00e1lsh\u00f6ggva, hann er upp risinn.\u201c <br \/> <a name=\"17\"><span class=\"versanumer_2007\">17<\/span><\/a> En Her\u00f3des haf\u00f0i sent menn a\u00f0 taka J\u00f3hannes h\u00f6ndum, fj\u00f6tra hann og varpa \u00ed fangelsi vegna Her\u00f3d\u00edasar, konu Filippusar, br\u00f3\u00f0ur s\u00edns. Hann haf\u00f0i gengi\u00f0 a\u00f0 eiga hana <a name=\"18\"><span class=\"versanumer_2007\">18<\/span><\/a> en J\u00f3hannes haf\u00f0i sagt vi\u00f0 Her\u00f3des: \u201e\u00de\u00fa m\u00e1tt ekki eiga konu br\u00f3\u00f0ur \u00fe\u00edns.\u201c <br \/> <a name=\"19\"><span class=\"versanumer_2007\">19<\/span><\/a> \u00deess vegna lag\u00f0i Her\u00f3d\u00edas f\u00e6\u00f0 \u00e1 J\u00f3hannes og vildi dey\u00f0a hann en gat ekki <a name=\"20\"><span class=\"versanumer_2007\">20<\/span><\/a> \u00fev\u00ed a\u00f0 Her\u00f3des haf\u00f0i beyg af honum og vernda\u00f0i hann \u00fear e\u00f0 hann vissi a\u00f0 hann var ma\u00f0ur r\u00e9ttl\u00e1tur og heilagur. Hann komst \u00ed mikinn vanda \u00feegar hann hl\u00fdddi \u00e1 m\u00e1l hans en \u00fe\u00f3 var honum lj\u00faft a\u00f0 hlusta \u00e1 hann. <br \/> <a name=\"21\"><span class=\"versanumer_2007\">21<\/span><\/a> En n\u00fa kom hentugur dagur. \u00c1 afm\u00e6li s\u00ednu ger\u00f0i Her\u00f3des veislu g\u00e6\u00f0ingum s\u00ednum, hersh\u00f6f\u00f0ingjum og fyrirm\u00f6nnum Gal\u00edleu. <a name=\"22\"><span class=\"versanumer_2007\">22<\/span><\/a> D\u00f3ttir Her\u00f3d\u00edasar gekk \u00fear inn og st\u00e9 dans. H\u00fan hreif Her\u00f3des og gesti hans og konungur sag\u00f0i vi\u00f0 st\u00falkuna: \u201eBi\u00f0 mig hvers \u00fe\u00fa vilt og mun \u00e9g veita \u00fe\u00e9r.\u201c <br \/> <a name=\"23\"><span class=\"versanumer_2007\">23<\/span><\/a> Og Her\u00f3des s\u00f3r henni: \u201eHva\u00f0 sem \u00fe\u00fa bi\u00f0ur um \u00fea\u00f0 mun \u00e9g veita \u00fe\u00e9r, allt a\u00f0 helmingi r\u00edkis m\u00edns.\u201c <br \/> <a name=\"24\"><span class=\"versanumer_2007\">24<\/span><\/a> H\u00fan gekk \u00fe\u00e1 \u00fat og spur\u00f0i m\u00f3\u00f0ur s\u00edna: \u201eUm hva\u00f0 \u00e1 \u00e9g a\u00f0 bi\u00f0ja?\u201c <br \/> H\u00fan svara\u00f0i: \u201eH\u00f6fu\u00f0 J\u00f3hannesar sk\u00edrara.\u201c <br \/> <a name=\"25\"><span class=\"versanumer_2007\">25<\/span><\/a> Jafnskj\u00f3tt skunda\u00f0i h\u00fan til konungs og ba\u00f0 hann: \u201eGef m\u00e9r \u00feegar \u00e1 fati h\u00f6fu\u00f0 J\u00f3hannesar sk\u00edrara.\u201c <br \/> <a name=\"26\"><span class=\"versanumer_2007\">26<\/span><\/a> Konungur var\u00f0 hryggur vi\u00f0 en vegna ei\u00f0sins og gesta sinna vildi hann ekki synja henni \u00feessa <a name=\"27\"><span class=\"versanumer_2007\">27<\/span><\/a> heldur sendi \u00feegar b\u00f6\u00f0ul og bau\u00f0 a\u00f0 f\u00e6ra s\u00e9r h\u00f6fu\u00f0 J\u00f3hannesar. Hann f\u00f3r og hj\u00f3 af h\u00f6fu\u00f0 J\u00f3hannesar \u00ed fangelsinu, <a name=\"28\"><span class=\"versanumer_2007\">28<\/span><\/a> kom me\u00f0 h\u00f6fu\u00f0 hans \u00e1 fati og f\u00e6r\u00f0i st\u00falkunni en st\u00falkan m\u00f3\u00f0ur sinni. <a name=\"29\"><span class=\"versanumer_2007\">29<\/span><\/a> \u00deegar l\u00e6risveinar hans fr\u00e9ttu \u00feetta komu \u00feeir, t\u00f3ku l\u00edk J\u00f3hannesar og l\u00f6g\u00f0u \u00ed gr\u00f6f. <\/p>\n<h3 class=\"millifyrirsogn_2007\">Jes\u00fas mettar<\/h3>\n<p><a name=\"30\"><span class=\"versanumer_2007\">30<\/span><\/a> Postularnir komu n\u00fa aftur til Jes\u00fa og s\u00f6g\u00f0u honum fr\u00e1 \u00f6llu \u00fev\u00ed er \u00feeir h\u00f6f\u00f0u gert og kennt. <a name=\"31\"><span class=\"versanumer_2007\">31<\/span><\/a> Hann sag\u00f0i vi\u00f0 \u00fe\u00e1: \u201eKomi\u00f0 n\u00fa \u00e1 \u00f3bygg\u00f0an sta\u00f0, svo a\u00f0 vi\u00f0 s\u00e9um einir saman, og hv\u00edlist um stund.\u201c En fj\u00f6ldi f\u00f3lks var st\u00f6\u00f0ugt a\u00f0 koma og fara svo a\u00f0 \u00feeir h\u00f6f\u00f0u ekki einu sinni n\u00e6\u00f0i til a\u00f0 matast. <br \/> <a name=\"32\"><span class=\"versanumer_2007\">32<\/span><\/a> Og \u00feeir f\u00f3ru \u00e1 b\u00e1tnum einir saman \u00e1 \u00f3bygg\u00f0an sta\u00f0. <a name=\"33\"><span class=\"versanumer_2007\">33<\/span><\/a> Menn s\u00e1u \u00fe\u00e1 fara og margir \u00feekktu \u00fe\u00e1 og n\u00fa streymdi f\u00f3lk \u00feanga\u00f0 gangandi \u00far \u00f6llum borgunum og var\u00f0 \u00e1 undan \u00feeim. <a name=\"34\"><span class=\"versanumer_2007\">34<\/span><\/a> \u00deegar Jes\u00fas steig \u00e1 land s\u00e1 hann \u00fear margt manna og hann kenndi \u00ed brj\u00f3sti um \u00fe\u00e1 \u00fev\u00ed a\u00f0 \u00feeir voru sem sau\u00f0ir er engan hir\u00f0i hafa. Og hann kenndi \u00feeim margt. <a name=\"35\"><span class=\"versanumer_2007\">35<\/span><\/a> \u00de\u00e1 er mj\u00f6g var \u00e1li\u00f0i\u00f0 dags komu l\u00e6risveinarnir a\u00f0 m\u00e1li vi\u00f0 Jes\u00fa og s\u00f6g\u00f0u: \u201eH\u00e9r er engin mannabygg\u00f0 og langt \u00e1 daginn li\u00f0i\u00f0. <a name=\"36\"><span class=\"versanumer_2007\">36<\/span><\/a> L\u00e1t f\u00f3lki\u00f0 fara svo a\u00f0 \u00fea\u00f0 geti n\u00e1\u00f0 til b\u00fdla og \u00feorpa h\u00e9r \u00ed kring og keypt s\u00e9r eitthva\u00f0 til matar.\u201c <br \/> <a name=\"37\"><span class=\"versanumer_2007\">37<\/span><\/a> En Jes\u00fas svara\u00f0i \u00feeim: \u201eGefi\u00f0 \u00fev\u00ed sj\u00e1lfir a\u00f0 eta.\u201c <br \/>\u00deeir svara honum: \u201eEigum vi\u00f0 a\u00f0 fara og kaupa brau\u00f0 fyrir tv\u00f6 hundru\u00f0 denara<span class=\"nedan_mal\" title=\" Einn denar var venjuleg daglaun landb\u00fana\u00f0arverkamanns, sbr. Matt 20.2.\">[<\/span> og gefa \u00fev\u00ed a\u00f0 eta?\u201c <br \/> <a name=\"38\"><span class=\"versanumer_2007\">38<\/span><\/a> Jes\u00fas spyr \u00fe\u00e1: \u201eHve m\u00f6rg brau\u00f0 hafi\u00f0 \u00fei\u00f0? Fari\u00f0 og g\u00e6ti\u00f0 a\u00f0.\u201c <br \/>\u00deeir hug\u00f0u a\u00f0 og sv\u00f6ru\u00f0u: \u201eFimm brau\u00f0 og tvo fiska.\u201c <br \/> <a name=\"39\"><span class=\"versanumer_2007\">39<\/span><\/a> \u00de\u00e1 bau\u00f0 hann \u00feeim a\u00f0 l\u00e1ta alla setjast \u00ed gr\u00e6ngresi\u00f0 og skipta s\u00e9r \u00ed h\u00f3pa. <a name=\"40\"><span class=\"versanumer_2007\">40<\/span><\/a> F\u00f3lki\u00f0 settist ni\u00f0ur \u00ed flokkum, hundra\u00f0 \u00ed sumum en fimmt\u00edu \u00ed \u00f6\u00f0rum. <br \/> <a name=\"41\"><span class=\"versanumer_2007\">41<\/span><\/a> Og Jes\u00fas t\u00f3k brau\u00f0in fimm og fiskana tvo, leit upp til himins, \u00feakka\u00f0i Gu\u00f0i, braut brau\u00f0in og gaf l\u00e6risveinunum til a\u00f0 bera fram fyrir mannfj\u00f6ldann. Fiskunum tveim skipti hann og me\u00f0al allra. <a name=\"42\"><span class=\"versanumer_2007\">42<\/span><\/a> Og allir neyttu og ur\u00f0u mettir. <a name=\"43\"><span class=\"versanumer_2007\">43<\/span><\/a> \u00deeir t\u00f3ku saman brau\u00f0bitana er fylltu t\u00f3lf k\u00f6rfur, svo og fiskleifarnar. <a name=\"44\"><span class=\"versanumer_2007\">44<\/span><\/a> En \u00feeir sem brau\u00f0anna neyttu voru fimm \u00fe\u00fasund karlmenn. <\/p>\n<h3 class=\"millifyrirsogn_2007\">\u00dea\u00f0 er \u00e9g<\/h3>\n<p><a name=\"45\"><span class=\"versanumer_2007\">45<\/span><\/a> Tafarlaust kn\u00fa\u00f0i Jes\u00fas l\u00e6risveina s\u00edna a\u00f0 fara \u00ed b\u00e1tinn og halda \u00e1 undan yfir til Betsa\u00eddu me\u00f0an hann sendi f\u00f3lki\u00f0 brott. <a name=\"46\"><span class=\"versanumer_2007\">46<\/span><\/a> Og \u00fe\u00e1 er hann haf\u00f0i kvatt \u00fea\u00f0 f\u00f3r hann til fjalls a\u00f0 bi\u00f0jast fyrir. <a name=\"47\"><span class=\"versanumer_2007\">47<\/span><\/a> \u00deegar kv\u00f6ld var komi\u00f0 var b\u00e1turinn \u00e1 mi\u00f0ju vatni en Jes\u00fas einn \u00e1 landi. <a name=\"48\"><span class=\"versanumer_2007\">48<\/span><\/a> Hann s\u00e1 a\u00f0 \u00feeim var \u00feungur r\u00f3\u00f0urinn \u00fev\u00ed a\u00f0 vindur var \u00e1 m\u00f3ti \u00feeim og er langt var li\u00f0i\u00f0 n\u00e6tur<span class=\"nedan_mal\" title=\" Or\u00f0r\u00e9tt: um fj\u00f3r\u00f0u n\u00e6turv\u00f6ku, \u00fe.e. milli kl. \u00ferj\u00fa og sex a\u00f0 n\u00f3ttu. \">[<\/span> kemur hann til \u00feeirra gangandi \u00e1 vatninu og \u00e6tlar fram hj\u00e1 \u00feeim. <a name=\"49\"><span class=\"versanumer_2007\">49<\/span><\/a> \u00deegar \u00feeir s\u00e1u Jes\u00fa ganga \u00e1 vatninu hug\u00f0u \u00feeir a\u00f0 \u00fear f\u00e6ri vofa og \u00e6ptu upp yfir sig. <a name=\"50\"><span class=\"versanumer_2007\">50<\/span><\/a> \u00dev\u00ed a\u00f0 allir s\u00e1u \u00feeir hann og ur\u00f0u skelfdir. <br \/>En Jes\u00fas m\u00e6lti jafnskj\u00f3tt til \u00feeirra: \u201eVeri\u00f0 hughraustir, \u00fea\u00f0 er \u00e9g, veri\u00f0 \u00f3hr\u00e6ddir.\u201c <a name=\"51\"><span class=\"versanumer_2007\">51<\/span><\/a> Og hann st\u00e9 \u00ed b\u00e1tinn til \u00feeirra og l\u00e6g\u00f0i \u00fe\u00e1 vindinn. Og \u00feeir ur\u00f0u \u00f6ldungis agndofa <a name=\"52\"><span class=\"versanumer_2007\">52<\/span><\/a> enda h\u00f6f\u00f0u \u00feeir ekki skili\u00f0 \u00fea\u00f0 sem gerst haf\u00f0i me\u00f0 brau\u00f0in, hj\u00f6rtu \u00feeirra voru blind. <\/p>\n<h3 class=\"millifyrirsogn_2007\">\u00deeir ur\u00f0u heilir<\/h3>\n<p><a name=\"53\"><span class=\"versanumer_2007\">53<\/span><\/a> \u00deegar \u00feeir h\u00f6f\u00f0u n\u00e1\u00f0 yfir um komu \u00feeir a\u00f0 landi vi\u00f0 Genesaret og l\u00f6g\u00f0u \u00fear a\u00f0. <a name=\"54\"><span class=\"versanumer_2007\">54<\/span><\/a> Um lei\u00f0 og \u00feeir stigu \u00far b\u00e1tnum \u00feekktu menn Jes\u00fa. <a name=\"55\"><span class=\"versanumer_2007\">55<\/span><\/a> Og f\u00f3lk t\u00f3k a\u00f0 streyma fram og aftur um allt \u00fea\u00f0 h\u00e9ra\u00f0 og bera sj\u00faklinga \u00ed bur\u00f0arrekkjum hvert \u00feanga\u00f0 sem \u00fea\u00f0 heyr\u00f0i a\u00f0 hann v\u00e6ri. <a name=\"56\"><span class=\"versanumer_2007\">56<\/span><\/a> Og hvar sem Jes\u00fas kom \u00ed \u00feorp, borgir e\u00f0a b\u00e6i l\u00f6g\u00f0u menn sj\u00faka \u00e1 torgin og b\u00e1\u00f0u hann a\u00f0 \u00feeir fengju r\u00e9tt a\u00f0 snerta fald kl\u00e6\u00f0a hans og allir \u00feeir sem snertu hann ur\u00f0u heilir. <\/p>\n","protected":false},"excerpt":{"rendered":"<p>\u00cd Nasaret 1 \u00dea\u00f0an f\u00f3r Jes\u00fas og kom \u00ed \u00e6ttborg s\u00edna og l\u00e6risveinar hans fylgdu honum. 2 \u00deegar hv\u00edldardagur var kominn t\u00f3k hann a\u00f0 kenna \u00ed samkundunni. Fj\u00f6ldinn sem \u00e1 hl\u00fdddi undra\u00f0ist st\u00f3rum. Menn s\u00f6g\u00f0u: \u201eHva\u00f0an kemur honum \u00feetta? Hver er s\u00fa speki sem honum er gefin og hvernig getur hann gert sl\u00edk kraftaverk? 3 Er \u00feetta ekki smi\u00f0urinn, sonur Mar\u00edu, br\u00f3\u00f0ir \u00feeirra Jakobs, J\u00f3se, J\u00fadasar og S\u00edmonar? Og eru ekki systur hans h\u00e9r hj\u00e1 okkur?\u201c Og \u00feeir hneykslu\u00f0ust \u00e1 honum. 4 \u00de\u00e1 sag\u00f0i Jes\u00fas: \u201eHvergi er sp\u00e1ma\u00f0ur minna metinn en \u00ed landi s\u00ednu, me\u00f0 fr\u00e6ndf\u00f3lki s\u00ednu og heimam\u00f6nnum.\u201c 5 <a href=\"https:\/\/biblian.is\/biblian\/markusargudspjall-6-kafli\/\"> [&#8230;]<\/a><\/p>\n","protected":false},"author":1,"featured_media":0,"parent":0,"menu_order":0,"comment_status":"open","ping_status":"open","template":"bibliukaflar_NT.php","meta":{"footnotes":""},"class_list":["post-2580","page","type-page","status-publish","hentry"],"_links":{"self":[{"href":"https:\/\/biblian.is\/biblian\/wp-json\/wp\/v2\/pages\/2580","targetHints":{"allow":["GET"]}}],"collection":[{"href":"https:\/\/biblian.is\/biblian\/wp-json\/wp\/v2\/pages"}],"about":[{"href":"https:\/\/biblian.is\/biblian\/wp-json\/wp\/v2\/types\/page"}],"author":[{"embeddable":true,"href":"https:\/\/biblian.is\/biblian\/wp-json\/wp\/v2\/users\/1"}],"replies":[{"embeddable":true,"href":"https:\/\/biblian.is\/biblian\/wp-json\/wp\/v2\/comments?post=2580"}],"version-history":[{"count":0,"href":"https:\/\/biblian.is\/biblian\/wp-json\/wp\/v2\/pages\/2580\/revisions"}],"wp:attachment":[{"href":"https:\/\/biblian.is\/biblian\/wp-json\/wp\/v2\/media?parent=2580"}],"curies":[{"name":"wp","href":"https:\/\/api.w.org\/{rel}","templated":true}]}}