{"id":2576,"date":"2017-12-30T21:03:44","date_gmt":"2017-12-30T21:03:44","guid":{"rendered":"http:\/\/biblian.is\/biblian\/mark%c2%9csargu_spjall-2-kafli\/"},"modified":"2019-08-26T22:28:54","modified_gmt":"2019-08-26T22:28:54","slug":"markusargudspjall-2-kafli","status":"publish","type":"page","link":"https:\/\/biblian.is\/biblian\/markusargudspjall-2-kafli\/","title":{"rendered":"Mark\u00fasargu\u00f0spjall 2. kafli"},"content":{"rendered":"<h3 class=\"millifyrirsogn_2007\"> Syndir fyrirgefnar<\/h3>\n<p><a name=\"1\"><span class=\"versanumer_2007\">1<\/span><\/a> Nokkrum d\u00f6gum s\u00ed\u00f0ar kom Jes\u00fas aftur til Kaperna\u00fam. \u00deegar fr\u00e9ttist a\u00f0 hann v\u00e6ri heima <a name=\"2\"><span class=\"versanumer_2007\">2<\/span><\/a> s\u00f6fnu\u00f0ust \u00fear svo margir a\u00f0 hvergi var lengur r\u00fam, ekki einu sinni fyrir dyrum \u00fati. Og Jes\u00fas flutti \u00feeim or\u00f0i\u00f0. <a name=\"3\"><span class=\"versanumer_2007\">3<\/span><\/a> \u00de\u00e1 er komi\u00f0 me\u00f0 lama mann og b\u00e1ru fj\u00f3rir. <a name=\"4\"><span class=\"versanumer_2007\">4<\/span><\/a> \u00deegar \u00feeir g\u00e1tu ekki komist me\u00f0 hann til Jes\u00fa fyrir f\u00f3lkinu rufu \u00feeir \u00feekjuna uppi yfir honum, gr\u00f3fu \u00fear \u00ed gegn og l\u00e9tu s\u00edga ofan rekkjuna sem hinn lami l\u00e1 \u00ed. <a name=\"5\"><span class=\"versanumer_2007\">5<\/span><\/a> \u00de\u00e1 er Jes\u00fas s\u00e9r tr\u00fa \u00feeirra segir hann vi\u00f0 lama manninn: \u201eBarni\u00f0 mitt, syndir \u00fe\u00ednar eru fyrirgefnar.\u201c <br \/> <a name=\"6\"><span class=\"versanumer_2007\">6<\/span><\/a> \u00dear s\u00e1tu nokkrir fr\u00e6\u00f0imenn og hugsu\u00f0u me\u00f0 sj\u00e1lfum s\u00e9r: <a name=\"7\"><span class=\"versanumer_2007\">7<\/span><\/a> \u201eHv\u00ed m\u00e6lir \u00feessi ma\u00f0ur svo? Hann gu\u00f0lastar. Hver getur fyrirgefi\u00f0 syndir nema Gu\u00f0 einn?\u201c <br \/> <a name=\"8\"><span class=\"versanumer_2007\">8<\/span><\/a> Samstundis skynja\u00f0i Jes\u00fas a\u00f0 \u00feeir hugsu\u00f0u \u00feannig me\u00f0 s\u00e9r og hann sag\u00f0i vi\u00f0 \u00fe\u00e1: \u201eHv\u00ed hugsi\u00f0 \u00fei\u00f0 sl\u00edkt \u00ed hj\u00f6rtum ykkar? <a name=\"9\"><span class=\"versanumer_2007\">9<\/span><\/a> Hvort er au\u00f0veldara a\u00f0 segja vi\u00f0 lama manninn: Syndir \u00fe\u00ednar eru fyrirgefnar, e\u00f0a segja: Statt upp, tak rekkju \u00fe\u00edna og gakk? <a name=\"10\"><span class=\"versanumer_2007\">10<\/span><\/a> En til \u00feess a\u00f0 \u00fei\u00f0 viti\u00f0 a\u00f0 Mannssonurinn hefur vald til a\u00f0 fyrirgefa syndir \u00e1 j\u00f6r\u00f0u, <a name=\"11\"><span class=\"versanumer_2007\">11<\/span><\/a> \u00fe\u00e1 segi \u00e9g ykkur,\u201c &#8211; og n\u00fa talar hann vi\u00f0 lama manninn: \u201eStatt upp, tak rekkju \u00fe\u00edna og far heim til \u00fe\u00edn.\u201c <br \/> <a name=\"12\"><span class=\"versanumer_2007\">12<\/span><\/a> Ma\u00f0urinn st\u00f3\u00f0 upp, t\u00f3k jafnskj\u00f3tt rekkjuna og gekk burt \u00ed allra augs\u00fdn svo a\u00f0 allir voru fur\u00f0u lostnir, lofu\u00f0u Gu\u00f0 og s\u00f6g\u00f0u: \u201eAldrei \u00e1\u00f0ur h\u00f6fum vi\u00f0 \u00fev\u00edl\u00edkt s\u00e9\u00f0.\u201c <\/p>\n<h3 class=\"millifyrirsogn_2007\">Fylg \u00fe\u00fa m\u00e9r<\/h3>\n<p><a name=\"13\"><span class=\"versanumer_2007\">13<\/span><\/a> Aftur f\u00f3r Jes\u00fas \u00fat og gekk me\u00f0 fram vatninu. Allur mannfj\u00f6ldinn kom til hans og hann kenndi \u00feeim. <a name=\"14\"><span class=\"versanumer_2007\">14<\/span><\/a> Og er hann gekk \u00fear s\u00e1 hann Lev\u00ed Alfeusson sitja hj\u00e1 tollb\u00fa\u00f0inni og Jes\u00fas segir vi\u00f0 hann: \u201eFylg \u00fe\u00fa m\u00e9r!\u201c Og hann st\u00f3\u00f0 upp og fylgdi honum. <br \/> <a name=\"15\"><span class=\"versanumer_2007\">15<\/span><\/a> Svo bar vi\u00f0 a\u00f0 Jes\u00fas sat a\u00f0 bor\u00f0i<span class=\"nedan_mal\" title=\" Or\u00f0r\u00e9tt: l\u00e1 til bor\u00f0s. \u00c1 h\u00e1t\u00ed\u00f0um og \u00ed veislum l\u00e1gu menn vi\u00f0 m\u00e1lt\u00ed\u00f0ir me\u00f0al Gy\u00f0inga eins og si\u00f0ur var hj\u00e1 Grikkjum og R\u00f3mverjum.\">[<\/span> \u00ed h\u00fasi hans. Margir tollheimtumenn og bersyndugir s\u00e1tu \u00fear me\u00f0 honum og l\u00e6risveinum hans en margir fylgdu honum. <a name=\"16\"><span class=\"versanumer_2007\">16<\/span><\/a> Fr\u00e6\u00f0imenn af flokki far\u00edsea, sem s\u00e1u a\u00f0 hann samneytti tollheimtum\u00f6nnum og bersyndugum, s\u00f6g\u00f0u \u00fe\u00e1 vi\u00f0 l\u00e6risveina hans: \u201eHann etur me\u00f0 tollheimtum\u00f6nnum og bersyndugum.\u201c <br \/> <a name=\"17\"><span class=\"versanumer_2007\">17<\/span><\/a> Jes\u00fas heyr\u00f0i \u00feetta og svara\u00f0i \u00feeim: \u201eEkki \u00feurfa heilbrig\u00f0ir l\u00e6knis vi\u00f0 heldur \u00feeir sem sj\u00fakir eru. \u00c9g er ekki kominn til a\u00f0 kalla r\u00e9ttl\u00e1ta heldur syndara.\u201c <\/p>\n<h3 class=\"millifyrirsogn_2007\">Me\u00f0an br\u00fa\u00f0guminn er hj\u00e1 \u00feeim<\/h3>\n<p><a name=\"18\"><span class=\"versanumer_2007\">18<\/span><\/a> L\u00e6risveinar J\u00f3hannesar og far\u00edsear h\u00e9ldu n\u00fa f\u00f6stu. \u00de\u00e1 koma menn til Jes\u00fa og spyrja hann: \u201eHv\u00ed fasta l\u00e6risveinar J\u00f3hannesar og l\u00e6risveinar far\u00edsea en \u00fe\u00ednir l\u00e6risveinar fasta ekki?\u201c <br \/> <a name=\"19\"><span class=\"versanumer_2007\">19<\/span><\/a> Jes\u00fas svara\u00f0i \u00feeim: \u201eHvort geta br\u00fa\u00f0kaupsgestir fasta\u00f0 me\u00f0an br\u00fa\u00f0guminn er hj\u00e1 \u00feeim? Alla \u00fe\u00e1 stund sem br\u00fa\u00f0guminn er hj\u00e1 \u00feeim geta \u00feeir ekki fasta\u00f0. <a name=\"20\"><span class=\"versanumer_2007\">20<\/span><\/a> En koma munu \u00feeir dagar er br\u00fa\u00f0guminn ver\u00f0ur fr\u00e1 \u00feeim tekinn, \u00fe\u00e1 munu \u00feeir fasta \u00e1 \u00feeim degi. <br \/> <a name=\"21\"><span class=\"versanumer_2007\">21<\/span><\/a> Enginn saumar b\u00f3t af \u00f3\u00fe\u00e6f\u00f0um d\u00fak \u00e1 gamalt fat \u00fev\u00ed \u00fe\u00e1 r\u00edfur n\u00fdja b\u00f3tin af hinu gamla og ver\u00f0ur af verri rifa. <a name=\"22\"><span class=\"versanumer_2007\">22<\/span><\/a> Og enginn l\u00e6tur n\u00fdtt v\u00edn \u00e1 gamla belgi \u00fev\u00ed \u00fe\u00e1 sprengir v\u00edni\u00f0 belgina og v\u00edni\u00f0 \u00f3n\u00fdtist og belgirnir. N\u00fdtt v\u00edn er l\u00e1ti\u00f0 \u00e1 n\u00fdja belgi.\u201c <\/p>\n<h3 class=\"millifyrirsogn_2007\">Drottinn hv\u00edldardagsins<\/h3>\n<p><a name=\"23\"><span class=\"versanumer_2007\">23<\/span><\/a> Svo bar vi\u00f0 a\u00f0 Jes\u00fas f\u00f3r um s\u00e1\u00f0l\u00f6nd \u00e1 hv\u00edldardegi og l\u00e6risveinar hans t\u00f3ku a\u00f0 t\u00edna korn\u00f6x \u00e1 lei\u00f0inni. <a name=\"24\"><span class=\"versanumer_2007\">24<\/span><\/a> Far\u00edsearnir s\u00f6g\u00f0u \u00fe\u00e1 vi\u00f0 hann: \u201eL\u00edt \u00e1, hv\u00ed gera \u00feeir \u00fea\u00f0 sem er ekki leyfilegt \u00e1 hv\u00edldardegi?\u201c <br \/> <a name=\"25\"><span class=\"versanumer_2007\">25<\/span><\/a> Jes\u00fas svara\u00f0i \u00feeim: \u201eHafi\u00f0 \u00fei\u00f0 aldrei lesi\u00f0 hva\u00f0 Dav\u00ed\u00f0 ger\u00f0i er honum l\u00e1 \u00e1 \u00feegar hann hungra\u00f0i og menn hans? <a name=\"26\"><span class=\"versanumer_2007\">26<\/span><\/a> Hann f\u00f3r inn \u00ed Gu\u00f0s h\u00fas \u00feegar Ab\u00edatar var \u00e6\u00f0sti prestur og \u00e1t sko\u00f0unarbrau\u00f0in, en \u00feau m\u00e1 enginn eta nema prestarnir, og gaf l\u00edka m\u00f6nnum s\u00ednum.\u201c <br \/> <a name=\"27\"><span class=\"versanumer_2007\">27<\/span><\/a> Og Jes\u00fas sag\u00f0i vi\u00f0 \u00fe\u00e1: \u201eHv\u00edldardagurinn var\u00f0 til mannsins vegna og eigi ma\u00f0urinn vegna hv\u00edldardagsins. <a name=\"28\"><span class=\"versanumer_2007\">28<\/span><\/a> \u00dev\u00ed er Mannssonurinn einnig Drottinn hv\u00edldardagsins.\u201c <\/p>\n","protected":false},"excerpt":{"rendered":"<p>Syndir fyrirgefnar 1 Nokkrum d\u00f6gum s\u00ed\u00f0ar kom Jes\u00fas aftur til Kaperna\u00fam. \u00deegar fr\u00e9ttist a\u00f0 hann v\u00e6ri heima 2 s\u00f6fnu\u00f0ust \u00fear svo margir a\u00f0 hvergi var lengur r\u00fam, ekki einu sinni fyrir dyrum \u00fati. Og Jes\u00fas flutti \u00feeim or\u00f0i\u00f0. 3 \u00de\u00e1 er komi\u00f0 me\u00f0 lama mann og b\u00e1ru fj\u00f3rir. 4 \u00deegar \u00feeir g\u00e1tu ekki komist me\u00f0 hann til Jes\u00fa fyrir f\u00f3lkinu rufu \u00feeir \u00feekjuna uppi yfir honum, gr\u00f3fu \u00fear \u00ed gegn og l\u00e9tu s\u00edga ofan rekkjuna sem hinn lami l\u00e1 \u00ed. 5 \u00de\u00e1 er Jes\u00fas s\u00e9r tr\u00fa \u00feeirra segir hann vi\u00f0 lama manninn: \u201eBarni\u00f0 mitt, syndir \u00fe\u00ednar eru fyrirgefnar.\u201c 6 \u00dear <a href=\"https:\/\/biblian.is\/biblian\/markusargudspjall-2-kafli\/\"> [&#8230;]<\/a><\/p>\n","protected":false},"author":1,"featured_media":0,"parent":0,"menu_order":0,"comment_status":"open","ping_status":"open","template":"bibliukaflar_NT.php","meta":{"footnotes":""},"class_list":["post-2576","page","type-page","status-publish","hentry"],"_links":{"self":[{"href":"https:\/\/biblian.is\/biblian\/wp-json\/wp\/v2\/pages\/2576","targetHints":{"allow":["GET"]}}],"collection":[{"href":"https:\/\/biblian.is\/biblian\/wp-json\/wp\/v2\/pages"}],"about":[{"href":"https:\/\/biblian.is\/biblian\/wp-json\/wp\/v2\/types\/page"}],"author":[{"embeddable":true,"href":"https:\/\/biblian.is\/biblian\/wp-json\/wp\/v2\/users\/1"}],"replies":[{"embeddable":true,"href":"https:\/\/biblian.is\/biblian\/wp-json\/wp\/v2\/comments?post=2576"}],"version-history":[{"count":0,"href":"https:\/\/biblian.is\/biblian\/wp-json\/wp\/v2\/pages\/2576\/revisions"}],"wp:attachment":[{"href":"https:\/\/biblian.is\/biblian\/wp-json\/wp\/v2\/media?parent=2576"}],"curies":[{"name":"wp","href":"https:\/\/api.w.org\/{rel}","templated":true}]}}