{"id":2575,"date":"2017-12-30T21:03:44","date_gmt":"2017-12-30T21:03:44","guid":{"rendered":"http:\/\/biblian.is\/biblian\/mark%c2%9csargu_spjall-1-kafli\/"},"modified":"2019-08-26T22:28:46","modified_gmt":"2019-08-26T22:28:46","slug":"markusargudspjall-1-kafli","status":"publish","type":"page","link":"https:\/\/biblian.is\/biblian\/markusargudspjall-1-kafli\/","title":{"rendered":"Mark\u00fasargu\u00f0spjall 1. kafli"},"content":{"rendered":"<h3 class=\"millifyrirsogn_2007\"> Upphaf<\/h3>\n<p><a name=\"1\"><span class=\"versanumer_2007\">1<\/span><\/a> Upphaf fagna\u00f0arerindisins um Jes\u00fa Krist, Gu\u00f0s son.<span class=\"nedan_mal\" title=\" Or\u00f0in \u201eGu\u00f0s son\u201c vantar \u00ed sum handrit.\">[<\/span> <a name=\"2\"><span class=\"versanumer_2007\">2<\/span><\/a> Svo er rita\u00f0 hj\u00e1 Jesaja sp\u00e1manni: <br \/> <span class=\"ljodatexti\"> \u00c9g sendi sendibo\u00f0a minn \u00e1 undan \u00fe\u00e9r, <br \/>hann \u00e1 a\u00f0 grei\u00f0a \u00fe\u00e9r veg. <br \/> <\/span> <span class=\"ljodatexti\"> <a name=\"3\"><span class=\"versanumer_ljod\">3<\/span><\/a>R\u00f6dd hr\u00f3panda \u00ed ey\u00f0im\u00f6rk: <br \/>Grei\u00f0i\u00f0 veg Drottins, <br \/>geri\u00f0 beinar brautir hans. <\/span> <br \/> <a name=\"4\"><span class=\"versanumer_2007\">4<\/span><\/a> \u00deannig kom J\u00f3hannes sk\u00edrari fram \u00ed \u00f3bygg\u00f0inni og bo\u00f0a\u00f0i m\u00f6nnum a\u00f0 taka sinnaskiptum og l\u00e1ta sk\u00edrast til fyrirgefningar synda <a name=\"5\"><span class=\"versanumer_2007\">5<\/span><\/a> og menn streymdu til hans fr\u00e1 allri J\u00fadeubygg\u00f0 og allir Jer\u00fasalemb\u00faar og l\u00e9tu hann sk\u00edra sig \u00ed \u00e1nni J\u00f3rdan og j\u00e1tu\u00f0u syndir s\u00ednar. <br \/> <a name=\"6\"><span class=\"versanumer_2007\">6<\/span><\/a> En J\u00f3hannes var \u00ed kl\u00e6\u00f0um \u00far \u00falfaldah\u00e1ri, me\u00f0 le\u00f0urbelti um lendar s\u00e9r og \u00e1t engisprettur og villihunang. <a name=\"7\"><span class=\"versanumer_2007\">7<\/span><\/a> Hann pr\u00e9dika\u00f0i svo: \u201eS\u00e1 kemur eftir mig sem m\u00e9r er m\u00e1ttugri og er \u00e9g ekki ver\u00f0ur \u00feess a\u00f0 krj\u00fapa ni\u00f0ur og leysa sk\u00f3\u00feveng hans. <a name=\"8\"><span class=\"versanumer_2007\">8<\/span><\/a> \u00c9g hef sk\u00edrt ykkur me\u00f0 vatni en hann mun sk\u00edra ykkur me\u00f0 heil\u00f6gum anda.\u201c <\/p>\n<h3 class=\"millifyrirsogn_2007\">Sk\u00edrn og freisting<\/h3>\n<p><a name=\"9\"><span class=\"versanumer_2007\">9<\/span><\/a> Svo bar vi\u00f0 \u00e1 \u00feeim d\u00f6gum a\u00f0 Jes\u00fas kom fr\u00e1 Nasaret \u00ed Gal\u00edleu og J\u00f3hannes sk\u00edr\u00f0i hann \u00ed J\u00f3rdan. <a name=\"10\"><span class=\"versanumer_2007\">10<\/span><\/a> Um lei\u00f0 og hann st\u00e9 upp \u00far vatninu s\u00e1 hann himnana lj\u00fakast upp og andann st\u00edga ni\u00f0ur yfir sig eins og d\u00fafu. <a name=\"11\"><span class=\"versanumer_2007\">11<\/span><\/a> Og r\u00f6dd kom af himnum: \u201e\u00de\u00fa ert minn elska\u00f0i sonur, \u00e1 \u00fe\u00e9r hef \u00e9g vel\u00fe\u00f3knun.\u201c <br \/> <a name=\"12\"><span class=\"versanumer_2007\">12<\/span><\/a> \u00de\u00e1 kn\u00fa\u00f0i andinn hann \u00fat \u00ed \u00f3bygg\u00f0ina <a name=\"13\"><span class=\"versanumer_2007\">13<\/span><\/a> og var hann \u00ed \u00f3bygg\u00f0inni fj\u00f6rut\u00edu daga og Satan freista\u00f0i hans. Hann haf\u00f0ist vi\u00f0 me\u00f0al villid\u00fdra og englar \u00fej\u00f3nu\u00f0u honum. <\/p>\n<h3 class=\"millifyrirsogn_2007\">Gu\u00f0s r\u00edki \u00ed n\u00e1nd<\/h3>\n<p><a name=\"14\"><span class=\"versanumer_2007\">14<\/span><\/a> \u00deegar J\u00f3hannes haf\u00f0i veri\u00f0 tekinn h\u00f6ndum kom Jes\u00fas til Gal\u00edleu, pr\u00e9dika\u00f0i fagna\u00f0arerindi Gu\u00f0s <a name=\"15\"><span class=\"versanumer_2007\">15<\/span><\/a> og sag\u00f0i: \u201eT\u00edminn er fullna\u00f0ur og Gu\u00f0s r\u00edki \u00ed n\u00e1nd. Taki\u00f0 sinnaskiptum og tr\u00fai\u00f0 fagna\u00f0arerindinu.\u201c <\/p>\n<h3 class=\"millifyrirsogn_2007\">Fyrstu l\u00e6risveinar<\/h3>\n<p><a name=\"16\"><span class=\"versanumer_2007\">16<\/span><\/a> Jes\u00fas var \u00e1 gangi me\u00f0 fram Gal\u00edleuvatni og s\u00e1 S\u00edmon og Andr\u00e9s, br\u00f3\u00f0ur S\u00edmonar, vera a\u00f0 kasta netum \u00ed vatni\u00f0 en \u00feeir voru fiskimenn. <a name=\"17\"><span class=\"versanumer_2007\">17<\/span><\/a> Jes\u00fas sag\u00f0i vi\u00f0 \u00fe\u00e1: \u201eKomi\u00f0 og fylgi\u00f0 m\u00e9r og mun \u00e9g l\u00e1ta ykkur menn vei\u00f0a.\u201c <a name=\"18\"><span class=\"versanumer_2007\">18<\/span><\/a> Og \u00feegar \u00ed sta\u00f0 l\u00e9tu \u00feeir eftir netin og fylgdu honum. <br \/> <a name=\"19\"><span class=\"versanumer_2007\">19<\/span><\/a> Jes\u00fas gekk skammt \u00fea\u00f0an og s\u00e1 Jakob Sebedeusson og J\u00f3hannes, br\u00f3\u00f0ur hans, og voru \u00feeir einnig \u00e1 b\u00e1ti a\u00f0 b\u00faa net. <a name=\"20\"><span class=\"versanumer_2007\">20<\/span><\/a> Jes\u00fas kalla\u00f0i \u00fe\u00e1 og \u00feeir yfirg\u00e1fu Sebedeus f\u00f6\u00f0ur sinn hj\u00e1 daglaunam\u00f6nnunum \u00ed b\u00e1tnum og fylgdu honum. <\/p>\n<h3 class=\"millifyrirsogn_2007\">\u00cd Kaperna\u00fam<\/h3>\n<p><a name=\"21\"><span class=\"versanumer_2007\">21<\/span><\/a> \u00deeir komu til Kaperna\u00fam. Og hv\u00edldardaginn gekk Jes\u00fas \u00ed samkunduna og kenndi. <a name=\"22\"><span class=\"versanumer_2007\">22<\/span><\/a> Menn ur\u00f0u mj\u00f6g snortnir af or\u00f0um hans \u00fev\u00ed a\u00f0 hann kenndi \u00feeim eins og s\u00e1 er vald hefur og ekki eins og fr\u00e6\u00f0imennirnir. <br \/> <a name=\"23\"><span class=\"versanumer_2007\">23<\/span><\/a> \u00dear var \u00ed samkundu \u00feeirra ma\u00f0ur haldinn \u00f3hreinum anda. Hann \u00e6pti: <a name=\"24\"><span class=\"versanumer_2007\">24<\/span><\/a> \u201eHva\u00f0 vilt \u00fe\u00fa okkur, Jes\u00fas fr\u00e1 Nasaret? Ert \u00fe\u00fa kominn a\u00f0 tort\u00edma okkur? \u00c9g veit hver \u00fe\u00fa ert, hinn heilagi Gu\u00f0s.\u201c <br \/> <a name=\"25\"><span class=\"versanumer_2007\">25<\/span><\/a> Jes\u00fas hasta\u00f0i \u00fe\u00e1 \u00e1 hann og m\u00e6lti: \u201e\u00deegi \u00fe\u00fa og far \u00fat af honum.\u201c <br \/> <a name=\"26\"><span class=\"versanumer_2007\">26<\/span><\/a> \u00de\u00e1 teyg\u00f0i \u00f3hreini andinn manninn, rak upp hlj\u00f3\u00f0 miki\u00f0 og f\u00f3r \u00fat af honum. <a name=\"27\"><span class=\"versanumer_2007\">27<\/span><\/a> Sl\u00f3 felmtri \u00e1 alla og hver spur\u00f0i annan: \u201eHva\u00f0 er \u00feetta? Hann kennir \u00e1 n\u00fdjan h\u00e1tt. \u00dea\u00f0 er eins og hann b\u00fai yfir gu\u00f0legum m\u00e6tti! Hann skipar jafnvel \u00f3hreinum \u00f6ndum og \u00feeir hl\u00fd\u00f0a honum.\u201c <a name=\"28\"><span class=\"versanumer_2007\">28<\/span><\/a> Og or\u00f0st\u00edr hans barst \u00feegar um alla Gal\u00edleu. <\/p>\n<h3 class=\"millifyrirsogn_2007\">Jes\u00fas l\u00e6knar<\/h3>\n<p><a name=\"29\"><span class=\"versanumer_2007\">29<\/span><\/a> \u00dar samkundunni f\u00f3ru \u00feeir rakleitt \u00ed h\u00fas S\u00edmonar og Andr\u00e9sar og me\u00f0 \u00feeim Jakob og J\u00f3hannes. <a name=\"30\"><span class=\"versanumer_2007\">30<\/span><\/a> Tengdam\u00f3\u00f0ir S\u00edmonar l\u00e1 me\u00f0 s\u00f3tthita og s\u00f6g\u00f0u \u00feeir Jes\u00fa \u00feegar fr\u00e1 henni. <a name=\"31\"><span class=\"versanumer_2007\">31<\/span><\/a> Hann gekk \u00fe\u00e1 a\u00f0, t\u00f3k \u00ed h\u00f6nd henni og reisti hana \u00e1 f\u00e6tur. S\u00f3tthitinn f\u00f3r \u00far henni og h\u00fan gekk \u00feeim fyrir beina. <br \/> <a name=\"32\"><span class=\"versanumer_2007\">32<\/span><\/a> \u00deegar kv\u00f6ld var komi\u00f0 og s\u00f3lin sest f\u00e6r\u00f0u menn til hans alla \u00fe\u00e1 er sj\u00fakir voru og haldnir illum \u00f6ndum <a name=\"33\"><span class=\"versanumer_2007\">33<\/span><\/a> og allur b\u00e6rinn var saman kominn vi\u00f0 dyrnar. <a name=\"34\"><span class=\"versanumer_2007\">34<\/span><\/a> Jes\u00fas l\u00e6kna\u00f0i marga er \u00fej\u00e1\u00f0ust af \u00fdmsum sj\u00fakd\u00f3mum og rak \u00fat marga illa anda en illu \u00f6ndunum banna\u00f0i hann a\u00f0 tala \u00fev\u00ed a\u00f0 \u00feeir vissu hver hann var. <\/p>\n<h3 class=\"millifyrirsogn_2007\">Jes\u00fas pr\u00e9dikar \u00ed Gal\u00edleu<\/h3>\n<p><a name=\"35\"><span class=\"versanumer_2007\">35<\/span><\/a> Og \u00e1rla, l\u00f6ngu fyrir d\u00f6gun, f\u00f3r Jes\u00fas \u00e1 f\u00e6tur og gekk \u00fat, v\u00e9k burt \u00e1 \u00f3bygg\u00f0an sta\u00f0 og ba\u00f0st \u00fear fyrir. <a name=\"36\"><span class=\"versanumer_2007\">36<\/span><\/a> \u00deeir S\u00edmon leitu\u00f0u hann uppi <a name=\"37\"><span class=\"versanumer_2007\">37<\/span><\/a> og \u00feegar \u00feeir fundu hann s\u00f6g\u00f0u \u00feeir vi\u00f0 hann: \u201eAllir eru a\u00f0 leita a\u00f0 \u00fe\u00e9r.\u201c <br \/> <a name=\"38\"><span class=\"versanumer_2007\">38<\/span><\/a> Jes\u00fas sag\u00f0i vi\u00f0 \u00fe\u00e1: \u201eVi\u00f0 skulum fara anna\u00f0, \u00ed \u00feorpin h\u00e9r \u00ed grennd, svo a\u00f0 \u00e9g geti einnig pr\u00e9dika\u00f0 \u00fear \u00fev\u00ed a\u00f0 til \u00feess er \u00e9g kominn.\u201c <br \/> <a name=\"39\"><span class=\"versanumer_2007\">39<\/span><\/a> Og hann f\u00f3r og pr\u00e9dika\u00f0i \u00ed samkundum \u00feeirra \u00ed allri Gal\u00edleu og rak \u00fat illa anda. <\/p>\n<h3 class=\"millifyrirsogn_2007\">Ver\u00f0 \u00fe\u00fa hreinn!<\/h3>\n<p><a name=\"40\"><span class=\"versanumer_2007\">40<\/span><\/a> Ma\u00f0ur nokkur l\u00edk\u00fer\u00e1r kom til Jes\u00fa, f\u00e9ll \u00e1 kn\u00e9 og ba\u00f0 hann: \u201eEf \u00fe\u00fa vilt getur \u00fe\u00fa hreinsa\u00f0 mig.\u201c<span class=\"nedan_mal\" title=\" L\u00edk\u00fer\u00e1ir e\u00f0a holdsveikir menn voru \u00fatiloka\u00f0ir fr\u00e1 mannlegu samf\u00e9lagi og \u00f6llu helgihaldi \u00ed musterinu og samkundum vegna sj\u00fakd\u00f3ms s\u00edns. \">[<\/span> <br \/> <a name=\"41\"><span class=\"versanumer_2007\">41<\/span><\/a> Og Jes\u00fas kenndi \u00ed brj\u00f3sti um manninn,<span class=\"nedan_mal\" title=\" Annar lesh\u00e1ttur: reiddist. \">[<\/span> r\u00e9tti \u00fat h\u00f6ndina, snart hann og m\u00e6lti: \u201e\u00c9g vil, ver\u00f0 \u00fe\u00fa hreinn!\u201c <a name=\"42\"><span class=\"versanumer_2007\">42<\/span><\/a> Jafnskj\u00f3tt hvarf af honum l\u00edk\u00fer\u00e1in og hann var\u00f0 hreinn. <a name=\"43\"><span class=\"versanumer_2007\">43<\/span><\/a> Og Jes\u00fas l\u00e9t hann fara, lag\u00f0i r\u00edkt \u00e1 vi\u00f0 hann <a name=\"44\"><span class=\"versanumer_2007\">44<\/span><\/a> og sag\u00f0i: \u201eG\u00e6t \u00feess a\u00f0 segja engum neitt en far \u00fe\u00fa, s\u00fdn \u00feig prestinum og f\u00f3rna fyrir hreinsun \u00fe\u00edna \u00fev\u00ed sem M\u00f3se bau\u00f0 \u00feeim til vitnisbur\u00f0ar.\u201c <br \/> <a name=\"45\"><span class=\"versanumer_2007\">45<\/span><\/a> En ma\u00f0urinn gekk burt og r\u00e6ddi margt um \u00feetta og v\u00ed\u00f0fr\u00e6g\u00f0i mj\u00f6g svo a\u00f0 Jes\u00fas gat ekki framar komi\u00f0 opinberlega \u00ed neina borg heldur haf\u00f0ist vi\u00f0 \u00fati \u00e1 \u00f3bygg\u00f0um st\u00f6\u00f0um. En menn komu til hans hva\u00f0an\u00e6va. <\/p>\n","protected":false},"excerpt":{"rendered":"<p>Upphaf 1 Upphaf fagna\u00f0arerindisins um Jes\u00fa Krist, Gu\u00f0s son.[ 2 Svo er rita\u00f0 hj\u00e1 Jesaja sp\u00e1manni: \u00c9g sendi sendibo\u00f0a minn \u00e1 undan \u00fe\u00e9r, hann \u00e1 a\u00f0 grei\u00f0a \u00fe\u00e9r veg. 3R\u00f6dd hr\u00f3panda \u00ed ey\u00f0im\u00f6rk: Grei\u00f0i\u00f0 veg Drottins, geri\u00f0 beinar brautir hans. 4 \u00deannig kom J\u00f3hannes sk\u00edrari fram \u00ed \u00f3bygg\u00f0inni og bo\u00f0a\u00f0i m\u00f6nnum a\u00f0 taka sinnaskiptum og l\u00e1ta sk\u00edrast til fyrirgefningar synda 5 og menn streymdu til hans fr\u00e1 allri J\u00fadeubygg\u00f0 og allir Jer\u00fasalemb\u00faar og l\u00e9tu hann sk\u00edra sig \u00ed \u00e1nni J\u00f3rdan og j\u00e1tu\u00f0u syndir s\u00ednar. 6 En J\u00f3hannes var \u00ed kl\u00e6\u00f0um \u00far \u00falfaldah\u00e1ri, me\u00f0 le\u00f0urbelti um lendar s\u00e9r og \u00e1t engisprettur <a href=\"https:\/\/biblian.is\/biblian\/markusargudspjall-1-kafli\/\"> [&#8230;]<\/a><\/p>\n","protected":false},"author":1,"featured_media":0,"parent":0,"menu_order":0,"comment_status":"open","ping_status":"open","template":"bibliukaflar_NT.php","meta":{"footnotes":""},"class_list":["post-2575","page","type-page","status-publish","hentry"],"_links":{"self":[{"href":"https:\/\/biblian.is\/biblian\/wp-json\/wp\/v2\/pages\/2575","targetHints":{"allow":["GET"]}}],"collection":[{"href":"https:\/\/biblian.is\/biblian\/wp-json\/wp\/v2\/pages"}],"about":[{"href":"https:\/\/biblian.is\/biblian\/wp-json\/wp\/v2\/types\/page"}],"author":[{"embeddable":true,"href":"https:\/\/biblian.is\/biblian\/wp-json\/wp\/v2\/users\/1"}],"replies":[{"embeddable":true,"href":"https:\/\/biblian.is\/biblian\/wp-json\/wp\/v2\/comments?post=2575"}],"version-history":[{"count":0,"href":"https:\/\/biblian.is\/biblian\/wp-json\/wp\/v2\/pages\/2575\/revisions"}],"wp:attachment":[{"href":"https:\/\/biblian.is\/biblian\/wp-json\/wp\/v2\/media?parent=2575"}],"curies":[{"name":"wp","href":"https:\/\/api.w.org\/{rel}","templated":true}]}}