{"id":2574,"date":"2017-12-30T21:03:44","date_gmt":"2017-12-30T21:03:44","guid":{"rendered":"http:\/\/biblian.is\/biblian\/matteusargu_spjall-28-kafli\/"},"modified":"2019-08-26T22:35:31","modified_gmt":"2019-08-26T22:35:31","slug":"matteusargudspjall-28-kafli","status":"publish","type":"page","link":"https:\/\/biblian.is\/biblian\/matteusargudspjall-28-kafli\/","title":{"rendered":"Matteusargu\u00f0spjall 28. kafli"},"content":{"rendered":"<h3 class=\"millifyrirsogn_2007\"> Hann er upp risinn<\/h3>\n<p><a name=\"1\"><span class=\"versanumer_2007\">1<\/span><\/a> A\u00f0 li\u00f0num hv\u00edldardegi, \u00feegar l\u00fdsti af fyrsta degi vikunnar, komu \u00fe\u00e6r Mar\u00eda Magdalena og Mar\u00eda hin til a\u00f0 l\u00edta \u00e1 gr\u00f6fina. <a name=\"2\"><span class=\"versanumer_2007\">2<\/span><\/a> \u00de\u00e1 var\u00f0 landskj\u00e1lfti mikill \u00fev\u00ed engill Drottins st\u00e9 ni\u00f0ur af himni, kom og velti steininum og settist \u00e1 hann. <a name=\"3\"><span class=\"versanumer_2007\">3<\/span><\/a> Hann var sem elding \u00e1s\u00fdndum og kl\u00e6\u00f0in hv\u00edt sem snj\u00f3r. <a name=\"4\"><span class=\"versanumer_2007\">4<\/span><\/a> Var\u00f0mennirnir skulfu af hr\u00e6\u00f0slu vi\u00f0 hann og ur\u00f0u sem \u00f6rendir. <br \/> <a name=\"5\"><span class=\"versanumer_2007\">5<\/span><\/a> En engillinn m\u00e6lti vi\u00f0 konurnar: \u201e\u00dei\u00f0 skulu\u00f0 eigi \u00f3ttast. \u00c9g veit a\u00f0 \u00fei\u00f0 leiti\u00f0 a\u00f0 Jes\u00fa hinum krossfesta. <a name=\"6\"><span class=\"versanumer_2007\">6<\/span><\/a> Hann er ekki h\u00e9r. Hann er upp risinn, eins og hann sag\u00f0i. Komi\u00f0 og sj\u00e1i\u00f0 sta\u00f0inn \u00fear sem hann l\u00e1. <a name=\"7\"><span class=\"versanumer_2007\">7<\/span><\/a> Fari\u00f0 \u00ed skyndi og segi\u00f0 l\u00e6risveinum hans: Hann er upp risinn fr\u00e1 dau\u00f0um, hann fer \u00e1 undan ykkur til Gal\u00edleu. \u00dear munu\u00f0 \u00fei\u00f0 sj\u00e1 hann. \u00deetta hef \u00e9g sagt ykkur.\u201c <br \/> <a name=\"8\"><span class=\"versanumer_2007\">8<\/span><\/a> Og \u00fe\u00e6r f\u00f3ru \u00ed skyndi fr\u00e1 gr\u00f6finni, me\u00f0 \u00f3tta og mikilli gle\u00f0i, og hlupu a\u00f0 flytja l\u00e6risveinum hans bo\u00f0in. <br \/> <a name=\"9\"><span class=\"versanumer_2007\">9<\/span><\/a> Allt \u00ed einu kemur Jes\u00fas \u00e1 m\u00f3ti \u00feeim og segir: \u201eHeilar \u00fei\u00f0!\u201c En \u00fe\u00e6r komu, f\u00e9llu fram fyrir honum og f\u00f6\u00f0mu\u00f0u f\u00e6tur hans. <a name=\"10\"><span class=\"versanumer_2007\">10<\/span><\/a> \u00de\u00e1 segir Jes\u00fas vi\u00f0 \u00fe\u00e6r: \u201e\u00d3ttist ekki, fari\u00f0 og segi\u00f0 br\u00e6\u00f0rum m\u00ednum og systrum<span class=\"nedan_mal\" title=\" Or\u00f0r\u00e9tt: br\u00e6\u00f0rum m\u00ednum.\">[<\/span> a\u00f0 halda til Gal\u00edleu. \u00dear munu \u00feau sj\u00e1 mig.\u201c <\/p>\n<h3 class=\"millifyrirsogn_2007\">Var\u00f0menn vitna<\/h3>\n<p><a name=\"11\"><span class=\"versanumer_2007\">11<\/span><\/a> Me\u00f0an \u00fe\u00e6r voru \u00e1 lei\u00f0inni komu nokkrir var\u00f0menn til borgarinnar og s\u00f6g\u00f0u \u00e6\u00f0stu prestunum allt sem gerst haf\u00f0i. <a name=\"12\"><span class=\"versanumer_2007\">12<\/span><\/a> En \u00feeir kv\u00f6ddu saman \u00f6ldungana og t\u00f3ku \u00fea\u00f0 r\u00e1\u00f0 me\u00f0 \u00feeim a\u00f0 bera miki\u00f0 f\u00e9 \u00e1 hermennina og m\u00e6ltu vi\u00f0 \u00fe\u00e1: <a name=\"13\"><span class=\"versanumer_2007\">13<\/span><\/a> \u201eSegi\u00f0 \u00feetta: L\u00e6risveinar hans komu \u00e1 n\u00e6tur\u00feeli me\u00f0an vi\u00f0 sv\u00e1fum og st\u00e1lu honum. <a name=\"14\"><span class=\"versanumer_2007\">14<\/span><\/a> Og ef \u00feetta berst landsh\u00f6f\u00f0ingjanum til eyrna skulum vi\u00f0 sefa hann svo a\u00f0 \u00fei\u00f0 geti\u00f0 veri\u00f0 \u00e1hyggjulausir.\u201c <br \/> <a name=\"15\"><span class=\"versanumer_2007\">15<\/span><\/a> Hermennirnir t\u00f3ku vi\u00f0 f\u00e9nu og ger\u00f0u sem \u00feeim var sagt. \u00deessi s\u00f6gus\u00f6gn hefur veri\u00f0 borin \u00fat me\u00f0al Gy\u00f0inga allt til \u00feessa dags. <\/p>\n<h3 class=\"millifyrirsogn_2007\">Me\u00f0 y\u00f0ur alla daga<\/h3>\n<p><a name=\"16\"><span class=\"versanumer_2007\">16<\/span><\/a> En l\u00e6risveinarnir ellefu f\u00f3ru til Gal\u00edleu, til fjallsins sem Jes\u00fas haf\u00f0i stefnt \u00feeim til. <a name=\"17\"><span class=\"versanumer_2007\">17<\/span><\/a> \u00dear s\u00e1u \u00feeir hann og veittu honum lotningu. En sumir voru \u00ed vafa. <a name=\"18\"><span class=\"versanumer_2007\">18<\/span><\/a> Og Jes\u00fas kom til \u00feeirra, tala\u00f0i vi\u00f0 \u00fe\u00e1 og sag\u00f0i: \u201eAllt vald er m\u00e9r gefi\u00f0 \u00e1 himni og j\u00f6r\u00f0u. <a name=\"19\"><span class=\"versanumer_2007\">19<\/span><\/a> Fari\u00f0 \u00fev\u00ed og geri\u00f0 allar \u00fej\u00f3\u00f0ir a\u00f0 l\u00e6risveinum, sk\u00edri\u00f0 \u00fe\u00e1 \u00ed nafni f\u00f6\u00f0ur og sonar og heilags anda <a name=\"20\"><span class=\"versanumer_2007\">20<\/span><\/a> og kenni\u00f0 \u00feeim a\u00f0 halda allt \u00fea\u00f0 sem \u00e9g hef bo\u00f0i\u00f0 y\u00f0ur. Sj\u00e1, \u00e9g er me\u00f0 y\u00f0ur alla daga allt til enda veraldar.\u201c <\/p>\n","protected":false},"excerpt":{"rendered":"<p>Hann er upp risinn 1 A\u00f0 li\u00f0num hv\u00edldardegi, \u00feegar l\u00fdsti af fyrsta degi vikunnar, komu \u00fe\u00e6r Mar\u00eda Magdalena og Mar\u00eda hin til a\u00f0 l\u00edta \u00e1 gr\u00f6fina. 2 \u00de\u00e1 var\u00f0 landskj\u00e1lfti mikill \u00fev\u00ed engill Drottins st\u00e9 ni\u00f0ur af himni, kom og velti steininum og settist \u00e1 hann. 3 Hann var sem elding \u00e1s\u00fdndum og kl\u00e6\u00f0in hv\u00edt sem snj\u00f3r. 4 Var\u00f0mennirnir skulfu af hr\u00e6\u00f0slu vi\u00f0 hann og ur\u00f0u sem \u00f6rendir. 5 En engillinn m\u00e6lti vi\u00f0 konurnar: \u201e\u00dei\u00f0 skulu\u00f0 eigi \u00f3ttast. \u00c9g veit a\u00f0 \u00fei\u00f0 leiti\u00f0 a\u00f0 Jes\u00fa hinum krossfesta. 6 Hann er ekki h\u00e9r. Hann er upp risinn, eins og hann sag\u00f0i. <a href=\"https:\/\/biblian.is\/biblian\/matteusargudspjall-28-kafli\/\"> [&#8230;]<\/a><\/p>\n","protected":false},"author":1,"featured_media":0,"parent":0,"menu_order":0,"comment_status":"open","ping_status":"open","template":"bibliukaflar_NT.php","meta":{"footnotes":""},"class_list":["post-2574","page","type-page","status-publish","hentry"],"_links":{"self":[{"href":"https:\/\/biblian.is\/biblian\/wp-json\/wp\/v2\/pages\/2574","targetHints":{"allow":["GET"]}}],"collection":[{"href":"https:\/\/biblian.is\/biblian\/wp-json\/wp\/v2\/pages"}],"about":[{"href":"https:\/\/biblian.is\/biblian\/wp-json\/wp\/v2\/types\/page"}],"author":[{"embeddable":true,"href":"https:\/\/biblian.is\/biblian\/wp-json\/wp\/v2\/users\/1"}],"replies":[{"embeddable":true,"href":"https:\/\/biblian.is\/biblian\/wp-json\/wp\/v2\/comments?post=2574"}],"version-history":[{"count":0,"href":"https:\/\/biblian.is\/biblian\/wp-json\/wp\/v2\/pages\/2574\/revisions"}],"wp:attachment":[{"href":"https:\/\/biblian.is\/biblian\/wp-json\/wp\/v2\/media?parent=2574"}],"curies":[{"name":"wp","href":"https:\/\/api.w.org\/{rel}","templated":true}]}}