{"id":2572,"date":"2017-12-30T21:03:44","date_gmt":"2017-12-30T21:03:44","guid":{"rendered":"http:\/\/biblian.is\/biblian\/matteusargu_spjall-26-kafli\/"},"modified":"2019-08-26T22:35:30","modified_gmt":"2019-08-26T22:35:30","slug":"matteusargudspjall-26-kafli","status":"publish","type":"page","link":"https:\/\/biblian.is\/biblian\/matteusargudspjall-26-kafli\/","title":{"rendered":"Matteusargu\u00f0spjall 26. kafli"},"content":{"rendered":"<h3 class=\"millifyrirsogn_2007\"> Me\u00f0 svikum<\/h3>\n<p><a name=\"1\"><span class=\"versanumer_2007\">1<\/span><\/a> \u00deegar Jes\u00fas haf\u00f0i loki\u00f0 \u00feessari r\u00e6\u00f0u sag\u00f0i hann vi\u00f0 l\u00e6risveina s\u00edna: <a name=\"2\"><span class=\"versanumer_2007\">2<\/span><\/a> \u201e\u00dei\u00f0 viti\u00f0 a\u00f0 eftir tvo daga eru p\u00e1skar. \u00de\u00e1 ver\u00f0ur Mannssonurinn framseldur til krossfestingar.\u201c <br \/> <a name=\"3\"><span class=\"versanumer_2007\">3<\/span><\/a> \u00c6\u00f0stu prestarnir og \u00f6ldungarnir s\u00f6fnu\u00f0ust n\u00fa saman \u00ed h\u00f6ll \u00e6\u00f0sta prestsins, er Ka\u00edfas h\u00e9t, <a name=\"4\"><span class=\"versanumer_2007\">4<\/span><\/a> og r\u00e9\u00f0u me\u00f0 s\u00e9r a\u00f0 handsama Jes\u00fa me\u00f0 svikum og taka hann af l\u00edfi. <a name=\"5\"><span class=\"versanumer_2007\">5<\/span><\/a> En \u00feeir s\u00f6g\u00f0u: \u201eEkki \u00e1 h\u00e1t\u00ed\u00f0inni, annars ver\u00f0ur upp\u00feot me\u00f0al f\u00f3lksins.\u201c <\/p>\n<h3 class=\"millifyrirsogn_2007\">Gott verk ger\u00f0i h\u00fan<\/h3>\n<p><a name=\"6\"><span class=\"versanumer_2007\">6<\/span><\/a> En Jes\u00fas var \u00ed Betan\u00edu, \u00ed h\u00fasi S\u00edmonar l\u00edk\u00fer\u00e1a. <a name=\"7\"><span class=\"versanumer_2007\">7<\/span><\/a> Kom \u00fe\u00e1 til hans kona og haf\u00f0i alabastursbu\u00f0k me\u00f0 d\u00fdrum smyrslum og hellti yfir h\u00f6fu\u00f0 honum \u00fear sem hann sat a\u00f0 bor\u00f0i. <a name=\"8\"><span class=\"versanumer_2007\">8<\/span><\/a> Vi\u00f0 \u00feessa sj\u00f3n ur\u00f0u l\u00e6risveinarnir gramir og s\u00f6g\u00f0u: \u201eTil hvers er \u00feessi s\u00f3un? <a name=\"9\"><span class=\"versanumer_2007\">9<\/span><\/a> \u00deetta hef\u00f0i m\u00e1tt selja d\u00fdru ver\u00f0i og gefa f\u00e1t\u00e6kum.\u201c <br \/> <a name=\"10\"><span class=\"versanumer_2007\">10<\/span><\/a> Jes\u00fas var\u00f0 \u00feess v\u00eds og sag\u00f0i vi\u00f0 \u00fe\u00e1: \u201eHva\u00f0 eru\u00f0 \u00fei\u00f0 a\u00f0 angra konuna? Gott verk ger\u00f0i h\u00fan m\u00e9r. <a name=\"11\"><span class=\"versanumer_2007\">11<\/span><\/a> F\u00e1t\u00e6ka hafi\u00f0 \u00fei\u00f0 jafnan hj\u00e1 ykkur en mig hafi\u00f0 \u00fei\u00f0 ekki \u00e1vallt. <a name=\"12\"><span class=\"versanumer_2007\">12<\/span><\/a> \u00deegar h\u00fan hellti \u00feessum smyrslum yfir l\u00edkama minn var h\u00fan a\u00f0 b\u00faa mig til greftrunar. <a name=\"13\"><span class=\"versanumer_2007\">13<\/span><\/a> Sannlega segi \u00e9g ykkur: Hvar um heim sem fagna\u00f0arerindi \u00feetta ver\u00f0ur flutt mun \u00feess geti\u00f0 sem h\u00fan ger\u00f0i og hennar minnst.\u201c <\/p>\n<h3 class=\"millifyrirsogn_2007\">\u00derj\u00e1t\u00edu silfurpeningar<\/h3>\n<p><a name=\"14\"><span class=\"versanumer_2007\">14<\/span><\/a> \u00de\u00e1 f\u00f3r einn \u00feeirra t\u00f3lf, J\u00fadas \u00cdskar\u00edot a\u00f0 nafni, til \u00e6\u00f0stu prestanna <a name=\"15\"><span class=\"versanumer_2007\">15<\/span><\/a> og sag\u00f0i: \u201eHva\u00f0 vilji\u00f0 \u00fei\u00f0 gefa m\u00e9r fyrir a\u00f0 framselja ykkur Jes\u00fa?\u201c En \u00feeir greiddu honum \u00ferj\u00e1t\u00edu silfurpeninga. <a name=\"16\"><span class=\"versanumer_2007\">16<\/span><\/a> Upp fr\u00e1 \u00feessu leita\u00f0i hann f\u00e6ris a\u00f0 framselja Jes\u00fa. <\/p>\n<h3 class=\"millifyrirsogn_2007\">B\u00fai\u00f0 til p\u00e1skam\u00e1lt\u00ed\u00f0ar<\/h3>\n<p><a name=\"17\"><span class=\"versanumer_2007\">17<\/span><\/a> \u00c1 fyrsta degi \u00f3s\u00fdr\u00f0u brau\u00f0anna komu l\u00e6risveinarnir til Jes\u00fa og s\u00f6g\u00f0u: \u201eHvar vilt \u00fe\u00fa a\u00f0 vi\u00f0 b\u00faum \u00fe\u00e9r p\u00e1skam\u00e1lt\u00ed\u00f0ina?\u201c <br \/> <a name=\"18\"><span class=\"versanumer_2007\">18<\/span><\/a> Hann m\u00e6lti: \u201eFari\u00f0 til \u00e1kve\u00f0ins manns \u00ed borginni og segi\u00f0 vi\u00f0 hann: Meistarinn segir: Minn t\u00edmi er \u00ed n\u00e1nd, hj\u00e1 \u00fe\u00e9r vil \u00e9g halda p\u00e1ska me\u00f0 l\u00e6risveinum m\u00ednum.\u201c <br \/> <a name=\"19\"><span class=\"versanumer_2007\">19<\/span><\/a> L\u00e6risveinarnir ger\u00f0u sem Jes\u00fas bau\u00f0 \u00feeim og bjuggu til p\u00e1skam\u00e1lt\u00ed\u00f0ar. <br \/> <a name=\"20\"><span class=\"versanumer_2007\">20<\/span><\/a> Um kv\u00f6ldi\u00f0 sat Jes\u00fas til bor\u00f0s me\u00f0 \u00feeim t\u00f3lf. <a name=\"21\"><span class=\"versanumer_2007\">21<\/span><\/a> Og er \u00feeir m\u00f6tu\u00f0ust sag\u00f0i hann: \u201eSannlega segi \u00e9g ykkur: Einn af ykkur mun sv\u00edkja mig.\u201c <br \/> <a name=\"22\"><span class=\"versanumer_2007\">22<\/span><\/a> \u00deeir ur\u00f0u mj\u00f6g hryggir og s\u00f6g\u00f0u vi\u00f0 hann, einn af \u00f6\u00f0rum: \u201eEr \u00fea\u00f0 \u00e9g, Drottinn?\u201c <br \/> <a name=\"23\"><span class=\"versanumer_2007\">23<\/span><\/a> Hann svara\u00f0i \u00feeim: \u201eS\u00e1 sem d\u00fdf\u00f0i brau\u00f0inu \u00ed fati\u00f0 me\u00f0 m\u00e9r mun sv\u00edkja mig. <a name=\"24\"><span class=\"versanumer_2007\">24<\/span><\/a> Mannssonurinn fer a\u00f0 s\u00f6nnu h\u00e9\u00f0an svo sem um hann er rita\u00f0 en vei \u00feeim manni sem \u00fev\u00ed veldur a\u00f0 Mannssonurinn ver\u00f0ur framseldur. Betra v\u00e6ri \u00feeim manni a\u00f0 hafa aldrei f\u00e6\u00f0st.\u201c <br \/> <a name=\"25\"><span class=\"versanumer_2007\">25<\/span><\/a> En J\u00fadas, sem sveik hann, sag\u00f0i: \u201eRabb\u00ed, er \u00fea\u00f0 \u00e9g?\u201c <br \/>Jes\u00fas svara\u00f0i: \u201e\u00dea\u00f0 eru \u00fe\u00edn or\u00f0.\u201c <\/p>\n<h3 class=\"millifyrirsogn_2007\">Heil\u00f6g kv\u00f6ldm\u00e1lt\u00ed\u00f0<\/h3>\n<p><a name=\"26\"><span class=\"versanumer_2007\">26<\/span><\/a> \u00de\u00e1 er \u00feeir m\u00f6tu\u00f0ust t\u00f3k Jes\u00fas brau\u00f0, ger\u00f0i \u00feakkir, braut \u00fea\u00f0 og gaf l\u00e6risveinunum og sag\u00f0i: \u201eTaki\u00f0 og eti\u00f0, \u00feetta er l\u00edkami minn.\u201c <br \/> <a name=\"27\"><span class=\"versanumer_2007\">27<\/span><\/a> Og hann t\u00f3k kaleik, ger\u00f0i \u00feakkir, gaf \u00feeim og sag\u00f0i: \u201eDrekki\u00f0 allir h\u00e9r af. <a name=\"28\"><span class=\"versanumer_2007\">28<\/span><\/a> \u00deetta er bl\u00f3\u00f0 mitt, bl\u00f3\u00f0 s\u00e1ttm\u00e1lans, \u00fathellt fyrir marga til fyrirgefningar synda. <a name=\"29\"><span class=\"versanumer_2007\">29<\/span><\/a> \u00c9g segi ykkur: H\u00e9\u00f0an \u00ed fr\u00e1 mun \u00e9g eigi drekka af \u00feessum v\u00ednvi\u00f0ar \u00e1vexti til \u00feess dags er \u00e9g drekk hann n\u00fdjan me\u00f0 ykkur \u00ed r\u00edki f\u00f6\u00f0ur m\u00edns.\u201c <br \/> <a name=\"30\"><span class=\"versanumer_2007\">30<\/span><\/a> \u00deegar \u00feeir h\u00f6f\u00f0u sungi\u00f0 lofs\u00f6nginn f\u00f3ru \u00feeir til Ol\u00edufjallsins. <\/p>\n<h3 class=\"millifyrirsogn_2007\">Afneitun s\u00f6g\u00f0 fyrir<\/h3>\n<p><a name=\"31\"><span class=\"versanumer_2007\">31<\/span><\/a> \u00de\u00e1 segir Jes\u00fas vi\u00f0 \u00fe\u00e1: \u201e\u00c1 \u00feessari n\u00f3ttu munu\u00f0 \u00fei\u00f0 allir hafna m\u00e9r \u00fev\u00ed a\u00f0 rita\u00f0 er: \u00c9g mun sl\u00e1 hir\u00f0inn og sau\u00f0ir hjar\u00f0arinnar munu tv\u00edstrast. <a name=\"32\"><span class=\"versanumer_2007\">32<\/span><\/a> En eftir a\u00f0 \u00e9g er upp risinn mun \u00e9g fara \u00e1 undan ykkur til Gal\u00edleu.\u201c <br \/> <a name=\"33\"><span class=\"versanumer_2007\">33<\/span><\/a> \u00de\u00e1 segir P\u00e9tur: \u201e\u00de\u00f3tt allir hafni \u00fe\u00e9r skal \u00e9g aldrei hafna \u00fe\u00e9r.\u201c <br \/> <a name=\"34\"><span class=\"versanumer_2007\">34<\/span><\/a> Jes\u00fas sag\u00f0i vi\u00f0 hann: \u201eSannlega segi \u00e9g \u00fe\u00e9r: \u00c1 \u00feessari n\u00f3ttu, \u00e1\u00f0ur en hani galar, muntu \u00ferisvar afneita m\u00e9r.\u201c <br \/> <a name=\"35\"><span class=\"versanumer_2007\">35<\/span><\/a> P\u00e9tur svarar: \u201e\u00de\u00f3tt \u00e9g \u00e6tti a\u00f0 deyja me\u00f0 \u00fe\u00e9r \u00fe\u00e1 mun \u00e9g aldrei afneita \u00fe\u00e9r.\u201c <br \/>Eins t\u00f6lu\u00f0u allir l\u00e6risveinarnir. <\/p>\n<h3 class=\"millifyrirsogn_2007\">\u00cd Getsemane<\/h3>\n<p><a name=\"36\"><span class=\"versanumer_2007\">36<\/span><\/a> \u00de\u00e1 kemur Jes\u00fas me\u00f0 \u00feeim \u00ed gar\u00f0 er heitir Getsemane og hann segir vi\u00f0 l\u00e6risveinana: \u201eSetjist h\u00e9r me\u00f0an \u00e9g fer og bi\u00f0st fyrir \u00fearna.\u201c <a name=\"37\"><span class=\"versanumer_2007\">37<\/span><\/a> Hann t\u00f3k me\u00f0 s\u00e9r \u00fe\u00e1 P\u00e9tur og b\u00e1\u00f0a sonu Sebedeusar. Og n\u00fa setti a\u00f0 honum hrygg\u00f0 og angist. <a name=\"38\"><span class=\"versanumer_2007\">38<\/span><\/a> Hann segir vi\u00f0 \u00fe\u00e1: \u201eS\u00e1l m\u00edn er hrygg allt til dau\u00f0a. B\u00ed\u00f0i\u00f0 h\u00e9r og vaki\u00f0 me\u00f0 m\u00e9r.\u201c <br \/> <a name=\"39\"><span class=\"versanumer_2007\">39<\/span><\/a> \u00de\u00e1 gekk Jes\u00fas l\u00edti\u00f0 eitt lengra, f\u00e9ll fram \u00e1 \u00e1sj\u00f3nu s\u00edna, ba\u00f0st fyrir og sag\u00f0i: \u201eFa\u00f0ir minn, ef ver\u00f0a m\u00e1 \u00fe\u00e1 fari \u00feessi kaleikur fram hj\u00e1 m\u00e9r. \u00de\u00f3 ekki sem \u00e9g vil heldur sem \u00fe\u00fa vilt.\u201c <br \/> <a name=\"40\"><span class=\"versanumer_2007\">40<\/span><\/a> Jes\u00fas kom aftur til l\u00e6risveinanna og fann \u00fe\u00e1 sofandi. \u00de\u00e1 sag\u00f0i hann vi\u00f0 P\u00e9tur: \u201e\u00dei\u00f0 g\u00e1tu\u00f0 \u00fe\u00e1 ekki vaka\u00f0 me\u00f0 m\u00e9r eina stund? <a name=\"41\"><span class=\"versanumer_2007\">41<\/span><\/a> Vaki\u00f0 og bi\u00f0ji\u00f0 svo a\u00f0 \u00fei\u00f0 falli\u00f0 ekki \u00ed freistni. Andinn er rei\u00f0ub\u00fainn en holdi\u00f0 veikt.\u201c <br \/> <a name=\"42\"><span class=\"versanumer_2007\">42<\/span><\/a> Aftur v\u00e9k hann brott anna\u00f0 sinn og ba\u00f0: \u201eFa\u00f0ir minn, ef eigi ver\u00f0ur hj\u00e1 \u00fev\u00ed komist a\u00f0 \u00e9g drekki \u00feennan kaleik, \u00fe\u00e1 ver\u00f0i \u00feinn vilji.\u201c <a name=\"43\"><span class=\"versanumer_2007\">43<\/span><\/a> \u00deegar hann kom aftur fann hann \u00fe\u00e1 enn sofandi \u00fev\u00ed \u00feeir g\u00e1tu ekki haldi\u00f0 augunum opnum. <br \/> <a name=\"44\"><span class=\"versanumer_2007\">44<\/span><\/a> \u00de\u00e1 f\u00f3r hann enn fr\u00e1 \u00feeim og ba\u00f0st fyrir \u00feri\u00f0ja sinn me\u00f0 s\u00f6mu or\u00f0um og fyrr. <a name=\"45\"><span class=\"versanumer_2007\">45<\/span><\/a> Og hann kom til l\u00e6risveinanna og sag\u00f0i vi\u00f0 \u00fe\u00e1: \u201eSofi\u00f0 \u00fei\u00f0 enn og hv\u00edlist? Stundin er komin og Mannssonurinn er framseldur \u00ed hendur syndugra manna. <a name=\"46\"><span class=\"versanumer_2007\">46<\/span><\/a> Standi\u00f0 upp, f\u00f6rum! \u00cd n\u00e1nd er s\u00e1 er mig sv\u00edkur.\u201c <\/p>\n<h3 class=\"millifyrirsogn_2007\">Tekinn h\u00f6ndum<\/h3>\n<p><a name=\"47\"><span class=\"versanumer_2007\">47<\/span><\/a> Me\u00f0an Jes\u00fas var enn a\u00f0 tala kom J\u00fadas, einn \u00feeirra t\u00f3lf, og me\u00f0 honum mikill flokkur fr\u00e1 \u00e6\u00f0stu prestunum og \u00f6ldungunum og h\u00f6f\u00f0u \u00feeir sver\u00f0 og barefli. <a name=\"48\"><span class=\"versanumer_2007\">48<\/span><\/a> Svikarinn haf\u00f0i sagt \u00feeim \u00feetta til marks: \u201eS\u00e1 sem \u00e9g kyssi, \u00fea\u00f0 er hann. Taki\u00f0 hann h\u00f6ndum.\u201c <br \/> <a name=\"49\"><span class=\"versanumer_2007\">49<\/span><\/a> Hann gekk beint a\u00f0 Jes\u00fa og sag\u00f0i: \u201eHeill, rabb\u00ed!\u201c og kyssti hann. <br \/> <a name=\"50\"><span class=\"versanumer_2007\">50<\/span><\/a> Jes\u00fas sag\u00f0i vi\u00f0 hann: \u201eVinur, hv\u00ed ertu h\u00e9r?\u201c <br \/>\u00de\u00e1 komu hinir, l\u00f6g\u00f0u hendur \u00e1 Jes\u00fa og t\u00f3ku hann fastan. <a name=\"51\"><span class=\"versanumer_2007\">51<\/span><\/a> Einn \u00feeirra sem me\u00f0 Jes\u00fa voru greip til sver\u00f0s og br\u00e1 \u00fev\u00ed, hj\u00f3 til \u00fej\u00f3ns \u00e6\u00f0sta prestsins og snei\u00f0 af honum eyra\u00f0. <a name=\"52\"><span class=\"versanumer_2007\">52<\/span><\/a> Jes\u00fas sag\u00f0i vi\u00f0 hann: \u201eSl\u00ed\u00f0ra sver\u00f0 \u00feitt! Allir sem sver\u00f0i breg\u00f0a munu fyrir sver\u00f0i falla. <a name=\"53\"><span class=\"versanumer_2007\">53<\/span><\/a> Hyggur \u00fe\u00fa a\u00f0 \u00e9g geti ekki be\u00f0i\u00f0 f\u00f6\u00f0ur minn a\u00f0 senda m\u00e9r n\u00fa meira en t\u00f3lf sveitir engla? <a name=\"54\"><span class=\"versanumer_2007\">54<\/span><\/a> Hvernig \u00e6ttu \u00fe\u00e1 ritningarnar a\u00f0 r\u00e6tast sem segja a\u00f0 \u00feetta eigi svo a\u00f0 ver\u00f0a?\u201c <br \/> <a name=\"55\"><span class=\"versanumer_2007\">55<\/span><\/a> \u00de\u00e1 sag\u00f0i Jes\u00fas vi\u00f0 flokkinn: \u201eEru\u00f0 \u00fei\u00f0 a\u00f0 fara a\u00f0 m\u00e9r me\u00f0 sver\u00f0um og bareflum eins og gegn r\u00e6ningja til a\u00f0 handtaka mig? Daglega sat \u00e9g \u00ed helgid\u00f3minum og kenndi og \u00fei\u00f0 t\u00f3ku\u00f0 mig ekki h\u00f6ndum. <a name=\"56\"><span class=\"versanumer_2007\">56<\/span><\/a> En allt ver\u00f0ur \u00feetta til \u00feess a\u00f0 ritningar sp\u00e1mannanna r\u00e6tist.\u201c <br \/>\u00de\u00e1 yfirg\u00e1fu allir l\u00e6risveinarnir Jes\u00fa og fl\u00fd\u00f0u. <\/p>\n<h3 class=\"millifyrirsogn_2007\">Fyrir r\u00e1\u00f0inu<\/h3>\n<p><a name=\"57\"><span class=\"versanumer_2007\">57<\/span><\/a> \u00deeir sem t\u00f3ku Jes\u00fa h\u00f6ndum f\u00e6r\u00f0u hann til Ka\u00edfasar \u00e6\u00f0sta prests en \u00fear voru saman komnir fr\u00e6\u00f0imennirnir og \u00f6ldungarnir. <a name=\"58\"><span class=\"versanumer_2007\">58<\/span><\/a> P\u00e9tur fylgdi honum \u00e1lengdar, allt a\u00f0 gar\u00f0i \u00e6\u00f0sta prestsins. \u00dear gekk hann inn og settist hj\u00e1 \u00fej\u00f3nunum til a\u00f0 sj\u00e1 hver yr\u00f0i endir \u00e1. <a name=\"59\"><span class=\"versanumer_2007\">59<\/span><\/a> \u00c6\u00f0stu prestarnir og allt r\u00e1\u00f0i\u00f0 leitu\u00f0u lj\u00fagvitnis gegn Jes\u00fa til a\u00f0 geta l\u00edfl\u00e1ti\u00f0 hann <a name=\"60\"><span class=\"versanumer_2007\">60<\/span><\/a> en fundu ekkert \u00fe\u00f3tt margir lj\u00fagvottar k\u00e6mu. Loks komu tveir <a name=\"61\"><span class=\"versanumer_2007\">61<\/span><\/a> og s\u00f6g\u00f0u: \u201e\u00deessi ma\u00f0ur sag\u00f0i: \u00c9g get broti\u00f0 ni\u00f0ur musteri Gu\u00f0s og reist \u00fea\u00f0 aftur \u00e1 \u00ferem d\u00f6gum.\u201c <br \/> <a name=\"62\"><span class=\"versanumer_2007\">62<\/span><\/a> \u00de\u00e1 st\u00f3\u00f0 \u00e6\u00f0sti presturinn upp og sag\u00f0i: \u201eSvarar \u00fe\u00fa \u00fev\u00ed engu sem \u00feessir vitna gegn \u00fe\u00e9r?\u201c <a name=\"63\"><span class=\"versanumer_2007\">63<\/span><\/a> En Jes\u00fas \u00feag\u00f0i. \u00de\u00e1 sag\u00f0i \u00e6\u00f0sti presturinn vi\u00f0 hann: \u201e\u00c9g s\u00e6ri \u00feig vi\u00f0 lifanda Gu\u00f0, seg\u00f0u okkur: Ertu Kristur, sonur Gu\u00f0s?\u201c <br \/> <a name=\"64\"><span class=\"versanumer_2007\">64<\/span><\/a> Jes\u00fas svarar honum: \u201e\u00dea\u00f0 voru \u00fe\u00edn or\u00f0. En \u00e9g segi ykkur: Upp fr\u00e1 \u00feessu munu\u00f0 \u00fei\u00f0 sj\u00e1 Mannssoninn sitja til h\u00e6gri handar Hinum alm\u00e1ttuga og koma \u00e1 sk\u00fdjum himins.\u201c <br \/> <a name=\"65\"><span class=\"versanumer_2007\">65<\/span><\/a> \u00de\u00e1 reif \u00e6\u00f0sti presturinn kl\u00e6\u00f0i s\u00edn og sag\u00f0i: \u201eHann gu\u00f0lastar, hva\u00f0 \u00feurfum vi\u00f0 n\u00fa framar votta vi\u00f0? \u00dei\u00f0 heyr\u00f0u\u00f0 gu\u00f0lasti\u00f0. <a name=\"66\"><span class=\"versanumer_2007\">66<\/span><\/a> Hva\u00f0 l\u00edst ykkur?\u201c <br \/>\u00deeir sv\u00f6ru\u00f0u: \u201eHann er dau\u00f0asekur.\u201c <br \/> <a name=\"67\"><span class=\"versanumer_2007\">67<\/span><\/a> Og \u00feeir hr\u00e6ktu \u00ed andlit honum og sl\u00f3gu hann me\u00f0 hnefunum en a\u00f0rir b\u00f6r\u00f0u hann me\u00f0 st\u00f6fum <a name=\"68\"><span class=\"versanumer_2007\">68<\/span><\/a> og s\u00f6g\u00f0u: \u201e\u00de\u00fa ert sp\u00e1ma\u00f0ur, Kristur. Hver sl\u00f3 \u00feig?\u201c <\/p>\n<h3 class=\"millifyrirsogn_2007\">P\u00e9tur afneitar<\/h3>\n<p><a name=\"69\"><span class=\"versanumer_2007\">69<\/span><\/a> En P\u00e9tur sat \u00fati \u00ed gar\u00f0inum. \u00dear kom a\u00f0 honum \u00feerna ein og sag\u00f0i: \u201e\u00de\u00fa varst l\u00edka me\u00f0 Jes\u00fa fr\u00e1 Gal\u00edleu.\u201c <br \/> <a name=\"70\"><span class=\"versanumer_2007\">70<\/span><\/a> \u00dev\u00ed neita\u00f0i hann svo allir heyr\u00f0u og sag\u00f0i: \u201eEkki veit \u00e9g hva\u00f0 \u00fe\u00fa ert a\u00f0 fara.\u201c <a name=\"71\"><span class=\"versanumer_2007\">71<\/span><\/a> Hann gekk \u00fat \u00ed fordyri\u00f0. \u00dear s\u00e1 hann \u00f6nnur \u00feerna og sag\u00f0i vi\u00f0 \u00fe\u00e1 sem \u00fear voru: \u201e\u00deessi var me\u00f0 Jes\u00fa fr\u00e1 Nasaret.\u201c <br \/> <a name=\"72\"><span class=\"versanumer_2007\">72<\/span><\/a> En hann neita\u00f0i sem \u00e1\u00f0ur og s\u00f3r \u00feess ei\u00f0 a\u00f0 hann \u00feekkti ekki \u00feann mann. <br \/> <a name=\"73\"><span class=\"versanumer_2007\">73<\/span><\/a> Litlu s\u00ed\u00f0ar komu \u00feeir er \u00fear st\u00f3\u00f0u og s\u00f6g\u00f0u vi\u00f0 P\u00e9tur: \u201eV\u00edst ertu l\u00edka einn af \u00feeim enda segir m\u00e1lf\u00e6ri \u00feitt til \u00fe\u00edn.\u201c <br \/> <a name=\"74\"><span class=\"versanumer_2007\">74<\/span><\/a> En hann s\u00f3r og s\u00e1rt vi\u00f0 lag\u00f0i a\u00f0 hann \u00feekkti ekki manninn. Um lei\u00f0 g\u00f3l hani. <a name=\"75\"><span class=\"versanumer_2007\">75<\/span><\/a> Og P\u00e9tur minntist \u00feess er Jes\u00fas haf\u00f0i m\u00e6lt: \u201e\u00c1\u00f0ur en hani galar muntu \u00ferisvar afneita m\u00e9r.\u201c Og hann gekk \u00fat og gr\u00e9t beisklega. <\/p>\n","protected":false},"excerpt":{"rendered":"<p>Me\u00f0 svikum 1 \u00deegar Jes\u00fas haf\u00f0i loki\u00f0 \u00feessari r\u00e6\u00f0u sag\u00f0i hann vi\u00f0 l\u00e6risveina s\u00edna: 2 \u201e\u00dei\u00f0 viti\u00f0 a\u00f0 eftir tvo daga eru p\u00e1skar. \u00de\u00e1 ver\u00f0ur Mannssonurinn framseldur til krossfestingar.\u201c 3 \u00c6\u00f0stu prestarnir og \u00f6ldungarnir s\u00f6fnu\u00f0ust n\u00fa saman \u00ed h\u00f6ll \u00e6\u00f0sta prestsins, er Ka\u00edfas h\u00e9t, 4 og r\u00e9\u00f0u me\u00f0 s\u00e9r a\u00f0 handsama Jes\u00fa me\u00f0 svikum og taka hann af l\u00edfi. 5 En \u00feeir s\u00f6g\u00f0u: \u201eEkki \u00e1 h\u00e1t\u00ed\u00f0inni, annars ver\u00f0ur upp\u00feot me\u00f0al f\u00f3lksins.\u201c Gott verk ger\u00f0i h\u00fan 6 En Jes\u00fas var \u00ed Betan\u00edu, \u00ed h\u00fasi S\u00edmonar l\u00edk\u00fer\u00e1a. 7 Kom \u00fe\u00e1 til hans kona og haf\u00f0i alabastursbu\u00f0k me\u00f0 d\u00fdrum smyrslum og hellti yfir <a href=\"https:\/\/biblian.is\/biblian\/matteusargudspjall-26-kafli\/\"> [&#8230;]<\/a><\/p>\n","protected":false},"author":1,"featured_media":0,"parent":0,"menu_order":0,"comment_status":"open","ping_status":"open","template":"bibliukaflar_NT.php","meta":{"footnotes":""},"class_list":["post-2572","page","type-page","status-publish","hentry"],"_links":{"self":[{"href":"https:\/\/biblian.is\/biblian\/wp-json\/wp\/v2\/pages\/2572","targetHints":{"allow":["GET"]}}],"collection":[{"href":"https:\/\/biblian.is\/biblian\/wp-json\/wp\/v2\/pages"}],"about":[{"href":"https:\/\/biblian.is\/biblian\/wp-json\/wp\/v2\/types\/page"}],"author":[{"embeddable":true,"href":"https:\/\/biblian.is\/biblian\/wp-json\/wp\/v2\/users\/1"}],"replies":[{"embeddable":true,"href":"https:\/\/biblian.is\/biblian\/wp-json\/wp\/v2\/comments?post=2572"}],"version-history":[{"count":0,"href":"https:\/\/biblian.is\/biblian\/wp-json\/wp\/v2\/pages\/2572\/revisions"}],"wp:attachment":[{"href":"https:\/\/biblian.is\/biblian\/wp-json\/wp\/v2\/media?parent=2572"}],"curies":[{"name":"wp","href":"https:\/\/api.w.org\/{rel}","templated":true}]}}