{"id":2570,"date":"2017-12-30T21:03:44","date_gmt":"2017-12-30T21:03:44","guid":{"rendered":"http:\/\/biblian.is\/biblian\/matteusargu_spjall-24-kafli\/"},"modified":"2019-08-26T22:35:29","modified_gmt":"2019-08-26T22:35:29","slug":"matteusargudspjall-24-kafli","status":"publish","type":"page","link":"https:\/\/biblian.is\/biblian\/matteusargudspjall-24-kafli\/","title":{"rendered":"Matteusargu\u00f0spjall 24. kafli"},"content":{"rendered":"<h3 class=\"millifyrirsogn_2007\"> Skelfist ekki<\/h3>\n<p><a name=\"1\"><span class=\"versanumer_2007\">1<\/span><\/a> Jes\u00fas gekk \u00fat \u00far helgid\u00f3minum og h\u00e9lt brott. \u00de\u00e1 komu l\u00e6risveinar hans og vildu s\u00fdna honum byggingar helgid\u00f3msins. <a name=\"2\"><span class=\"versanumer_2007\">2<\/span><\/a> Hann sag\u00f0i vi\u00f0 \u00fe\u00e1: \u201eSj\u00e1i\u00f0 \u00fei\u00f0 allt \u00feetta? Sannlega segi \u00e9g ykkur, h\u00e9r ver\u00f0ur ekki steinn yfir steini, allt ver\u00f0ur lagt \u00ed r\u00fast.\u201c <br \/> <a name=\"3\"><span class=\"versanumer_2007\">3<\/span><\/a> \u00de\u00e1 er Jes\u00fas sat \u00e1 Ol\u00edufjallinu gengu l\u00e6risveinarnir til hans og spur\u00f0u hann einslega: \u201eSeg \u00fe\u00fa okkur, hven\u00e6r ver\u00f0ur \u00feetta? Hvernig sj\u00e1um vi\u00f0 a\u00f0 \u00fe\u00fa s\u00e9rt a\u00f0 koma og ver\u00f6ldin a\u00f0 l\u00ed\u00f0a undir lok?\u201c <br \/> <a name=\"4\"><span class=\"versanumer_2007\">4<\/span><\/a> Jes\u00fas svara\u00f0i \u00feeim: \u201eVarist a\u00f0 l\u00e1ta nokkurn lei\u00f0a y\u00f0ur \u00ed villu. <a name=\"5\"><span class=\"versanumer_2007\">5<\/span><\/a> Margir munu koma \u00ed m\u00ednu nafni og segja: \u00c9g er Kristur! og marga munu \u00feeir lei\u00f0a \u00ed villu. <a name=\"6\"><span class=\"versanumer_2007\">6<\/span><\/a> \u00de\u00e9r munu\u00f0 spyrja herna\u00f0 og \u00f3fri\u00f0art\u00ed\u00f0indi. G\u00e6ti\u00f0 \u00feess a\u00f0 skelfast ekki. \u00deetta \u00e1 a\u00f0 ver\u00f0a en endirinn er ekki \u00fear me\u00f0 kominn. <a name=\"7\"><span class=\"versanumer_2007\">7<\/span><\/a> \u00dej\u00f3\u00f0 mun r\u00edsa gegn \u00fej\u00f3\u00f0 og r\u00edki gegn r\u00edki, \u00fe\u00e1 ver\u00f0ur hungur og landskj\u00e1lftar \u00e1 \u00fdmsum st\u00f6\u00f0um. <a name=\"8\"><span class=\"versanumer_2007\">8<\/span><\/a> Allt \u00feetta er upphaf f\u00e6\u00f0ingarhr\u00ed\u00f0anna. <br \/> <a name=\"9\"><span class=\"versanumer_2007\">9<\/span><\/a> \u00de\u00e1 munu menn framselja y\u00f0ur, p\u00edna og taka af l\u00edfi og allar \u00fej\u00f3\u00f0ir munu hata y\u00f0ur vegna nafns m\u00edns. <a name=\"10\"><span class=\"versanumer_2007\">10<\/span><\/a> Margir munu \u00fe\u00e1 falla fr\u00e1 og framselja hver annan og hata. <a name=\"11\"><span class=\"versanumer_2007\">11<\/span><\/a> Fram munu koma margir falssp\u00e1menn og lei\u00f0a marga \u00ed villu. <a name=\"12\"><span class=\"versanumer_2007\">12<\/span><\/a> Og vegna \u00feess a\u00f0 l\u00f6gleysi magnast mun k\u00e6rleikur flestra k\u00f3lna. <a name=\"13\"><span class=\"versanumer_2007\">13<\/span><\/a> En s\u00e1 sem sta\u00f0fastur er allt til enda ver\u00f0ur h\u00f3lpinn. <a name=\"14\"><span class=\"versanumer_2007\">14<\/span><\/a> Fagna\u00f0arerindi\u00f0 um r\u00edki\u00f0 ver\u00f0ur pr\u00e9dika\u00f0 um alla heimsbygg\u00f0ina til \u00feess a\u00f0 allar \u00fej\u00f3\u00f0ir f\u00e1i a\u00f0 heyra \u00fea\u00f0. Og \u00fe\u00e1 mun endirinn koma. <\/p>\n<h3 class=\"millifyrirsogn_2007\">Tr\u00fai\u00f0 \u00fev\u00ed ekki<\/h3>\n<p><a name=\"15\"><span class=\"versanumer_2007\">15<\/span><\/a> &#8222;\u00deegar \u00fe\u00e9r sj\u00e1i\u00f0 vi\u00f0urstygg\u00f0 ey\u00f0ileggingarinnar, sem Dan\u00edel sp\u00e1ma\u00f0ur talar um, standa \u00e1 helgum sta\u00f0\u201c \u2013 lesandinn athugi \u00fea\u00f0 \u2013 <a name=\"16\"><span class=\"versanumer_2007\">16<\/span><\/a> \u201e\u00fe\u00e1 fl\u00fdi \u00feeir sem \u00ed J\u00fadeu eru til fjalla. <a name=\"17\"><span class=\"versanumer_2007\">17<\/span><\/a> S\u00e1 sem er uppi \u00e1 \u00feaki fari ekki ofan a\u00f0 s\u00e6kja neitt \u00ed h\u00fas sitt. <a name=\"18\"><span class=\"versanumer_2007\">18<\/span><\/a> Og s\u00e1 sem er \u00e1 akri skal ekki hverfa aftur a\u00f0 taka yfirh\u00f6fn s\u00edna. <a name=\"19\"><span class=\"versanumer_2007\">19<\/span><\/a> Vei \u00feeim sem \u00feunga\u00f0ar eru e\u00f0a b\u00f6rn hafa \u00e1 brj\u00f3sti \u00e1 \u00feeim d\u00f6gum. <a name=\"20\"><span class=\"versanumer_2007\">20<\/span><\/a> Bi\u00f0ji\u00f0 a\u00f0 fl\u00f3tti y\u00f0ar ver\u00f0i ekki um vetur e\u00f0a \u00e1 hv\u00edldardegi. <a name=\"21\"><span class=\"versanumer_2007\">21<\/span><\/a> \u00de\u00e1 ver\u00f0ur s\u00fa mikla \u00ferenging sem engin hefur \u00fev\u00edl\u00edk veri\u00f0 fr\u00e1 upphafi heims allt til \u00feessa og ver\u00f0ur aldrei framar. <a name=\"22\"><span class=\"versanumer_2007\">22<\/span><\/a> Ef dagar \u00feessir hef\u00f0u ekki veri\u00f0 styttir k\u00e6mist enginn ma\u00f0ur af. En vegna hinna \u00fatv\u00f6ldu ver\u00f0a \u00feeir dagar styttir. <br \/> <a name=\"23\"><span class=\"versanumer_2007\">23<\/span><\/a> Ef einhver segir \u00fe\u00e1 vi\u00f0 y\u00f0ur: H\u00e9r er Kristur, e\u00f0a: \u00dear, \u00fe\u00e1 tr\u00fai\u00f0 \u00fev\u00ed ekki. <a name=\"24\"><span class=\"versanumer_2007\">24<\/span><\/a> \u00dev\u00ed a\u00f0 fram munu koma falskristar og falssp\u00e1menn og \u00feeir munu gera st\u00f3r t\u00e1kn og undur svo a\u00f0 \u00feeir g\u00e6tu leitt hin \u00fatv\u00f6ldu afvega ef \u00fea\u00f0 er unnt. <a name=\"25\"><span class=\"versanumer_2007\">25<\/span><\/a> Athugi\u00f0 a\u00f0 \u00e9g hef sagt y\u00f0ur \u00fea\u00f0 fyrir. <br \/> <a name=\"26\"><span class=\"versanumer_2007\">26<\/span><\/a> Ef menn segja vi\u00f0 y\u00f0ur: Hann er \u00ed \u00f3bygg\u00f0um, \u00fe\u00e1 fari\u00f0 ekki \u00feanga\u00f0. Ef \u00feeir segja: Hann er \u00ed leynum, \u00fe\u00e1 tr\u00fai\u00f0 \u00fev\u00ed ekki. <a name=\"27\"><span class=\"versanumer_2007\">27<\/span><\/a> Mannssonurinn kemur eins og elding sem leiftrar fr\u00e1 austri til vesturs. <br \/> <a name=\"28\"><span class=\"versanumer_2007\">28<\/span><\/a> \u00dear munu ernirnir safnast sem hr\u00e6i\u00f0 er. <\/p>\n<h3 class=\"millifyrirsogn_2007\">Mannssonurinn kemur<\/h3>\n<p><a name=\"29\"><span class=\"versanumer_2007\">29<\/span><\/a> En \u00feegar eftir \u00ferengingu \u00feessara daga mun s\u00f3lin sortna og tungli\u00f0 h\u00e6tta a\u00f0 sk\u00edna. Stj\u00f6rnurnar munu hrapa af himni og festingin mun ri\u00f0last. <a name=\"30\"><span class=\"versanumer_2007\">30<\/span><\/a> \u00de\u00e1 mun t\u00e1kn Mannssonarins birtast \u00e1 himni og allar kynkv\u00edslir jar\u00f0ar hefja kveinstafi. Og menn munu sj\u00e1 Mannssoninn koma \u00e1 sk\u00fdjum himins me\u00f0 m\u00e6tti og mikilli d\u00fdr\u00f0. <a name=\"31\"><span class=\"versanumer_2007\">31<\/span><\/a> Hann mun senda \u00fat engla s\u00edna me\u00f0 hvellum l\u00fa\u00f0ri og \u00feeir munu safna hans \u00fatv\u00f6ldu \u00far \u00e1ttunum fj\u00f3rum, himinskauta milli. <\/p>\n<h3 class=\"millifyrirsogn_2007\">Sumar \u00ed n\u00e1nd<\/h3>\n<p><a name=\"32\"><span class=\"versanumer_2007\">32<\/span><\/a> Nemi\u00f0 l\u00edkingu af f\u00edkjutr\u00e9nu. \u00deegar greinar \u00feess fara a\u00f0 m\u00fdkjast og laufi\u00f0 a\u00f0 springa \u00fat, \u00fe\u00e1 viti\u00f0 \u00fe\u00e9r a\u00f0 sumar er \u00ed n\u00e1nd. <a name=\"33\"><span class=\"versanumer_2007\">33<\/span><\/a> Eins skulu\u00f0 \u00fe\u00e9r vita, \u00feegar \u00fe\u00e9r sj\u00e1i\u00f0 allt \u00feetta, a\u00f0 hann er \u00ed n\u00e1nd, fyrir dyrum. <a name=\"34\"><span class=\"versanumer_2007\">34<\/span><\/a> Sannlega segi \u00e9g y\u00f0ur: \u00deessi kynsl\u00f3\u00f0 mun ekki l\u00ed\u00f0a undir lok uns allt \u00feetta er komi\u00f0 fram. <a name=\"35\"><span class=\"versanumer_2007\">35<\/span><\/a> Himinn og j\u00f6r\u00f0 munu l\u00ed\u00f0a undir lok en or\u00f0 m\u00edn munu aldrei undir lok l\u00ed\u00f0a. <\/p>\n<h3 class=\"millifyrirsogn_2007\">Vaki\u00f0 \u00fev\u00ed<\/h3>\n<p><a name=\"36\"><span class=\"versanumer_2007\">36<\/span><\/a> En \u00feann dag og stund veit enginn, hvorki englar \u00e1 himnum n\u00e9 sonurinn,<span class=\"nedan_mal\" title=\" Or\u00f0in \u201en\u00e9 sonurinn\u201c vantar \u00ed sum handrit.\">[<\/span> enginn nema fa\u00f0irinn einn. <a name=\"37\"><span class=\"versanumer_2007\">37<\/span><\/a> Eins og var \u00e1 d\u00f6gum N\u00f3a, svo mun ver\u00f0a vi\u00f0 komu Mannssonarins. <a name=\"38\"><span class=\"versanumer_2007\">38<\/span><\/a> Dagana fyrir fl\u00f3\u00f0i\u00f0 \u00e1tu menn og drukku, kv\u00e6ntust og giftust allt til \u00feess dags er N\u00f3i gekk \u00ed \u00f6rkina. <a name=\"39\"><span class=\"versanumer_2007\">39<\/span><\/a> Og \u00feeir vissu ekki fyrr en fl\u00f3\u00f0i\u00f0 kom og hreif \u00fe\u00e1 alla burt. Eins ver\u00f0ur vi\u00f0 komu Mannssonarins. <a name=\"40\"><span class=\"versanumer_2007\">40<\/span><\/a> \u00de\u00e1 ver\u00f0a tveir \u00e1 akri, annar mun tekinn, hinn eftir skilinn. <a name=\"41\"><span class=\"versanumer_2007\">41<\/span><\/a> Tv\u00e6r munu mala \u00e1 kv\u00f6rn, \u00f6nnur ver\u00f0ur tekin, hin eftir skilin. <br \/> <a name=\"42\"><span class=\"versanumer_2007\">42<\/span><\/a> Vaki\u00f0 \u00fev\u00ed, \u00fe\u00e9r viti\u00f0 eigi hva\u00f0a dag Drottinn y\u00f0ar kemur. <a name=\"43\"><span class=\"versanumer_2007\">43<\/span><\/a> \u00dea\u00f0 skilji\u00f0 \u00fe\u00e9r a\u00f0 h\u00fasr\u00e1\u00f0andi vekti og l\u00e9ti ekki brj\u00f3tast inn \u00ed h\u00fas sitt ef hann vissi \u00e1 hva\u00f0a stundu n\u00e6tur \u00fej\u00f3furinn k\u00e6mi. <a name=\"44\"><span class=\"versanumer_2007\">44<\/span><\/a> Veri\u00f0 \u00fe\u00e9r og vi\u00f0b\u00fain \u00fev\u00ed a\u00f0 Mannssonurinn kemur \u00e1 \u00feeirri stundu sem \u00fe\u00e9r \u00e6tli\u00f0 eigi. <br \/> <a name=\"45\"><span class=\"versanumer_2007\">45<\/span><\/a> Hver er s\u00e1 tr\u00fai og hyggni \u00fej\u00f3nn sem h\u00fasb\u00f3ndinn hefur sett yfir hj\u00fa s\u00edn a\u00f0 gefa \u00feeim mat \u00e1 r\u00e9ttum t\u00edma? <a name=\"46\"><span class=\"versanumer_2007\">46<\/span><\/a> S\u00e6ll er s\u00e1 \u00fej\u00f3nn er h\u00fasb\u00f3ndinn finnur breyta svo er hann kemur. <a name=\"47\"><span class=\"versanumer_2007\">47<\/span><\/a> Sannlega segi \u00e9g y\u00f0ur: Hann mun setja hann yfir allar eigur s\u00ednar. <a name=\"48\"><span class=\"versanumer_2007\">48<\/span><\/a> En ef illur \u00fej\u00f3nn segir \u00ed hjarta s\u00ednu: H\u00fasb\u00f3nda m\u00ednum dvelst <a name=\"49\"><span class=\"versanumer_2007\">49<\/span><\/a> og hann tekur a\u00f0 berja sam\u00fej\u00f3na s\u00edna og eta og drekka me\u00f0 sv\u00f6llurum <a name=\"50\"><span class=\"versanumer_2007\">50<\/span><\/a> \u00fe\u00e1 mun h\u00fasb\u00f3ndi \u00feess \u00fej\u00f3ns koma \u00e1 \u00feeim degi sem hann v\u00e6ntir ekki, \u00e1 \u00feeirri stundu sem hann veit ekki, <a name=\"51\"><span class=\"versanumer_2007\">51<\/span><\/a> h\u00f6ggva hann og l\u00e1ta hann f\u00e1 hlut me\u00f0 hr\u00e6snurum. \u00dear ver\u00f0ur gr\u00e1tur og gn\u00edstran tanna.\u201c <\/p>\n","protected":false},"excerpt":{"rendered":"<p>Skelfist ekki 1 Jes\u00fas gekk \u00fat \u00far helgid\u00f3minum og h\u00e9lt brott. \u00de\u00e1 komu l\u00e6risveinar hans og vildu s\u00fdna honum byggingar helgid\u00f3msins. 2 Hann sag\u00f0i vi\u00f0 \u00fe\u00e1: \u201eSj\u00e1i\u00f0 \u00fei\u00f0 allt \u00feetta? Sannlega segi \u00e9g ykkur, h\u00e9r ver\u00f0ur ekki steinn yfir steini, allt ver\u00f0ur lagt \u00ed r\u00fast.\u201c 3 \u00de\u00e1 er Jes\u00fas sat \u00e1 Ol\u00edufjallinu gengu l\u00e6risveinarnir til hans og spur\u00f0u hann einslega: \u201eSeg \u00fe\u00fa okkur, hven\u00e6r ver\u00f0ur \u00feetta? Hvernig sj\u00e1um vi\u00f0 a\u00f0 \u00fe\u00fa s\u00e9rt a\u00f0 koma og ver\u00f6ldin a\u00f0 l\u00ed\u00f0a undir lok?\u201c 4 Jes\u00fas svara\u00f0i \u00feeim: \u201eVarist a\u00f0 l\u00e1ta nokkurn lei\u00f0a y\u00f0ur \u00ed villu. 5 Margir munu koma \u00ed m\u00ednu nafni og <a href=\"https:\/\/biblian.is\/biblian\/matteusargudspjall-24-kafli\/\"> [&#8230;]<\/a><\/p>\n","protected":false},"author":1,"featured_media":0,"parent":0,"menu_order":0,"comment_status":"open","ping_status":"open","template":"bibliukaflar_NT.php","meta":{"footnotes":""},"class_list":["post-2570","page","type-page","status-publish","hentry"],"_links":{"self":[{"href":"https:\/\/biblian.is\/biblian\/wp-json\/wp\/v2\/pages\/2570","targetHints":{"allow":["GET"]}}],"collection":[{"href":"https:\/\/biblian.is\/biblian\/wp-json\/wp\/v2\/pages"}],"about":[{"href":"https:\/\/biblian.is\/biblian\/wp-json\/wp\/v2\/types\/page"}],"author":[{"embeddable":true,"href":"https:\/\/biblian.is\/biblian\/wp-json\/wp\/v2\/users\/1"}],"replies":[{"embeddable":true,"href":"https:\/\/biblian.is\/biblian\/wp-json\/wp\/v2\/comments?post=2570"}],"version-history":[{"count":0,"href":"https:\/\/biblian.is\/biblian\/wp-json\/wp\/v2\/pages\/2570\/revisions"}],"wp:attachment":[{"href":"https:\/\/biblian.is\/biblian\/wp-json\/wp\/v2\/media?parent=2570"}],"curies":[{"name":"wp","href":"https:\/\/api.w.org\/{rel}","templated":true}]}}