{"id":2565,"date":"2017-12-30T21:03:44","date_gmt":"2017-12-30T21:03:44","guid":{"rendered":"http:\/\/biblian.is\/biblian\/matteusargu_spjall-19-kafli\/"},"modified":"2019-08-26T22:35:28","modified_gmt":"2019-08-26T22:35:28","slug":"matteusargudspjall-19-kafli","status":"publish","type":"page","link":"https:\/\/biblian.is\/biblian\/matteusargudspjall-19-kafli\/","title":{"rendered":"Matteusargu\u00f0spjall 19. kafli"},"content":{"rendered":"<h3 class=\"millifyrirsogn_2007\"> \u00dea\u00f0 sem Gu\u00f0 hefur tengt<\/h3>\n<p><a name=\"1\"><span class=\"versanumer_2007\">1<\/span><\/a> \u00deegar Jes\u00fas haf\u00f0i loki\u00f0 \u00feessum or\u00f0um f\u00f3r hann \u00far Gal\u00edleu og h\u00e9lt til bygg\u00f0a J\u00fadeu handan J\u00f3rdanar. <a name=\"2\"><span class=\"versanumer_2007\">2<\/span><\/a> Fj\u00f6ldi manna fylgdi honum og \u00fear l\u00e6kna\u00f0i hann \u00fe\u00e1. <br \/> <a name=\"3\"><span class=\"versanumer_2007\">3<\/span><\/a> \u00de\u00e1 komu far\u00edsear til Jes\u00fa og vildu reyna hann. \u00deeir spur\u00f0u: \u201eLeyfist manni a\u00f0 skilja vi\u00f0 konu s\u00edna fyrir hva\u00f0a s\u00f6k sem er?\u201c <br \/> <a name=\"4\"><span class=\"versanumer_2007\">4<\/span><\/a> Jes\u00fas svara\u00f0i: \u201eHafi\u00f0 \u00fei\u00f0 eigi lesi\u00f0 a\u00f0 skaparinn ger\u00f0i \u00feau fr\u00e1 upphafi karl og konu <a name=\"5\"><span class=\"versanumer_2007\">5<\/span><\/a> og sag\u00f0i: Fyrir \u00fev\u00ed skal ma\u00f0ur yfirgefa f\u00f6\u00f0ur og m\u00f3\u00f0ur og b\u00faa me\u00f0 konu sinni og \u00feau tv\u00f6 skulu ver\u00f0a einn ma\u00f0ur.<span class=\"nedan_mal\" title=\" Or\u00f0r\u00e9tt: eitt hold, sem \u00fe\u00fd\u00f0ir einn ma\u00f0ur, eind.\">[<\/span> <a name=\"6\"><span class=\"versanumer_2007\">6<\/span><\/a> \u00deannig eru \u00feau ekki framar tv\u00f6 heldur einn ma\u00f0ur. \u00dea\u00f0 sem Gu\u00f0 hefur tengt saman m\u00e1 eigi ma\u00f0urinn sundur skilja.\u201c <br \/> <a name=\"7\"><span class=\"versanumer_2007\">7<\/span><\/a> \u00deeir segja vi\u00f0 Jes\u00fa: \u201eHvers vegna bau\u00f0 M\u00f3se \u00fe\u00e1 a\u00f0 gefa konu skilna\u00f0arbr\u00e9f og skilja svo vi\u00f0 hana?\u201c <br \/> <a name=\"8\"><span class=\"versanumer_2007\">8<\/span><\/a> Hann svarar: \u201eM\u00f3se leyf\u00f0i ykkur a\u00f0 skilja vi\u00f0 konur ykkar vegna \u00fever\u00fa\u00f0ar ykkar en fr\u00e1 upphafi var \u00feetta eigi \u00feannig. <a name=\"9\"><span class=\"versanumer_2007\">9<\/span><\/a> \u00c9g segi ykkur: S\u00e1 sem skilur vi\u00f0 konu s\u00edna, nema sakir h\u00f3rd\u00f3ms, og kv\u00e6nist annarri dr\u00fdgir h\u00f3r.\u201c <br \/> <a name=\"10\"><span class=\"versanumer_2007\">10<\/span><\/a> \u00de\u00e1 s\u00f6g\u00f0u l\u00e6risveinar hans: \u201eFyrst svo er h\u00e1tta\u00f0 st\u00f6\u00f0u karls gagnvart konu, \u00fe\u00e1 er ekki v\u00e6nlegt a\u00f0 kv\u00e6nast.\u201c <br \/> <a name=\"11\"><span class=\"versanumer_2007\">11<\/span><\/a> Jes\u00fas svara\u00f0i \u00feeim: \u201e\u00dea\u00f0 er ekki \u00e1 allra f\u00e6ri a\u00f0 skilja \u00feennan bo\u00f0skap heldur \u00feeirra einna sem \u00fea\u00f0 er gefi\u00f0. <a name=\"12\"><span class=\"versanumer_2007\">12<\/span><\/a> Sumir eru vanh\u00e6fir til hj\u00faskapar fr\u00e1 m\u00f3\u00f0url\u00edfi, suma hafa menn gert vanh\u00e6fa, sumir hafa sj\u00e1lfir gert sig vanh\u00e6fa vegna himnar\u00edkis. S\u00e1 h\u00f6ndli sem h\u00f6ndla\u00f0 f\u00e6r.\u201c <\/p>\n<h3 class=\"millifyrirsogn_2007\">Leyfi\u00f0 b\u00f6rnunum<\/h3>\n<p><a name=\"13\"><span class=\"versanumer_2007\">13<\/span><\/a> \u00de\u00e1 f\u00e6r\u00f0u menn b\u00f6rn til Jes\u00fa a\u00f0 hann leg\u00f0i hendur yfir \u00feau og b\u00e6\u00f0i fyrir \u00feeim en l\u00e6risveinar hans \u00e1t\u00f6ldu \u00fe\u00e1. <a name=\"14\"><span class=\"versanumer_2007\">14<\/span><\/a> En Jes\u00fas sag\u00f0i: \u201eLeyfi\u00f0 b\u00f6rnunum a\u00f0 koma til m\u00edn, varni\u00f0 \u00feeim eigi \u00fev\u00ed a\u00f0 sl\u00edkra er himnar\u00edki.\u201c <br \/> <a name=\"15\"><span class=\"versanumer_2007\">15<\/span><\/a> Og hann lag\u00f0i hendur yfir \u00feau og f\u00f3r \u00fea\u00f0an. <\/p>\n<h3 class=\"millifyrirsogn_2007\">A\u00f0 \u00f6\u00f0last eil\u00edft l\u00edf<\/h3>\n<p><a name=\"16\"><span class=\"versanumer_2007\">16<\/span><\/a> \u00de\u00e1 kom ma\u00f0ur til Jes\u00fa og spur\u00f0i: \u201eMeistari, hva\u00f0 gott \u00e1 \u00e9g a\u00f0 gera til \u00feess a\u00f0 \u00f6\u00f0last eil\u00edft l\u00edf?\u201c <br \/> <a name=\"17\"><span class=\"versanumer_2007\">17<\/span><\/a> Jes\u00fas sag\u00f0i vi\u00f0 hann: \u201eHv\u00ed spyr \u00fe\u00fa mig um hi\u00f0 g\u00f3\u00f0a? A\u00f0eins einn er g\u00f3\u00f0ur. Ef \u00fe\u00fa vilt inn ganga til l\u00edfsins \u00fe\u00e1 haltu bo\u00f0or\u00f0in.\u201c <br \/> <a name=\"18\"><span class=\"versanumer_2007\">18<\/span><\/a> Hann spur\u00f0i: \u201eHver?\u201c <br \/>Jes\u00fas sag\u00f0i: \u201e\u00de\u00fa skalt ekki mor\u00f0 fremja, \u00fe\u00fa skalt ekki dr\u00fdgja h\u00f3r, \u00fe\u00fa skalt ekki stela, \u00fe\u00fa skalt ekki bera lj\u00fagvitni, <a name=\"19\"><span class=\"versanumer_2007\">19<\/span><\/a> hei\u00f0ra f\u00f6\u00f0ur \u00feinn og m\u00f3\u00f0ur og \u00fe\u00fa skalt elska n\u00e1unga \u00feinn eins og sj\u00e1lfan \u00feig.\u201c <br \/> <a name=\"20\"><span class=\"versanumer_2007\">20<\/span><\/a> \u00de\u00e1 sag\u00f0i ungi ma\u00f0urinn: \u201eAlls \u00feessa hef \u00e9g g\u00e6tt. Hvers er m\u00e9r enn vant?\u201c <br \/> <a name=\"21\"><span class=\"versanumer_2007\">21<\/span><\/a> Jes\u00fas sag\u00f0i vi\u00f0 hann: \u201eEf \u00fe\u00fa vilt vera fullkominn skaltu fara, selja eigur \u00fe\u00ednar og gefa f\u00e1t\u00e6kum og \u00fe\u00fa munt fj\u00e1rsj\u00f3\u00f0 eiga \u00e1 himnum. Kom s\u00ed\u00f0an og fylg m\u00e9r.\u201c <br \/> <a name=\"22\"><span class=\"versanumer_2007\">22<\/span><\/a> \u00deegar ungi ma\u00f0urinn heyr\u00f0i \u00feessi or\u00f0 f\u00f3r hann brott hryggur enda \u00e1tti hann miklar eignir. <br \/> <a name=\"23\"><span class=\"versanumer_2007\">23<\/span><\/a> En Jes\u00fas sag\u00f0i vi\u00f0 l\u00e6risveina s\u00edna: \u201eSannlega segi \u00e9g ykkur: Torvelt ver\u00f0ur au\u00f0manni inn a\u00f0 ganga \u00ed himnar\u00edki. <a name=\"24\"><span class=\"versanumer_2007\">24<\/span><\/a> Enn segi \u00e9g: Au\u00f0veldara er \u00falfalda a\u00f0 fara gegnum n\u00e1larauga en au\u00f0manni a\u00f0 komast inn \u00ed Gu\u00f0s r\u00edki.\u201c <br \/> <a name=\"25\"><span class=\"versanumer_2007\">25<\/span><\/a> \u00deegar l\u00e6risveinarnir heyr\u00f0u \u00feetta ur\u00f0u \u00feeir steini lostnir og s\u00f6g\u00f0u: \u201eHver getur \u00fe\u00e1 or\u00f0i\u00f0 h\u00f3lpinn?\u201c <br \/> <a name=\"26\"><span class=\"versanumer_2007\">26<\/span><\/a> Jes\u00fas horf\u00f0i \u00e1 \u00fe\u00e1 og sag\u00f0i: \u201eMenn hafa engin r\u00e1\u00f0 til \u00feess en Gu\u00f0i er ekkert um megn.\u201c <br \/> <a name=\"27\"><span class=\"versanumer_2007\">27<\/span><\/a> \u00de\u00e1 sag\u00f0i P\u00e9tur vi\u00f0 hann: \u201eVi\u00f0 yfirg\u00e1fum allt og fylgdum \u00fe\u00e9r. Hva\u00f0 munum vi\u00f0 hlj\u00f3ta?\u201c <br \/> <a name=\"28\"><span class=\"versanumer_2007\">28<\/span><\/a> Jes\u00fas sag\u00f0i vi\u00f0 \u00fe\u00e1: \u201eSannlega segi \u00e9g ykkur: \u00deegar Gu\u00f0 hefur endurn\u00fdja\u00f0 allt og Mannssonurinn situr \u00ed d\u00fdr\u00f0arh\u00e1s\u00e6ti s\u00ednu munu\u00f0 \u00fei\u00f0, sem fylgi\u00f0 m\u00e9r, einnig sitja \u00ed t\u00f3lf h\u00e1s\u00e6tum og d\u00e6ma t\u00f3lf \u00e6ttkv\u00edslir \u00cdsraels. <a name=\"29\"><span class=\"versanumer_2007\">29<\/span><\/a> Og hver sem hefur yfirgefi\u00f0 heimili, br\u00e6\u00f0ur e\u00f0a systur, f\u00f6\u00f0ur e\u00f0a m\u00f3\u00f0ur, b\u00f6rn e\u00f0a akra sakir nafns m\u00edns, mun f\u00e1 allt hundra\u00f0falt aftur og \u00f6\u00f0last eil\u00edft l\u00edf. <a name=\"30\"><span class=\"versanumer_2007\">30<\/span><\/a> En margir hinir fyrstu ver\u00f0a s\u00ed\u00f0astir og hinir s\u00ed\u00f0ustu fyrstir.\u201c<\/p>\n","protected":false},"excerpt":{"rendered":"<p>\u00dea\u00f0 sem Gu\u00f0 hefur tengt 1 \u00deegar Jes\u00fas haf\u00f0i loki\u00f0 \u00feessum or\u00f0um f\u00f3r hann \u00far Gal\u00edleu og h\u00e9lt til bygg\u00f0a J\u00fadeu handan J\u00f3rdanar. 2 Fj\u00f6ldi manna fylgdi honum og \u00fear l\u00e6kna\u00f0i hann \u00fe\u00e1. 3 \u00de\u00e1 komu far\u00edsear til Jes\u00fa og vildu reyna hann. \u00deeir spur\u00f0u: \u201eLeyfist manni a\u00f0 skilja vi\u00f0 konu s\u00edna fyrir hva\u00f0a s\u00f6k sem er?\u201c 4 Jes\u00fas svara\u00f0i: \u201eHafi\u00f0 \u00fei\u00f0 eigi lesi\u00f0 a\u00f0 skaparinn ger\u00f0i \u00feau fr\u00e1 upphafi karl og konu 5 og sag\u00f0i: Fyrir \u00fev\u00ed skal ma\u00f0ur yfirgefa f\u00f6\u00f0ur og m\u00f3\u00f0ur og b\u00faa me\u00f0 konu sinni og \u00feau tv\u00f6 skulu ver\u00f0a einn ma\u00f0ur.[ 6 \u00deannig eru \u00feau <a href=\"https:\/\/biblian.is\/biblian\/matteusargudspjall-19-kafli\/\"> [&#8230;]<\/a><\/p>\n","protected":false},"author":1,"featured_media":0,"parent":0,"menu_order":0,"comment_status":"open","ping_status":"open","template":"bibliukaflar_NT.php","meta":{"footnotes":""},"class_list":["post-2565","page","type-page","status-publish","hentry"],"_links":{"self":[{"href":"https:\/\/biblian.is\/biblian\/wp-json\/wp\/v2\/pages\/2565","targetHints":{"allow":["GET"]}}],"collection":[{"href":"https:\/\/biblian.is\/biblian\/wp-json\/wp\/v2\/pages"}],"about":[{"href":"https:\/\/biblian.is\/biblian\/wp-json\/wp\/v2\/types\/page"}],"author":[{"embeddable":true,"href":"https:\/\/biblian.is\/biblian\/wp-json\/wp\/v2\/users\/1"}],"replies":[{"embeddable":true,"href":"https:\/\/biblian.is\/biblian\/wp-json\/wp\/v2\/comments?post=2565"}],"version-history":[{"count":0,"href":"https:\/\/biblian.is\/biblian\/wp-json\/wp\/v2\/pages\/2565\/revisions"}],"wp:attachment":[{"href":"https:\/\/biblian.is\/biblian\/wp-json\/wp\/v2\/media?parent=2565"}],"curies":[{"name":"wp","href":"https:\/\/api.w.org\/{rel}","templated":true}]}}