{"id":2561,"date":"2017-12-30T21:03:44","date_gmt":"2017-12-30T21:03:44","guid":{"rendered":"http:\/\/biblian.is\/biblian\/matteusargu_spjall-15-kafli\/"},"modified":"2019-08-26T22:35:27","modified_gmt":"2019-08-26T22:35:27","slug":"matteusargudspjall-15-kafli","status":"publish","type":"page","link":"https:\/\/biblian.is\/biblian\/matteusargudspjall-15-kafli\/","title":{"rendered":"Matteusargu\u00f0spjall 15. kafli"},"content":{"rendered":"<h3 class=\"millifyrirsogn_2007\"> Hi\u00f0 ytra og innra<\/h3>\n<p><a name=\"1\"><span class=\"versanumer_2007\">1<\/span><\/a> N\u00fa komu til Jes\u00fa far\u00edsear og fr\u00e6\u00f0imenn fr\u00e1 Jer\u00fasalem og s\u00f6g\u00f0u: <a name=\"2\"><span class=\"versanumer_2007\">2<\/span><\/a> \u201eHvers vegna brj\u00f3ta l\u00e6risveinar \u00fe\u00ednir erfikenning forfe\u00f0ranna? \u00deeir \u00fevo ekki hendur s\u00ednar<span class=\"nedan_mal\" title=\" \u00c1tt vi\u00f0 helgiath\u00f6fn, tr\u00faarlegan \u201e\u00fevott\u201c, ekki hreinl\u00e6tisath\u00f6fn skv. n\u00fat\u00edmaskilningi.\">[<\/span> \u00e1\u00f0ur en \u00feeir neyta matar.\u201c <br \/> <a name=\"3\"><span class=\"versanumer_2007\">3<\/span><\/a> Hann svara\u00f0i \u00feeim: \u201eHvers vegna brj\u00f3ti\u00f0 \u00fei\u00f0 sj\u00e1lfir bo\u00f0or\u00f0 Gu\u00f0s sakir erfikenningar ykkar? <a name=\"4\"><span class=\"versanumer_2007\">4<\/span><\/a> Gu\u00f0 hefur sagt: Hei\u00f0ra f\u00f6\u00f0ur \u00feinn og m\u00f3\u00f0ur, og: Hver sem form\u00e6lir f\u00f6\u00f0ur e\u00f0a m\u00f3\u00f0ur skal deyja. <a name=\"5\"><span class=\"versanumer_2007\">5<\/span><\/a> En \u00fei\u00f0 segi\u00f0: Hver sem segir vi\u00f0 f\u00f6\u00f0ur sinn e\u00f0a m\u00f3\u00f0ur: \u00dea\u00f0 sem \u00e9g hef\u00f0i \u00e1tt a\u00f0 styrkja \u00feig me\u00f0 gef \u00e9g til musterisins, <a name=\"6\"><span class=\"versanumer_2007\">6<\/span><\/a> hann \u00fearf ekki a\u00f0 hei\u00f0ra f\u00f6\u00f0ur sinn [e\u00f0a m\u00f3\u00f0ur]<span class=\"nedan_mal\" title=\" Vantar \u00ed sum handrit.\">[<\/span>. \u00dei\u00f0 \u00f3gildi\u00f0 or\u00f0 Gu\u00f0s me\u00f0 erfikenningu ykkar. <a name=\"7\"><span class=\"versanumer_2007\">7<\/span><\/a> Hr\u00e6snarar, sannsp\u00e1r var Jesaja um ykkur er hann segir: <br \/> <span class=\"ljodatexti\"> <a name=\"8\"><span class=\"versanumer_ljod\">8<\/span><\/a>\u00deessir menn hei\u00f0ra mig me\u00f0 v\u00f6runum <br \/>en hjarta \u00feeirra er langt fr\u00e1 m\u00e9r. <br \/> <\/span> <span class=\"ljodatexti\"> <a name=\"9\"><span class=\"versanumer_ljod\">9<\/span><\/a>Til einskis d\u00fdrka \u00feeir mig<br \/>\u00fev\u00ed a\u00f0 \u00feeir kenna \u00fea\u00f0 eitt sem menn hafa sami\u00f0.\u201c <\/span> <br \/> <a name=\"10\"><span class=\"versanumer_2007\">10<\/span><\/a> Og Jes\u00fas kalla\u00f0i til s\u00edn mannfj\u00f6ldann og sag\u00f0i: \u201eHeyri\u00f0 og skilji\u00f0. <a name=\"11\"><span class=\"versanumer_2007\">11<\/span><\/a> Ekki saurgar \u00fea\u00f0 manninn sem inn fer \u00ed munninn, hitt saurgar manninn sem \u00fat fer af munni.\u201c <br \/> <a name=\"12\"><span class=\"versanumer_2007\">12<\/span><\/a> \u00de\u00e1 komu l\u00e6risveinar hans og s\u00f6g\u00f0u vi\u00f0 hann: \u201eVeistu a\u00f0 far\u00edsearnir fyrtust vi\u00f0 \u00fea\u00f0 sem \u00fe\u00fa sag\u00f0ir?\u201c <br \/> <a name=\"13\"><span class=\"versanumer_2007\">13<\/span><\/a> Jes\u00fas svara\u00f0i: \u201eS\u00e9rhver jurt, sem fa\u00f0ir minn himneskur hefur eigi gr\u00f3\u00f0ursett, mun uppr\u00e6tt ver\u00f0a. <a name=\"14\"><span class=\"versanumer_2007\">14<\/span><\/a> L\u00e1ti\u00f0 \u00fe\u00e1 eiga sig! \u00deeir eru blindir, lei\u00f0togar blindra. Ef blindur lei\u00f0ir blindan falla b\u00e1\u00f0ir \u00ed gryfju.\u201c <br \/> <a name=\"15\"><span class=\"versanumer_2007\">15<\/span><\/a> \u00de\u00e1 sag\u00f0i P\u00e9tur vi\u00f0 Jes\u00fa: \u201eSk\u00fdr\u00f0u fyrir okkur l\u00edkinguna.\u201c <br \/> <a name=\"16\"><span class=\"versanumer_2007\">16<\/span><\/a> Hann svara\u00f0i: \u201eHafi\u00f0 \u00fei\u00f0 ekki enn skili\u00f0? <a name=\"17\"><span class=\"versanumer_2007\">17<\/span><\/a> Skilji\u00f0 \u00fei\u00f0 ekki a\u00f0 allt, sem inn kemur \u00ed munninn, fer \u00ed magann og lendir s\u00ed\u00f0an \u00ed safn\u00fer\u00f3nni? <a name=\"18\"><span class=\"versanumer_2007\">18<\/span><\/a> En \u00fea\u00f0 sem \u00fat fer af munni kemur fr\u00e1 hjartanu. Og sl\u00edkt saurgar manninn. <a name=\"19\"><span class=\"versanumer_2007\">19<\/span><\/a> \u00dev\u00ed a\u00f0 fr\u00e1 hjartanu koma illar hugsanir, manndr\u00e1p, h\u00f3rd\u00f3mur, saurlifna\u00f0ur, \u00fej\u00f3fna\u00f0ur, lj\u00fagvitni, lastm\u00e6lgi. <a name=\"20\"><span class=\"versanumer_2007\">20<\/span><\/a> \u00deetta er \u00fea\u00f0 sem saurgar manninn. En a\u00f0 eta me\u00f0 \u00f3\u00fevegnum h\u00f6ndum saurgar engan mann.\u201c <\/p>\n<h3 class=\"millifyrirsogn_2007\">Kanversk kona<\/h3>\n<p><a name=\"21\"><span class=\"versanumer_2007\">21<\/span><\/a> \u00dea\u00f0an h\u00e9lt Jes\u00fas til bygg\u00f0a T\u00fdrusar og S\u00eddonar. <a name=\"22\"><span class=\"versanumer_2007\">22<\/span><\/a> \u00de\u00e1 kom kona nokkur kanversk \u00far \u00feeim h\u00e9ru\u00f0um og kalla\u00f0i: \u201eMiskunna \u00fe\u00fa m\u00e9r, Drottinn, sonur Dav\u00ed\u00f0s! D\u00f3ttir m\u00edn er mj\u00f6g kvalin af illum anda.\u201c <br \/> <a name=\"23\"><span class=\"versanumer_2007\">23<\/span><\/a> En Jes\u00fas svara\u00f0i henni engu or\u00f0i. L\u00e6risveinar hans komu \u00fe\u00e1 og b\u00e1\u00f0u hann: \u201eL\u00e1ttu hana fara, h\u00fan eltir okkur me\u00f0 hr\u00f3pum.\u201c <br \/> <a name=\"24\"><span class=\"versanumer_2007\">24<\/span><\/a> Jes\u00fas m\u00e6lti: \u201e\u00c9g er ekki sendur nema til t\u00fdndra sau\u00f0a af \u00cdsraels\u00e6tt.\u201c <br \/> <a name=\"25\"><span class=\"versanumer_2007\">25<\/span><\/a> Konan kom, laut honum og sag\u00f0i: \u201eDrottinn, hj\u00e1lpa \u00fe\u00fa m\u00e9r!\u201c <br \/> <a name=\"26\"><span class=\"versanumer_2007\">26<\/span><\/a> Hann svara\u00f0i: \u201eEkki s\u00e6mir a\u00f0 taka brau\u00f0 barnanna og kasta \u00fev\u00ed fyrir hundana.\u201c <br \/> <a name=\"27\"><span class=\"versanumer_2007\">27<\/span><\/a> H\u00fan sag\u00f0i: \u201eSatt er \u00fea\u00f0, Drottinn, \u00fe\u00f3 eta hundarnir mola \u00fe\u00e1 sem falla af bor\u00f0um h\u00fasb\u00e6nda \u00feeirra.\u201c <br \/> <a name=\"28\"><span class=\"versanumer_2007\">28<\/span><\/a> \u00de\u00e1 m\u00e6lti Jes\u00fas vi\u00f0 hana: \u201eKona, mikil er tr\u00fa \u00fe\u00edn. Ver\u00f0i \u00fe\u00e9r sem \u00fe\u00fa vilt.\u201c Og d\u00f3ttir hennar var\u00f0 heil fr\u00e1 \u00feeirri stundu. <\/p>\n<h3 class=\"millifyrirsogn_2007\">H\u00f3pum saman<\/h3>\n<p><a name=\"29\"><span class=\"versanumer_2007\">29<\/span><\/a> \u00dea\u00f0an f\u00f3r Jes\u00fas og kom a\u00f0 Gal\u00edleuvatni. Og hann gekk upp \u00e1 fjall og settist \u00fear. <a name=\"30\"><span class=\"versanumer_2007\">30<\/span><\/a> Menn komu til hans h\u00f3pum saman og h\u00f6f\u00f0u me\u00f0 s\u00e9r halta menn og blinda, fatla\u00f0a, m\u00e1llausa og marga a\u00f0ra og l\u00f6g\u00f0u \u00fe\u00e1 fyrir f\u00e6tur hans og hann l\u00e6kna\u00f0i \u00fe\u00e1. <a name=\"31\"><span class=\"versanumer_2007\">31<\/span><\/a> F\u00f3lki\u00f0 undra\u00f0ist \u00feegar \u00fea\u00f0 s\u00e1 m\u00e1llausa m\u00e6la, fatla\u00f0a heila, halta ganga og blinda sj\u00e1. Og \u00feeir lofu\u00f0u Gu\u00f0 \u00cdsraels. <\/p>\n<h3 class=\"millifyrirsogn_2007\">Jes\u00fas mettar me\u00f0 sj\u00f6 brau\u00f0um<\/h3>\n<p><a name=\"32\"><span class=\"versanumer_2007\">32<\/span><\/a> Jes\u00fas kalla\u00f0i til s\u00edn l\u00e6risveina s\u00edna og sag\u00f0i: \u201e\u00c9g kenni \u00ed brj\u00f3sti um mannfj\u00f6ldann. Menn hafa n\u00fa hj\u00e1 m\u00e9r veri\u00f0 \u00ferj\u00e1 daga og hafa ekkert til matar. \u00c9g vil ekki l\u00e1ta \u00fe\u00e1 fara fastandi fr\u00e1 m\u00e9r, \u00feeir g\u00e6tu \u00f6rmagnast \u00e1 lei\u00f0inni.\u201c <br \/> <a name=\"33\"><span class=\"versanumer_2007\">33<\/span><\/a> L\u00e6risveinarnir s\u00f6g\u00f0u: \u201eHvar f\u00e1um vi\u00f0 n\u00f3g brau\u00f0 til a\u00f0 metta allt \u00feetta f\u00f3lk h\u00e9r \u00ed \u00f3bygg\u00f0um?\u201c <br \/> <a name=\"34\"><span class=\"versanumer_2007\">34<\/span><\/a> Jes\u00fas spyr: \u201eHve m\u00f6rg brau\u00f0 hafi\u00f0 \u00fei\u00f0?\u201c <br \/>\u00deeir svara: \u201eSj\u00f6 og f\u00e1eina sm\u00e1fiska.\u201c <br \/> <a name=\"35\"><span class=\"versanumer_2007\">35<\/span><\/a> \u00de\u00e1 bau\u00f0 hann f\u00f3lkinu a\u00f0 setjast \u00e1 j\u00f6r\u00f0ina, <a name=\"36\"><span class=\"versanumer_2007\">36<\/span><\/a> t\u00f3k brau\u00f0in sj\u00f6 og fiskana, ger\u00f0i \u00feakkir og braut \u00feau og gaf l\u00e6risveinunum en l\u00e6risveinarnir f\u00f3lkinu. <a name=\"37\"><span class=\"versanumer_2007\">37<\/span><\/a> Allir neyttu og ur\u00f0u mettir. S\u00ed\u00f0an t\u00f3ku \u00feeir saman leifarnar, sj\u00f6 k\u00f6rfur fullar. <a name=\"38\"><span class=\"versanumer_2007\">38<\/span><\/a> En \u00feeir sem neytt h\u00f6f\u00f0u voru fj\u00f3rar \u00fe\u00fasundir karlmanna, auk kvenna og barna. <br \/> <a name=\"39\"><span class=\"versanumer_2007\">39<\/span><\/a> S\u00ed\u00f0an l\u00e9t Jes\u00fas f\u00f3lki\u00f0 fara, st\u00e9 \u00ed b\u00e1tinn og kom \u00ed Magadanbygg\u00f0ir. <\/p>\n","protected":false},"excerpt":{"rendered":"<p>Hi\u00f0 ytra og innra 1 N\u00fa komu til Jes\u00fa far\u00edsear og fr\u00e6\u00f0imenn fr\u00e1 Jer\u00fasalem og s\u00f6g\u00f0u: 2 \u201eHvers vegna brj\u00f3ta l\u00e6risveinar \u00fe\u00ednir erfikenning forfe\u00f0ranna? \u00deeir \u00fevo ekki hendur s\u00ednar[ \u00e1\u00f0ur en \u00feeir neyta matar.\u201c 3 Hann svara\u00f0i \u00feeim: \u201eHvers vegna brj\u00f3ti\u00f0 \u00fei\u00f0 sj\u00e1lfir bo\u00f0or\u00f0 Gu\u00f0s sakir erfikenningar ykkar? 4 Gu\u00f0 hefur sagt: Hei\u00f0ra f\u00f6\u00f0ur \u00feinn og m\u00f3\u00f0ur, og: Hver sem form\u00e6lir f\u00f6\u00f0ur e\u00f0a m\u00f3\u00f0ur skal deyja. 5 En \u00fei\u00f0 segi\u00f0: Hver sem segir vi\u00f0 f\u00f6\u00f0ur sinn e\u00f0a m\u00f3\u00f0ur: \u00dea\u00f0 sem \u00e9g hef\u00f0i \u00e1tt a\u00f0 styrkja \u00feig me\u00f0 gef \u00e9g til musterisins, 6 hann \u00fearf ekki a\u00f0 hei\u00f0ra f\u00f6\u00f0ur sinn [e\u00f0a <a href=\"https:\/\/biblian.is\/biblian\/matteusargudspjall-15-kafli\/\"> [&#8230;]<\/a><\/p>\n","protected":false},"author":1,"featured_media":0,"parent":0,"menu_order":0,"comment_status":"open","ping_status":"open","template":"bibliukaflar_NT.php","meta":{"footnotes":""},"class_list":["post-2561","page","type-page","status-publish","hentry"],"_links":{"self":[{"href":"https:\/\/biblian.is\/biblian\/wp-json\/wp\/v2\/pages\/2561","targetHints":{"allow":["GET"]}}],"collection":[{"href":"https:\/\/biblian.is\/biblian\/wp-json\/wp\/v2\/pages"}],"about":[{"href":"https:\/\/biblian.is\/biblian\/wp-json\/wp\/v2\/types\/page"}],"author":[{"embeddable":true,"href":"https:\/\/biblian.is\/biblian\/wp-json\/wp\/v2\/users\/1"}],"replies":[{"embeddable":true,"href":"https:\/\/biblian.is\/biblian\/wp-json\/wp\/v2\/comments?post=2561"}],"version-history":[{"count":0,"href":"https:\/\/biblian.is\/biblian\/wp-json\/wp\/v2\/pages\/2561\/revisions"}],"wp:attachment":[{"href":"https:\/\/biblian.is\/biblian\/wp-json\/wp\/v2\/media?parent=2561"}],"curies":[{"name":"wp","href":"https:\/\/api.w.org\/{rel}","templated":true}]}}