{"id":2560,"date":"2017-12-30T21:03:44","date_gmt":"2017-12-30T21:03:44","guid":{"rendered":"http:\/\/biblian.is\/biblian\/matteusargu_spjall-14-kafli\/"},"modified":"2019-08-26T22:35:27","modified_gmt":"2019-08-26T22:35:27","slug":"matteusargudspjall-14-kafli","status":"publish","type":"page","link":"https:\/\/biblian.is\/biblian\/matteusargudspjall-14-kafli\/","title":{"rendered":"Matteusargu\u00f0spjall 14. kafli"},"content":{"rendered":"<h3 class=\"millifyrirsogn_2007\"> J\u00f3hannes h\u00e1lsh\u00f6ggvinn<\/h3>\n<p><a name=\"1\"><span class=\"versanumer_2007\">1<\/span><\/a> Um \u00feessar mundir spyr Her\u00f3des fj\u00f3r\u00f0ungsstj\u00f3ri t\u00ed\u00f0indin af Jes\u00fa. <a name=\"2\"><span class=\"versanumer_2007\">2<\/span><\/a> Og hann segir vi\u00f0 sveina s\u00edna: \u201e\u00deetta er J\u00f3hannes sk\u00edrari, hann er risinn fr\u00e1 dau\u00f0um, \u00feess vegna gerir hann \u00feessi kraftaverk.\u201c <br \/> <a name=\"3\"><span class=\"versanumer_2007\">3<\/span><\/a> En Her\u00f3des haf\u00f0i l\u00e1ti\u00f0 taka J\u00f3hannes h\u00f6ndum, fj\u00f6tra hann og varpa \u00ed fangelsi vegna Her\u00f3d\u00edasar, konu Filippusar, br\u00f3\u00f0ur s\u00edns, <a name=\"4\"><span class=\"versanumer_2007\">4<\/span><\/a> \u00fev\u00ed J\u00f3hannes haf\u00f0i sagt vi\u00f0 hann: \u201e\u00de\u00fa m\u00e1tt ekki eiga hana.\u201c <a name=\"5\"><span class=\"versanumer_2007\">5<\/span><\/a> Her\u00f3des vildi dey\u00f0a hann en \u00f3tta\u00f0ist f\u00f3lki\u00f0 \u00fear e\u00f0 menn t\u00f6ldu hann vera sp\u00e1mann. <br \/> <a name=\"6\"><span class=\"versanumer_2007\">6<\/span><\/a> En \u00e1 afm\u00e6lisdegi Her\u00f3desar st\u00e9 d\u00f3ttir Her\u00f3d\u00edasar dans frammi fyrir gestunum og hreif Her\u00f3des svo <a name=\"7\"><span class=\"versanumer_2007\">7<\/span><\/a> a\u00f0 hann s\u00f3r \u00feess ei\u00f0 a\u00f0 veita henni hva\u00f0 sem h\u00fan b\u00e6\u00f0i um. <br \/> <a name=\"8\"><span class=\"versanumer_2007\">8<\/span><\/a> A\u00f0 undirlagi m\u00f3\u00f0ur sinnar segir h\u00fan: \u201eGef m\u00e9r h\u00e9r \u00e1 fati h\u00f6fu\u00f0 J\u00f3hannesar sk\u00edrara.\u201c <br \/> <a name=\"9\"><span class=\"versanumer_2007\">9<\/span><\/a> Konungur var\u00f0 hryggur vi\u00f0 en vegna ei\u00f0sins og gesta sinna bau\u00f0 hann a\u00f0 veita henni \u00feetta. <a name=\"10\"><span class=\"versanumer_2007\">10<\/span><\/a> Hann sendi b\u00f6\u00f0la \u00ed fangelsi\u00f0 og l\u00e9t h\u00e1lsh\u00f6ggva J\u00f3hannes \u00fear. <a name=\"11\"><span class=\"versanumer_2007\">11<\/span><\/a> H\u00f6fu\u00f0 hans var bori\u00f0 inn \u00e1 fati og fengi\u00f0 st\u00falkunni en h\u00fan f\u00e6r\u00f0i m\u00f3\u00f0ur sinni. <br \/> <a name=\"12\"><span class=\"versanumer_2007\">12<\/span><\/a> L\u00e6risveinar J\u00f3hannesar komu, t\u00f3ku l\u00edki\u00f0 og greftru\u00f0u, f\u00f3ru s\u00ed\u00f0an og s\u00f6g\u00f0u Jes\u00fa. <\/p>\n<h3 class=\"millifyrirsogn_2007\">Jes\u00fas mettar me\u00f0 fimm brau\u00f0um<\/h3>\n<p><a name=\"13\"><span class=\"versanumer_2007\">13<\/span><\/a> \u00deegar Jes\u00fas heyr\u00f0i \u00feetta f\u00f3r hann \u00fea\u00f0an \u00e1 b\u00e1ti \u00e1 \u00f3bygg\u00f0an sta\u00f0 og vildi vera einn. En f\u00f3lki\u00f0 fr\u00e9tti \u00fea\u00f0 og f\u00f3r gangandi \u00e1 eftir honum \u00far borgunum. <a name=\"14\"><span class=\"versanumer_2007\">14<\/span><\/a> \u00deegar Jes\u00fas steig \u00e1 land s\u00e1 hann \u00fear margt manna, hann kenndi \u00ed brj\u00f3sti um \u00fe\u00e1 og l\u00e6kna\u00f0i \u00fe\u00e1 er sj\u00fakir voru. <br \/> <a name=\"15\"><span class=\"versanumer_2007\">15<\/span><\/a> Um kv\u00f6ldi\u00f0 komu l\u00e6risveinarnir a\u00f0 m\u00e1li vi\u00f0 Jes\u00fa og s\u00f6g\u00f0u: \u201eH\u00e9r er engin mannabygg\u00f0 og dagur li\u00f0inn. L\u00e1t n\u00fa f\u00f3lki\u00f0 fara svo a\u00f0 \u00fea\u00f0 geti n\u00e1\u00f0 til \u00feorpanna og keypt s\u00e9r vistir.\u201c <br \/> <a name=\"16\"><span class=\"versanumer_2007\">16<\/span><\/a> Jes\u00fas svara\u00f0i \u00feeim: \u201eF\u00f3lki\u00f0 \u00fearf ekki a\u00f0 fara, gefi\u00f0 \u00fev\u00ed sj\u00e1lfir mat.\u201c <br \/> <a name=\"17\"><span class=\"versanumer_2007\">17<\/span><\/a> \u00deeir svara honum: \u201eVi\u00f0 h\u00f6fum h\u00e9r ekki nema fimm brau\u00f0 og tvo fiska.\u201c <br \/> <a name=\"18\"><span class=\"versanumer_2007\">18<\/span><\/a> Hann segir: \u201eF\u00e6ri\u00f0 m\u00e9r \u00fea\u00f0 hinga\u00f0.\u201c <a name=\"19\"><span class=\"versanumer_2007\">19<\/span><\/a> Og hann bau\u00f0 f\u00f3lkinu a\u00f0 setjast \u00ed grasi\u00f0. \u00de\u00e1 t\u00f3k hann brau\u00f0in fimm og fiskana tvo, leit upp til himins, \u00feakka\u00f0i Gu\u00f0i, braut brau\u00f0in og gaf l\u00e6risveinunum en \u00feeir f\u00f3lkinu. <a name=\"20\"><span class=\"versanumer_2007\">20<\/span><\/a> Og allir neyttu og ur\u00f0u mettir. Og \u00feeir t\u00f3ku saman brau\u00f0bitana er af gengu, t\u00f3lf k\u00f6rfur fullar. <a name=\"21\"><span class=\"versanumer_2007\">21<\/span><\/a> En \u00feeir sem neytt h\u00f6f\u00f0u voru um fimm \u00fe\u00fasundir karlmanna, auk kvenna og barna. <\/p>\n<h3 class=\"millifyrirsogn_2007\">\u00dea\u00f0 er \u00e9g<\/h3>\n<p><a name=\"22\"><span class=\"versanumer_2007\">22<\/span><\/a> Tafarlaust kn\u00fa\u00f0i Jes\u00fas l\u00e6risveina s\u00edna a\u00f0 fara \u00ed b\u00e1tinn og halda \u00e1 undan s\u00e9r yfir um me\u00f0an hann sendi f\u00f3lki\u00f0 brott. <a name=\"23\"><span class=\"versanumer_2007\">23<\/span><\/a> Og er hann haf\u00f0i l\u00e1ti\u00f0 f\u00f3lki\u00f0 fara gekk hann til fjalls a\u00f0 bi\u00f0jast fyrir \u00ed einr\u00fami. \u00deegar kv\u00f6ld var komi\u00f0 var hann \u00fear einn. <a name=\"24\"><span class=\"versanumer_2007\">24<\/span><\/a> En b\u00e1turinn var \u00feegar kominn langt fr\u00e1 landi og l\u00e1 undir \u00e1f\u00f6llum \u00fev\u00ed a\u00f0 vindur var \u00e1 m\u00f3ti. <br \/> <a name=\"25\"><span class=\"versanumer_2007\">25<\/span><\/a> En er langt var li\u00f0i\u00f0 n\u00e6tur<span class=\"nedan_mal\" title=\" Or\u00f0r\u00e9tt: \u00e1 fj\u00f3r\u00f0u n\u00e6turv\u00f6ku, \u00fe.e. milli kl. \u00ferj\u00fa og sex a\u00f0 n\u00f3ttu.\">[<\/span> kom Jes\u00fas til \u00feeirra, gangandi \u00e1 vatninu. <a name=\"26\"><span class=\"versanumer_2007\">26<\/span><\/a> \u00deegar l\u00e6risveinarnir s\u00e1u hann ganga \u00e1 vatninu var\u00f0 \u00feeim bilt vi\u00f0. \u00deeir s\u00f6g\u00f0u: \u201e\u00deetta er vofa,\u201c og \u00e6ptu af hr\u00e6\u00f0slu. <br \/> <a name=\"27\"><span class=\"versanumer_2007\">27<\/span><\/a> En Jes\u00fas m\u00e6lti jafnskj\u00f3tt til \u00feeirra: \u201eVeri\u00f0 hughraustir, \u00fea\u00f0 er \u00e9g, veri\u00f0 \u00f3hr\u00e6ddir.\u201c <br \/> <a name=\"28\"><span class=\"versanumer_2007\">28<\/span><\/a> P\u00e9tur svara\u00f0i honum: \u201eEf \u00fea\u00f0 ert \u00fe\u00fa, Drottinn, \u00fe\u00e1 bj\u00f3\u00f0 m\u00e9r a\u00f0 koma til \u00fe\u00edn \u00e1 vatninu.\u201c <br \/> <a name=\"29\"><span class=\"versanumer_2007\">29<\/span><\/a> Jes\u00fas svara\u00f0i: \u201eKom \u00fe\u00fa!\u201c Og P\u00e9tur st\u00e9 \u00far b\u00e1tnum og gekk \u00e1 vatninu til hans. <a name=\"30\"><span class=\"versanumer_2007\">30<\/span><\/a> En er hann s\u00e1 ofvi\u00f0ri\u00f0 var\u00f0 hann hr\u00e6ddur og t\u00f3k a\u00f0 s\u00f6kkva. \u00de\u00e1 kalla\u00f0i hann: \u201eDrottinn, bjarga \u00fe\u00fa m\u00e9r!\u201c <br \/> <a name=\"31\"><span class=\"versanumer_2007\">31<\/span><\/a> Jes\u00fas r\u00e9tti \u00feegar \u00fat h\u00f6ndina, t\u00f3k \u00ed hann og sag\u00f0i: \u201eTr\u00falitli ma\u00f0ur, hv\u00ed efa\u00f0ist \u00fe\u00fa?\u201c <br \/> <a name=\"32\"><span class=\"versanumer_2007\">32<\/span><\/a> \u00deeir stigu \u00ed b\u00e1tinn og \u00fe\u00e1 l\u00e6g\u00f0i vindinn. <a name=\"33\"><span class=\"versanumer_2007\">33<\/span><\/a> En \u00feeir sem \u00ed b\u00e1tnum voru f\u00e9llu fram fyrir honum og s\u00f6g\u00f0u: \u201eSannarlega ert \u00fe\u00fa sonur Gu\u00f0s.\u201c <\/p>\n<h3 class=\"millifyrirsogn_2007\">Ur\u00f0u alheilir<\/h3>\n<p><a name=\"34\"><span class=\"versanumer_2007\">34<\/span><\/a> \u00deegar \u00feeir h\u00f6f\u00f0u n\u00e1\u00f0 yfir um komu \u00feeir a\u00f0 landi vi\u00f0 Genesaret. <a name=\"35\"><span class=\"versanumer_2007\">35<\/span><\/a> F\u00f3lki\u00f0 \u00e1 \u00feeim sta\u00f0 \u00feekkti Jes\u00fa og sendi bo\u00f0 um allt n\u00e1grenni\u00f0 og menn f\u00e6r\u00f0u til hans alla \u00fe\u00e1 er sj\u00fakir voru. <a name=\"36\"><span class=\"versanumer_2007\">36<\/span><\/a> \u00deeir b\u00e1\u00f0u hann a\u00f0 mega r\u00e9tt snerta fald kl\u00e6\u00f0a hans og allir, sem snertu hann, ur\u00f0u alheilir. <\/p>\n","protected":false},"excerpt":{"rendered":"<p>J\u00f3hannes h\u00e1lsh\u00f6ggvinn 1 Um \u00feessar mundir spyr Her\u00f3des fj\u00f3r\u00f0ungsstj\u00f3ri t\u00ed\u00f0indin af Jes\u00fa. 2 Og hann segir vi\u00f0 sveina s\u00edna: \u201e\u00deetta er J\u00f3hannes sk\u00edrari, hann er risinn fr\u00e1 dau\u00f0um, \u00feess vegna gerir hann \u00feessi kraftaverk.\u201c 3 En Her\u00f3des haf\u00f0i l\u00e1ti\u00f0 taka J\u00f3hannes h\u00f6ndum, fj\u00f6tra hann og varpa \u00ed fangelsi vegna Her\u00f3d\u00edasar, konu Filippusar, br\u00f3\u00f0ur s\u00edns, 4 \u00fev\u00ed J\u00f3hannes haf\u00f0i sagt vi\u00f0 hann: \u201e\u00de\u00fa m\u00e1tt ekki eiga hana.\u201c 5 Her\u00f3des vildi dey\u00f0a hann en \u00f3tta\u00f0ist f\u00f3lki\u00f0 \u00fear e\u00f0 menn t\u00f6ldu hann vera sp\u00e1mann. 6 En \u00e1 afm\u00e6lisdegi Her\u00f3desar st\u00e9 d\u00f3ttir Her\u00f3d\u00edasar dans frammi fyrir gestunum og hreif Her\u00f3des svo 7 a\u00f0 hann <a href=\"https:\/\/biblian.is\/biblian\/matteusargudspjall-14-kafli\/\"> [&#8230;]<\/a><\/p>\n","protected":false},"author":1,"featured_media":0,"parent":0,"menu_order":0,"comment_status":"open","ping_status":"open","template":"bibliukaflar_NT.php","meta":{"footnotes":""},"class_list":["post-2560","page","type-page","status-publish","hentry"],"_links":{"self":[{"href":"https:\/\/biblian.is\/biblian\/wp-json\/wp\/v2\/pages\/2560","targetHints":{"allow":["GET"]}}],"collection":[{"href":"https:\/\/biblian.is\/biblian\/wp-json\/wp\/v2\/pages"}],"about":[{"href":"https:\/\/biblian.is\/biblian\/wp-json\/wp\/v2\/types\/page"}],"author":[{"embeddable":true,"href":"https:\/\/biblian.is\/biblian\/wp-json\/wp\/v2\/users\/1"}],"replies":[{"embeddable":true,"href":"https:\/\/biblian.is\/biblian\/wp-json\/wp\/v2\/comments?post=2560"}],"version-history":[{"count":0,"href":"https:\/\/biblian.is\/biblian\/wp-json\/wp\/v2\/pages\/2560\/revisions"}],"wp:attachment":[{"href":"https:\/\/biblian.is\/biblian\/wp-json\/wp\/v2\/media?parent=2560"}],"curies":[{"name":"wp","href":"https:\/\/api.w.org\/{rel}","templated":true}]}}