{"id":2559,"date":"2017-12-30T21:03:44","date_gmt":"2017-12-30T21:03:44","guid":{"rendered":"http:\/\/biblian.is\/biblian\/matteusargu_spjall-13-kafli\/"},"modified":"2019-08-26T22:35:27","modified_gmt":"2019-08-26T22:35:27","slug":"matteusargudspjall-13-kafli","status":"publish","type":"page","link":"https:\/\/biblian.is\/biblian\/matteusargudspjall-13-kafli\/","title":{"rendered":"Matteusargu\u00f0spjall 13. kafli"},"content":{"rendered":"<h3 class=\"millifyrirsogn_2007\"> S\u00e1\u00f0ma\u00f0urinn gekk \u00fat a\u00f0 s\u00e1<\/h3>\n<p><a name=\"1\"><span class=\"versanumer_2007\">1<\/span><\/a> Sama dag gekk Jes\u00fas a\u00f0 heiman og settist vi\u00f0 vatni\u00f0. <a name=\"2\"><span class=\"versanumer_2007\">2<\/span><\/a> Svo mikill mannfj\u00f6ldi safna\u00f0ist a\u00f0 honum a\u00f0 hann var\u00f0 a\u00f0 st\u00edga \u00ed b\u00e1t og sitja \u00fear. En allt f\u00f3lki\u00f0 st\u00f3\u00f0 \u00e1 str\u00f6ndinni. <a name=\"3\"><span class=\"versanumer_2007\">3<\/span><\/a> Jes\u00fas tala\u00f0i margt til \u00feess \u00ed d\u00e6mis\u00f6gum. <br \/>Hann sag\u00f0i: \u201eS\u00e1\u00f0ma\u00f0ur gekk \u00fat a\u00f0 s\u00e1 <a name=\"4\"><span class=\"versanumer_2007\">4<\/span><\/a> og \u00fe\u00e1 er hann s\u00e1\u00f0i f\u00e9ll sumt hj\u00e1 g\u00f6tunni og fuglar komu og \u00e1tu \u00fea\u00f0 upp. <a name=\"5\"><span class=\"versanumer_2007\">5<\/span><\/a> Sumt f\u00e9ll \u00ed gr\u00fdtta j\u00f6r\u00f0 \u00fear sem var l\u00edtill jar\u00f0vegur og \u00fea\u00f0 rann skj\u00f3tt upp \u00fev\u00ed \u00fea\u00f0 haf\u00f0i ekki dj\u00fapa j\u00f6r\u00f0. <a name=\"6\"><span class=\"versanumer_2007\">6<\/span><\/a> \u00deegar s\u00f3l h\u00e6kka\u00f0i visna\u00f0i \u00fea\u00f0 og s\u00f6kum \u00feess a\u00f0 \u00fea\u00f0 haf\u00f0i ekki r\u00f3tfestu skr\u00e6lna\u00f0i \u00fea\u00f0. <a name=\"7\"><span class=\"versanumer_2007\">7<\/span><\/a> Sumt f\u00e9ll me\u00f0al \u00feyrna og \u00feyrnarnir uxu og k\u00e6f\u00f0u \u00fea\u00f0. <a name=\"8\"><span class=\"versanumer_2007\">8<\/span><\/a> En sumt f\u00e9ll \u00ed g\u00f3\u00f0a j\u00f6r\u00f0 og bar \u00e1v\u00f6xt, sumt hundra\u00f0faldan, sumt sextugfaldan og sumt \u00fer\u00edtugfaldan. <br \/> <a name=\"9\"><span class=\"versanumer_2007\">9<\/span><\/a> Hver sem eyru hefur hann heyri.\u201c <\/p>\n<h3 class=\"millifyrirsogn_2007\">Hvers vegna \u00ed d\u00e6mis\u00f6gum?<\/h3>\n<p><a name=\"10\"><span class=\"versanumer_2007\">10<\/span><\/a> \u00de\u00e1 komu l\u00e6risveinarnir til hans og spur\u00f0u: \u201eHvers vegna talar \u00fe\u00fa til f\u00f3lksins \u00ed d\u00e6mis\u00f6gum?\u201c <br \/> <a name=\"11\"><span class=\"versanumer_2007\">11<\/span><\/a> Hann svara\u00f0i: \u201eYkkur er gefi\u00f0 a\u00f0 \u00feekkja leynda d\u00f3ma himnar\u00edkis, \u00f6\u00f0rum er \u00fea\u00f0 ekki gefi\u00f0. <a name=\"12\"><span class=\"versanumer_2007\">12<\/span><\/a> \u00dev\u00ed a\u00f0 \u00feeim sem hefur mun gefi\u00f0 ver\u00f0a og hann mun hafa gn\u00e6g\u00f0 en fr\u00e1 \u00feeim sem eigi hefur mun teki\u00f0 ver\u00f0a jafnvel \u00fea\u00f0 sem hann hefur. <a name=\"13\"><span class=\"versanumer_2007\">13<\/span><\/a> \u00deess vegna tala \u00e9g til \u00feeirra \u00ed d\u00e6mis\u00f6gum a\u00f0 sj\u00e1andi sj\u00e1 \u00feau ekki og heyrandi heyra \u00feau ekki n\u00e9 skilja. <a name=\"14\"><span class=\"versanumer_2007\">14<\/span><\/a> \u00c1 \u00feeim r\u00e6tist sp\u00e1d\u00f3mur Jesaja: <br \/> <span class=\"ljodatexti\"> Me\u00f0 eyrum munu\u00f0 \u00fe\u00e9r heyra og alls ekki skilja <br \/>og sj\u00e1andi munu\u00f0 \u00fe\u00e9r horfa og ekkert sj\u00e1. <br \/> <\/span> <span class=\"ljodatexti\"> <a name=\"15\"><span class=\"versanumer_ljod\">15<\/span><\/a>\u00dev\u00ed a\u00f0 hjarta l\u00fd\u00f0s \u00feessa er slj\u00f3tt or\u00f0i\u00f0<br \/>og illa heyra \u00feeir me\u00f0 eyrum s\u00ednum<br \/>og augunum hafa \u00feeir loka\u00f0,<br \/>svo a\u00f0 \u00feeir sj\u00e1i ekki me\u00f0 augunum<br \/>n\u00e9 heyri me\u00f0 eyrunum<br \/>og skilji me\u00f0 hjartanu og sn\u00fai s\u00e9r<br \/>og \u00e9g l\u00e6kni \u00fe\u00e1. <\/span> <br \/> <a name=\"16\"><span class=\"versanumer_2007\">16<\/span><\/a> En s\u00e6l eru augu ykkar af \u00fev\u00ed a\u00f0 \u00feau sj\u00e1 og eyru ykkar af \u00fev\u00ed a\u00f0 \u00feau heyra. <a name=\"17\"><span class=\"versanumer_2007\">17<\/span><\/a> Sannlega segi \u00e9g ykkur: Margir sp\u00e1menn og r\u00e9ttl\u00e1tir menn \u00fer\u00e1\u00f0u a\u00f0 sj\u00e1 \u00fea\u00f0 sem \u00fei\u00f0 sj\u00e1i\u00f0 en s\u00e1u \u00fea\u00f0 ekki og heyra \u00fea\u00f0 sem \u00fei\u00f0 heyri\u00f0 en heyr\u00f0u \u00fea\u00f0 ekki. <\/p>\n<h3 class=\"millifyrirsogn_2007\">Merking d\u00e6mis\u00f6gunnar<\/h3>\n<p><a name=\"18\"><span class=\"versanumer_2007\">18<\/span><\/a> Heyri\u00f0 \u00fe\u00e1 hva\u00f0 d\u00e6misagan um s\u00e1\u00f0manninn merkir: <a name=\"19\"><span class=\"versanumer_2007\">19<\/span><\/a> \u00deegar einhver heyrir or\u00f0i\u00f0 um r\u00edki\u00f0 og skilur ekki \u00fe\u00e1 kemur hinn vondi og r\u00e6nir \u00fev\u00ed sem s\u00e1\u00f0 var \u00ed hjarta hans. \u00dea\u00f0 sem s\u00e1\u00f0 var vi\u00f0 g\u00f6tuna merkir \u00feetta. <a name=\"20\"><span class=\"versanumer_2007\">20<\/span><\/a> \u00dea\u00f0 sem s\u00e1\u00f0 var \u00ed gr\u00fdtta j\u00f6r\u00f0 merkir \u00feann sem tekur or\u00f0inu me\u00f0 f\u00f6gnu\u00f0i um lei\u00f0 og hann heyrir \u00fea\u00f0 <a name=\"21\"><span class=\"versanumer_2007\">21<\/span><\/a> en hefur enga r\u00f3tfestu. Hann er hvikull og er \u00ferenging ver\u00f0ur e\u00f0a ofs\u00f3kn vegna or\u00f0sins bregst hann \u00feegar. <a name=\"22\"><span class=\"versanumer_2007\">22<\/span><\/a> \u00dea\u00f0 er s\u00e1\u00f0 var me\u00f0al \u00feyrna merkir \u00feann sem heyrir or\u00f0i\u00f0 en \u00e1hyggjur heimsins og t\u00e1l au\u00f0\u00e6fanna kefja or\u00f0i\u00f0 svo \u00fea\u00f0 ber engan \u00e1v\u00f6xt. <a name=\"23\"><span class=\"versanumer_2007\">23<\/span><\/a> En \u00fea\u00f0 er s\u00e1\u00f0 var \u00ed g\u00f3\u00f0a j\u00f6r\u00f0 merkir \u00feann sem heyrir or\u00f0i\u00f0 og skilur \u00fea\u00f0. Hann er s\u00e1 sem ber \u00e1v\u00f6xt og gefur af s\u00e9r hundra\u00f0falt, sextugfalt e\u00f0a \u00fer\u00edtugfalt.\u201c <\/p>\n<h3 class=\"millifyrirsogn_2007\">Illgresi s\u00e1\u00f0<\/h3>\n<p><a name=\"24\"><span class=\"versanumer_2007\">24<\/span><\/a> A\u00f0ra d\u00e6mis\u00f6gu sag\u00f0i Jes\u00fas \u00feeim: \u201eL\u00edkt er um himnar\u00edki og mann er s\u00e1\u00f0i g\u00f3\u00f0u s\u00e6\u00f0i \u00ed akur sinn. <a name=\"25\"><span class=\"versanumer_2007\">25<\/span><\/a> En er menn voru \u00ed svefni kom \u00f3vinur hans, s\u00e1\u00f0i illgresi me\u00f0al hveitisins og f\u00f3r s\u00ed\u00f0an. <a name=\"26\"><span class=\"versanumer_2007\">26<\/span><\/a> \u00deegar s\u00e6\u00f0i\u00f0 spratt upp og t\u00f3k a\u00f0 bera \u00e1v\u00f6xt kom illgresi\u00f0 og \u00ed lj\u00f3s. <a name=\"27\"><span class=\"versanumer_2007\">27<\/span><\/a> \u00de\u00e1 komu \u00fej\u00f3nar h\u00fasb\u00f3ndans til hans og s\u00f6g\u00f0u vi\u00f0 hann: Herra, s\u00e1\u00f0ir \u00fe\u00fa ekki g\u00f3\u00f0u s\u00e6\u00f0i \u00ed akur \u00feinn? Hva\u00f0an kemur illgresi\u00f0? <a name=\"28\"><span class=\"versanumer_2007\">28<\/span><\/a> Hann svara\u00f0i \u00feeim: \u00deetta hefur einhver \u00f3vinur gert. \u00dej\u00f3narnir s\u00f6g\u00f0u vi\u00f0 hann: Viltu a\u00f0 vi\u00f0 f\u00f6rum og reytum \u00fea\u00f0? <a name=\"29\"><span class=\"versanumer_2007\">29<\/span><\/a> Hann sag\u00f0i: Nei, me\u00f0 \u00fev\u00ed a\u00f0 t\u00edna illgresi\u00f0 g\u00e6tu\u00f0 \u00fei\u00f0 sliti\u00f0 upp hveiti\u00f0 um lei\u00f0. <a name=\"30\"><span class=\"versanumer_2007\">30<\/span><\/a> L\u00e1ti\u00f0 hvort tveggja vaxa saman fram a\u00f0 kornskur\u00f0i. \u00deegar komin er kornskur\u00f0art\u00ed\u00f0 mun \u00e9g segja vi\u00f0 kornskur\u00f0armenn: Safni\u00f0 fyrst illgresinu og bindi\u00f0 \u00ed bundin til a\u00f0 brenna \u00fev\u00ed en hir\u00f0i\u00f0 hveiti\u00f0 \u00ed hl\u00f6\u00f0u m\u00edna.\u201c <\/p>\n<h3 class=\"millifyrirsogn_2007\">L\u00edkt mustar\u00f0skorni<\/h3>\n<p><a name=\"31\"><span class=\"versanumer_2007\">31<\/span><\/a> A\u00f0ra d\u00e6mis\u00f6gu sag\u00f0i Jes\u00fas \u00feeim: \u201eL\u00edkt er himnar\u00edki mustar\u00f0skorni sem ma\u00f0ur t\u00f3k og s\u00e1\u00f0i \u00ed akur sinn. <a name=\"32\"><span class=\"versanumer_2007\">32<\/span><\/a> Sm\u00e6st er \u00fea\u00f0 allra s\u00e1\u00f0korna en n\u00e6r \u00fea\u00f0 vex er \u00fea\u00f0 \u00f6llum jurtum meira, \u00fea\u00f0 ver\u00f0ur tr\u00e9, og fuglar himins koma og hrei\u00f0ra sig \u00ed greinum \u00feess.\u201c <\/p>\n<h3 class=\"millifyrirsogn_2007\">L\u00edkt s\u00fardeigi<\/h3>\n<p><a name=\"33\"><span class=\"versanumer_2007\">33<\/span><\/a> A\u00f0ra d\u00e6mis\u00f6gu sag\u00f0i Jes\u00fas \u00feeim: \u201eL\u00edkt er himnar\u00edki s\u00fardeigi er kona t\u00f3k og f\u00f3l \u00ed \u00ferem m\u00e6lum mj\u00f6ls uns \u00fea\u00f0 s\u00fdr\u00f0ist allt.\u201c <br \/> <a name=\"34\"><span class=\"versanumer_2007\">34<\/span><\/a> \u00deetta allt tala\u00f0i Jes\u00fas \u00ed d\u00e6mis\u00f6gum til f\u00f3lksins og \u00e1n d\u00e6misagna tala\u00f0i hann ekki til \u00feess. <a name=\"35\"><span class=\"versanumer_2007\">35<\/span><\/a> \u00dea\u00f0 \u00e1tti a\u00f0 r\u00e6tast sem Gu\u00f0 l\u00e9t sp\u00e1manninn segja:<br \/> <span class=\"ljodatexti\"> \u00c9g mun tala \u00ed d\u00e6mis\u00f6gum <br \/>og bo\u00f0a \u00fea\u00f0 sem huli\u00f0 var fr\u00e1 sk\u00f6pun heims. <\/span> <\/p>\n<h3 class=\"millifyrirsogn_2007\">Jes\u00fas sk\u00fdrir<\/h3>\n<p><a name=\"36\"><span class=\"versanumer_2007\">36<\/span><\/a> \u00de\u00e1 skildi Jes\u00fas vi\u00f0 mannfj\u00f6ldann og f\u00f3r inn. L\u00e6risveinar hans komu til hans og s\u00f6g\u00f0u: \u201eSk\u00fdr\u00f0u fyrir okkur d\u00e6mis\u00f6guna um illgresi\u00f0 \u00e1 akrinum.\u201c <br \/> <a name=\"37\"><span class=\"versanumer_2007\">37<\/span><\/a> Hann m\u00e6lti: \u201eS\u00e1 er s\u00e1ir g\u00f3\u00f0a s\u00e6\u00f0inu er Mannssonurinn, <a name=\"38\"><span class=\"versanumer_2007\">38<\/span><\/a> akurinn er heimurinn, g\u00f3\u00f0a s\u00e6\u00f0i\u00f0 merkir b\u00f6rn r\u00edkisins en illgresi\u00f0 b\u00f6rn hins vonda. <a name=\"39\"><span class=\"versanumer_2007\">39<\/span><\/a> \u00d3vinurinn, sem s\u00e1\u00f0i \u00fev\u00ed, er dj\u00f6fullinn. Kornskur\u00f0urinn er endir veraldar og kornskur\u00f0armennirnir englar. <a name=\"40\"><span class=\"versanumer_2007\">40<\/span><\/a> Eins og illgresinu er safna\u00f0 og brennt \u00ed eldi, \u00feannig ver\u00f0ur vi\u00f0 endi veraldar. <a name=\"41\"><span class=\"versanumer_2007\">41<\/span><\/a> Mannssonurinn mun senda engla s\u00edna og \u00feeir munu nema brott \u00far r\u00edki hans allt sem lei\u00f0ir \u00ed villu og alla er illt fremja <a name=\"42\"><span class=\"versanumer_2007\">42<\/span><\/a> og kasta \u00feeim \u00ed eldsofninn. \u00dear ver\u00f0ur gr\u00e1tur og gn\u00edstran tanna. <a name=\"43\"><span class=\"versanumer_2007\">43<\/span><\/a> \u00de\u00e1 munu \u00feau sem hl\u00fdtt hafa Gu\u00f0i sk\u00edna sem s\u00f3l \u00ed r\u00edki f\u00f6\u00f0ur \u00feeirra. <br \/> Hver sem eyru hefur hann heyri.\u201c <\/p>\n<h3 class=\"millifyrirsogn_2007\">L\u00edkt fj\u00e1rsj\u00f3\u00f0i, perlu, neti<\/h3>\n<p><a name=\"44\"><span class=\"versanumer_2007\">44<\/span><\/a> Enn sag\u00f0i Jes\u00fas: \u201eL\u00edkt er himnar\u00edki fj\u00e1rsj\u00f3\u00f0i sem f\u00f3lginn var \u00ed j\u00f6r\u00f0u og ma\u00f0ur fann og leyndi. \u00cd f\u00f6gnu\u00f0i s\u00ednum f\u00f3r hann, seldi allar eigur s\u00ednar og keypti akur \u00feann. <br \/> <a name=\"45\"><span class=\"versanumer_2007\">45<\/span><\/a> Enn er himnar\u00edki l\u00edkt kaupmanni sem leita\u00f0i a\u00f0 f\u00f6grum perlum. <a name=\"46\"><span class=\"versanumer_2007\">46<\/span><\/a> Og er hann fann eina d\u00fdrm\u00e6ta perlu f\u00f3r hann, seldi allt sem hann \u00e1tti og keypti hana. <br \/> <a name=\"47\"><span class=\"versanumer_2007\">47<\/span><\/a> Enn er himnar\u00edki l\u00edkt neti sem lagt er \u00ed sj\u00f3 og safnar alls kyns fiski. <a name=\"48\"><span class=\"versanumer_2007\">48<\/span><\/a> \u00deegar \u00fea\u00f0 er fullt draga menn \u00fea\u00f0 \u00e1 land, setjast vi\u00f0 og safna \u00feeim g\u00f3\u00f0u \u00ed ker en kasta \u00feeim \u00f3\u00e6tu burt. <a name=\"49\"><span class=\"versanumer_2007\">49<\/span><\/a> Svo mun ver\u00f0a \u00feegar ver\u00f6ld endar: Englarnir munu koma, skilja vonda menn fr\u00e1 r\u00e9ttl\u00e1tum <a name=\"50\"><span class=\"versanumer_2007\">50<\/span><\/a> og kasta \u00feeim \u00ed eldsofninn. \u00dear ver\u00f0ur gr\u00e1tur og gn\u00edstran tanna. <br \/> <a name=\"51\"><span class=\"versanumer_2007\">51<\/span><\/a> Hafi\u00f0 \u00fei\u00f0 skili\u00f0 allt \u00feetta?\u201c <br \/>\u201eJ\u00e1,\u201c sv\u00f6ru\u00f0u l\u00e6risveinarnir. <br \/> <a name=\"52\"><span class=\"versanumer_2007\">52<\/span><\/a> Jes\u00fas sag\u00f0i vi\u00f0 \u00fe\u00e1: \u201e\u00deannig er s\u00e9rhver fr\u00e6\u00f0ima\u00f0ur sem or\u00f0inn er l\u00e6risveinn himnar\u00edkis l\u00edkur h\u00fasf\u00f6\u00f0ur sem ber fram n\u00fdtt og gamalt \u00far for\u00f0ab\u00fari s\u00ednu.\u201c <\/p>\n<h3 class=\"millifyrirsogn_2007\">\u00cd Nasaret<\/h3>\n<p><a name=\"53\"><span class=\"versanumer_2007\">53<\/span><\/a> \u00deegar Jes\u00fas haf\u00f0i loki\u00f0 \u00feessum d\u00e6mis\u00f6gum h\u00e9lt hann \u00fea\u00f0an. <a name=\"54\"><span class=\"versanumer_2007\">54<\/span><\/a> Hann kom \u00ed \u00e6ttborg s\u00edna og t\u00f3k a\u00f0 kenna \u00feeim \u00ed samkundu \u00feeirra. \u00deeir undru\u00f0ust st\u00f3rum og s\u00f6g\u00f0u: \u201eHva\u00f0an kemur honum \u00feessi speki og kraftaverkin? <a name=\"55\"><span class=\"versanumer_2007\">55<\/span><\/a> Er \u00feetta ekki sonur smi\u00f0sins? Heitir ekki m\u00f3\u00f0ir hans Mar\u00eda og br\u00e6\u00f0ur hans Jakob, J\u00f3sef, S\u00edmon og J\u00fadas? <a name=\"56\"><span class=\"versanumer_2007\">56<\/span><\/a> Og eru ekki systur hans allar hj\u00e1 okkur? Hva\u00f0an kemur honum \u00fe\u00e1 allt \u00feetta?\u201c <a name=\"57\"><span class=\"versanumer_2007\">57<\/span><\/a> Og \u00feeir h\u00f6fnu\u00f0u honum hneyksla\u00f0ir.<br \/>En Jes\u00fas sag\u00f0i vi\u00f0 \u00fe\u00e1: \u201eHvergi er sp\u00e1ma\u00f0ur minna metinn en \u00ed landi s\u00ednu og me\u00f0 heimam\u00f6nnum.\u201c <a name=\"58\"><span class=\"versanumer_2007\">58<\/span><\/a> Og hann ger\u00f0i \u00fear ekki m\u00f6rg kraftaverk s\u00f6kum vantr\u00faar \u00feeirra.<span class=\"nedan_mal\" title=\" \u00cd prent\u00fatg\u00e1fu Bibl\u00edunnar er 58. vers sagt vera n\u00famer 38.\">[<\/span><\/p>\n","protected":false},"excerpt":{"rendered":"<p>S\u00e1\u00f0ma\u00f0urinn gekk \u00fat a\u00f0 s\u00e1 1 Sama dag gekk Jes\u00fas a\u00f0 heiman og settist vi\u00f0 vatni\u00f0. 2 Svo mikill mannfj\u00f6ldi safna\u00f0ist a\u00f0 honum a\u00f0 hann var\u00f0 a\u00f0 st\u00edga \u00ed b\u00e1t og sitja \u00fear. En allt f\u00f3lki\u00f0 st\u00f3\u00f0 \u00e1 str\u00f6ndinni. 3 Jes\u00fas tala\u00f0i margt til \u00feess \u00ed d\u00e6mis\u00f6gum. Hann sag\u00f0i: \u201eS\u00e1\u00f0ma\u00f0ur gekk \u00fat a\u00f0 s\u00e1 4 og \u00fe\u00e1 er hann s\u00e1\u00f0i f\u00e9ll sumt hj\u00e1 g\u00f6tunni og fuglar komu og \u00e1tu \u00fea\u00f0 upp. 5 Sumt f\u00e9ll \u00ed gr\u00fdtta j\u00f6r\u00f0 \u00fear sem var l\u00edtill jar\u00f0vegur og \u00fea\u00f0 rann skj\u00f3tt upp \u00fev\u00ed \u00fea\u00f0 haf\u00f0i ekki dj\u00fapa j\u00f6r\u00f0. 6 \u00deegar s\u00f3l h\u00e6kka\u00f0i visna\u00f0i \u00fea\u00f0 og <a href=\"https:\/\/biblian.is\/biblian\/matteusargudspjall-13-kafli\/\"> [&#8230;]<\/a><\/p>\n","protected":false},"author":1,"featured_media":0,"parent":0,"menu_order":0,"comment_status":"open","ping_status":"open","template":"bibliukaflar_NT.php","meta":{"footnotes":""},"class_list":["post-2559","page","type-page","status-publish","hentry"],"_links":{"self":[{"href":"https:\/\/biblian.is\/biblian\/wp-json\/wp\/v2\/pages\/2559","targetHints":{"allow":["GET"]}}],"collection":[{"href":"https:\/\/biblian.is\/biblian\/wp-json\/wp\/v2\/pages"}],"about":[{"href":"https:\/\/biblian.is\/biblian\/wp-json\/wp\/v2\/types\/page"}],"author":[{"embeddable":true,"href":"https:\/\/biblian.is\/biblian\/wp-json\/wp\/v2\/users\/1"}],"replies":[{"embeddable":true,"href":"https:\/\/biblian.is\/biblian\/wp-json\/wp\/v2\/comments?post=2559"}],"version-history":[{"count":0,"href":"https:\/\/biblian.is\/biblian\/wp-json\/wp\/v2\/pages\/2559\/revisions"}],"wp:attachment":[{"href":"https:\/\/biblian.is\/biblian\/wp-json\/wp\/v2\/media?parent=2559"}],"curies":[{"name":"wp","href":"https:\/\/api.w.org\/{rel}","templated":true}]}}