{"id":2558,"date":"2017-12-30T21:03:44","date_gmt":"2017-12-30T21:03:44","guid":{"rendered":"http:\/\/biblian.is\/biblian\/matteusargu_spjall-12-kafli\/"},"modified":"2019-08-26T22:35:26","modified_gmt":"2019-08-26T22:35:26","slug":"matteusargudspjall-12-kafli","status":"publish","type":"page","link":"https:\/\/biblian.is\/biblian\/matteusargudspjall-12-kafli\/","title":{"rendered":"Matteusargu\u00f0spjall 12. kafli"},"content":{"rendered":"<h3 class=\"millifyrirsogn_2007\"> Drottinn hv\u00edldardagsins<\/h3>\n<p><a name=\"1\"><span class=\"versanumer_2007\">1<\/span><\/a> Um \u00feessar mundir f\u00f3r Jes\u00fas um s\u00e1\u00f0l\u00f6nd \u00e1 hv\u00edldardegi. L\u00e6risveinar hans kenndu hungurs og t\u00f3ku a\u00f0 t\u00edna korn\u00f6x og eta. <a name=\"2\"><span class=\"versanumer_2007\">2<\/span><\/a> \u00deegar far\u00edsear s\u00e1u \u00fea\u00f0 s\u00f6g\u00f0u \u00feeir vi\u00f0 hann: \u201eL\u00edt \u00e1, l\u00e6risveinar \u00fe\u00ednir gera \u00fea\u00f0 sem ekki er leyft a\u00f0 gera \u00e1 hv\u00edldardegi.\u201c <br \/> <a name=\"3\"><span class=\"versanumer_2007\">3<\/span><\/a> Jes\u00fas svara\u00f0i \u00feeim: \u201eHafi\u00f0 \u00fei\u00f0 ekki lesi\u00f0 hva\u00f0 Dav\u00ed\u00f0 ger\u00f0i \u00feegar hann hungra\u00f0i og menn hans? <a name=\"4\"><span class=\"versanumer_2007\">4<\/span><\/a> Hann f\u00f3r inn \u00ed Gu\u00f0s h\u00fas og \u00feeir \u00e1tu sko\u00f0unarbrau\u00f0in sem hvorki hann n\u00e9 menn hans og engir nema prestarnir m\u00e1ttu eta. <a name=\"5\"><span class=\"versanumer_2007\">5<\/span><\/a> E\u00f0a hafi\u00f0 \u00fei\u00f0 ekki lesi\u00f0 \u00ed l\u00f6gm\u00e1linu a\u00f0 prestar vanhelga hv\u00edldardaginn \u00ed musterinu \u00e1 hv\u00edldard\u00f6gum og eru \u00fe\u00f3 \u00e1n saka? <a name=\"6\"><span class=\"versanumer_2007\">6<\/span><\/a> En \u00e9g segi ykkur: H\u00e9r er meira en musteri\u00f0. <a name=\"7\"><span class=\"versanumer_2007\">7<\/span><\/a> Ef \u00fei\u00f0 hef\u00f0u\u00f0 skili\u00f0 hva\u00f0 felst \u00ed or\u00f0unum: Miskunnsemi vil \u00e9g, ekki f\u00f3rnir, mundu\u00f0 \u00fei\u00f0 ekki hafa sakfellt saklausa menn. <a name=\"8\"><span class=\"versanumer_2007\">8<\/span><\/a> \u00dev\u00ed a\u00f0 Mannssonurinn er Drottinn hv\u00edldardagsins.\u201c <\/p>\n<h3 class=\"millifyrirsogn_2007\">Me\u00f0 visna h\u00f6nd<\/h3>\n<p><a name=\"9\"><span class=\"versanumer_2007\">9<\/span><\/a> Jes\u00fas f\u00f3r \u00fea\u00f0an og kom \u00ed samkundu \u00feeirra. <a name=\"10\"><span class=\"versanumer_2007\">10<\/span><\/a> \u00dear var ma\u00f0ur me\u00f0 visna h\u00f6nd. Og \u00feeir spur\u00f0u Jes\u00fa: \u201eEr leyfilegt a\u00f0 l\u00e6kna \u00e1 hv\u00edldardegi?\u201c \u00deeir hug\u00f0ust k\u00e6ra hann. <br \/> <a name=\"11\"><span class=\"versanumer_2007\">11<\/span><\/a> Hann svarar \u00feeim: \u201eN\u00fa \u00e1 einhver ykkar eina sau\u00f0kind og h\u00fan fellur \u00ed gryfju \u00e1 hv\u00edldardegi. Mundi hann ekki taka hana og draga upp \u00far? <a name=\"12\"><span class=\"versanumer_2007\">12<\/span><\/a> Hve miklu er \u00fe\u00f3 ma\u00f0urinn sau\u00f0kindinni fremri! \u00dea\u00f0 er \u00fev\u00ed leyfilegt a\u00f0 gera g\u00f3\u00f0verk \u00e1 hv\u00edldardegi.\u201c <a name=\"13\"><span class=\"versanumer_2007\">13<\/span><\/a> S\u00ed\u00f0an segir hann vi\u00f0 manninn: \u201eR\u00e9ttu fram h\u00f6nd \u00fe\u00edna.\u201c <br \/>Hann r\u00e9tti fram h\u00f6ndina og h\u00fan var\u00f0 heil sem hin. <a name=\"14\"><span class=\"versanumer_2007\">14<\/span><\/a> \u00de\u00e1 gengu far\u00edsearnir \u00fat og t\u00f3ku saman r\u00e1\u00f0 s\u00edn gegn honum hvernig \u00feeir g\u00e6tu n\u00e1\u00f0 l\u00edfi hans. <\/p>\n<h3 class=\"millifyrirsogn_2007\">Sj\u00e1 \u00fej\u00f3n minn<\/h3>\n<p><a name=\"15\"><span class=\"versanumer_2007\">15<\/span><\/a> \u00deegar Jes\u00fas var\u00f0 \u00feess v\u00eds f\u00f3r hann \u00fea\u00f0an. Margir fylgdu honum og alla l\u00e6kna\u00f0i hann. <a name=\"16\"><span class=\"versanumer_2007\">16<\/span><\/a> En hann lag\u00f0i r\u00edkt \u00e1 vi\u00f0 \u00fe\u00e1 a\u00f0 \u00feeir ger\u00f0u hann eigi kunnan. <a name=\"17\"><span class=\"versanumer_2007\">17<\/span><\/a> \u00deannig \u00e1tti \u00fea\u00f0 a\u00f0 r\u00e6tast sem Jesaja sp\u00e1ma\u00f0ur sag\u00f0i fyrir um: <br \/> <span class=\"ljodatexti\"> <a name=\"18\"><span class=\"versanumer_ljod\">18<\/span><\/a>Sj\u00e1 \u00fej\u00f3n minn sem \u00e9g hef \u00fatvali\u00f0, <br \/>minn elska\u00f0a sem \u00e9g hef vel\u00fe\u00f3knun \u00e1. <br \/>\u00c9g mun l\u00e1ta anda minn koma yfir hann <br \/>og hann mun bo\u00f0a \u00fej\u00f3\u00f0unum r\u00e9tt. <br \/> <\/span> <span class=\"ljodatexti\"> <a name=\"19\"><span class=\"versanumer_ljod\">19<\/span><\/a>Hvorki mun hann \u00fer\u00e1tta n\u00e9 hr\u00f3pa <br \/>og l\u00e6tur ekki heyra r\u00f6dd s\u00edna \u00e1 str\u00e6tum. <br \/> <\/span> <span class=\"ljodatexti\"> <a name=\"20\"><span class=\"versanumer_ljod\">20<\/span><\/a>Br\u00e1ka\u00f0an reyr br\u00fdtur hann ekki <br \/>og dapra\u00f0an h\u00f6rkveik slekkur hann ekki, <br \/>uns hann hefur leitt r\u00e9ttinn til sigurs. <br \/> <\/span> <span class=\"ljodatexti\"> <a name=\"21\"><span class=\"versanumer_ljod\">21<\/span><\/a>\u00c1 nafn hans munu \u00fej\u00f3\u00f0irnar vona. <\/span> <\/p>\n<h3 class=\"millifyrirsogn_2007\">Gu\u00f0s r\u00edki komi\u00f0<\/h3>\n<p><a name=\"22\"><span class=\"versanumer_2007\">22<\/span><\/a> \u00de\u00e1 var ma\u00f0ur f\u00e6r\u00f0ur til Jes\u00fa haldinn illum anda, blindur og m\u00e1llaus. Hann l\u00e6kna\u00f0i hann svo a\u00f0 hinn m\u00e1llausi gat tala\u00f0 og s\u00e9\u00f0. <a name=\"23\"><span class=\"versanumer_2007\">23<\/span><\/a> Allt f\u00f3lki\u00f0 var\u00f0 fur\u00f0u losti\u00f0 og sag\u00f0i: \u201eHann er \u00fe\u00f3 ekki sonur Dav\u00ed\u00f0s?\u201c <br \/> <a name=\"24\"><span class=\"versanumer_2007\">24<\/span><\/a> \u00deegar far\u00edsear heyr\u00f0u \u00fea\u00f0 s\u00f6g\u00f0u \u00feeir: \u201e\u00deessi ma\u00f0ur rekur ekki \u00fat illa anda nema me\u00f0 fulltingi Beelseb\u00fals, h\u00f6f\u00f0ingja illra anda.\u201c <br \/> <a name=\"25\"><span class=\"versanumer_2007\">25<\/span><\/a> En Jes\u00fas vissi hugsanir \u00feeirra og sag\u00f0i vi\u00f0 \u00fe\u00e1: \u201eHvert \u00fea\u00f0 r\u00edki sem er sj\u00e1lfu s\u00e9r sundur\u00feykkt leggst \u00ed au\u00f0n og hver s\u00fa borg e\u00f0a heimili sem er sj\u00e1lfu s\u00e9r sundur\u00feykkt f\u00e6r ekki sta\u00f0ist. <a name=\"26\"><span class=\"versanumer_2007\">26<\/span><\/a> Ef Satan rekur Satan \u00fat er hann sj\u00e1lfum s\u00e9r sundur\u00feykkur. Hvernig f\u00e6r r\u00edki hans \u00fe\u00e1 sta\u00f0ist? <a name=\"27\"><span class=\"versanumer_2007\">27<\/span><\/a> Og ef \u00e9g rek illu andana \u00fat me\u00f0 fulltingi Beelseb\u00fals, me\u00f0 hverju reka \u00fe\u00e1 y\u00f0ar menn \u00fe\u00e1 \u00fat? \u00dev\u00ed skulu \u00feeir vera d\u00f3marar y\u00f0ar. <a name=\"28\"><span class=\"versanumer_2007\">28<\/span><\/a> En ef \u00e9g rek illu andana \u00fat me\u00f0 Gu\u00f0s anda, \u00fe\u00e1 er Gu\u00f0s r\u00edki \u00feegar yfir y\u00f0ur komi\u00f0. <br \/> <a name=\"29\"><span class=\"versanumer_2007\">29<\/span><\/a> E\u00f0a hvernig f\u00e6r nokkur brotist inn \u00ed h\u00fas hins sterka og r\u00e6nt eigum hans nema hann bindi \u00e1\u00f0ur hinn sterka, \u00fe\u00e1 getur hann r\u00e6nt h\u00fas hans. <br \/> <a name=\"30\"><span class=\"versanumer_2007\">30<\/span><\/a> Hver sem er ekki me\u00f0 m\u00e9r er \u00e1 m\u00f3ti m\u00e9r og hver sem safnar ekki saman me\u00f0 m\u00e9r, hann sundurdreifir. <a name=\"31\"><span class=\"versanumer_2007\">31<\/span><\/a> \u00deess vegna segi \u00e9g y\u00f0ur: Hver synd og gu\u00f0l\u00f6stun ver\u00f0ur m\u00f6nnum fyrirgefin en gu\u00f0last gegn andanum ver\u00f0ur ekki fyrirgefi\u00f0. <a name=\"32\"><span class=\"versanumer_2007\">32<\/span><\/a> Hverjum sem m\u00e6lir gegn Mannssyninum ver\u00f0ur \u00fea\u00f0 fyrirgefi\u00f0 en \u00feeim sem m\u00e6lir gegn heil\u00f6gum anda ver\u00f0ur ekki fyrirgefi\u00f0, hvorki \u00ed \u00feessum heimi n\u00e9 \u00ed hinum komanda. <\/p>\n<h3 class=\"millifyrirsogn_2007\">Af \u00e1vextinum \u00feekkist tr\u00e9\u00f0<\/h3>\n<p><a name=\"33\"><span class=\"versanumer_2007\">33<\/span><\/a> Anna\u00f0hvort er tr\u00e9\u00f0 gott og \u00e1v\u00f6xturinn g\u00f3\u00f0ur e\u00f0a tr\u00e9\u00f0 vont og \u00e1v\u00f6xturinn vondur. \u00dev\u00ed af \u00e1vextinum \u00feekkist tr\u00e9\u00f0. <a name=\"34\"><span class=\"versanumer_2007\">34<\/span><\/a> \u00de\u00e9r n\u00f6\u00f0rukyn, hvernig geti\u00f0 \u00fe\u00e9r, sem eru\u00f0 vond, tala\u00f0 gott? Af gn\u00e6g\u00f0 hjartans m\u00e6lir munnurinn. <a name=\"35\"><span class=\"versanumer_2007\">35<\/span><\/a> G\u00f3\u00f0ur ma\u00f0ur ber gott fram \u00far g\u00f3\u00f0um sj\u00f3\u00f0i en vondur ma\u00f0ur ber vont fram \u00far vondum sj\u00f3\u00f0i. <br \/> <a name=\"36\"><span class=\"versanumer_2007\">36<\/span><\/a> En \u00e9g segi y\u00f0ur: \u00c1 d\u00f3msdegi munu menn ver\u00f0a a\u00f0 svara fyrir hvert \u00f3nytjuor\u00f0 sem \u00feeir m\u00e6la. <a name=\"37\"><span class=\"versanumer_2007\">37<\/span><\/a> \u00dev\u00ed af or\u00f0um \u00fe\u00ednum muntu s\u00fdkna\u00f0ur og af or\u00f0um \u00fe\u00ednum muntu sakfelldur ver\u00f0a.\u201c <\/p>\n<h3 class=\"millifyrirsogn_2007\">T\u00e1kn<\/h3>\n<p><a name=\"38\"><span class=\"versanumer_2007\">38<\/span><\/a> \u00de\u00e1 s\u00f6g\u00f0u nokkrir fr\u00e6\u00f0imenn og far\u00edsear vi\u00f0 Jes\u00fa: \u201eMeistari, vi\u00f0 viljum sj\u00e1 \u00feig gera t\u00e1kn.\u201c <br \/> <a name=\"39\"><span class=\"versanumer_2007\">39<\/span><\/a> Jes\u00fas svara\u00f0i \u00feeim: \u201eVond og \u00f3tr\u00fa kynsl\u00f3\u00f0 heimtar t\u00e1kn en eigi ver\u00f0ur henni anna\u00f0 t\u00e1kn gefi\u00f0 en t\u00e1kn J\u00f3nasar sp\u00e1manns. <a name=\"40\"><span class=\"versanumer_2007\">40<\/span><\/a> J\u00f3nas var \u00ed kvi\u00f0i st\u00f3rhvelisins \u00ferj\u00e1 daga og \u00ferj\u00e1r n\u00e6tur og eins mun Mannssonurinn vera \u00ferj\u00e1 daga og \u00ferj\u00e1r n\u00e6tur \u00ed skauti jar\u00f0ar. <a name=\"41\"><span class=\"versanumer_2007\">41<\/span><\/a> N\u00edn\u00edvemenn munu koma fram \u00ed d\u00f3minum \u00e1samt kynsl\u00f3\u00f0 \u00feessari og sakfella hana \u00fev\u00ed a\u00f0 \u00feeir t\u00f3ku sinnaskiptum vi\u00f0 pr\u00e9dikun J\u00f3nasar og h\u00e9r er meira en J\u00f3nas. <a name=\"42\"><span class=\"versanumer_2007\">42<\/span><\/a> Drottning Su\u00f0urlanda mun r\u00edsa upp \u00ed d\u00f3minum \u00e1samt \u00feessari kynsl\u00f3\u00f0 og sakfella hana \u00fev\u00ed a\u00f0 h\u00fan kom fr\u00e1 endim\u00f6rkum jar\u00f0ar a\u00f0 heyra speki Sal\u00f3mons og h\u00e9r er meira en Sal\u00f3mon.\u201c <\/p>\n<h3 class=\"millifyrirsogn_2007\">Verra hlutskipti<\/h3>\n<p><a name=\"43\"><span class=\"versanumer_2007\">43<\/span><\/a> Enn sag\u00f0i Jes\u00fas: \u201e\u00deegar \u00f3hreinn andi fer \u00fat af manni reikar hann um ey\u00f0ihrj\u00f3stur og leitar h\u00e6lis en finnur ekki. <a name=\"44\"><span class=\"versanumer_2007\">44<\/span><\/a> \u00de\u00e1 segir hann: \u00c9g vil hverfa aftur \u00ed h\u00fas mitt \u00fea\u00f0an sem \u00e9g f\u00f3r. Og er hann kemur og finnur \u00fea\u00f0 t\u00f3mt, s\u00f3pa\u00f0 og pr\u00fdtt <a name=\"45\"><span class=\"versanumer_2007\">45<\/span><\/a> fer hann og tekur me\u00f0 s\u00e9r sj\u00f6 a\u00f0ra anda s\u00e9r verri og \u00feeir fara inn og setjast \u00fear a\u00f0 og ver\u00f0ur svo hlutskipti \u00feess manns verra eftir en \u00e1\u00f0ur. Eins mun fara fyrir \u00feessari vondu kynsl\u00f3\u00f0.\u201c <\/p>\n<h3 class=\"millifyrirsogn_2007\">M\u00f3\u00f0ir og br\u00e6\u00f0ur<\/h3>\n<p><a name=\"46\"><span class=\"versanumer_2007\">46<\/span><\/a> Me\u00f0an Jes\u00fas var enn a\u00f0 tala vi\u00f0 f\u00f3lki\u00f0 komu m\u00f3\u00f0ir hans og br\u00e6\u00f0ur. \u00deau st\u00f3\u00f0u \u00fati og vildu tala vi\u00f0 hann. <a name=\"47\"><span class=\"versanumer_2007\">47<\/span><\/a> Einhver sag\u00f0i vi\u00f0 hann: \u201eM\u00f3\u00f0ir \u00fe\u00edn og br\u00e6\u00f0ur standa h\u00e9r \u00fati og vilja tala vi\u00f0 \u00feig.\u201c<span class=\"nedan_mal\" title=\" 47. vers vantar \u00ed sum handrit.\">[<\/span> <br \/> <a name=\"48\"><span class=\"versanumer_2007\">48<\/span><\/a> Jes\u00fas svara\u00f0i \u00feeim er vi\u00f0 hann m\u00e6lti: \u201eHver er m\u00f3\u00f0ir m\u00edn og hverjir eru br\u00e6\u00f0ur m\u00ednir?\u201c <a name=\"49\"><span class=\"versanumer_2007\">49<\/span><\/a> Og hann r\u00e9tti \u00fat h\u00f6ndina yfir l\u00e6risveina s\u00edna og sag\u00f0i: \u201eH\u00e9r er m\u00f3\u00f0ir m\u00edn og br\u00e6\u00f0ur m\u00ednir. <a name=\"50\"><span class=\"versanumer_2007\">50<\/span><\/a> Hver sem gerir vilja f\u00f6\u00f0ur m\u00edns sem er \u00e1 himnum, s\u00e1 er br\u00f3\u00f0ir minn, systir og m\u00f3\u00f0ir.\u201c <\/p>\n","protected":false},"excerpt":{"rendered":"<p>Drottinn hv\u00edldardagsins 1 Um \u00feessar mundir f\u00f3r Jes\u00fas um s\u00e1\u00f0l\u00f6nd \u00e1 hv\u00edldardegi. L\u00e6risveinar hans kenndu hungurs og t\u00f3ku a\u00f0 t\u00edna korn\u00f6x og eta. 2 \u00deegar far\u00edsear s\u00e1u \u00fea\u00f0 s\u00f6g\u00f0u \u00feeir vi\u00f0 hann: \u201eL\u00edt \u00e1, l\u00e6risveinar \u00fe\u00ednir gera \u00fea\u00f0 sem ekki er leyft a\u00f0 gera \u00e1 hv\u00edldardegi.\u201c 3 Jes\u00fas svara\u00f0i \u00feeim: \u201eHafi\u00f0 \u00fei\u00f0 ekki lesi\u00f0 hva\u00f0 Dav\u00ed\u00f0 ger\u00f0i \u00feegar hann hungra\u00f0i og menn hans? 4 Hann f\u00f3r inn \u00ed Gu\u00f0s h\u00fas og \u00feeir \u00e1tu sko\u00f0unarbrau\u00f0in sem hvorki hann n\u00e9 menn hans og engir nema prestarnir m\u00e1ttu eta. 5 E\u00f0a hafi\u00f0 \u00fei\u00f0 ekki lesi\u00f0 \u00ed l\u00f6gm\u00e1linu a\u00f0 prestar vanhelga hv\u00edldardaginn \u00ed musterinu <a href=\"https:\/\/biblian.is\/biblian\/matteusargudspjall-12-kafli\/\"> [&#8230;]<\/a><\/p>\n","protected":false},"author":1,"featured_media":0,"parent":0,"menu_order":0,"comment_status":"open","ping_status":"open","template":"bibliukaflar_NT.php","meta":{"footnotes":""},"class_list":["post-2558","page","type-page","status-publish","hentry"],"_links":{"self":[{"href":"https:\/\/biblian.is\/biblian\/wp-json\/wp\/v2\/pages\/2558","targetHints":{"allow":["GET"]}}],"collection":[{"href":"https:\/\/biblian.is\/biblian\/wp-json\/wp\/v2\/pages"}],"about":[{"href":"https:\/\/biblian.is\/biblian\/wp-json\/wp\/v2\/types\/page"}],"author":[{"embeddable":true,"href":"https:\/\/biblian.is\/biblian\/wp-json\/wp\/v2\/users\/1"}],"replies":[{"embeddable":true,"href":"https:\/\/biblian.is\/biblian\/wp-json\/wp\/v2\/comments?post=2558"}],"version-history":[{"count":0,"href":"https:\/\/biblian.is\/biblian\/wp-json\/wp\/v2\/pages\/2558\/revisions"}],"wp:attachment":[{"href":"https:\/\/biblian.is\/biblian\/wp-json\/wp\/v2\/media?parent=2558"}],"curies":[{"name":"wp","href":"https:\/\/api.w.org\/{rel}","templated":true}]}}