{"id":2557,"date":"2017-12-30T21:03:39","date_gmt":"2017-12-30T21:03:39","guid":{"rendered":"http:\/\/biblian.is\/biblian\/matteusargu_spjall-11-kafli\/"},"modified":"2019-08-26T22:35:26","modified_gmt":"2019-08-26T22:35:26","slug":"matteusargudspjall-11-kafli","status":"publish","type":"page","link":"https:\/\/biblian.is\/biblian\/matteusargudspjall-11-kafli\/","title":{"rendered":"Matteusargu\u00f0spjall 11. kafli"},"content":{"rendered":"<h3 class=\"millifyrirsogn_2007\"> S\u00e1 sem koma skal<\/h3>\n<p><a name=\"1\"><span class=\"versanumer_2007\">1<\/span><\/a> \u00de\u00e1 er Jes\u00fas haf\u00f0i m\u00e6lt svo fyrir vi\u00f0 l\u00e6risveina s\u00edna t\u00f3lf h\u00e9lt hann \u00fea\u00f0an a\u00f0 kenna og pr\u00e9dika \u00ed borgum \u00feeirra. <br \/> <a name=\"2\"><span class=\"versanumer_2007\">2<\/span><\/a> J\u00f3hannes heyr\u00f0i \u00ed fangelsinu um verk Krists. \u00de\u00e1 sendi hann honum or\u00f0 me\u00f0 l\u00e6risveinum s\u00ednum og spur\u00f0i: <a name=\"3\"><span class=\"versanumer_2007\">3<\/span><\/a> \u201eErt \u00fe\u00fa s\u00e1 sem koma skal e\u00f0a eigum vi\u00f0 a\u00f0 v\u00e6nta annars?\u201c <br \/> <a name=\"4\"><span class=\"versanumer_2007\">4<\/span><\/a> Jes\u00fas svara\u00f0i \u00feeim: \u201eFari\u00f0 og kunngj\u00f6ri\u00f0 J\u00f3hannesi \u00fea\u00f0 sem \u00fei\u00f0 heyri\u00f0 og sj\u00e1i\u00f0: <a name=\"5\"><span class=\"versanumer_2007\">5<\/span><\/a> Blindir f\u00e1 s\u00fdn og haltir ganga, l\u00edk\u00fer\u00e1ir hreinsast<span class=\"nedan_mal\" title=\" Sj\u00e1 Matt 8.2.\">[<\/span> og daufir heyra, dau\u00f0ir r\u00edsa upp og f\u00e1t\u00e6kum er flutt fagna\u00f0arerindi. <a name=\"6\"><span class=\"versanumer_2007\">6<\/span><\/a> Og s\u00e6ll er s\u00e1 sem ekki hneykslast \u00e1 m\u00e9r.\u201c <\/p>\n<h3 class=\"millifyrirsogn_2007\">Meira en sp\u00e1ma\u00f0ur<\/h3>\n<p><a name=\"7\"><span class=\"versanumer_2007\">7<\/span><\/a> \u00deegar \u00feeir voru farnir t\u00f3k Jes\u00fas a\u00f0 tala til mannfj\u00f6ldans um J\u00f3hannes: \u201eHva\u00f0 f\u00f3ru\u00f0 \u00fe\u00e9r a\u00f0 sj\u00e1 \u00ed \u00f3bygg\u00f0um? Reyr af vindi skekinn? <a name=\"8\"><span class=\"versanumer_2007\">8<\/span><\/a> Hva\u00f0 f\u00f3ru\u00f0 \u00fe\u00e9r a\u00f0 sj\u00e1? Pr\u00fa\u00f0b\u00fainn mann? Nei, pr\u00fa\u00f0b\u00fana menn er a\u00f0 finna \u00ed s\u00f6lum konunga. <a name=\"9\"><span class=\"versanumer_2007\">9<\/span><\/a> Til hvers f\u00f3ru\u00f0 \u00fe\u00e9r? A\u00f0 sj\u00e1 sp\u00e1mann? J\u00e1, segi \u00e9g y\u00f0ur, og \u00fea\u00f0 meira en sp\u00e1mann. <a name=\"10\"><span class=\"versanumer_2007\">10<\/span><\/a> Hann er s\u00e1 sem um er rita\u00f0: <br \/> <span class=\"ljodatexti\"> \u00c9g sendi sendibo\u00f0a minn \u00e1 undan \u00fe\u00e9r, <br \/>hann \u00e1 a\u00f0 grei\u00f0a \u00fe\u00e9r veg. <\/span> <br \/> <a name=\"11\"><span class=\"versanumer_2007\">11<\/span><\/a> Sannlega segi \u00e9g y\u00f0ur: Enginn er s\u00e1 af konu f\u00e6ddur sem meiri s\u00e9 en J\u00f3hannes sk\u00edrari. En hinn minnsti \u00ed himnar\u00edki er honum meiri. <a name=\"12\"><span class=\"versanumer_2007\">12<\/span><\/a> Fr\u00e1 d\u00f6gum J\u00f3hannesar sk\u00edrara og til \u00feessa er r\u00edki himnanna valdi beitt og \u00e1r\u00e1sarmenn reyna a\u00f0 hremma \u00fea\u00f0. <a name=\"13\"><span class=\"versanumer_2007\">13<\/span><\/a> Sp\u00e1mennirnir allir og l\u00f6gm\u00e1li\u00f0, allt fram a\u00f0 J\u00f3hannesi, s\u00f6g\u00f0u fyrir um \u00feetta. <a name=\"14\"><span class=\"versanumer_2007\">14<\/span><\/a> Og ef \u00fe\u00e9r vilji\u00f0 vi\u00f0 \u00fev\u00ed taka \u00fe\u00e1 er hann El\u00eda, s\u00e1 sem koma skyldi. <a name=\"15\"><span class=\"versanumer_2007\">15<\/span><\/a> Hver sem eyru hefur hann heyri. <br \/> <a name=\"16\"><span class=\"versanumer_2007\">16<\/span><\/a> Vi\u00f0 hva\u00f0 \u00e1 \u00e9g a\u00f0 l\u00edkja \u00feessari kynsl\u00f3\u00f0? L\u00edk er h\u00fan b\u00f6rnum sem \u00e1 torgum sitja og kallast \u00e1: <a name=\"17\"><span class=\"versanumer_2007\">17<\/span><\/a> V\u00e9r l\u00e9kum fyrir y\u00f0ur \u00e1 flautu og ekki vildu\u00f0 \u00fe\u00e9r dansa. V\u00e9r sungum y\u00f0ur sorgarlj\u00f3\u00f0 og ekki vildu\u00f0 \u00fe\u00e9r syrgja. <a name=\"18\"><span class=\"versanumer_2007\">18<\/span><\/a> J\u00f3hannes kom, \u00e1t hvorki n\u00e9 drakk, og menn segja: Hann hefur illan anda. <a name=\"19\"><span class=\"versanumer_2007\">19<\/span><\/a> Mannssonurinn kom, \u00e1t og drakk, og menn segja: Hann er math\u00e1kur og v\u00ednsvelgur, vinur tollheimtumanna og bersyndugra! En spekin sannast af verkum s\u00ednum.\u201c <\/p>\n<h3 class=\"millifyrirsogn_2007\">D\u00f3msor\u00f0<\/h3>\n<p><a name=\"20\"><span class=\"versanumer_2007\">20<\/span><\/a> \u00de\u00e1 t\u00f3k Jes\u00fas a\u00f0 \u00e1v\u00edta borgirnar, \u00fear sem hann haf\u00f0i gert flest kraftaverk s\u00edn, fyrir a\u00f0 hafa ekki teki\u00f0 sinnaskiptum. <a name=\"21\"><span class=\"versanumer_2007\">21<\/span><\/a> \u201eVei \u00fe\u00e9r, Koras\u00edn! Vei \u00fe\u00e9r, Betsa\u00edda! Ef gerst hef\u00f0u \u00ed T\u00fdrus og S\u00eddon kraftaverkin, sem ger\u00f0ust \u00ed ykkur, hef\u00f0u \u00fe\u00e6r l\u00f6ngu i\u00f0rast \u00ed sekk og \u00f6sku. <a name=\"22\"><span class=\"versanumer_2007\">22<\/span><\/a> En \u00e9g segi ykkur: T\u00fdrus og S\u00eddon mun b\u00e6rilegra \u00e1 d\u00f3msdegi en ykkur. <a name=\"23\"><span class=\"versanumer_2007\">23<\/span><\/a> Og \u00fe\u00fa, Kaperna\u00fam. Ver\u00f0ur \u00fe\u00fa hafin til himins? Nei, til heljar mun \u00fe\u00e9r steypt ver\u00f0a. Ef gerst hef\u00f0u \u00ed S\u00f3d\u00f3mu kraftaverkin, sem ger\u00f0ust \u00ed \u00fe\u00e9r, \u00fe\u00e1 st\u00e6\u00f0i h\u00fan enn \u00ed dag. <a name=\"24\"><span class=\"versanumer_2007\">24<\/span><\/a> En \u00e9g segi y\u00f0ur: Landi S\u00f3d\u00f3mu mun b\u00e6rilegra \u00e1 d\u00f3msdegi en \u00fe\u00e9r.\u201c <\/p>\n<h3 class=\"millifyrirsogn_2007\">Komi\u00f0 til m\u00edn<\/h3>\n<p><a name=\"25\"><span class=\"versanumer_2007\">25<\/span><\/a> \u00c1 \u00feeim t\u00edma t\u00f3k Jes\u00fas svo til or\u00f0a: \u201e\u00c9g vegsama \u00feig, fa\u00f0ir, Drottinn himins og jar\u00f0ar, a\u00f0 \u00fe\u00fa hefur huli\u00f0 \u00feetta spekingum og hyggindam\u00f6nnum en opinbera\u00f0 \u00fea\u00f0 sm\u00e6lingjum. <a name=\"26\"><span class=\"versanumer_2007\">26<\/span><\/a> J\u00e1, fa\u00f0ir, svo var \u00fe\u00e9r \u00fe\u00f3knanlegt. <br \/> <a name=\"27\"><span class=\"versanumer_2007\">27<\/span><\/a> Allt hefur fa\u00f0ir minn fali\u00f0 m\u00e9r og enginn \u00feekkir soninn nema fa\u00f0irinn, n\u00e9 \u00feekkir nokkur f\u00f6\u00f0urinn nema sonurinn og s\u00e1 er sonurinn vill opinbera hann. <br \/> <a name=\"28\"><span class=\"versanumer_2007\">28<\/span><\/a> Komi\u00f0 til m\u00edn, \u00f6ll \u00fe\u00e9r sem erfi\u00f0i\u00f0 og \u00feunga eru\u00f0 hla\u00f0in, og \u00e9g mun veita y\u00f0ur hv\u00edld. <a name=\"29\"><span class=\"versanumer_2007\">29<\/span><\/a> Taki\u00f0 \u00e1 y\u00f0ur mitt ok og l\u00e6ri\u00f0 af m\u00e9r \u00fev\u00ed a\u00f0 \u00e9g er h\u00f3gv\u00e6r og af hjarta l\u00edtill\u00e1tur og \u00fe\u00e1 munu\u00f0 \u00fe\u00e9r finna hv\u00edld s\u00e1lum y\u00f0ar. <a name=\"30\"><span class=\"versanumer_2007\">30<\/span><\/a> \u00dev\u00ed a\u00f0 mitt ok er lj\u00faft og byr\u00f0i m\u00edn l\u00e9tt.\u201c <\/p>\n","protected":false},"excerpt":{"rendered":"<p>S\u00e1 sem koma skal 1 \u00de\u00e1 er Jes\u00fas haf\u00f0i m\u00e6lt svo fyrir vi\u00f0 l\u00e6risveina s\u00edna t\u00f3lf h\u00e9lt hann \u00fea\u00f0an a\u00f0 kenna og pr\u00e9dika \u00ed borgum \u00feeirra. 2 J\u00f3hannes heyr\u00f0i \u00ed fangelsinu um verk Krists. \u00de\u00e1 sendi hann honum or\u00f0 me\u00f0 l\u00e6risveinum s\u00ednum og spur\u00f0i: 3 \u201eErt \u00fe\u00fa s\u00e1 sem koma skal e\u00f0a eigum vi\u00f0 a\u00f0 v\u00e6nta annars?\u201c 4 Jes\u00fas svara\u00f0i \u00feeim: \u201eFari\u00f0 og kunngj\u00f6ri\u00f0 J\u00f3hannesi \u00fea\u00f0 sem \u00fei\u00f0 heyri\u00f0 og sj\u00e1i\u00f0: 5 Blindir f\u00e1 s\u00fdn og haltir ganga, l\u00edk\u00fer\u00e1ir hreinsast[ og daufir heyra, dau\u00f0ir r\u00edsa upp og f\u00e1t\u00e6kum er flutt fagna\u00f0arerindi. 6 Og s\u00e6ll er s\u00e1 sem ekki hneykslast \u00e1 <a href=\"https:\/\/biblian.is\/biblian\/matteusargudspjall-11-kafli\/\"> [&#8230;]<\/a><\/p>\n","protected":false},"author":1,"featured_media":0,"parent":0,"menu_order":0,"comment_status":"open","ping_status":"open","template":"bibliukaflar_NT.php","meta":{"footnotes":""},"class_list":["post-2557","page","type-page","status-publish","hentry"],"_links":{"self":[{"href":"https:\/\/biblian.is\/biblian\/wp-json\/wp\/v2\/pages\/2557","targetHints":{"allow":["GET"]}}],"collection":[{"href":"https:\/\/biblian.is\/biblian\/wp-json\/wp\/v2\/pages"}],"about":[{"href":"https:\/\/biblian.is\/biblian\/wp-json\/wp\/v2\/types\/page"}],"author":[{"embeddable":true,"href":"https:\/\/biblian.is\/biblian\/wp-json\/wp\/v2\/users\/1"}],"replies":[{"embeddable":true,"href":"https:\/\/biblian.is\/biblian\/wp-json\/wp\/v2\/comments?post=2557"}],"version-history":[{"count":0,"href":"https:\/\/biblian.is\/biblian\/wp-json\/wp\/v2\/pages\/2557\/revisions"}],"wp:attachment":[{"href":"https:\/\/biblian.is\/biblian\/wp-json\/wp\/v2\/media?parent=2557"}],"curies":[{"name":"wp","href":"https:\/\/api.w.org\/{rel}","templated":true}]}}